{"id":16490,"date":"2025-01-21T05:28:55","date_gmt":"2025-01-21T05:28:55","guid":{"rendered":"https:\/\/www.hydraulic-cylinders.net\/product\/arm-cylinder-for-lovol-middle-excavator-fr260\/"},"modified":"2025-01-21T05:29:02","modified_gmt":"2025-01-21T05:29:02","slug":"arm-cylinder-for-lovol-middle-excavator-fr260","status":"publish","type":"product","link":"https:\/\/www.hydraulic-cylinders.net\/lv\/products\/arm-cylinder-for-lovol-middle-excavator-fr260\/","title":{"rendered":"Sviras cilindrs Lovol vid\u0113jam ekskavatoram FR260"},"content":{"rendered":"<h1>Sviras cilindrs Lovol vid\u0113jam ekskavatoram FR260<\/h1>\n<h2>Ievads<\/h2>\n<p>Lovol vid\u0113j\u0101 ekskavatora FR260 sviras cilindrs ir specializ\u0113ts hidrauliskais cilindrs, kas paredz\u0113ts, lai nodro\u0161in\u0101tu line\u0101ru kust\u012bbu un jaudu da\u017e\u0101du ma\u0161\u012bnu, piem\u0113ram, ekskavatoru, celt\u0146u un meh\u0101nisko sviru, svirai. Sviras cilindram ir iz\u0161\u0137iro\u0161a noz\u012bme hidrauliskaj\u0101s sist\u0113m\u0101s, nodro\u0161inot efekt\u012bvu papildu instrumentu vai stiprin\u0101jumu kust\u012bbu un kontroli. \u0160ie cilindri ne tikai nodro\u0161ina vienm\u0113r\u012bgu kust\u012bbu, bet ar\u012b iztur lielas slodzes, garant\u0113jot augstu darb\u012bbas efektivit\u0101ti un uzticam\u012bbu da\u017e\u0101dos darba apst\u0101k\u013cos.<\/p>\n<h3>Defin\u012bcija<\/h3>\n<p>Sviras cilindrs ir speci\u0101li izstr\u0101d\u0101ts hidrauliskais cilindrs, kas nodro\u0161ina line\u0101ru kust\u012bbu un jaudu da\u017e\u0101du ma\u0161\u012bnu, piem\u0113ram, ekskavatoru, celt\u0146u un meh\u0101nisko sviru, svirai. Tam ir galven\u0101 loma hidrauliskaj\u0101s sist\u0113m\u0101s, nodro\u0161inot efekt\u012bvu papildu instrumentu vai stiprin\u0101jumu p\u0101rvieto\u0161anu un kontroli.<\/p>\n<p><img decoding=\"async\" src=\"https:\/\/www.hydraulic-cylinders.net\/wp-content\/uploads\/2025\/01\/songte-company-2.webp\" alt=\"Sviras cilindra att\u0113ls\"><\/p>\n<h2>Funkcijas<\/h2>\n<ul>\n<li>Augstas efektivit\u0101tes transmisija: Sviras cilindrs nodro\u0161ina jaud\u012bgu line\u0101ru kust\u012bbu un sp\u0113ku, garant\u0113jot meh\u0101nisk\u0101s sviras augstu veiktsp\u0113ju un efektivit\u0101ti da\u017e\u0101d\u0101s darb\u012bb\u0101s.<\/li>\n<li>Prec\u012bza vad\u012bba: Izmantojot hidraulisko sist\u0113mu, rokas cilindrs nodro\u0161ina prec\u012bzu kust\u012bbas vad\u012bbu, padarot papildu instrumentu darb\u012bbu elast\u012bg\u0101ku un prec\u012bz\u0101ku.<\/li>\n<li>Iztur\u012bba: Sviru cilindri parasti ir izgatavoti no augstas iztur\u012bbas materi\u0101liem, kas nodro\u0161ina izcilu nodilumiztur\u012bbu un iztur\u012bbu pret koroziju, padarot tos piem\u0113rotus ilgsto\u0161ai lieto\u0161anai skarbos apst\u0101k\u013cos.<\/li>\n<li>Daudzfunkcion\u0101la piel\u0101go\u0161an\u0101s sp\u0113ja: \u0161os cilindrus var pla\u0161i izmantot da\u017e\u0101da veida ma\u0161\u012bn\u0101s, piem\u0113ram, ekskavatoros, celt\u0146os un meh\u0101niskaj\u0101s svir\u0101s, piel\u0101gojoties da\u017e\u0101d\u0101m darba pras\u012bb\u0101m.<\/li>\n<li>Vienk\u0101r\u0161a apkope: Projekt\u0113\u0161anas apsv\u0113rumi par vienk\u0101r\u0161u apkopi un nomai\u0146u padara regul\u0101ras p\u0101rbaudes un apkopi \u0113rt\u0101kas, samazinot iek\u0101rtu d\u012bkst\u0101ves laiku.<\/li>\n<\/ul>\n<p><img decoding=\"async\" src=\"https:\/\/www.hydraulic-cylinders.net\/wp-content\/uploads\/2025\/01\/songte-oil-pipes-and-spare-parts.webp\" alt=\"Sviras cilindra rezerves da\u013cas\"><\/p>\n<h2>Pieteikumi<\/h2>\n<p>Sviras cilindrs tiek pla\u0161i izmantots da\u017e\u0101d\u0101s nozar\u0113s un pielietojumos, tostarp:<\/p>\n<h3>B\u016bvniec\u012bbas in\u017eenierija<\/h3>\n<p>Ekskavatoros un celt\u0146os sviras cilindrs kontrol\u0113 kausu vai str\u0113les kust\u012bbu zemes p\u0101rvieto\u0161anas, materi\u0101lu apstr\u0101des un konstrukciju uzst\u0101d\u012b\u0161anas laik\u0101.<\/p>\n<h3>Ra\u017eo\u0161anas nozare<\/h3>\n<p>Automatiz\u0113t\u0101s ra\u017eo\u0161anas l\u012bnij\u0101s sviras cilindrs tiek izmantots meh\u0101nisko sviru kust\u012bbai t\u0101dos procesos k\u0101 mont\u0101\u017ea, metin\u0101\u0161ana un apstr\u0101de, uzlabojot ra\u017eo\u0161anas efektivit\u0101ti un precizit\u0101ti.<\/p>\n<h3>Lauksaimniec\u012bbas tehnika<\/h3>\n<p>Lauksaimniec\u012bbas ma\u0161\u012bn\u0101s, piem\u0113ram, kombainos un s\u0113jma\u0161\u012bn\u0101s, sviras cilindrs kontrol\u0113 darbin\u0101\u0161anas sviru kust\u012bbu, veicot t\u0101dus uzdevumus k\u0101 s\u0113\u0161ana, m\u0113slo\u0161ana un ra\u017eas nov\u0101k\u0161ana.<\/p>\n<h3>Kalnr\u016bpniec\u012bba<\/h3>\n<p>Kalnr\u016bpniec\u012bbas iek\u0101rt\u0101s rokas cilindrs kontrol\u0113 kalnr\u016bpniec\u012bbas iek\u0101rtu rokas kust\u012bbu, nodro\u0161inot r\u016bdu ieguvi un transport\u0113\u0161anu.<\/p>\n<h3>Lo\u0123istika un transports<\/h3>\n<p>Iekr\u0101v\u0113jos un apstr\u0101des robotos rokas cilindrs kontrol\u0113 dak\u0161u pacel\u0161anu un kust\u012bbu, \u013caujot transport\u0113t un sakrau\u0161anas proces\u0101 novietot materi\u0101lus.<\/p>\n<p><img decoding=\"async\" src=\"https:\/\/www.hydraulic-cylinders.net\/wp-content\/uploads\/2025\/01\/songte-chushion-collar.webp\" alt=\"Sviras cilindrs tiek izmantots\"><\/p>\n<h2>Dizaina apsv\u0113rumi un atlases krit\u0113riji<\/h2>\n<p>Run\u0101jot par sviras cilindra projekt\u0113\u0161anas apsv\u0113rumiem un izv\u0113les krit\u0113rijiem, j\u0101\u0146em v\u0113r\u0101 vair\u0101ki galvenie faktori:<\/p>\n<h3>Nestsp\u0113ja<\/h3>\n<p>Sviras cilindram j\u0101sp\u0113j iztur\u0113t paredzam\u0101s slodzes un sp\u0113kus darb\u012bbas laik\u0101, nodro\u0161inot dro\u0161u un efekt\u012bvu darb\u012bbu.<\/p>\n<h3>Bl\u012bv\u0113\u0161ana<\/h3>\n<p>Sviras cilindram j\u0101izmanto da\u017e\u0101di bl\u012bv\u0113\u0161anas komponenti, piem\u0113ram, virzu\u013ca bl\u012bvsl\u0113gi \u200b\u200bun stie\u0146a bl\u012bvsl\u0113gi, kas izgatavoti no nodilumiztur\u012bgiem materi\u0101liem, piem\u0113ram, poliuret\u0101na un nitrila gumijas. Cilindra korpuss un v\u012bt\u0146otie gali ir r\u016bp\u012bgi j\u0101apstr\u0101d\u0101, lai uzlabotu nodilumiztur\u012bbu. Lai nodro\u0161in\u0101tu pareizu darb\u012bbu, ir nepiecie\u0161ama regul\u0101ra e\u013c\u013co\u0161ana ar hidraulisko e\u013c\u013cu.<\/p>\n<p><img decoding=\"async\" src=\"https:\/\/www.hydraulic-cylinders.net\/wp-content\/uploads\/2025\/01\/songte-cylinder-head-with-all-kinds-excavator-models.webp\" alt=\"Sviras cilindra dizains\"><\/p>\n<h3>Iztur\u012bba<\/h3>\n<p>Sviras cilindram j\u0101b\u016bt iztur\u012bgam un notur\u012bgam pret nodilumu un koroziju, nodro\u0161inot ilgtermi\u0146a uzticam\u012bbu pat skarbos apst\u0101k\u013cos.<\/p>\n<h3>Dro\u0161\u012bba<\/h3>\n<p>Lai aizsarg\u0101tu gan iek\u0101rtas, gan operatorus, j\u0101\u0146em v\u0113r\u0101 dro\u0161\u012bbas uzlabo\u0161anas elementi, piem\u0113ram, spiediena samazin\u0101\u0161anas v\u0101rsti un av\u0101rijas aptur\u0113\u0161anas meh\u0101nismi.<\/p>\n<h3>Uzturam\u012bba<\/h3>\n<p>Sviras cilindra konstrukcijai j\u0101b\u016bt v\u0113rstai uz apkopes un nomai\u0146as vienk\u0101r\u0161\u012bbu, veicinot regul\u0101ras p\u0101rbaudes un samazinot d\u012bkst\u0101ves laiku.<\/p>\n<h2>Regul\u0101ra p\u0101rbaude un profilaktisk\u0101 apkope<\/h2>\n<p>Lai nodro\u0161in\u0101tu optim\u0101lu sviras cilindra veiktsp\u0113ju un ilgm\u016b\u017e\u012bbu, ieteicams veikt \u0161\u0101das regul\u0101ras p\u0101rbaudes un profilaktisk\u0101s apkopes pas\u0101kumus:<\/p>\n<p>\u2013 Regul\u0101ri p\u0101rbaudiet cilindru, vai nav nodiluma, nopl\u016b\u017eu vai boj\u0101jumu paz\u012bmju.<br \/>\n\u2013 P\u0101rbaudiet un, ja nepiecie\u0161ams, nomainiet bl\u012bv\u0113juma komponentus, piem\u0113ram, virzu\u013ca bl\u012bves un stie\u0146a bl\u012bves.<br \/>\n\u2013 Iee\u013c\u013cojiet cilindru ar atbilsto\u0161u hidraulisk\u0101s e\u013c\u013cas daudzumu.<br \/>\n\u2013 P\u0101rbaudiet un not\u012briet cilindra \u0101r\u0113j\u0101s virsmas, p\u0101rliecinoties, ka uz t\u0101m nav gru\u017eu un pies\u0101r\u0146ot\u0101ju.<br \/>\n\u2013 Periodiski p\u0101rbaudiet cilindra darb\u012bbu, nodro\u0161inot vienm\u0113r\u012bgu un prec\u012bzu kust\u012bbu.<br \/>\n\u2013 Iev\u0113rojiet ra\u017eot\u0101ja nor\u0101d\u012bjumus par apkopes interv\u0101liem un proced\u016br\u0101m.<\/p>\n<h2>Produkta uzst\u0101d\u012b\u0161anas rokasgr\u0101mata<\/h2>\n<p>Pareiza sviras cilindra uzst\u0101d\u012b\u0161ana ir \u013coti svar\u012bga t\u0101 veiktsp\u0113jai un ilgm\u016b\u017e\u012bbai. Lai veiksm\u012bgi uzst\u0101d\u012btu, iev\u0113rojiet \u0161\u012bs vadl\u012bnijas:<\/p>\n<p>\u2013 P\u0101rliecinieties, ka mont\u0101\u017eas virsma ir t\u012bra un bez gru\u017eiem.<br \/>\n\u2013 Pareizi novietojiet cilindru ar stiprin\u0101juma punktiem, nodro\u0161inot pareizu orient\u0101ciju.<br \/>\n\u2013 Izmantojiet atbilsto\u0161us stiprin\u0101jumus un pievelciet tos l\u012bdz ieteicamajiem griezes momenta parametriem.<br \/>\n\u2013 Dro\u0161i pievienojiet hidraulisk\u0101s l\u012bnijas, nodro\u0161inot pien\u0101c\u012bgu herm\u0113tiskumu.<br \/>\n\u2013 P\u0113c uzst\u0101d\u012b\u0161anas p\u0101rbaudiet cilindra kust\u012bbu, lai p\u0101rliecin\u0101tos par pareizu darb\u012bbu.<\/p>\n<p><img decoding=\"async\" src=\"https:\/\/www.hydraulic-cylinders.net\/wp-content\/uploads\/2025\/01\/songte-bushings-with-all-kinds-of-excavator-models.webp\" alt=\"Sviras cilindra uzst\u0101d\u012b\u0161ana\"><\/p>\n<h2>Dro\u0161\u012bbas apsv\u0113rumi un vides faktori<\/h2>\n<p>Izmantojot sviras cilindru, ir svar\u012bgi priorit\u0101ri piev\u0113rsties dro\u0161\u012bbas pas\u0101kumiem, lai nov\u0113rstu negad\u012bjumus un nodro\u0161in\u0101tu operatora labsaj\u016btu. J\u0101\u0146em v\u0113r\u0101 \u0161\u0101di faktori:<\/p>\n<p>\u2013 Nodro\u0161in\u0101t atbilsto\u0161u operatora apm\u0101c\u012bbu par rokas cilindra dro\u0161u lieto\u0161anu un apkopi.<br \/>\n\u2013 Dro\u0161\u012bbas funkciju, piem\u0113ram, spiediena samazin\u0101\u0161anas v\u0101rstu un av\u0101rijas aptur\u0113\u0161anas meh\u0101nismu, ievie\u0161ana.<br \/>\n\u2013 Iev\u0113rot attiec\u012bgos dro\u0161\u012bbas noteikumus un standartus nozar\u0113.<br \/>\n\u2013 \u0145emot v\u0113r\u0101 vides faktorus, piem\u0113ram, temperat\u016bru, mitrumu un saskari ar kod\u012bg\u0101m viel\u0101m, un nodro\u0161inot, ka balona materi\u0101li un bl\u012bv\u0113jumi ir piem\u0113roti apst\u0101k\u013ciem.<\/p>\n<h2>K\u013c\u016bmju diagnostika un bie\u017e\u0101k sastopam\u0101s probl\u0113mas<\/h2>\n<p>Neskatoties uz to uzticam\u012bbu, sviras cilindriem var rasties k\u013c\u016bmes vai bie\u017ei sastopamas probl\u0113mas. Da\u017eas no t\u0101m ir \u0161\u0101das:<\/p>\n<p>\u2013 Hidraulisk\u0101 \u0161\u0137idruma nopl\u016bde.<br \/>\n\u2013 Neparastas ska\u0146as cilindra darb\u012bbas laik\u0101.<br \/>\n\u2013 Nekonsekventa vai saraust\u012bta kust\u012bba.<br \/>\n\u2013 Cilindrs piln\u012bb\u0101 neizvirz\u0101s vai neievelkas.<\/p>\n<p>Lai efekt\u012bvi diagnostic\u0113tu un risin\u0101tu \u0161\u012bs probl\u0113mas, apsveriet \u0161\u0101dus padomus un risin\u0101jumus:<\/p>\n<p>\u2013 P\u0101rbaudiet, vai bl\u012bves nav boj\u0101tas vai nodilu\u0161as, un, ja nepiecie\u0161ams, nomainiet t\u0101s.<br \/>\n\u2013 P\u0101rbaudiet hidraulisk\u0101s l\u012bnijas, vai nav nopl\u016b\u017eu, un nepiecie\u0161am\u012bbas gad\u012bjum\u0101 salabojiet vai nomainiet t\u0101s.<br \/>\n\u2013 P\u0101rliecinieties, vai hidraulisk\u0101 \u0161\u0137idruma l\u012bmenis atbilst ieteicamajam diapazonam, un, ja nepiecie\u0161ams, papildiniet.<br \/>\n\u2013 P\u0101rbaudiet cilindra virzu\u013ca stieni, vai tas nav boj\u0101ts vai saliekts, un attiec\u012bgi nov\u0113rsiet probl\u0113mu.<br \/>\n\u2013 Lai uzzin\u0101tu par konkr\u0113t\u0101m probl\u0113m\u0101m un to risin\u0101jumiem, skatiet ra\u017eot\u0101ja probl\u0113mu nov\u0113r\u0161anas rokasgr\u0101matu.<\/p>\n<p><img decoding=\"async\" src=\"https:\/\/www.hydraulic-cylinders.net\/wp-content\/uploads\/2025\/01\/songte-chushion-collar.webp\" alt=\"Sviras cilindra probl\u0113mu nov\u0113r\u0161ana\"><\/p>\n<h2>Par m\u016bsu uz\u0146\u0113mumu<\/h2>\n<p>M\u0113s esam profesion\u0101ls rezerves hidraulisko cilindru ra\u017eot\u0101js, kas pied\u0101v\u0101 pla\u0161u produktu kl\u0101stu. Esam k\u013cuvu\u0161i par vienu no vado\u0161ajiem hidraulisko cilindru ra\u017eot\u0101jiem un vairumtirdzniec\u012bbas izplat\u012bt\u0101jiem gan viet\u0113j\u0101, gan starptautiskaj\u0101 tirg\u016b. M\u016bsu ap\u0146em\u0161an\u0101s nodro\u0161in\u0101t izcil\u012bbu kvalit\u0101t\u0113, industrializ\u0113tas ra\u017eo\u0161anas vad\u012bbas strat\u0113\u0123ijas m\u016bsu prec\u012bz\u0101s ra\u017eo\u0161anas darbn\u012bc\u0101 un nep\u0101rtraukta pilnveido\u0161an\u0101s ir \u013c\u0101vusi mums paaugstin\u0101t m\u016bsu tehnisko kompetenci un ra\u017eo\u0161anas efektivit\u0101ti. Ievie\u0161ot modern\u0101k\u0101s digit\u0101l\u0101s ra\u017eo\u0161anas iek\u0101rtas un profesion\u0101las test\u0113\u0161anas sist\u0113mas, m\u0113s optimiz\u0113jam savu ra\u017eo\u0161anas platformu un uzlabojam produktu kvalit\u0101tes kontroles procesus, demonstr\u0113jot sp\u0113c\u012bgas inov\u0101ciju sp\u0113jas. M\u016bsu m\u0113r\u0137is ir apmierin\u0101t da\u017e\u0101das klientu vajadz\u012bbas, iev\u0113rojot efektivit\u0101tes, precizit\u0101tes un augstas kvalit\u0101tes principus.<\/p>\n<p><img decoding=\"async\" src=\"https:\/\/www.hydraulic-cylinders.net\/wp-content\/uploads\/2025\/01\/songte-company-4.webp\" alt=\"Uz\u0146\u0113muma t\u0113ls\"><br \/>\n<img decoding=\"async\" src=\"https:\/\/www.hydraulic-cylinders.net\/wp-content\/uploads\/2025\/01\/songte-company-3.webp\" alt=\"Uz\u0146\u0113muma t\u0113ls\"><\/p>\n<p>K\u0101 uz\u0146\u0113mums m\u0113s lepojamies ar:<\/p>\n<p>\u2013 Profesionalit\u0101te un kompetence hidraulisko cilindru ra\u017eo\u0161an\u0101.<br \/>\n\u2013 Starptautisk\u0101<\/p>","protected":false},"excerpt":{"rendered":"<p>Arm Cylinder For Lovol Middle Excavator FR260 Introduction The Arm Cylinder for Lovol Middle Excavator FR260 is a specialized hydraulic cylinder designed to provide linear motion and power to the arm of various machinery, such as excavators, cranes, and mechanical arms. The arm cylinder plays a crucial role in hydraulic systems, enabling the efficient movement [&hellip;]<\/p>","protected":false},"featured_media":14774,"comment_status":"open","ping_status":"closed","template":"","meta":{"_et_pb_use_builder":"","_et_pb_old_content":"","_et_gb_content_width":""},"product_brand":[],"product_cat":[1497],"product_tag":[1498,1496],"class_list":{"0":"post-16490","1":"product","2":"type-product","3":"status-publish","4":"has-post-thumbnail","6":"product_cat-arm-cylinders","7":"product_tag-arm-cylinders","8":"product_tag-hydraulic-cylinders","10":"first","11":"instock","12":"shipping-taxable","13":"product-type-simple"},"amp_enabled":true,"_links":{"self":[{"href":"https:\/\/www.hydraulic-cylinders.net\/lv\/wp-json\/wp\/v2\/product\/16490","targetHints":{"allow":["GET"]}}],"collection":[{"href":"https:\/\/www.hydraulic-cylinders.net\/lv\/wp-json\/wp\/v2\/product"}],"about":[{"href":"https:\/\/www.hydraulic-cylinders.net\/lv\/wp-json\/wp\/v2\/types\/product"}],"replies":[{"embeddable":true,"href":"https:\/\/www.hydraulic-cylinders.net\/lv\/wp-json\/wp\/v2\/comments?post=16490"}],"wp:featuredmedia":[{"embeddable":true,"href":"https:\/\/www.hydraulic-cylinders.net\/lv\/wp-json\/wp\/v2\/media\/14774"}],"wp:attachment":[{"href":"https:\/\/www.hydraulic-cylinders.net\/lv\/wp-json\/wp\/v2\/media?parent=16490"}],"wp:term":[{"taxonomy":"product_brand","embeddable":true,"href":"https:\/\/www.hydraulic-cylinders.net\/lv\/wp-json\/wp\/v2\/product_brand?post=16490"},{"taxonomy":"product_cat","embeddable":true,"href":"https:\/\/www.hydraulic-cylinders.net\/lv\/wp-json\/wp\/v2\/product_cat?post=16490"},{"taxonomy":"product_tag","embeddable":true,"href":"https:\/\/www.hydraulic-cylinders.net\/lv\/wp-json\/wp\/v2\/product_tag?post=16490"}],"curies":[{"name":"wp","href":"https:\/\/api.w.org\/{rel}","templated":true}]}}