{"id":16492,"date":"2025-01-21T05:29:08","date_gmt":"2025-01-21T05:29:08","guid":{"rendered":"https:\/\/www.hydraulic-cylinders.net\/product\/arm-cylinder-for-lovol-large-excavator-fr370\/"},"modified":"2025-01-21T05:29:10","modified_gmt":"2025-01-21T05:29:10","slug":"arm-cylinder-for-lovol-large-excavator-fr370","status":"publish","type":"product","link":"https:\/\/www.hydraulic-cylinders.net\/lv\/products\/arm-cylinder-for-lovol-large-excavator-fr370\/","title":{"rendered":"Lovol liel\u0101 ekskavatora FR370 rokas cilindrs"},"content":{"rendered":"<h2>Lovol liel\u0101 ekskavatora FR370 rokas cilindrs<\/h2>\n<p>Lovol liel\u0101 ekskavatora FR370 sviras cilindrs ir \u012bpa\u0161i izstr\u0101d\u0101ts hidrauliskais cilindrs, ko izmanto, lai nodro\u0161in\u0101tu line\u0101ru kust\u012bbu un jaudu da\u017e\u0101du ma\u0161\u012bnu, piem\u0113ram, ekskavatoru, celt\u0146u un robotiz\u0113tu roku, svirai. Sviras cilindram ir iz\u0161\u0137iro\u0161a noz\u012bme hidrauliskaj\u0101s sist\u0113m\u0101s, nodro\u0161inot vienm\u0113r\u012bgu kust\u012bbu un pielikumu vai piederumu vad\u012bbu. \u0160ie cilindri ne tikai nodro\u0161ina vienm\u0113r\u012bgu kust\u012bbu, bet ar\u012b iztur lielas slodzes, nodro\u0161inot ma\u0161\u012bnas efekt\u012bvu darb\u012bbu un uzticam\u012bbu da\u017e\u0101dos darba apst\u0101k\u013cos.<\/p>\n<p><img decoding=\"async\" src=\"https:\/\/www.hydraulic-cylinders.net\/wp-content\/uploads\/2025\/01\/songte-company-2.webp\" alt=\"Sviras cilindra att\u0113ls\"><\/p>\n<h3>Sviras cilindra \u012bpa\u0161\u012bbas:<\/h3>\n<ul>\n<li>Augstas efektivit\u0101tes transmisija: Rokas cilindrs nodro\u0161ina jaud\u012bgu line\u0101ru kust\u012bbu un sp\u0113ku, garant\u0113jot robotiz\u0113t\u0101s rokas augstu efektivit\u0101ti da\u017e\u0101d\u0101s darb\u012bb\u0101s.<\/li>\n<li>Prec\u012bza vad\u012bba: Izmantojot hidraulisko sist\u0113mu, rokas cilindrs pan\u0101k prec\u012bzu kust\u012bbas vad\u012bbu, padarot pievienoto instrumentu darb\u012bbu elast\u012bg\u0101ku un prec\u012bz\u0101ku.<\/li>\n<li>Iztur\u012bba: Sviras cilindrs parasti tiek izgatavots, izmantojot augstas stipr\u012bbas materi\u0101lus, kas nodro\u0161ina izcilu nodilumiztur\u012bbu un korozijas iztur\u012bbu, padarot to piem\u0113rotu ilgsto\u0161ai lieto\u0161anai skarbos apst\u0101k\u013cos.<\/li>\n<li>Daudzfunkcion\u0101la piel\u0101go\u0161an\u0101s sp\u0113ja: \u0161os cilindrus var pla\u0161i pielietot da\u017e\u0101d\u0101m ma\u0161\u012bn\u0101m, piem\u0113ram, ekskavatoriem, celt\u0146iem un robotiz\u0113t\u0101m rok\u0101m, piel\u0101gojoties da\u017e\u0101d\u0101m darba pras\u012bb\u0101m.<\/li>\n<li>Vienk\u0101r\u0161a apkope: Projekt\u0113jot \u0146emta v\u0113r\u0101 apkopes un nomai\u0146as vienk\u0101r\u0161\u012bba, padarot regul\u0101ras p\u0101rbaudes un apkopi \u0113rtas, t\u0101d\u0113j\u0101di samazinot iek\u0101rtu d\u012bkst\u0101ves laiku.<\/li>\n<\/ul>\n<p><img decoding=\"async\" src=\"https:\/\/www.hydraulic-cylinders.net\/wp-content\/uploads\/2025\/01\/songte-oil-pipes-and-spare-parts.webp\" alt=\"Sviras cilindra deta\u013cu att\u0113ls\"><\/p>\n<h3>Sviras cilindra pielietojums:<\/h3>\n<p>Sviras cilindrs tiek izmantots da\u017e\u0101d\u0101s nozar\u0113s un sektoros:<\/p>\n<ul>\n<li>B\u016bvniec\u012bbas in\u017eenierija: Ekskavatoros un celt\u0146os str\u0113les cilindrs kontrol\u0113 kausu vai str\u0113les sviru kust\u012bbu zemes darbiem, materi\u0101lu apstr\u0101dei un konstrukciju uzst\u0101d\u012b\u0161anai.<\/li>\n<li>Ra\u017eo\u0161anas nozare: Automatiz\u0113t\u0101s ra\u017eo\u0161anas l\u012bnij\u0101s rokas cilindrs atvieglo robotiz\u0113to roku kust\u012bbu mont\u0101\u017eas, metin\u0101\u0161anas un materi\u0101lu apstr\u0101des procesos, uzlabojot produktivit\u0101ti un precizit\u0101ti.<\/li>\n<li>Lauksaimniec\u012bbas tehnika: Lauksaimniec\u012bbas tehnik\u0101, piem\u0113ram, kombainos un s\u0113jma\u0161\u012bn\u0101s, sviras cilindrs kontrol\u0113 vad\u012bbas sviru kust\u012bbu t\u0101diem uzdevumiem k\u0101 s\u0113\u0161ana, m\u0113slo\u0161ana un ra\u017eas nov\u0101k\u0161ana.<\/li>\n<li>Kalnr\u016bpniec\u012bba: Kalnr\u016bpniec\u012bbas iek\u0101rt\u0101s rokas cilindrs kontrol\u0113 kalnr\u016bpniec\u012bbas ma\u0161\u012bnu rokas kust\u012bbu r\u016bdas ieguvei un transport\u0113\u0161anai.<\/li>\n<li>Lo\u0123istika un transport\u0113\u0161ana: Iekr\u0101v\u0113jos un apstr\u0101des robotos rokas cilindrs kontrol\u0113 dak\u0161u pacel\u0161anu un kust\u012bbu, nodro\u0161inot materi\u0101lu transport\u0113\u0161anu un sakrau\u0161anu.<\/li>\n<\/ul>\n<h3>Dizaina apsv\u0113rumi un atlases krit\u0113riji:<\/h3>\n<p>Run\u0101jot par sviras cilindra konstrukcijas apsv\u0113rumiem un izv\u0113les krit\u0113rijiem, svar\u012bgi ir \u0161\u0101di faktori:<\/p>\n<ul>\n<li>Nestsp\u0113ja: Sviras cilindram j\u0101b\u016bt konstru\u0113tam t\u0101, lai tas iztur\u0113tu maksim\u0101lo slodzi, ar kuru tas saskarsies darb\u012bbas laik\u0101.<\/li>\n<li>Bl\u012bv\u0113jums: Lai nodro\u0161in\u0101tu pareizu bl\u012bv\u0113jumu, j\u0101izmanto da\u017e\u0101di bl\u012bv\u0113\u0161anas elementi, piem\u0113ram, virzu\u013ca bl\u012bvsl\u0113gi \u200b\u200bun stie\u0146a bl\u012bvsl\u0113gi. \u0160ie bl\u012bvsl\u0113gi \u200b\u200bir izgatavoti no nodilumiztur\u012bgiem materi\u0101liem, piem\u0113ram, poliuret\u0101na un nitrila gumijas.<\/li>\n<li>Iztur\u012bba: Cilindra korpuss un v\u012bt\u0146otie gali tiek r\u016bp\u012bgi apstr\u0101d\u0101ti, lai uzlabotu nodilumiztur\u012bbu un pagarin\u0101tu cilindra kalpo\u0161anas laiku.<\/li>\n<li>Dro\u0161\u012bba: Projekt\u0113jum\u0101 j\u0101iek\u013cauj dro\u0161\u012bbas elementi, lai nov\u0113rstu negad\u012bjumus un nodro\u0161in\u0101tu operatora aizsardz\u012bbu.<\/li>\n<li>Uzturam\u012bba: Sviras cilindram j\u0101b\u016bt konstru\u0113tam t\u0101, lai to b\u016btu viegli apkopt un remont\u0113t, samazinot d\u012bkst\u0101ves laiku un optimiz\u0113jot efektivit\u0101ti.<\/li>\n<\/ul>\n<p><img decoding=\"async\" src=\"https:\/\/www.hydraulic-cylinders.net\/wp-content\/uploads\/2025\/01\/songte-cylinder-head-with-all-kinds-excavator-models.webp\" alt=\"Cilindra galvas att\u0113ls\"><\/p>\n<h3>Sviras cilindra bl\u012bv\u0113\u0161ana un e\u013c\u013co\u0161ana:<\/h3>\n<p>Lai nodro\u0161in\u0101tu optim\u0101lu veiktsp\u0113ju un ilgm\u016b\u017e\u012bbu, sviras cilindr\u0101 tiek izmantoti da\u017e\u0101di bl\u012bv\u0113\u0161anas komponenti, piem\u0113ram, virzu\u013ca bl\u012bvsl\u0113gi \u200b\u200bun stie\u0146a bl\u012bvsl\u0113gi. \u0160ie bl\u012bvsl\u0113gi \u200b\u200bir izgatavoti no nodilumiztur\u012bgiem materi\u0101liem, piem\u0113ram, poliuret\u0101na un nitrila gumijas. Turkl\u0101t cilindra korpuss un v\u012bt\u0146otie gali tiek r\u016bp\u012bgi apstr\u0101d\u0101ti, lai uzlabotu nodilumiztur\u012bbu. Lai uztur\u0113tu vienm\u0113r\u012bgu darb\u012bbu un nov\u0113rstu p\u0101rm\u0113r\u012bgu berzi, ir nepiecie\u0161ama regul\u0101ra e\u013c\u013co\u0161ana ar atbilsto\u0161u hidraulisko e\u013c\u013cu.<\/p>\n<h3>Regul\u0101ra p\u0101rbaude un profilaktisk\u0101 apkope:<\/h3>\n<p>Regul\u0101ra p\u0101rbaude un profilaktisk\u0101 apkope ir b\u016btiska, lai uztur\u0113tu sviras cilindru optim\u0101l\u0101 st\u0101vokl\u012b. J\u0101veic \u0161\u0101di pas\u0101kumi:<\/p>\n<ul>\n<li>P\u0101rbaudiet cilindru, vai nav nopl\u016b\u017eu, boj\u0101jumu vai nodiluma paz\u012bmju.<\/li>\n<li>P\u0101rbaudiet un nomainiet nolietot\u0101s bl\u012bves vai citas sast\u0101vda\u013cas p\u0113c nepiecie\u0161am\u012bbas.<\/li>\n<li>Turiet cilindru t\u012bru un bez piemais\u012bjumiem.<\/li>\n<li>Iev\u0113rojiet ra\u017eot\u0101ja ieteikto apkopes grafiku.<\/li>\n<\/ul>\n<h3>Produkta uzst\u0101d\u012b\u0161anas vadl\u012bnijas:<\/h3>\n<p>Pareiza sviras cilindra uzst\u0101d\u012b\u0161ana ir \u013coti svar\u012bga t\u0101 veiktsp\u0113jai un ilgm\u016b\u017e\u012bbai. J\u0101iev\u0113ro \u0161\u0101das darb\u012bbas:<\/p>\n<ul>\n<li>Pirms uzst\u0101d\u012b\u0161anas p\u0101rliecinieties, vai hidrauliskaj\u0101 sist\u0113m\u0101 nav spiediena.<\/li>\n<li>Pareizi izl\u012bdziniet cilindru un mont\u0101\u017eas kron\u0161teinus.<\/li>\n<li>Pievelciet stiprin\u0101juma skr\u016bves l\u012bdz nor\u0101d\u012btajam griezes momentam.<\/li>\n<li>Kust\u012bbas laik\u0101 p\u0101rbaudiet, vai nav nek\u0101du novir\u017eu vai trauc\u0113jumu.<\/li>\n<\/ul>\n<p><img decoding=\"async\" src=\"https:\/\/www.hydraulic-cylinders.net\/wp-content\/uploads\/2025\/01\/songte-bushings-with-all-kinds-of-excavator-models.webp\" alt=\"Bukses att\u0113ls\"><\/p>\n<h3>Dro\u0161\u012bbas apsv\u0113rumi un vides faktori:<\/h3>\n<p>Izmantojot sviras cilindru, ir svar\u012bgi priorit\u0101ri iev\u0113rot dro\u0161\u012bbas pas\u0101kumus, lai nov\u0113rstu negad\u012bjumus un nodro\u0161in\u0101tu operatora labsaj\u016btu. Atbilsto\u0161a apm\u0101c\u012bba, dro\u0161\u012bbas vadl\u012bniju iev\u0113ro\u0161ana un atbilsto\u0161u individu\u0101lo aizsardz\u012bbas l\u012bdzek\u013cu lieto\u0161ana ir iz\u0161\u0137iro\u0161i aspekti. Turkl\u0101t, \u0146emot v\u0113r\u0101 t\u0101dus vides faktorus k\u0101 temperat\u016bra, mitrums un saskare ar kod\u012bg\u0101m viel\u0101m, var pal\u012bdz\u0113t pagarin\u0101t cilindra kalpo\u0161anas laiku.<\/p>\n<h3>K\u013c\u016bmju diagnostika un bie\u017e\u0101k sastopam\u0101s probl\u0113mas:<\/h3>\n<p>\u0160eit ir da\u017ei bie\u017ei sastopami defekti un probl\u0113mas, kas var rasties ar sviras cilindru:<\/p>\n<ul>\n<li>Nopl\u016bde cilindra bl\u012bv\u0113s vai savienojumos<\/li>\n<li>Cilindra neregul\u0101ra vai saraust\u012bta kust\u012bba<\/li>\n<li>Jaudas zudums vai nepietiekams sp\u0113ks<\/li>\n<li>P\u0101rm\u0113r\u012bgs troksnis darb\u012bbas laik\u0101<\/li>\n<li>Cilindra p\u0101rkar\u0161ana<\/li>\n<\/ul>\n<p><img decoding=\"async\" src=\"https:\/\/www.hydraulic-cylinders.net\/wp-content\/uploads\/2025\/01\/songte-chushion-collar.webp\" alt=\"\u010cusjona apkakles att\u0113ls\"><\/p>\n<p>Lai efekt\u012bvi diagnostic\u0113tu un nov\u0113rstu \u0161\u012bs probl\u0113mas, var b\u016bt noder\u012bgi \u0161\u0101di padomi un risin\u0101jumi:<\/p>\n<ul>\n<li>P\u0101rbaudiet un nomainiet visas boj\u0101t\u0101s vai nolietot\u0101s bl\u012bves vai stiprin\u0101jumus.<\/li>\n<li>P\u0101rbaudiet hidraulisko sist\u0113mu, vai taj\u0101 ir pareizs spiediens un pl\u016bsma.<\/li>\n<li>Not\u012briet un iee\u013c\u013cojiet cilindru, lai nodro\u0161in\u0101tu vienm\u0113r\u012bgu darb\u012bbu.<\/li>\n<li>P\u0101rbaudiet apk\u0101rt\u0113j\u0101s sast\u0101vda\u013cas, vai nav nob\u012bdes vai boj\u0101jumu.<\/li>\n<li>Konkr\u0113tu probl\u0113mu nov\u0113r\u0161anai skatiet ra\u017eot\u0101ja probl\u0113mu nov\u0113r\u0161anas rokasgr\u0101matu.<\/li>\n<\/ul>\n<p>Atcerieties lo\u0123iski sak\u0101rtot rakstu, izmantot apak\u0161virsrakstus \u0113rtai navig\u0101cijai, iek\u013caut atbilsto\u0161us att\u0113lus vai diagrammas, lai uzlabotu izpratni, un nodro\u0161in\u0101t, lai saturs b\u016btu skaidrs, kodol\u012bgs un piem\u0113rots las\u012bt\u0101jiem ar da\u017e\u0101diem tehnisko zin\u0101\u0161anu l\u012bme\u0146iem.<\/p>\n<p><em>Autors: lil<\/em><\/p>\n<p><img decoding=\"async\" src=\"https:\/\/www.hydraulic-cylinders.net\/wp-content\/uploads\/2025\/01\/songte-company-4.webp\" alt=\"Uz\u0146\u0113muma att\u0113ls 1\"><\/p>\n<p><img decoding=\"async\" src=\"https:\/\/www.hydraulic-cylinders.net\/wp-content\/uploads\/2025\/01\/songte-company-3.webp\" alt=\"Uz\u0146\u0113muma att\u0113ls 2\"><\/p>\n<p>Visbeidzot, ir svar\u012bgi uzsv\u0113rt, ka m\u0113s esam profesion\u0101ls rezerves hidraulisko cilindru ra\u017eot\u0101js, kas pied\u0101v\u0101 pla\u0161u produktu kl\u0101stu. Esam k\u013cuvu\u0161i par vienu no vado\u0161ajiem hidraulisko cilindru ra\u017eot\u0101jiem un vairumtirdzniec\u012bbas izplat\u012bt\u0101jiem gan viet\u0113j\u0101, gan starptautiskaj\u0101 tirg\u016b. Ap\u0146emoties sasniegt izcil\u012bbu, m\u0113s nep\u0101rtraukti uzlabojam savu tehnisko kompetenci un ra\u017eo\u0161anas efektivit\u0101ti, izmantojot modernas ra\u017eo\u0161anas iek\u0101rtas un kvalit\u0101tes kontroles sist\u0113mas. M\u016bsu m\u0113r\u0137is ir apmierin\u0101t da\u017e\u0101das klientu vajadz\u012bbas ar efektivit\u0101ti, precizit\u0101ti un augstas kvalit\u0101tes produktiem.<\/p>","protected":false},"excerpt":{"rendered":"<p>Arm Cylinder For Lovol Large Excavator FR370 The Arm Cylinder for Lovol Large Excavator FR370 is a specially designed hydraulic cylinder that is used to provide linear motion and power to the arm of various machinery, such as excavators, cranes, and robotic arms. The arm cylinder plays a crucial role in hydraulic systems, enabling the [&hellip;]<\/p>","protected":false},"featured_media":14770,"comment_status":"open","ping_status":"closed","template":"","meta":{"_et_pb_use_builder":"","_et_pb_old_content":"","_et_gb_content_width":""},"product_brand":[],"product_cat":[1497],"product_tag":[1498,1496],"class_list":{"0":"post-16492","1":"product","2":"type-product","3":"status-publish","4":"has-post-thumbnail","6":"product_cat-arm-cylinders","7":"product_tag-arm-cylinders","8":"product_tag-hydraulic-cylinders","10":"first","11":"instock","12":"shipping-taxable","13":"product-type-simple"},"amp_enabled":true,"_links":{"self":[{"href":"https:\/\/www.hydraulic-cylinders.net\/lv\/wp-json\/wp\/v2\/product\/16492","targetHints":{"allow":["GET"]}}],"collection":[{"href":"https:\/\/www.hydraulic-cylinders.net\/lv\/wp-json\/wp\/v2\/product"}],"about":[{"href":"https:\/\/www.hydraulic-cylinders.net\/lv\/wp-json\/wp\/v2\/types\/product"}],"replies":[{"embeddable":true,"href":"https:\/\/www.hydraulic-cylinders.net\/lv\/wp-json\/wp\/v2\/comments?post=16492"}],"wp:featuredmedia":[{"embeddable":true,"href":"https:\/\/www.hydraulic-cylinders.net\/lv\/wp-json\/wp\/v2\/media\/14770"}],"wp:attachment":[{"href":"https:\/\/www.hydraulic-cylinders.net\/lv\/wp-json\/wp\/v2\/media?parent=16492"}],"wp:term":[{"taxonomy":"product_brand","embeddable":true,"href":"https:\/\/www.hydraulic-cylinders.net\/lv\/wp-json\/wp\/v2\/product_brand?post=16492"},{"taxonomy":"product_cat","embeddable":true,"href":"https:\/\/www.hydraulic-cylinders.net\/lv\/wp-json\/wp\/v2\/product_cat?post=16492"},{"taxonomy":"product_tag","embeddable":true,"href":"https:\/\/www.hydraulic-cylinders.net\/lv\/wp-json\/wp\/v2\/product_tag?post=16492"}],"curies":[{"name":"wp","href":"https:\/\/api.w.org\/{rel}","templated":true}]}}