{"id":16506,"date":"2025-01-21T05:30:16","date_gmt":"2025-01-21T05:30:16","guid":{"rendered":"https:\/\/www.hydraulic-cylinders.net\/product\/arm-cylinder-for-liugong-middle-excavator-clg920-920d\/"},"modified":"2025-01-21T05:30:18","modified_gmt":"2025-01-21T05:30:18","slug":"arm-cylinder-for-liugong-middle-excavator-clg920-920d","status":"publish","type":"product","link":"https:\/\/www.hydraulic-cylinders.net\/lv\/products\/arm-cylinder-for-liugong-middle-excavator-clg920-920d\/","title":{"rendered":"Liugong vid\u0113j\u0101 ekskavatora CLG920\/920D rokas cilindrs"},"content":{"rendered":"<h1>Liugong vid\u0113j\u0101 ekskavatora CLG920\/920D rokas cilindrs<\/h1>\n<h2>Ievads<\/h2>\n<p>Liugong vid\u0113j\u0101 ekskavatora CLG920\/920D sviras cilindrs ir \u012bpa\u0161i izstr\u0101d\u0101ts hidrauliskais cilindrs, kas nodro\u0161ina line\u0101ru kust\u012bbu un jaudu da\u017e\u0101du ma\u0161\u012bnu, piem\u0113ram, ekskavatoru, celt\u0146u un robotiz\u0113tu roku, svirai. Sviras cilindram ir iz\u0161\u0137iro\u0161a noz\u012bme hidrauliskaj\u0101s sist\u0113m\u0101s, nodro\u0161inot efekt\u012bvu papildu instrumentu vai stiprin\u0101jumu p\u0101rvieto\u0161anu un kontroli. \u0160ie cilindri ne tikai nodro\u0161ina vienm\u0113r\u012bgu kust\u012bbu, bet ar\u012b iztur lielas slodzes, garant\u0113jot augstu darb\u012bbas efektivit\u0101ti un uzticam\u012bbu da\u017e\u0101dos darba apst\u0101k\u013cos.<\/p>\n<p><img decoding=\"async\" src=\"https:\/\/www.hydraulic-cylinders.net\/wp-content\/uploads\/2025\/01\/songte-company-2.webp\" alt=\"Sviras cilindra att\u0113ls\"><\/p>\n<h2>Funkcijas<\/h2>\n<ul>\n<li>Augstas efektivit\u0101tes transmisija: Sviras cilindrs nodro\u0161ina jaud\u012bgu line\u0101ru kust\u012bbu un sp\u0113ku, garant\u0113jot meh\u0101nisk\u0101s sviras augstas veiktsp\u0113jas iesp\u0113jas da\u017e\u0101d\u0101s darb\u012bb\u0101s.<\/li>\n<li>Prec\u012bza vad\u012bba: Izmantojot hidraulisko sist\u0113mu, rokas cilindrs nodro\u0161ina prec\u012bzu kust\u012bbas vad\u012bbu, uzlabojot pievienoto instrumentu elast\u012bbu un precizit\u0101ti.<\/li>\n<li>Iztur\u012bba: Sviru cilindri parasti tiek ra\u017eoti, izmantojot augstas iztur\u012bbas materi\u0101lus, kas nodro\u0161ina izcilu iztur\u012bbu pret nodilumu un koroziju, padarot tos piem\u0113rotus ilgsto\u0161ai lieto\u0161anai skarbos apst\u0101k\u013cos.<\/li>\n<li>Daudzfunkcion\u0101la piel\u0101go\u0161an\u0101s sp\u0113ja: \u0160iem cilindriem ir pla\u0161s pielietojumu kl\u0101sts da\u017e\u0101d\u0101s ma\u0161\u012bn\u0101s, piem\u0113ram, ekskavatoros, celt\u0146os un robotiz\u0113t\u0101s rok\u0101s, piel\u0101gojoties da\u017e\u0101d\u0101m darba pras\u012bb\u0101m.<\/li>\n<li>Vienk\u0101r\u0161a apkope: Projekt\u0113jot \u0146emta v\u0113r\u0101 apkopes un nomai\u0146as vienk\u0101r\u0161\u012bba, padarot regul\u0101ras p\u0101rbaudes un apkopi \u0113rt\u0101ku, k\u0101 ar\u012b samazinot iek\u0101rtu d\u012bkst\u0101ves laiku.<\/li>\n<\/ul>\n<p><img decoding=\"async\" src=\"https:\/\/www.hydraulic-cylinders.net\/wp-content\/uploads\/2025\/01\/songte-oil-pipes-and-spare-parts.webp\" alt=\"Sviras cilindra nomai\u0146a\"><\/p>\n<h2>Pieteikumi<\/h2>\n<p>Liugong vid\u0113j\u0101 ekskavatora CLG920\/920D rokas cilindrs tiek pla\u0161i izmantots \u0161\u0101d\u0101s nozar\u0113s:<\/p>\n<h3>1. B\u016bvniec\u012bbas in\u017eenierija<\/h3>\n<p>Ekskavatoros un celt\u0146os sviras cilindrs kontrol\u0113 kausa vai str\u0113les kust\u012bbu, nodro\u0161inot zemes p\u0101rvieto\u0161anas oper\u0101cijas, materi\u0101lu apstr\u0101di un konstrukciju uzst\u0101d\u012b\u0161anu.<\/p>\n<h3>2. Ra\u017eo\u0161ana<\/h3>\n<p>Automatiz\u0113t\u0101s ra\u017eo\u0161anas l\u012bnij\u0101s rokas cilindrs atvieglo robotiz\u0113to roku kust\u012bbu, \u013caujot veikt t\u0101dus procesus k\u0101 mont\u0101\u017ea, metin\u0101\u0161ana un materi\u0101lu apstr\u0101de, t\u0101d\u0113j\u0101di uzlabojot ra\u017eo\u0161anas efektivit\u0101ti un precizit\u0101ti.<\/p>\n<h3>3. Lauksaimniec\u012bbas tehnika<\/h3>\n<p>Lauksaimniec\u012bbas ma\u0161\u012bn\u0101s, piem\u0113ram, kombainos un s\u0113jma\u0161\u012bn\u0101s, sviras cilindrs kontrol\u0113 vad\u012bbas sviras kust\u012bbu, veicot t\u0101dus uzdevumus k\u0101 st\u0101d\u012b\u0161ana, m\u0113slo\u0161ana un ra\u017eas nov\u0101k\u0161ana.<\/p>\n<h3>4. Kalnr\u016bpniec\u012bba<\/h3>\n<p>Kalnr\u016bpniec\u012bbas iek\u0101rt\u0101s rokas cilindrs kontrol\u0113 kalnr\u016bpniec\u012bbas ma\u0161\u012bnu rokas kust\u012bbu, nodro\u0161inot r\u016bdu ieguvi un transport\u0113\u0161anu.<\/p>\n<h3>5. Lo\u0123istika un transports<\/h3>\n<p>Iekr\u0101v\u0113jos un apstr\u0101des robotos rokas cilindrs kontrol\u0113 dak\u0161u pacel\u0161anu un kust\u012bbu, atvieglojot materi\u0101lu apstr\u0101di un sakrau\u0161anu.<\/p>\n<p><img decoding=\"async\" src=\"https:\/\/www.hydraulic-cylinders.net\/wp-content\/uploads\/2025\/01\/songte-chushion-collar.webp\" alt=\"Sviras cilindra pielietojumi\"><\/p>\n<h2>Dizaina apsv\u0113rumi un atlases krit\u0113riji<\/h2>\n<ul>\n<li>Nestsp\u0113ja: Sviru cilindri ir paredz\u0113ti noteiktu slod\u017eu apstr\u0101dei, nodro\u0161inot optim\u0101lu veiktsp\u0113ju un dro\u0161\u012bbu.<\/li>\n<li>Bl\u012bv\u0113jums: Lai nov\u0113rstu nopl\u016bdes, tiek izmantoti da\u017e\u0101di bl\u012bv\u0113\u0161anas komponenti, piem\u0113ram, virzu\u013ca bl\u012bvsl\u0113gi \u200b\u200bun stie\u0146a bl\u012bvsl\u0113gi, un nodilumiztur\u012bbas uzlabo\u0161anai tiek izv\u0113l\u0113ti iztur\u012bgi materi\u0101li, piem\u0113ram, poliuret\u0101ns un nitrilgumija.<\/li>\n<li>Iztur\u012bba: Cilindra korpuss un v\u012bt\u0146otie gali tiek prec\u012bzi apstr\u0101d\u0101ti, lai uzlabotu nodilumiztur\u012bbu, un pareizai darb\u012bbai ir nepiecie\u0161ama regul\u0101ra e\u013c\u013co\u0161ana ar piem\u0113rotu hidraulisko e\u013c\u013cu.<\/li>\n<li>Dro\u0161\u012bba: Izmantojot rokas cilindrus, dro\u0161\u012bbas pas\u0101kumi ir \u013coti svar\u012bgi, lai nov\u0113rstu negad\u012bjumus un nodro\u0161in\u0101tu operatora aizsardz\u012bbu. Ir svar\u012bgi iev\u0113rot dro\u0161\u012bbas standartus.<\/li>\n<li>Apkope: Lai nodro\u0161in\u0101tu sviras cilindra ilgm\u016b\u017e\u012bbu un optim\u0101lu darb\u012bbu, nepiecie\u0161amas regul\u0101ras p\u0101rbaudes un profilaktisk\u0101 apkope.<\/li>\n<\/ul>\n<p><img decoding=\"async\" src=\"https:\/\/www.hydraulic-cylinders.net\/wp-content\/uploads\/2025\/01\/songte-cylinder-head-with-all-kinds-excavator-models.webp\" alt=\"Sviras cilindra apkope\"><\/p>\n<h2>Instal\u0101cijas rokasgr\u0101mata<\/h2>\n<p>Lai pareizi uzst\u0101d\u012btu Liugong vid\u0113j\u0101 ekskavatora CLG920\/920D sviras cilindru, veiciet t\u0101l\u0101k nor\u0101d\u012bt\u0101s darb\u012bbas.<\/p>\n<ol>\n<li>P\u0101rliecinieties, vai iek\u0101rta ir izsl\u0113gta un hidrauliskaj\u0101 sist\u0113m\u0101 nav spiediena.<\/li>\n<li>Novietojiet cilindru paredz\u0113taj\u0101 viet\u0101, izl\u012bdzinot mont\u0101\u017eas caurumus.<\/li>\n<li>Dro\u0161i nostipriniet cilindru, izmantojot atbilsto\u0161as \u200b\u200bskr\u016bves vai tapas.<\/li>\n<li>Pievienojiet hidraulisk\u0101s \u0161\u013c\u016btenes un savienojumus cilindram, nodro\u0161inot pareizu bl\u012bv\u0113jumu.<\/li>\n<li>Pirms iek\u0101rtas lieto\u0161anas p\u0101rbaudiet, vai nav nopl\u016b\u017eu, un veiciet funkcionalit\u0101tes p\u0101rbaudi.<\/li>\n<\/ol>\n<p><img decoding=\"async\" src=\"https:\/\/www.hydraulic-cylinders.net\/wp-content\/uploads\/2025\/01\/songte-bushings-with-all-kinds-of-excavator-models.webp\" alt=\"Sviras cilindra uzst\u0101d\u012b\u0161ana\"><\/p>\n<h2>Dro\u0161\u012bbas apsv\u0113rumi un vides faktori<\/h2>\n<p>Izmantojot sviras cilindrus, ir svar\u012bgi priorit\u0101ri piev\u0113rsties dro\u0161\u012bbas pas\u0101kumiem, lai nov\u0113rstu negad\u012bjumus un nodro\u0161in\u0101tu operatoru labsaj\u016btu. Dro\u0161\u012bbas protokolu un noteikumu iev\u0113ro\u0161ana ir \u013coti svar\u012bga, lai samazin\u0101tu riskus un uztur\u0113tu dro\u0161u darba vidi.<\/p>\n<h2>Probl\u0113mu nov\u0113r\u0161ana un bie\u017ei sastopamas probl\u0113mas<\/h2>\n<p>\u0160eit ir da\u017eas bie\u017ei sastopamas probl\u0113mas, kas var rasties ar sviru cilindriem:<\/p>\n<ul>\n<li>Nopl\u016bde: P\u0101rbaudiet un nomainiet nolietot\u0101s bl\u012bves vai boj\u0101t\u0101s deta\u013cas.<\/li>\n<li>L\u0113na vai nevienm\u0113r\u012bga kust\u012bba: p\u0101rbaudiet, vai nav probl\u0113mu hidrauliskaj\u0101 sist\u0113m\u0101, piem\u0113ram, nepietiekams \u0161\u0137idruma daudzums vai aizs\u0113r\u0113ju\u0161i filtri.<\/li>\n<li>Troksnis vai vibr\u0101cija: p\u0101rbaudiet, vai cilindram nav nob\u012bdes, va\u013c\u012bgu savienojumu vai boj\u0101tu deta\u013cu.<\/li>\n<\/ul>\n<p>Lai nov\u0113rstu \u0161\u012bs probl\u0113mas, skatiet ra\u017eot\u0101ja rokasgr\u0101matu vai mekl\u0113jiet profesion\u0101lu pal\u012bdz\u012bbu. Prevent\u012bvo pas\u0101kumu ievie\u0161ana var samazin\u0101t potenci\u0101l\u0101s probl\u0113mas un nodro\u0161in\u0101t sviras cilindra netrauc\u0113tu darb\u012bbu.<\/p>\n<p><img decoding=\"async\" src=\"https:\/\/www.hydraulic-cylinders.net\/wp-content\/uploads\/2025\/01\/songte-chushion-collar.webp\" alt=\"Sviras cilindra probl\u0113mu nov\u0113r\u0161ana\"><\/p>\n<h2>Par mums<\/h2>\n<p>M\u0113s esam profesion\u0101ls rezerves hidraulisko cilindru ra\u017eot\u0101js, kas pied\u0101v\u0101 pla\u0161u produktu kl\u0101stu. K\u0101 viens no vado\u0161ajiem hidraulisko cilindru ra\u017eot\u0101jiem un vairumtirgot\u0101jiem viet\u0113j\u0101 un starptautiskaj\u0101 tirg\u016b, m\u0113s pie\u0161\u0137iram priorit\u0101ti izcilai kvalit\u0101tei. Ar m\u016bsu uzlabotaj\u0101m ra\u017eo\u0161anas darbn\u012bc\u0101m un r\u016bpniecisk\u0101s ra\u017eo\u0161anas vad\u012bbas strat\u0113\u0123ij\u0101m m\u0113s nep\u0101rtraukti uzlabojam savas tehnisk\u0101s iesp\u0113jas un ra\u017eo\u0161anas efektivit\u0101ti.<\/p>\n<p>Integr\u0113jot modernu digit\u0101lo ra\u017eo\u0161anas apr\u012bkojumu un profesion\u0101las test\u0113\u0161anas sist\u0113mas, m\u0113s optimiz\u0113jam savas ra\u017eo\u0161anas platformas, pilnveidojam produktu kvalit\u0101tes kontroles procesus un mums ir sp\u0113c\u012bgas inov\u0101ciju sp\u0113jas. M\u016bsu m\u0113r\u0137is ir apmierin\u0101t da\u017e\u0101das klientu vajadz\u012bbas, iev\u0113rojot efektivit\u0101tes, precizit\u0101tes un augstas kvalit\u0101tes principus.<\/p>\n<p><img decoding=\"async\" src=\"https:\/\/www.hydraulic-cylinders.net\/wp-content\/uploads\/2025\/01\/songte-company-4.webp\" alt=\"Uz\u0146\u0113muma infrastrukt\u016bra\"><br \/>\n<img decoding=\"async\" src=\"https:\/\/www.hydraulic-cylinders.net\/wp-content\/uploads\/2025\/01\/songte-company-3.webp\" alt=\"Sertifik\u0101ti\"><\/p>\n<p>Autors: lil<\/p>","protected":false},"excerpt":{"rendered":"<p>Arm Cylinder For Liugong Middle Excavator CLG920\/920D Introduction The Arm Cylinder for Liugong Middle Excavator CLG920\/920D is a specially designed hydraulic cylinder that provides linear motion and power to the arm of various machinery, such as excavators, cranes, and robotic arms. The arm cylinder plays a crucial role in hydraulic systems, enabling the efficient movement [&hellip;]<\/p>","protected":false},"featured_media":14786,"comment_status":"open","ping_status":"closed","template":"","meta":{"_et_pb_use_builder":"","_et_pb_old_content":"","_et_gb_content_width":""},"product_brand":[],"product_cat":[1497],"product_tag":[1498,1496],"class_list":{"0":"post-16506","1":"product","2":"type-product","3":"status-publish","4":"has-post-thumbnail","6":"product_cat-arm-cylinders","7":"product_tag-arm-cylinders","8":"product_tag-hydraulic-cylinders","10":"first","11":"instock","12":"shipping-taxable","13":"product-type-simple"},"amp_enabled":true,"_links":{"self":[{"href":"https:\/\/www.hydraulic-cylinders.net\/lv\/wp-json\/wp\/v2\/product\/16506","targetHints":{"allow":["GET"]}}],"collection":[{"href":"https:\/\/www.hydraulic-cylinders.net\/lv\/wp-json\/wp\/v2\/product"}],"about":[{"href":"https:\/\/www.hydraulic-cylinders.net\/lv\/wp-json\/wp\/v2\/types\/product"}],"replies":[{"embeddable":true,"href":"https:\/\/www.hydraulic-cylinders.net\/lv\/wp-json\/wp\/v2\/comments?post=16506"}],"wp:featuredmedia":[{"embeddable":true,"href":"https:\/\/www.hydraulic-cylinders.net\/lv\/wp-json\/wp\/v2\/media\/14786"}],"wp:attachment":[{"href":"https:\/\/www.hydraulic-cylinders.net\/lv\/wp-json\/wp\/v2\/media?parent=16506"}],"wp:term":[{"taxonomy":"product_brand","embeddable":true,"href":"https:\/\/www.hydraulic-cylinders.net\/lv\/wp-json\/wp\/v2\/product_brand?post=16506"},{"taxonomy":"product_cat","embeddable":true,"href":"https:\/\/www.hydraulic-cylinders.net\/lv\/wp-json\/wp\/v2\/product_cat?post=16506"},{"taxonomy":"product_tag","embeddable":true,"href":"https:\/\/www.hydraulic-cylinders.net\/lv\/wp-json\/wp\/v2\/product_tag?post=16506"}],"curies":[{"name":"wp","href":"https:\/\/api.w.org\/{rel}","templated":true}]}}