{"id":16514,"date":"2025-01-21T05:30:46","date_gmt":"2025-01-21T05:30:46","guid":{"rendered":"https:\/\/www.hydraulic-cylinders.net\/product\/arm-cylinder-for-liugong-large-excavator-clg936d\/"},"modified":"2025-01-21T05:30:48","modified_gmt":"2025-01-21T05:30:48","slug":"arm-cylinder-for-liugong-large-excavator-clg936d","status":"publish","type":"product","link":"https:\/\/www.hydraulic-cylinders.net\/lv\/products\/arm-cylinder-for-liugong-large-excavator-clg936d\/","title":{"rendered":"Liugong liel\u0101 ekskavatora CLG936D rokas cilindrs"},"content":{"rendered":"<p>Liugong liel\u0101 ekskavatora CLG936D rokas cilindrs<\/p>\n<p>Ievads<\/p>\n<p>Sviras cilindrs ir specializ\u0113ts hidrauliskais cilindrs, ko galvenok\u0101rt izmanto, lai nodro\u0161in\u0101tu line\u0101ru kust\u012bbu un jaudu da\u017e\u0101du veidu ma\u0161\u012bnu, piem\u0113ram, ekskavatoru, celt\u0146u un meh\u0101nisko sviru, svir\u0101m. Sviras cilindram ir iz\u0161\u0137iro\u0161a noz\u012bme hidrauliskaj\u0101 sist\u0113m\u0101, \u013caujot pielikumiem vai piederumiem efekt\u012bvi p\u0101rvietoties un vad\u012bties. \u0160ie cilindri ne tikai nodro\u0161ina vienm\u0113r\u012bgu kust\u012bbu, bet ar\u012b iztur lielas slodzes, nodro\u0161inot ma\u0161\u012bnu efekt\u012bvu darb\u012bbu un uzticam\u012bbu da\u017e\u0101dos ekspluat\u0101cijas apst\u0101k\u013cos.<\/p>\n<p>Defin\u012bcija un skaidrojums<\/p>\n<p>Sviras cilindrs ir hidrauliskais cilindrs, kas nodro\u0161ina jaudu un line\u0101ru kust\u012bbu ekskavatora svirai. T\u0101 ir b\u016btiska hidraulisk\u0101s sist\u0113mas sast\u0101vda\u013ca, kas nodro\u0161ina vienm\u0113r\u012bgu un efekt\u012bvu ekskavatora darb\u012bbu. Sviras cilindrs ir izgatavots no augstas iztur\u012bbas materi\u0101liem, kas nodro\u0161ina iztur\u012bbu un ilgm\u016b\u017e\u012bbu. Tas ir paredz\u0113ts, lai iztur\u0113tu skarbus apst\u0101k\u013cus un lielas slodzes.<\/p>\n<p>Funkcijas<\/p>\n<p>Liugong liel\u0101 ekskavatora CLG936D rokas cilindram ir \u0161\u0101das \u012bpa\u0161\u012bbas:<\/p>\n<p>1. Efekt\u012bva jaudas p\u0101rvade: Sviras cilindrs nodro\u0161ina jaud\u012bgu line\u0101ru kust\u012bbu un sp\u0113ku ekskavatora svirai, garant\u0113jot augstu darb\u012bbas efektivit\u0101ti.<\/p>\n<p>2. Prec\u012bza vad\u012bba: Sviras cilindrs izmanto hidraulisko sist\u0113mu, lai pan\u0101ktu prec\u012bzu kust\u012bbas vad\u012bbu, padarot pielikumu darb\u012bbu elast\u012bg\u0101ku un prec\u012bz\u0101ku.<\/p>\n<p>3. Augsta iztur\u012bba: Sviras cilindrs ir izgatavots no augstas iztur\u012bbas materi\u0101liem, kas nodro\u0161ina izcilu nodilumiztur\u012bbu un korozijas iztur\u012bbu, padarot to piem\u0113rotu ilgsto\u0161ai lieto\u0161anai skarbos apst\u0101k\u013cos.<\/p>\n<p>4. Daudzpus\u012bga piel\u0101go\u0161an\u0101s sp\u0113ja: Sviru cilindri tiek pla\u0161i izmantoti da\u017e\u0101d\u0101s meh\u0101nisk\u0101s iek\u0101rt\u0101s, piem\u0113ram, ekskavatoros, celt\u0146os un meh\u0101niskaj\u0101s svir\u0101s, lai piel\u0101gotos da\u017e\u0101d\u0101m darba pras\u012bb\u0101m.<\/p>\n<p>5. Vienk\u0101r\u0161a apkope: Sviras cilindra konstrukcija ir veidota t\u0101, lai to b\u016btu viegli apkopt un nomain\u012bt, padarot regul\u0101ras p\u0101rbaudes un apkopi \u0113rt\u0101ku un samazinot iek\u0101rtu d\u012bkst\u0101ves laiku.<\/p>\n<p>Produktu ra\u017eo\u0161ana<\/p>\n<p>M\u016bsu uz\u0146\u0113mums var ra\u017eot sviras cilindrus, kas ir ide\u0101ls aizvietot\u0101js \u0161iem hidrauliskajiem cilindriem. Mums ir zin\u0101\u0161anas, pieredze un tehnolo\u0123ijas, lai ra\u017eotu augstas kvalit\u0101tes sviras cilindrus, kas atbilst vis\u0101m nepiecie\u0161amaj\u0101m specifik\u0101cij\u0101m. M\u016bsu produkti ir \u013coti efekt\u012bvi, uzticami un rentabli.<\/p>\n<p>Pieteikums<\/p>\n<p>Sviru cilindri tiek pla\u0161i izmantoti da\u017e\u0101d\u0101s nozar\u0113s, tostarp:<\/p>\n<p>1. \u0112ku b\u016bvniec\u012bba: Ekskavatoros un celt\u0146os kausa vai celt\u0146a sviras kust\u012bbu kontrol\u0113 sviras cilindri, \u013caujot veikt zemes darbus, materi\u0101lu apstr\u0101di un konstrukciju uzst\u0101d\u012b\u0161anu.<\/p>\n<p>2. Ra\u017eo\u0161ana: Automatiz\u0113t\u0101s ra\u017eo\u0161anas l\u012bnij\u0101s sviru cilindri kontrol\u0113 meh\u0101nisko sviru kust\u012bbu mont\u0101\u017eas, metin\u0101\u0161anas un apstr\u0101des laik\u0101, uzlabojot ra\u017eo\u0161anas efektivit\u0101ti un precizit\u0101ti.<\/p>\n<p>3. Lauksaimniec\u012bba: Lauksaimniec\u012bbas ma\u0161\u012bn\u0101s, piem\u0113ram, kombainos un s\u0113jma\u0161\u012bn\u0101s, sviras cilindri kontrol\u0113 vad\u012bbas sviras kust\u012bbu, veicot t\u0101dus uzdevumus k\u0101 s\u0113\u0161ana, m\u0113slo\u0161ana un ra\u017eas nov\u0101k\u0161ana.<\/p>\n<p>4. Kalnr\u016bpniec\u012bba: Kalnr\u016bpniec\u012bbas iek\u0101rt\u0101s rokas cilindrus izmanto, lai kontrol\u0113tu kalnr\u016bpniec\u012bbas iek\u0101rtu rokas kust\u012bbu, piem\u0113ram, r\u016bdas ieguvi un transport\u0113\u0161anu.<\/p>\n<p>5. Lo\u0123istika un transport\u0113\u0161ana: Iekr\u0101v\u0113jos un apstr\u0101des robotos roku cilindri kontrol\u0113 dak\u0161u pacel\u0161anu un kust\u012bbu, atvieglojot materi\u0101lu apstr\u0101di un sakrau\u0161anu.<\/p>\n<p>Dizaina apsv\u0113rumi un atlases krit\u0113riji<\/p>\n<p>Sviru cilindru projekt\u0113\u0161anas un izv\u0113les krit\u0113rijos j\u0101\u0146em v\u0113r\u0101 \u0161\u0101di faktori:<\/p>\n<p>1. Celtsp\u0113ja: Sviras cilindram j\u0101sp\u0113j iztur\u0113t ekskavatora maksim\u0101lo celtsp\u0113ju.<\/p>\n<p>2. Bl\u012bv\u0113jums: Sviru cilindriem j\u0101izmanto da\u017e\u0101di bl\u012bv\u0113jumi, piem\u0113ram, virzu\u013ca bl\u012bv\u0113jumi un stie\u0146a bl\u012bv\u0113jumi, kas izgatavoti no nodilumiztur\u012bgiem materi\u0101liem, piem\u0113ram, poliuret\u0101na un nitrila gumijas.<\/p>\n<p>3. Iztur\u012bba: Cilindra korpusam un v\u012bt\u0146otajai gala virsmai j\u0101veic prec\u012bza apstr\u0101de, lai nodro\u0161in\u0101tu nodilumiztur\u012bbu.<\/p>\n<p>4. Dro\u0161\u012bba: Sviras cilindram j\u0101b\u016bt konstru\u0113tam t\u0101, lai nov\u0113rstu negad\u012bjumus, iek\u013caujot dro\u0161\u012bbas funkcijas, piem\u0113ram, spiediena samazin\u0101\u0161anas v\u0101rstus un aizsargp\u0101rsegus.<\/p>\n<p>5. Apkope: Sviru cilindriem j\u0101b\u016bt konstru\u0113tiem t\u0101, lai tos b\u016btu viegli apkopt un nomain\u012bt, piem\u0113ram, nodro\u0161inot \u0113rtu piek\u013cuvi bl\u012bv\u0113m, stie\u0146iem un virzu\u013cu galv\u0101m.<\/p>\n<p>Bl\u012bv\u0113\u0161ana un e\u013c\u013co\u0161ana<\/p>\n<p>Lai nodro\u0161in\u0101tu uzticamu un efekt\u012bvu darb\u012bbu, sviras cilindriem ir nepiecie\u0161ams atbilsto\u0161s bl\u012bv\u0113jums un e\u013c\u013co\u0161ana. Sviras cilindros tiek izmantoti da\u017e\u0101di bl\u012bv\u0113jumi, piem\u0113ram, virzu\u013ca bl\u012bv\u0113jumi un stie\u0146a bl\u012bv\u0113jumi, lai nov\u0113rstu \u0161\u0137idruma nopl\u016bdi. Lai nodro\u0161in\u0101tu iztur\u012bbu, j\u0101izmanto augstas kvalit\u0101tes bl\u012bv\u0113jumi, kas izgatavoti no nodilumiztur\u012bgiem materi\u0101liem, piem\u0113ram, poliuret\u0101na un nitrila gumijas. Cilindra korpuss un v\u012bt\u0146ot\u0101 gala virsma ir r\u016bp\u012bgi j\u0101apstr\u0101d\u0101, lai nodro\u0161in\u0101tu nodilumiztur\u012bbu. Lai uztur\u0113tu sviras cilindra veiktsp\u0113ju, ir nepiecie\u0161ama regul\u0101ra t\u0101 apkope, tostarp piem\u0113rotas hidraulisk\u0101s e\u013c\u013cas pievieno\u0161ana.<\/p>\n<p>Prevent\u012bv\u0101 apkope un probl\u0113mu nov\u0113r\u0161ana<\/p>\n<p>Pareiza apkope un savlaic\u012bga probl\u0113mu nov\u0113r\u0161ana var pagarin\u0101t sviras cilindru kalpo\u0161anas laiku. Regul\u0101ra sviras cilindru p\u0101rbaude ir nepiecie\u0161ama, lai identific\u0113tu visas iesp\u0113jam\u0101s probl\u0113mas un nov\u0113rstu iek\u0101rtu d\u012bkst\u0101vi. Bie\u017ei sastopamas probl\u0113mas ir e\u013c\u013cas nopl\u016bde, cilindra nob\u012bde un salauzts virzu\u013ca stienis. Probl\u0113mu nov\u0113r\u0161anas padomi ietver \u0161\u0137idruma l\u012bme\u0146a p\u0101rbaudi, bl\u012bv\u0113jumu p\u0101rbaudi un nolietoto deta\u013cu t\u016bl\u012bt\u0113ju nomai\u0146u. Pareiza uzst\u0101d\u012b\u0161ana, lieto\u0161ana un apkope ir b\u016btiska, lai nov\u0113rstu probl\u0113mas un nodro\u0161in\u0101tu uzticamu darb\u012bbu.<\/p>\n<p>Instal\u0101cijas rokasgr\u0101mata<\/p>\n<p>Sviru cilindru uzst\u0101d\u012b\u0161anai ir nepiecie\u0161amas specializ\u0113tas prasmes, un ir svar\u012bgi iev\u0113rot ra\u017eot\u0101ja nor\u0101d\u012bjumus. Uzst\u0101d\u012b\u0161anas procesam j\u0101veic \u0161\u0101das darb\u012bbas:<\/p>\n<p>1. No\u0146emiet veco cilindru un p\u0101rbaudiet stiprin\u0101juma vietu.<\/p>\n<p>2. P\u0101rbaudiet jaun\u0101 sviras cilindra specifik\u0101cijas un p\u0101rliecinieties, vai tas ir sader\u012bgs ar ekskavatoru.<\/p>\n<p>3. Uzst\u0101diet jauno sviras cilindru, izl\u012bdzinot mont\u0101\u017eas caurumus.<\/p>\n<p>4. Pievelciet skr\u016bves atbilsto\u0161i ra\u017eot\u0101ja specifik\u0101cij\u0101m.<\/p>\n<p>5. P\u0101rbaudiet sviras cilindru un p\u0101rbaudiet, vai nav nopl\u016b\u017eu.<\/p>\n<p>Dro\u0161\u012bbas apsv\u0113rumi un vides faktori<\/p>\n<p>Dro\u0161\u012bba ir kritiski svar\u012bgs apsv\u0113rums, lietojot sviras cilindrus. Operatoriem j\u0101iev\u0113ro visas dro\u0161\u012bbas vadl\u012bnijas un prakse, piem\u0113ram, j\u0101valk\u0101 aizsargl\u012bdzek\u013ci, j\u0101iev\u0113ro dro\u0161a distance un j\u0101izvair\u0101s no p\u0113k\u0161\u0146\u0101m kust\u012bb\u0101m. Vides faktori, piem\u0113ram, temperat\u016bra un mitrums, var ietekm\u0113t sviras cilindru darb\u012bbu. Ir svar\u012bgi nodro\u0161in\u0101t, lai sviras cilindrs b\u016btu sader\u012bgs ar darba vidi.<\/p>\n<p>Secin\u0101jums<\/p>\n<p>M\u016bsu uz\u0146\u0113mums ir profesion\u0101ls hidraulisko cilindru ra\u017eot\u0101js un izplat\u012bt\u0101js, kas nodro\u0161ina pla\u0161u hidraulisko cilindru kl\u0101stu viet\u0113jam un starptautiskajam tirgum. M\u0113s lepojamies ar izcilu kvalit\u0101ti, sare\u017e\u0123\u012btiem ra\u017eo\u0161anas procesiem un nep\u0101rtrauktu tehnolo\u0123iju un ra\u017eo\u0161anas efektivit\u0101tes uzlabo\u0161anu. M\u016bsu svircilindri ir rentabli, efekt\u012bvi un uzticami, apmierinot klientu da\u017e\u0101d\u0101s vajadz\u012bbas. M\u0113s pied\u0101v\u0101jam virkni pakalpojumu, tostarp piel\u0101go\u0161anu, ra\u017eo\u0161anu un p\u0113cp\u0101rdo\u0161anas atbalstu, lai nodro\u0161in\u0101tu klientu apmierin\u0101t\u012bbu.<\/p>\n<p>Autors lyl<\/p>","protected":false},"excerpt":{"rendered":"<p>Arm Cylinder For Liugong Large Excavator CLG936D Introduction Arm Cylinder is a specialized hydraulic cylinder that is mainly used to provide linear motion and power to the arms of various types of machinery such as excavators, cranes, and mechanical arms. The arm cylinder plays a crucial role in the hydraulic system, allowing attachments or accessories [&hellip;]<\/p>","protected":false},"featured_media":14763,"comment_status":"open","ping_status":"closed","template":"","meta":{"_et_pb_use_builder":"","_et_pb_old_content":"","_et_gb_content_width":""},"product_brand":[],"product_cat":[1497],"product_tag":[1498,1496],"class_list":{"0":"post-16514","1":"product","2":"type-product","3":"status-publish","4":"has-post-thumbnail","6":"product_cat-arm-cylinders","7":"product_tag-arm-cylinders","8":"product_tag-hydraulic-cylinders","10":"first","11":"instock","12":"shipping-taxable","13":"product-type-simple"},"amp_enabled":true,"_links":{"self":[{"href":"https:\/\/www.hydraulic-cylinders.net\/lv\/wp-json\/wp\/v2\/product\/16514","targetHints":{"allow":["GET"]}}],"collection":[{"href":"https:\/\/www.hydraulic-cylinders.net\/lv\/wp-json\/wp\/v2\/product"}],"about":[{"href":"https:\/\/www.hydraulic-cylinders.net\/lv\/wp-json\/wp\/v2\/types\/product"}],"replies":[{"embeddable":true,"href":"https:\/\/www.hydraulic-cylinders.net\/lv\/wp-json\/wp\/v2\/comments?post=16514"}],"wp:featuredmedia":[{"embeddable":true,"href":"https:\/\/www.hydraulic-cylinders.net\/lv\/wp-json\/wp\/v2\/media\/14763"}],"wp:attachment":[{"href":"https:\/\/www.hydraulic-cylinders.net\/lv\/wp-json\/wp\/v2\/media?parent=16514"}],"wp:term":[{"taxonomy":"product_brand","embeddable":true,"href":"https:\/\/www.hydraulic-cylinders.net\/lv\/wp-json\/wp\/v2\/product_brand?post=16514"},{"taxonomy":"product_cat","embeddable":true,"href":"https:\/\/www.hydraulic-cylinders.net\/lv\/wp-json\/wp\/v2\/product_cat?post=16514"},{"taxonomy":"product_tag","embeddable":true,"href":"https:\/\/www.hydraulic-cylinders.net\/lv\/wp-json\/wp\/v2\/product_tag?post=16514"}],"curies":[{"name":"wp","href":"https:\/\/api.w.org\/{rel}","templated":true}]}}