{"id":16523,"date":"2025-01-21T05:31:26","date_gmt":"2025-01-21T05:31:26","guid":{"rendered":"https:\/\/www.hydraulic-cylinders.net\/product\/arm-cylinder-for-xgma-middle-excavator-xg820\/"},"modified":"2025-01-21T05:31:28","modified_gmt":"2025-01-21T05:31:28","slug":"arm-cylinder-for-xgma-middle-excavator-xg820","status":"publish","type":"product","link":"https:\/\/www.hydraulic-cylinders.net\/lv\/products\/arm-cylinder-for-xgma-middle-excavator-xg820\/","title":{"rendered":"Sviras cilindrs XGMA vid\u0113jam ekskavatoram XG820"},"content":{"rendered":"<h1>Sviras cilindrs XGMA vid\u0113jam ekskavatoram XG820<\/h1>\n<h2>Defin\u012bcija un skaidrojums<\/h2>\n<p>Sviras cilindrs ir speci\u0101li izstr\u0101d\u0101ts hidrauliskais cilindrs, kas nodro\u0161ina line\u0101ru kust\u012bbu un jaudu da\u017e\u0101du veidu ma\u0161\u012bnu, piem\u0113ram, ekskavatoru, celt\u0146u un robotiz\u0113tu roku, svir\u0101m. Sviras cilindram ir iz\u0161\u0137iro\u0161a noz\u012bme hidrauliskaj\u0101s sist\u0113m\u0101s, nodro\u0161inot efekt\u012bvu papildu instrumentu vai stiprin\u0101jumu kust\u012bbu un vad\u012bbu. \u0160ie cilindri ne tikai nodro\u0161ina vienm\u0113r\u012bgu kust\u012bbu, bet ar\u012b iztur lielas slodzes, nodro\u0161inot ma\u0161\u012bnu efekt\u012bvu darb\u012bbu un uzticam\u012bbu da\u017e\u0101dos ekspluat\u0101cijas apst\u0101k\u013cos.<\/p>\n<p><img decoding=\"async\" src=\"https:\/\/www.hydraulic-cylinders.net\/wp-content\/uploads\/2025\/01\/songte-company-2.webp\"><\/p>\n<h2>Funkcijas<\/h2>\n<ul>\n<li>\n<h3>Augstas efektivit\u0101tes p\u0101rraide<\/h3>\n<p>Sviras cilindrs nodro\u0161ina jaud\u012bgu line\u0101ru kust\u012bbu un sp\u0113ku, garant\u0113jot meh\u0101nisk\u0101s sviras augstu efektivit\u0101ti da\u017e\u0101d\u0101s darb\u012bb\u0101s.<\/p>\n<\/li>\n<li>\n<h3>Prec\u012bza kontrole<\/h3>\n<p>Izmantojot hidraulisko sist\u0113mu, rokas cilindrs nodro\u0161ina prec\u012bzu kust\u012bbas kontroli, padarot papildu instrumentu darb\u012bbu elast\u012bg\u0101ku un prec\u012bz\u0101ku.<\/p>\n<\/li>\n<li>\n<h3>Iztur\u012bba<\/h3>\n<p>Sviru cilindri parasti tiek ra\u017eoti, izmantojot augstas iztur\u012bbas materi\u0101lus, un tiem ir laba nodilumiztur\u012bba un iztur\u012bba pret koroziju, padarot tos piem\u0113rotus ilgsto\u0161ai lieto\u0161anai skarbos apst\u0101k\u013cos.<\/p>\n<\/li>\n<li>\n<h3>Daudzfunkcion\u0101la piel\u0101go\u0161an\u0101s sp\u0113ja<\/h3>\n<p>\u0160os cilindrus var pla\u0161i izmantot da\u017e\u0101da veida ma\u0161\u012bn\u0101s, piem\u0113ram, ekskavatoros, celt\u0146os un robotiz\u0113t\u0101s rok\u0101s, piel\u0101gojoties da\u017e\u0101d\u0101m darba pras\u012bb\u0101m.<\/p>\n<\/li>\n<li>\n<h3>Vienk\u0101r\u0161a apkope<\/h3>\n<p>Projekt\u0113jot \u0146emta v\u0113r\u0101 apkopes un nomai\u0146as vienk\u0101r\u0161\u012bba, padarot regul\u0101ras p\u0101rbaudes un apkopi \u0113rt\u0101ku, k\u0101 ar\u012b samazinot iek\u0101rtu d\u012bkst\u0101ves laiku.<\/p>\n<\/li>\n<\/ul>\n<p><img decoding=\"async\" src=\"https:\/\/www.hydraulic-cylinders.net\/wp-content\/uploads\/2025\/01\/songte-oil-pipes-and-spare-parts.webp\"><\/p>\n<h2>Pieteikumi<\/h2>\n<ul>\n<li>\n<h3>B\u016bvniec\u012bbas in\u017eenierija<\/h3>\n<p>Ekskavatoros un celt\u0146os str\u0113les cilindri tiek izmantoti, lai kontrol\u0113tu kausu vai str\u0113les kust\u012bbu zemes darbos, materi\u0101lu apstr\u0101d\u0113 un konstrukciju uzst\u0101d\u012b\u0161an\u0101.<\/p>\n<\/li>\n<li>\n<h3>Ra\u017eo\u0161anas nozare<\/h3>\n<p>Automatiz\u0113t\u0101s ra\u017eo\u0161anas l\u012bnij\u0101s robotiz\u0113tu roku p\u0101rvieto\u0161anai tiek izmantoti roku cilindri, kas nodro\u0161ina t\u0101dus procesus k\u0101 mont\u0101\u017ea, metin\u0101\u0161ana un materi\u0101lu apstr\u0101de, uzlabojot ra\u017eo\u0161anas efektivit\u0101ti un precizit\u0101ti.<\/p>\n<\/li>\n<li>\n<h3>Lauksaimniec\u012bbas tehnika<\/h3>\n<p>Lauksaimniec\u012bbas ma\u0161\u012bn\u0101s, piem\u0113ram, kombainos un s\u0113jma\u0161\u012bn\u0101s, sviru cilindri kontrol\u0113 vad\u012bbas sviru kust\u012bbu t\u0101diem uzdevumiem k\u0101 s\u0113\u0161ana, m\u0113slo\u0161ana un ra\u017eas nov\u0101k\u0161ana.<\/p>\n<\/li>\n<li>\n<h3>Kalnr\u016bpniec\u012bba<\/h3>\n<p>Kalnr\u016bpniec\u012bbas iek\u0101rt\u0101s sviru cilindri tiek izmantoti, lai kontrol\u0113tu kalnr\u016bpniec\u012bbas iek\u0101rtu sviru kust\u012bbu r\u016bdas ieguvei un transport\u0113\u0161anai.<\/p>\n<\/li>\n<li>\n<h3>Lo\u0123istika un transports<\/h3>\n<p>Iekr\u0101v\u0113jos un apstr\u0101des robotos roku cilindri tiek izmantoti, lai kontrol\u0113tu dak\u0161u pacel\u0161anu un kust\u012bbu, nodro\u0161inot materi\u0101lu apstr\u0101di un sakrau\u0161anu.<\/p>\n<\/li>\n<\/ul>\n<h2>Dizaina apsv\u0113rumi un atlases krit\u0113riji<\/h2>\n<ul>\n<li>\n<h3>Nestsp\u0113ja<\/h3>\n<p>Sviras cilindra sp\u0113ja iztur\u0113t slodzes ir galvenais konstrukcijas apsv\u0113rums. Tam j\u0101b\u016bt projekt\u0113tam t\u0101, lai tas iztur\u0113tu maksim\u0101l\u0101s paredzam\u0101s slodzes konkr\u0113taj\u0101 lietojum\u0101.<\/p>\n<\/li>\n<li>\n<h3>Bl\u012bv\u0113\u0161ana<\/h3>\n<p>Tiek izmantoti da\u017e\u0101di bl\u012bv\u0113\u0161anas elementi, piem\u0113ram, virzu\u013ca bl\u012bvsl\u0113gi \u200b\u200bun stie\u0146u bl\u012bvsl\u0113gi, kas izgatavoti no nodilumiztur\u012bgiem materi\u0101liem, piem\u0113ram, poliuret\u0101na un nitrila gumijas. Cilindra korpuss un v\u012bt\u0146otie gali ir smalki apstr\u0101d\u0101ti, lai uzlabotu nodilumiztur\u012bbu. Nepiecie\u0161ama regul\u0101ra e\u013c\u013co\u0161ana ar hidraulisko e\u013c\u013cu.<\/p>\n<\/li>\n<li>\n<h3>Iztur\u012bba<\/h3>\n<p>Sviru cilindri ir konstru\u0113ti t\u0101, lai tie b\u016btu iztur\u012bgi un notur\u012bgi pret nodilumu un koroziju, nodro\u0161inot ilgu kalpo\u0161anas laiku pat skarbos darba apst\u0101k\u013cos.<\/p>\n<\/li>\n<li>\n<h3>Dro\u0161\u012bba<\/h3>\n<p>Dro\u0161\u012bbas apsv\u0113rumi ietver t\u0101du dro\u0161\u012bbas elementu k\u0101 spiediena samazin\u0101\u0161anas v\u0101rstu iek\u013cau\u0161anu un attiec\u012bgo dro\u0161\u012bbas standartu iev\u0113ro\u0161anu projekt\u0113\u0161anas un ra\u017eo\u0161anas proces\u0101.<\/p>\n<\/li>\n<li>\n<h3>Uzturam\u012bba<\/h3>\n<p>Projektam j\u0101veicina vienk\u0101r\u0161a apkope un deta\u013cu nomai\u0146a, samazinot d\u012bkst\u0101ves laiku un nodro\u0161inot efekt\u012bvu darb\u012bbu.<\/p>\n<\/li>\n<\/ul>\n<p><img decoding=\"async\" src=\"https:\/\/www.hydraulic-cylinders.net\/wp-content\/uploads\/2025\/01\/songte-cylinder-head-with-all-kinds-excavator-models.webp\"><\/p>\n<h2>Regul\u0101ra p\u0101rbaude un profilaktisk\u0101 apkope<\/h2>\n<ul>\n<li>\n<p>Regul\u0101ri p\u0101rbaudiet sviras cilindru, vai nav nopl\u016b\u017eu, nodiluma vai boj\u0101jumu paz\u012bmju.<\/p>\n<\/li>\n<li>\n<p>P\u0101rbaudiet un uzturiet atbilsto\u0161u hidraulisk\u0101s e\u013c\u013cas l\u012bmeni un t\u012br\u012bbu.<\/p>\n<\/li>\n<li>\n<p>P\u0101rbaudiet un nomainiet nolietot\u0101s vai boj\u0101t\u0101s bl\u012bves un citas sast\u0101vda\u013cas, ja nepiecie\u0161ams.<\/p>\n<\/li>\n<li>\n<p>P\u0101rliecinieties, vai visi savienojumi un stiprin\u0101jumi ir cie\u0161i un dro\u0161i.<\/p>\n<\/li>\n<li>\n<p>Iev\u0113rojiet ra\u017eot\u0101ja ieteikto apkopes grafiku un proced\u016bras.<\/p>\n<\/li>\n<\/ul>\n<h2>Produkta uzst\u0101d\u012b\u0161anas rokasgr\u0101mata<\/h2>\n<p>1. Sagatavojiet uzst\u0101d\u012b\u0161anai nepiecie\u0161amos instrumentus un apr\u012bkojumu, tostarp cel\u0161anas ier\u012bces un atbilsto\u0161u dro\u0161\u012bbas apr\u012bkojumu.<\/p>\n<p>2. Pirms uzst\u0101d\u012b\u0161anas procesa s\u0101k\u0161anas p\u0101rliecinieties, vai ekskavators atrodas stabil\u0101 un dro\u0161\u0101 st\u0101vokl\u012b.<\/p>\n<p>3. Uzman\u012bgi no\u0146emiet veco sviras cilindru, piev\u0113r\u0161ot uzman\u012bbu t\u0101 orient\u0101cijai un savienojumiem.<\/p>\n<p>4. Not\u012briet stiprin\u0101juma virsmas un p\u0101rbaudiet, vai nav boj\u0101jumu vai nodiluma.<\/p>\n<p>5. Novietojiet jauno sviras cilindru viet\u0101, izl\u012bdzinot to ar mont\u0101\u017eas caurumiem.<\/p>\n<p>6. Dro\u0161i nostipriniet cilindru, izmantojot atbilsto\u0161as \u200b\u200bskr\u016bves vai tapas.<\/p>\n<p>7. Pievienojiet hidraulisk\u0101s \u0161\u013c\u016btenes vai caurules atbilsto\u0161aj\u0101m piesl\u0113gviet\u0101m, nodro\u0161inot pareizu izl\u012bdzin\u0101\u0161anu un cie\u0161us savienojumus.<\/p>\n<p>8. V\u0113lreiz p\u0101rbaudiet visu savienojumu un veidgabalu stingr\u012bbu.<\/p>\n<p>9. P\u0101rbaudiet sviras cilindra pareizu darb\u012bbu un p\u0101rliecinieties, vai nav nopl\u016b\u017eu.<\/p>\n<p>10. Kad uzst\u0101d\u012b\u0161ana ir pabeigta un viss darbojas pareizi, no\u0146emiet no darba zonas visus instrumentus vai apr\u012bkojumu un veiciet gal\u012bgo p\u0101rbaudi.<\/p>\n<p><img decoding=\"async\" src=\"https:\/\/www.hydraulic-cylinders.net\/wp-content\/uploads\/2025\/01\/songte-bushings-with-all-kinds-of-excavator-models.webp\"><\/p>\n<h2>Dro\u0161\u012bbas apsv\u0113rumi un vides faktori<\/h2>\n<p>Izmantojot sviras cilindrus, ir svar\u012bgi iev\u0113rot atbilsto\u0161us dro\u0161\u012bbas pas\u0101kumus, lai nov\u0113rstu negad\u012bjumus un traumas. Tas ietver individu\u0101lo aizsardz\u012bbas l\u012bdzek\u013cu, piem\u0113ram, cimdu un aizsargbri\u013c\u013cu, lieto\u0161anu, k\u0101 ar\u012b atbilsto\u0161as \u200b\u200bapm\u0101c\u012bbas un kvalifik\u0101cijas nodro\u0161in\u0101\u0161anu iek\u0101rtu lieto\u0161anai.<\/p>\n<h2>Probl\u0113mu nov\u0113r\u0161ana un bie\u017ei sastopamas probl\u0113mas<\/h2>\n<p>1. Probl\u0113ma: Nopl\u016bde no sviras cilindra.<\/p>\n<p>Risin\u0101jums: P\u0101rbaudiet un nomainiet bl\u012bves vai citas sast\u0101vda\u013cas, kas izraisa nopl\u016bdi. P\u0101rliecinieties, vai visi savienojumi ir pareizi uzst\u0101d\u012bti un pievilkti.<\/p>\n<p>2. Probl\u0113ma: Nekonsekventa vai saraust\u012bta rokas kust\u012bba.<\/p>\n<p>Risin\u0101jums: P\u0101rbaudiet, vai cilindr\u0101 vai hidrauliskaj\u0101 sist\u0113m\u0101 nav aizsprostojumu vai boj\u0101jumu. Not\u012briet vai salabojiet, ja nepiecie\u0161ams.<\/p>\n<p>3. Probl\u0113ma: V\u0101ja vai nepietiekama rokas jauda.<\/p>\n<p>Risin\u0101jums: P\u0101rbaudiet hidraulisko sist\u0113mu, vai spiediens un pl\u016bsma ir pareiza. P\u0101rbaudiet cilindru, vai nav iek\u0161\u0113ju boj\u0101jumu vai nodiluma. Piel\u0101gojiet vai salabojiet, ja nepiecie\u0161ams.<\/p>\n<p>4. Probl\u0113ma: P\u0101rm\u0113r\u012bgs troksnis rokas darb\u012bbas laik\u0101.<\/p>\n<p>Risin\u0101jums: P\u0101rbaudiet cilindru un citas sast\u0101vda\u013cas, vai nav va\u013c\u012bgu vai nodilu\u0161u deta\u013cu. Pievelciet vai nomainiet t\u0101s p\u0113c nepiecie\u0161am\u012bbas. Nodro\u0161iniet kust\u012bgo da\u013cu pareizu e\u013c\u013co\u0161anu.<\/p>\n<p><img decoding=\"async\" src=\"https:\/\/www.hydraulic-cylinders.net\/wp-content\/uploads\/2025\/01\/songte-chushion-collar.webp\"><\/p>\n<p>Atcerieties lo\u0123iski sak\u0101rtot rakstu, izmantojot apak\u0161virsrakstus, lai atvieglotu navig\u0101ciju. Iek\u013caujiet atbilsto\u0161us att\u0113lus vai diagrammas, lai uzlabotu izpratni. P\u0101rliecinieties, ka saturs ir skaidrs, kodol\u012bgs un piem\u0113rots las\u012bt\u0101jiem ar da\u017e\u0101diem tehnisko zin\u0101\u0161anu l\u012bme\u0146iem.<\/p>\n<p>Autors: lil<\/p>\n<h2>Par m\u016bsu uz\u0146\u0113mumu<\/h2>\n<p>M\u0113s esam profesion\u0101ls rezerves hidraulisko cilindru ra\u017eot\u0101js, kas pied\u0101v\u0101 pla\u0161u produktu kl\u0101stu. Esam k\u013cuvu\u0161i par vienu no vado\u0161ajiem hidraulisko cilindru ra\u017eot\u0101jiem un vairumtirgot\u0101jiem viet\u0113j\u0101 un starptautiskaj\u0101 tirg\u016b. M\u0113s iev\u0113rojam izcilas kvalit\u0101tes principu un pa\u013caujamies uz r\u016bpniecisk\u0101s ra\u017eo\u0161anas vad\u012bbas strat\u0113\u0123ij\u0101m m\u016bsu sare\u017e\u0123\u012btaj\u0101 ra\u017eo\u0161anas ceh\u0101, lai nep\u0101rtraukti uzlabotu savu tehnolo\u0123isko l\u012bmeni un ra\u017eo\u0161anas efektivit\u0101ti. Ievie\u0161ot modernas digit\u0101l\u0101s ra\u017eo\u0161anas iek\u0101rtas un<\/p>","protected":false},"excerpt":{"rendered":"<p>Arm Cylinder For XGMA Middle Excavator XG820 Definition and Explanation An arm cylinder is a specially designed hydraulic cylinder that provides linear motion and power to the arms of various types of machinery, such as excavators, cranes, and robotic arms. The arm cylinder plays a crucial role in hydraulic systems, enabling the effective movement and [&hellip;]<\/p>","protected":false},"featured_media":14766,"comment_status":"open","ping_status":"closed","template":"","meta":{"_et_pb_use_builder":"","_et_pb_old_content":"","_et_gb_content_width":""},"product_brand":[],"product_cat":[1497],"product_tag":[1498,1496],"class_list":{"0":"post-16523","1":"product","2":"type-product","3":"status-publish","4":"has-post-thumbnail","6":"product_cat-arm-cylinders","7":"product_tag-arm-cylinders","8":"product_tag-hydraulic-cylinders","10":"first","11":"instock","12":"shipping-taxable","13":"product-type-simple"},"amp_enabled":true,"_links":{"self":[{"href":"https:\/\/www.hydraulic-cylinders.net\/lv\/wp-json\/wp\/v2\/product\/16523","targetHints":{"allow":["GET"]}}],"collection":[{"href":"https:\/\/www.hydraulic-cylinders.net\/lv\/wp-json\/wp\/v2\/product"}],"about":[{"href":"https:\/\/www.hydraulic-cylinders.net\/lv\/wp-json\/wp\/v2\/types\/product"}],"replies":[{"embeddable":true,"href":"https:\/\/www.hydraulic-cylinders.net\/lv\/wp-json\/wp\/v2\/comments?post=16523"}],"wp:featuredmedia":[{"embeddable":true,"href":"https:\/\/www.hydraulic-cylinders.net\/lv\/wp-json\/wp\/v2\/media\/14766"}],"wp:attachment":[{"href":"https:\/\/www.hydraulic-cylinders.net\/lv\/wp-json\/wp\/v2\/media?parent=16523"}],"wp:term":[{"taxonomy":"product_brand","embeddable":true,"href":"https:\/\/www.hydraulic-cylinders.net\/lv\/wp-json\/wp\/v2\/product_brand?post=16523"},{"taxonomy":"product_cat","embeddable":true,"href":"https:\/\/www.hydraulic-cylinders.net\/lv\/wp-json\/wp\/v2\/product_cat?post=16523"},{"taxonomy":"product_tag","embeddable":true,"href":"https:\/\/www.hydraulic-cylinders.net\/lv\/wp-json\/wp\/v2\/product_tag?post=16523"}],"curies":[{"name":"wp","href":"https:\/\/api.w.org\/{rel}","templated":true}]}}