{"id":16527,"date":"2025-01-21T05:31:41","date_gmt":"2025-01-21T05:31:41","guid":{"rendered":"https:\/\/www.hydraulic-cylinders.net\/product\/arm-cylinder-for-xgma-middle-excavator-xg822el\/"},"modified":"2025-01-21T05:31:43","modified_gmt":"2025-01-21T05:31:43","slug":"arm-cylinder-for-xgma-middle-excavator-xg822el","status":"publish","type":"product","link":"https:\/\/www.hydraulic-cylinders.net\/lv\/products\/arm-cylinder-for-xgma-middle-excavator-xg822el\/","title":{"rendered":"Sviras cilindrs XGMA vid\u0113jam ekskavatoram XG822EL"},"content":{"rendered":"<h1>Sviras cilindrs XGMA vid\u0113jam ekskavatoram XG822EL<\/h1>\n<h2>Ievads<\/h2>\n<p>Sviras cilindrs ir speci\u0101li izstr\u0101d\u0101ts hidrauliskais cilindrs, kas nodro\u0161ina line\u0101ru kust\u012bbu un jaudu da\u017e\u0101du veidu ma\u0161\u012bnu, piem\u0113ram, ekskavatoru, celt\u0146u un meh\u0101nisko sviru, svirai. Sviras cilindram ir galven\u0101 loma hidrauliskaj\u0101s sist\u0113m\u0101s, \u013caujot efekt\u012bvi p\u0101rvietot un kontrol\u0113t papildu instrumentus vai stiprin\u0101jumus. \u0160ie cilindri ne tikai nodro\u0161ina vienm\u0113r\u012bgu kust\u012bbu, bet ar\u012b iztur lielas slodzes, nodro\u0161inot augstu darb\u012bbas efektivit\u0101ti un ma\u0161\u012bnu uzticam\u012bbu da\u017e\u0101dos darba apst\u0101k\u013cos.<\/p>\n<p><img decoding=\"async\" src=\"https:\/\/www.hydraulic-cylinders.net\/wp-content\/uploads\/2025\/01\/songte-company-2.webp\" alt=\"Sviras cilindra att\u0113ls\"><\/p>\n<h2>Funkcijas<\/h2>\n<ul>\n<li><strong>Augstas efektivit\u0101tes p\u0101rraide:<\/strong> Sviras cilindrs nodro\u0161ina jaud\u012bgu line\u0101ru kust\u012bbu un sp\u0113ku, garant\u0113jot meh\u0101nisk\u0101s sviras efekt\u012bvu darb\u012bbu da\u017e\u0101d\u0101s darb\u012bb\u0101s.<\/li>\n<li><strong>Prec\u012bza kontrole:<\/strong> Izmantojot hidraulisk\u0101s sist\u0113mas, rokas cilindrs nodro\u0161ina prec\u012bzu kust\u012bbas kontroli, padarot papildu instrumentu darb\u012bbu elast\u012bg\u0101ku un prec\u012bz\u0101ku.<\/li>\n<li><strong>Iztur\u012bba:<\/strong> Sviru cilindri parasti ir izgatavoti no augstas iztur\u012bbas materi\u0101liem ar izcilu nodilumiztur\u012bbu un korozijas iztur\u012bbu, padarot tos piem\u0113rotus ilgsto\u0161ai lieto\u0161anai skarbos apst\u0101k\u013cos.<\/li>\n<li><strong>Daudzfunkcion\u0101la piel\u0101go\u0161an\u0101s sp\u0113ja:<\/strong> \u0160os cilindrus var pla\u0161i izmantot da\u017e\u0101d\u0101s ma\u0161\u012bn\u0101s, piem\u0113ram, ekskavatoros, celt\u0146os un meh\u0101niskaj\u0101s svir\u0101s, piel\u0101gojoties da\u017e\u0101d\u0101m darba pras\u012bb\u0101m.<\/li>\n<li><strong>Vienk\u0101r\u0161a apkope:<\/strong> Projekt\u0113jot \u0146emta v\u0113r\u0101 apkopes un nomai\u0146as vienk\u0101r\u0161\u012bba, padarot regul\u0101ras p\u0101rbaudes un apkopi \u0113rt\u0101ku, samazinot iek\u0101rtu d\u012bkst\u0101ves laiku.<\/li>\n<\/ul>\n<p><img decoding=\"async\" src=\"https:\/\/www.hydraulic-cylinders.net\/wp-content\/uploads\/2025\/01\/songte-oil-pipes-and-spare-parts.webp\" alt=\"Produkta att\u0113ls\"><\/p>\n<h2>Pieteikumi<\/h2>\n<p>Sviras cilindrs tiek izmantots da\u017e\u0101d\u0101s nozar\u0113s:<\/p>\n<ul>\n<li><strong>B\u016bvniec\u012bbas in\u017eenierija:<\/strong> Ekskavatoros un celt\u0146os sviras cilindrs kontrol\u0113 kausa vai str\u0113les kust\u012bbu, atvieglojot zemes p\u0101rvieto\u0161anu, materi\u0101lu apstr\u0101di un konstrukciju uzst\u0101d\u012b\u0161anu.<\/li>\n<li><strong>Ra\u017eo\u0161ana:<\/strong> Automatiz\u0113t\u0101s ra\u017eo\u0161anas l\u012bnij\u0101s sviras cilindrs tiek izmantots meh\u0101nisko sviru kust\u012bbai, nodro\u0161inot t\u0101dus procesus k\u0101 mont\u0101\u017ea, metin\u0101\u0161ana un materi\u0101lu apstr\u0101de, t\u0101d\u0113j\u0101di uzlabojot ra\u017eo\u0161anas efektivit\u0101ti un precizit\u0101ti.<\/li>\n<li><strong>Lauksaimniec\u012bbas tehnika:<\/strong> Lauksaimniec\u012bbas ma\u0161\u012bn\u0101s, piem\u0113ram, kombainos un s\u0113jma\u0161\u012bn\u0101s, sviras cilindrs kontrol\u0113 vad\u012bbas sviras kust\u012bbu, veicot t\u0101dus uzdevumus k\u0101 s\u0113\u0161ana, m\u0113slo\u0161ana un ra\u017eas nov\u0101k\u0161ana.<\/li>\n<li><strong>Kalnr\u016bpniec\u012bba:<\/strong> Kalnr\u016bpniec\u012bbas iek\u0101rt\u0101s rokas cilindrs kontrol\u0113 kalnr\u016bpniec\u012bbas ma\u0161\u012bnu rokas kust\u012bbu, atvieglojot r\u016bdu ieguvi un transport\u0113\u0161anu.<\/li>\n<li><strong>Lo\u0123istika un transports:<\/strong> Iekr\u0101v\u0113jos un apstr\u0101des robotos rokas cilindrs kontrol\u0113 dak\u0161u pacel\u0161anu un kust\u012bbu, nodro\u0161inot materi\u0101lu apstr\u0101di un sakrau\u0161anu.<\/li>\n<\/ul>\n<h2>Dizaina apsv\u0113rumi un atlases krit\u0113riji<\/h2>\n<p>Izv\u0113loties cilindra rokturi, j\u0101\u0146em v\u0113r\u0101 vair\u0101ki faktori:<\/p>\n<ul>\n<li><strong>Nestsp\u0113ja:<\/strong> Balonam j\u0101b\u016bt pietiekami iztur\u012bgam, lai iztur\u0113tu slodzes, ar kur\u0101m tas saskarsies ekspluat\u0101cijas laik\u0101.<\/li>\n<li><strong>Bl\u012bv\u0113jums:<\/strong> Lai nodro\u0161in\u0101tu efekt\u012bvu bl\u012bv\u0113\u0161anu, j\u0101izmanto da\u017e\u0101di bl\u012bv\u0113\u0161anas komponenti, piem\u0113ram, virzu\u013ca bl\u012bvsl\u0113gi \u200b\u200bun stie\u0146a bl\u012bvsl\u0113gi. \u0160ie bl\u012bvsl\u0113gi \u200b\u200bir izgatavoti no nodilumiztur\u012bgiem materi\u0101liem, piem\u0113ram, poliuret\u0101na un nitrila gumijas.<\/li>\n<li><strong>Iztur\u012bba:<\/strong> Cilindra korpusam un v\u012bt\u0146otaj\u0101m gala virsm\u0101m j\u0101veic smalka apstr\u0101de, lai uzlabotu nodilumiztur\u012bbu.<\/li>\n<li><strong>Dro\u0161\u012bba:<\/strong> Projekt\u0113\u0161an\u0101 j\u0101iek\u013cauj dro\u0161\u012bbas elementi, lai nov\u0113rstu negad\u012bjumus un nodro\u0161in\u0101tu lietot\u0101ju dro\u0161\u012bbu.<\/li>\n<li><strong>Uzturam\u012bba:<\/strong> Projekt\u0113jot j\u0101\u0146em v\u0113r\u0101 regul\u0101ra e\u013c\u013co\u0161ana ar atbilsto\u0161u hidraulisko e\u013c\u013cu un \u0113rta piek\u013cuve apkopei un remontam.<\/li>\n<\/ul>\n<p><img decoding=\"async\" src=\"https:\/\/www.hydraulic-cylinders.net\/wp-content\/uploads\/2025\/01\/songte-cylinder-head-with-all-kinds-excavator-models.webp\" alt=\"Produkta att\u0113ls\"><\/p>\n<h2>Bl\u012bv\u0113\u0161ana un e\u013c\u013co\u0161ana<\/h2>\n<p>Sviras cilindr\u0101 tiek izmantoti da\u017e\u0101di bl\u012bv\u0113\u0161anas komponenti, piem\u0113ram, virzu\u013ca bl\u012bvsl\u0113gi \u200b\u200bun stie\u0146a bl\u012bvsl\u0113gi, kas izgatavoti no nodilumiztur\u012bgiem materi\u0101liem, piem\u0113ram, poliuret\u0101na un nitrila gumijas. Cilindra korpuss un v\u012bt\u0146ot\u0101s gala virsmas tiek r\u016bp\u012bgi apstr\u0101d\u0101tas, lai uzlabotu nodilumiztur\u012bbu. Lai nodro\u0161in\u0101tu vienm\u0113r\u012bgu darb\u012bbu un nov\u0113rstu nodilumu, ir nepiecie\u0161ama regul\u0101ra e\u013c\u013co\u0161ana ar atbilsto\u0161u hidraulisko e\u013c\u013cu.<\/p>\n<h2>Regul\u0101ra p\u0101rbaude un profilaktisk\u0101 apkope<\/h2>\n<p>Lai uztur\u0113tu optim\u0101lu cilindra veiktsp\u0113ju un ilgm\u016b\u017e\u012bbu, j\u0101veic regul\u0101ras p\u0101rbaudes un profilaktisk\u0101s apkopes pas\u0101kumi:<\/p>\n<ul>\n<li>P\u0101rbaudiet bl\u012bves un, ja nepiecie\u0161ams, nomainiet t\u0101s.<\/li>\n<li>P\u0101rbaudiet, vai nav nopl\u016b\u017eu paz\u012bmju, un nekav\u0113joties salabojiet vai nomainiet boj\u0101t\u0101s deta\u013cas.<\/li>\n<li>P\u0101rbaudiet cilindra korpusu, vai nav nodiluma vai boj\u0101jumu, un nov\u0113rsiet visas probl\u0113mas.<\/li>\n<li>Nodro\u0161iniet atbilsto\u0161u e\u013c\u013co\u0161anu un p\u0113c nepiecie\u0161am\u012bbas papildiniet hidraulisko e\u013c\u013cu.<\/li>\n<\/ul>\n<h2>Produkta uzst\u0101d\u012b\u0161anas rokasgr\u0101mata<\/h2>\n<p>Lai pareizi uzst\u0101d\u012btu sviras cilindru, veiciet t\u0101l\u0101k nor\u0101d\u012bt\u0101s darb\u012bbas.<\/p>\n<ol>\n<li>P\u0101rliecinieties, vai iek\u0101rta ir izsl\u0113gta un viss hidrauliskais spiediens ir atbr\u012bvots.<\/li>\n<li>No\u0146emiet jebkuru veco vai boj\u0101to cilindru.<\/li>\n<li>Pievienojiet jauno sviras cilindru, pareizi izl\u012bdzinot to ar stiprin\u0101juma punktiem.<\/li>\n<li>Cie\u0161i pievelciet skr\u016bves, lai nodro\u0161in\u0101tu pareizu uzst\u0101d\u012b\u0161anu.<\/li>\n<li>P\u0101rbaudiet, vai nav nopl\u016b\u017eu, un nov\u0113rsiet t\u0101s, ja t\u0101das ir.<\/li>\n<\/ol>\n<p><img decoding=\"async\" src=\"https:\/\/www.hydraulic-cylinders.net\/wp-content\/uploads\/2025\/01\/songte-bushings-with-all-kinds-of-excavator-models.webp\" alt=\"Produkta att\u0113ls\"><\/p>\n<h2>Dro\u0161\u012bbas apsv\u0113rumi un vides faktori<\/h2>\n<p>Izmantojot sviras cilindru, ir svar\u012bgi noteikt dro\u0161\u012bbas pas\u0101kumu priorit\u0101ti. Atbilsto\u0161u dro\u0161\u012bbas pas\u0101kumu ievie\u0161ana ir \u013coti svar\u012bga, lai izvair\u012btos no negad\u012bjumiem un aizsarg\u0101tu gan operatorus, gan apk\u0101rt\u0113jo vidi. Lai samazin\u0101tu traumu risku, j\u0101b\u016bt uzst\u0101d\u012bt\u0101m dro\u0161\u012bbas funkcij\u0101m, piem\u0113ram, av\u0101rijas aptur\u0113\u0161anas pog\u0101m un aizsargp\u0101rkl\u0101jiem.<\/p>\n<h2>Probl\u0113mu nov\u0113r\u0161ana un bie\u017ei sastopamas probl\u0113mas<\/h2>\n<p>\u0160eit ir da\u017eas bie\u017ei sastopamas probl\u0113mas, kas var rasties ar sviras cilindru:<\/p>\n<ul>\n<li>\u0160\u0137idruma nopl\u016bde: p\u0101rbaudiet, vai nav boj\u0101tu bl\u012bv\u0113jumu, un, ja nepiecie\u0161ams, nomainiet tos.<\/li>\n<li>L\u0113na vai nevienm\u0113r\u012bga kust\u012bba: p\u0101rbaudiet hidraulisko sist\u0113mu, vai taj\u0101 nav aizsprostojumu vai darb\u012bbas trauc\u0113jumu, un attiec\u012bgi nov\u0113rsiet tos.<\/li>\n<li>P\u0101rm\u0113r\u012bgs troksnis vai vibr\u0101cija: p\u0101rbaudiet, vai nav va\u013c\u012bgu savienojumu vai nolietotu deta\u013cu, un veiciet atbilsto\u0161as \u200b\u200bdarb\u012bbas.<\/li>\n<li>Zema darb\u012bbas efektivit\u0101te: Nodro\u0161iniet atbilsto\u0161u e\u013c\u013co\u0161anu un p\u0101rbaudiet cilindru, vai nav meh\u0101nisku probl\u0113mu.<\/li>\n<\/ul>\n<p>Lai nov\u0113rstu \u0161\u012bs probl\u0113mas un nov\u0113rstu t\u0101s:<\/p>\n<ul>\n<li>Konkr\u0113tas probl\u0113mu nov\u0113r\u0161anas proced\u016bras skatiet ra\u017eot\u0101ja vadl\u012bnij\u0101s un tehniskaj\u0101 dokument\u0101cij\u0101.<\/li>\n<li>Ja nepiecie\u0161ams, konsult\u0113jieties ar kvalific\u0113tu hidraulisko cilindru tehni\u0137i.<\/li>\n<li>Lai mazin\u0101tu iesp\u0113jam\u0101s probl\u0113mas, veiciet prevent\u012bvus pas\u0101kumus.<\/li>\n<\/ul>\n<p><img decoding=\"async\" src=\"https:\/\/www.hydraulic-cylinders.net\/wp-content\/uploads\/2025\/01\/songte-chushion-collar.webp\" alt=\"Produkta att\u0113ls\"><\/p>\n<p>Sak\u0101rtojiet rakstu lo\u0123iski, izmantojot apak\u0161virsrakstus, lai atvieglotu navig\u0101ciju. Iek\u013caujiet atbilsto\u0161us att\u0113lus vai diagrammas, lai uzlabotu izpratni. P\u0101rliecinieties, ka saturs ir skaidrs, kodol\u012bgs un piem\u0113rots las\u012bt\u0101jiem ar da\u017e\u0101diem tehnisko zin\u0101\u0161anu l\u012bme\u0146iem.<\/p>\n<h2>Par mums<\/h2>\n<p>Uz\u0146\u0113mum\u0101 [Uz\u0146\u0113muma nosaukums] m\u0113s esam profesion\u0101ls rezerves hidraulisko cilindru ra\u017eot\u0101js. M\u016bsu pla\u0161ais produktu kl\u0101sts ir padar\u012bjis m\u016bs par vienu no vado\u0161ajiem hidraulisko cilindru ra\u017eot\u0101jiem un vairumtirgot\u0101jiem viet\u0113j\u0101 un starptautiskaj\u0101 tirg\u016b. M\u0113s iev\u0113rojam izcil\u012bbas principu kvalit\u0101t\u0113 un nep\u0101rtraukti uzlabojam savu tehnolo\u0123isko kompetenci un ra\u017eo\u0161anas efektivit\u0101ti.<\/p>\n<p>Ievie\u0161ot modernu digit\u0101lo ra\u017eo\u0161anas apr\u012bkojumu un profesion\u0101las test\u0113\u0161anas sist\u0113mas, m\u0113s optimiz\u0113jam savu ra\u017eo\u0161anas platformu un uzlabojam produktu kvalit\u0101tes kontroles procesus, demonstr\u0113jot m\u016bsu sp\u0113c\u012bg\u0101s inov\u0101ciju sp\u0113jas. M\u016bsu m\u0113r\u0137is ir apmierin\u0101t klientu da\u017e\u0101d\u0101s vajadz\u012bbas ar efektivit\u0101ti, precizit\u0101ti un augstas kvalit\u0101tes produktiem.<\/p>\n<p><img decoding=\"async\" src=\"https:\/\/www.hydraulic-cylinders.net\/wp-content\/uploads\/2025\/01\/songte-company-4.webp\" alt=\"Uz\u0146\u0113muma t\u0113ls\"><br \/>\n<img decoding=\"async\" src=\"https:\/\/www.hydraulic-cylinders.net\/wp-content\/uploads\/2025\/01\/songte-company-3.webp\" alt=\"Uz\u0146\u0113muma t\u0113ls\"><\/p>\n<p>M\u016bsu uz\u0146\u0113mums nozar\u0113 izce\u013cas ar:<\/p>\n<ul>\n<li>Profesionalit\u0101te: Mums ir hidraulisko cilindru ra\u017eo\u0161anas ekspertu komanda.<\/li>\n<li>Starptautisk\u0101s sertifik\u0101cijas: M\u016bsu produkti atbilst starptautiskajiem kvalit\u0101tes standartiem un sertifik\u0101tiem.<\/li>","protected":false},"excerpt":{"rendered":"<p>Arm Cylinder For XGMA Middle Excavator XG822EL Introduction An arm cylinder is a specially designed hydraulic cylinder that provides linear motion and power to the arm of various types of machinery, such as excavators, cranes, and mechanical arms. The arm cylinder plays a key role in hydraulic systems, allowing for the efficient movement and control [&hellip;]<\/p>","protected":false},"featured_media":14783,"comment_status":"open","ping_status":"closed","template":"","meta":{"_et_pb_use_builder":"","_et_pb_old_content":"","_et_gb_content_width":""},"product_brand":[],"product_cat":[1497],"product_tag":[1498,1496],"class_list":{"0":"post-16527","1":"product","2":"type-product","3":"status-publish","4":"has-post-thumbnail","6":"product_cat-arm-cylinders","7":"product_tag-arm-cylinders","8":"product_tag-hydraulic-cylinders","10":"first","11":"instock","12":"shipping-taxable","13":"product-type-simple"},"amp_enabled":true,"_links":{"self":[{"href":"https:\/\/www.hydraulic-cylinders.net\/lv\/wp-json\/wp\/v2\/product\/16527","targetHints":{"allow":["GET"]}}],"collection":[{"href":"https:\/\/www.hydraulic-cylinders.net\/lv\/wp-json\/wp\/v2\/product"}],"about":[{"href":"https:\/\/www.hydraulic-cylinders.net\/lv\/wp-json\/wp\/v2\/types\/product"}],"replies":[{"embeddable":true,"href":"https:\/\/www.hydraulic-cylinders.net\/lv\/wp-json\/wp\/v2\/comments?post=16527"}],"wp:featuredmedia":[{"embeddable":true,"href":"https:\/\/www.hydraulic-cylinders.net\/lv\/wp-json\/wp\/v2\/media\/14783"}],"wp:attachment":[{"href":"https:\/\/www.hydraulic-cylinders.net\/lv\/wp-json\/wp\/v2\/media?parent=16527"}],"wp:term":[{"taxonomy":"product_brand","embeddable":true,"href":"https:\/\/www.hydraulic-cylinders.net\/lv\/wp-json\/wp\/v2\/product_brand?post=16527"},{"taxonomy":"product_cat","embeddable":true,"href":"https:\/\/www.hydraulic-cylinders.net\/lv\/wp-json\/wp\/v2\/product_cat?post=16527"},{"taxonomy":"product_tag","embeddable":true,"href":"https:\/\/www.hydraulic-cylinders.net\/lv\/wp-json\/wp\/v2\/product_tag?post=16527"}],"curies":[{"name":"wp","href":"https:\/\/api.w.org\/{rel}","templated":true}]}}