{"id":16528,"date":"2025-01-21T05:31:45","date_gmt":"2025-01-21T05:31:45","guid":{"rendered":"https:\/\/www.hydraulic-cylinders.net\/product\/arm-cylinder-for-xgma-middle-excavator-xg825el\/"},"modified":"2025-01-21T05:31:47","modified_gmt":"2025-01-21T05:31:47","slug":"arm-cylinder-for-xgma-middle-excavator-xg825el","status":"publish","type":"product","link":"https:\/\/www.hydraulic-cylinders.net\/lv\/products\/arm-cylinder-for-xgma-middle-excavator-xg825el\/","title":{"rendered":"Sviras cilindrs XGMA vid\u0113jam ekskavatoram XG825EL"},"content":{"rendered":"<h2>Sviras cilindrs XGMA vid\u0113jam ekskavatoram XG825EL<\/h2>\n<h3>Ievads<\/h3>\n<p>Sviras cilindrs ir speci\u0101li izstr\u0101d\u0101ts hidrauliskais cilindrs, ko galvenok\u0101rt izmanto, lai nodro\u0161in\u0101tu line\u0101ru kust\u012bbu un jaudu da\u017e\u0101du veidu ma\u0161\u012bnu, piem\u0113ram, ekskavatoru, celt\u0146u un robotu roku, svir\u0101m. Sviras cilindram ir iz\u0161\u0137iro\u0161a noz\u012bme hidrauliskaj\u0101 sist\u0113m\u0101, \u013caujot pievienotajiem instrumentiem vai piederumiem p\u0101rvietoties un tos efekt\u012bvi vad\u012bt. \u0160ie cilindri ne tikai nodro\u0161ina vienm\u0113r\u012bgas kust\u012bbas, bet ar\u012b iztur lielas slodzes, nodro\u0161inot ma\u0161\u012bnu efekt\u012bvu darb\u012bbu un uzticam\u012bbu da\u017e\u0101dos darba apst\u0101k\u013cos.<\/p>\n<div>\n  <img decoding=\"async\" src=\"https:\/\/www.hydraulic-cylinders.net\/wp-content\/uploads\/2025\/01\/songte-company-2.webp\" alt=\"Sviras cilindrs XGMA vid\u0113jam ekskavatoram XG825EL\" width=\"500\">\n<\/div>\n<h3>Funkcijas<\/h3>\n<ul>\n<li><strong>Efekt\u012bva jaudas p\u0101rvade:<\/strong> Sviras cilindri var nodro\u0161in\u0101t jaud\u012bgu line\u0101ru kust\u012bbu un sp\u0113ku, garant\u0113jot augstu veiktsp\u0113jas efektivit\u0101ti da\u017e\u0101du meh\u0101nisk\u0101s rokas darb\u012bbu laik\u0101.<\/li>\n<li><strong>Prec\u012bza kontrole:<\/strong> Izmantojot hidraulisko sist\u0113mu, sviras cilindri var pan\u0101kt prec\u012bzu kust\u012bbas kontroli, padarot pievienoto instrumentu darb\u012bbu elast\u012bg\u0101ku un prec\u012bz\u0101ku.<\/li>\n<li><strong>Iztur\u012bgs:<\/strong> Roku cilindri parasti ir izgatavoti no augstas iztur\u012bbas materi\u0101liem, ar labu nodilumiztur\u012bbu un korozijas iztur\u012bbu, kas ir piem\u0113roti ilgsto\u0161ai lieto\u0161anai skarbos apst\u0101k\u013cos.<\/li>\n<li><strong>Daudzfunkcion\u0101la piel\u0101go\u0161an\u0101s sp\u0113ja:<\/strong> \u0160os cilindrus var pla\u0161i izmantot da\u017e\u0101da veida ma\u0161\u012bn\u0101s, piem\u0113ram, ekskavatoros, celt\u0146os un robotiz\u0113t\u0101s rok\u0101s, lai apmierin\u0101tu da\u017e\u0101das darba pras\u012bbas.<\/li>\n<li><strong>Vienk\u0101r\u0161a apkope:<\/strong> Dizainu ir viegli uztur\u0113t un nomain\u012bt, padarot regul\u0101ru p\u0101rbaudi un apkopi \u0113rt\u0101ku un samazinot iek\u0101rtu d\u012bkst\u0101ves laiku.<\/li>\n<\/ul>\n<div>\n  <img decoding=\"async\" src=\"https:\/\/www.hydraulic-cylinders.net\/wp-content\/uploads\/2025\/01\/songte-oil-pipes-and-spare-parts.webp\" alt=\"Sviras cilindrs XGMA vid\u0113jam ekskavatoram XG825EL\" width=\"500\">\n<\/div>\n<h3>Pieteikumi<\/h3>\n<p>Sviru cilindri tiek pla\u0161i izmantoti da\u017e\u0101d\u0101s nozar\u0113s, tostarp:<\/p>\n<ul>\n<li><strong>B\u016bvniec\u012bbas in\u017eenierija:<\/strong> Izmanto ekskavatoros un celt\u0146os, lai kontrol\u0113tu kausu vai str\u0113les kust\u012bbu zemes darbos, materi\u0101lu apstr\u0101d\u0113 un konstrukciju uzst\u0101d\u012b\u0161an\u0101.<\/li>\n<li><strong>Ra\u017eo\u0161ana:<\/strong> Automatiz\u0113t\u0101s ra\u017eo\u0161anas l\u012bnij\u0101s izmantotie roku cilindri kontrol\u0113 robotiz\u0113to roku kust\u012bbu mont\u0101\u017eas, metin\u0101\u0161anas un materi\u0101lu apstr\u0101des laik\u0101, uzlabojot ra\u017eo\u0161anas efektivit\u0101ti un precizit\u0101ti.<\/li>\n<li><strong>Lauksaimniec\u012bbas tehnika:<\/strong> Lauksaimniec\u012bbas ma\u0161\u012bn\u0101s, piem\u0113ram, kombainos un s\u0113jma\u0161\u012bn\u0101s, sviru cilindri kontrol\u0113 vad\u012bbas sviru kust\u012bbu s\u0113\u0161anas, m\u0113slo\u0161anas un ra\u017eas nov\u0101k\u0161anas darbos.<\/li>\n<li><strong>Kalnr\u016bpniec\u012bba:<\/strong> Kalnr\u016bpniec\u012bbas iek\u0101rt\u0101s izmantotie roku cilindri kontrol\u0113 kalnr\u016bpniec\u012bbas iek\u0101rtu roku kust\u012bbu r\u016bdas ieguvei un transport\u0113\u0161anai.<\/li>\n<li><strong>Lo\u0123istika un transports:<\/strong> Roku cilindri, ko izmanto iekr\u0101v\u0113jos un apstr\u0101des robotos, kontrol\u0113 pre\u010du cel\u0161anu un p\u0101rvieto\u0161anu, realiz\u0113jot materi\u0101lu apstr\u0101di un sakrau\u0161anu.<\/li>\n<\/ul>\n<h3>Dizaina apsv\u0113rumi un atlases krit\u0113riji<\/h3>\n<p>Izv\u0113loties un projekt\u0113jot cilindru, j\u0101\u0146em v\u0113r\u0101 vair\u0101ki faktori:<\/p>\n<ol>\n<li><strong>Nestsp\u0113ja:<\/strong> Balonam j\u0101b\u016bt ar pietiekamu nestsp\u0113ju, lai iztur\u0113tu ma\u0161\u012bnas nepiecie\u0161amo slodzi.<\/li>\n<li><strong>Bl\u012bv\u0113jums:<\/strong> Various seals such as piston seals and rod seals need to be used to ensure the cylinder&#8217;s proper operation and leakage prevention. The seals should be made of wear-resistant materials such as polyurethane and nitrile rubber.<\/li>\n<li><strong>Iztur\u012bba:<\/strong> Cilindra korpuss un v\u012bt\u0146ot\u0101 gala virsma ir j\u0101apstr\u0101d\u0101 smalki, lai palielin\u0101tu nodilumiztur\u012bbu un iztur\u012bbu pret koroziju.<\/li>\n<li><strong>Dro\u0161\u012bba:<\/strong> Lai nov\u0113rstu negad\u012bjumus p\u0101rm\u0113r\u012bga spiediena d\u0113\u013c, j\u0101\u0146em v\u0113r\u0101 dro\u0161\u012bbas pas\u0101kumi, piem\u0113ram, p\u0101rspiediena v\u0101rsti un pl\u012bsto\u0161\u0101s membr\u0101nas.<\/li>\n<li><strong>Apkope:<\/strong> Dizainam j\u0101b\u016bt viegli kopjamam un nomain\u0101mam, lai samazin\u0101tu iek\u0101rtu d\u012bkst\u0101ves laiku.<\/li>\n<\/ol>\n<div>\n  <img decoding=\"async\" src=\"https:\/\/www.hydraulic-cylinders.net\/wp-content\/uploads\/2025\/01\/songte-cylinder-head-with-all-kinds-excavator-models.webp\" alt=\"Sviras cilindrs XGMA vid\u0113jam ekskavatoram XG825EL\" width=\"500\">\n<\/div>\n<h3>Bl\u012bv\u0113\u0161ana un e\u013c\u013co\u0161ana<\/h3>\n<p>Sviru cilindros tiek izmantoti da\u017e\u0101di bl\u012bv\u0113jumu veidi, piem\u0113ram, virzu\u013ca bl\u012bv\u0113jumi un stie\u0146a bl\u012bv\u0113jumi, lai nodro\u0161in\u0101tu pareizu darb\u012bbu un nov\u0113rstu nopl\u016bdes. Bl\u012bv\u0113jumi ir izgatavoti no nodilumiztur\u012bgiem materi\u0101liem, piem\u0113ram, poliuret\u0101na un nitrila gumijas. Cilindra korpuss un v\u012bt\u0146ot\u0101 gala virsma ir smalki apstr\u0101d\u0101ta, lai palielin\u0101tu nodilumiztur\u012bbu un korozijas iztur\u012bbu. Cilindram nepiecie\u0161ama regul\u0101ra e\u013c\u013co\u0161ana, un periodiski j\u0101pievieno atbilsto\u0161a hidraulisk\u0101 e\u013c\u013ca, lai nodro\u0161in\u0101tu t\u0101 pareizu darb\u012bbu.<\/p>\n<div>\n  <img decoding=\"async\" src=\"https:\/\/www.hydraulic-cylinders.net\/wp-content\/uploads\/2025\/01\/songte-chushion-collar.webp\" alt=\"Sviras cilindrs XGMA vid\u0113jam ekskavatoram XG825EL\" width=\"500\">\n<\/div>\n<h3>Apkope un probl\u0113mu nov\u0113r\u0161ana<\/h3>\n<p>Regul\u0101ra p\u0101rbaude un profilaktisk\u0101 apkope ir b\u016btiska, lai nodro\u0161in\u0101tu pareizu sviras cilindra darb\u012bbu. Boj\u0101juma gad\u012bjum\u0101 var veikt \u0161\u0101das probl\u0113mu nov\u0113r\u0161anas darb\u012bbas:<\/p>\n<ul>\n<li><strong>Nopl\u016bde:<\/strong> P\u0101rbaudiet bl\u012bves un pievelciet stiprin\u0101juma skr\u016bves.<\/li>\n<li><strong>Nepietiekama jaudas p\u0101rraide:<\/strong> P\u0101rbaudiet, vai hidrauliskaj\u0101 cauru\u013cvad\u0101 nav aizsprostojumu, un not\u012briet filtru.<\/li>\n<li><strong>Troksnis darb\u012bbas laik\u0101:<\/strong> P\u0101rbaudiet, vai nav va\u013c\u012bgu deta\u013cu, un pievelciet t\u0101s, ja nepiecie\u0161ams.<\/li>\n<li><strong>L\u0113na kust\u012bba:<\/strong> P\u0101rbaudiet, vai nav pietiekami daudz hidraulisk\u0101s e\u013c\u013cas, un uzpildiet to p\u0113c nepiecie\u0161am\u012bbas.<\/li>\n<\/ul>\n<p>Prevent\u012bvie pas\u0101kumi, piem\u0113ram, regul\u0101ras p\u0101rbaudes un apkope, var pal\u012bdz\u0113t samazin\u0101t iesp\u0113jam\u0101s probl\u0113mas un uzlabot sviras cilindra kalpo\u0161anas laiku.<\/p>\n<h3>Instal\u0101cijas rokasgr\u0101mata<\/h3>\n<p>Sviras cilindra uzst\u0101d\u012b\u0161ana j\u0101veic kvalific\u0113tam tehni\u0137im. Ieteicamas \u0161\u0101das darb\u012bbas:<\/p>\n<ol>\n<li>Piestipriniet cilindru pie stiprin\u0101juma kron\u0161teina.<\/li>\n<li>Connect the hydraulic pipeline to the cylinder&#8217;s inlet and outlet ports.<\/li>\n<li>Pievienojiet sist\u0113mai hidraulisko e\u013c\u013cu.<\/li>\n<li>Test the cylinder&#8217;s operation and adjust as necessary.<\/li>\n<\/ol>\n<div>\n  <img decoding=\"async\" src=\"https:\/\/www.hydraulic-cylinders.net\/wp-content\/uploads\/2025\/01\/songte-bushings-with-all-kinds-of-excavator-models.webp\" alt=\"Sviras cilindrs XGMA vid\u0113jam ekskavatoram XG825EL\" width=\"500\">\n<\/div>\n<h3>Dro\u0161\u012bbas apsv\u0113rumi un vides faktori<\/h3>\n<p>Darbinot iek\u0101rtas ar rokas cilindru, j\u0101iev\u0113ro stingri dro\u0161\u012bbas pas\u0101kumi. Lai nov\u0113rstu negad\u012bjumus p\u0101rm\u0113r\u012bga spiediena d\u0113\u013c, j\u0101uzst\u0101da spiediena samazin\u0101\u0161anas v\u0101rsti un pl\u012bsto\u0161\u0101s membr\u0101nas. Cilindr\u0101 izmantot\u0101 hidraulisk\u0101 e\u013c\u013ca ir pareizi j\u0101izn\u012bcina, lai nov\u0113rstu vides pies\u0101r\u0146o\u0161anu.<\/p>\n<h3>Par mums<\/h3>\n<p>We are a professional manufacturer of replacement hydraulic cylinders, with a wide range of products. We have become one of the leading hydraulic cylinder manufacturers and wholesale distributors in the domestic and foreign markets. We always adhere to the principle of excellent quality, relying on the industrialized production management strategy of the fine manufacturing workshop, continuously improving technical level and production efficiency. By introducing high-end digital manufacturing equipment and professional testing systems, we optimize the manufacturing platform, improve the product quality control process, and have strong innovation capabilities. Our goal is to meet customers&#8217; diversified needs with high efficiency, precision, and high-quality principles.<\/p>\n<p>M\u0113s pied\u0101v\u0101jam profesion\u0101lus pakalpojumus, starptautisku sertifik\u0101ciju, piel\u0101gotus pakalpojumus, ra\u017eo\u0161anas iek\u0101rtas un p\u0113cp\u0101rdo\u0161anas pakalpojumus. M\u016bsu produkti ir starptautiski sertific\u0113ti un ir iztur\u0113ju\u0161i stingras kvalit\u0101tes kontroles p\u0101rbaudes, lai nodro\u0161in\u0101tu izcilu veiktsp\u0113ju un uzticam\u012bbu. M\u0113s esam ap\u0146\u0113mu\u0161ies nodro\u0161in\u0101t saviem klientiem kvalitat\u012bvus produktus un pakalpojumus, un vienm\u0113r esam gatavi pal\u012bdz\u0113t m\u016bsu klientiem apmierin\u0101t vi\u0146u \u012bpa\u0161\u0101s vajadz\u012bbas.<\/p>\n<div>\n  <img decoding=\"async\" src=\"https:\/\/www.hydraulic-cylinders.net\/wp-content\/uploads\/2025\/01\/songte-company-4.webp\" alt=\"Sviras cilindrs XGMA vid\u0113jam ekskavatoram XG825EL\" width=\"500\">\n<\/div>\n<div>\n  <img decoding=\"async\" src=\"https:\/\/www.hydraulic-cylinders.net\/wp-content\/uploads\/2025\/01\/songte-company-3.webp\" alt=\"Sviras cilindrs XGMA vid\u0113jam ekskavatoram XG825EL\" width=\"500\">\n<\/div>\n<p><em>Autors: lil<\/em><\/p>","protected":false},"excerpt":{"rendered":"<p>Arm Cylinder For XGMA Middle Excavator XG825EL Introduction An arm cylinder is a specially designed hydraulic cylinder that is primarily used to provide linear motion and power to the arms of various types of machinery, such as excavators, cranes, and robotic arms. The arm cylinder plays a critical role in the hydraulic system, allowing attached [&hellip;]<\/p>","protected":false},"featured_media":14779,"comment_status":"open","ping_status":"closed","template":"","meta":{"_et_pb_use_builder":"","_et_pb_old_content":"","_et_gb_content_width":""},"product_brand":[],"product_cat":[1497],"product_tag":[1498,1496],"class_list":{"0":"post-16528","1":"product","2":"type-product","3":"status-publish","4":"has-post-thumbnail","6":"product_cat-arm-cylinders","7":"product_tag-arm-cylinders","8":"product_tag-hydraulic-cylinders","10":"first","11":"instock","12":"shipping-taxable","13":"product-type-simple"},"amp_enabled":true,"_links":{"self":[{"href":"https:\/\/www.hydraulic-cylinders.net\/lv\/wp-json\/wp\/v2\/product\/16528","targetHints":{"allow":["GET"]}}],"collection":[{"href":"https:\/\/www.hydraulic-cylinders.net\/lv\/wp-json\/wp\/v2\/product"}],"about":[{"href":"https:\/\/www.hydraulic-cylinders.net\/lv\/wp-json\/wp\/v2\/types\/product"}],"replies":[{"embeddable":true,"href":"https:\/\/www.hydraulic-cylinders.net\/lv\/wp-json\/wp\/v2\/comments?post=16528"}],"wp:featuredmedia":[{"embeddable":true,"href":"https:\/\/www.hydraulic-cylinders.net\/lv\/wp-json\/wp\/v2\/media\/14779"}],"wp:attachment":[{"href":"https:\/\/www.hydraulic-cylinders.net\/lv\/wp-json\/wp\/v2\/media?parent=16528"}],"wp:term":[{"taxonomy":"product_brand","embeddable":true,"href":"https:\/\/www.hydraulic-cylinders.net\/lv\/wp-json\/wp\/v2\/product_brand?post=16528"},{"taxonomy":"product_cat","embeddable":true,"href":"https:\/\/www.hydraulic-cylinders.net\/lv\/wp-json\/wp\/v2\/product_cat?post=16528"},{"taxonomy":"product_tag","embeddable":true,"href":"https:\/\/www.hydraulic-cylinders.net\/lv\/wp-json\/wp\/v2\/product_tag?post=16528"}],"curies":[{"name":"wp","href":"https:\/\/api.w.org\/{rel}","templated":true}]}}