{"id":1653,"date":"2023-10-10T07:56:30","date_gmt":"2023-10-10T07:56:30","guid":{"rendered":"https:\/\/hydraulic-cylinders.net\/?post_type=product&#038;p=1653"},"modified":"2025-04-11T03:46:19","modified_gmt":"2025-04-11T03:46:19","slug":"press-cushion-cylinder","status":"publish","type":"product","link":"https:\/\/www.hydraulic-cylinders.net\/lv\/products\/press-cushion-cylinder\/","title":{"rendered":"Preses spilvena cilindrs"},"content":{"rendered":"<h1 style=\"text-align: center;\"><strong>Preses spilvena cilindrs<\/strong><\/h1>\n<p><img loading=\"lazy\" decoding=\"async\" class=\"aligncenter wp-image-1654\" src=\"https:\/\/hydraulic-cylinders.net\/wp-content\/uploads\/2023\/10\/cushion-cylinder-1-300x300.webp\" alt=\"\" width=\"400\" height=\"400\" \/><\/p>\n<p>Preses amortiz\u0101cijas cilindrs ir \u013coti efekt\u012bva un daudzpus\u012bga sast\u0101vda\u013ca, kas paredz\u0113ta precizit\u0101tes un produktivit\u0101tes uzlabo\u0161anai r\u016bpniecisk\u0101s pres\u0113\u0161anas lietojumprogramm\u0101s. Pateicoties t\u0101 uzlabotaj\u0101m funkcij\u0101m un inovat\u012bvajam dizainam, \u0161is cilindrs pied\u0101v\u0101 izcilas amortiz\u0101cijas iesp\u0113jas, nodro\u0161inot kontrol\u0113tu pal\u0113nin\u0101jumu un samazin\u0101tus trieciena sp\u0113kus pres\u0113\u0161anas laik\u0101.<\/p>\n<p>Preses amortiz\u0101cijas cilindrs ir iev\u0113rojams instruments precizit\u0101tes, efektivit\u0101tes un produktivit\u0101tes uzlabo\u0161anai r\u016bpniecisk\u0101s pres\u0113\u0161anas lietojumprogramm\u0101s. Pateicoties t\u0101 uzlabotajai amortiz\u0101cijas tehnolo\u0123ijai, regul\u0113jamiem iestat\u012bjumiem, \u0101trajai atgrie\u0161an\u0101s g\u0101jienam un iztur\u012bgajai konstrukcijai, \u0161is cilindrs \u013cauj sasniegt izcilus rezult\u0101tus, vienlaikus pagarinot preses apr\u012bkojuma kalpo\u0161anas laiku. Iev\u0113rojot ieteicam\u0101s lieto\u0161anas metodes un apkopes praksi, j\u016bs varat maksim\u0101li palielin\u0101t preses amortiz\u0101cijas cilindra veiktsp\u0113ju, ilgm\u016b\u017e\u012bbu un dro\u0161\u012bbu pres\u0113\u0161anas darb\u012bb\u0101s. Izv\u0113lieties \u0161o cilindru, lai uzlabotu savas pres\u0113\u0161anas iesp\u0113jas un izbaud\u012btu izcilu kontroli un efektivit\u0101ti.<\/p>\n<p>Spie\u0161anas spilvena cilindra galven\u0101s \u012bpa\u0161\u012bbas:<\/p>\n<ol>\n<li>Uzlabota amortiz\u0101cijas tehnolo\u0123ija:\n<ul>\n<li>Preses amortiz\u0101cijas cilindrs ir apr\u012bkots ar modernu amortiz\u0101cijas tehnolo\u0123iju, kas nodro\u0161ina kontrol\u0113tu virzu\u013ca g\u0101jiena pal\u0113nin\u0101\u0161anu, samazinot trieciena sp\u0113kus un nov\u0113r\u0161ot p\u0101rm\u0113r\u012bgu pres\u0113\u0161anas instrumentu un sagataves nodilumu vai boj\u0101jumus.<\/li>\n<li>\u0160\u012b tehnolo\u0123ija uzlabo precizit\u0101ti un pagarina preses iek\u0101rtu kalpo\u0161anas laiku, nodro\u0161inot nemain\u012bgi augstas kvalit\u0101tes rezult\u0101tus.<\/li>\n<\/ul>\n<\/li>\n<li>Regul\u0113jama amortiz\u0101cija:\n<ul>\n<li>\u0160is cilindrs \u013cauj \u0101tri piel\u0101got amortiz\u0101cijas raksturlielumus atbilsto\u0161i konkr\u0113t\u0101m pielietojuma pras\u012bb\u0101m.<\/li>\n<li>Prec\u012bzi piel\u0101gojot amortiz\u0101cijas iestat\u012bjumus, operatori var pan\u0101kt optim\u0101lu kontroli p\u0101r pal\u0113nin\u0101juma procesu, piel\u0101gojoties da\u017e\u0101diem sagataves materi\u0101liem un mainot pres\u0113\u0161anas sp\u0113kus.<\/li>\n<\/ul>\n<\/li>\n<li>\u0100tra atgrie\u0161an\u0101s g\u0101jiens:\n<ul>\n<li>Spie\u0161anas spilvena cilindram ir \u0101tra atgrie\u0161an\u0101s g\u0101jiens, kas samazina cikla laikus un palielina kop\u0113jo produktivit\u0101ti.<\/li>\n<li>\u0100tr\u0101 atgrie\u0161an\u0101s g\u0101jiena d\u0113\u013c uzlabojas efektivit\u0101te un samazin\u0101s d\u012bkst\u0101ves laiks, padarot to par ide\u0101lu izv\u0113li liela apjoma ra\u017eo\u0161anas vid\u0113m.<\/li>\n<\/ul>\n<\/li>\n<li>Iztur\u012bga konstrukcija:\n<ul>\n<li>\u0160is cilindrs ir izgatavots no augstas kvalit\u0101tes materi\u0101liem, kas nodro\u0161ina iztur\u012bbu un ilgtermi\u0146a uzticam\u012bbu pras\u012bgos r\u016bpnieciskos apst\u0101k\u013cos.<\/li>\n<li>T\u0101 iztur\u012bgais dizains \u013cauj tam iztur\u0113t lielas slodzes, atk\u0101rtotas darb\u012bbas un skarbus darba apst\u0101k\u013cus, garant\u0113jot nemain\u012bgu veiktsp\u0113ju laika gait\u0101.<\/li>\n<\/ul>\n<\/li>\n<\/ol>\n<h2><strong>Preses spilvena cilindra parametrs:<\/strong><\/h2>\n<table border=\"1\" cellspacing=\"0\" cellpadding=\"0\">\n<tbody>\n<tr>\n<td>Produkta nosaukums<\/td>\n<td>Hidrauliskais preses spilvena cilindrs<\/td>\n<\/tr>\n<tr>\n<td>Funkcijas:<\/td>\n<td>Absorb\u0113 kal\u0161anas p\u0101rvietojumu\/trieciena vibr\u0101ciju<\/td>\n<\/tr>\n<tr>\n<td>Urbuma diametrs:<\/td>\n<td>75 mm\uff5e300 mm<\/td>\n<\/tr>\n<tr>\n<td>Stie\u0146a diametrs:<\/td>\n<td>\u00a050 mm\uff5e180 mm<br \/>\nG\u0101jiens \u2264500 mm<\/td>\n<\/tr>\n<tr>\n<td>Vilces sp\u0113ks:<\/td>\n<td>Maksim\u0101l\u0101 jauda 1130 kN<br \/>\n(Cilindra diametrs 300 mm\/spiediens 25 MPa)<\/td>\n<\/tr>\n<tr>\n<td>Spilvenu cilindru pielietojumi:<\/td>\n<td>Hidraulisk\u0101 prese<\/td>\n<\/tr>\n<\/tbody>\n<\/table>\n<div><\/div>\n<div>\n<div class=\"txtboxL\">\n<div class=\"txtboxL\">\n<div class=\"txtboxL\">Funkcijas:<\/div>\n<div class=\"txtboxR\">Absorb\u0113 kal\u0161anas p\u0101rvietojumu\/trieciena vibr\u0101ciju<\/div>\n<div class=\"txtboxL\">Specifik\u0101cija:<\/div>\n<div class=\"txtboxR\">Urbuma diametrs: 75 mm ~ 300 mm<br \/>\nStie\u0146a diametrs: 50 mm ~ 180 mm<br \/>\nG\u0101jiens \u2264500 mm<\/div>\n<div class=\"txtboxL\">Vilces sp\u0113ks:<\/div>\n<div class=\"txtboxR\">Maksim\u0101l\u0101 jauda 1130 kN<br \/>\n(Cilindra diametrs 300 mm\/spiediens 25 MPa)<\/div>\n<\/div>\n<\/div>\n<\/div>\n<h2><strong>Preses cilindru r\u016bpn\u012bca:<\/strong><\/h2>\n<p><img loading=\"lazy\" decoding=\"async\" class=\"alignnone wp-image-1619 size-full\" src=\"https:\/\/hydraulic-cylinders.net\/wp-content\/uploads\/2023\/10\/press-cylinder.webp\" alt=\"\" width=\"1418\" height=\"946\" srcset=\"https:\/\/hydraulic-cylinders.net\/wp-content\/uploads\/2023\/10\/press-cylinder.webp 1418w, https:\/\/hydraulic-cylinders.net\/wp-content\/uploads\/2023\/10\/press-cylinder-1280x854.webp 1280w, https:\/\/hydraulic-cylinders.net\/wp-content\/uploads\/2023\/10\/press-cylinder-980x654.webp 980w, https:\/\/hydraulic-cylinders.net\/wp-content\/uploads\/2023\/10\/press-cylinder-480x320.webp 480w\" sizes=\"(min-width: 0px) and (max-width: 480px) 480px, (min-width: 481px) and (max-width: 980px) 980px, (min-width: 981px) and (max-width: 1280px) 1280px, (min-width: 1281px) 1418px, 100vw\" \/><\/p>\n<h2><strong>Preses spilvena cilindra lieto\u0161anas metode<\/strong><strong>:<\/strong><\/h2>\n<ol>\n<li><strong>Instal\u0113\u0161ana un integr\u0101cija:<\/strong>\n<ul>\n<li>Dro\u0161i uzst\u0101diet preses spilvena cilindru v\u0113lamaj\u0101 viet\u0101, nodro\u0161inot pareizu izl\u012bdzin\u0101\u0161anu ar pres\u0113\u0161anas instrumentiem un sagatavi.<\/li>\n<li>Pievienojiet hidraulisk\u0101s l\u012bnijas saska\u0146\u0101 ar ra\u017eot\u0101ja nor\u0101d\u012bjumiem, nodro\u0161inot pareizu \u0161\u0137idruma pl\u016bsmu un izvairoties no nopl\u016bd\u0113m.<\/li>\n<li>Integr\u0113jiet cilindru ar preses vad\u012bbas sist\u0113mu, iev\u0113rojot nor\u0101d\u012bjumus par netrauc\u0113tu darb\u012bbu.<\/li>\n<\/ul>\n<\/li>\n<li><strong>Amortiz\u0101cijas iestat\u012bjumu regul\u0113\u0161ana:<\/strong>\n<ul>\n<li>Lai noteiktu konkr\u0113t\u0101s cilindra amortiz\u0101cijas iestat\u012bjumu regul\u0113\u0161anas metodes, skatiet ra\u017eot\u0101ja dokument\u0101ciju.<\/li>\n<li>Piel\u0101gojumus var veikt, regul\u0113jot pl\u016bsmas regul\u0113\u0161anas v\u0101rstus vai mainot amortiz\u0101cijas starplikas.<\/li>\n<li>Prec\u012bzi noregul\u0113jiet amortiz\u0101cijas iestat\u012bjumus atbilsto\u0161i j\u016bsu pres\u0113\u0161anas pielietojuma \u012bpa\u0161aj\u0101m pras\u012bb\u0101m, \u0146emot v\u0113r\u0101 t\u0101dus faktorus k\u0101 sagataves materi\u0101ls, pres\u0113\u0161anas sp\u0113ks un v\u0113lam\u0101s pal\u0113nin\u0101juma \u012bpa\u0161\u012bbas.<\/li>\n<\/ul>\n<\/li>\n<li><strong>Darb\u012bbas apsv\u0113rumi:<\/strong>\n<ul>\n<li>Darb\u012bbas laik\u0101 r\u016bp\u012bgi uzraugiet spiediena amortizatora cilindra darb\u012bbu.<\/li>\n<li>V\u0113rojiet pal\u0113nin\u0101juma procesu, p\u0101rliecinoties, ka amortiz\u0101cijas efekts efekt\u012bvi samazina trieciena sp\u0113kus un nodro\u0161ina vienm\u0113r\u012bgu un kontrol\u0113tu spiedienu.<\/li>\n<li>Piel\u0101gojiet amortiz\u0101cijas iestat\u012bjumus, lai optimiz\u0113tu veiktsp\u0113ju un, ja nepiecie\u0161ams, sasniegtu v\u0113lamos pres\u0113\u0161anas rezult\u0101tus.<\/li>\n<\/ul>\n<\/li>\n<\/ol>\n<h2><strong>K\u0101 atrast hidraulisk\u0101 cilindra bl\u012bv\u0113juma komplektu?<\/strong><\/h2>\n<p>Pareiza hidraulisk\u0101 cilindra bl\u012bv\u0113jumu komplekta atra\u0161ana ir \u013coti svar\u012bga pareizai apkopei un remontam. \u0160eit ir soli pa solim sniegta instrukcija, kas pal\u012bdz\u0113s jums atrast nepiecie\u0161amo bl\u012bv\u0113jumu komplektu:<\/p>\n<ol>\n<li><strong>Nosakiet cilindra inform\u0101ciju:<\/strong><br \/>\nApkopojiet p\u0113c iesp\u0113jas vair\u0101k inform\u0101cijas par hidraulisko cilindru, kuram jums ir nepiecie\u0161ams bl\u012bv\u0113juma komplekts. Tas ietver ra\u017eot\u0101ja nosaukumu, mode\u013ca numuru un citas identifik\u0101cijas z\u012bmes vai uzl\u012bmes uz cilindra. Ja jums ir piek\u013cuve cilindra dokument\u0101cijai vai specifik\u0101cij\u0101m, lai apkopotu papildu inform\u0101ciju.<\/li>\n<li><strong>Nosakiet bl\u012bv\u0113juma veidu:<\/strong><br \/>\nHidrauliskajos cilindros var izmantot da\u017e\u0101dus bl\u012bv\u0113jumus, piem\u0113ram, virzu\u013ca bl\u012bv\u0113jumus, stie\u0146a bl\u012bv\u0113jumus, t\u012br\u012bt\u0101jus vai nodiluma gredzenus. Nosakiet konkr\u0113to bl\u012bv\u0113juma vai bl\u012bv\u0113jumu veidu, kas j\u0101nomaina. Lai atrastu pareizo bl\u012bv\u0113jumu komplektu, ir svar\u012bgi izprast bl\u012bv\u0113juma konfigur\u0101ciju.<\/li>\n<li><strong>Izp\u0113tiet ra\u017eot\u0101ju:<\/strong><br \/>\nS\u0101ciet mekl\u0113\u0161anu, sazinoties tie\u0161i ar cilindra ra\u017eot\u0101ju. Apmekl\u0113jiet vi\u0146u ofici\u0101lo t\u012bmek\u013ca vietni vai sazinieties ar klientu apkalpo\u0161anas noda\u013cu. Sniedziet vi\u0146iem 1. darb\u012bb\u0101 apkopoto inform\u0101ciju par cilindru. Ra\u017eot\u0101js bie\u017ei vien var sniegt pareizo bl\u012bv\u0113juma komplekta deta\u013cas numuru vai nor\u0101d\u012bt j\u016bs pie pilnvarotajiem izplat\u012bt\u0101jiem.<\/li>\n<li><strong>Pilnvaroti izplat\u012bt\u0101ji:<\/strong><br \/>\nJa ra\u017eot\u0101js tie\u0161i nep\u0101rdod bl\u012bv\u0113jumu komplektus vai v\u0113laties izp\u0113t\u012bt citas iesp\u0113jas, jaut\u0101jiet pilnvarotiem izplat\u012bt\u0101jiem vai t\u0101l\u0101kp\u0101rdev\u0113jiem. \u0160ie izplat\u012bt\u0101ji bie\u017ei vien pied\u0101v\u0101 bl\u012bv\u0113jumu komplektus, kas \u012bpa\u0161i paredz\u0113ti ra\u017eot\u0101ja cilindriem. Vi\u0146i var pal\u012bdz\u0113t jums atrast atbilsto\u0161u bl\u012bv\u0113jumu komplektu, pamatojoties uz j\u016bsu sniegto inform\u0101ciju par cilindru.<\/li>\n<li><strong>Tie\u0161saistes tirdzniec\u012bbas platformas un pieg\u0101d\u0101t\u0101ji:<\/strong><br \/>\nMekl\u0113jiet cien\u012bjamus hidraulisko bl\u012bv\u0113jumu komplektu pieg\u0101d\u0101t\u0101jus vai tie\u0161saistes tirdzniec\u012bbas vietas, kas specializ\u0113jas hidrauliskaj\u0101s deta\u013c\u0101s. Da\u017eas popul\u0101ras iesp\u0113jas ietver r\u016bpniecisko pieg\u0101\u017eu vietnes, hidraulisko iek\u0101rtu pieg\u0101d\u0101t\u0101jus un specializ\u0113tus hidraulisko bl\u012bv\u0113jumu mazumtirgot\u0101jus. Izmantojiet mekl\u0113\u0161anas filtrus vai atsl\u0113gv\u0101rdus, kas atbilst j\u016bsu cilindra ra\u017eot\u0101jam un mode\u013ca numuram, lai sa\u0161aurin\u0101tu rezult\u0101tus.<\/li>\n<li><strong>Savstarp\u0113jo atsau\u010du ce\u013cve\u017ei:<\/strong><br \/>\nDa\u017e\u0101s t\u012bmek\u013ca vietn\u0113s vai katalogos ir pieejamas savstarp\u0113ju atsau\u010du rokasgr\u0101matas vai sader\u012bbas tabulas hidraulisko bl\u012bv\u0113jumu komplektiem. \u0160ie resursi \u013cauj mekl\u0113t bl\u012bv\u0113jumu komplektus, pamatojoties uz cilindra ra\u017eot\u0101ju, mode\u013ca numuru vai bl\u012bv\u0113juma izm\u0113riem. Savstarp\u0113ju atsau\u010du izmanto\u0161ana var pal\u012bdz\u0113t atrast bl\u012bv\u0113jumu komplektus no citiem ra\u017eot\u0101jiem, kas ir sader\u012bgi ar j\u016bsu cilindru.<\/li>\n<li><strong>Bl\u012bv\u0113juma izm\u0113ri un specifik\u0101cijas:<\/strong><br \/>\nJa nevarat atrast tie\u0161i j\u016bsu cilindram paredz\u0113tu bl\u012bv\u0113jumu komplektu, varat izm\u0113r\u012bt eso\u0161os bl\u012bv\u0113jumus. Pierakstiet bl\u012bv\u0113juma izm\u0113rus, tostarp iek\u0161\u0113jo diametru, \u0101r\u0113jo diametru un augstumu. Izmantojot \u0161o inform\u0101ciju, varat mekl\u0113t atsevi\u0161\u0137us bl\u012bv\u0113jumus, kas atbilst \u0161iem izm\u0113riem, vai konsult\u0113ties ar hidraulisko bl\u012bv\u0113jumu speci\u0101listu, kas var pal\u012bdz\u0113t atrast piem\u0113rotus aizvietot\u0101jus.<\/li>\n<li><strong>Mekl\u0113jiet profesion\u0101lu pal\u012bdz\u012bbu:<\/strong><br \/>\nJa rodas gr\u016bt\u012bbas atrast pareizo bl\u012bv\u0113jumu komplektu vai neesat p\u0101rliecin\u0101ts par procesu, apsveriet iesp\u0113ju konsult\u0113ties ar hidraulisko remonta speci\u0101listu vai hidraulisko bl\u012bv\u0113jumu pieg\u0101d\u0101t\u0101ju. Vi\u0146iem ir pieredze da\u017e\u0101du hidraulisko cilindru bl\u012bv\u0113jumu komplektu identific\u0113\u0161an\u0101 un ieg\u0101d\u0113, un vi\u0146i var pal\u012bdz\u0113t jums atrast pareizo risin\u0101jumu.<\/li>\n<\/ol>\n<h2><strong>R\u016bpn\u012bcas iesp\u0113jas un jauda:<\/strong><\/h2>\n<h3>(1) Mont\u0101\u017ea<\/h3>\n<p>Mums ir pirmklas\u012bga neatkar\u012bga p\u0113tniec\u012bbas un att\u012bst\u012bbas mont\u0101\u017eas platforma. Hidraulisko cilindru ra\u017eo\u0161anas darbn\u012bc\u0101 ir \u010detras pusautom\u0101tiskas pacel\u0161anas cilindru mont\u0101\u017eas l\u012bnijas un viena autom\u0101tisk\u0101 sl\u012bpuma cilindru mont\u0101\u017eas l\u012bnija ar projekt\u0113to gada ra\u017eo\u0161anas jaudu 1 miljons vien\u012bbu. Speci\u0101lo cilindru darbn\u012bca ir apr\u012bkota ar da\u017e\u0101du specifik\u0101ciju pusautom\u0101tisku t\u012br\u012b\u0161anas mont\u0101\u017eas sist\u0113mu ar projekt\u0113to gada ra\u017eo\u0161anas jaudu 200 000 vien\u012bbu un apr\u012bkota ar slaven\u0101m CNC apstr\u0101des iek\u0101rt\u0101m, apstr\u0101des centru, augstas precizit\u0101tes cilindru apstr\u0101des speci\u0101lo apr\u012bkojumu, robotiz\u0113tu metin\u0101\u0161anas iek\u0101rtu, autom\u0101tisku t\u012br\u012b\u0161anas iek\u0101rtu, autom\u0101tisku cilindru mont\u0101\u017eas iek\u0101rtu un autom\u0101tisku kr\u0101so\u0161anas ra\u017eo\u0161anas l\u012bniju. Eso\u0161ais kritiskais apr\u012bkojums ir vair\u0101k nek\u0101 300 komplektu (komplektu). Optim\u0101la iek\u0101rtu resursu sadale un efekt\u012bva izmanto\u0161ana nodro\u0161ina produktu precizit\u0101tes pras\u012bbas un apmierina produktu augst\u0101s kvalit\u0101tes pras\u012bbas.<\/p>\n<p><img loading=\"lazy\" decoding=\"async\" class=\"alignnone wp-image-626\" src=\"https:\/\/hydraulic-cylinders.net\/wp-content\/uploads\/2023\/08\/hydraulic-cylinder-product-1-300x158.webp\" alt=\"\" width=\"495\" height=\"260\" srcset=\"https:\/\/hydraulic-cylinders.net\/wp-content\/uploads\/2023\/08\/hydraulic-cylinder-product-1-300x158.webp 495w, https:\/\/hydraulic-cylinders.net\/wp-content\/uploads\/2023\/08\/hydraulic-cylinder-product-1-480x252.webp 480w\" sizes=\"(min-width: 0px) and (max-width: 480px) 480px, (min-width: 481px) 495px, 100vw\" \/> <img loading=\"lazy\" decoding=\"async\" class=\"alignnone wp-image-627\" src=\"https:\/\/hydraulic-cylinders.net\/wp-content\/uploads\/2023\/08\/hydraulic-cylinder-product-2-300x189.webp\" alt=\"\" width=\"413\" height=\"260\" \/><\/p>\n<h3>(2) Apstr\u0101de<\/h3>\n<p>Apstr\u0101des cehs ir apr\u012bkots ar piel\u0101gotu sl\u012bpo slie\u017eu virpo\u0161anas centru, apstr\u0101des centru, \u0101trgaitas asin\u0101\u0161anas ma\u0161\u012bnu, metin\u0101\u0161anas robotu un citu saist\u012btu apr\u012bkojumu, kas var apstr\u0101d\u0101t cilindriskas caurules ar maksim\u0101lo iek\u0161\u0113jo diametru 400 mm un maksim\u0101lo garumu 6 metri.<\/p>\n<p><img loading=\"lazy\" decoding=\"async\" class=\"alignnone wp-image-628 size-large\" src=\"https:\/\/hydraulic-cylinders.net\/wp-content\/uploads\/2023\/08\/hydraulic-cylinder-product-3-1024x391.webp\" alt=\"\" width=\"1024\" height=\"391\" srcset=\"https:\/\/hydraulic-cylinders.net\/wp-content\/uploads\/2023\/08\/hydraulic-cylinder-product-3-980x374.webp 980w, https:\/\/hydraulic-cylinders.net\/wp-content\/uploads\/2023\/08\/hydraulic-cylinder-product-3-480x183.webp 480w\" sizes=\"(min-width: 0px) and (max-width: 480px) 480px, (min-width: 481px) and (max-width: 980px) 980px, (min-width: 981px) 1024px, 100vw\" \/><\/p>\n<h3>(3) Metin\u0101\u0161ana<\/h3>\n<p><img loading=\"lazy\" decoding=\"async\" class=\"alignnone wp-image-629 size-large\" src=\"https:\/\/hydraulic-cylinders.net\/wp-content\/uploads\/2023\/08\/hydraulic-cylinder-product-4-1024x510.webp\" alt=\"\" width=\"1024\" height=\"510\" srcset=\"https:\/\/hydraulic-cylinders.net\/wp-content\/uploads\/2023\/08\/hydraulic-cylinder-product-4-980x488.webp 980w, https:\/\/hydraulic-cylinders.net\/wp-content\/uploads\/2023\/08\/hydraulic-cylinder-product-4-480x239.webp 480w\" sizes=\"(min-width: 0px) and (max-width: 480px) 480px, (min-width: 481px) and (max-width: 980px) 980px, (min-width: 981px) 1024px, 100vw\" \/><\/p>\n<h3>(4) Kr\u0101so\u0161ana un p\u0101rkl\u0101\u0161ana<\/h3>\n<p>Ar maz\u0101m un vid\u0113ja izm\u0113ra cilindrisk\u0101m autom\u0101tisk\u0101m \u016bdens b\u0101zes kr\u0101su p\u0101rkl\u0101\u0161anas l\u012bnij\u0101m, lai pan\u0101ktu autom\u0101tisku robotu iekrau\u0161anu un izkrau\u0161anu un autom\u0101tisku izsmidzin\u0101\u0161anu, projekt\u0113t\u0101 jauda ir 4000 gabali mai\u0146\u0101;<br \/>\nMums ir ar\u012b pusautom\u0101tiska kr\u0101su ra\u017eo\u0161anas l\u012bnija lieliem baloniem, ko darbina \u0137\u0113des piedzi\u0146a, ar 60 kastu konstrukcijas jaudu vien\u0101 mai\u0146\u0101.<\/p>\n<p><img loading=\"lazy\" decoding=\"async\" class=\"alignnone wp-image-630\" src=\"https:\/\/hydraulic-cylinders.net\/wp-content\/uploads\/2023\/08\/hydraulic-cylinder-product-5-300x213.webp\" alt=\"\" width=\"366\" height=\"260\" \/> <img loading=\"lazy\" decoding=\"async\" class=\"alignnone wp-image-631\" src=\"https:\/\/hydraulic-cylinders.net\/wp-content\/uploads\/2023\/08\/hydraulic-cylinder-product-6-300x225.webp\" alt=\"\" width=\"347\" height=\"260\" \/><\/p>\n<h3>(5) Test\u0113\u0161ana<\/h3>\n<p>Mums ir augst\u0101k\u0101s klases p\u0101rbaudes iek\u0101rtas un test\u0113\u0161anas stendi, lai nodro\u0161in\u0101tu, ka balona veiktsp\u0113ja atbilst pras\u012bb\u0101m.<\/p>\n<p><img loading=\"lazy\" decoding=\"async\" class=\"alignnone wp-image-632\" src=\"https:\/\/hydraulic-cylinders.net\/wp-content\/uploads\/2023\/08\/hydraulic-cylinder-product-8-300x200.webp\" alt=\"\" width=\"389\" height=\"260\" \/><\/p>\n<p>&nbsp;<\/p>\n<p>&nbsp;<\/p>\n<p>M\u0113s esam viens no lab\u0101kajiem hidraulisko cilindru ra\u017eot\u0101jiem. M\u0113s varam pied\u0101v\u0101t visaptvero\u0161us hidrauliskos cilindrus. M\u0113s nodro\u0161in\u0101m ar\u012b atbilsto\u0161us <a href=\"https:\/\/hzpt.com\/agricultural-pto-gearbox\/\" target=\"_blank\" rel=\"noopener\">lauksaimniec\u012bbas p\u0101rnesumk\u0101rbas<\/a>. M\u0113s esam eksport\u0113ju\u0161i savus produktus klientiem vis\u0101 pasaul\u0113 un esam ieguvu\u0161i labu reput\u0101ciju, pateicoties m\u016bsu izcilajai produktu kvalit\u0101tei un p\u0113cp\u0101rdo\u0161anas servisam. M\u0113s aicin\u0101m klientus no valsts un \u0101rvalst\u012bm sazin\u0101ties ar mums, lai risin\u0101tu biznesa sarunas, apmain\u012btos ar inform\u0101ciju un... <a href=\"https:\/\/www.hydraulic-cylinders.net\/lv\/contact-us\/\">sadarboties ar mums<\/a>!<\/p>","protected":false},"excerpt":{"rendered":"<p>Press Cushion Cylinder The press cushion cylinder is a highly efficient and versatile component designed to improve precision and productivity in industrial pressing applications. With its advanced features and innovative design, this cylinder offers superior cushioning capabilities, ensuring controlled deceleration and reduced impact forces during pressing operations. The press cushion cylinder is a remarkable tool [&hellip;]<\/p>","protected":false},"featured_media":1655,"comment_status":"open","ping_status":"closed","template":"","meta":{"_et_pb_use_builder":"","_et_pb_old_content":"","_et_gb_content_width":""},"product_brand":[],"product_cat":[1550,1522,1376],"product_tag":[1380],"class_list":{"0":"post-1653","1":"product","2":"type-product","3":"status-publish","4":"has-post-thumbnail","6":"product_cat-double-acting-hydraulic-cylinder","7":"product_cat-press-hydraulic-cylinders","8":"product_cat-hydraulic-cylinder","9":"product_tag-hydraulic-cylinder","11":"first","12":"instock","13":"shipping-taxable","14":"product-type-simple"},"amp_enabled":true,"_links":{"self":[{"href":"https:\/\/www.hydraulic-cylinders.net\/lv\/wp-json\/wp\/v2\/product\/1653","targetHints":{"allow":["GET"]}}],"collection":[{"href":"https:\/\/www.hydraulic-cylinders.net\/lv\/wp-json\/wp\/v2\/product"}],"about":[{"href":"https:\/\/www.hydraulic-cylinders.net\/lv\/wp-json\/wp\/v2\/types\/product"}],"replies":[{"embeddable":true,"href":"https:\/\/www.hydraulic-cylinders.net\/lv\/wp-json\/wp\/v2\/comments?post=1653"}],"wp:featuredmedia":[{"embeddable":true,"href":"https:\/\/www.hydraulic-cylinders.net\/lv\/wp-json\/wp\/v2\/media\/1655"}],"wp:attachment":[{"href":"https:\/\/www.hydraulic-cylinders.net\/lv\/wp-json\/wp\/v2\/media?parent=1653"}],"wp:term":[{"taxonomy":"product_brand","embeddable":true,"href":"https:\/\/www.hydraulic-cylinders.net\/lv\/wp-json\/wp\/v2\/product_brand?post=1653"},{"taxonomy":"product_cat","embeddable":true,"href":"https:\/\/www.hydraulic-cylinders.net\/lv\/wp-json\/wp\/v2\/product_cat?post=1653"},{"taxonomy":"product_tag","embeddable":true,"href":"https:\/\/www.hydraulic-cylinders.net\/lv\/wp-json\/wp\/v2\/product_tag?post=1653"}],"curies":[{"name":"wp","href":"https:\/\/api.w.org\/{rel}","templated":true}]}}