{"id":16537,"date":"2025-01-21T05:32:24","date_gmt":"2025-01-21T05:32:24","guid":{"rendered":"https:\/\/www.hydraulic-cylinders.net\/product\/arm-cylinder-for-lonking-small-excavator-lg6085\/"},"modified":"2025-01-21T05:32:26","modified_gmt":"2025-01-21T05:32:26","slug":"arm-cylinder-for-lonking-small-excavator-lg6085","status":"publish","type":"product","link":"https:\/\/www.hydraulic-cylinders.net\/lv\/products\/arm-cylinder-for-lonking-small-excavator-lg6085\/","title":{"rendered":"Sviras cilindrs Lonking mazajam ekskavatoram LG6085"},"content":{"rendered":"<h1>Sviras cilindrs Lonking mazajam ekskavatoram LG6085<\/h1>\n<h2>Ievads<\/h2>\n<p>Lonking maz\u0101 ekskavatora LG6085 sviras cilindrs ir specializ\u0113ts hidrauliskais cilindrs, kas paredz\u0113ts, lai nodro\u0161in\u0101tu line\u0101ru kust\u012bbu un jaudu da\u017e\u0101du ma\u0161\u012bnu, piem\u0113ram, ekskavatoru, celt\u0146u un robotiz\u0113tu roku, svirai. Sviras cilindram ir iz\u0161\u0137iro\u0161a noz\u012bme hidrauliskaj\u0101s sist\u0113m\u0101s, nodro\u0161inot efekt\u012bvu papildu instrumentu vai stiprin\u0101jumu kust\u012bbu un vad\u012bbu. \u0160ie cilindri ne tikai nodro\u0161ina vienm\u0113r\u012bgu kust\u012bbu, bet ar\u012b iztur lielas slodzes, nodro\u0161inot ma\u0161\u012bnas efekt\u012bvu darb\u012bbu un uzticam\u012bbu da\u017e\u0101dos darba apst\u0101k\u013cos.<\/p>\n<p><img decoding=\"async\" src=\"https:\/\/www.hydraulic-cylinders.net\/wp-content\/uploads\/2025\/01\/songte-company-2.webp\"><\/p>\n<h2>Funkcijas<\/h2>\n<ul>\n<li>Augstas efektivit\u0101tes transmisija: Sviras cilindrs nodro\u0161ina jaud\u012bgu line\u0101ru kust\u012bbu un sp\u0113ku, garant\u0113jot augstu veiktsp\u0113jas efektivit\u0101ti da\u017e\u0101d\u0101s darb\u012bb\u0101s.<\/li>\n<li>Prec\u012bza vad\u012bba: Izmantojot hidraulisko sist\u0113mu, rokas cilindrs nodro\u0161ina prec\u012bzu kust\u012bbas vad\u012bbu, padarot papildu instrumentu darb\u012bbu elast\u012bg\u0101ku un prec\u012bz\u0101ku.<\/li>\n<li>Iztur\u012bba: Sviru cilindri parasti tiek ra\u017eoti, izmantojot augstas iztur\u012bbas materi\u0101lus, kas nodro\u0161ina izcilu iztur\u012bbu pret nodilumu un koroziju, un ir piem\u0113roti ilgsto\u0161ai lieto\u0161anai skarbos apst\u0101k\u013cos.<\/li>\n<li>Daudzpus\u012bga piel\u0101go\u0161an\u0101s sp\u0113ja: \u0161os cilindrus var pla\u0161i pielietot da\u017e\u0101d\u0101s ma\u0161\u012bn\u0101s, piem\u0113ram, ekskavatoros, celt\u0146os un robotiz\u0113t\u0101s rok\u0101s, piel\u0101gojoties da\u017e\u0101d\u0101m darba pras\u012bb\u0101m.<\/li>\n<li>Vienk\u0101r\u0161a apkope: Izstr\u0101d\u0101ts, \u0146emot v\u0113r\u0101 apkopes un nomai\u0146as vienk\u0101r\u0161\u012bbu, regul\u0101ras p\u0101rbaudes un apkope ir \u0113rtas, samazinot iek\u0101rtu d\u012bkst\u0101ves laiku.<\/li>\n<\/ul>\n<p><img decoding=\"async\" src=\"https:\/\/www.hydraulic-cylinders.net\/wp-content\/uploads\/2025\/01\/songte-oil-pipes-and-spare-parts.webp\"><\/p>\n<h2>Pieteikumi<\/h2>\n<p>Lonking maz\u0101 ekskavatora LG6085 rokas cilindram ir daudzveid\u012bgs pielietojums da\u017e\u0101d\u0101s nozar\u0113s:<\/p>\n<ul>\n<li>B\u016bvniec\u012bbas in\u017eenierija: Ekskavatoros un celt\u0146os sviras cilindrs kontrol\u0113 kausu vai str\u0113les kust\u012bbu, atvieglojot zemes darbus, materi\u0101lu apstr\u0101di un konstrukciju uzst\u0101d\u012b\u0161anu.<\/li>\n<li>Ra\u017eo\u0161ana: Automatiz\u0113t\u0101s ra\u017eo\u0161anas l\u012bnij\u0101s rokas cilindrs nodro\u0161ina kust\u012bbu robotiz\u0113taj\u0101s rok\u0101s, atvieglojot mont\u0101\u017eas, metin\u0101\u0161anas un materi\u0101lu apstr\u0101des procesus, uzlabojot ra\u017eo\u0161anas efektivit\u0101ti un precizit\u0101ti.<\/li>\n<li>Lauksaimniec\u012bbas tehnika: Lauksaimniec\u012bbas tehnik\u0101, piem\u0113ram, kombainos un s\u0113jma\u0161\u012bn\u0101s, sviras cilindrs kontrol\u0113 vad\u012bbas sviru kust\u012bbu t\u0101diem uzdevumiem k\u0101 st\u0101d\u012b\u0161ana, m\u0113slo\u0161ana un ra\u017eas nov\u0101k\u0161ana.<\/li>\n<li>Kalnr\u016bpniec\u012bba: Kalnr\u016bpniec\u012bbas iek\u0101rt\u0101s rokas cilindrs kontrol\u0113 rokas kust\u012bbu kalnr\u016bpniec\u012bbas un materi\u0101lu transport\u0113\u0161anas nol\u016bkos.<\/li>\n<li>Lo\u0123istika un transports: Iekr\u0101v\u0113jos un automatiz\u0113tos apstr\u0101des robotos rokas cilindrs kontrol\u0113 kravas dak\u0161u pacel\u0161anu un kust\u012bbu, nodro\u0161inot materi\u0101lu apstr\u0101di un sakrau\u0161anu.<\/li>\n<\/ul>\n<h2>Dizaina apsv\u0113rumi un atlases krit\u0113riji<\/h2>\n<p>Run\u0101jot par Lonking maz\u0101 ekskavatora LG6085 sviras cilindra konstrukciju, ir j\u0101\u0146em v\u0113r\u0101 vair\u0101ki galvenie apsv\u0113rumi un izv\u0113les krit\u0113riji:<\/p>\n<ul>\n<li>Nestsp\u0113ja: Sviras cilindram j\u0101b\u016bt konstru\u0113tam t\u0101, lai tas iztur\u0113tu paredzam\u0101s slodzes un sp\u0113kus, ar kuriem saskaras ekspluat\u0101cijas laik\u0101.<\/li>\n<li>Bl\u012bv\u0113jums: J\u0101izmanto da\u017e\u0101di bl\u012bv\u0113\u0161anas komponenti, piem\u0113ram, virzu\u013ca bl\u012bvsl\u0113gi \u200b\u200bun stie\u0146a bl\u012bvsl\u0113gi, izv\u0113loties t\u0101dus materi\u0101lus k\u0101 poliuret\u0101ns un nitrila gumija, \u0146emot v\u0113r\u0101 to nodilumiztur\u012bbu. Cilindra korpuss un v\u012bt\u0146otie gali ir r\u016bp\u012bgi j\u0101apstr\u0101d\u0101, lai uzlabotu nodilumiztur\u012bbu.<\/li>\n<li>Iztur\u012bba: Balonam j\u0101b\u016bt izgatavotam, izmantojot augstas kvalit\u0101tes materi\u0101lus un ra\u017eo\u0161anas metodes, lai nodro\u0161in\u0101tu ilgsto\u0161u iztur\u012bbu un iztur\u012bbu pret nodilumu un koroziju.<\/li>\n<li>Dro\u0161\u012bba: Projekt\u0113jot j\u0101iek\u013cauj dro\u0161\u012bbas apsv\u0113rumi, lai nov\u0113rstu negad\u012bjumus un nodro\u0161in\u0101tu iek\u0101rtas dro\u0161u darb\u012bbu.<\/li>\n<li>Uzturam\u012bba: Projektam j\u0101nodro\u0161ina \u0113rta apkope un remonts, samazinot d\u012bkst\u0101ves laiku un palielinot iek\u0101rtu pieejam\u012bbu.<\/li>\n<\/ul>\n<p><img decoding=\"async\" src=\"https:\/\/www.hydraulic-cylinders.net\/wp-content\/uploads\/2025\/01\/songte-cylinder-head-with-all-kinds-excavator-models.webp\"><\/p>\n<h2>Bl\u012bv\u0113\u0161ana un e\u013c\u013co\u0161ana<\/h2>\n<p>Lonking maz\u0101 ekskavatora LG6085 sviras cilindr\u0101 tiek izmantoti da\u017e\u0101di bl\u012bv\u0113\u0161anas komponenti, piem\u0113ram, virzu\u013ca bl\u012bvsl\u0113gi \u200b\u200bun stie\u0146a bl\u012bvsl\u0113gi, kas izgatavoti no nodilumiztur\u012bgiem materi\u0101liem, piem\u0113ram, poliuret\u0101na un nitrila gumijas. Cilindra korpuss un v\u012bt\u0146otie gali tiek r\u016bp\u012bgi apstr\u0101d\u0101ti, lai uzlabotu nodilumiztur\u012bbu. Regul\u0101ra e\u013c\u013co\u0161ana ar atbilsto\u0161u hidraulisk\u0101s e\u013c\u013cas daudzumu ir b\u016btiska pareizai darb\u012bbai.<\/p>\n<h2>Regul\u0101ra p\u0101rbaude un profilaktisk\u0101 apkope<\/h2>\n<p>Lai nodro\u0161in\u0101tu optim\u0101lu sviras cilindra darb\u012bbu un ilgm\u016b\u017e\u012bbu, j\u0101veic regul\u0101ras p\u0101rbaudes un j\u0101veic profilaktisk\u0101s apkopes pas\u0101kumi:<\/p>\n<ul>\n<li>P\u0101rbaudiet, vai cilindra deta\u013c\u0101m nav nopl\u016b\u017eu, boj\u0101jumu vai nodiluma paz\u012bmju.<\/li>\n<li>P\u0101rbaudiet un nomainiet nolietot\u0101s bl\u012bves un citas pat\u0113r\u0113jam\u0101s deta\u013cas, ja nepiecie\u0161ams.<\/li>\n<li>Uzraudz\u012bt un uztur\u0113t atbilsto\u0161u hidraulisk\u0101s e\u013c\u013cas l\u012bmeni.<\/li>\n<li>P\u0101rbaudiet savienojumu un veidgabalu herm\u0113tiskumu.<\/li>\n<li>Veiciet visas ieteicam\u0101s apkopes proced\u016bras, k\u0101 nor\u0101d\u012bts ra\u017eot\u0101ja vadl\u012bnij\u0101s.<\/li>\n<\/ul>\n<h2>Produkta uzst\u0101d\u012b\u0161anas rokasgr\u0101mata<\/h2>\n<p>Pareiza sviras cilindra uzst\u0101d\u012b\u0161ana ir \u013coti svar\u012bga t\u0101 optim\u0101lai darb\u012bbai un dro\u0161\u012bbai. Iev\u0113rojiet \u0161\u012bs vadl\u012bnijas:<\/p>\n<ul>\n<li>P\u0101rliecinieties, vai visi savienojumi, stiprin\u0101jumi un stiprin\u0101juma punkti ir t\u012bri un bez gru\u017eiem.<\/li>\n<li>P\u0101rliecinieties, vai cilindrs ir pareizi izl\u012bdzin\u0101ts ar apr\u012bkojumu un dro\u0161i piestiprin\u0101ts.<\/li>\n<li>Pievelciet visus savienojumus l\u012bdz nor\u0101d\u012btaj\u0101m griezes momenta v\u0113rt\u012bb\u0101m.<\/li>\n<li>Iev\u0113rojiet ra\u017eot\u0101ja nor\u0101d\u012bjumus par hidraulisk\u0101s sist\u0113mas atgaiso\u0161anu un p\u0101rbaudi.<\/li>\n<li>P\u0113c uzst\u0101d\u012b\u0161anas veiciet r\u016bp\u012bgu p\u0101rbaudi, lai nodro\u0161in\u0101tu pareizu darb\u012bbu.<\/li>\n<\/ul>\n<p><img decoding=\"async\" src=\"https:\/\/www.hydraulic-cylinders.net\/wp-content\/uploads\/2025\/01\/songte-bushings-with-all-kinds-of-excavator-models.webp\"><\/p>\n<h2>Dro\u0161\u012bbas apsv\u0113rumi un vides faktori<\/h2>\n<p>Izmantojot Lonking maz\u0101 ekskavatora LG6085 sviras cilindru, ir svar\u012bgi priorit\u0101ri piev\u0113rsties dro\u0161\u012bbas pas\u0101kumiem hidraulisko komponentu kl\u0101tb\u016btnes un iesp\u0113jamo apdraud\u0113jumu d\u0113\u013c. Atbilsto\u0161u dro\u0161\u012bbas protokolu ievie\u0161ana un apr\u012bkojuma ekspluat\u0101cijas apm\u0101c\u012bba ir \u013coti svar\u012bga, lai nov\u0113rstu negad\u012bjumus un nodro\u0161in\u0101tu dro\u0161u darba vidi.<\/p>\n<h2>K\u013c\u016bmju diagnostika un bie\u017e\u0101k sastopam\u0101s probl\u0113mas<\/h2>\n<p>Lai gan sviras cilindrs ir paredz\u0113ts uzticam\u012bbai, var rasties neregul\u0101ri k\u013c\u016bmes un probl\u0113mas. \u0160eit ir da\u017eas bie\u017ei sastopamas probl\u0113mas un iesp\u0113jamie risin\u0101jumi:<\/p>\n<ul>\n<li>Nopl\u016bde: P\u0101rbaudiet, vai nav boj\u0101tu bl\u012bv\u0113jumu vai savienojumu, un nomainiet tos, ja nepiecie\u0161ams. P\u0101rliecinieties, vai savienojumi ir pareizi pievilkti.<\/li>\n<li>L\u0113na vai nevienm\u0113r\u012bga kust\u012bba: p\u0101rbaudiet hidraulisk\u0101 \u0161\u0137idruma l\u012bmeni un kvalit\u0101ti. P\u0101rbaudiet, vai sist\u0113m\u0101 nav aizsprostojumu vai ierobe\u017eojumu. P\u0113c nepiecie\u0161am\u012bbas not\u012briet vai nomainiet filtrus.<\/li>\n<li>Neparasts troksnis: p\u0101rbaudiet, vai nav va\u013c\u012bgu savienojumu vai nodilumu. Pievelciet savienojumus un nomainiet visas nodilu\u0161\u0101s deta\u013cas.<\/li>\n<li>P\u0101rm\u0113r\u012bgs nodilums: Regul\u0101ri p\u0101rbaudiet cilindru deta\u013cu st\u0101vokli. Nekav\u0113joties nomainiet nolietot\u0101s bl\u012bves, gult\u0146us vai citas boj\u0101t\u0101s deta\u013cas.<\/li>\n<\/ul>\n<p>Prevent\u012bvu pas\u0101kumu, piem\u0113ram, pareizas e\u013c\u013co\u0161anas un apkopes, ievie\u0161ana var samazin\u0101t iesp\u0113jam\u0101s probl\u0113mas.<\/p>\n<p><img decoding=\"async\" src=\"https:\/\/www.hydraulic-cylinders.net\/wp-content\/uploads\/2025\/01\/songte-chushion-collar.webp\"><\/p>\n<h2>Par mums<\/h2>\n<p>M\u0113s esam profesion\u0101ls rezerves hidraulisko cilindru ra\u017eot\u0101js, kas pied\u0101v\u0101 pla\u0161u produktu kl\u0101stu. Esam k\u013cuvu\u0161i par vienu no vado\u0161ajiem hidraulisko cilindru ra\u017eot\u0101jiem un vairumtirdzniec\u012bbas izplat\u012bt\u0101jiem gan viet\u0113j\u0101, gan starptautiskaj\u0101 tirg\u016b. Ap\u0146\u0113mu\u0161ies sasniegt izcil\u012bbu, m\u0113s sav\u0101 sare\u017e\u0123\u012btaj\u0101 ra\u017eo\u0161anas darbn\u012bc\u0101 pa\u013caujamies uz industrializ\u0113t\u0101m ra\u017eo\u0161anas vad\u012bbas strat\u0113\u0123ij\u0101m, lai nep\u0101rtraukti uzlabotu savu tehnolo\u0123isko pieredzi un ra\u017eo\u0161anas efektivit\u0101ti. Ievie\u0161ot augstas klases digit\u0101l\u0101s ra\u017eo\u0161anas iek\u0101rtas un profesion\u0101las test\u0113\u0161anas sist\u0113mas, m\u0113s optimiz\u0113jam savu ra\u017eo\u0161anas platformu, uzlabojam produktu kvalit\u0101tes kontroles procesus un demonstr\u0113jam sp\u0113c\u012bgas inov\u0101ciju sp\u0113jas. M\u016bsu m\u0113r\u0137is ir apmierin\u0101t da\u017e\u0101das klientu vajadz\u012bbas ar efektivit\u0101ti, precizit\u0101ti un augstas kvalit\u0101tes produktiem.<\/p>\n<p><img decoding=\"async\" src=\"https:\/\/www.hydraulic-cylinders.net\/wp-content\/uploads\/2025\/01\/songte-company-4.webp\"><br \/>\n<img decoding=\"async\" src=\"https:\/\/www.hydraulic-cylinders.net\/wp-content\/uploads\/2025\/01\/songte-company-3.webp\"><\/p>\n<p>K\u0101 uz\u0146\u0113mums m\u0113s lepojamies ar:<\/p>\n<ul>\n<li>Profesionalit\u0101te<\/li>\n<li>Starptautisk\u0101s sertifik\u0101cijas<\/li>\n<li>Piel\u0101go\u0161anas pakalpojumi<\/li>\n<li>Uzlabots ra\u017eo\u0161anas apr\u012bkojums<\/li>\n<li>P\u0113cp\u0101rdo\u0161anas pakalpojumi<\/li>\n<\/ul>\n<p>Autors: lil<\/p>","protected":false},"excerpt":{"rendered":"<p>Arm Cylinder For Lonking Small Excavator LG6085 Introduction The Arm Cylinder for Lonking Small Excavator LG6085 is a specialized hydraulic cylinder designed to provide linear motion and power to the arm of various machinery, such as excavators, cranes, and robotic arms. The arm cylinder plays a crucial role in hydraulic systems, enabling the effective movement [&hellip;]<\/p>","protected":false},"featured_media":14783,"comment_status":"open","ping_status":"closed","template":"","meta":{"_et_pb_use_builder":"","_et_pb_old_content":"","_et_gb_content_width":""},"product_brand":[],"product_cat":[1497],"product_tag":[1498,1496],"class_list":{"0":"post-16537","1":"product","2":"type-product","3":"status-publish","4":"has-post-thumbnail","6":"product_cat-arm-cylinders","7":"product_tag-arm-cylinders","8":"product_tag-hydraulic-cylinders","10":"first","11":"instock","12":"shipping-taxable","13":"product-type-simple"},"amp_enabled":true,"_links":{"self":[{"href":"https:\/\/www.hydraulic-cylinders.net\/lv\/wp-json\/wp\/v2\/product\/16537","targetHints":{"allow":["GET"]}}],"collection":[{"href":"https:\/\/www.hydraulic-cylinders.net\/lv\/wp-json\/wp\/v2\/product"}],"about":[{"href":"https:\/\/www.hydraulic-cylinders.net\/lv\/wp-json\/wp\/v2\/types\/product"}],"replies":[{"embeddable":true,"href":"https:\/\/www.hydraulic-cylinders.net\/lv\/wp-json\/wp\/v2\/comments?post=16537"}],"wp:featuredmedia":[{"embeddable":true,"href":"https:\/\/www.hydraulic-cylinders.net\/lv\/wp-json\/wp\/v2\/media\/14783"}],"wp:attachment":[{"href":"https:\/\/www.hydraulic-cylinders.net\/lv\/wp-json\/wp\/v2\/media?parent=16537"}],"wp:term":[{"taxonomy":"product_brand","embeddable":true,"href":"https:\/\/www.hydraulic-cylinders.net\/lv\/wp-json\/wp\/v2\/product_brand?post=16537"},{"taxonomy":"product_cat","embeddable":true,"href":"https:\/\/www.hydraulic-cylinders.net\/lv\/wp-json\/wp\/v2\/product_cat?post=16537"},{"taxonomy":"product_tag","embeddable":true,"href":"https:\/\/www.hydraulic-cylinders.net\/lv\/wp-json\/wp\/v2\/product_tag?post=16537"}],"curies":[{"name":"wp","href":"https:\/\/api.w.org\/{rel}","templated":true}]}}