{"id":16539,"date":"2025-01-21T05:32:32","date_gmt":"2025-01-21T05:32:32","guid":{"rendered":"https:\/\/www.hydraulic-cylinders.net\/product\/arm-cylinder-for-lonking-small-excavator-lg6090\/"},"modified":"2025-01-21T05:32:33","modified_gmt":"2025-01-21T05:32:33","slug":"arm-cylinder-for-lonking-small-excavator-lg6090","status":"publish","type":"product","link":"https:\/\/www.hydraulic-cylinders.net\/lv\/products\/arm-cylinder-for-lonking-small-excavator-lg6090\/","title":{"rendered":"Sviras cilindrs Lonking mazajam ekskavatoram LG6090"},"content":{"rendered":"<h2>Sviras cilindrs Lonking mazajam ekskavatoram LG6090<\/h2>\n<p><img decoding=\"async\" src=\"https:\/\/www.hydraulic-cylinders.net\/wp-content\/uploads\/2025\/01\/songte-company-2.webp\"><\/p>\n<h3>Ievads<\/h3>\n<p>Sviras cilindrs ir speci\u0101li izstr\u0101d\u0101ts hidrauliskais cilindrs, kas nodro\u0161ina line\u0101ru kust\u012bbu un jaudu da\u017e\u0101du ma\u0161\u012bnu, piem\u0113ram, ekskavatoru, celt\u0146u un meh\u0101nisko sviru, svir\u0101m. Sviras cilindram ir iz\u0161\u0137iro\u0161a noz\u012bme hidrauliskaj\u0101s sist\u0113m\u0101s, nodro\u0161inot efekt\u012bvu papildu instrumentu vai stiprin\u0101jumu kust\u012bbu un vad\u012bbu. \u0160ie cilindri ne tikai nodro\u0161ina vienm\u0113r\u012bgu kust\u012bbu, bet ar\u012b iztur lielas slodzes, nodro\u0161inot ma\u0161\u012bnu efekt\u012bvu darb\u012bbu un uzticam\u012bbu da\u017e\u0101dos darba apst\u0101k\u013cos.<\/p>\n<h3>Funkcijas<\/h3>\n<ul>\n<li>Augstas efektivit\u0101tes transmisija: Sviras cilindrs nodro\u0161ina jaud\u012bgu line\u0101ru kust\u012bbu un sp\u0113ku, garant\u0113jot meh\u0101nisk\u0101s sviras augstas veiktsp\u0113jas iesp\u0113jas da\u017e\u0101d\u0101s darb\u012bb\u0101s.<\/li>\n<li>Prec\u012bza vad\u012bba: Izmantojot hidraulisko sist\u0113mu, rokas cilindrs pan\u0101k prec\u012bzu kust\u012bbas vad\u012bbu, padarot papildu instrumentu darb\u012bbu elast\u012bg\u0101ku un prec\u012bz\u0101ku.<\/li>\n<li>Iztur\u012bba: Sviru cilindri parasti ir izgatavoti no augstas iztur\u012bbas materi\u0101liem, ar izcilu nodilumiztur\u012bbu un iztur\u012bbu pret koroziju, kas ir piem\u0113roti ilgsto\u0161ai lieto\u0161anai skarbos apst\u0101k\u013cos.<\/li>\n<li>Daudzfunkcionalit\u0101te un piel\u0101gojam\u012bba: \u0161os cilindrus var pla\u0161i izmantot da\u017e\u0101d\u0101s ma\u0161\u012bn\u0101s, piem\u0113ram, ekskavatoros, celt\u0146os un meh\u0101niskaj\u0101s svir\u0101s, piel\u0101gojoties da\u017e\u0101d\u0101m darba pras\u012bb\u0101m.<\/li>\n<li>Vienk\u0101r\u0161a apkope: Projekt\u0113jot \u0146emta v\u0113r\u0101 apkopes un nomai\u0146as vienk\u0101r\u0161\u012bba, padarot regul\u0101ras p\u0101rbaudes un apkopi \u0113rt\u0101ku, samazinot iek\u0101rtu d\u012bkst\u0101ves laiku.<\/li>\n<\/ul>\n<p><img decoding=\"async\" src=\"https:\/\/www.hydraulic-cylinders.net\/wp-content\/uploads\/2025\/01\/songte-oil-pipes-and-spare-parts.webp\"><\/p>\n<h3>Pieteikumi<\/h3>\n<ul>\n<li>B\u016bvniec\u012bbas in\u017eenierija: Ekskavatoros un celt\u0146os sviras cilindrs tiek izmantots, lai kontrol\u0113tu kausu vai str\u0113les kust\u012bbu zemes darbos, materi\u0101lu apstr\u0101d\u0113 un konstrukciju uzst\u0101d\u012b\u0161an\u0101.<\/li>\n<li>Ra\u017eo\u0161anas nozare: Automatiz\u0113t\u0101s ra\u017eo\u0161anas l\u012bnij\u0101s sviras cilindrs tiek izmantots meh\u0101nisko sviru kust\u012bbai mont\u0101\u017eas, metin\u0101\u0161anas un apstr\u0101des procesos, uzlabojot ra\u017eo\u0161anas efektivit\u0101ti un precizit\u0101ti.<\/li>\n<li>Lauksaimniec\u012bbas tehnika: Lauksaimniec\u012bbas tehnik\u0101, piem\u0113ram, kombainos un s\u0113jma\u0161\u012bn\u0101s, sviras cilindrs kontrol\u0113 vad\u012bbas sviru kust\u012bbu t\u0101diem uzdevumiem k\u0101 st\u0101d\u012b\u0161ana, m\u0113slo\u0161ana un ra\u017eas nov\u0101k\u0161ana.<\/li>\n<li>Kalnr\u016bpniec\u012bba: Kalnr\u016bpniec\u012bbas iek\u0101rt\u0101s sviras cilindrs kontrol\u0113 kalnr\u016bpniec\u012bbas iek\u0101rtu sviru kust\u012bbu r\u016bdas ieguvei un transport\u0113\u0161anai.<\/li>\n<li>Lo\u0123istika un transports: Iekr\u0101v\u0113jos un apstr\u0101des robotos rokas cilindrs tiek izmantots, lai kontrol\u0113tu dak\u0161u pacel\u0161anu un kust\u012bbu, atvieglojot materi\u0101lu apstr\u0101di un sakrau\u0161anu.<\/li>\n<\/ul>\n<h3>Dizaina apsv\u0113rumi un atlases krit\u0113riji<\/h3>\n<ul>\n<li>Load-Bearing Capacity: Discuss the arm cylinder&#8217;s ability to handle different loads and the importance of choosing the right capacity for specific applications.<\/li>\n<li>Bl\u012bv\u0113jums: Izskaidrojiet da\u017e\u0101du bl\u012bv\u0113\u0161anas komponentu, piem\u0113ram, virzu\u013ca bl\u012bv\u0113jumu un stie\u0146u bl\u012bv\u0113jumu, kas izgatavoti no nodilumiztur\u012bgiem materi\u0101liem, piem\u0113ram, poliuret\u0101na un nitrila gumijas, lieto\u0161anu. Uzsveriet pareiza bl\u012bv\u0113juma noz\u012bmi veiktsp\u0113jas un ilgm\u016b\u017e\u012bbas nodro\u0161in\u0101\u0161an\u0101.<\/li>\n<li>Iztur\u012bba: Apspriediet iztur\u012bgu materi\u0101lu un virsmas apstr\u0101des nepiecie\u0161am\u012bbu cilindra korpus\u0101 un v\u012bt\u0146otajos galos, lai uzlabotu nodilumiztur\u012bbu un ilgm\u016b\u017e\u012bbu.<\/li>\n<li>Dro\u0161\u012bba: \u0146emiet v\u0113r\u0101 dro\u0161\u012bbas apsv\u0113rumus projekt\u0113\u0161an\u0101, piem\u0113ram, ieb\u016bv\u0113t\u0101s dro\u0161\u012bbas funkcijas un piesardz\u012bbas pas\u0101kumus, lai nov\u0113rstu negad\u012bjumus ekspluat\u0101cijas laik\u0101.<\/li>\n<li>Uzturam\u012bba: Apspriediet konstrukcijas elementus, kas atvieglo regul\u0101ru apkopi un remontu, samazinot d\u012bkst\u0101ves laiku un uzlabojot kop\u0113jo produktivit\u0101ti.<\/li>\n<\/ul>\n<p><img decoding=\"async\" src=\"https:\/\/www.hydraulic-cylinders.net\/wp-content\/uploads\/2025\/01\/songte-cylinder-head-with-all-kinds-excavator-models.webp\"><\/p>\n<h3>Bl\u012bv\u0113\u0161ana un e\u013c\u013co\u0161ana<\/h3>\n<p>Sviras cilindr\u0101 tiek izmantoti da\u017e\u0101di bl\u012bv\u0113\u0161anas komponenti, piem\u0113ram, virzu\u013ca bl\u012bvsl\u0113gi \u200b\u200bun stie\u0146a bl\u012bvsl\u0113gi. \u0160ie bl\u012bvsl\u0113gi \u200b\u200bir izgatavoti no iztur\u012bgiem materi\u0101liem, piem\u0113ram, poliuret\u0101na un nitrila gumijas, lai iztur\u0113tu nodilumu. Turkl\u0101t cilindra korpuss un v\u012bt\u0146otie gali tiek pak\u013cauti prec\u012bzai virsmas apstr\u0101dei, lai uzlabotu nodilumiztur\u012bbu. Lai nodro\u0161in\u0101tu vienm\u0113r\u012bgu darb\u012bbu, ir nepiecie\u0161ama regul\u0101ra e\u013c\u013co\u0161ana ar atbilsto\u0161u hidraulisk\u0101s e\u013c\u013cas daudzumu.<\/p>\n<h3>Regul\u0101ra p\u0101rbaude un profilaktisk\u0101 apkope<\/h3>\n<ul>\n<li>Lai nodro\u0161in\u0101tu optim\u0101lu veiktsp\u0113ju, regul\u0101ri p\u0101rbaudiet cilindru, vai nav nodiluma, nopl\u016bdes vai boj\u0101jumu paz\u012bmju.<\/li>\n<li>P\u0101rbaudiet un uzturiet atbilsto\u0161u e\u013c\u013co\u0161anas l\u012bmeni, lai nov\u0113rstu berzi un nodro\u0161in\u0101tu vienm\u0113r\u012bgu darb\u012bbu.<\/li>\n<li>Inspect and replace worn-out seals and components to maintain the cylinder&#8217;s performance and prevent leaks.<\/li>\n<li>Iev\u0113rojiet ra\u017eot\u0101ja nor\u0101d\u012bjumus par apkopes interv\u0101liem un proced\u016br\u0101m.<\/li>\n<li>Veiciet profilaktisko apkopi, pamatojoties uz ekspluat\u0101cijas apst\u0101k\u013ciem un lieto\u0161anu, lai izvair\u012btos no negaid\u012btiem boj\u0101jumiem.<\/li>\n<\/ul>\n<h3>Produkta uzst\u0101d\u012b\u0161anas rokasgr\u0101mata<\/h3>\n<p>Pareiza uzst\u0101d\u012b\u0161ana ir \u013coti svar\u012bga sviras cilindra optim\u0101lai darb\u012bbai un ilgm\u016b\u017e\u012bbai. Veiciet \u0161\u012bs darb\u012bbas:<\/p>\n<ol>\n<li>P\u0101rliecinieties, ka ekskavators ir dro\u0161i novietots un nostiprin\u0101ts.<\/li>\n<li>Atvienojiet visus hidrauliskos savienojumus un samaziniet spiedienu sist\u0113m\u0101.<\/li>\n<li>Uzman\u012bgi no\u0146emiet veco cilindru, piev\u0113r\u0161ot uzman\u012bbu stiprin\u0101juma punktiem.<\/li>\n<li>Uzst\u0101diet jauno sviras cilindru, pareizi izl\u012bdzinot to ar stiprin\u0101juma punktiem.<\/li>\n<li>Cie\u0161i pievelciet visus savienojumus, nodro\u0161inot pareizu izl\u012bdzin\u0101\u0161anu.<\/li>\n<li>Pievienojiet hidraulisk\u0101s l\u012bnijas un p\u0101rbaudiet cilindru, vai nav nopl\u016b\u017eu vai darb\u012bbas trauc\u0113jumu.<\/li>\n<\/ol>\n<p><img decoding=\"async\" src=\"https:\/\/www.hydraulic-cylinders.net\/wp-content\/uploads\/2025\/01\/songte-bushings-with-all-kinds-of-excavator-models.webp\"><\/p>\n<h3>Dro\u0161\u012bbas apsv\u0113rumi un vides faktori<\/h3>\n<p>Str\u0101d\u0101jot ar sviras cilindriem apr\u012bkot\u0101m iek\u0101rt\u0101m, ir svar\u012bgi iev\u0113rot dro\u0161\u012bbas pas\u0101kumus, lai nov\u0113rstu negad\u012bjumus un nodro\u0161in\u0101tu person\u0101la dro\u0161\u012bbu. Atbilsto\u0161a apm\u0101c\u012bba, pareiza individu\u0101lo aizsardz\u012bbas l\u012bdzek\u013cu lieto\u0161ana un dro\u0161\u012bbas vadl\u012bniju iev\u0113ro\u0161ana ir \u013coti svar\u012bga dro\u0161ai darb\u012bbai. Turkl\u0101t, lai samazin\u0101tu negat\u012bvo ietekmi, ir j\u0101\u0146em v\u0113r\u0101 t\u0101di vides faktori k\u0101 pareiza atkritumu utiliz\u0101cija un vides noteikumu iev\u0113ro\u0161ana.<\/p>\n<h3>Probl\u0113mu nov\u0113r\u0161ana un bie\u017ei sastopamas probl\u0113mas<\/h3>\n<p>Neskatoties uz iztur\u012bbu un uzticam\u012bbu, sviras cilindriem var rasties probl\u0113mas. Da\u017eas bie\u017ei sastopamas probl\u0113mas un to risin\u0101jumi ir \u0161\u0101di:<\/p>\n<ul>\n<li>Nopl\u016bde: P\u0101rbaudiet un nomainiet nolietot\u0101s bl\u012bves vai boj\u0101t\u0101s deta\u013cas, lai nov\u0113rstu nopl\u016bdes.<\/li>\n<li>L\u0113na vai nevienm\u0113r\u012bga kust\u012bba: p\u0101rbaudiet hidraulisko sist\u0113mu, vai nav probl\u0113mu, piem\u0113ram, zema \u0161\u0137idruma l\u012bme\u0146a vai aizs\u0113r\u0113ju\u0161u filtru, un attiec\u012bgi nov\u0113rsiet t\u0101s.<\/li>\n<li>Nevienm\u0113r\u012bga vai saraust\u012bta kust\u012bba: p\u0101rbaudiet, vai nav nob\u012bdes vai boj\u0101tu deta\u013cu, un veiciet nepiecie\u0161am\u0101s korekcijas vai nomai\u0146u.<\/li>\n<li>P\u0101rm\u0113r\u012bgs troksnis: p\u0101rbaudiet, vai nav va\u013c\u012bgu savienojumu, boj\u0101tu deta\u013cu vai nepietiekamas e\u013c\u013co\u0161anas, un attiec\u012bgi nov\u0113rsiet probl\u0113mu.<\/li>\n<\/ul>\n<p><img decoding=\"async\" src=\"https:\/\/www.hydraulic-cylinders.net\/wp-content\/uploads\/2025\/01\/songte-chushion-collar.webp\"><\/p>\n<p>Iev\u0113rojot \u0161os probl\u0113mu nov\u0113r\u0161anas padomus un \u012bstenojot prevent\u012bvus pas\u0101kumus, las\u012bt\u0101ji var efekt\u012bvi diagnostic\u0113t un nov\u0113rst probl\u0113mas, vienlaikus samazinot potenci\u0101l\u0101s probl\u0113mas.<\/p>\n<h3>Par mums<\/h3>\n<p>M\u0113s esam profesion\u0101ls rezerves hidraulisko cilindru ra\u017eot\u0101js, kas pied\u0101v\u0101 pla\u0161u produktu kl\u0101stu. Esam k\u013cuvu\u0161i par vienu no vado\u0161ajiem hidraulisko cilindru ra\u017eot\u0101jiem un vairumtirdzniec\u012bbas izplat\u012bt\u0101jiem viet\u0113j\u0101 un starptautiskaj\u0101 tirg\u016b. Iev\u0113rojot izcilas kvalit\u0101tes principu, m\u0113s nep\u0101rtraukti uzlabojam savu tehnisko kompetenci un ra\u017eo\u0161anas efektivit\u0101ti.<\/p>\n<p>Ievie\u0161ot augst\u0101k\u0101s klases digit\u0101l\u0101s ra\u017eo\u0161anas iek\u0101rtas un profesion\u0101las test\u0113\u0161anas sist\u0113mas, m\u0113s optimiz\u0113jam savu ra\u017eo\u0161anas platformu un uzlabojam produktu kvalit\u0101tes kontroles procesus. M\u016bsu sp\u0113c\u012bg\u0101s inov\u0101ciju sp\u0113jas \u013cauj mums apmierin\u0101t klientu da\u017e\u0101d\u0101s vajadz\u012bbas ar efektivit\u0101ti, precizit\u0101ti un augstu kvalit\u0101ti.<\/p>\n<p><img decoding=\"async\" src=\"https:\/\/www.hydraulic-cylinders.net\/wp-content\/uploads\/2025\/01\/songte-company-4.webp\"><img decoding=\"async\" src=\"https:\/\/www.hydraulic-cylinders.net\/wp-content\/uploads\/2025\/01\/songte-company-3.webp\"><\/p>\n<p>M\u0113s lepojamies ar savu profesionalit\u0101ti, starptautiskajiem sertifik\u0101tiem, piel\u0101gotiem pakalpojumiem, modernu ra\u017eo\u0161anas apr\u012bkojumu un lielisku p\u0113cp\u0101rdo\u0161anas apkalpo\u0161anu.<\/p>\n<p>Autors: lil<\/p>","protected":false},"excerpt":{"rendered":"<p>Arm Cylinder For Lonking Small Excavator LG6090 Introduction The arm cylinder is a specially designed hydraulic cylinder that provides linear motion and power to the arms of various machinery, such as excavators, cranes, and mechanical arms. The arm cylinder plays a crucial role in hydraulic systems, enabling efficient movement and control of additional tools or [&hellip;]<\/p>","protected":false},"featured_media":14777,"comment_status":"open","ping_status":"closed","template":"","meta":{"_et_pb_use_builder":"","_et_pb_old_content":"","_et_gb_content_width":""},"product_brand":[],"product_cat":[1497],"product_tag":[1498,1496],"class_list":{"0":"post-16539","1":"product","2":"type-product","3":"status-publish","4":"has-post-thumbnail","6":"product_cat-arm-cylinders","7":"product_tag-arm-cylinders","8":"product_tag-hydraulic-cylinders","10":"first","11":"instock","12":"shipping-taxable","13":"product-type-simple"},"amp_enabled":true,"_links":{"self":[{"href":"https:\/\/www.hydraulic-cylinders.net\/lv\/wp-json\/wp\/v2\/product\/16539","targetHints":{"allow":["GET"]}}],"collection":[{"href":"https:\/\/www.hydraulic-cylinders.net\/lv\/wp-json\/wp\/v2\/product"}],"about":[{"href":"https:\/\/www.hydraulic-cylinders.net\/lv\/wp-json\/wp\/v2\/types\/product"}],"replies":[{"embeddable":true,"href":"https:\/\/www.hydraulic-cylinders.net\/lv\/wp-json\/wp\/v2\/comments?post=16539"}],"wp:featuredmedia":[{"embeddable":true,"href":"https:\/\/www.hydraulic-cylinders.net\/lv\/wp-json\/wp\/v2\/media\/14777"}],"wp:attachment":[{"href":"https:\/\/www.hydraulic-cylinders.net\/lv\/wp-json\/wp\/v2\/media?parent=16539"}],"wp:term":[{"taxonomy":"product_brand","embeddable":true,"href":"https:\/\/www.hydraulic-cylinders.net\/lv\/wp-json\/wp\/v2\/product_brand?post=16539"},{"taxonomy":"product_cat","embeddable":true,"href":"https:\/\/www.hydraulic-cylinders.net\/lv\/wp-json\/wp\/v2\/product_cat?post=16539"},{"taxonomy":"product_tag","embeddable":true,"href":"https:\/\/www.hydraulic-cylinders.net\/lv\/wp-json\/wp\/v2\/product_tag?post=16539"}],"curies":[{"name":"wp","href":"https:\/\/api.w.org\/{rel}","templated":true}]}}