{"id":16544,"date":"2025-01-21T05:32:50","date_gmt":"2025-01-21T05:32:50","guid":{"rendered":"https:\/\/www.hydraulic-cylinders.net\/product\/arm-cylinder-for-lonking-middle-excavator-lg6225h\/"},"modified":"2025-01-21T05:32:52","modified_gmt":"2025-01-21T05:32:52","slug":"arm-cylinder-for-lonking-middle-excavator-lg6225h","status":"publish","type":"product","link":"https:\/\/www.hydraulic-cylinders.net\/lv\/products\/arm-cylinder-for-lonking-middle-excavator-lg6225h\/","title":{"rendered":"Sviras cilindrs Lonking vid\u0113jam ekskavatoram LG6225H"},"content":{"rendered":"<h1>Sviras cilindrs Lonking vid\u0113jam ekskavatoram LG6225H<\/h1>\n<h2>Ievads<\/h2>\n<h3>Defin\u012bcija un skaidrojums<\/h3>\n<p>Sviras cilindrs ir speci\u0101li izstr\u0101d\u0101ts hidrauliskais cilindrs, kas nodro\u0161ina line\u0101ru kust\u012bbu un jaudu da\u017e\u0101du veidu ma\u0161\u012bnu, piem\u0113ram, ekskavatoru, celt\u0146u un robotu roku, svir\u0101m. Sviras cilindriem ir iz\u0161\u0137iro\u0161a noz\u012bme hidrauliskaj\u0101 sist\u0113m\u0101, \u013caujot pielikumiem vai piederumiem efekt\u012bvi p\u0101rvietoties un vad\u012bties. \u0160ie cilindri ne tikai nodro\u0161ina vienm\u0113r\u012bgu kust\u012bbu, bet ar\u012b iztur lielas slodzes, nodro\u0161inot ma\u0161\u012bnu efekt\u012bvu darb\u012bbu un uzticam\u012bbu da\u017e\u0101dos darba apst\u0101k\u013cos.<\/p>\n<p><img decoding=\"async\" src=\"https:\/\/www.hydraulic-cylinders.net\/wp-content\/uploads\/2025\/01\/songte-company-2.webp\" alt=\"Sviras cilindrs\"><\/p>\n<h3>Funkcijas<\/h3>\n<ul>\n<li>Efekt\u012bva jaudas p\u0101rvade: Sviru cilindri nodro\u0161ina jaud\u012bgu line\u0101ru kust\u012bbu un sp\u0113ku, lai garant\u0113tu augstu veiktsp\u0113jas efektivit\u0101ti da\u017e\u0101du darb\u012bbu laik\u0101.<\/li>\n<li>Prec\u012bza vad\u012bba: Sviru cilindri var pan\u0101kt prec\u012bzu kust\u012bbas vad\u012bbu, izmantojot hidraulisko sist\u0113mu, padarot pielikumu darb\u012bbu elast\u012bg\u0101ku un prec\u012bz\u0101ku.<\/li>\n<li>Augsta iztur\u012bba: Sviru cilindri parasti ir izgatavoti no augstas iztur\u012bbas materi\u0101liem, kuriem ir lieliska nodilumiztur\u012bba un iztur\u012bba pret koroziju, kas ir piem\u0113roti ilgsto\u0161ai lieto\u0161anai skarbos apst\u0101k\u013cos.<\/li>\n<li>Daudzfunkcion\u0101la daudzpus\u012bba: \u0161os cilindrus var pla\u0161i izmantot da\u017e\u0101d\u0101s meh\u0101nisk\u0101s iek\u0101rt\u0101s, piem\u0113ram, ekskavatoros, celt\u0146os un robotiz\u0113t\u0101s rok\u0101s, piel\u0101gojoties da\u017e\u0101d\u0101m darba vajadz\u012bb\u0101m.<\/li>\n<li>Vienk\u0101r\u0161a apkope: Projekt\u0113jot \u0146emta v\u0113r\u0101 apkopes un nomai\u0146as vienk\u0101r\u0161\u012bba, padarot regul\u0101ras p\u0101rbaudes un apkopi \u0113rt\u0101ku, samazinot iek\u0101rtu d\u012bkst\u0101ves laiku.<\/li>\n<\/ul>\n<p>M\u0113s varam ra\u017eot \u0161o produktu, un m\u016bsu produkts var lieliski aizst\u0101t \u0161os hidrauliskos cilindrus.<\/p>\n<p><img decoding=\"async\" src=\"https:\/\/www.hydraulic-cylinders.net\/wp-content\/uploads\/2025\/01\/songte-oil-pipes-and-spare-parts.webp\" alt=\"Hidraulisko cilindru rezerves da\u013cas\"><\/p>\n<h3>Pieteikumi<\/h3>\n<p>Sviras cilindrs tiek pla\u0161i izmantots daudz\u0101s nozar\u0113s, piem\u0113ram:<\/p>\n<ul>\n<li>B\u016bvniec\u012bbas in\u017eenierija: Sviru cilindri tiek izmantoti ekskavatoros un celt\u0146os, lai kontrol\u0113tu kausu vai str\u0113les kust\u012bbu zemes p\u0101rvieto\u0161anas, materi\u0101lu apstr\u0101des un konstrukciju uzst\u0101d\u012b\u0161anas darbiem.<\/li>\n<li>Ra\u017eo\u0161ana: Roku cilindri tiek izmantoti automatiz\u0113t\u0101s ra\u017eo\u0161anas l\u012bnij\u0101s robotiz\u0113tu roku p\u0101rvieto\u0161anai t\u0101dos procesos k\u0101 mont\u0101\u017ea, metin\u0101\u0161ana un materi\u0101lu apstr\u0101de, lai uzlabotu ra\u017eo\u0161anas efektivit\u0101ti un precizit\u0101ti.<\/li>\n<li>Lauksaimniec\u012bbas tehnika: Lauksaimniec\u012bbas tehnik\u0101, piem\u0113ram, kombainos un s\u0113jma\u0161\u012bn\u0101s, sviru cilindri kontrol\u0113 vad\u012bbas sviru kust\u012bbu t\u0101diem uzdevumiem k\u0101 s\u0113\u0161ana, m\u0113slo\u0161ana un ra\u017eas nov\u0101k\u0161ana.<\/li>\n<li>Ieguves r\u016bpniec\u012bba: Ieguves apr\u012bkojum\u0101 sviru cilindri tiek izmantoti, lai kontrol\u0113tu ieguves iek\u0101rtu sviru kust\u012bbu r\u016bdas ieguvei un apstr\u0101dei.<\/li>\n<li>Lo\u0123istika un transports: Iekr\u0101v\u0113jos un transporta robotos roku cilindri tiek izmantoti, lai kontrol\u0113tu dak\u0161u pacel\u0161anu un kust\u012bbu, lai nodro\u0161in\u0101tu materi\u0101lu apstr\u0101di un sakrau\u0161anu.<\/li>\n<\/ul>\n<h3>Projekt\u0113\u0161anas apsv\u0113rumi un atlases standarti<\/h3>\n<p>Sviras cilindra konstrukcijas apsv\u0113rumi ietver t\u0101 nestsp\u0113ju, bl\u012bv\u0113jumu, iztur\u012bbu, dro\u0161\u012bbu un remont\u0113jam\u012bbu.<\/p>\n<ul>\n<li>Nestsp\u0113ja: Sviru cilindriem ir j\u0101iztur lielas slodzes, lai nodro\u0161in\u0101tu efekt\u012bvu ma\u0161\u012bnu darb\u012bbu.<\/li>\n<li>Bl\u012bv\u0113jums: Lai nodro\u0161in\u0101tu cilindra herm\u0113tiskumu un nov\u0113rstu e\u013c\u013cas nopl\u016bdi, j\u0101izmanto da\u017e\u0101di bl\u012bv\u0113jumi, piem\u0113ram, virzu\u013ca bl\u012bv\u0113jumi un stie\u0146a bl\u012bv\u0113jumi, kas izgatavoti no nodilumiztur\u012bgiem materi\u0101liem, piem\u0113ram, poliuret\u0101na un nitrila gumijas.<\/li>\n<li>Iztur\u012bba: Sviru cilindri parasti ir izgatavoti no augstas iztur\u012bbas materi\u0101liem, kuriem ir lieliska nodilumiztur\u012bba un iztur\u012bba pret koroziju, nodro\u0161inot ilgsto\u0161u lieto\u0161anu skarbos apst\u0101k\u013cos.<\/li>\n<li>Dro\u0161\u012bba: Sviras cilindram j\u0101b\u016bt konstru\u0113tam t\u0101, lai nodro\u0161in\u0101tu dro\u0161u darb\u012bbu, piem\u0113ram, pievienojot dro\u0161\u012bbas v\u0101rstus, lai nov\u0113rstu p\u0101rslodzi un nodro\u0161in\u0101tu stabilit\u0101ti darb\u012bbas laik\u0101.<\/li>\n<li>Remont\u0113jam\u012bba: Sviras cilindram j\u0101b\u016bt konstru\u0113tam t\u0101, lai to b\u016btu viegli apkopt un nomain\u012bt, piem\u0113ram, izmantojot no\u0146emamas deta\u013cas un viegli pieejamas bl\u012bves.<\/li>\n<\/ul>\n<p><img decoding=\"async\" src=\"https:\/\/www.hydraulic-cylinders.net\/wp-content\/uploads\/2025\/01\/songte-cylinder-head-with-all-kinds-excavator-models.webp\" alt=\"Cilindra galva\"><\/p>\n<h3>Bl\u012bv\u0113\u0161ana un e\u013c\u013co\u0161ana<\/h3>\n<p>Sviru cilindros tiek izmantoti da\u017e\u0101di bl\u012bv\u0113\u0161anas komponenti, piem\u0113ram, virzu\u013ca bl\u012bves un stie\u0146a bl\u012bves, kas izgatavotas no nodilumiztur\u012bgiem materi\u0101liem, piem\u0113ram, poliuret\u0101na un nitrila gumijas, lai nodro\u0161in\u0101tu cilindra herm\u0113tiskumu un nov\u0113rstu e\u013c\u013cas nopl\u016bdi. Cilindra korpuss un v\u012btnes gala virsma ir smalki apstr\u0101d\u0101ta, lai uzlabotu nodilumiztur\u012bbu. Regul\u0101ri pievienojot atbilsto\u0161u hidraulisk\u0101s e\u013c\u013cas daudzumu, var iee\u013c\u013cot un uztur\u0113t cilindra norm\u0101lu darb\u012bbu.<\/p>\n<h3>Apkope un probl\u0113mu nov\u0113r\u0161ana<\/h3>\n<p>Regul\u0101ra p\u0101rbaude un profilaktisk\u0101 apkope var samazin\u0101t iesp\u0113jam\u0101s probl\u0113mas un nodro\u0161in\u0101t sviru cilindru efekt\u012bvu darb\u012bbu. \u0160eit ir da\u017ei bie\u017ei sastopami probl\u0113mu nov\u0113r\u0161anas un apkopes padomi:<\/p>\n<ul>\n<li>Ja no sviras cilindra nopl\u016bst e\u013c\u013ca, p\u0101rbaudiet bl\u012bves un, ja nepiecie\u0161ams, nomainiet t\u0101s.<\/li>\n<li>Ja sviras cilindrs darb\u012bbas laik\u0101 rada troksni vai vibr\u0113, p\u0101rbaudiet, vai nav va\u013c\u012bgu skr\u016bvju vai nolietotu gult\u0146u, un salabojiet tos.<\/li>\n<li>Regul\u0101ri p\u0101rbaudiet un uzturiet hidraulisk\u0101s e\u013c\u013cas l\u012bmeni un nomainiet to p\u0113c nepiecie\u0161am\u012bbas.<\/li>\n<li>Regul\u0101ri p\u0101rbaudiet, vai cilindra korpusam un virzu\u013ca stienim nav nodiluma vai boj\u0101jumu paz\u012bmju, un, ja nepiecie\u0161ams, nomainiet tos.<\/li>\n<li>Regul\u0101ri p\u0101rbaudiet, vai dro\u0161\u012bbas v\u0101rstam nav boj\u0101jumu paz\u012bmju, un nepiecie\u0161am\u012bbas gad\u012bjum\u0101 nomainiet to.<\/li>\n<\/ul>\n<p><img decoding=\"async\" src=\"https:\/\/www.hydraulic-cylinders.net\/wp-content\/uploads\/2025\/01\/songte-chushion-collar.webp\" alt=\"Spilvenu apkakle\"><\/p>\n<h3>Instal\u0101cijas rokasgr\u0101mata<\/h3>\n<p>Uzst\u0101dot sviras cilindru, r\u012bkojieties \u0161\u0101di:<\/p>\n<ol>\n<li>Not\u012briet mont\u0101\u017eas virsmu un p\u0101rbaudiet, vai nav boj\u0101jumu vai deform\u0101cijas.<\/li>\n<li>Uzkl\u0101jiet sm\u0113rvielas k\u0101rtu uz mont\u0101\u017eas virsmas un sviras cilindra \u0161arn\u012bra punkta.<\/li>\n<li>Uzst\u0101diet sviras cilindru un pievelciet skr\u016bves atbilsto\u0161i ieteicamajam griezes momentam.<\/li>\n<li>Pievienojiet hidraulisk\u0101s \u0161\u013c\u016btenes un savienojumus un p\u0101rbaudiet, vai nav nopl\u016b\u017eu.<\/li>\n<li>P\u0101rbaudiet sviras cilindra darb\u012bbu un, ja nepiecie\u0161ams, noregul\u0113jiet to.<\/li>\n<\/ol>\n<p><img decoding=\"async\" src=\"https:\/\/www.hydraulic-cylinders.net\/wp-content\/uploads\/2025\/01\/songte-bushings-with-all-kinds-of-excavator-models.webp\" alt=\"Bukses\"><\/p>\n<h3>Dro\u0161\u012bbas apsv\u0113rumi un vides faktori<\/h3>\n<p>Sviru cilindri j\u0101lieto piesardz\u012bgi, un j\u0101veic dro\u0161\u012bbas pas\u0101kumi, lai nov\u0113rstu negad\u012bjumus. Ir svar\u012bgi iev\u0113rot ra\u017eot\u0101ja nor\u0101d\u012bjumus un ieteicam\u0101s ekspluat\u0101cijas proced\u016bras. Lai samazin\u0101tu ietekmi uz vidi, j\u0101nodro\u0161ina pareiza izlietot\u0101s hidraulisk\u0101s e\u013c\u013cas un citu atkritumu utiliz\u0101cija.<\/p>\n<h3>Par m\u016bsu uz\u0146\u0113mumu<\/h3>\n<p>M\u0113s esam profesion\u0101ls rezerves hidraulisko cilindru ra\u017eot\u0101js, kas pied\u0101v\u0101 pla\u0161u produktu kl\u0101stu un k\u013c\u016bst par vienu no vado\u0161ajiem hidraulisko cilindru ra\u017eot\u0101jiem un vairumtirdzniec\u012bbas izplat\u012bt\u0101jiem viet\u0113j\u0101 un starptautiskaj\u0101 tirg\u016b. M\u0113s vienm\u0113r iev\u0113rojam izcilas kvalit\u0101tes principu, pa\u013caujoties uz izsmalcin\u0101tu ra\u017eo\u0161anas darbn\u012bcu r\u016bpniecisk\u0101s ra\u017eo\u0161anas vad\u012bbas strat\u0113\u0123iju, lai nep\u0101rtraukti uzlabotu savu tehnisko l\u012bmeni un ra\u017eo\u0161anas efektivit\u0101ti. Ievie\u0161ot augstas klases digit\u0101l\u0101s ra\u017eo\u0161anas iek\u0101rtas un profesion\u0101las test\u0113\u0161anas sist\u0113mas, m\u0113s nep\u0101rtraukti optimiz\u0113jam savu ra\u017eo\u0161anas platformu, uzlabojam produktu kvalit\u0101tes kontroles procesu un mums ir sp\u0113c\u012bgas inov\u0101ciju iesp\u0113jas. M\u016bsu m\u0113r\u0137is ir apmierin\u0101t klientu da\u017e\u0101d\u0101s vajadz\u012bbas, iev\u0113rojot efektivit\u0101tes, precizit\u0101tes un augstas kvalit\u0101tes principus.<\/p>\n<p>M\u0113s pied\u0101v\u0101jam profesion\u0101lu pieredzi, starptautiskus sertifik\u0101tus, piel\u0101gotus pakalpojumus, modernu ra\u017eo\u0161anas apr\u012bkojumu un izcilu p\u0113cp\u0101rdo\u0161anas apkalpo\u0161anu.<\/p>\n<p><img decoding=\"async\" src=\"https:\/\/www.hydraulic-cylinders.net\/wp-content\/uploads\/2025\/01\/songte-company-4.webp\" alt=\"Hidraulisko cilindru ra\u017eo\u0161ana\"><\/p>\n<p><img decoding=\"async\" src=\"https:\/\/www.hydraulic-cylinders.net\/wp-content\/uploads\/2025\/01\/songte-company-3.webp\" alt=\"Hidraulisko cilindru ra\u017eo\u0161anas l\u012bnija\"><\/p>\n<p>Autors: Lails.<\/p>","protected":false},"excerpt":{"rendered":"<p>Arm Cylinder For Lonking Middle Excavator LG6225H Introduction Definition and Explanation Arm cylinder is a specially designed hydraulic cylinder that provides linear motion and power to the arms of various types of machinery, such as excavators, cranes, and robotic arms. Arm cylinders play a critical role in the hydraulic system, enabling attachments or accessories to [&hellip;]<\/p>","protected":false},"featured_media":14763,"comment_status":"open","ping_status":"closed","template":"","meta":{"_et_pb_use_builder":"","_et_pb_old_content":"","_et_gb_content_width":""},"product_brand":[],"product_cat":[1497],"product_tag":[1498,1496],"class_list":{"0":"post-16544","1":"product","2":"type-product","3":"status-publish","4":"has-post-thumbnail","6":"product_cat-arm-cylinders","7":"product_tag-arm-cylinders","8":"product_tag-hydraulic-cylinders","10":"first","11":"instock","12":"shipping-taxable","13":"product-type-simple"},"amp_enabled":true,"_links":{"self":[{"href":"https:\/\/www.hydraulic-cylinders.net\/lv\/wp-json\/wp\/v2\/product\/16544","targetHints":{"allow":["GET"]}}],"collection":[{"href":"https:\/\/www.hydraulic-cylinders.net\/lv\/wp-json\/wp\/v2\/product"}],"about":[{"href":"https:\/\/www.hydraulic-cylinders.net\/lv\/wp-json\/wp\/v2\/types\/product"}],"replies":[{"embeddable":true,"href":"https:\/\/www.hydraulic-cylinders.net\/lv\/wp-json\/wp\/v2\/comments?post=16544"}],"wp:featuredmedia":[{"embeddable":true,"href":"https:\/\/www.hydraulic-cylinders.net\/lv\/wp-json\/wp\/v2\/media\/14763"}],"wp:attachment":[{"href":"https:\/\/www.hydraulic-cylinders.net\/lv\/wp-json\/wp\/v2\/media?parent=16544"}],"wp:term":[{"taxonomy":"product_brand","embeddable":true,"href":"https:\/\/www.hydraulic-cylinders.net\/lv\/wp-json\/wp\/v2\/product_brand?post=16544"},{"taxonomy":"product_cat","embeddable":true,"href":"https:\/\/www.hydraulic-cylinders.net\/lv\/wp-json\/wp\/v2\/product_cat?post=16544"},{"taxonomy":"product_tag","embeddable":true,"href":"https:\/\/www.hydraulic-cylinders.net\/lv\/wp-json\/wp\/v2\/product_tag?post=16544"}],"curies":[{"name":"wp","href":"https:\/\/api.w.org\/{rel}","templated":true}]}}