{"id":16550,"date":"2025-01-21T05:33:18","date_gmt":"2025-01-21T05:33:18","guid":{"rendered":"https:\/\/www.hydraulic-cylinders.net\/product\/arm-cylinder-for-jcm-small-excavator-jcm808\/"},"modified":"2025-01-21T05:33:20","modified_gmt":"2025-01-21T05:33:20","slug":"arm-cylinder-for-jcm-small-excavator-jcm808","status":"publish","type":"product","link":"https:\/\/www.hydraulic-cylinders.net\/lv\/products\/arm-cylinder-for-jcm-small-excavator-jcm808\/","title":{"rendered":"JCM maz\u0101 ekskavatora JCM808 sviras cilindrs"},"content":{"rendered":"<h2>JCM maz\u0101 ekskavatora JCM808 sviras cilindrs<\/h2>\n<p>Sviras cilindrs ir speci\u0101li izstr\u0101d\u0101ts hidrauliskais cilindrs, kas nodro\u0161ina line\u0101ru kust\u012bbu un jaudu da\u017e\u0101du ma\u0161\u012bnu, piem\u0113ram, ekskavatoru, celt\u0146u un robotiz\u0113tu roku, svirai. Sviras cilindram ir iz\u0161\u0137iro\u0161a noz\u012bme hidrauliskaj\u0101s sist\u0113m\u0101s, nodro\u0161inot efekt\u012bvu papildu instrumentu vai stiprin\u0101jumu kust\u012bbu un vad\u012bbu. \u0160ie cilindri ne tikai nodro\u0161ina vienm\u0113r\u012bgu kust\u012bbu, bet ar\u012b iztur lielas slodzes, nodro\u0161inot ma\u0161\u012bnu efekt\u012bvu darb\u012bbu un uzticam\u012bbu da\u017e\u0101dos darba apst\u0101k\u013cos.<\/p>\n<p><img decoding=\"async\" src=\"https:\/\/www.hydraulic-cylinders.net\/wp-content\/uploads\/2025\/01\/songte-company-2.webp\"><\/p>\n<h2>Funkcijas<\/h2>\n<ul>\n<li>Augstas efektivit\u0101tes transmisija: Sviras cilindrs nodro\u0161ina jaud\u012bgu line\u0101ru kust\u012bbu un sp\u0113ku, garant\u0113jot ma\u0161\u012bnas sviras augstu veiktsp\u0113ju da\u017e\u0101d\u0101s darb\u012bb\u0101s.<\/li>\n<li>Prec\u012bza vad\u012bba: Izmantojot hidraulisko sist\u0113mu, sviras cilindrs nodro\u0161ina prec\u012bzu kust\u012bbas vad\u012bbu, padarot agreg\u0101tu darb\u012bbu elast\u012bg\u0101ku un prec\u012bz\u0101ku.<\/li>\n<li>Iztur\u012bba: Sviru cilindri parasti ir izgatavoti no augstas iztur\u012bbas materi\u0101liem, kas nodro\u0161ina izcilu nodilumiztur\u012bbu un korozijas iztur\u012bbu, kas ir piem\u0113rota ilgsto\u0161ai lieto\u0161anai skarbos apst\u0101k\u013cos.<\/li>\n<li>Daudzfunkcion\u0101la piel\u0101go\u0161an\u0101s sp\u0113ja: \u0161os cilindrus var pla\u0161i izmantot da\u017e\u0101d\u0101s ma\u0161\u012bn\u0101s, piem\u0113ram, ekskavatoros, celt\u0146os un robotiz\u0113t\u0101s rok\u0101s, piel\u0101gojoties da\u017e\u0101d\u0101m darba pras\u012bb\u0101m.<\/li>\n<li>Vienk\u0101r\u0161a apkope: Sviru cilindri ir izstr\u0101d\u0101ti, \u0146emot v\u0113r\u0101 vienk\u0101r\u0161u apkopi un nomai\u0146u, un tie atvieglo regul\u0101ras p\u0101rbaudes un apkopi, t\u0101d\u0113j\u0101di samazinot iek\u0101rtu d\u012bkst\u0101ves laiku.<\/li>\n<\/ul>\n<p><img decoding=\"async\" src=\"https:\/\/www.hydraulic-cylinders.net\/wp-content\/uploads\/2025\/01\/songte-oil-pipes-and-spare-parts.webp\"><\/p>\n<h2>Pieteikumi<\/h2>\n<p>Sviru cilindri tiek izmantoti da\u017e\u0101d\u0101s nozar\u0113s un pielietojumos, tostarp:<\/p>\n<ul>\n<li>B\u016bvniec\u012bbas in\u017eenierija: Ekskavatoros un celt\u0146os str\u0113les cilindri kontrol\u0113 kausu vai str\u0113les kust\u012bbu zemes p\u0101rvieto\u0161anas, materi\u0101lu apstr\u0101des un konstrukciju uzst\u0101d\u012b\u0161anas laik\u0101.<\/li>\n<li>Ra\u017eo\u0161anas nozare: Automatiz\u0113t\u0101s ra\u017eo\u0161anas l\u012bnij\u0101s roku cilindri atvieglo robotiz\u0113to roku kust\u012bbu mont\u0101\u017eas, metin\u0101\u0161anas un apstr\u0101des procesos, palielinot ra\u017eo\u0161anas efektivit\u0101ti un precizit\u0101ti.<\/li>\n<li>Lauksaimniec\u012bbas tehnika: Lauksaimniec\u012bbas tehnik\u0101, piem\u0113ram, kombainos un s\u0113jma\u0161\u012bn\u0101s, sviru cilindri kontrol\u0113 vad\u012bbas sviru kust\u012bbu t\u0101diem uzdevumiem k\u0101 s\u0113\u0161ana, m\u0113slo\u0161ana un ra\u017eas nov\u0101k\u0161ana.<\/li>\n<li>Kalnr\u016bpniec\u012bba: Kalnr\u016bpniec\u012bbas iek\u0101rt\u0101s sviru cilindri kontrol\u0113 kalnr\u016bpniec\u012bbas ma\u0161\u012bnu sviru kust\u012bbu r\u016bdas ieguvei un transport\u0113\u0161anai.<\/li>\n<li>Lo\u0123istika un transports: Iekr\u0101v\u0113jos un apstr\u0101des robotos roku cilindri kontrol\u0113 dak\u0161u pacel\u0161anu un kust\u012bbu, nodro\u0161inot materi\u0101lu apstr\u0101di un sakrau\u0161anu.<\/li>\n<\/ul>\n<h2>Dizaina apsv\u0113rumi un atlases krit\u0113riji<\/h2>\n<ul>\n<li>Nestsp\u0113ja: Sviru cilindri ir konstru\u0113ti t\u0101, lai iztur\u0113tu specifisk\u0101s slodzes, ar kur\u0101m saskaras to paredz\u0113tajos lietojumos.<\/li>\n<li>Bl\u012bv\u0113\u0161anas sp\u0113ja: Lai nodro\u0161in\u0101tu efekt\u012bvu bl\u012bv\u0113\u0161anu, tiek izmantoti da\u017e\u0101di bl\u012bv\u0113\u0161anas komponenti, piem\u0113ram, virzu\u013ca bl\u012bv\u0113jumi un stie\u0146a bl\u012bv\u0113jumi. \u0160ie bl\u012bv\u0113jumi parasti ir izgatavoti no nodilumiztur\u012bgiem materi\u0101liem, piem\u0113ram, poliuret\u0101na un nitrila gumijas.<\/li>\n<li>Iztur\u012bba: Cilindra korpuss un v\u012bt\u0146ot\u0101s gala virsmas ir smalki apstr\u0101d\u0101tas, lai uzlabotu nodilumiztur\u012bbu.<\/li>\n<li>Dro\u0161\u012bba: Lai nodro\u0161in\u0101tu dro\u0161u darb\u012bbu, ir iek\u013cautas t\u0101das dro\u0161\u012bbas funkcijas k\u0101 spiediena samazin\u0101\u0161anas v\u0101rsti un p\u0101rslodzes aizsardz\u012bbas sist\u0113mas.<\/li>\n<li>Uzturam\u012bba: Lai uztur\u0113tu optim\u0101lu veiktsp\u0113ju un pagarin\u0101tu sviras cilindra kalpo\u0161anas laiku, ir nepiecie\u0161ama regul\u0101ra e\u013c\u013co\u0161ana ar atbilsto\u0161u hidraulisko e\u013c\u013cu un periodiskas p\u0101rbaudes.<\/li>\n<\/ul>\n<p><img decoding=\"async\" src=\"https:\/\/www.hydraulic-cylinders.net\/wp-content\/uploads\/2025\/01\/songte-cylinder-head-with-all-kinds-excavator-models.webp\"><\/p>\n<h2>Bl\u012bv\u0113\u0161ana un e\u013c\u013co\u0161ana<\/h2>\n<p>Sviras cilindr\u0101 tiek izmantoti da\u017e\u0101di bl\u012bv\u0113\u0161anas komponenti, piem\u0113ram, virzu\u013ca bl\u012bvsl\u0113gi \u200b\u200bun stie\u0146a bl\u012bvsl\u0113gi, kas izgatavoti no nodilumiztur\u012bgiem materi\u0101liem, piem\u0113ram, poliuret\u0101na un nitrila gumijas. Cilindra korpuss un v\u012bt\u0146ot\u0101s gala virsmas ir smalki apstr\u0101d\u0101tas, lai uzlabotu nodilumiztur\u012bbu. Lai nodro\u0161in\u0101tu vienm\u0113r\u012bgu darb\u012bbu un samazin\u0101tu berzi, ir nepiecie\u0161ama regul\u0101ra e\u013c\u013co\u0161ana ar piem\u0113rotu hidraulisko e\u013c\u013cu.<\/p>\n<h2>Regul\u0101ra p\u0101rbaude un profilaktisk\u0101 apkope<\/h2>\n<ul>\n<li>Regul\u0101ri p\u0101rbaudiet sviras cilindru, vai nav nopl\u016b\u017eu, boj\u0101jumu vai anom\u0101la nodiluma paz\u012bmju.<\/li>\n<li>P\u0101rbaudiet hidraulisk\u0101s e\u013c\u013cas l\u012bmeni un kvalit\u0101ti, lai nodro\u0161in\u0101tu pareizu e\u013c\u013co\u0161anu.<\/li>\n<li>P\u0101rbaudiet bl\u012bves un, ja nepiecie\u0161ams, nomainiet t\u0101s.<\/li>\n<li>P\u0101rbaudiet un pievelciet visus va\u013c\u012bgos savienojumus.<\/li>\n<li>Iev\u0113rojiet ra\u017eot\u0101ja nor\u0101d\u012bjumus par apkopes interv\u0101liem un proced\u016br\u0101m.<\/li>\n<\/ul>\n<h2>Instal\u0101cijas rokasgr\u0101mata<\/h2>\n<p>Pareiza sviras cilindra uzst\u0101d\u012b\u0161ana ir \u013coti svar\u012bga t\u0101 efekt\u012bvai un dro\u0161ai darb\u012bbai. Veiciet \u0161\u012bs darb\u012bbas:<\/p>\n<ol>\n<li>P\u0101rliecinieties, vai iek\u0101rta ir izsl\u0113gta un hidrauliskaj\u0101 sist\u0113m\u0101 nav spiediena.<\/li>\n<li>Novietojiet sviras cilindru pareizaj\u0101 viet\u0101, izl\u012bdzinot mont\u0101\u017eas caurumus.<\/li>\n<li>Dro\u0161i piestipriniet cilindru pie iek\u0101rtas, izmantojot atbilsto\u0161as \u200b\u200bskr\u016bves un stiprin\u0101jumus.<\/li>\n<li>P\u0101rliecinieties, vai visi savienojumi ir pien\u0101c\u012bgi pievilkti.<\/li>\n<li>P\u0101rbaudiet pareizu izl\u012bdzin\u0101\u0161anu un kust\u012bbu br\u012bv\u012bbu.<\/li>\n<li>Atjaunojiet hidraulisko spiedienu un p\u0101rbaudiet sviras cilindra darb\u012bbu.<\/li>\n<\/ol>\n<p><img decoding=\"async\" src=\"https:\/\/www.hydraulic-cylinders.net\/wp-content\/uploads\/2025\/01\/songte-bushings-with-all-kinds-of-excavator-models.webp\"><\/p>\n<h2>Dro\u0161\u012bbas apsv\u0113rumi un vides faktori<\/h2>\n<p>Izmantojot sviras cilindrus, ir svar\u012bgi priorit\u0101ri piev\u0113rsties dro\u0161\u012bbas pas\u0101kumiem, lai nov\u0113rstu negad\u012bjumus un nodro\u0161in\u0101tu operatora labsaj\u016btu. Dro\u0161\u012bbas pas\u0101kumi var ietvert atbilsto\u0161u apm\u0101c\u012bbu, lieto\u0161anas instrukciju iev\u0113ro\u0161anu un individu\u0101lo aizsardz\u012bbas l\u012bdzek\u013cu lieto\u0161anu. Lai nodro\u0161in\u0101tu sviras cilindra optim\u0101lu veiktsp\u0113ju un ilgm\u016b\u017e\u012bbu, j\u0101\u0146em v\u0113r\u0101 ar\u012b vides faktori, piem\u0113ram, temperat\u016bra un mitrums.<\/p>\n<h2>Probl\u0113mu nov\u0113r\u0161ana un bie\u017ei sastopamas probl\u0113mas<\/h2>\n<p>Da\u017eas bie\u017ei sastopamas probl\u0113mas, kas var rasties ar sviras cilindriem, ir nopl\u016bde, samazin\u0101ta veiktsp\u0113ja un neparasts troksnis. Nov\u0113rsiet \u0161\u012bs probl\u0113mas un risiniet t\u0101s, izmantojot t\u0101l\u0101k sniegtos padomus un risin\u0101jumus.<\/p>\n<ul>\n<li>P\u0101rbaudiet un nomainiet boj\u0101t\u0101s bl\u012bves vai O veida gredzenus.<\/li>\n<li>P\u0101rbaudiet, vai hidrauliskaj\u0101 sist\u0113m\u0101 nav aizsprostojumu vai zema \u0161\u0137idruma l\u012bme\u0146a.<\/li>\n<li>P\u0101rbaudiet virzu\u013ca stieni, vai tas nav boj\u0101ts vai nodilis, un, ja nepiecie\u0161ams, nomainiet to.<\/li>\n<li>P\u0101rliecinieties, vai visi savienojumi ir pien\u0101c\u012bgi pievilkti.<\/li>\n<li>Ja ir dzirdams troksnis, p\u0101rbaudiet, vai nav va\u013c\u012bgu deta\u013cu vai nob\u012bdes.<\/li>\n<\/ul>\n<p><img decoding=\"async\" src=\"https:\/\/www.hydraulic-cylinders.net\/wp-content\/uploads\/2025\/01\/songte-chushion-collar.webp\"><\/p>\n<p>Ir svar\u012bgi regul\u0101ri p\u0101rbaud\u012bt sviras cilindru un veikt profilaktisko apkopi, lai samazin\u0101tu iesp\u0113jamo probl\u0113mu ra\u0161anos.<\/p>\n<h2>Par mums<\/h2>\n<p>M\u0113s esam profesion\u0101ls rezerves hidraulisko cilindru ra\u017eot\u0101js, kas pied\u0101v\u0101 pla\u0161u produktu kl\u0101stu. Esam k\u013cuvu\u0161i par vienu no vado\u0161ajiem hidraulisko cilindru ra\u017eot\u0101jiem un vairumtirgot\u0101jiem gan viet\u0113j\u0101, gan starptautiskaj\u0101 tirg\u016b. Ap\u0146emoties sasniegt izcil\u012bbu, m\u0113s nep\u0101rtraukti uzlabojam savas tehnolo\u0123isk\u0101s iesp\u0113jas un ra\u017eo\u0161anas efektivit\u0101ti, ievie\u0161ot prec\u012bzus ra\u017eo\u0161anas procesus un izmantojot modernu digit\u0101lo apr\u012bkojumu un profesion\u0101las test\u0113\u0161anas sist\u0113mas. M\u016bsu m\u0113r\u0137is ir apmierin\u0101t m\u016bsu klientu da\u017e\u0101d\u0101s vajadz\u012bbas, iev\u0113rojot efektivit\u0101tes, precizit\u0101tes un augstas kvalit\u0101tes principus.<\/p>\n<p><img decoding=\"async\" src=\"https:\/\/www.hydraulic-cylinders.net\/wp-content\/uploads\/2025\/01\/songte-company-4.webp\"><br \/>\n<img decoding=\"async\" src=\"https:\/\/www.hydraulic-cylinders.net\/wp-content\/uploads\/2025\/01\/songte-company-3.webp\"><\/p>\n<p>K\u0101 uz\u0146\u0113mums m\u0113s uzsveram savu profesionalit\u0101ti, starptautiskos sertifik\u0101tus, piel\u0101gotus pakalpojumus, modernu ra\u017eo\u0161anas apr\u012bkojumu un visaptvero\u0161us p\u0113cp\u0101rdo\u0161anas pakalpojumus. M\u0113s cen\u0161amies nodro\u0161in\u0101t saviem klientiem izcilus produktus un risin\u0101jumus.<\/p>\n<p>Autors: lil<\/p>","protected":false},"excerpt":{"rendered":"<p>Arm Cylinder For JCM Small Excavator JCM808 Arm Cylinder is a specially designed hydraulic cylinder that provides linear motion and power to the arm of various machinery, such as excavators, cranes, and robotic arms. The arm cylinder plays a crucial role in hydraulic systems, enabling effective movement and control of additional tools or attachments. These [&hellip;]<\/p>","protected":false},"featured_media":14774,"comment_status":"open","ping_status":"closed","template":"","meta":{"_et_pb_use_builder":"","_et_pb_old_content":"","_et_gb_content_width":""},"product_brand":[],"product_cat":[1497],"product_tag":[1498,1496],"class_list":{"0":"post-16550","1":"product","2":"type-product","3":"status-publish","4":"has-post-thumbnail","6":"product_cat-arm-cylinders","7":"product_tag-arm-cylinders","8":"product_tag-hydraulic-cylinders","10":"first","11":"instock","12":"shipping-taxable","13":"product-type-simple"},"amp_enabled":true,"_links":{"self":[{"href":"https:\/\/www.hydraulic-cylinders.net\/lv\/wp-json\/wp\/v2\/product\/16550","targetHints":{"allow":["GET"]}}],"collection":[{"href":"https:\/\/www.hydraulic-cylinders.net\/lv\/wp-json\/wp\/v2\/product"}],"about":[{"href":"https:\/\/www.hydraulic-cylinders.net\/lv\/wp-json\/wp\/v2\/types\/product"}],"replies":[{"embeddable":true,"href":"https:\/\/www.hydraulic-cylinders.net\/lv\/wp-json\/wp\/v2\/comments?post=16550"}],"wp:featuredmedia":[{"embeddable":true,"href":"https:\/\/www.hydraulic-cylinders.net\/lv\/wp-json\/wp\/v2\/media\/14774"}],"wp:attachment":[{"href":"https:\/\/www.hydraulic-cylinders.net\/lv\/wp-json\/wp\/v2\/media?parent=16550"}],"wp:term":[{"taxonomy":"product_brand","embeddable":true,"href":"https:\/\/www.hydraulic-cylinders.net\/lv\/wp-json\/wp\/v2\/product_brand?post=16550"},{"taxonomy":"product_cat","embeddable":true,"href":"https:\/\/www.hydraulic-cylinders.net\/lv\/wp-json\/wp\/v2\/product_cat?post=16550"},{"taxonomy":"product_tag","embeddable":true,"href":"https:\/\/www.hydraulic-cylinders.net\/lv\/wp-json\/wp\/v2\/product_tag?post=16550"}],"curies":[{"name":"wp","href":"https:\/\/api.w.org\/{rel}","templated":true}]}}