{"id":16553,"date":"2025-01-21T05:33:31","date_gmt":"2025-01-21T05:33:31","guid":{"rendered":"https:\/\/www.hydraulic-cylinders.net\/product\/arm-cylinder-for-jcm-middle-excavator-jcm921f\/"},"modified":"2025-01-21T05:33:32","modified_gmt":"2025-01-21T05:33:32","slug":"arm-cylinder-for-jcm-middle-excavator-jcm921f","status":"publish","type":"product","link":"https:\/\/www.hydraulic-cylinders.net\/lv\/products\/arm-cylinder-for-jcm-middle-excavator-jcm921f\/","title":{"rendered":"JCM vid\u0113j\u0101 ekskavatora sviras cilindrs JCM921F"},"content":{"rendered":"<p>JCM vid\u0113j\u0101 ekskavatora JCM921F sviras cilindrs<\/p>\n<p>Ievads<br \/>\nSviras cilindrs ir speci\u0101li izstr\u0101d\u0101ts hidrauliskais cilindrs, ko izmanto, lai nodro\u0161in\u0101tu line\u0101ru kust\u012bbu un jaudu da\u017e\u0101du veidu ma\u0161\u012bnu, piem\u0113ram, ekskavatoru, celt\u0146u un meh\u0101nisko sviru, svir\u0101m. Sviras cilindram ir galven\u0101 loma hidrauliskaj\u0101 sist\u0113m\u0101, nodro\u0161inot efekt\u012bvu papildu instrumentu vai stiprin\u0101jumu kust\u012bbu un vad\u012bbu. \u0160ie cilindri ne tikai nodro\u0161ina vienm\u0113r\u012bgu kust\u012bbu, bet ar\u012b iztur lielas slodzes, nodro\u0161inot ma\u0161\u012bnas efekt\u012bvu darb\u012bbu un uzticam\u012bbu da\u017e\u0101dos darba apst\u0101k\u013cos.<\/p>\n<p><img loading=\"lazy\" decoding=\"async\" src=\"https:\/\/www.hydraulic-cylinders.net\/wp-content\/uploads\/2025\/01\/songte-company-2.webp\" alt=\"Sviras cilindrs\" width=\"400\" height=\"267\"><\/p>\n<p>Defin\u012bcija un skaidrojums<br \/>\nSviru cilindri ir b\u016btiski smago ma\u0161\u012bnu hidraulisk\u0101s sist\u0113mas elementi. Tie ir paredz\u0113ti, lai nodro\u0161in\u0101tu line\u0101ru kust\u012bbu un jaudu da\u017e\u0101du ma\u0161\u012bnu veidu, piem\u0113ram, ekskavatoru, celt\u0146u un meh\u0101nisko sviru, svir\u0101m. Sviru cilindrs ir atbild\u012bgs par papildu instrumentu vai stiprin\u0101jumu vienm\u0113r\u012bgu kust\u012bbu un vad\u012bbu, padarot tos b\u016btiskus ma\u0161\u012bnu efekt\u012bvai darb\u012bbai un uzticam\u012bbai. \u0160iem cilindriem ir iz\u0161\u0137iro\u0161a noz\u012bme hidrauliskaj\u0101 sist\u0113m\u0101, nodro\u0161inot papildu instrumentu vai stiprin\u0101jumu, piem\u0113ram, kausu un str\u0113les, efekt\u012bvu kust\u012bbu un vad\u012bbu. Sviru cilindri tiek ra\u017eoti, izmantojot augstas iztur\u012bbas materi\u0101lus, kas nodro\u0161ina iztur\u012bbu un uzticam\u012bbu da\u017e\u0101dos darba apst\u0101k\u013cos.<\/p>\n<p>Funkcijas<br \/>\nSviru cilindriem ir \u0161\u0101das galven\u0101s \u012bpa\u0161\u012bbas:<\/p>\n<h2>Augstas efektivit\u0101tes transmisija<\/h2>\n<p>Sviras cilindri nodro\u0161ina jaud\u012bgu line\u0101ru kust\u012bbu un sp\u0113ku, garant\u0113jot augstu efektivit\u0101ti tehnikas darb\u012bb\u0101.<\/p>\n<h2>Prec\u012bza kontrole<\/h2>\n<p>Rokas cilindri var pan\u0101kt prec\u012bzu kust\u012bbas kontroli, izmantojot hidraulisko sist\u0113mu, padarot papildu instrumentu darb\u012bbu elast\u012bg\u0101ku un prec\u012bz\u0101ku.<\/p>\n<h2>Iztur\u012bba<\/h2>\n<p>Sviru cilindri parasti ir izgatavoti no augstas stipr\u012bbas materi\u0101liem, kas padara tos \u013coti iztur\u012bgus pret nodilumu un koroziju, piem\u0113rotus ilgsto\u0161ai lieto\u0161anai skarbos apst\u0101k\u013cos.<\/p>\n<h2>Daudzfunkcion\u0101la piel\u0101go\u0161an\u0101s sp\u0113ja<\/h2>\n<p>\u0160ie cilindri tiek pla\u0161i izmantoti da\u017e\u0101da veida ma\u0161\u012bn\u0101s, piem\u0113ram, ekskavatoros, celt\u0146os un meh\u0101niskaj\u0101s svir\u0101s, piel\u0101gojoties da\u017e\u0101d\u0101m darba pras\u012bb\u0101m.<\/p>\n<h2>Vienk\u0101r\u0161a apkope<\/h2>\n<p>Sviru cilindri ir konstru\u0113ti t\u0101, lai tos b\u016btu viegli uztur\u0113t un nomain\u012bt, padarot regul\u0101ras p\u0101rbaudes un apkopi \u0113rt\u0101ku un samazinot iek\u0101rtu d\u012bkst\u0101ves laiku.<\/p>\n<p>M\u0113s varam ra\u017eot \u0161o produktu, kas var lieliski aizst\u0101t \u0161os hidrauliskos cilindrus.<\/p>\n<p><img loading=\"lazy\" decoding=\"async\" src=\"https:\/\/www.hydraulic-cylinders.net\/wp-content\/uploads\/2025\/01\/songte-oil-pipes-and-spare-parts.webp\" alt=\"Hidraulisko cilindru deta\u013cas\" width=\"400\" height=\"267\"><\/p>\n<p>Pieteikumi<br \/>\nSviru cilindriem ir pla\u0161s pielietojumu kl\u0101sts da\u017e\u0101d\u0101s nozar\u0113s, piem\u0113ram:<\/p>\n<h2>B\u016bvniec\u012bbas in\u017eenierija<\/h2>\n<p>Str\u0113les cilindri kontrol\u0113 kausu vai str\u0113les kust\u012bbu ekskavatoros un celt\u0146os, veicot zemes darbus, materi\u0101lu apstr\u0101di un konstrukciju uzst\u0101d\u012b\u0161anu.<\/p>\n<h2>Ra\u017eo\u0161anas nozare<\/h2>\n<p>Roku cilindri kontrol\u0113 meh\u0101nisko roku kust\u012bbu automatiz\u0113t\u0101s ra\u017eo\u0161anas l\u012bnij\u0101s mont\u0101\u017eas, metin\u0101\u0161anas un apstr\u0101des oper\u0101cij\u0101s, uzlabojot ra\u017eo\u0161anas efektivit\u0101ti un precizit\u0101ti.<\/p>\n<h2>Lauksaimniec\u012bbas tehnika<\/h2>\n<p>Sviras cilindri kontrol\u0113 vad\u012bbas sviru lauksaimniec\u012bbas ma\u0161\u012bn\u0101s, piem\u0113ram, kombainos un s\u0113jma\u0161\u012bn\u0101s, veicot t\u0101dus uzdevumus k\u0101 st\u0101d\u012b\u0161ana, m\u0113slo\u0161ana un ra\u017eas nov\u0101k\u0161ana.<\/p>\n<h2>Kalnr\u016bpniec\u012bba<\/h2>\n<p>Sviras cilindri kontrol\u0113 sviras kust\u012bbu kalnr\u016bpniec\u012bbas iek\u0101rt\u0101s, veicot kalnr\u016bpniec\u012bbas un transport\u0113\u0161anas darb\u012bbas.<\/p>\n<h2>Lo\u0123istika un transports<\/h2>\n<p>Rokas cilindri kontrol\u0113 kravas dak\u0161u kust\u012bbu iekr\u0101v\u0113jos un apstr\u0101des robotos, realiz\u0113jot materi\u0101lu apstr\u0101di un sakrau\u0161anu.<\/p>\n<p>Projekt\u0113\u0161anas apsv\u0113rumi un atlases standarti<br \/>\nSviru cilindriem ir \u012bpa\u0161i konstrukcijas apsv\u0113rumi un atlases standarti, lai nodro\u0161in\u0101tu to optim\u0101lu veiktsp\u0113ju, kas ir:<\/p>\n<h2>Nestsp\u0113ja<\/h2>\n<p>Sviru cilindriem j\u0101sp\u0113j iztur\u0113t ma\u0161\u012bnas rad\u012bto slodzi.<\/p>\n<h2>Bl\u012bv\u0113\u0161ana<\/h2>\n<p>Sviru cilindriem ir nepiecie\u0161ami da\u017e\u0101di bl\u012bv\u0113jumi, piem\u0113ram, virzu\u013ca bl\u012bv\u0113jumi un stie\u0146a bl\u012bv\u0113jumi, lai nov\u0113rstu nopl\u016bdes un nodro\u0161in\u0101tu cilindra efekt\u012bvu darb\u012bbu.<\/p>\n<h2>Iztur\u012bba<\/h2>\n<p>Sviru cilindriem j\u0101b\u016bt izgatavotiem no augstas kvalit\u0101tes materi\u0101liem, nodro\u0161inot iztur\u012bbu un uzticam\u012bbu da\u017e\u0101dos darba apst\u0101k\u013cos.<\/p>\n<h2>Dro\u0161\u012bba<\/h2>\n<p>Sviru cilindri j\u0101projekt\u0113, \u0146emot v\u0113r\u0101 dro\u0161\u012bbu, nodro\u0161inot, ka tie var iztur\u0113t nepiecie\u0161amos sp\u0113kus un nov\u0113rst negad\u012bjumus.<\/p>\n<h2>Apkope<\/h2>\n<p>Sviru cilindriem j\u0101b\u016bt konstru\u0113tiem t\u0101, lai tos b\u016btu viegli apkopt un nomain\u012bt, nodro\u0161inot regul\u0101ras p\u0101rbaudes un apkopi, kas samazina iek\u0101rtu d\u012bkst\u0101ves laiku.<\/p>\n<p><img loading=\"lazy\" decoding=\"async\" src=\"https:\/\/www.hydraulic-cylinders.net\/wp-content\/uploads\/2025\/01\/songte-cylinder-head-with-all-kinds-excavator-models.webp\" alt=\"Cilindra galva\" width=\"400\" height=\"267\"><\/p>\n<p>Bl\u012bv\u0113\u0161ana un e\u013c\u013co\u0161ana<br \/>\nSviru cilindriem ir nepiecie\u0161ami da\u017e\u0101di bl\u012bv\u0113jumu veidi, piem\u0113ram, virzu\u013ca bl\u012bv\u0113jumi un stie\u0146a bl\u012bv\u0113jumi, kas izgatavoti no nodilumiztur\u012bgiem materi\u0101liem, piem\u0113ram, poliuret\u0101na un nitrila gumijas, lai nov\u0113rstu nopl\u016bdes un nodro\u0161in\u0101tu cilindra efekt\u012bvu darb\u012bbu. Cilindra korpusam un v\u012btnes virsmai j\u0101b\u016bt prec\u012bzi apstr\u0101d\u0101tai, lai uzlabotu nodilumiztur\u012bbu, un ir nepiecie\u0161ama regul\u0101ra e\u013c\u013co\u0161ana ar atbilsto\u0161u hidraulisk\u0101s e\u013c\u013cas daudzumu.<\/p>\n<p>Apkope un prevent\u012bvie pas\u0101kumi<br \/>\nRegul\u0101ras apkopes p\u0101rbaudes un prevent\u012bvie pas\u0101kumi ir b\u016btiski, lai nodro\u0161in\u0101tu optim\u0101lu sviru cilindru darb\u012bbu. Prevent\u012bvie pas\u0101kumi ietver:<\/p>\n<h2>Regul\u0101ra p\u0101rbaude<\/h2>\n<p>Balona p\u0101rbaude, vai nav nopl\u016b\u017eu, boj\u0101jumu un nodiluma, un nolietoto deta\u013cu nomai\u0146a.<\/p>\n<h2>T\u012br\u012b\u0161ana<\/h2>\n<p>Uztur\u0113t cilindru t\u012bru, lai nov\u0113rstu putek\u013cu, net\u012brumu un citu pies\u0101r\u0146ot\u0101ju ietekmi uz t\u0101 darb\u012bbu.<\/p>\n<h2>E\u013c\u013co\u0161ana<\/h2>\n<p>Regul\u0101ri iee\u013c\u013cojiet cilindru ar atbilsto\u0161u hidraulisk\u0101s e\u013c\u013cas daudzumu, lai nov\u0113rstu nodilumu un paildzin\u0101tu t\u0101 kalpo\u0161anas laiku.<\/p>\n<h2>Pareiza uzglab\u0101\u0161ana<\/h2>\n<p>Uzglab\u0101jiet cilindru saus\u0101, v\u0113s\u0101 viet\u0101, lai nov\u0113rstu r\u016bs\u0113\u0161anu un citus boj\u0101jumus.<\/p>\n<h2>Deta\u013cu nomai\u0146a<\/h2>\n<p>Nolietotu deta\u013cu, piem\u0113ram, bl\u012bvju un virzu\u013cu, nomai\u0146a, lai nodro\u0161in\u0101tu cilindra efekt\u012bvu darb\u012bbu.<\/p>\n<p><img loading=\"lazy\" decoding=\"async\" src=\"https:\/\/www.hydraulic-cylinders.net\/wp-content\/uploads\/2025\/01\/songte-chushion-collar.webp\" alt=\"Spilvenu apkakle\" width=\"400\" height=\"267\"><\/p>\n<p>Instal\u0101cijas rokasgr\u0101mata<br \/>\nSviru cilindru uzst\u0101d\u012b\u0161anai nepiecie\u0161amas \u012bpa\u0161as darb\u012bbas, lai nodro\u0161in\u0101tu optim\u0101lu veiktsp\u0113ju, proti:<\/p>\n<h2>Sagatavo\u0161ana<\/h2>\n<p>Sagatavojiet nepiecie\u0161amos instrumentus, aizsargl\u012bdzek\u013cus un cilindru.<\/p>\n<h2>P\u0101rbaude<\/h2>\n<p>Pirms uzst\u0101d\u012b\u0161anas p\u0101rbaudiet cilindru, vai tam nav boj\u0101jumu vai defektu.<\/p>\n<h2>Demont\u0101\u017ea<\/h2>\n<p>Izjauciet veco cilindru un no\u0146emiet to no iek\u0101rtas.<\/p>\n<h2>Uzst\u0101d\u012b\u0161ana<\/h2>\n<p>Uzst\u0101diet jauno sviras cilindru, iev\u0113rojot ra\u017eot\u0101ja nor\u0101d\u012bjumus.<\/p>\n<h2>Test\u0113\u0161ana<\/h2>\n<p>P\u0101rbaudiet jaun\u0101 sviras cilindra pareizu darb\u012bbu un nopl\u016bdes.<\/p>\n<p>Dro\u0161\u012bbas un vides apsv\u0113rumi<br \/>\nSviru cilindriem ir nepiecie\u0161ami \u012bpa\u0161i dro\u0161\u012bbas pas\u0101kumi, lai nov\u0113rstu negad\u012bjumus darb\u012bbas laik\u0101. Dro\u0161\u012bbas pas\u0101kumi ietver:<\/p>\n<h2>Pareiza apm\u0101c\u012bba<\/h2>\n<p>Atbilsto\u0161a apm\u0101c\u012bba operatoriem, lai nodro\u0161in\u0101tu, ka vi\u0146i izprot iek\u0101rtu un t\u0101s dro\u0161u ekspluat\u0101ciju.<\/p>\n<h2>Regul\u0101ra apkope<\/h2>\n<p>Regul\u0101ras apkopes p\u0101rbaudes, lai nodro\u0161in\u0101tu cilindra optim\u0101lu darb\u012bbu un nov\u0113rstu negad\u012bjumus.<\/p>\n<h2>Vides aizsardz\u012bba<\/h2>\n<p>Pareiza hidraulisk\u0101s e\u013c\u013cas un citu b\u012bstamo materi\u0101lu, ko izmanto sviru cilindru darb\u012bb\u0101, utiliz\u0101cija, lai aizsarg\u0101tu vidi.<\/p>\n<p>K\u013c\u016bmju diagnostika un bie\u017ei sastopam\u0101s probl\u0113mas<br \/>\nSviru cilindriem var rasties vair\u0101kas izplat\u012btas probl\u0113mas, tostarp nopl\u016bdes, boj\u0101jumi un nodilums. Lai diagnostic\u0113tu un nov\u0113rstu \u0161\u012bs probl\u0113mas, iev\u0113rojiet t\u0101l\u0101k nor\u0101d\u012bt\u0101s vadl\u012bnijas:<\/p>\n<h2>Nopl\u016bde<\/h2>\n<p>Nopl\u016bde var rasties nolietotu bl\u012bv\u0113jumu d\u0113\u013c. Lai atrisin\u0101tu probl\u0113mu, nomainiet bl\u012bv\u0113jumus.<\/p>\n<h2>Boj\u0101jumi<\/h2>\n<p>Boj\u0101jumi var rasties nepareizas darb\u012bbas vai \u0101r\u0113ju faktoru d\u0113\u013c. P\u0101rbaudiet cilindru un nomainiet boj\u0101t\u0101s deta\u013cas.<\/p>\n<h2>Valk\u0101t<\/h2>\n<p>Ilgsto\u0161as \u200b\u200blieto\u0161anas d\u0113\u013c var rasties nodilums. Regul\u0101ra apkope un nolietoto deta\u013cu nomai\u0146a var nov\u0113rst nodilumu.<\/p>\n<p><img loading=\"lazy\" decoding=\"async\" src=\"https:\/\/www.hydraulic-cylinders.net\/wp-content\/uploads\/2025\/01\/songte-bushings-with-all-kinds-of-excavator-models.webp\" alt=\"Bukses\" width=\"400\" height=\"267\"><\/p>\n<p>Probl\u0113mu nov\u0113r\u0161ana un nov\u0113r\u0161ana<br \/>\nLai nov\u0113rstu bie\u017ei sastopamas probl\u0113mas, veiciet \u0161\u0101dus pas\u0101kumus:<\/p>\n<h2>Regul\u0101ras apkopes p\u0101rbaudes<\/h2>\n<p>Regul\u0101ras apkopes p\u0101rbaudes, lai nov\u0113rstu nodilumu un boj\u0101jumus.<\/p>\n<h2>Pareiza apm\u0101c\u012bba<\/h2>\n<p>Atbilsto\u0161a operatoru apm\u0101c\u012bba, lai nodro\u0161in\u0101tu optim\u0101lu tehnikas darb\u012bbu.<\/p>\n<h2>Piem\u0113rota e\u013c\u013co\u0161ana<\/h2>\n<p>Atbilsto\u0161a e\u013c\u013co\u0161ana, lai nov\u0113rstu nodilumu un pagarin\u0101tu cilindra kalpo\u0161anas laiku.<\/p>\n<h2>Nolietotu deta\u013cu nomai\u0146a<\/h2>\n<p>Nolietotu deta\u013cu nomai\u0146a, lai nodro\u0161in\u0101tu cilindra efekt\u012bvu darb\u012bbu.<\/p>\n<p>Secin\u0101jums<br \/>\nM\u0113s esam profesion\u0101ls rezerves hidraulisko cilindru ra\u017eot\u0101js ar pla\u0161u produktu kl\u0101stu, padarot m\u016bs par vienu no vado\u0161ajiem hidraulisko cilindru ra\u017eot\u0101jiem un vairumtirgot\u0101jiem vis\u0101 pasaul\u0113. M\u0113s iev\u0113rojam izcil\u012bbas kvalit\u0101tes principu un nep\u0101rtraukti uzlabojam savas tehnisk\u0101s iesp\u0113jas un ra\u017eo\u0161anas efektivit\u0101ti. Ievie\u0161ot augstas klases digit\u0101l\u0101s ra\u017eo\u0161anas iek\u0101rtas un profesion\u0101las test\u0113\u0161anas sist\u0113mas, m\u0113s optimiz\u0113jam savu ra\u017eo\u0161anas platformu un uzlabojam produktu kvalit\u0101tes kontroles procesu. M\u016bsu m\u0113r\u0137is ir apmierin\u0101t m\u016bsu klientu daudzveid\u012bg\u0101s vajadz\u012bbas, pamatojoties uz augstas efektivit\u0101tes, precizit\u0101tes un augstas kvalit\u0101tes principiem.<\/p>\n<p><img loading=\"lazy\" decoding=\"async\" src=\"https:\/\/www.hydraulic-cylinders.net\/wp-content\/uploads\/2025\/01\/songte-company-4.webp\" alt=\"Uz\u0146\u0113mums\" width=\"400\" height=\"267\"><\/p>\n<p>M\u0113s esam uz\u0146\u0113mums, kas augstu v\u0113rt\u0113 profesionalit\u0101ti, starptautisku sertifik\u0101ciju, piel\u0101gotus pakalpojumus, ra\u017eo\u0161anas iek\u0101rtas un p\u0113cp\u0101rdo\u0161anas servisu. <\/p>\n<p><img loading=\"lazy\" decoding=\"async\" src=\"https:\/\/www.hydraulic-cylinders.net\/wp-content\/uploads\/2025\/01\/songte-company-3.webp\" alt=\"R\u016bpn\u012bca\" width=\"400\" height=\"267\"><\/p>\n<p>Autors: lil<\/p>","protected":false},"excerpt":{"rendered":"<p>Arm Cylinder for JCM Middle Excavator JCM921F Introduction Arm cylinder is a specially designed hydraulic cylinder used to provide linear motion and power to the arms of various types of machinery such as excavators, cranes, and mechanical arms. The arm cylinder plays a key role in the hydraulic system, enabling the effective movement and control [&hellip;]<\/p>","protected":false},"featured_media":14766,"comment_status":"open","ping_status":"closed","template":"","meta":{"_et_pb_use_builder":"","_et_pb_old_content":"","_et_gb_content_width":""},"product_brand":[],"product_cat":[1497],"product_tag":[1498,1496],"class_list":{"0":"post-16553","1":"product","2":"type-product","3":"status-publish","4":"has-post-thumbnail","6":"product_cat-arm-cylinders","7":"product_tag-arm-cylinders","8":"product_tag-hydraulic-cylinders","10":"first","11":"instock","12":"shipping-taxable","13":"product-type-simple"},"amp_enabled":true,"_links":{"self":[{"href":"https:\/\/www.hydraulic-cylinders.net\/lv\/wp-json\/wp\/v2\/product\/16553","targetHints":{"allow":["GET"]}}],"collection":[{"href":"https:\/\/www.hydraulic-cylinders.net\/lv\/wp-json\/wp\/v2\/product"}],"about":[{"href":"https:\/\/www.hydraulic-cylinders.net\/lv\/wp-json\/wp\/v2\/types\/product"}],"replies":[{"embeddable":true,"href":"https:\/\/www.hydraulic-cylinders.net\/lv\/wp-json\/wp\/v2\/comments?post=16553"}],"wp:featuredmedia":[{"embeddable":true,"href":"https:\/\/www.hydraulic-cylinders.net\/lv\/wp-json\/wp\/v2\/media\/14766"}],"wp:attachment":[{"href":"https:\/\/www.hydraulic-cylinders.net\/lv\/wp-json\/wp\/v2\/media?parent=16553"}],"wp:term":[{"taxonomy":"product_brand","embeddable":true,"href":"https:\/\/www.hydraulic-cylinders.net\/lv\/wp-json\/wp\/v2\/product_brand?post=16553"},{"taxonomy":"product_cat","embeddable":true,"href":"https:\/\/www.hydraulic-cylinders.net\/lv\/wp-json\/wp\/v2\/product_cat?post=16553"},{"taxonomy":"product_tag","embeddable":true,"href":"https:\/\/www.hydraulic-cylinders.net\/lv\/wp-json\/wp\/v2\/product_tag?post=16553"}],"curies":[{"name":"wp","href":"https:\/\/api.w.org\/{rel}","templated":true}]}}