{"id":16556,"date":"2025-01-21T05:33:41","date_gmt":"2025-01-21T05:33:41","guid":{"rendered":"https:\/\/www.hydraulic-cylinders.net\/product\/arm-cylinder-for-liebherr-small-excavator-r906l\/"},"modified":"2025-01-21T05:33:43","modified_gmt":"2025-01-21T05:33:43","slug":"arm-cylinder-for-liebherr-small-excavator-r906l","status":"publish","type":"product","link":"https:\/\/www.hydraulic-cylinders.net\/lv\/products\/arm-cylinder-for-liebherr-small-excavator-r906l\/","title":{"rendered":"Liebherr maz\u0101 ekskavatora R906L rokas cilindrs"},"content":{"rendered":"<h1>Liebherr maz\u0101 ekskavatora R906L rokas cilindrs<\/h1>\n<h2>Ievads<\/h2>\n<p>Sviras cilindrs ir speci\u0101li izstr\u0101d\u0101ts hidrauliskais cilindrs, ko izmanto, lai nodro\u0161in\u0101tu line\u0101ru kust\u012bbu un jaudu da\u017e\u0101du veidu ma\u0161\u012bnu, piem\u0113ram, ekskavatoru, celt\u0146u un robotiz\u0113tu roku, svirai. Sviras cilindriem ir iz\u0161\u0137iro\u0161a noz\u012bme hidrauliskaj\u0101s sist\u0113m\u0101s, nodro\u0161inot efekt\u012bvu papildu instrumentu vai stiprin\u0101jumu p\u0101rvieto\u0161anu un vad\u012bbu. \u0160ie cilindri ne tikai nodro\u0161ina vienm\u0113r\u012bgu kust\u012bbu, bet ar\u012b iztur lielas slodzes, nodro\u0161inot ma\u0161\u012bnu efekt\u012bvu darb\u012bbu un uzticam\u012bbu da\u017e\u0101dos darba apst\u0101k\u013cos.<\/p>\n<p><img decoding=\"async\" src=\"https:\/\/www.hydraulic-cylinders.net\/wp-content\/uploads\/2025\/01\/songte-company-2.webp\" alt=\"Sviras cilindra att\u0113ls\"><\/p>\n<h2>Funkcijas<\/h2>\n<ul>\n<li><strong>Augstas efektivit\u0101tes p\u0101rraide:<\/strong> Sviras cilindrs nodro\u0161ina jaud\u012bgu line\u0101ru kust\u012bbu un sp\u0113ku, garant\u0113jot meh\u0101nisk\u0101s sviras augstas veiktsp\u0113jas iesp\u0113jas da\u017e\u0101d\u0101s darb\u012bb\u0101s.<\/li>\n<li><strong>Prec\u012bzijas kontrole:<\/strong> Izmantojot hidraulisko sist\u0113mu, rokas cilindrs nodro\u0161ina prec\u012bzu kust\u012bbas kontroli, padarot pievienoto instrumentu darb\u012bbu elast\u012bg\u0101ku un prec\u012bz\u0101ku.<\/li>\n<li><strong>Iztur\u012bba:<\/strong> Sviru cilindri parasti tiek ra\u017eoti, izmantojot augstas iztur\u012bbas materi\u0101lus, kas nodro\u0161ina izcilu nodilumiztur\u012bbu un iztur\u012bbu pret koroziju, padarot tos piem\u0113rotus ilgsto\u0161ai lieto\u0161anai skarbos apst\u0101k\u013cos.<\/li>\n<li><strong>Daudzfunkcion\u0101la piel\u0101go\u0161an\u0101s sp\u0113ja:<\/strong> \u0160os cilindrus var pla\u0161i pielietot da\u017e\u0101da veida ma\u0161\u012bn\u0101m, tostarp ekskavatoriem, celt\u0146iem un robotiz\u0113t\u0101m rok\u0101m, kas atbilst da\u017e\u0101d\u0101m darba pras\u012bb\u0101m.<\/li>\n<li><strong>Vienk\u0101r\u0161a apkope:<\/strong> \u0160o cilindru konstrukcij\u0101 ir \u0146emta v\u0113r\u0101 apkopes un nomai\u0146as vienk\u0101r\u0161\u012bba, padarot regul\u0101ru p\u0101rbaudi un apkopi \u0113rtu, k\u0101 ar\u012b samazinot iek\u0101rtu d\u012bkst\u0101ves laiku.<\/li>\n<\/ul>\n<p><img decoding=\"async\" src=\"https:\/\/www.hydraulic-cylinders.net\/wp-content\/uploads\/2025\/01\/songte-oil-pipes-and-spare-parts.webp\" alt=\"Hidraulisk\u0101 cilindra att\u0113ls\"><\/p>\n<h2>Pieteikumi<\/h2>\n<p>Sviras cilindrs tiek izmantots da\u017e\u0101d\u0101s nozar\u0113s:<\/p>\n<ol>\n<li><strong>B\u016bvniec\u012bbas in\u017eenierija:<\/strong> Ekskavatoros un celt\u0146os sviras cilindrs kontrol\u0113 kausu vai str\u0113les kust\u012bbu zemes darbos, materi\u0101lu apstr\u0101d\u0113 un konstrukciju uzst\u0101d\u012b\u0161an\u0101.<\/li>\n<li><strong>Ra\u017eo\u0161anas nozare:<\/strong> Automatiz\u0113t\u0101s ra\u017eo\u0161anas l\u012bnij\u0101s rokas cilindrs tiek izmantots robotiz\u0113tu roku kust\u012bbai, atvieglojot mont\u0101\u017eas, metin\u0101\u0161anas un materi\u0101lu apstr\u0101des procesus, lai uzlabotu ra\u017eo\u0161anas efektivit\u0101ti un precizit\u0101ti.<\/li>\n<li><strong>Lauksaimniec\u012bbas tehnika:<\/strong> Lauksaimniec\u012bbas ma\u0161\u012bn\u0101s, piem\u0113ram, kombainos un s\u0113jma\u0161\u012bn\u0101s, sviras cilindrs kontrol\u0113 darbin\u0101\u0161anas sviru kust\u012bbu, lai veiktu t\u0101dus uzdevumus k\u0101 s\u0113\u0161ana, m\u0113slo\u0161ana un ra\u017eas nov\u0101k\u0161ana.<\/li>\n<li><strong>Kalnr\u016bpniec\u012bba:<\/strong> Kalnr\u016bpniec\u012bbas iek\u0101rt\u0101s rokas cilindrs kontrol\u0113 kalnr\u016bpniec\u012bbas ma\u0161\u012bnu rokas kust\u012bbu, nodro\u0161inot miner\u0101lu ieguvi un transport\u0113\u0161anu.<\/li>\n<li><strong>Lo\u0123istika un transports:<\/strong> Iekr\u0101v\u0113jos un apstr\u0101des robotos rokas cilindrs kontrol\u0113 dak\u0161u pacel\u0161anu un kust\u012bbu, atvieglojot materi\u0101lu apstr\u0101di un sakrau\u0161anu.<\/li>\n<\/ol>\n<h2>Dizaina apsv\u0113rumi un atlases krit\u0113riji<\/h2>\n<p>Projekt\u0113jot cilindru sviras, tiek \u0146emti v\u0113r\u0101 vair\u0101ki galvenie faktori:<\/p>\n<ol>\n<li><strong>Nestsp\u0113ja:<\/strong> Sviras cilindram j\u0101b\u016bt konstru\u0113tam t\u0101, lai tas iztur\u0113tu konkr\u0113t\u0101s slodzes pras\u012bbas ma\u0161\u012bn\u0101m, kur\u0101s tas tiks izmantots.<\/li>\n<li><strong>Bl\u012bv\u0113jums:<\/strong> Tiek izmantoti da\u017e\u0101di bl\u012bv\u0113\u0161anas komponenti, piem\u0113ram, virzu\u013ca bl\u012bvsl\u0113gi \u200b\u200bun stie\u0146u bl\u012bvsl\u0113gi, kas parasti ir izgatavoti no nodilumiztur\u012bgiem materi\u0101liem, piem\u0113ram, poliuret\u0101na un nitrila gumijas. Cilindra korpuss un v\u012bt\u0146otie gali tiek r\u016bp\u012bgi apstr\u0101d\u0101ti, lai uzlabotu nodilumiztur\u012bbu.<\/li>\n<li><strong>Iztur\u012bba:<\/strong> Sviru cilindri ir izgatavoti t\u0101, lai tie b\u016btu \u013coti iztur\u012bgi un notur\u012bgi pret nodilumu, nodro\u0161inot to ilgm\u016b\u017e\u012bbu sare\u017e\u0123\u012btos darba apst\u0101k\u013cos.<\/li>\n<li><strong>Dro\u0161\u012bba:<\/strong> Dro\u0161\u012bbas funkcijas ir integr\u0113tas konstrukcij\u0101, lai nov\u0113rstu negad\u012bjumus un nodro\u0161in\u0101tu operatora aizsardz\u012bbu darb\u012bbas laik\u0101.<\/li>\n<li><strong>Uzturam\u012bba:<\/strong> \u0160is dizains \u013cauj viegli veikt apkopi un nomain\u012bt komponentus, samazinot d\u012bkst\u0101ves laiku un atvieglojot regul\u0101ras p\u0101rbaudes.<\/li>\n<\/ol>\n<p><img decoding=\"async\" src=\"https:\/\/www.hydraulic-cylinders.net\/wp-content\/uploads\/2025\/01\/songte-cylinder-head-with-all-kinds-excavator-models.webp\" alt=\"Cilindra galvas att\u0113ls\"><\/p>\n<h2>Bl\u012bv\u0113\u0161ana un e\u013c\u013co\u0161ana<\/h2>\n<p>Sviru cilindros tiek izmantoti da\u017e\u0101di bl\u012bv\u0113\u0161anas komponenti, piem\u0113ram, virzu\u013ca bl\u012bvsl\u0113gi \u200b\u200bun stie\u0146a bl\u012bvsl\u0113gi, kas izgatavoti no nodilumiztur\u012bgiem materi\u0101liem, piem\u0113ram, poliuret\u0101na un nitrila gumijas. Cilindra korpuss un v\u012bt\u0146otie gali tiek r\u016bp\u012bgi apstr\u0101d\u0101ti, lai uzlabotu nodilumiztur\u012bbu. Lai nodro\u0161in\u0101tu vienm\u0113r\u012bgu darb\u012bbu un nov\u0113rstu berzes rad\u012btos boj\u0101jumus, ir nepiecie\u0161ama regul\u0101ra e\u013c\u013co\u0161ana ar atbilsto\u0161u hidraulisk\u0101s e\u013c\u013cas daudzumu.<\/p>\n<h2>Regul\u0101ra p\u0101rbaude un profilaktisk\u0101 apkope<\/h2>\n<p>Lai uztur\u0113tu optim\u0101lu veiktsp\u0113ju un pagarin\u0101tu sviras cilindra kalpo\u0161anas laiku, ir svar\u012bgi veikt regul\u0101ras p\u0101rbaudes un profilaktisko apkopi. Galvenie pas\u0101kumi ietver:<\/p>\n<ol>\n<li>P\u0101rbauda, \u200b\u200bvai balonam un t\u0101 sast\u0101vda\u013c\u0101m nav nodiluma, nopl\u016bdes vai boj\u0101jumu paz\u012bmju.<\/li>\n<li>Nodilu\u0161u bl\u012bv\u0113jumu un citu svar\u012bgu deta\u013cu p\u0101rbaude un nomai\u0146a.<\/li>\n<li>Cilindra t\u012br\u012b\u0161ana un e\u013c\u013co\u0161ana, lai nodro\u0161in\u0101tu vienm\u0113r\u012bgu darb\u012bbu.<\/li>\n<li>Visu va\u013c\u012bgo savienojumu vai stiprin\u0101jumu pievilk\u0161ana.<\/li>\n<li>Iev\u0113rojiet ra\u017eot\u0101ja nor\u0101d\u012bjumus par apkopes interv\u0101liem un proced\u016br\u0101m.<\/li>\n<\/ol>\n<h2>Produkta uzst\u0101d\u012b\u0161anas rokasgr\u0101mata<\/h2>\n<p>Pareiza sviras cilindra uzst\u0101d\u012b\u0161ana ir \u013coti svar\u012bga t\u0101 veiktsp\u0113jai un ilgm\u016b\u017e\u012bbai. L\u016bdzu, veiciet t\u0101l\u0101k nor\u0101d\u012bt\u0101s darb\u012bbas.<\/p>\n<ol>\n<li>P\u0101rliecinieties, vai ekskavators vai tehnika ir izsl\u0113gta un atrodas stabil\u0101 st\u0101vokl\u012b.<\/li>\n<li>Uzman\u012bgi no\u0146emiet veco sviras cilindru, piev\u0113r\u0161ot uzman\u012bbu t\u0101 orient\u0101cijai un savienojumiem.<\/li>\n<li>R\u016bp\u012bgi not\u012briet stiprin\u0101juma vietu un p\u0101rbaudiet, vai taj\u0101 nav boj\u0101jumu.<\/li>\n<li>Uzst\u0101diet jauno sviras cilindru, izl\u012bdzinot to ar stiprin\u0101juma punktiem un pievienojot hidraulisk\u0101s l\u012bnijas.<\/li>\n<li>Divreiz p\u0101rbaudiet visus savienojumus, lai nodro\u0161in\u0101tu pareizu piegul\u0161anu un stingr\u012bbu.<\/li>\n<li>P\u0101rbaudiet sviras cilindra darb\u012bbu un p\u0101rbaudiet, vai nav nopl\u016b\u017eu.<\/li>\n<\/ol>\n<p><img decoding=\"async\" src=\"https:\/\/www.hydraulic-cylinders.net\/wp-content\/uploads\/2025\/01\/songte-bushings-with-all-kinds-of-excavator-models.webp\" alt=\"Bukses att\u0113ls\"><\/p>\n<h2>Dro\u0161\u012bbas apsv\u0113rumi un vides faktori<\/h2>\n<p>Str\u0101d\u0101jot ar sviras cilindriem, ir svar\u012bgi priorit\u0101ri iev\u0113rot dro\u0161\u012bbas pas\u0101kumus, lai nov\u0113rstu negad\u012bjumus un nodro\u0161in\u0101tu operatoru labsaj\u016btu. Ir \u013coti svar\u012bgi iev\u0113rot dro\u0161\u012bbas vadl\u012bnijas, piem\u0113ram, valk\u0101t atbilsto\u0161us individu\u0101los aizsardz\u012bbas l\u012bdzek\u013cus un vad\u012bt meh\u0101nismus noteiktaj\u0101s robe\u017e\u0101s. Turkl\u0101t, lai mazin\u0101tu negat\u012bvo ietekmi, ir svar\u012bgi \u0146emt v\u0113r\u0101 vides faktorus, piem\u0113ram, pareizu atkritumu apsaimnieko\u0161anu un atbilst\u012bbu vides noteikumiem.<\/p>\n<h2>Probl\u0113mu nov\u0113r\u0161ana un bie\u017ei sastopamas probl\u0113mas<\/h2>\n<p>Sviru cilindriem var rasties da\u017eas bie\u017ei sastopamas probl\u0113mas, tostarp:<\/p>\n<ol>\n<li>Hidraulisk\u0101 \u0161\u0137idruma nopl\u016bde.<\/li>\n<li>Jaudas zudums vai nepietiekams sp\u0113ks.<\/li>\n<li>Nevienm\u0113r\u012bga vai saraust\u012bta kust\u012bba.<\/li>\n<li>Neparasts troksnis darb\u012bbas laik\u0101.<\/li>\n<li>Reakcijas tr\u016bkums vai nerea\u0123\u0113\u0161ana.<\/li>\n<\/ol>\n<p>Lai risin\u0101tu \u0161\u012bs probl\u0113mas, iev\u0113rojiet \u0161os padomus un risin\u0101jumus:<\/p>\n<ol>\n<li>P\u0101rbaudiet un nomainiet nolietot\u0101s bl\u012bves vai boj\u0101t\u0101s deta\u013cas.<\/li>\n<li>P\u0101rbaudiet hidraulisk\u0101 \u0161\u0137idruma l\u012bmeni un, ja nepiecie\u0161ams, uzpildiet.<\/li>\n<li>P\u0101rliecinieties, ka hidrauliskaj\u0101s l\u012bnij\u0101s nav aizsprostojumu vai ierobe\u017eojumu.<\/li>\n<li>P\u0101rbaudiet hidraulisko s\u016bkni un v\u0101rstus, vai nav radu\u0161ies darb\u012bbas trauc\u0113jumi vai boj\u0101jumi.<\/li>\n<li>Ja probl\u0113ma joproj\u0101m past\u0101v, konsult\u0113jieties ar speci\u0101listu, lai veiktu t\u0101l\u0101ku diagnostiku un remontu.<\/li>\n<\/ol>\n<p><img decoding=\"async\" src=\"https:\/\/www.hydraulic-cylinders.net\/wp-content\/uploads\/2025\/01\/songte-chushion-collar.webp\" alt=\"\u010cusjona apkakles att\u0113ls\"><\/p>\n<p>Atcerieties lo\u0123iski sak\u0101rtot rakstu, izmantot apak\u0161virsrakstus \u0113rtai navig\u0101cijai, iek\u013caut atbilsto\u0161us att\u0113lus vai diagrammas, lai uzlabotu izpratni, un nodro\u0161in\u0101t, lai saturs b\u016btu skaidrs, kodol\u012bgs un piem\u0113rots las\u012bt\u0101jiem ar da\u017e\u0101diem tehnisko zin\u0101\u0161anu l\u012bme\u0146iem.<\/p>\n<p>Autors: lil<\/p>\n<h2>Par m\u016bsu uz\u0146\u0113mumu<\/h2>\n<p>M\u0113s esam profesion\u0101ls rezerves hidraulisko cilindru ra\u017eot\u0101js, kas pied\u0101v\u0101 pla\u0161u produktu kl\u0101stu. Esam k\u013cuvu\u0161i par vienu no vado\u0161ajiem hidraulisko cilindru ra\u017eot\u0101jiem un vairumtirgot\u0101jiem viet\u0113j\u0101 un starptautiskaj\u0101 tirg\u016b. Iev\u0113rojot izcil\u012bbas kvalit\u0101tes principu, m\u0113s nep\u0101rtraukti uzlabojam savu tehnisko kompetenci un ra\u017eo\u0161anas efektivit\u0101ti. Ievie\u0161ot augstas klases digit\u0101l\u0101s ra\u017eo\u0161anas iek\u0101rtas un profesion\u0101las test\u0113\u0161anas sist\u0113mas, m\u0113s optimiz\u0113jam savu ra\u017eo\u0161anas platformu un uzlabojam produktu kvalit\u0101tes kontroles procesus. M\u0113s esam ap\u0146\u0113mu\u0161ies apmierin\u0101t da\u017e\u0101das klientu vajadz\u012bbas, iev\u0113rojot efektivit\u0101tes, precizit\u0101tes un...<\/p>","protected":false},"excerpt":{"rendered":"<p>Arm Cylinder For Liebherr Small Excavator R906L Introduction The arm cylinder is a specially designed hydraulic cylinder used to provide linear motion and power to the arm of various types of machinery, such as excavators, cranes, and robotic arms. The arm cylinders play a crucial role in hydraulic systems, enabling the effective movement and control [&hellip;]<\/p>","protected":false},"featured_media":14786,"comment_status":"open","ping_status":"closed","template":"","meta":{"_et_pb_use_builder":"","_et_pb_old_content":"","_et_gb_content_width":""},"product_brand":[],"product_cat":[1497],"product_tag":[1498,1496],"class_list":{"0":"post-16556","1":"product","2":"type-product","3":"status-publish","4":"has-post-thumbnail","6":"product_cat-arm-cylinders","7":"product_tag-arm-cylinders","8":"product_tag-hydraulic-cylinders","10":"first","11":"instock","12":"shipping-taxable","13":"product-type-simple"},"amp_enabled":true,"_links":{"self":[{"href":"https:\/\/www.hydraulic-cylinders.net\/lv\/wp-json\/wp\/v2\/product\/16556","targetHints":{"allow":["GET"]}}],"collection":[{"href":"https:\/\/www.hydraulic-cylinders.net\/lv\/wp-json\/wp\/v2\/product"}],"about":[{"href":"https:\/\/www.hydraulic-cylinders.net\/lv\/wp-json\/wp\/v2\/types\/product"}],"replies":[{"embeddable":true,"href":"https:\/\/www.hydraulic-cylinders.net\/lv\/wp-json\/wp\/v2\/comments?post=16556"}],"wp:featuredmedia":[{"embeddable":true,"href":"https:\/\/www.hydraulic-cylinders.net\/lv\/wp-json\/wp\/v2\/media\/14786"}],"wp:attachment":[{"href":"https:\/\/www.hydraulic-cylinders.net\/lv\/wp-json\/wp\/v2\/media?parent=16556"}],"wp:term":[{"taxonomy":"product_brand","embeddable":true,"href":"https:\/\/www.hydraulic-cylinders.net\/lv\/wp-json\/wp\/v2\/product_brand?post=16556"},{"taxonomy":"product_cat","embeddable":true,"href":"https:\/\/www.hydraulic-cylinders.net\/lv\/wp-json\/wp\/v2\/product_cat?post=16556"},{"taxonomy":"product_tag","embeddable":true,"href":"https:\/\/www.hydraulic-cylinders.net\/lv\/wp-json\/wp\/v2\/product_tag?post=16556"}],"curies":[{"name":"wp","href":"https:\/\/api.w.org\/{rel}","templated":true}]}}