{"id":16557,"date":"2025-01-21T05:33:45","date_gmt":"2025-01-21T05:33:45","guid":{"rendered":"https:\/\/www.hydraulic-cylinders.net\/product\/arm-cylinder-for-liebherr-small-excavator-r916l\/"},"modified":"2025-01-21T05:33:47","modified_gmt":"2025-01-21T05:33:47","slug":"arm-cylinder-for-liebherr-small-excavator-r916l","status":"publish","type":"product","link":"https:\/\/www.hydraulic-cylinders.net\/lv\/products\/arm-cylinder-for-liebherr-small-excavator-r916l\/","title":{"rendered":"Liebherr maz\u0101 ekskavatora R916L rokas cilindrs"},"content":{"rendered":"<h1>Liebherr maz\u0101 ekskavatora R916L rokas cilindrs<\/h1>\n<h2>Ievads<\/h2>\n<h3>Sviras cilindra defin\u012bcija un skaidrojums<\/h3>\n<p>Sviras cilindrs ir speci\u0101li izstr\u0101d\u0101ts hidrauliskais cilindrs, kas nodro\u0161ina line\u0101ru kust\u012bbu un jaudu da\u017e\u0101du veidu ma\u0161\u012bnu, piem\u0113ram, ekskavatoru, celt\u0146u un robotu roku, svirai. Sviras cilindram ir iz\u0161\u0137iro\u0161a noz\u012bme hidrauliskaj\u0101s sist\u0113m\u0101s, \u013caujot pievienotajiem instrumentiem vai piederumiem p\u0101rvietoties un tikt efekt\u012bvi vad\u012btiem. \u0160ie cilindri ne tikai nodro\u0161ina vienm\u0113r\u012bgu kust\u012bbu, bet ar\u012b var iztur\u0113t lielas slodzes, nodro\u0161inot ma\u0161\u012bnu efekt\u012bvu darb\u012bbu un uzticam\u012bbu da\u017e\u0101dos darba apst\u0101k\u013cos.<\/p>\n<p><img decoding=\"async\" src=\"https:\/\/www.hydraulic-cylinders.net\/wp-content\/uploads\/2025\/01\/songte-company-2.webp\" alt=\"Sviras cilindra att\u0113ls\"><\/p>\n<h3>Rokas cilindra \u012bpa\u0161\u012bbas<\/h3>\n<ul>\n<li>Augstas efektivit\u0101tes transmisija: Rokas cilindri var nodro\u0161in\u0101t jaud\u012bgu line\u0101ru kust\u012bbu un sp\u0113ku, t\u0101d\u0113j\u0101di nodro\u0161inot robotiz\u0113t\u0101s rokas efekt\u012bvu darb\u012bbu da\u017e\u0101du darb\u012bbu laik\u0101.<\/li>\n<li>Prec\u012bza vad\u012bba: Izmantojot hidraulisk\u0101s sist\u0113mas, rokas cilindrs var pan\u0101kt prec\u012bzu kust\u012bbas vad\u012bbu, padarot pievienoto instrumentu darb\u012bbu elast\u012bg\u0101ku un prec\u012bz\u0101ku.<\/li>\n<li>Iztur\u012bba: Sviru cilindri parasti ir izgatavoti no augstas iztur\u012bbas materi\u0101liem, kuriem ir laba nodilumiztur\u012bba un iztur\u012bba pret koroziju, kas ir piem\u0113roti ilgsto\u0161ai lieto\u0161anai skarbos apst\u0101k\u013cos.<\/li>\n<li>Daudzfunkcion\u0101la piel\u0101go\u0161an\u0101s sp\u0113ja: \u0161os cilindrus var pla\u0161i izmantot da\u017e\u0101d\u0101s meh\u0101nisk\u0101s iek\u0101rt\u0101s, piem\u0113ram, ekskavatoros, celt\u0146os un robotiz\u0113t\u0101s rok\u0101s, lai apmierin\u0101tu da\u017e\u0101das darba pras\u012bbas.<\/li>\n<li>Vienk\u0101r\u0161a apkope: Dizains ir veidots, \u0146emot v\u0113r\u0101 vienk\u0101r\u0161u apkopi un nomai\u0146u, padarot regul\u0101ru p\u0101rbaudi un apkopi \u0113rt\u0101ku, samazinot iek\u0101rtu d\u012bkst\u0101ves laiku.<\/li>\n<\/ul>\n<p><img decoding=\"async\" src=\"https:\/\/www.hydraulic-cylinders.net\/wp-content\/uploads\/2025\/01\/songte-oil-pipes-and-spare-parts.webp\" alt=\"Sviras cilindra rezerves da\u013cas\"><\/p>\n<h3>Rokas cilindra pielietojums<\/h3>\n<p>Sviras cilindru var izmantot da\u017e\u0101d\u0101s nozar\u0113s un pielietojumos, tostarp:<\/p>\n<ul>\n<li>B\u016bvniec\u012bba: Ekskavatoros un celt\u0146os str\u0113les cilindri kontrol\u0113 kausu vai str\u0113les kust\u012bbu, veicot zemes darbus, materi\u0101lu apstr\u0101di un konstrukciju uzst\u0101d\u012b\u0161anu.<\/li>\n<li>Ra\u017eo\u0161ana: Automatiz\u0113t\u0101s ra\u017eo\u0161anas l\u012bnij\u0101s roku cilindri kontrol\u0113 robotiz\u0113to roku kust\u012bbu, veicot mont\u0101\u017eas, metin\u0101\u0161anas un materi\u0101lu apstr\u0101des procesus, lai uzlabotu ra\u017eo\u0161anas efektivit\u0101ti un precizit\u0101ti.<\/li>\n<li>Lauksaimniec\u012bbas tehnika: Lauksaimniec\u012bbas tehnik\u0101, piem\u0113ram, kombainos un s\u0113jma\u0161\u012bn\u0101s, sviru cilindri kontrol\u0113 darbin\u0101\u0161anas sviru kust\u012bbu, veicot t\u0101dus uzdevumus k\u0101 s\u0113\u0161ana, m\u0113slo\u0161ana un ra\u017eas nov\u0101k\u0161ana.<\/li>\n<li>Kalnr\u016bpniec\u012bba: Kalnr\u016bpniec\u012bbas iek\u0101rt\u0101s roku cilindri kontrol\u0113 kalnr\u016bpniec\u012bbas iek\u0101rtu roku kust\u012bbu, veicot r\u016bdas ieguves un apstr\u0101des uzdevumus.<\/li>\n<li>Lo\u0123istika un transport\u0113\u0161ana: Iekr\u0101v\u0113jos un apstr\u0101des robotos roku cilindri kontrol\u0113 dak\u0161u pacel\u0161anu un kust\u012bbu, realiz\u0113jot materi\u0101lu apstr\u0101di un sakrau\u0161anu.<\/li>\n<\/ul>\n<h2>Dizaina apsv\u0113rumi un atlases krit\u0113riji<\/h2>\n<h3>Galvenie dizaina apsv\u0113rumi<\/h3>\n<p>Galvenie sviras cilindra konstrukcijas apsv\u0113rumi ir \u0161\u0101di:<\/p>\n<ul>\n<li>Nestsp\u0113ja: Sviras cilindram ir j\u0101iztur pievienot\u0101 instrumenta vai piederuma svars un darb\u012bbas laik\u0101 rad\u012btais sp\u0113ks.<\/li>\n<li>Bl\u012bv\u0113jums: Cilindram j\u0101b\u016bt cie\u0161i nosl\u0113gtam, lai nov\u0113rstu nopl\u016bdi un nodro\u0161in\u0101tu hidraulisk\u0101s sist\u0113mas pareizu darb\u012bbu.<\/li>\n<li>Iztur\u012bba: Sviras cilindram j\u0101b\u016bt izgatavotam no augstas stipr\u012bbas un nodilumiztur\u012bgiem materi\u0101liem, lai tas darbotos skarbos apst\u0101k\u013cos.<\/li>\n<li>Dro\u0161\u012bba: Sviras cilindram j\u0101b\u016bt konstru\u0113tam ar dro\u0161\u012bbas funkcij\u0101m, lai nov\u0113rstu negad\u012bjumus darb\u012bbas laik\u0101.<\/li>\n<li>Uzturam\u012bba: Sviras cilindram j\u0101b\u016bt konstru\u0113tam t\u0101, lai to b\u016btu viegli apkopt un nomain\u012bt, lai samazin\u0101tu d\u012bkst\u0101ves laiku.<\/li>\n<\/ul>\n<p><img decoding=\"async\" src=\"https:\/\/www.hydraulic-cylinders.net\/wp-content\/uploads\/2025\/01\/songte-cylinder-head-with-all-kinds-excavator-models.webp\" alt=\"Sviras cilindra deta\u013cas\"><\/p>\n<h3>Bl\u012bv\u0113\u0161ana un e\u013c\u013co\u0161ana<\/h3>\n<p>Sviras cilindr\u0101 tiek izmantoti da\u017e\u0101di bl\u012bv\u0113\u0161anas komponenti, piem\u0113ram, virzu\u013ca bl\u012bvgredzeni, stie\u0146a bl\u012bvgredzeni utt. Bl\u012bv\u0113jumi ir izgatavoti no nodilumiztur\u012bgiem materi\u0101liem, piem\u0113ram, poliuret\u0101na un nitrila gumijas. Cilindra korpuss un v\u012bt\u0146ot\u0101 gala virsma tiek r\u016bp\u012bgi apstr\u0101d\u0101ta, lai uzlabotu nodilumiztur\u012bbu. Sviras cilindram e\u013c\u013co\u0161anai regul\u0101ri j\u0101uzpilda piem\u0113rota hidraulisk\u0101 e\u013c\u013ca.<\/p>\n<h2>Apkope un uzst\u0101d\u012b\u0161ana<\/h2>\n<p>Lai nodro\u0161in\u0101tu pareizu darb\u012bbu un pagarin\u0101tu sviras cilindra kalpo\u0161anas laiku, ir nepiecie\u0161ama regul\u0101ra p\u0101rbaude un profilaktisk\u0101 apkope. Da\u017ei apkopes un uzst\u0101d\u012b\u0161anas padomi:<\/p>\n<ul>\n<li>P\u0101rbaudiet, vai hidrauliskaj\u0101 sist\u0113m\u0101 nav nopl\u016b\u017eu, un nekav\u0113joties t\u0101s salabojiet.<\/li>\n<li>Regul\u0101ri p\u0101rbaudiet bl\u012bv\u0113juma komponentus un, ja nepiecie\u0161ams, nomainiet tos.<\/li>\n<li>Regul\u0101ri nomainiet hidraulisko e\u013c\u013cu un filtru, lai uztur\u0113tu t\u012br\u012bbu.<\/li>\n<li>Uzst\u0101d\u012b\u0161anas laik\u0101 p\u0101rliecinieties, vai cilindrs ir izl\u012bdzin\u0101ts ar stiprin\u0101juma punktiem un pareizi nostiprin\u0101ts.<\/li>\n<\/ul>\n<p><img decoding=\"async\" src=\"https:\/\/www.hydraulic-cylinders.net\/wp-content\/uploads\/2025\/01\/songte-bushings-with-all-kinds-of-excavator-models.webp\" alt=\"Sviras cilindra uzst\u0101d\u012b\u0161ana\"><\/p>\n<h2>Dro\u0161\u012bbas apsv\u0113rumi un vides faktori<\/h2>\n<p>Izmantojot rokas cilindru, ir svar\u012bgi iev\u0113rot dro\u0161\u012bbas pas\u0101kumus, lai nov\u0113rstu negad\u012bjumus. Da\u017ei izplat\u012bti dro\u0161\u012bbas pas\u0101kumi ir \u0161\u0101di:<\/p>\n<ul>\n<li>Darb\u012bbas laik\u0101 valk\u0101jiet atbilsto\u0161u aizsargap\u0123\u0113rbu un apr\u012bkojumu.<\/li>\n<li>Pareizi nostipriniet cilindru un pievienotos instrumentus, lai nov\u0113rstu to nokri\u0161anu vai p\u0101rvieto\u0161anos.<\/li>\n<li>Pirms darba p\u0101rliecinieties, vai hidraulisk\u0101 sist\u0113ma darbojas pareizi, un p\u0101rbaudiet, vai nav nopl\u016b\u017eu.<\/li>\n<\/ul>\n<h2>Probl\u0113mu nov\u0113r\u0161ana un bie\u017ei sastopamas probl\u0113mas<\/h2>\n<p>Da\u017eas bie\u017ei sastopamas probl\u0113mas, kas var rasties ar sviras cilindru, ir \u0161\u0101das:<\/p>\n<ul>\n<li>Nopl\u016bde hidrauliskaj\u0101 sist\u0113m\u0101<\/li>\n<li>Nolietotas vai boj\u0101tas bl\u012bves<\/li>\n<li>Nepareiza izl\u012bdzin\u0101\u0161ana vai uzst\u0101d\u012b\u0161ana<\/li>\n<li>P\u0101rm\u0113r\u012bgs cilindra korpusa vai virzu\u013ca stie\u0146a nodilums vai boj\u0101jumi<\/li>\n<\/ul>\n<p>Lai nov\u0113rstu un nov\u0113rstu \u0161\u012bs probl\u0113mas, da\u017ei padomi un risin\u0101jumi ir \u0161\u0101di:<\/p>\n<ul>\n<li>P\u0101rbaudiet hidraulisko sist\u0113mu, vai nav nopl\u016b\u017eu, un salabojiet visas boj\u0101t\u0101s deta\u013cas.<\/li>\n<li>P\u0101rbaudiet un nomainiet visas nolietot\u0101s vai boj\u0101t\u0101s bl\u012bves.<\/li>\n<li>Nodro\u0161iniet pareizu cilindra izl\u012bdzin\u0101\u0161anu un uzst\u0101d\u012b\u0161anu.<\/li>\n<li>Regul\u0101ri p\u0101rbaudiet un apkopiet cilindru, lai nov\u0113rstu p\u0101rm\u0113r\u012bgu nodilumu vai boj\u0101jumus.<\/li>\n<\/ul>\n<p><img decoding=\"async\" src=\"https:\/\/www.hydraulic-cylinders.net\/wp-content\/uploads\/2025\/01\/songte-chushion-collar.webp\" alt=\"Sviras cilindra probl\u0113mu nov\u0113r\u0161ana\"><\/p>\n<h2>Par m\u016bsu uz\u0146\u0113mumu<\/h2>\n<p>M\u0113s esam profesion\u0101ls rezerves hidraulisko cilindru ra\u017eot\u0101js, kas pied\u0101v\u0101 pla\u0161u produktu kl\u0101stu. Esam k\u013cuvu\u0161i par vienu no vado\u0161ajiem hidraulisko cilindru ra\u017eot\u0101jiem un vairumtirdzniec\u012bbas izplat\u012bt\u0101jiem viet\u0113j\u0101 un starptautiskaj\u0101 tirg\u016b. M\u016bsu vadl\u012bnija ir nodro\u0161in\u0101t izcilas kvalit\u0101tes produktus un pa\u013cauties uz izsmalcin\u0101tu ra\u017eo\u0161anas darbn\u012bcu r\u016bpniecisk\u0101s ra\u017eo\u0161anas vad\u012bbas strat\u0113\u0123iju, lai nep\u0101rtraukti uzlabotu m\u016bsu tehnisko l\u012bmeni un ra\u017eo\u0161anas efektivit\u0101ti. Ievie\u0161ot modernu digit\u0101lo ra\u017eo\u0161anas apr\u012bkojumu un profesion\u0101las test\u0113\u0161anas sist\u0113mas, m\u0113s optimiz\u0113jam ra\u017eo\u0161anas platformu un uzlabojam produktu kvalit\u0101tes kontroles procesu, apveltot sp\u0113c\u012bgas inov\u0101ciju sp\u0113jas. M\u016bsu m\u0113r\u0137is ir apmierin\u0101t klientu da\u017e\u0101d\u0101s vajadz\u012bbas, iev\u0113rojot augstas efektivit\u0101tes, precizit\u0101tes un augstas kvalit\u0101tes principus.<\/p>\n<h3>M\u016bsu pakalpojumi<\/h3>\n<ul>\n<li>Profesionalit\u0101te: Mums ir pieredz\u0113ju\u0161u in\u017eenieru un tehni\u0137u komanda, kas var sniegt profesion\u0101lu tehnisko atbalstu un piel\u0101gotus pakalpojumus.<\/li>\n<li>Starptautisk\u0101 sertifik\u0101cija: Esam ieguvu\u0161i ISO9001 starptautisko kvalit\u0101tes sist\u0113mas sertifik\u0101ciju, CE sertifik\u0101ciju un citus starptautiskus sertifik\u0101tus.<\/li>\n<li>Piel\u0101go\u0161ana: M\u0113s pied\u0101v\u0101jam piel\u0101gotus pakalpojumus atbilsto\u0161i klientu da\u017e\u0101daj\u0101m pras\u012bb\u0101m, nodro\u0161inot piel\u0101gotus risin\u0101jumus ar augstu kvalit\u0101ti un efektivit\u0101ti.<\/li>\n<li>Ra\u017eo\u0161anas iek\u0101rtas: Mums ir modernas digit\u0101l\u0101s ra\u017eo\u0161anas iek\u0101rtas, tostarp CNC virpas, fr\u0113zma\u0161\u012bnas un citas iek\u0101rtas, lai apmierin\u0101tu liela m\u0113roga ra\u017eo\u0161anas un piel\u0101go\u0161anas pras\u012bbas.<\/li>\n<li>P\u0113cp\u0101rdo\u0161anas serviss: M\u0113s pied\u0101v\u0101jam viena gada garantiju un p\u0113cp\u0101rdo\u0161anas servisu m\u016bsu produktiem, sniedzot tehniskas vadl\u012bnijas un atbalstu, lai pal\u012bdz\u0113tu klientiem atrisin\u0101t visas probl\u0113mas, ar kur\u0101m vi\u0146i saskaras.<\/li>\n<\/ul>\n<p><img decoding=\"async\" src=\"https:\/\/www.hydraulic-cylinders.net\/wp-content\/uploads\/2025\/01\/songte-company-4.webp\" alt=\"Uz\u0146\u0113muma inform\u0101cija\"><br \/>\n<img decoding=\"async\" src=\"https:\/\/www.hydraulic-cylinders.net\/wp-content\/uploads\/2025\/01\/songte-company-3.webp\" alt=\"Uz\u0146\u0113muma inform\u0101cija\"><\/p>\n<p>Autors: lil<\/p>","protected":false},"excerpt":{"rendered":"<p>Arm Cylinder For Liebherr Small Excavator R916L Introduction Arm Cylinder Definition and Explanation An arm cylinder is a specially designed hydraulic cylinder that provides linear motion and power to the arm of various types of machinery such as excavators, cranes, and robotic arms. The arm cylinder plays a crucial role in hydraulic systems, allowing attached [&hellip;]<\/p>","protected":false},"featured_media":14783,"comment_status":"open","ping_status":"closed","template":"","meta":{"_et_pb_use_builder":"","_et_pb_old_content":"","_et_gb_content_width":""},"product_brand":[],"product_cat":[1497],"product_tag":[1498,1496],"class_list":{"0":"post-16557","1":"product","2":"type-product","3":"status-publish","4":"has-post-thumbnail","6":"product_cat-arm-cylinders","7":"product_tag-arm-cylinders","8":"product_tag-hydraulic-cylinders","10":"first","11":"instock","12":"shipping-taxable","13":"product-type-simple"},"amp_enabled":true,"_links":{"self":[{"href":"https:\/\/www.hydraulic-cylinders.net\/lv\/wp-json\/wp\/v2\/product\/16557","targetHints":{"allow":["GET"]}}],"collection":[{"href":"https:\/\/www.hydraulic-cylinders.net\/lv\/wp-json\/wp\/v2\/product"}],"about":[{"href":"https:\/\/www.hydraulic-cylinders.net\/lv\/wp-json\/wp\/v2\/types\/product"}],"replies":[{"embeddable":true,"href":"https:\/\/www.hydraulic-cylinders.net\/lv\/wp-json\/wp\/v2\/comments?post=16557"}],"wp:featuredmedia":[{"embeddable":true,"href":"https:\/\/www.hydraulic-cylinders.net\/lv\/wp-json\/wp\/v2\/media\/14783"}],"wp:attachment":[{"href":"https:\/\/www.hydraulic-cylinders.net\/lv\/wp-json\/wp\/v2\/media?parent=16557"}],"wp:term":[{"taxonomy":"product_brand","embeddable":true,"href":"https:\/\/www.hydraulic-cylinders.net\/lv\/wp-json\/wp\/v2\/product_brand?post=16557"},{"taxonomy":"product_cat","embeddable":true,"href":"https:\/\/www.hydraulic-cylinders.net\/lv\/wp-json\/wp\/v2\/product_cat?post=16557"},{"taxonomy":"product_tag","embeddable":true,"href":"https:\/\/www.hydraulic-cylinders.net\/lv\/wp-json\/wp\/v2\/product_tag?post=16557"}],"curies":[{"name":"wp","href":"https:\/\/api.w.org\/{rel}","templated":true}]}}