{"id":16569,"date":"2025-01-21T05:34:36","date_gmt":"2025-01-21T05:34:36","guid":{"rendered":"https:\/\/www.hydraulic-cylinders.net\/product\/arm-cylinder-for-liebherr-large-excavator-r954c\/"},"modified":"2025-01-21T05:34:38","modified_gmt":"2025-01-21T05:34:38","slug":"arm-cylinder-for-liebherr-large-excavator-r954c","status":"publish","type":"product","link":"https:\/\/www.hydraulic-cylinders.net\/lv\/products\/arm-cylinder-for-liebherr-large-excavator-r954c\/","title":{"rendered":"Sviras cilindrs Liebherr lielajam ekskavatoram R954C"},"content":{"rendered":"<h1>Sviras cilindrs Liebherr lielajam ekskavatoram R954C<\/h1>\n<h2>Ievads<\/h2>\n<p>Sviras cilindrs ir speci\u0101li izstr\u0101d\u0101ts hidrauliskais cilindrs, ko galvenok\u0101rt izmanto, lai nodro\u0161in\u0101tu line\u0101ru kust\u012bbu un jaudu da\u017e\u0101du veidu ma\u0161\u012bnu, piem\u0113ram, ekskavatoru, celt\u0146u un robotiz\u0113tu roku, svir\u0101m. Sviras cilindram ir galven\u0101 loma hidrauliskaj\u0101s sist\u0113m\u0101s, \u013caujot efekt\u012bvi p\u0101rvietot un kontrol\u0113t pielikumus vai instrumentus. \u0160ie cilindri ne tikai nodro\u0161ina vienm\u0113r\u012bgu kust\u012bbu, bet ar\u012b iztur lielas slodzes, nodro\u0161inot ma\u0161\u012bnu efekt\u012bvu darb\u012bbu un uzticam\u012bbu da\u017e\u0101dos darba apst\u0101k\u013cos.<\/p>\n<p><img decoding=\"async\" src=\"https:\/\/www.hydraulic-cylinders.net\/wp-content\/uploads\/2025\/01\/songte-company-2.webp\"><\/p>\n<h2>Funkcijas<\/h2>\n<ul>\n<li>Efekt\u012bva jaudas p\u0101rvade: Sviru cilindri nodro\u0161ina jaud\u012bgu line\u0101ru kust\u012bbu un sp\u0113ku, garant\u0113jot ma\u0161\u012bnu sviru augstu veiktsp\u0113ju da\u017e\u0101d\u0101s oper\u0101cij\u0101s.<\/li>\n<li>Prec\u012bza vad\u012bba: Izmantojot hidraulisk\u0101s sist\u0113mas, roku cilindri var pan\u0101kt prec\u012bzu kust\u012bbas vad\u012bbu, padarot instrumentu darb\u012bbu elast\u012bg\u0101ku un prec\u012bz\u0101ku.<\/li>\n<li>Augsta iztur\u012bba: Sviru cilindri parasti ir izgatavoti no augstas iztur\u012bbas materi\u0101liem, ar labu nodilumiztur\u012bbu un korozijas iztur\u012bbu, kas ir piem\u0113roti ilgsto\u0161ai lieto\u0161anai skarbos apst\u0101k\u013cos.<\/li>\n<li>Daudzfunkcion\u0101la piel\u0101go\u0161an\u0101s sp\u0113ja: \u0161os cilindrus var pla\u0161i izmantot da\u017e\u0101da veida ma\u0161\u012bn\u0101s, piem\u0113ram, ekskavatoros, celt\u0146os un robotiz\u0113t\u0101s rok\u0101s, lai piel\u0101gotos da\u017e\u0101d\u0101m darba pras\u012bb\u0101m.<\/li>\n<li>Vienk\u0101r\u0161a apkope: Izstr\u0101d\u0101ts, lai atvieglotu apkopi un nomai\u0146u, regul\u0101ras p\u0101rbaudes un apkope ir \u0113rt\u0101kas, samazinot iek\u0101rtu d\u012bkst\u0101ves laiku.<\/li>\n<\/ul>\n<p>M\u016bsu produkti var lieliski aizst\u0101t \u0161os hidrauliskos cilindrus.<\/p>\n<p><img decoding=\"async\" src=\"https:\/\/www.hydraulic-cylinders.net\/wp-content\/uploads\/2025\/01\/songte-oil-pipes-and-spare-parts.webp\"><\/p>\n<h2>Pieteikumi<\/h2>\n<p>Sviru cilindri tiek izmantoti da\u017e\u0101d\u0101s nozar\u0113s un pielietojumos, tostarp:<\/p>\n<ul>\n<li>B\u016bvniec\u012bba: Ekskavatoros un celt\u0146os str\u0113les cilindrus izmanto, lai kontrol\u0113tu kausu vai str\u0113les kust\u012bbu zemes p\u0101rvieto\u0161anas, materi\u0101lu apstr\u0101des un konstrukciju uzst\u0101d\u012b\u0161anas darbiem.<\/li>\n<li>Ra\u017eo\u0161ana: Automatiz\u0113t\u0101s ra\u017eo\u0161anas l\u012bnij\u0101s roku cilindri tiek izmantoti robotiz\u0113tu roku kust\u012bbai t\u0101dos procesos k\u0101 mont\u0101\u017ea, metin\u0101\u0161ana un materi\u0101lu apstr\u0101de, uzlabojot ra\u017eo\u0161anas efektivit\u0101ti un precizit\u0101ti.<\/li>\n<li>Lauksaimniec\u012bbas tehnika: Lauksaimniec\u012bbas tehnik\u0101, piem\u0113ram, kombainos un s\u0113jma\u0161\u012bn\u0101s, sviru cilindri kontrol\u0113 darbin\u0101\u0161anas sviru kust\u012bbu, veicot t\u0101dus uzdevumus k\u0101 st\u0101d\u012b\u0161ana, m\u0113slo\u0161ana un ra\u017eas nov\u0101k\u0161ana.<\/li>\n<li>Kalnr\u016bpniec\u012bba: Kalnr\u016bpniec\u012bbas iek\u0101rt\u0101s sviru cilindrus izmanto, lai kontrol\u0113tu kalnr\u016bpniec\u012bbas iek\u0101rtu sviru kust\u012bbu r\u016bdas ieguvei un transport\u0113\u0161anai.<\/li>\n<li>Lo\u0123istika un transport\u0113\u0161ana: Iekr\u0101v\u0113jos un apstr\u0101des robotos roku cilindri kontrol\u0113 dak\u0161u pacel\u0161anu un kust\u012bbu, realiz\u0113jot materi\u0101lu apstr\u0101di un sakrau\u0161anu.<\/li>\n<\/ul>\n<h2>Dizaina apsv\u0113rumi un atlases krit\u0113riji<\/h2>\n<p>Izv\u0113loties meh\u0101nisma sviras cilindrus, j\u0101\u0146em v\u0113r\u0101 vair\u0101ki konstrukcijas apsv\u0113rumi un atlases krit\u0113riji, tostarp:<\/p>\n<h3>Nestsp\u0113ja<\/h3>\n<p>Balonam j\u0101sp\u0113j iztur\u0113t maksim\u0101lo slodzi, kas tam var rasties norm\u0101las darb\u012bbas laik\u0101, nodro\u0161inot dro\u0161u un stabilu ma\u0161\u012bnas darb\u012bbu.<\/p>\n<h3>Bl\u012bv\u0113\u0161ana<\/h3>\n<p>Sviras cilindram j\u0101b\u016bt ar uzticamu bl\u012bv\u0113jumu, lai nov\u0113rstu hidraulisk\u0101s e\u013c\u013cas nopl\u016bdi, kas var saboj\u0101t ma\u0161\u012bnu un kait\u0113t videi. Cilindra bl\u012bv\u0113juma veiktsp\u0113ju var nodro\u0161in\u0101t da\u017e\u0101di bl\u012bv\u0113juma komponenti, piem\u0113ram, virzu\u013ca bl\u012bv\u0113jumi un stie\u0146a bl\u012bv\u0113jumi, kas izgatavoti no nodilumiztur\u012bgiem materi\u0101liem, piem\u0113ram, poliuret\u0101na un nitrila gumijas.<\/p>\n<h3>Iztur\u012bba<\/h3>\n<p>Sviras cilindram j\u0101b\u016bt izgatavotam no augstas iztur\u012bbas materi\u0101liem ar izcilu nodilumiztur\u012bbu, iztur\u012bbu pret koroziju un ilgm\u016b\u017e\u012bbu, padarot to piem\u0113rotu ilgsto\u0161ai lieto\u0161anai skarbos apst\u0101k\u013cos.<\/p>\n<h3>Dro\u0161\u012bba<\/h3>\n<p>Balonam j\u0101b\u016bt apr\u012bkotam ar dro\u0161\u012bbas meh\u0101nismu, kas nov\u0113r\u0161 p\u0101rslodzi vai boj\u0101jumus neparastu apst\u0101k\u013cu d\u0113\u013c, samazinot operatoru traumu un meh\u0101nismu boj\u0101jumu risku.<\/p>\n<h3>Apkope<\/h3>\n<p>Balonam j\u0101b\u016bt konstru\u0113tam t\u0101, lai to b\u016btu viegli apkopt un nomain\u012bt deta\u013cas, t\u0101d\u0113j\u0101di samazinot d\u012bkst\u0101ves laiku un apkopes izmaksas.<\/p>\n<p><img decoding=\"async\" src=\"https:\/\/www.hydraulic-cylinders.net\/wp-content\/uploads\/2025\/01\/songte-cylinder-head-with-all-kinds-excavator-models.webp\"><\/p>\n<h2>Bl\u012bv\u0113\u0161ana un e\u013c\u013co\u0161ana<\/h2>\n<p>Lai nodro\u0161in\u0101tu sviru cilindru bl\u012bv\u0113\u0161anas veiktsp\u0113ju, tiek izmantoti da\u017e\u0101di bl\u012bv\u0113\u0161anas komponenti, piem\u0113ram, virzu\u013ca bl\u012bves un stie\u0146a bl\u012bves, kas izgatavotas no nodilumiztur\u012bgiem materi\u0101liem, piem\u0113ram, poliuret\u0101na un nitrila gumijas. Cilindra korpuss un v\u012btnes gala virsma ir smalki apstr\u0101d\u0101ta, lai uzlabotu nodilumiztur\u012bbu. Regul\u0101ra atbilsto\u0161a hidraulisk\u0101s e\u013c\u013cas daudzuma iesmidzin\u0101\u0161ana var nodro\u0161in\u0101t cilindra e\u013c\u013co\u0161anu un dzes\u0113\u0161anu.<\/p>\n<h2>P\u0101rbaude un profilaktisk\u0101 apkope<\/h2>\n<p>Regul\u0101ra p\u0101rbaude un profilaktisk\u0101 apkope ir svar\u012bga, lai nodro\u0161in\u0101tu sviras cilindru darb\u012bbu un dro\u0161\u012bbu. J\u0101veic \u0161\u0101di pas\u0101kumi:<\/p>\n<ul>\n<li>Regul\u0101ri p\u0101rbaudiet cilindra bl\u012bv\u0113juma veiktsp\u0113ju un savlaic\u012bgi nomainiet nolietot\u0101s bl\u012bves.<\/li>\n<li>Not\u012briet cilindra virsmu un no\u0146emiet gru\u017eus, lai nov\u0113rstu cilindra boj\u0101jumus.<\/li>\n<li>P\u0101rbaudiet cilindra nestsp\u0113ju un savlaic\u012bgi nomainiet to, ja past\u0101v p\u0101rslodzes risks.<\/li>\n<li>P\u0101rbaudiet cilindra dro\u0161\u012bbas meh\u0101nismu un nomainiet to, ja tas ir boj\u0101ts vai nedarbojas pareizi.<\/li>\n<\/ul>\n<p><img decoding=\"async\" src=\"https:\/\/www.hydraulic-cylinders.net\/wp-content\/uploads\/2025\/01\/songte-chushion-collar.webp\"><\/p>\n<h2>Instal\u0101cijas rokasgr\u0101mata<\/h2>\n<p>Lai pareizi uzst\u0101d\u012btu sviras cilindrus, j\u0101iev\u0113ro \u0161\u0101das darb\u012bbas:<\/p>\n<ol>\n<li>P\u0101rliecinieties, ka uzst\u0101d\u012b\u0161anas virsma ir t\u012bra un bez gru\u017eiem.<\/li>\n<li>Novietojiet cilindru un mont\u0101\u017eas virsmu vien\u0101 l\u012bnij\u0101 un pievelciet mont\u0101\u017eas skr\u016bves atbilsto\u0161i nor\u0101d\u012btajam griezes momentam.<\/li>\n<li>Pievienojiet hidraulisk\u0101s \u0161\u013c\u016btenes un savienojumus cilindram.<\/li>\n<li>Piepildiet hidraulisko sist\u0113mu ar atbilsto\u0161u hidraulisk\u0101s e\u013c\u013cas daudzumu un p\u0101rbaudiet, vai nav nopl\u016b\u017eu.<\/li>\n<li>P\u0101rbaudiet cilindra darb\u012bbu un, ja nepiecie\u0161ams, noregul\u0113jiet to.<\/li>\n<\/ol>\n<p><img decoding=\"async\" src=\"https:\/\/www.hydraulic-cylinders.net\/wp-content\/uploads\/2025\/01\/songte-bushings-with-all-kinds-of-excavator-models.webp\"><\/p>\n<h2>Dro\u0161\u012bbas un vides faktori<\/h2>\n<p>Izmantojot sviras cilindrus, j\u0101veic dro\u0161\u012bbas pas\u0101kumi, lai nov\u0113rstu negad\u012bjumus vai operatoru traumas. Dro\u0161\u012bbas pas\u0101kumi ietver:<\/p>\n<ul>\n<li>Valk\u0101t aizsargap\u0123\u0113rbu un apr\u012bkojumu, str\u0101d\u0101jot ar ma\u0161\u012bn\u0101m.<\/li>\n<li>Izmantojot meh\u0101nismus saska\u0146\u0101 ar ra\u017eot\u0101ja nor\u0101d\u012bjumiem un dro\u0161\u012bbas vadl\u012bnij\u0101m.<\/li>\n<li>Uztur\u0113t meh\u0101nismus un roku cilindrus lab\u0101 st\u0101vokl\u012b.<\/li>\n<li>Regul\u0101ru p\u0101rbau\u017eu un profilaktisko apkopju veik\u0161ana.<\/li>\n<\/ul>\n<p>J\u0101\u0146em v\u0113r\u0101 ar\u012b vides faktori, un hidraulisk\u0101s e\u013c\u013cas un cilindru komponentu pareiza utiliz\u0101cija j\u0101veic, lai izvair\u012btos no vides pies\u0101r\u0146ojuma.<\/p>\n<h2>Bie\u017ei sastopamas probl\u0113mas un to nov\u0113r\u0161ana<\/h2>\n<p>Bie\u017ei sastopamas probl\u0113mas, kas var rasties ar sviras cilindriem, ir \u0161\u0101das:<\/p>\n<ul>\n<li>Hidraulisk\u0101s e\u013c\u013cas nopl\u016bde nodilu\u0161u vai boj\u0101tu bl\u012bv\u0113jumu d\u0113\u013c.<\/li>\n<li>Samazin\u0101ta nestsp\u0113ja nodiluma vai boj\u0101jumu d\u0113\u013c.<\/li>\n<li>Neparasts troksnis va\u013c\u012bgu vai boj\u0101tu deta\u013cu d\u0113\u013c.<\/li>\n<li>Darb\u012bbas trauc\u0113jumi dro\u0161\u012bbas meh\u0101nisma darb\u012bbas trauc\u0113jumu d\u0113\u013c.<\/li>\n<\/ul>\n<p>Lai nov\u0113rstu \u0161\u012bs probl\u0113mas, j\u0101izmanto \u0161\u0101di padomi un risin\u0101jumi:<\/p>\n<ul>\n<li>Nomainiet nolietot\u0101s vai boj\u0101t\u0101s bl\u012bves, lai nov\u0113rstu hidraulisk\u0101s e\u013c\u013cas nopl\u016bdi.<\/li>\n<li>Nomainiet nolietotos vai boj\u0101tos gult\u0146us, lai atjaunotu cilindra nestsp\u0113ju.<\/li>\n<li>Pievelciet vai nomainiet va\u013c\u012bgas vai boj\u0101tas deta\u013cas, lai nov\u0113rstu neparastu troksni.<\/li>\n<li>Nomainiet boj\u0101to dro\u0161\u012bbas meh\u0101nismu, lai nodro\u0161in\u0101tu dro\u0161u un uzticamu darb\u012bbu.<\/li>\n<\/ul>\n<p>J\u0101veic ar\u012b prevent\u012bvie pas\u0101kumi, piem\u0113ram, regul\u0101ra p\u0101rbaude un apkope, lai samazin\u0101tu iesp\u0113jam\u0101s probl\u0113mas.<\/p>\n<p><img decoding=\"async\" src=\"https:\/\/www.hydraulic-cylinders.net\/wp-content\/uploads\/2025\/01\/songte-company-4.webp\"><br \/>\n<img decoding=\"async\" src=\"https:\/\/www.hydraulic-cylinders.net\/wp-content\/uploads\/2025\/01\/songte-company-3.webp\"><\/p>\n<h2>Par mums<\/h2>\n<p>M\u0113s esam profesion\u0101ls rezerves hidraulisko cilindru ra\u017eot\u0101js ar pla\u0161u produktu kl\u0101stu un esam k\u013cuvu\u0161i par vienu no vado\u0161ajiem hidraulisko cilindru ra\u017eot\u0101jiem un vairumtirdzniec\u012bbas izplat\u012bt\u0101jiem viet\u0113j\u0101 un starptautiskaj\u0101 tirg\u016b. M\u0113s vienm\u0113r iev\u0113rojam izcilas kvalit\u0101tes principu un pa\u013caujamies uz smalku ra\u017eo\u0161anas darbn\u012bcu industrializ\u0113to ra\u017eo\u0161anas vad\u012bbas strat\u0113\u0123iju, lai nep\u0101rtraukti uzlabotu m\u016bsu tehnolo\u0123ijas un ra\u017eo\u0161anas efektivit\u0101ti. Ievie\u0161ot augstas klases digit\u0101l\u0101s ra\u017eo\u0161anas iek\u0101rtas un profesion\u0101las test\u0113\u0161anas sist\u0113mas, m\u0113s past\u0101v\u012bgi optimiz\u0113jam savu ra\u017eo\u0161anas platformu, uzlabojam produktu kvalit\u0101tes kontroles procesu un mums ir sp\u0113c\u012bgas inov\u0101ciju iesp\u0113jas. M\u016bsu m\u0113r\u0137is ir apmierin\u0101t klientu da\u017e\u0101d\u0101s vajadz\u012bbas ar augstu efektivit\u0101ti, precizit\u0101ti un augstu kvalit\u0101ti.<\/p>\n<h3>Profesionalit\u0101te<\/h3>\n<p>Mums ir profesion\u0101la komanda ar pla\u0161u pieredzi hidraulisko cilindru projekt\u0113\u0161an\u0101, ra\u017eo\u0161an\u0101 un kvalit\u0101tes kontrol\u0113, nodro\u0161inot, ka m\u016bsu produkti atbilst starptautiskajiem standartiem un klientu pras\u012bb\u0101m.<\/p>\n<h3>Starptautisk\u0101 sertifik\u0101cija<\/h3>\n<p>M\u016bsu hidrauliskie cilindri ir ieguvu\u0161i starptautiskus sertifik\u0101tus, piem\u0113ram, ISO9001, CE un SGS, kas nodro\u0161ina m\u016bsu produktu kvalit\u0101ti un dro\u0161\u012bbu.<\/p>\n<h3>Piel\u0101go\u0161anas pakalpojumi<\/h3>\n<p>M\u0113s pied\u0101v\u0101jam hidraulisko cilindru piel\u0101go\u0161anas pakalpojumus atbilsto\u0161i klientu pras\u012bb\u0101m un konkr\u0113tiem pielietojumiem, lai nodro\u0161in\u0101tu m\u016bsu produktu vislab\u0101ko veiktsp\u0113ju un rentabilit\u0101ti.<\/p>\n<h3>Ra\u017eo\u0161anas iek\u0101rtas<\/h3>\n<p>M\u016bsu sare\u017e\u0123\u012bt\u0101s ra\u017eo\u0161anas iek\u0101rtas, piem\u0113ram, CNC iek\u0101rtas un test\u0113\u0161anas sist\u0113mas, \u013cauj mums ra\u017eot augstas kvalit\u0101tes hidrauliskos cilindrus ar precizit\u0101ti un efektivit\u0101ti.<\/p>\n<h3>P\u0113cp\u0101rdo\u0161anas serviss<\/h3>\n<p>M\u0113s pied\u0101v\u0101jam visaptvero\u0161u p\u0113cp\u0101rdo\u0161anas servisu un tehnisko atbalstu, lai nodro\u0161in\u0101tu, ka m\u016bsu klienti var dro\u0161i lietot m\u016bsu produktus un atrisin\u0101t visas probl\u0113mas, kas rodas to lieto\u0161anas proces\u0101.<\/p>\n<p><em>Autors: lil<\/em><\/p>","protected":false},"excerpt":{"rendered":"<p>Arm Cylinder For Liebherr Large Excavator R954C Introduction An arm cylinder is a specially designed hydraulic cylinder that is primarily used to provide linear motion and power to the arms of various types of machinery, such as excavators, cranes, and robotic arms. The arm cylinder plays a key role in hydraulic systems, allowing for effective [&hellip;]<\/p>","protected":false},"featured_media":14777,"comment_status":"open","ping_status":"closed","template":"","meta":{"_et_pb_use_builder":"","_et_pb_old_content":"","_et_gb_content_width":""},"product_brand":[],"product_cat":[1497],"product_tag":[1498,1496],"class_list":{"0":"post-16569","1":"product","2":"type-product","3":"status-publish","4":"has-post-thumbnail","6":"product_cat-arm-cylinders","7":"product_tag-arm-cylinders","8":"product_tag-hydraulic-cylinders","10":"first","11":"instock","12":"shipping-taxable","13":"product-type-simple"},"amp_enabled":true,"_links":{"self":[{"href":"https:\/\/www.hydraulic-cylinders.net\/lv\/wp-json\/wp\/v2\/product\/16569","targetHints":{"allow":["GET"]}}],"collection":[{"href":"https:\/\/www.hydraulic-cylinders.net\/lv\/wp-json\/wp\/v2\/product"}],"about":[{"href":"https:\/\/www.hydraulic-cylinders.net\/lv\/wp-json\/wp\/v2\/types\/product"}],"replies":[{"embeddable":true,"href":"https:\/\/www.hydraulic-cylinders.net\/lv\/wp-json\/wp\/v2\/comments?post=16569"}],"wp:featuredmedia":[{"embeddable":true,"href":"https:\/\/www.hydraulic-cylinders.net\/lv\/wp-json\/wp\/v2\/media\/14777"}],"wp:attachment":[{"href":"https:\/\/www.hydraulic-cylinders.net\/lv\/wp-json\/wp\/v2\/media?parent=16569"}],"wp:term":[{"taxonomy":"product_brand","embeddable":true,"href":"https:\/\/www.hydraulic-cylinders.net\/lv\/wp-json\/wp\/v2\/product_brand?post=16569"},{"taxonomy":"product_cat","embeddable":true,"href":"https:\/\/www.hydraulic-cylinders.net\/lv\/wp-json\/wp\/v2\/product_cat?post=16569"},{"taxonomy":"product_tag","embeddable":true,"href":"https:\/\/www.hydraulic-cylinders.net\/lv\/wp-json\/wp\/v2\/product_tag?post=16569"}],"curies":[{"name":"wp","href":"https:\/\/api.w.org\/{rel}","templated":true}]}}