{"id":16578,"date":"2025-01-21T05:35:30","date_gmt":"2025-01-21T05:35:30","guid":{"rendered":"https:\/\/www.hydraulic-cylinders.net\/product\/arm-cylinder-for-sdlg-small-excavator-lg6135e\/"},"modified":"2025-01-21T05:35:32","modified_gmt":"2025-01-21T05:35:32","slug":"arm-cylinder-for-sdlg-small-excavator-lg6135e","status":"publish","type":"product","link":"https:\/\/www.hydraulic-cylinders.net\/lv\/products\/arm-cylinder-for-sdlg-small-excavator-lg6135e\/","title":{"rendered":"Sviras cilindrs SDLG mazajam ekskavatoram LG6135E"},"content":{"rendered":"<h2>Sviras cilindrs SDLG mazajam ekskavatoram LG6135E<\/h2>\n<h3>Defin\u012bcija un skaidrojums<\/h3>\n<p>Sviras cilindrs ir speci\u0101li izstr\u0101d\u0101ts hidrauliskais cilindrs, ko galvenok\u0101rt izmanto, lai nodro\u0161in\u0101tu line\u0101ru kust\u012bbu un jaudu da\u017e\u0101d\u0101m ma\u0161\u012bnu svir\u0101m, piem\u0113ram, ekskavatoriem, celt\u0146iem un robotiz\u0113t\u0101m svir\u0101m. Sviras cilindram ir iz\u0161\u0137iro\u0161a noz\u012bme hidrauliskaj\u0101s sist\u0113m\u0101s, nodro\u0161inot efekt\u012bvu papildu instrumentu vai stiprin\u0101jumu kust\u012bbu un vad\u012bbu. \u0160ie cilindri ne tikai nodro\u0161ina vienm\u0113r\u012bgu kust\u012bbu, bet ar\u012b iztur lielas slodzes, nodro\u0161inot ma\u0161\u012bnu efekt\u012bvu darb\u012bbu un uzticam\u012bbu da\u017e\u0101dos darba apst\u0101k\u013cos.<\/p>\n<p><img decoding=\"async\" src=\"https:\/\/www.hydraulic-cylinders.net\/wp-content\/uploads\/2025\/01\/songte-company-2.webp\" alt=\"Sviras cilindra att\u0113ls\"><\/p>\n<h3>Funkcijas<\/h3>\n<ul>\n<li><strong>Augstas efektivit\u0101tes transmisija:<\/strong> Rokas cilindrs var nodro\u0161in\u0101t jaud\u012bgu line\u0101ru kust\u012bbu un sp\u0113ku, garant\u0113jot ma\u0161\u012bnas rokas augstu efektivit\u0101ti da\u017e\u0101d\u0101s darb\u012bb\u0101s.<\/li>\n<li><strong>Prec\u012bza kontrole:<\/strong> Izmantojot hidraulisko sist\u0113mu, rokas cilindrs var pan\u0101kt prec\u012bzu kust\u012bbas kontroli, padarot papildu instrumentu darb\u012bbu elast\u012bg\u0101ku un prec\u012bz\u0101ku.<\/li>\n<li><strong>Sp\u0113c\u012bga iztur\u012bba:<\/strong> Roku cilindri parasti ir izgatavoti no augstas iztur\u012bbas materi\u0101liem ar labu nodilumiztur\u012bbu un korozijas iztur\u012bbu, kas ir piem\u0113roti ilgsto\u0161ai lieto\u0161anai skarbos apst\u0101k\u013cos.<\/li>\n<li><strong>Daudzfunkcion\u0101la piel\u0101go\u0161an\u0101s sp\u0113ja:<\/strong> \u0160os cilindrus var pla\u0161i izmantot da\u017e\u0101d\u0101s meh\u0101nisk\u0101s iek\u0101rt\u0101s, piem\u0113ram, ekskavatoros, celt\u0146os un robotiz\u0113t\u0101s rok\u0101s, lai apmierin\u0101tu da\u017e\u0101das darba pras\u012bbas.<\/li>\n<li><strong>Vienk\u0101r\u0161a apkope:<\/strong> Projekt\u0113jot \u0146emta v\u0113r\u0101 apkopes un nomai\u0146as vienk\u0101r\u0161\u012bba, padarot regul\u0101ru p\u0101rbaudi un apkopi \u0113rt\u0101ku un samazinot iek\u0101rtu d\u012bkst\u0101ves laiku.<\/li>\n<\/ul>\n<p>M\u0113s varam ra\u017eot \u0161o produktu, un m\u016bsu produkts var lieliski aizst\u0101t \u0161os hidrauliskos cilindrus.<\/p>\n<p><img decoding=\"async\" src=\"https:\/\/www.hydraulic-cylinders.net\/wp-content\/uploads\/2025\/01\/songte-oil-pipes-and-spare-parts.webp\" alt=\"Produkta aizst\u0101\u0161anas att\u0113ls\"><\/p>\n<h3>Pieteikumi<\/h3>\n<p>Sviras cilindram ir pla\u0161s pielietojumu kl\u0101sts da\u017e\u0101d\u0101s nozar\u0113s, piem\u0113ram:<\/p>\n<ul>\n<li><strong>B\u016bvniec\u012bbas in\u017eenierija:<\/strong> Ekskavatoros un celt\u0146os sviras cilindrs tiek izmantots, lai kontrol\u0113tu kausu vai str\u0113les kust\u012bbu zemes p\u0101rvieto\u0161anas, materi\u0101lu apstr\u0101des un konstrukciju uzst\u0101d\u012b\u0161anas darbos.<\/li>\n<li><strong>Ra\u017eo\u0161ana:<\/strong> Automatiz\u0113t\u0101s ra\u017eo\u0161anas l\u012bnij\u0101s rokas cilindrs tiek izmantots robotiz\u0113tu roku kust\u012bbai mont\u0101\u017e\u0101, metin\u0101\u0161an\u0101 un apstr\u0101d\u0113, uzlabojot ra\u017eo\u0161anas efektivit\u0101ti un precizit\u0101ti.<\/li>\n<li><strong>Lauksaimniec\u012bbas tehnika:<\/strong> Lauksaimniec\u012bbas ma\u0161\u012bn\u0101s, piem\u0113ram, kombainos un s\u0113jma\u0161\u012bn\u0101s, sviras cilindrs kontrol\u0113 vad\u012bbas sviras kust\u012bbu t\u0101diem uzdevumiem k\u0101 s\u0113\u0161ana, m\u0113slo\u0161ana un ra\u017eas nov\u0101k\u0161ana.<\/li>\n<li><strong>Kalnr\u016bpniec\u012bba:<\/strong> Kalnr\u016bpniec\u012bbas iek\u0101rt\u0101s rokas cilindrs tiek izmantots, lai kontrol\u0113tu kalnr\u016bpniec\u012bbas iek\u0101rtu rokas kust\u012bbu r\u016bdas ieguvei un apstr\u0101dei.<\/li>\n<li><strong>Lo\u0123istika un transports:<\/strong> Iekr\u0101v\u0113jos un apstr\u0101des robotos rokas cilindrs tiek izmantots, lai kontrol\u0113tu dak\u0161u pacel\u0161anu un kust\u012bbu, realiz\u0113jot materi\u0101lu apstr\u0101di un sakrau\u0161anu.<\/li>\n<\/ul>\n<h3>Dizaina apsv\u0113rumi un atlases krit\u0113riji<\/h3>\n<p>Sviras cilindra konstrukcij\u0101 tiek \u0146emti v\u0113r\u0101 vair\u0101ki kritiski faktori, piem\u0113ram:<\/p>\n<ul>\n<li><strong>Nestsp\u0113ja:<\/strong> Sviras cilindram j\u0101b\u016bt konstru\u0113tam t\u0101, lai tas iztur\u0113tu maksim\u0101lo slodzi, ar ko tas saskarsies darb\u012bbas laik\u0101.<\/li>\n<li><strong>Bl\u012bv\u0113jums:<\/strong> Lai nov\u0113rstu e\u013c\u013cas nopl\u016bdi un nodro\u0161in\u0101tu cilindra vienm\u0113r\u012bgu darb\u012bbu, tiek izmantoti da\u017e\u0101di bl\u012bv\u0113\u0161anas elementi, piem\u0113ram, virzu\u013ca bl\u012bves un stie\u0146a bl\u012bves.<\/li>\n<li><strong>Iztur\u012bba:<\/strong> Balonam j\u0101b\u016bt izgatavotam no materi\u0101liem ar augstu nodilumiztur\u012bbu un korozijas iztur\u012bbu, lai nodro\u0161in\u0101tu t\u0101 ilgm\u016b\u017e\u012bbu skarbos apst\u0101k\u013cos.<\/li>\n<li><strong>Dro\u0161\u012bba:<\/strong> Balonam j\u0101b\u016bt konstru\u0113tam ar dro\u0161\u012bbas funkcij\u0101m, lai nov\u0113rstu negad\u012bjumus darb\u012bbas laik\u0101.<\/li>\n<li><strong>Uzturam\u012bba:<\/strong> Balonam j\u0101b\u016bt konstru\u0113tam t\u0101, lai to var\u0113tu viegli uztur\u0113t un remont\u0113t, lai samazin\u0101tu iek\u0101rtu d\u012bkst\u0101ves laiku.<\/li>\n<\/ul>\n<p><img decoding=\"async\" src=\"https:\/\/www.hydraulic-cylinders.net\/wp-content\/uploads\/2025\/01\/songte-cylinder-head-with-all-kinds-excavator-models.webp\" alt=\"Dizaina att\u0113ls\"><\/p>\n<h3>Bl\u012bv\u0113\u0161ana un e\u013c\u013co\u0161ana<\/h3>\n<p>Sviras cilindr\u0101 tiek izmantoti da\u017e\u0101di bl\u012bv\u0113\u0161anas elementi, piem\u0113ram, virzu\u013ca bl\u012bves un stie\u0146a bl\u012bves, kas izgatavotas no nodilumiztur\u012bgiem materi\u0101liem, piem\u0113ram, poliuret\u0101na un nitrila gumijas, lai nov\u0113rstu e\u013c\u013cas nopl\u016bdi un nodro\u0161in\u0101tu cilindra vienm\u0113r\u012bgu darb\u012bbu. Cilindra korpuss un v\u012bt\u0146ot\u0101 gala virsma ir r\u016bp\u012bgi apstr\u0101d\u0101ta, lai uzlabotu nodilumiztur\u012bbu. E\u013c\u013co\u0161anai ir nepiecie\u0161ama regul\u0101ra atbilsto\u0161a hidraulisk\u0101s e\u013c\u013cas daudzuma uzpild\u012b\u0161ana.<\/p>\n<h3>Periodiskas p\u0101rbaudes un prevent\u012bv\u0101s apkopes pas\u0101kumi<\/h3>\n<p>Lai nodro\u0161in\u0101tu pareizu sviras cilindra darb\u012bbu, nepiecie\u0161ama periodiska p\u0101rbaude. J\u0101veic \u0161\u0101di prevent\u012bvie apkopes pas\u0101kumi:<\/p>\n<ul>\n<li>Regul\u0101ra t\u012br\u012b\u0161ana un p\u0101rbaude, vai nav nodiluma un boj\u0101jumu paz\u012bmju<\/li>\n<li>E\u013c\u013cas l\u012bme\u0146a p\u0101rbaude un e\u013c\u013cas uzpild\u012b\u0161ana, ja nepiecie\u0161ams<\/li>\n<li>Bl\u012bvju p\u0101rbaude un nomai\u0146a, ja nepiecie\u0161ams<\/li>\n<li>Stiprin\u0101juma skr\u016bvju p\u0101rbaude un pievilk\u0161ana, ja nepiecie\u0161ams<\/li>\n<\/ul>\n<h3>Instal\u0101cijas rokasgr\u0101mata<\/h3>\n<p>Sviras cilindra uzst\u0101d\u012b\u0161ana ietver \u0161\u0101das darb\u012bbas:<\/p>\n<ol>\n<li>P\u0101rliecinieties, vai cilindrs ir sader\u012bgs ar apr\u012bkojumu un vai mont\u0101\u017eas izm\u0113ri ir pareizi.<\/li>\n<li>Uzst\u0101diet cilindru un p\u0101rliecinieties, ka tas ir dro\u0161i nostiprin\u0101ts.<\/li>\n<li>Pievienojiet hidraulisk\u0101s caurules cilindram un p\u0101rliecinieties, ka t\u0101s ir pareizi pievienotas.<\/li>\n<li>P\u0101rbaudiet cilindru, lai p\u0101rliecin\u0101tos, ka tas darbojas pareizi.<\/li>\n<\/ol>\n<p><img decoding=\"async\" src=\"https:\/\/www.hydraulic-cylinders.net\/wp-content\/uploads\/2025\/01\/songte-bushings-with-all-kinds-of-excavator-models.webp\" alt=\"Instal\u0101cijas att\u0113ls\"><\/p>\n<h3>Dro\u0161\u012bbas apsv\u0113rumi un vides faktori<\/h3>\n<p>Dro\u0161\u012bbas nodro\u0161in\u0101\u0161ana rokas cilindra darb\u012bbas laik\u0101 ir \u013coti svar\u012bga. Lai nov\u0113rstu negad\u012bjumus, konstrukcij\u0101 ir iestr\u0101d\u0101tas t\u0101das dro\u0161\u012bbas funkcijas k\u0101 dro\u0161\u012bbas v\u0101rsti un spiediena samazin\u0101\u0161anas v\u0101rsti. Lai nodro\u0161in\u0101tu pareizu cilindra darb\u012bbu, j\u0101\u0146em v\u0113r\u0101 ar\u012b t\u0101di vides faktori k\u0101 darba temperat\u016bra un mitrums.<\/p>\n<h3>Probl\u0113mu nov\u0113r\u0161ana un bie\u017ei sastopamas probl\u0113mas<\/h3>\n<p>T\u0101l\u0101k ir nor\u0101d\u012btas da\u017eas bie\u017ei sastopamas probl\u0113mas, kas var rasties ar sviras cilindru:<\/p>\n<ul>\n<li>E\u013c\u013cas nopl\u016bde<\/li>\n<li>L\u0113na darb\u012bba vai darb\u012bbas trauc\u0113jumi<\/li>\n<li>P\u0101rm\u0113r\u012bgs troksnis darb\u012bbas laik\u0101<\/li>\n<li>Nepareiza cilindra pozicion\u0113\u0161ana<\/li>\n<\/ul>\n<p>T\u0101l\u0101k sniegti da\u017ei padomi un risin\u0101jumi \u0161\u012bm probl\u0113m\u0101m:<\/p>\n<ul>\n<li>P\u0101rbaudiet bl\u012bves un, ja nepiecie\u0161ams, nomainiet t\u0101s<\/li>\n<li>P\u0101rbaudiet hidraulisk\u0101s e\u013c\u013cas l\u012bmeni un, ja nepiecie\u0161ams, uzpildiet<\/li>\n<li>P\u0101rbaudiet cilindru, vai nav boj\u0101jumu, un, ja nepiecie\u0161ams, nomainiet to<\/li>\n<li>P\u0101rbaudiet cilindra novietojumu un, ja nepiecie\u0161ams, noregul\u0113jiet to<\/li>\n<\/ul>\n<p><img decoding=\"async\" src=\"https:\/\/www.hydraulic-cylinders.net\/wp-content\/uploads\/2025\/01\/songte-chushion-collar.webp\" alt=\"Att\u0113la probl\u0113mu nov\u0113r\u0161ana\"><\/p>\n<h3>Par mums<\/h3>\n<p>M\u0113s esam profesion\u0101ls rezerves hidraulisko cilindru ra\u017eot\u0101js ar pla\u0161u produktu kl\u0101stu un esam k\u013cuvu\u0161i par vienu no vado\u0161ajiem hidraulisko cilindru ra\u017eot\u0101jiem un vairumtirdzniec\u012bbas izplat\u012bt\u0101jiem viet\u0113j\u0101 un starptautiskaj\u0101 tirg\u016b. M\u0113s vienm\u0113r iev\u0113rojam izcilas kvalit\u0101tes principu, pa\u013caujamies uz izsmalcin\u0101tas ra\u017eo\u0161anas darbn\u012bcas r\u016bpniecisk\u0101s ra\u017eo\u0161anas vad\u012bbas strat\u0113\u0123iju, nep\u0101rtraukti uzlabojam savu tehnisko l\u012bmeni un ra\u017eo\u0161anas efektivit\u0101ti. Ievie\u0161ot augstas klases digit\u0101l\u0101s ra\u017eo\u0161anas iek\u0101rtas un profesion\u0101las test\u0113\u0161anas sist\u0113mas, m\u0113s optimiz\u0113jam ra\u017eo\u0161anas platformu un uzlabojam produktu kvalit\u0101tes kontroles procesu, kas padara m\u016bsu produktus par sp\u0113c\u012bg\u0101m inov\u0101ciju sp\u0113j\u0101m. M\u016bsu m\u0113r\u0137is ir apmierin\u0101t klientu daudzveid\u012bg\u0101s vajadz\u012bbas ar augstu efektivit\u0101ti, precizit\u0101ti un augstu kvalit\u0101ti.<\/p>\n<p>M\u0113s pied\u0101v\u0101jam profesion\u0101lus pakalpojumus, starptautiskus sertifik\u0101tus, piel\u0101gotus pakalpojumus, augstas kvalit\u0101tes ra\u017eo\u0161anas iek\u0101rtas un p\u0113cp\u0101rdo\u0161anas pakalpojumus, lai apmierin\u0101tu klientu vajadz\u012bbas.<\/p>\n<p><img decoding=\"async\" src=\"https:\/\/www.hydraulic-cylinders.net\/wp-content\/uploads\/2025\/01\/songte-company-4.webp\" alt=\"Uz\u0146\u0113muma t\u0113ls\"><br \/>\n<img decoding=\"async\" src=\"https:\/\/www.hydraulic-cylinders.net\/wp-content\/uploads\/2025\/01\/songte-company-3.webp\" alt=\"Uz\u0146\u0113muma t\u0113ls\"><\/p>\n<p>Autors: Lails.<\/p>","protected":false},"excerpt":{"rendered":"<p>Arm Cylinder For SDLG Small Excavator LG6135E Definition and Explanation Arm cylinder is a specially designed hydraulic cylinder primarily used to provide linear motion and power for various machinery arms, such as excavators, cranes, and robotic arms. The arm cylinder plays a crucial role in hydraulic systems, enabling the effective movement and control of additional [&hellip;]<\/p>","protected":false},"featured_media":14779,"comment_status":"open","ping_status":"closed","template":"","meta":{"_et_pb_use_builder":"","_et_pb_old_content":"","_et_gb_content_width":""},"product_brand":[],"product_cat":[1497],"product_tag":[1498,1496],"class_list":{"0":"post-16578","1":"product","2":"type-product","3":"status-publish","4":"has-post-thumbnail","6":"product_cat-arm-cylinders","7":"product_tag-arm-cylinders","8":"product_tag-hydraulic-cylinders","10":"first","11":"instock","12":"shipping-taxable","13":"product-type-simple"},"amp_enabled":true,"_links":{"self":[{"href":"https:\/\/www.hydraulic-cylinders.net\/lv\/wp-json\/wp\/v2\/product\/16578","targetHints":{"allow":["GET"]}}],"collection":[{"href":"https:\/\/www.hydraulic-cylinders.net\/lv\/wp-json\/wp\/v2\/product"}],"about":[{"href":"https:\/\/www.hydraulic-cylinders.net\/lv\/wp-json\/wp\/v2\/types\/product"}],"replies":[{"embeddable":true,"href":"https:\/\/www.hydraulic-cylinders.net\/lv\/wp-json\/wp\/v2\/comments?post=16578"}],"wp:featuredmedia":[{"embeddable":true,"href":"https:\/\/www.hydraulic-cylinders.net\/lv\/wp-json\/wp\/v2\/media\/14779"}],"wp:attachment":[{"href":"https:\/\/www.hydraulic-cylinders.net\/lv\/wp-json\/wp\/v2\/media?parent=16578"}],"wp:term":[{"taxonomy":"product_brand","embeddable":true,"href":"https:\/\/www.hydraulic-cylinders.net\/lv\/wp-json\/wp\/v2\/product_brand?post=16578"},{"taxonomy":"product_cat","embeddable":true,"href":"https:\/\/www.hydraulic-cylinders.net\/lv\/wp-json\/wp\/v2\/product_cat?post=16578"},{"taxonomy":"product_tag","embeddable":true,"href":"https:\/\/www.hydraulic-cylinders.net\/lv\/wp-json\/wp\/v2\/product_tag?post=16578"}],"curies":[{"name":"wp","href":"https:\/\/api.w.org\/{rel}","templated":true}]}}