{"id":16581,"date":"2025-01-21T05:35:41","date_gmt":"2025-01-21T05:35:41","guid":{"rendered":"https:\/\/www.hydraulic-cylinders.net\/product\/arm-cylinder-for-sdlg-middle-excavator-lg6270e\/"},"modified":"2025-01-21T05:35:43","modified_gmt":"2025-01-21T05:35:43","slug":"arm-cylinder-for-sdlg-middle-excavator-lg6270e","status":"publish","type":"product","link":"https:\/\/www.hydraulic-cylinders.net\/lv\/products\/arm-cylinder-for-sdlg-middle-excavator-lg6270e\/","title":{"rendered":"Sviras cilindrs SDLG vid\u0113jam ekskavatoram LG6270E"},"content":{"rendered":"<h1>Sviras cilindrs SDLG vid\u0113jam ekskavatoram LG6270E<\/h1>\n<h2>Ievads<\/h2>\n<p>Sviras cilindrs ir speci\u0101li izstr\u0101d\u0101ts hidrauliskais cilindrs, ko galvenok\u0101rt izmanto, lai nodro\u0161in\u0101tu line\u0101ru kust\u012bbu un jaudu da\u017e\u0101du veidu ma\u0161\u012bn\u0101m, piem\u0113ram, ekskavatoriem, celt\u0146iem un meh\u0101niskaj\u0101m svir\u0101m. Sviras cilindram ir iz\u0161\u0137iro\u0161a noz\u012bme hidrauliskaj\u0101 sist\u0113m\u0101, nodro\u0161inot efekt\u012bvu papildu instrumentu vai stiprin\u0101jumu kust\u012bbu un vad\u012bbu. \u0160ie cilindri ne tikai var nodro\u0161in\u0101t vienm\u0113r\u012bgu kust\u012bbu, bet ar\u012b var iztur\u0113t lielas slodzes, nodro\u0161inot tehnikas efekt\u012bvu darb\u012bbu un uzticam\u012bbu da\u017e\u0101dos darba apst\u0101k\u013cos.<\/p>\n<p><img decoding=\"async\" src=\"https:\/\/www.hydraulic-cylinders.net\/wp-content\/uploads\/2025\/01\/songte-company-2.webp\" alt=\"Sviras cilindra att\u0113ls\"><\/p>\n<h2>Funkcijas<\/h2>\n<ul>\n<li>Efekt\u012bva jaudas p\u0101rvade: Sviras cilindrs var nodro\u0161in\u0101t jaud\u012bgu line\u0101ru kust\u012bbu un sp\u0113ku, garant\u0113jot meh\u0101nisk\u0101s sviras augstu efektivit\u0101ti da\u017e\u0101d\u0101s darb\u012bb\u0101s.<\/li>\n<li>Prec\u012bza vad\u012bba: Izmantojot hidraulisko sist\u0113mu, rokas cilindrs var pan\u0101kt prec\u012bzu kust\u012bbas vad\u012bbu, padarot papildu instrumentu darb\u012bbu elast\u012bg\u0101ku un prec\u012bz\u0101ku.<\/li>\n<li>Sp\u0113c\u012bga iztur\u012bba: Sviras cilindrs parasti ir izgatavots no augstas iztur\u012bbas materi\u0101liem ar labu nodilumiztur\u012bbu un iztur\u012bbu pret koroziju, kas ir piem\u0113roti ilgsto\u0161ai lieto\u0161anai skarbos apst\u0101k\u013cos.<\/li>\n<li>Daudzfunkcion\u0101la piel\u0101go\u0161an\u0101s sp\u0113ja: \u0161os cilindrus var pla\u0161i izmantot da\u017e\u0101d\u0101s meh\u0101nisk\u0101s iek\u0101rt\u0101s, piem\u0113ram, ekskavatoros, celt\u0146os un meh\u0101niskaj\u0101s svir\u0101s, lai apmierin\u0101tu da\u017e\u0101das darba pras\u012bbas.<\/li>\n<li>Vienk\u0101r\u0161a apkope: Projekt\u0113\u0161an\u0101 \u0146emta v\u0113r\u0101 apkopes un nomai\u0146as vienk\u0101r\u0161\u012bba, padarot regul\u0101ru p\u0101rbaudi un apkopi \u0113rt\u0101ku un samazinot iek\u0101rtu d\u012bkst\u0101ves laiku.<\/li>\n<\/ul>\n<p>M\u016bsu produkts var lieliski aizst\u0101t \u0161os hidrauliskos cilindrus.<\/p>\n<p><img decoding=\"async\" src=\"https:\/\/www.hydraulic-cylinders.net\/wp-content\/uploads\/2025\/01\/songte-oil-pipes-and-spare-parts.webp\" alt=\"Hidraulisk\u0101 cilindra rezerves da\u013cu att\u0113ls\"><\/p>\n<h2>Pieteikums<\/h2>\n<ul>\n<li>B\u016bvniec\u012bbas in\u017eenierija: Ekskavatoros un celt\u0146os sviras cilindrs tiek izmantots, lai kontrol\u0113tu kausa vai str\u0113les kust\u012bbu zemes darbos, materi\u0101lu apstr\u0101d\u0113 un konstrukciju uzst\u0101d\u012b\u0161an\u0101.<\/li>\n<li>Ra\u017eo\u0161anas nozare: Automatiz\u0113t\u0101s ra\u017eo\u0161anas l\u012bnij\u0101s sviras cilindrs tiek izmantots meh\u0101nisko sviru p\u0101rvieto\u0161anai, piem\u0113ram, mont\u0101\u017eai, metin\u0101\u0161anai un apstr\u0101dei, lai uzlabotu ra\u017eo\u0161anas efektivit\u0101ti un precizit\u0101ti.<\/li>\n<li>Lauksaimniec\u012bbas tehnika: Lauksaimniec\u012bbas tehnik\u0101, piem\u0113ram, kombainos un s\u0113jma\u0161\u012bn\u0101s, sviras cilindrs kontrol\u0113 vad\u012bbas sviras kust\u012bbu, veicot t\u0101dus uzdevumus k\u0101 s\u0113\u0161ana, m\u0113slo\u0161ana un ra\u017eas nov\u0101k\u0161ana.<\/li>\n<li>Kalnr\u016bpniec\u012bba: Kalnr\u016bpniec\u012bbas iek\u0101rt\u0101s rokas cilindru izmanto, lai kontrol\u0113tu kalnr\u016bpniec\u012bbas iek\u0101rtu rokas kust\u012bbu, piem\u0113ram, r\u016bdas ieguvi un transport\u0113\u0161anu.<\/li>\n<li>Lo\u0123istika un transport\u0113\u0161ana: Iekr\u0101v\u0113jos un apstr\u0101des robotos rokas cilindrs tiek izmantots, lai kontrol\u0113tu dak\u0161as pacel\u0161anu un kust\u012bbu, realiz\u0113jot materi\u0101lu apstr\u0101di un sakrau\u0161anu.<\/li>\n<\/ul>\n<h2>Dizaina apsv\u0113rumi un atlases krit\u0113riji<\/h2>\n<p>Projekt\u0113jot sviras cilindrus, ir svar\u012bgi \u0146emt v\u0113r\u0101 \u0161\u0101dus faktorus:<\/p>\n<h3>Nestsp\u0113ja<\/h3>\n<p>Sviras cilindram ir j\u0101sp\u0113j iztur\u0113t papildu instrumentu vai stiprin\u0101jumu svaru un darb\u012bbas laik\u0101 rad\u012bto sp\u0113ku.<\/p>\n<h3>Bl\u012bv\u0113\u0161anas veiktsp\u0113ja<\/h3>\n<p>Sviras cilindram ir j\u0101b\u016bt labai bl\u012bv\u0113juma veiktsp\u0113jai, lai nov\u0113rstu e\u013c\u013cas nopl\u016bdi un nodro\u0161in\u0101tu efekt\u012bvu darb\u012bbu.<\/p>\n<h3>Iztur\u012bba<\/h3>\n<p>Sviras cilindram j\u0101b\u016bt izgatavotam no augstas iztur\u012bbas materi\u0101liem ar labu nodilumiztur\u012bbu un korozijas iztur\u012bbu, lai piel\u0101gotos skarbajiem darba apst\u0101k\u013ciem un nodro\u0161in\u0101tu ilgsto\u0161u lieto\u0161anu.<\/p>\n<h3>Dro\u0161\u012bba<\/h3>\n<p>Sviras cilindram j\u0101b\u016bt konstru\u0113tam, \u0146emot v\u0113r\u0101 dro\u0161\u012bbu, lai nov\u0113rstu negad\u012bjumus darb\u012bbas laik\u0101.<\/p>\n<h3>Apkope<\/h3>\n<p>Sviras cilindram j\u0101b\u016bt konstru\u0113tam t\u0101, lai to b\u016btu viegli apkopt un nomain\u012bt, lai samazin\u0101tu iek\u0101rtu d\u012bkst\u0101ves laiku.<\/p>\n<p><img decoding=\"async\" src=\"https:\/\/www.hydraulic-cylinders.net\/wp-content\/uploads\/2025\/01\/songte-cylinder-head-with-all-kinds-excavator-models.webp\" alt=\"Cilindra galvas att\u0113ls\"><\/p>\n<h2>Bl\u012bv\u0113\u0161ana un e\u013c\u013co\u0161ana<\/h2>\n<p>Sviras cilindr\u0101 tiek izmantoti da\u017e\u0101di bl\u012bv\u0113\u0161anas komponenti, piem\u0113ram, virzu\u013ca bl\u012bvsl\u0113gi \u200b\u200bun stie\u0146a bl\u012bvsl\u0113gi, kas izgatavoti no nodilumiztur\u012bgiem materi\u0101liem, piem\u0113ram, poliuret\u0101na un nitrila gumijas. Cilindra korpuss un v\u012btnes gala virsma ir smalki apstr\u0101d\u0101ta, lai uzlabotu nodilumiztur\u012bbu. Regul\u0101ri pievienojot atbilsto\u0161u hidraulisk\u0101s e\u013c\u013cas daudzumu, var nodro\u0161in\u0101t e\u013c\u013co\u0161anu.<\/p>\n<p><img decoding=\"async\" src=\"https:\/\/www.hydraulic-cylinders.net\/wp-content\/uploads\/2025\/01\/songte-chushion-collar.webp\" alt=\"\u010cusjona apkakles att\u0113ls\"><\/p>\n<h2>Apkope un remonts<\/h2>\n<ul>\n<li>Regul\u0101ri p\u0101rbaudiet sviras cilindra bl\u012bv\u0113juma veiktsp\u0113ju un savlaic\u012bgi nomainiet nolietot\u0101s bl\u012bv\u0113juma deta\u013cas.<\/li>\n<li>P\u0101rbaudiet cilindra un virzu\u013ca stie\u0146a virsmu, vai nav skr\u0101p\u0113jumu vai boj\u0101jumu, un nepiecie\u0161am\u012bbas gad\u012bjum\u0101 salabojiet vai nomainiet tos.<\/li>\n<li>P\u0101rbaudiet stiprin\u0101juma skr\u016bvju un savienojumu va\u013c\u012bgumu un, ja nepiecie\u0161ams, pievelciet tos.<\/li>\n<li>Regul\u0101ri p\u0101rbaudiet hidraulisk\u0101s e\u013c\u013cas l\u012bmeni un kvalit\u0101ti un, ja nepiecie\u0161ams, nomainiet vai papildiniet e\u013c\u013cu.<\/li>\n<li>Regul\u0101ri not\u012briet sviras cilindra virsmu un no\u0146emiet visus gru\u017eus vai net\u012brumus.<\/li>\n<\/ul>\n<p><img decoding=\"async\" src=\"https:\/\/www.hydraulic-cylinders.net\/wp-content\/uploads\/2025\/01\/songte-bushings-with-all-kinds-of-excavator-models.webp\" alt=\"Bukses att\u0113ls\"><\/p>\n<h2>Instal\u0101cijas rokasgr\u0101mata<\/h2>\n<p>Pareiza uzst\u0101d\u012b\u0161ana ir svar\u012bga sviras cilindra dro\u0161ai un efekt\u012bvai darb\u012bbai. J\u0101iev\u0113ro \u0161\u0101das darb\u012bbas:<\/p>\n<ol>\n<li>Not\u012briet uzst\u0101d\u012b\u0161anas virsmu un p\u0101rbaudiet mont\u0101\u017eas caurumu izm\u0113ru un novietojumu.<\/li>\n<li>Uzkl\u0101jiet atbilsto\u0161u daudzumu sm\u0113rvielas uz sviras cilindra mont\u0101\u017eas virsmas un bl\u012bv\u0113juma deta\u013c\u0101m.<\/li>\n<li>Ievietojiet virzu\u013ca stieni mont\u0101\u017eas atver\u0113 un izl\u012bdziniet cilindra korpusa mont\u0101\u017eas atveres ar atver\u0113m uz ma\u0161\u012bnas.<\/li>\n<li>Ievietojiet stiprin\u0101juma skr\u016bves un pievelciet t\u0101s l\u012bdz nor\u0101d\u012btajam griezes momentam.<\/li>\n<li>P\u0101rbaudiet uzst\u0101d\u012b\u0161anu, vai nav nopl\u016b\u017eu vai citu anom\u0101liju.<\/li>\n<\/ol>\n<h2>Dro\u0161\u012bbas apsv\u0113rumi un vides faktori<\/h2>\n<p>Dro\u0161\u012bbas apsv\u0113rumi ir svar\u012bgi, str\u0101d\u0101jot ar sviras cilindru apr\u012bkot\u0101m ma\u0161\u012bn\u0101m. Lai izvair\u012btos no negad\u012bjumiem, operatoriem j\u0101nodro\u0161ina atbilsto\u0161a apm\u0101c\u012bba. Izv\u0113loties atbilsto\u0161us materi\u0101lus sviras cilindram, j\u0101\u0146em v\u0113r\u0101 ar\u012b t\u0101di vides faktori k\u0101 temperat\u016bra, mitrums un kod\u012bgas vielas.<\/p>\n<h2>Probl\u0113mu nov\u0113r\u0161ana un bie\u017ei sastopamas probl\u0113mas<\/h2>\n<ul>\n<li>Troksnis darb\u012bbas laik\u0101: p\u0101rbaudiet, vai nav boj\u0101ts virzu\u013ca stienis vai cilindra korpuss, un, ja nepiecie\u0161ams, nomainiet tos.<\/li>\n<li>E\u013c\u013cas nopl\u016bde: p\u0101rbaudiet sviras cilindra bl\u012bv\u0113juma veiktsp\u0113ju un nomainiet nolietot\u0101s bl\u012bv\u0113juma deta\u013cas.<\/li>\n<li>L\u0113na vai nerea\u0123\u0113jo\u0161a kust\u012bba: p\u0101rbaudiet hidraulisk\u0101s e\u013c\u013cas l\u012bmeni un kvalit\u0101ti un, ja nepiecie\u0161ams, nomainiet vai pievienojiet e\u013c\u013cu. P\u0101rbaudiet stiprin\u0101juma skr\u016bvju va\u013c\u012bgumu un, ja nepiecie\u0161ams, pievelciet t\u0101s.<\/li>\n<li>Neparasta vibr\u0101cija: p\u0101rbaudiet, vai nav boj\u0101ts virzu\u013ca stienis vai cilindra korpuss, un, ja nepiecie\u0161ams, nomainiet tos.<\/li>\n<li>Cilindra nob\u012bde: p\u0101rbaudiet, vai nav boj\u0101ts virzu\u013ca stienis vai cilindra korpuss, un, ja nepiecie\u0161ams, nomainiet tos.<\/li>\n<\/ul>\n<p>Lai nov\u0113rstu \u0161\u012bs probl\u0113mas, ir nepiecie\u0161ama regul\u0101ra apkope, savlaic\u012bga nolietoto deta\u013cu nomai\u0146a, k\u0101 ar\u012b pareiza lieto\u0161ana un ekspluat\u0101cija.<\/p>\n<p><img decoding=\"async\" src=\"https:\/\/www.hydraulic-cylinders.net\/wp-content\/uploads\/2025\/01\/songte-company-4.webp\" alt=\"Songte uz\u0146\u0113muma att\u0113ls\"><\/p>\n<p>M\u016bsu uz\u0146\u0113mums ir profesion\u0101ls hidraulisko cilindru ra\u017eot\u0101js ar pla\u0161u produktu kl\u0101stu un ir k\u013cuvis par vienu no vado\u0161ajiem hidraulisko cilindru ra\u017eot\u0101jiem un vairumtirdzniec\u012bbas izplat\u012bt\u0101jiem viet\u0113j\u0101 un starptautiskaj\u0101 tirg\u016b. M\u0113s vienm\u0113r iev\u0113rojam izcilas kvalit\u0101tes principu, pa\u013caujamies uz industrializ\u0113t\u0101m ra\u017eo\u0161anas vad\u012bbas strat\u0113\u0123ij\u0101m sare\u017e\u0123\u012bt\u0101s ra\u017eo\u0161anas darbn\u012bc\u0101s, past\u0101v\u012bgi uzlabojam tehnolo\u0123ijas un ra\u017eo\u0161anas efektivit\u0101ti. Ievie\u0161ot augstas klases digit\u0101l\u0101s ra\u017eo\u0161anas iek\u0101rtas un profesion\u0101las test\u0113\u0161anas sist\u0113mas, m\u0113s nep\u0101rtraukti optimiz\u0113jam ra\u017eo\u0161anas platformu, uzlabojam produktu kvalit\u0101tes kontroles procesu un mums ir sp\u0113c\u012bgas inov\u0101ciju iesp\u0113jas. M\u016bsu m\u0113r\u0137is ir apmierin\u0101t klientu daudzveid\u012bg\u0101s vajadz\u012bbas ar augstu efektivit\u0101ti, precizit\u0101ti un augstas kvalit\u0101tes principiem. <\/p>\n<p><img decoding=\"async\" src=\"https:\/\/www.hydraulic-cylinders.net\/wp-content\/uploads\/2025\/01\/songte-company-3.webp\" alt=\"Songte uz\u0146\u0113muma att\u0113ls\"><\/p>\n<p>M\u016bsu uz\u0146\u0113mums sniedz profesion\u0101lus pakalpojumus un piel\u0101gotus risin\u0101jumus hidrauliskajiem cilindriem, un m\u016bsu produkti ir iztur\u0113ju\u0161i da\u017e\u0101dus starptautiskus sertifik\u0101tus, piem\u0113ram, ISO9001, CE un SGS. Mums ir modernas ra\u017eo\u0161anas iek\u0101rtas, tostarp CNC darbgaldi, autom\u0101tisk\u0101s metin\u0101\u0161anas iek\u0101rtas un virsmas apstr\u0101des iek\u0101rtas, lai nodro\u0161in\u0101tu produktu kvalit\u0101ti no avota. M\u0113s nodro\u0161in\u0101m ar\u012b efekt\u012bvu p\u0113cp\u0101rdo\u0161anas apkalpo\u0161anu, tostarp produktu uzst\u0101d\u012b\u0161anas vadl\u012bnijas, apkopi un remontu, lai nodro\u0161in\u0101tu klientu apmierin\u0101t\u012bbu.<\/p>\n<p>Autors: lil<\/p>","protected":false},"excerpt":{"rendered":"<p>Arm Cylinder For SDLG Middle Excavator LG6270E Introduction The arm cylinder is a specially designed hydraulic cylinder mainly used to provide linear motion and power for different types of machinery, such as excavators, cranes, and mechanical arms. The arm cylinder plays a crucial role in the hydraulic system, enabling the effective movement and control of [&hellip;]<\/p>","protected":false},"featured_media":14772,"comment_status":"open","ping_status":"closed","template":"","meta":{"_et_pb_use_builder":"","_et_pb_old_content":"","_et_gb_content_width":""},"product_brand":[],"product_cat":[1497],"product_tag":[1498,1496],"class_list":{"0":"post-16581","1":"product","2":"type-product","3":"status-publish","4":"has-post-thumbnail","6":"product_cat-arm-cylinders","7":"product_tag-arm-cylinders","8":"product_tag-hydraulic-cylinders","10":"first","11":"instock","12":"shipping-taxable","13":"product-type-simple"},"amp_enabled":true,"_links":{"self":[{"href":"https:\/\/www.hydraulic-cylinders.net\/lv\/wp-json\/wp\/v2\/product\/16581","targetHints":{"allow":["GET"]}}],"collection":[{"href":"https:\/\/www.hydraulic-cylinders.net\/lv\/wp-json\/wp\/v2\/product"}],"about":[{"href":"https:\/\/www.hydraulic-cylinders.net\/lv\/wp-json\/wp\/v2\/types\/product"}],"replies":[{"embeddable":true,"href":"https:\/\/www.hydraulic-cylinders.net\/lv\/wp-json\/wp\/v2\/comments?post=16581"}],"wp:featuredmedia":[{"embeddable":true,"href":"https:\/\/www.hydraulic-cylinders.net\/lv\/wp-json\/wp\/v2\/media\/14772"}],"wp:attachment":[{"href":"https:\/\/www.hydraulic-cylinders.net\/lv\/wp-json\/wp\/v2\/media?parent=16581"}],"wp:term":[{"taxonomy":"product_brand","embeddable":true,"href":"https:\/\/www.hydraulic-cylinders.net\/lv\/wp-json\/wp\/v2\/product_brand?post=16581"},{"taxonomy":"product_cat","embeddable":true,"href":"https:\/\/www.hydraulic-cylinders.net\/lv\/wp-json\/wp\/v2\/product_cat?post=16581"},{"taxonomy":"product_tag","embeddable":true,"href":"https:\/\/www.hydraulic-cylinders.net\/lv\/wp-json\/wp\/v2\/product_tag?post=16581"}],"curies":[{"name":"wp","href":"https:\/\/api.w.org\/{rel}","templated":true}]}}