{"id":16583,"date":"2025-01-21T05:35:48","date_gmt":"2025-01-21T05:35:48","guid":{"rendered":"https:\/\/www.hydraulic-cylinders.net\/product\/arm-cylinder-for-sdlg-middle-excavator-lg6250e\/"},"modified":"2025-01-21T05:35:50","modified_gmt":"2025-01-21T05:35:50","slug":"arm-cylinder-for-sdlg-middle-excavator-lg6250e","status":"publish","type":"product","link":"https:\/\/www.hydraulic-cylinders.net\/lv\/products\/arm-cylinder-for-sdlg-middle-excavator-lg6250e\/","title":{"rendered":"Sviras cilindrs SDLG vid\u0113jam ekskavatoram LG6250E"},"content":{"rendered":"<h1>Sviras cilindrs SDLG vid\u0113jam ekskavatoram LG6250E<\/h1>\n<h2>Ievads<\/h2>\n<p>Sviras cilindrs ir speci\u0101li izstr\u0101d\u0101ts hidrauliskais cilindrs, ko izmanto, lai nodro\u0161in\u0101tu line\u0101ru kust\u012bbu un jaudu da\u017e\u0101du ma\u0161\u012bnu, piem\u0113ram, ekskavatoru, celt\u0146u un meh\u0101nisko sviru, svir\u0101m. Sviras cilindram ir iz\u0161\u0137iro\u0161a noz\u012bme hidrauliskaj\u0101s sist\u0113m\u0101s, \u013caujot agreg\u0101tiem efekt\u012bvi p\u0101rvietoties un vad\u012bt tos. \u0160ie cilindri ne tikai nodro\u0161ina vienm\u0113r\u012bgas kust\u012bbas, bet ar\u012b iztur lielas slodzes, nodro\u0161inot ma\u0161\u012bnas efekt\u012bvu darb\u012bbu un uzticam\u012bbu da\u017e\u0101dos darba apst\u0101k\u013cos.<\/p>\n<p><img src='https:\/\/www.hydraulic-cylinders.net\/wp-content\/uploads\/2025\/01\/songte-company-2.webp' alt='Sviras cilindrs' width='500' height='300'><\/p>\n<h2>Funkcijas<\/h2>\n<ul>\n<li>Efekt\u012bva jaudas p\u0101rvade: Sviras cilindrs nodro\u0161ina jaud\u012bgu line\u0101ru kust\u012bbu un sp\u0113ku, garant\u0113jot meh\u0101nisk\u0101s sviras augstu efektivit\u0101ti da\u017e\u0101du darb\u012bbu laik\u0101.<\/li>\n<li>Prec\u012bza vad\u012bba: Sviras cilindrs var pan\u0101kt prec\u012bzu kust\u012bbas vad\u012bbu, izmantojot hidraulisko sist\u0113mu, padarot pielikumu darb\u012bbu elast\u012bg\u0101ku un prec\u012bz\u0101ku.<\/li>\n<li>Augsta iztur\u012bba: Sviru cilindri parasti ir izgatavoti no augstas iztur\u012bbas materi\u0101liem ar labu nodilumiztur\u012bbu un korozijas iztur\u012bbu, kas ir piem\u0113roti ilgsto\u0161ai lieto\u0161anai skarbos apst\u0101k\u013cos.<\/li>\n<li>Daudzfunkcion\u0101la piel\u0101go\u0161an\u0101s sp\u0113ja: \u0161os cilindrus var pla\u0161i izmantot da\u017e\u0101da veida ma\u0161\u012bn\u0101s, piem\u0113ram, ekskavatoros, celt\u0146os un meh\u0101niskaj\u0101s svir\u0101s, lai apmierin\u0101tu da\u017e\u0101das darba pras\u012bbas.<\/li>\n<li>Vienk\u0101r\u0161a apkope: Projekt\u0113jot \u0146emta v\u0113r\u0101 apkopes un nomai\u0146as vienk\u0101r\u0161\u012bba, padarot regul\u0101ru p\u0101rbaudi un apkopi \u0113rt\u0101ku, samazinot iek\u0101rtu d\u012bkst\u0101ves laiku.<\/li>\n<\/ul>\n<p><img src='https:\/\/www.hydraulic-cylinders.net\/wp-content\/uploads\/2025\/01\/songte-oil-pipes-and-spare-parts.webp' alt='Rezerves da\u013cas' width='500' height='300'><\/p>\n<h2>Pieteikumi<\/h2>\n<p>Sviras cilindrs tiek pla\u0161i izmantots da\u017e\u0101d\u0101s nozar\u0113s, piem\u0113ram:<\/p>\n<ul>\n<li>B\u016bvniec\u012bba: Ekskavatoros un celt\u0146os sviras cilindrs kontrol\u0113 kausu vai str\u0113les kust\u012bbu zemes darbos, materi\u0101lu apstr\u0101d\u0113 un konstrukciju uzst\u0101d\u012b\u0161an\u0101.<\/li>\n<li>Ra\u017eo\u0161ana: Automatiz\u0113t\u0101s ra\u017eo\u0161anas l\u012bnij\u0101s sviras cilindrs kontrol\u0113 meh\u0101nisko sviru kust\u012bbu mont\u0101\u017eas, metin\u0101\u0161anas un apstr\u0101des procesos, uzlabojot ra\u017eo\u0161anas efektivit\u0101ti un precizit\u0101ti.<\/li>\n<li>Lauksaimniec\u012bbas tehnika: Lauksaimniec\u012bbas tehnik\u0101, piem\u0113ram, kombainos un s\u0113jma\u0161\u012bn\u0101s, sviras cilindrs kontrol\u0113 vad\u012bbas sviru kust\u012bbu t\u0101diem uzdevumiem k\u0101 st\u0101d\u012b\u0161ana, m\u0113slo\u0161ana un ra\u017eas nov\u0101k\u0161ana.<\/li>\n<li>Ieguve: Ieguves iek\u0101rt\u0101s rokas cilindrs kontrol\u0113 rokas kust\u012bbu r\u016bdas ieguvei un transport\u0113\u0161anai.<\/li>\n<li>Lo\u0123istika un transport\u0113\u0161ana: Iekr\u0101v\u0113jos un apstr\u0101des robotos rokas cilindrs kontrol\u0113 dak\u0161u pacel\u0161anu un kust\u012bbu, lai transport\u0113tu un sakrautu materi\u0101lus.<\/li>\n<\/ul>\n<h2>Dizaina apsv\u0113rumi un atlases krit\u0113riji<\/h2>\n<p>Projekt\u0113jot cilindru sviras, j\u0101\u0146em v\u0113r\u0101 \u0161\u0101di apsv\u0113rumi:<\/p>\n<ul>\n<li>Nestsp\u0113ja: Cilindram j\u0101sp\u0113j iztur\u0113t maksim\u0101lo slodzi darb\u012bbas laik\u0101.<\/li>\n<li>Bl\u012bv\u0113jums: Lai nodro\u0161in\u0101tu pareizu bl\u012bv\u0113jumu un samazin\u0101tu nopl\u016bdi, j\u0101izmanto da\u017e\u0101di bl\u012bv\u0113\u0161anas komponenti, piem\u0113ram, virzu\u013ca bl\u012bvsl\u0113gi \u200b\u200bun stie\u0146a bl\u012bvsl\u0113gi.<\/li>\n<li>Iztur\u012bba: Lai uzlabotu balona kalpo\u0161anas laiku, j\u0101izv\u0113las materi\u0101li ar augstu iztur\u012bbu un nodilumiztur\u012bbu.<\/li>\n<li>Dro\u0161\u012bba: Balonam j\u0101b\u016bt konstru\u0113tam t\u0101, lai nodro\u0161in\u0101tu dro\u0161u darb\u012bbu un nov\u0113rstu negad\u012bjumus.<\/li>\n<li>Uzturam\u012bba: Projekt\u0113jot j\u0101\u0146em v\u0113r\u0101 apkopes un komponentu nomai\u0146as vienk\u0101r\u0161\u012bba, lai samazin\u0101tu iek\u0101rtu d\u012bkst\u0101ves laiku.<\/li>\n<\/ul>\n<p><img src='https:\/\/www.hydraulic-cylinders.net\/wp-content\/uploads\/2025\/01\/songte-cylinder-head-with-all-kinds-excavator-models.webp' alt='Cilindra galva' width='500' height='300'><\/p>\n<h2>Bl\u012bv\u0113\u0161ana un e\u013c\u013co\u0161ana<\/h2>\n<p>Sviras cilindr\u0101 tiek izmantoti da\u017e\u0101di bl\u012bv\u0113\u0161anas komponenti, piem\u0113ram, virzu\u013ca bl\u012bv\u0113jumi un stie\u0146a bl\u012bv\u0113jumi, lai nodro\u0161in\u0101tu pareizu bl\u012bv\u0113jumu un samazin\u0101tu nopl\u016bdes. Bl\u012bv\u0113jumi ir izgatavoti no nodilumiztur\u012bgiem materi\u0101liem, piem\u0113ram, poliuret\u0101na un nitrila gumijas, un cilindra korpuss un v\u012bt\u0146ot\u0101 gala virsma ir smalki apstr\u0101d\u0101ta, lai uzlabotu nodilumiztur\u012bbu. Ir nepiecie\u0161ams regul\u0101ri pievienot atbilsto\u0161u hidraulisk\u0101s e\u013c\u013cas daudzumu e\u013c\u013co\u0161anai.<\/p>\n<p><img src='https:\/\/www.hydraulic-cylinders.net\/wp-content\/uploads\/2025\/01\/songte-chushion-collar.webp' alt='Bl\u012bv\u0113juma komponenti' width='500' height='300'><\/p>\n<h2>Apkope un probl\u0113mu nov\u0113r\u0161ana<\/h2>\n<p>Lai nodro\u0161in\u0101tu sviras cilindra vislab\u0101ko darb\u012bbu, j\u0101veic regul\u0101ra p\u0101rbaude un profilaktisk\u0101 apkope. \u0160ie padomi var pal\u012bdz\u0113t diagnostic\u0113t un atrisin\u0101t bie\u017ei sastopamas probl\u0113mas:<\/p>\n<ul>\n<li>Nopl\u016bde: P\u0101rbaudiet, vai bl\u012bves nav boj\u0101tas vai nodilu\u0161as, un, ja nepiecie\u0161ams, nomainiet t\u0101s. <\/li>\n<li>L\u0113na darb\u012bba: p\u0101rbaudiet, vai hidraulisk\u0101s e\u013c\u013cas l\u012bmenis nav p\u0101r\u0101k zems vai e\u013c\u013ca nav pies\u0101r\u0146ota. <\/li>\n<li>Neparasts troksnis: p\u0101rbaudiet, vai nav boj\u0101tas iek\u0161\u0113j\u0101s sast\u0101vda\u013cas, piem\u0113ram, virzu\u013ca stienis vai cilindra korpuss. <\/li>\n<\/ul>\n<p>Prevent\u012bvie pas\u0101kumi ietver regul\u0101ru hidraulisk\u0101s sist\u0113mas p\u0101rbaudi, atbilsto\u0161a hidraulisk\u0101s e\u013c\u013cas l\u012bme\u0146a uztur\u0113\u0161anu un boj\u0101tu vai nolietotu deta\u013cu savlaic\u012bgu nomai\u0146u.<\/p>\n<h2>Instal\u0101cijas rokasgr\u0101mata<\/h2>\n<p>Pirms sviras cilindra uzst\u0101d\u012b\u0161anas p\u0101rliecinieties, vai savienojumu virsma ir t\u012bra un bez gru\u017eiem. Iee\u013c\u013cojiet savienojumus un pievelciet skr\u016bves l\u012bdz nor\u0101d\u012btajam griezes momentam. P\u0113c uzst\u0101d\u012b\u0161anas p\u0101rbaudiet cilindra darb\u012bbu, lai p\u0101rliecin\u0101tos, ka tas darbojas pareizi.<\/p>\n<p><img src='https:\/\/www.hydraulic-cylinders.net\/wp-content\/uploads\/2025\/01\/songte-bushings-with-all-kinds-of-excavator-models.webp' alt='Uzst\u0101d\u012b\u0161anas rokasgr\u0101mata' width='500' height='300'><\/p>\n<h2>Dro\u0161\u012bbas apsv\u0113rumi un vides faktori<\/h2>\n<p>Sviras cilindra uzst\u0101d\u012b\u0161anas, ekspluat\u0101cijas un apkopes laik\u0101 j\u0101veic dro\u0161\u012bbas pas\u0101kumi, lai nov\u0113rstu negad\u012bjumus. Lai nodro\u0161in\u0101tu cilindra pareizu darb\u012bbu, j\u0101\u0146em v\u0113r\u0101 ar\u012b t\u0101di vides faktori k\u0101 temperat\u016bra, mitrums un \u0137\u012bmisk\u0101 iedarb\u012bba.<\/p>\n<h2>Par mums<\/h2>\n<p>K\u0101 profesion\u0101ls rezerves hidraulisko cilindru ra\u017eot\u0101js, m\u0113s pied\u0101v\u0101jam pla\u0161u produktu kl\u0101stu un esam k\u013cuvu\u0161i par vienu no vado\u0161ajiem hidraulisko cilindru vairumtirdzniec\u012bbas izplat\u012bt\u0101jiem viet\u0113j\u0101 un starptautiskaj\u0101 tirg\u016b. M\u0113s vienm\u0113r iev\u0113rojam izcilas kvalit\u0101tes principu, pa\u013caujamies uz industrializ\u0113t\u0101m ra\u017eo\u0161anas vad\u012bbas strat\u0113\u0123ij\u0101m smalk\u0101s ra\u017eo\u0161anas darbn\u012bc\u0101s un nep\u0101rtraukti uzlabojam savu tehnisko l\u012bmeni un ra\u017eo\u0161anas efektivit\u0101ti. Ievie\u0161ot augstas klases digit\u0101l\u0101s ra\u017eo\u0161anas iek\u0101rtas un profesion\u0101las test\u0113\u0161anas sist\u0113mas, m\u0113s optimiz\u0113jam savu ra\u017eo\u0161anas platformu un uzlabojam produktu kvalit\u0101tes kontroles procesu, vienlaikus saglab\u0101jot sp\u0113c\u012bgas inov\u0101ciju iesp\u0113jas. M\u016bsu m\u0113r\u0137is ir apmierin\u0101t klientu da\u017e\u0101d\u0101s vajadz\u012bbas, iev\u0113rojot augstas efektivit\u0101tes, precizit\u0101tes un augstas kvalit\u0101tes principus.<\/p>\n<p><img src='https:\/\/www.hydraulic-cylinders.net\/wp-content\/uploads\/2025\/01\/songte-company-4.webp' alt='Par mums' width='500' height='300'><\/p>\n<p>M\u0113s pied\u0101v\u0101jam piel\u0101gotus pakalpojumus, modernu ra\u017eo\u0161anas apr\u012bkojumu un kvalitat\u012bvu p\u0113cp\u0101rdo\u0161anas apkalpo\u0161anu. M\u016bsu produkti ir ieguvu\u0161i starptautiskus sertifik\u0101tus, piem\u0113ram, ISO9001 un CE. M\u0113s cen\u0161amies nodro\u0161in\u0101t klientus ar augstas kvalit\u0101tes hidrauliskajiem cilindriem un visaptvero\u0161iem pakalpojumiem.<\/p>\n<p><img src='https:\/\/www.hydraulic-cylinders.net\/wp-content\/uploads\/2025\/01\/songte-company-3.webp' alt='Sertifik\u0101ti' width='500' height='300'><\/p>\n<p>Autors: lil<\/p>","protected":false},"excerpt":{"rendered":"<p>Arm Cylinder For SDLG Middle Excavator LG6250E Introduction The arm cylinder is a specially designed hydraulic cylinder used to provide linear motion and power to the arms of various machinery such as excavators, cranes, and mechanical arms. The arm cylinder plays a crucial role in hydraulic systems, allowing attachments to move and be controlled effectively. [&hellip;]<\/p>","protected":false},"featured_media":14766,"comment_status":"open","ping_status":"closed","template":"","meta":{"_et_pb_use_builder":"","_et_pb_old_content":"","_et_gb_content_width":""},"product_brand":[],"product_cat":[1497],"product_tag":[1498,1496],"class_list":{"0":"post-16583","1":"product","2":"type-product","3":"status-publish","4":"has-post-thumbnail","6":"product_cat-arm-cylinders","7":"product_tag-arm-cylinders","8":"product_tag-hydraulic-cylinders","10":"first","11":"instock","12":"shipping-taxable","13":"product-type-simple"},"amp_enabled":true,"_links":{"self":[{"href":"https:\/\/www.hydraulic-cylinders.net\/lv\/wp-json\/wp\/v2\/product\/16583","targetHints":{"allow":["GET"]}}],"collection":[{"href":"https:\/\/www.hydraulic-cylinders.net\/lv\/wp-json\/wp\/v2\/product"}],"about":[{"href":"https:\/\/www.hydraulic-cylinders.net\/lv\/wp-json\/wp\/v2\/types\/product"}],"replies":[{"embeddable":true,"href":"https:\/\/www.hydraulic-cylinders.net\/lv\/wp-json\/wp\/v2\/comments?post=16583"}],"wp:featuredmedia":[{"embeddable":true,"href":"https:\/\/www.hydraulic-cylinders.net\/lv\/wp-json\/wp\/v2\/media\/14766"}],"wp:attachment":[{"href":"https:\/\/www.hydraulic-cylinders.net\/lv\/wp-json\/wp\/v2\/media?parent=16583"}],"wp:term":[{"taxonomy":"product_brand","embeddable":true,"href":"https:\/\/www.hydraulic-cylinders.net\/lv\/wp-json\/wp\/v2\/product_brand?post=16583"},{"taxonomy":"product_cat","embeddable":true,"href":"https:\/\/www.hydraulic-cylinders.net\/lv\/wp-json\/wp\/v2\/product_cat?post=16583"},{"taxonomy":"product_tag","embeddable":true,"href":"https:\/\/www.hydraulic-cylinders.net\/lv\/wp-json\/wp\/v2\/product_tag?post=16583"}],"curies":[{"name":"wp","href":"https:\/\/api.w.org\/{rel}","templated":true}]}}