{"id":16585,"date":"2025-01-21T05:35:56","date_gmt":"2025-01-21T05:35:56","guid":{"rendered":"https:\/\/www.hydraulic-cylinders.net\/product\/arm-cylinder-for-sdlg-large-excavator-lg6300\/"},"modified":"2025-01-21T05:35:58","modified_gmt":"2025-01-21T05:35:58","slug":"arm-cylinder-for-sdlg-large-excavator-lg6300","status":"publish","type":"product","link":"https:\/\/www.hydraulic-cylinders.net\/lv\/products\/arm-cylinder-for-sdlg-large-excavator-lg6300\/","title":{"rendered":"Sviras cilindrs SDLG lielajam ekskavatoram LG6300"},"content":{"rendered":"<h2>Sviras cilindrs SDLG lielajam ekskavatoram LG6300<\/h2>\n<h3>Ievads<\/h3>\n<p>Sviras cilindrs ir specializ\u0113ts hidrauliskais cilindrs, ko galvenok\u0101rt izmanto, lai nodro\u0161in\u0101tu line\u0101ru kust\u012bbu un jaudu da\u017e\u0101du veidu ma\u0161\u012bnu, piem\u0113ram, ekskavatoru, celt\u0146u un meh\u0101nisko sviru, svir\u0101m. Sviras cilindriem ir iz\u0161\u0137iro\u0161a noz\u012bme hidrauliskaj\u0101s sist\u0113m\u0101s, nodro\u0161inot pievienoto instrumentu vai piederumu kust\u012bbu un vad\u012bbu. \u0160ie cilindri ne tikai nodro\u0161ina vienm\u0113r\u012bgu kust\u012bbu, bet ar\u012b var iztur\u0113t lielas slodzes, nodro\u0161inot ma\u0161\u012bnu efekt\u012bvu darb\u012bbu un uzticam\u012bbu da\u017e\u0101dos ekspluat\u0101cijas apst\u0101k\u013cos.<\/p>\n<p><img decoding=\"async\" src=\"https:\/\/www.hydraulic-cylinders.net\/wp-content\/uploads\/2025\/01\/songte-company-2.webp\"><\/p>\n<h3>Funkcijas<\/h3>\n<ul>\n<li>Efekt\u012bva jaudas p\u0101rvade: Sviras cilindri var nodro\u0161in\u0101t jaud\u012bgu line\u0101ru kust\u012bbu un sp\u0113ku, garant\u0113jot meh\u0101nisk\u0101s sviras augstu veiktsp\u0113ju da\u017e\u0101du darb\u012bbu laik\u0101.<\/li>\n<li>Prec\u012bza vad\u012bba: Izmantojot hidraulisko sist\u0113mu, rokas cilindrs var pan\u0101kt prec\u012bzu kust\u012bbas vad\u012bbu, padarot pievienoto instrumentu darb\u012bbu elast\u012bg\u0101ku un prec\u012bz\u0101ku.<\/li>\n<li>Iztur\u012bba: Sviru cilindri parasti tiek ra\u017eoti, izmantojot augstas stipr\u012bbas materi\u0101lus, kuriem ir laba nodilumiztur\u012bba un iztur\u012bba pret koroziju, padarot tos piem\u0113rotus ilgsto\u0161ai lieto\u0161anai skarbos apst\u0101k\u013cos.<\/li>\n<li>Daudzfunkcion\u0101la piel\u0101go\u0161an\u0101s sp\u0113ja: \u0161os cilindrus var pla\u0161i izmantot da\u017e\u0101d\u0101s ma\u0161\u012bn\u0101s, piem\u0113ram, ekskavatoros, celt\u0146os un meh\u0101niskaj\u0101s svir\u0101s, piel\u0101gojoties da\u017e\u0101d\u0101m darba pras\u012bb\u0101m.<\/li>\n<li>Vienk\u0101r\u0161a apkope: Projekt\u0113jot \u0146emta v\u0113r\u0101 apkopes un nomai\u0146as vienk\u0101r\u0161\u012bba, padarot regul\u0101ru p\u0101rbaudi un apkopi \u0113rt\u0101ku un samazinot iek\u0101rtu d\u012bkst\u0101ves laiku.<\/li>\n<\/ul>\n<p><img decoding=\"async\" src=\"https:\/\/www.hydraulic-cylinders.net\/wp-content\/uploads\/2025\/01\/songte-oil-pipes-and-spare-parts.webp\"><\/p>\n<h3>Pieteikumi<\/h3>\n<p>Sviru cilindri tiek izmantoti da\u017e\u0101d\u0101s nozar\u0113s:<\/p>\n<ul>\n<li>B\u016bvniec\u012bba: Ekskavatoros un celt\u0146os str\u0113les cilindri kontrol\u0113 kausu vai str\u0113les kust\u012bbu zemes darbos, materi\u0101lu apstr\u0101d\u0113 un konstrukciju uzst\u0101d\u012b\u0161an\u0101.<\/li>\n<li>Ra\u017eo\u0161ana: Automatiz\u0113t\u0101s ra\u017eo\u0161anas l\u012bnij\u0101s roku cilindri kontrol\u0113 meh\u0101nisko roku kust\u012bbu mont\u0101\u017eas, metin\u0101\u0161anas un apstr\u0101des procesos, uzlabojot ra\u017eo\u0161anas efektivit\u0101ti un precizit\u0101ti.<\/li>\n<li>Lauksaimniec\u012bbas tehnika: Lauksaimniec\u012bbas tehnik\u0101, piem\u0113ram, kombainos un s\u0113jma\u0161\u012bn\u0101s, sviru cilindri kontrol\u0113 darbin\u0101\u0161anas sviru kust\u012bbu, lai veiktu t\u0101dus uzdevumus k\u0101 s\u0113\u0161ana, m\u0113slo\u0161ana un ra\u017eas nov\u0101k\u0161ana.<\/li>\n<li>Kalnr\u016bpniec\u012bba: Kalnr\u016bpniec\u012bbas iek\u0101rt\u0101s roku cilindrus izmanto, lai kontrol\u0113tu kalnr\u016bpniec\u012bbas iek\u0101rtu roku kust\u012bbu miner\u0101lu ieguvei un transport\u0113\u0161anai.<\/li>\n<li>Lo\u0123istika un transport\u0113\u0161ana: Iekr\u0101v\u0113jos un apstr\u0101des robotos roku cilindri tiek izmantoti, lai kontrol\u0113tu dak\u0161u pacel\u0161anu un kust\u012bbu, nodro\u0161inot materi\u0101lu apstr\u0101di un sakrau\u0161anu.<\/li>\n<\/ul>\n<h3>Dizaina apsv\u0113rumi un atlases krit\u0113riji<\/h3>\n<p>Projekt\u0113jot un izv\u0113loties cilindra sviras, j\u0101\u0146em v\u0113r\u0101 \u0161\u0101di faktori:<\/p>\n<h4>Kravnes\u012bba<\/h4>\n<p>Balona kravnes\u012bba j\u0101nosaka, pamatojoties uz iek\u0101rtas maksim\u0101lo slodzi.<\/p>\n<h4>Bl\u012bv\u0113\u0161ana<\/h4>\n<ul>\n<li>Virzu\u013ca bl\u012bv\u0113jumi: Lai nodro\u0161in\u0101tu labu bl\u012bv\u0113\u0161anas efektu, j\u0101izmanto poliuret\u0101ns, nitrilgumija vai citi nodilumiztur\u012bgi materi\u0101li.<\/li>\n<li>Stie\u0146a bl\u012bvsl\u0113gi: Stie\u0146a bl\u012bvsl\u0113gam j\u0101b\u016bt ar labu nodilumiztur\u012bbu, zemu berzi un augstu spiediena iztur\u012bbu. Parasti tiek izmantots poliuret\u0101ns, PTFE un citi materi\u0101li.<\/li>\n<li>Stikla t\u012br\u012bt\u0101ja bl\u012bves: Stikla t\u012br\u012bt\u0101ja bl\u012bve ir uzst\u0101d\u012bta cilindra priek\u0161pus\u0113, lai nov\u0113rstu net\u012brumu, putek\u013cu un citu pies\u0101r\u0146ot\u0101ju iek\u013c\u016b\u0161anu cilindr\u0101 un virzu\u013ca stie\u0146a boj\u0101jumus. Bie\u017ei tiek izmantota gumijas un met\u0101la kombin\u0101cija.<\/li>\n<\/ul>\n<h4>Iztur\u012bba<\/h4>\n<p>Sviru cilindriem j\u0101b\u016bt izgatavotiem no augstas iztur\u012bbas materi\u0101liem, lai tie iztur\u0113tu nodilumu, koroziju un skarbu vidi.<\/p>\n<h4>Dro\u0161\u012bba<\/h4>\n<p>Sviru cilindriem j\u0101b\u016bt konstru\u0113tiem, \u0146emot v\u0113r\u0101 dro\u0161\u012bbu, piem\u0113ram, robe\u017esl\u0113d\u017eiem, av\u0101rijas aptur\u0113\u0161anas pog\u0101m un cit\u0101m dro\u0161\u012bbas ier\u012bc\u0113m, lai nov\u0113rstu negad\u012bjumus darb\u012bbas laik\u0101.<\/p>\n<h4>Apkope<\/h4>\n<p>Balonam j\u0101b\u016bt konstru\u0113tam t\u0101, lai to b\u016btu viegli apkopt un nomain\u012bt deta\u013cas, padarot regul\u0101ru p\u0101rbaudi un apkopi \u0113rt\u0101ku un samazinot iek\u0101rtu d\u012bkst\u0101ves laiku.<\/p>\n<p><img decoding=\"async\" src=\"https:\/\/www.hydraulic-cylinders.net\/wp-content\/uploads\/2025\/01\/songte-cylinder-head-with-all-kinds-excavator-models.webp\"><\/p>\n<h3>Bl\u012bv\u0113\u0161ana un e\u013c\u013co\u0161ana<\/h3>\n<p>Lai nov\u0113rstu hidraulisk\u0101 \u0161\u0137idruma nopl\u016bdi un aizsarg\u0101tu cilindru no \u0101r\u0113jiem pies\u0101r\u0146ot\u0101jiem, tiek izmantoti da\u017e\u0101di bl\u012bv\u0113\u0161anas komponenti. Cilindra korpuss un v\u012bt\u0146ot\u0101 gala virsma ir prec\u012bzi apstr\u0101d\u0101ta, lai uzlabotu nodilumiztur\u012bbu. Lai cilindrs darbotos vienm\u0113r\u012bgi, ir nepiecie\u0161ama regul\u0101ra e\u013c\u013co\u0161ana ar hidraulisko e\u013c\u013cu.<\/p>\n<h3>Apkope un prevent\u012bvie pas\u0101kumi<\/h3>\n<p>Regul\u0101ra p\u0101rbaude un apkope ir b\u016btiska, lai nodro\u0161in\u0101tu sviras cilindra dro\u0161u darb\u012bbu. J\u0101veic \u0161\u0101di prevent\u012bvie pas\u0101kumi:<\/p>\n<ul>\n<li>P\u0101rbaudiet cilindra stiprin\u0101juma skr\u016bvju stingr\u012bbu un v\u012bt\u0146oto caurumu nodilumu.<\/li>\n<li>P\u0101rbaudiet cilindra virzu\u013ca stieni, vai taj\u0101 nav skr\u0101p\u0113jumu, nodiluma vai korozijas paz\u012bmju.<\/li>\n<li>P\u0101rbaudiet cilindra bl\u012bves, stikla t\u012br\u012bt\u0101ju bl\u012bves un citas sast\u0101vda\u013cas, vai nav boj\u0101jumu, nodiluma vai deform\u0101cijas.<\/li>\n<li>Regul\u0101ri p\u0101rbaudiet hidraulisk\u0101s e\u013c\u013cas l\u012bmeni un kvalit\u0101ti.<\/li>\n<li>Regul\u0101ri t\u012briet cilindru, lai nov\u0113rstu pies\u0101r\u0146ojumu.<\/li>\n<\/ul>\n<p><img decoding=\"async\" src=\"https:\/\/www.hydraulic-cylinders.net\/wp-content\/uploads\/2025\/01\/songte-chushion-collar.webp\"><\/p>\n<h3>Instal\u0101cijas rokasgr\u0101mata<\/h3>\n<p>Sviru cilindru uzst\u0101d\u012b\u0161ana j\u0101veic profesion\u0101liem tehni\u0137iem ar pieredzi hidrauliskaj\u0101s sist\u0113m\u0101s. J\u0101veic \u0161\u0101das darb\u012bbas:<\/p>\n<ol>\n<li>No\u0146emiet veco cilindru un not\u012briet stiprin\u0101juma virsmas.<\/li>\n<li>Uzst\u0101diet jauno cilindru un pievelciet stiprin\u0101juma skr\u016bves atbilsto\u0161i nor\u0101d\u012btajam griezes momentam.<\/li>\n<li>Pievienojiet hidraulisk\u0101s \u0161\u013c\u016btenes un savienojumus.<\/li>\n<li>Piepildiet hidraulisko sist\u0113mu ar t\u012bru hidraulisko e\u013c\u013cu un p\u0101rbaudiet, vai nav nopl\u016b\u017eu.<\/li>\n<li>P\u0101rbaudiet cilindra darb\u012bbu un veiktsp\u0113ju.<\/li>\n<\/ol>\n<h3>Dro\u0161\u012bbas un vides apsv\u0113rumi<\/h3>\n<p>Sviras cilindri parasti tiek izmantoti smagaj\u0101s ma\u0161\u012bn\u0101s, t\u0101p\u0113c dro\u0161\u012bba ir galven\u0101 priorit\u0101te. Ir svar\u012bgi uztur\u0113t cilindra dro\u0161\u012bbas ier\u012bces lab\u0101 st\u0101vokl\u012b un iev\u0113rot ra\u017eot\u0101ja nor\u0101d\u012bjumus, uzst\u0101dot, darbinot un veicot cilindra apkopi. J\u0101\u0146em v\u0113r\u0101 ar\u012b t\u0101di vides faktori k\u0101 temperat\u016bra, mitrums un pies\u0101r\u0146ot\u0101ji.<\/p>\n<h3>Bie\u017ei sastopamas probl\u0113mas un to nov\u0113r\u0161ana<\/h3>\n<p>Bie\u017ei sastopamas probl\u0113mas ar sviras cilindriem ir nopl\u016bde, nepietiekams sp\u0113ks un l\u0113na darb\u012bba. \u0160\u012bs probl\u0113mas bie\u017ei vien var atrisin\u0101t, p\u0101rbaudot hidraulisk\u0101 \u0161\u0137idruma l\u012bmeni un kvalit\u0101ti, bl\u012bv\u0113jumu un t\u012br\u012bt\u0101ju bl\u012bv\u0113jumu st\u0101vokli, k\u0101 ar\u012b hidraulisk\u0101s sist\u0113mas darb\u012bbu. Ja probl\u0113mas joproj\u0101m past\u0101v, var b\u016bt nepiecie\u0161ams nomain\u012bt deta\u013cas vai mekl\u0113t profesion\u0101lu pal\u012bdz\u012bbu.<\/p>\n<h3>Par mums<\/h3>\n<p>M\u0113s esam profesion\u0101ls rezerves hidraulisko cilindru ra\u017eot\u0101js ar pla\u0161u produktu kl\u0101stu. Esam k\u013cuvu\u0161i par vienu no vado\u0161ajiem hidraulisko cilindru ra\u017eot\u0101jiem un vairumtirgot\u0101jiem viet\u0113j\u0101 un starptautiskaj\u0101 tirg\u016b. M\u0113s vienm\u0113r iev\u0113rojam izcilas kvalit\u0101tes principu, pa\u013caujamies uz izsmalcin\u0101tas ra\u017eo\u0161anas darbn\u012bcas industrializ\u0113to ra\u017eo\u0161anas vad\u012bbas strat\u0113\u0123iju un nep\u0101rtraukti uzlabojam savu tehnisko l\u012bmeni un ra\u017eo\u0161anas efektivit\u0101ti. Ievie\u0161ot augstas klases digit\u0101l\u0101s ra\u017eo\u0161anas iek\u0101rtas un profesion\u0101las test\u0113\u0161anas sist\u0113mas, m\u0113s nep\u0101rtraukti optimiz\u0113jam ra\u017eo\u0161anas platformu, uzlabojam produktu kvalit\u0101tes kontroles procesu un mums ir sp\u0113c\u012bgas inov\u0101ciju iesp\u0113jas. M\u016bsu m\u0113r\u0137is ir apmierin\u0101t klientu daudzveid\u012bg\u0101s vajadz\u012bbas, iev\u0113rojot augstas efektivit\u0101tes, precizit\u0101tes un augstas kvalit\u0101tes principus.<\/p>\n<p><img decoding=\"async\" src=\"https:\/\/www.hydraulic-cylinders.net\/wp-content\/uploads\/2025\/01\/songte-company-4.webp\"><br \/>\n<img decoding=\"async\" src=\"https:\/\/www.hydraulic-cylinders.net\/wp-content\/uploads\/2025\/01\/songte-company-3.webp\"><\/p>\n<p>M\u0113s lepojamies ar savu profesionalit\u0101ti, starptautiskajiem sertifik\u0101tiem, pas\u016bt\u012bjuma pakalpojumiem, ra\u017eo\u0161anas apr\u012bkojumu un p\u0113cp\u0101rdo\u0161anas pakalpojumiem. M\u0113s cen\u0161amies nodro\u0161in\u0101t saviem klientiem augstas kvalit\u0101tes hidraulisko cilindru produktus un pakalpojumus, kas p\u0101rsniedz vi\u0146u cer\u012bbas.<\/p>\n<p>Autors: Lails.<\/p>","protected":false},"excerpt":{"rendered":"<p>Arm Cylinder For SDLG Large Excavator LG6300 Introduction An arm cylinder is a specialized hydraulic cylinder that is primarily used to provide linear motion and power to the arms of various types of machinery such as excavators, cranes and mechanical arms. Arm cylinders play a critical role in hydraulic systems, enabling the movement and control [&hellip;]<\/p>","protected":false},"featured_media":14759,"comment_status":"open","ping_status":"closed","template":"","meta":{"_et_pb_use_builder":"","_et_pb_old_content":"","_et_gb_content_width":""},"product_brand":[],"product_cat":[1497],"product_tag":[1498,1496],"class_list":{"0":"post-16585","1":"product","2":"type-product","3":"status-publish","4":"has-post-thumbnail","6":"product_cat-arm-cylinders","7":"product_tag-arm-cylinders","8":"product_tag-hydraulic-cylinders","10":"first","11":"instock","12":"shipping-taxable","13":"product-type-simple"},"amp_enabled":true,"_links":{"self":[{"href":"https:\/\/www.hydraulic-cylinders.net\/lv\/wp-json\/wp\/v2\/product\/16585","targetHints":{"allow":["GET"]}}],"collection":[{"href":"https:\/\/www.hydraulic-cylinders.net\/lv\/wp-json\/wp\/v2\/product"}],"about":[{"href":"https:\/\/www.hydraulic-cylinders.net\/lv\/wp-json\/wp\/v2\/types\/product"}],"replies":[{"embeddable":true,"href":"https:\/\/www.hydraulic-cylinders.net\/lv\/wp-json\/wp\/v2\/comments?post=16585"}],"wp:featuredmedia":[{"embeddable":true,"href":"https:\/\/www.hydraulic-cylinders.net\/lv\/wp-json\/wp\/v2\/media\/14759"}],"wp:attachment":[{"href":"https:\/\/www.hydraulic-cylinders.net\/lv\/wp-json\/wp\/v2\/media?parent=16585"}],"wp:term":[{"taxonomy":"product_brand","embeddable":true,"href":"https:\/\/www.hydraulic-cylinders.net\/lv\/wp-json\/wp\/v2\/product_brand?post=16585"},{"taxonomy":"product_cat","embeddable":true,"href":"https:\/\/www.hydraulic-cylinders.net\/lv\/wp-json\/wp\/v2\/product_cat?post=16585"},{"taxonomy":"product_tag","embeddable":true,"href":"https:\/\/www.hydraulic-cylinders.net\/lv\/wp-json\/wp\/v2\/product_tag?post=16585"}],"curies":[{"name":"wp","href":"https:\/\/api.w.org\/{rel}","templated":true}]}}