{"id":16592,"date":"2025-01-21T05:36:30","date_gmt":"2025-01-21T05:36:30","guid":{"rendered":"https:\/\/www.hydraulic-cylinders.net\/product\/arm-cylinder-for-jonyang-small-excavator-jy615eld\/"},"modified":"2025-01-21T05:36:32","modified_gmt":"2025-01-21T05:36:32","slug":"arm-cylinder-for-jonyang-small-excavator-jy615eld","status":"publish","type":"product","link":"https:\/\/www.hydraulic-cylinders.net\/lv\/products\/arm-cylinder-for-jonyang-small-excavator-jy615eld\/","title":{"rendered":"Sviras cilindrs Jonyang mazajam ekskavatoram JY615ELD"},"content":{"rendered":"<h2>Ievads<\/h2>\n<h3>Jonyang maz\u0101 ekskavatora JY615ELD sviras cilindrs<\/h3>\n<p>Sviras cilindrs ir speci\u0101li izstr\u0101d\u0101ts hidrauliskais cilindrs, kas nodro\u0161ina line\u0101ru kust\u012bbu un jaudu da\u017e\u0101du veidu ma\u0161\u012bnu, piem\u0113ram, ekskavatoru, celt\u0146u un meh\u0101nisko sviru, svir\u0101m. Sviras cilindram ir iz\u0161\u0137iro\u0161a noz\u012bme hidrauliskaj\u0101 sist\u0113m\u0101, \u013caujot pielikumiem vai piederumiem efekt\u012bvi p\u0101rvietoties un vad\u012bties. \u0160ie cilindri ne tikai nodro\u0161ina vienm\u0113r\u012bgu kust\u012bbu, bet ar\u012b iztur lielas slodzes, nodro\u0161inot ma\u0161\u012bnas efekt\u012bvu darb\u012bbu un uzticam\u012bbu da\u017e\u0101dos ekspluat\u0101cijas apst\u0101k\u013cos.<\/p>\n<p><img decoding=\"async\" src=\"https:\/\/www.hydraulic-cylinders.net\/wp-content\/uploads\/2025\/01\/songte-company-2.webp\" alt=\"Jonyang maz\u0101 ekskavatora JY615ELD sviras cilindrs\"><\/p>\n<h2>Produkta funkcijas<\/h2>\n<ul>\n<li>\n<h3>Efekt\u012bva jaudas p\u0101rvade<\/h3>\n<p>Sviras cilindrs nodro\u0161ina sp\u0113c\u012bgu line\u0101ru kust\u012bbu un sp\u0113ku, garant\u0113jot meh\u0101nisk\u0101s sviras augstu efektivit\u0101ti da\u017e\u0101du darb\u012bbu laik\u0101.<\/p>\n<\/li>\n<li>\n<h3>Prec\u012bza kontrole<\/h3>\n<p>Izmantojot hidraulisko sist\u0113mu, rokas cilindrs var pan\u0101kt prec\u012bzu kust\u012bbas vad\u012bbu, padarot pielikumu darb\u012bbu elast\u012bg\u0101ku un prec\u012bz\u0101ku.<\/p>\n<\/li>\n<li>\n<h3>Sp\u0113c\u012bga iztur\u012bba<\/h3>\n<p>Sviras cilindrs parasti ir izgatavots no augstas iztur\u012bbas materi\u0101liem, un tam ir laba nodilumiztur\u012bba un iztur\u012bba pret koroziju, padarot to piem\u0113rotu ilgsto\u0161ai lieto\u0161anai skarbos apst\u0101k\u013cos.<\/p>\n<\/li>\n<li>\n<h3>Daudzfunkcion\u0101la piel\u0101go\u0161an\u0101s sp\u0113ja<\/h3>\n<p>\u0160os cilindrus var pla\u0161i izmantot da\u017e\u0101d\u0101s meh\u0101nisk\u0101s iek\u0101rt\u0101s, piem\u0113ram, ekskavatoros, celt\u0146os un meh\u0101niskaj\u0101s svir\u0101s, lai piel\u0101gotos da\u017e\u0101d\u0101m darba pras\u012bb\u0101m.<\/p>\n<\/li>\n<li>\n<h3>Vienk\u0101r\u0161a apkope<\/h3>\n<p>Projekt\u0113jot ir \u0146emta v\u0113r\u0101 vienk\u0101r\u0161a apkope un nomai\u0146a, padarot regul\u0101ras p\u0101rbaudes un apkopi \u0113rt\u0101ku, k\u0101 ar\u012b samazinot iek\u0101rtu d\u012bkst\u0101ves laiku.<\/p>\n<\/li>\n<\/ul>\n<p>M\u016bsu produkts var lieliski aizst\u0101t \u0161os hidrauliskos cilindrus. <\/p>\n<p><img decoding=\"async\" src=\"https:\/\/www.hydraulic-cylinders.net\/wp-content\/uploads\/2025\/01\/songte-oil-pipes-and-spare-parts.webp\" alt=\"Jonyang maz\u0101 ekskavatora JY615ELD sviras cilindrs\"><\/p>\n<h2>Pieteikums<\/h2>\n<p>Sviras cilindrs tiek pla\u0161i izmantots da\u017e\u0101d\u0101s nozar\u0113s \u0161\u0101di:<\/p>\n<ul>\n<li>\n<h3>B\u016bvniec\u012bbas in\u017eenierija<\/h3>\n<p>Ekskavatoros un celt\u0146os sviras cilindrs tiek izmantots, lai kontrol\u0113tu kausa vai str\u0113les kust\u012bbu zemes darbu, materi\u0101lu apstr\u0101des un konstrukciju uzst\u0101d\u012b\u0161anas laik\u0101.<\/p>\n<\/li>\n<li>\n<h3>Ra\u017eo\u0161ana<\/h3>\n<p>Automatiz\u0113t\u0101s ra\u017eo\u0161anas l\u012bnij\u0101s sviras cilindrs tiek izmantots meh\u0101nisko sviru p\u0101rvieto\u0161anai, lai veiktu mont\u0101\u017eas, metin\u0101\u0161anas un apstr\u0101des procesus, uzlabojot ra\u017eo\u0161anas efektivit\u0101ti un precizit\u0101ti.<\/p>\n<\/li>\n<li>\n<h3>Lauksaimniec\u012bbas tehnika<\/h3>\n<p>Lauksaimniec\u012bbas ma\u0161\u012bn\u0101s, piem\u0113ram, kombainos un s\u0113jma\u0161\u012bn\u0101s, sviras cilindrs kontrol\u0113 vad\u012bbas sviras kust\u012bbu, lai veiktu t\u0101dus uzdevumus k\u0101 s\u0113\u0161ana, m\u0113slo\u0161ana un ra\u017eas nov\u0101k\u0161ana.<\/p>\n<\/li>\n<li>\n<h3>Kalnr\u016bpniec\u012bba<\/h3>\n<p>Kalnr\u016bpniec\u012bbas iek\u0101rt\u0101s rokas cilindrs tiek izmantots, lai kontrol\u0113tu kalnr\u016bpniec\u012bbas iek\u0101rtu rokas kust\u012bbu r\u016bdas ieguvei un transport\u0113\u0161anai.<\/p>\n<\/li>\n<li>\n<h3>Lo\u0123istika un transports<\/h3>\n<p>Iekr\u0101v\u0113jos un apstr\u0101des robotos rokas cilindrs tiek izmantots, lai kontrol\u0113tu dak\u0161as pacel\u0161anu un kust\u012bbu materi\u0101lu apstr\u0101dei un sakrau\u0161anai.<\/p>\n<\/li>\n<\/ul>\n<h2>Projekt\u0113\u0161anas apsv\u0113rumi un atlases standarti<\/h2>\n<ul>\n<li>\n<h3>Nestsp\u0113ja<\/h3>\n<p>Sviras cilindram j\u0101b\u016bt ar pietiekamu nestsp\u0113ju, lai nodro\u0161in\u0101tu meh\u0101nisk\u0101s sviras norm\u0101lu darb\u012bbu.<\/p>\n<\/li>\n<li>\n<h3>Bl\u012bv\u0113juma veiktsp\u0113ja<\/h3>\n<p>Sviras cilindr\u0101 tiek izmantoti da\u017e\u0101di bl\u012bv\u0113\u0161anas komponenti, piem\u0113ram, virzu\u013ca bl\u012bv\u0113jumi un stie\u0146a bl\u012bv\u0113jumi, kas izgatavoti no nodilumiztur\u012bgiem materi\u0101liem, piem\u0113ram, poliuret\u0101na un nitrila gumijas, lai nodro\u0161in\u0101tu izcilu bl\u012bv\u0113\u0161anas veiktsp\u0113ju.<\/p>\n<\/li>\n<li>\n<h3>Iztur\u012bba<\/h3>\n<p>Cilindra korpuss un v\u012bt\u0146ot\u0101 gala virsma tiek r\u016bp\u012bgi apstr\u0101d\u0101ta, lai uzlabotu nodilumiztur\u012bbu. Lai nodro\u0161in\u0101tu sviras cilindra ilgtermi\u0146a iztur\u012bbu, tiek izmantoti augstas iztur\u012bbas materi\u0101li.<\/p>\n<\/li>\n<li>\n<h3>Dro\u0161\u012bba un apkope<\/h3>\n<p>Sviras cilindrs ir konstru\u0113ts, \u0146emot v\u0113r\u0101 dro\u0161\u012bbas apsv\u0113rumus, piem\u0113ram, dro\u0161\u012bbas v\u0101rstu uzst\u0101d\u012b\u0161anu, lai nov\u0113rstu p\u0101rslodzi. Konstrukcij\u0101 ir \u0146emta v\u0113r\u0101 ar\u012b apkopes un deta\u013cu nomai\u0146as vienk\u0101r\u0161\u012bba.<\/p>\n<\/li>\n<\/ul>\n<p><img decoding=\"async\" src=\"https:\/\/www.hydraulic-cylinders.net\/wp-content\/uploads\/2025\/01\/songte-cylinder-head-with-all-kinds-excavator-models.webp\" alt=\"Jonyang maz\u0101 ekskavatora JY615ELD sviras cilindrs\"><\/p>\n<h2>Bl\u012bv\u0113\u0161ana un e\u013c\u013co\u0161ana<\/h2>\n<p>Sviras cilindr\u0101 tiek izmantoti da\u017e\u0101di bl\u012bv\u0113\u0161anas komponenti, piem\u0113ram, virzu\u013ca bl\u012bv\u0113jumi, stie\u0146a bl\u012bv\u0113jumi un nodiluma gredzeni, kas izgatavoti no nodilumiztur\u012bgiem materi\u0101liem, piem\u0113ram, poliuret\u0101na un nitrila gumijas, lai nodro\u0161in\u0101tu izcilu bl\u012bv\u0113\u0161anas veiktsp\u0113ju. Cilindra korpuss un v\u012bt\u0146ot\u0101 gala virsma tiek r\u016bp\u012bgi apstr\u0101d\u0101ta, lai uzlabotu nodilumiztur\u012bbu. Regul\u0101ra hidraulisk\u0101s e\u013c\u013cas pievieno\u0161ana var nodro\u0161in\u0101t sviras cilindra e\u013c\u013co\u0161anu.<\/p>\n<p><img decoding=\"async\" src=\"https:\/\/www.hydraulic-cylinders.net\/wp-content\/uploads\/2025\/01\/songte-chushion-collar.webp\" alt=\"Jonyang maz\u0101 ekskavatora JY615ELD sviras cilindrs\"><\/p>\n<h2>Apkope un probl\u0113mu nov\u0113r\u0161ana<\/h2>\n<p>Regul\u0101ra p\u0101rbaude un profilaktisk\u0101 apkope var pal\u012bdz\u0113t samazin\u0101t iesp\u0113jam\u0101s probl\u0113mas un pagarin\u0101t sviras cilindra kalpo\u0161anas laiku. Da\u017eas bie\u017ei sastopamas probl\u0113mas un to nov\u0113r\u0161anas metodes ir \u0161\u0101das:<\/p>\n<ul>\n<li>\n<h3>Nopl\u016bde<\/h3>\n<p>Nopl\u016bdes c\u0113lonis var b\u016bt bl\u012bv\u0113juma deta\u013cu boj\u0101jumi. Boj\u0101t\u0101s deta\u013cas ir j\u0101nomaina savlaic\u012bgi vai j\u0101piel\u0101go cilindra galvas uzgrieznis, lai nodro\u0161in\u0101tu, ka bl\u012bv\u0113juma deta\u013cas labi saskaras ar cilindra korpusu.<\/p>\n<\/li>\n<li>\n<h3>Neparasts troksnis<\/h3>\n<p>Neparasta trok\u0161\u0146a c\u0113lonis var b\u016bt nepietiekama e\u013c\u013co\u0161ana vai virzu\u013ca vai stie\u0146a boj\u0101jums. Ir nepiecie\u0161ams savlaic\u012bgi pievienot sm\u0113re\u013c\u013cu vai nomain\u012bt boj\u0101t\u0101s deta\u013cas.<\/p>\n<\/li>\n<li>\n<h3>Slikta kust\u012bba<\/h3>\n<p>Sliktas kust\u012bbas c\u0113lonis var b\u016bt nepietiekams spiediens vai hidraulisk\u0101s sist\u0113mas boj\u0101jums. Lai nodro\u0161in\u0101tu norm\u0101lu darb\u012bbu, ir nepiecie\u0161ams savlaic\u012bgi piel\u0101got spiedienu vai salabot hidraulisko sist\u0113mu.<\/p>\n<\/li>\n<\/ul>\n<p>Prevent\u012bvie pas\u0101kumi ietver regul\u0101ru p\u0101rbaudi un apkopi, boj\u0101tu deta\u013cu savlaic\u012bgu nomai\u0146u, k\u0101 ar\u012b pareizu lieto\u0161anu un uzglab\u0101\u0161anu.<\/p>\n<h2>Instal\u0101cijas rokasgr\u0101mata<\/h2>\n<p>Pirms uzst\u0101d\u012b\u0161anas p\u0101rbaudiet uzst\u0101d\u012b\u0161anas izm\u0113rus un izv\u0113lieties atbilsto\u0161u uzst\u0101d\u012b\u0161anas metodi. Uzst\u0101d\u012b\u0161anas laik\u0101 p\u0101rliecinieties, vai sviras cilindrs ir pareizi uzst\u0101d\u012bts un vai bl\u012bv\u0113juma komponenti labi saskaras ar cilindra korpusu. P\u0113c uzst\u0101d\u012b\u0161anas veiciet spiediena p\u0101rbaudi, lai p\u0101rbaud\u012btu, vai nav nopl\u016b\u017eu vai citu probl\u0113mu. S\u012bk\u0101ku inform\u0101ciju par uzst\u0101d\u012b\u0161anu skatiet uzst\u0101d\u012b\u0161anas rokasgr\u0101mat\u0101.<\/p>\n<p><img decoding=\"async\" src=\"https:\/\/www.hydraulic-cylinders.net\/wp-content\/uploads\/2025\/01\/songte-bushings-with-all-kinds-of-excavator-models.webp\" alt=\"Jonyang maz\u0101 ekskavatora JY615ELD sviras cilindrs\"><\/p>\n<h2>Par mums<\/h2>\n<p>M\u0113s esam profesion\u0101ls alternat\u012bvo hidraulisko cilindru ra\u017eot\u0101js ar pla\u0161u produktu kl\u0101stu un esam k\u013cuvu\u0161i par vienu no vado\u0161ajiem hidraulisko cilindru ra\u017eot\u0101jiem un vairumtirgot\u0101jiem viet\u0113j\u0101 un starptautiskaj\u0101 tirg\u016b. M\u0113s vienm\u0113r iev\u0113rojam izcil\u012bbas kvalit\u0101tes principu, pa\u013caujamies uz smalku ra\u017eo\u0161anas darbn\u012bcu r\u016bpniecisk\u0101s ra\u017eo\u0161anas vad\u012bbas strat\u0113\u0123iju un nep\u0101rtraukti uzlabojam savu tehnisko l\u012bmeni un ra\u017eo\u0161anas efektivit\u0101ti. Ievie\u0161ot augstas klases digit\u0101l\u0101s ra\u017eo\u0161anas iek\u0101rtas un profesion\u0101las test\u0113\u0161anas sist\u0113mas, m\u0113s nep\u0101rtraukti optimiz\u0113jam ra\u017eo\u0161anas platformu, uzlabojam produktu kvalit\u0101tes kontroles procesu un mums ir sp\u0113c\u012bgas inov\u0101ciju iesp\u0113jas. M\u016bsu m\u0113r\u0137is ir apmierin\u0101t klientu da\u017e\u0101d\u0101s vajadz\u012bbas ar augstu efektivit\u0101ti, precizit\u0101ti un augstas kvalit\u0101tes principiem.<\/p>\n<p><img decoding=\"async\" src=\"https:\/\/www.hydraulic-cylinders.net\/wp-content\/uploads\/2025\/01\/songte-company-4.webp\" alt=\"Par mums\"><\/p>\n<h3>M\u016bsu priek\u0161roc\u012bbas<\/h3>\n<ul>\n<li>\n<p>Profesionalit\u0101te: Mums ir profesion\u0101la komanda un modernas ra\u017eo\u0161anas iek\u0101rtas, lai nodro\u0161in\u0101tu klientus ar augstas kvalit\u0101tes hidrauliskajiem cilindriem.<\/p>\n<\/li>\n<li>\n<p>Starptautisk\u0101 sertifik\u0101cija: M\u016bsu produkti ir ieguvu\u0161i ISO9001: 2015 kvalit\u0101tes vad\u012bbas sist\u0113mas sertifik\u0101ciju un CE sertifik\u0101ciju, kas nodro\u0161ina produktu kvalit\u0101ti un dro\u0161\u012bbu.<\/p>\n<\/li>\n<li>\n<p>Piel\u0101go\u0161anas pakalpojums: m\u0113s varam piel\u0101got hidrauliskos cilindrus atbilsto\u0161i klientu pras\u012bb\u0101m, lai apmierin\u0101tu da\u017e\u0101das lietojumprogrammu vajadz\u012bbas.<\/p>\n<\/li>\n<li>\n<p>Ra\u017eo\u0161anas iek\u0101rtas: Mums ir uzlabotas ra\u017eo\u0161anas iek\u0101rtas, tostarp CNC apstr\u0101des centri, CNC virpas un citas prec\u012bzijas apstr\u0101des iek\u0101rtas, lai nodro\u0161in\u0101tu produktu kvalit\u0101ti un ra\u017eo\u0161anas efektivit\u0101ti.<\/p>\n<\/li>\n<li>\n<p>P\u0113cp\u0101rdo\u0161anas serviss: M\u016bsu profesion\u0101l\u0101 p\u0113cp\u0101rdo\u0161anas servisa komanda nodro\u0161ina klientiem savlaic\u012bgu un efekt\u012bvu p\u0113cp\u0101rdo\u0161anas servisu, garant\u0113jot klientu apmierin\u0101t\u012bbu.<\/p>\n<\/li>\n<\/ul>\n<p><img decoding=\"async\" src=\"https:\/\/www.hydraulic-cylinders.net\/wp-content\/uploads\/2025\/01\/songte-company-3.webp\" alt=\"Par mums\"><\/p>\n<p>Autors: lil<\/p>","protected":false},"excerpt":{"rendered":"<p>Introduction Arm Cylinder for Jonyang Small Excavator JY615ELD The arm cylinder is a specially designed hydraulic cylinder that provides linear movement and power to the arms of various types of machinery, such as excavators, cranes, and mechanical arms. The arm cylinder plays a critical role in the hydraulic system, enabling attachments or accessories to move [&hellip;]<\/p>","protected":false},"featured_media":14770,"comment_status":"open","ping_status":"closed","template":"","meta":{"_et_pb_use_builder":"","_et_pb_old_content":"","_et_gb_content_width":""},"product_brand":[],"product_cat":[1497],"product_tag":[1498,1496],"class_list":{"0":"post-16592","1":"product","2":"type-product","3":"status-publish","4":"has-post-thumbnail","6":"product_cat-arm-cylinders","7":"product_tag-arm-cylinders","8":"product_tag-hydraulic-cylinders","10":"first","11":"instock","12":"shipping-taxable","13":"product-type-simple"},"amp_enabled":true,"_links":{"self":[{"href":"https:\/\/www.hydraulic-cylinders.net\/lv\/wp-json\/wp\/v2\/product\/16592","targetHints":{"allow":["GET"]}}],"collection":[{"href":"https:\/\/www.hydraulic-cylinders.net\/lv\/wp-json\/wp\/v2\/product"}],"about":[{"href":"https:\/\/www.hydraulic-cylinders.net\/lv\/wp-json\/wp\/v2\/types\/product"}],"replies":[{"embeddable":true,"href":"https:\/\/www.hydraulic-cylinders.net\/lv\/wp-json\/wp\/v2\/comments?post=16592"}],"wp:featuredmedia":[{"embeddable":true,"href":"https:\/\/www.hydraulic-cylinders.net\/lv\/wp-json\/wp\/v2\/media\/14770"}],"wp:attachment":[{"href":"https:\/\/www.hydraulic-cylinders.net\/lv\/wp-json\/wp\/v2\/media?parent=16592"}],"wp:term":[{"taxonomy":"product_brand","embeddable":true,"href":"https:\/\/www.hydraulic-cylinders.net\/lv\/wp-json\/wp\/v2\/product_brand?post=16592"},{"taxonomy":"product_cat","embeddable":true,"href":"https:\/\/www.hydraulic-cylinders.net\/lv\/wp-json\/wp\/v2\/product_cat?post=16592"},{"taxonomy":"product_tag","embeddable":true,"href":"https:\/\/www.hydraulic-cylinders.net\/lv\/wp-json\/wp\/v2\/product_tag?post=16592"}],"curies":[{"name":"wp","href":"https:\/\/api.w.org\/{rel}","templated":true}]}}