{"id":16597,"date":"2025-01-21T05:36:49","date_gmt":"2025-01-21T05:36:49","guid":{"rendered":"https:\/\/www.hydraulic-cylinders.net\/product\/arm-cylinder-for-jcm-small-excavator-907d\/"},"modified":"2025-01-21T05:36:51","modified_gmt":"2025-01-21T05:36:51","slug":"arm-cylinder-for-jcm-small-excavator-907d","status":"publish","type":"product","link":"https:\/\/www.hydraulic-cylinders.net\/lv\/products\/arm-cylinder-for-jcm-small-excavator-907d\/","title":{"rendered":"JCM maz\u0101 ekskavatora 907D sviras cilindrs"},"content":{"rendered":"<h1>JCM maz\u0101 ekskavatora 907D sviras cilindrs<\/h1>\n<h2>Ievads<\/h2>\n<h3>Defin\u012bcija<\/h3>\n<p>Sviras cilindrs ir speci\u0101li izstr\u0101d\u0101ts hidrauliskais cilindrs, kas nodro\u0161ina line\u0101ru kust\u012bbu un jaudu da\u017e\u0101du veidu ma\u0161\u012bnu, piem\u0113ram, ekskavatoru, celt\u0146u un meh\u0101nisko sviru, svir\u0101m. Sviras cilindram ir iz\u0161\u0137iro\u0161a noz\u012bme hidrauliskaj\u0101s sist\u0113m\u0101s, \u013caujot pielikumiem vai piederumiem p\u0101rvietoties un tos efekt\u012bvi vad\u012bt. \u0160ie cilindri ne tikai nodro\u0161ina vienm\u0113r\u012bgas kust\u012bbas, bet ar\u012b iztur lielas slodzes, nodro\u0161inot ma\u0161\u012bnu efekt\u012bvu darb\u012bbu un uzticam\u012bbu da\u017e\u0101dos darba apst\u0101k\u013cos.<\/p>\n<p><img decoding=\"async\" src=\"https:\/\/www.hydraulic-cylinders.net\/wp-content\/uploads\/2025\/01\/songte-company-2.webp\"\/><\/p>\n<h2>Funkcijas<\/h2>\n<p>Sviru cilindriem ir vair\u0101kas \u012bpa\u0161\u012bbas, kas padara tos efekt\u012bvus un uzticamus da\u017e\u0101dos pielietojumos. Da\u017eas no \u0161\u012bm \u012bpa\u0161\u012bb\u0101m ir \u0161\u0101das:<\/p>\n<ul>\n<li><strong>Augstas efektivit\u0101tes transmisija:<\/strong> Roku cilindri nodro\u0161ina jaud\u012bgu line\u0101ru kust\u012bbu un sp\u0113ku, garant\u0113jot ma\u0161\u012bnu roku augstas veiktsp\u0113jas iesp\u0113jas da\u017e\u0101du darb\u012bbu laik\u0101.<\/li>\n<li><strong>Prec\u012bza kontrole:<\/strong> Izmantojot hidraulisk\u0101s sist\u0113mas, sviru cilindri var pan\u0101kt prec\u012bzu kust\u012bbas kontroli, padarot agreg\u0101tu darb\u012bbu elast\u012bg\u0101ku un prec\u012bz\u0101ku.<\/li>\n<li><strong>Iztur\u012bba:<\/strong> Roku cilindri parasti ir izgatavoti no augstas iztur\u012bbas materi\u0101liem, kuriem ir laba nodilumiztur\u012bba un iztur\u012bba pret koroziju, padarot tos piem\u0113rotus ilgsto\u0161ai lieto\u0161anai skarbos apst\u0101k\u013cos.<\/li>\n<li><strong>Daudzfunkcion\u0101la piel\u0101go\u0161an\u0101s sp\u0113ja:<\/strong> \u0160os cilindrus var pla\u0161i izmantot da\u017e\u0101da veida ma\u0161\u012bn\u0101s, piem\u0113ram, ekskavatoros, celt\u0146os un meh\u0101niskaj\u0101s svir\u0101s, piel\u0101gojoties da\u017e\u0101d\u0101m darba pras\u012bb\u0101m.<\/li>\n<li><strong>Vienk\u0101r\u0161a apkope:<\/strong> Projekt\u0113jot \u0146emta v\u0113r\u0101 apkopes un nomai\u0146as vienk\u0101r\u0161\u012bba, padarot regul\u0101ru p\u0101rbaudi un apkopi \u0113rt\u0101ku un samazinot iek\u0101rtu d\u012bkst\u0101ves laiku.<\/li>\n<\/ul>\n<p><img decoding=\"async\" src=\"https:\/\/www.hydraulic-cylinders.net\/wp-content\/uploads\/2025\/01\/songte-oil-pipes-and-spare-parts.webp\"\/><\/p>\n<h2>Pieteikumi<\/h2>\n<p>Sviru cilindri tiek pla\u0161i izmantoti da\u017e\u0101d\u0101s nozar\u0113s un pielietojumos, tostarp:<\/p>\n<ul>\n<li><strong>B\u016bvniec\u012bba:<\/strong> Ekskavatoros un celt\u0146os str\u0113les cilindri tiek izmantoti, lai kontrol\u0113tu kausu vai str\u0113les kust\u012bbu zemes darbos, materi\u0101lu apstr\u0101d\u0113 un konstrukciju uzst\u0101d\u012b\u0161an\u0101.<\/li>\n<li><strong>Ra\u017eo\u0161ana:<\/strong> Automatiz\u0113t\u0101s ra\u017eo\u0161anas l\u012bnij\u0101s roku cilindri tiek izmantoti meh\u0101nisko roku p\u0101rvieto\u0161anai mont\u0101\u017eas, metin\u0101\u0161anas un apstr\u0101des procesos, uzlabojot ra\u017eo\u0161anas efektivit\u0101ti un precizit\u0101ti.<\/li>\n<li><strong>Lauksaimniec\u012bbas tehnika:<\/strong> Lauksaimniec\u012bbas ma\u0161\u012bn\u0101s, piem\u0113ram, kombainos un s\u0113jma\u0161\u012bn\u0101s, sviru cilindri kontrol\u0113 darbin\u0101\u0161anas sviru kust\u012bbu, veicot t\u0101dus uzdevumus k\u0101 s\u0113\u0161ana, m\u0113slo\u0161ana un ra\u017eas nov\u0101k\u0161ana.<\/li>\n<li><strong>Kalnr\u016bpniec\u012bba:<\/strong> Kalnr\u016bpniec\u012bbas iek\u0101rt\u0101s sviru cilindri tiek izmantoti, lai kontrol\u0113tu kalnr\u016bpniec\u012bbas iek\u0101rtu sviru kust\u012bbu r\u016bdas ieguvei un transport\u0113\u0161anai.<\/li>\n<li><strong>Lo\u0123istika un transports:<\/strong> Iekr\u0101v\u0113jos un apstr\u0101des robotos roku cilindri tiek izmantoti, lai kontrol\u0113tu dak\u0161u pacel\u0161anu un kust\u012bbu, realiz\u0113jot materi\u0101lu apstr\u0101di un krau\u0161anu.<\/li>\n<\/ul>\n<h2>Projekt\u0113\u0161anas apsv\u0113rumi un atlases standarti<\/h2>\n<p>Sviru cilindriem ir vair\u0101ki konstrukcijas apsv\u0113rumi un atlases standarti, kas nodro\u0161ina to veiktsp\u0113ju un uzticam\u012bbu da\u017e\u0101dos pielietojumos. Da\u017ei no \u0161iem apsv\u0113rumiem un standartiem ietver:<\/p>\n<ul>\n<li><strong>Nestsp\u0113ja:<\/strong> Lai nodro\u0161in\u0101tu efekt\u012bvu darb\u012bbu, sviru cilindriem j\u0101sp\u0113j iztur\u0113t pielikumu un piederumu svaru un slodzi.<\/li>\n<li><strong>Bl\u012bv\u0113jums:<\/strong> Sviru cilindros tiek izmantoti da\u017e\u0101di bl\u012bv\u0113\u0161anas komponenti, piem\u0113ram, virzu\u013ca bl\u012bv\u0113jumi un stie\u0146u bl\u012bv\u0113jumi, kas izgatavoti no nodilumiztur\u012bgiem materi\u0101liem, piem\u0113ram, poliuret\u0101na un nitrila gumijas, lai nodro\u0161in\u0101tu to bl\u012bv\u0113juma veiktsp\u0113ju un ilgm\u016b\u017e\u012bbu.<\/li>\n<li><strong>Iztur\u012bba:<\/strong> Sviru cilindriem j\u0101b\u016bt izgatavotiem no augstas stipr\u012bbas materi\u0101liem, kuriem ir laba nodilumiztur\u012bba un iztur\u012bba pret koroziju, lai nodro\u0161in\u0101tu to iztur\u012bbu skarbos apst\u0101k\u013cos.<\/li>\n<li><strong>Dro\u0161\u012bba:<\/strong> Sviru cilindriem j\u0101atbilst dro\u0161\u012bbas standartiem un tiem j\u0101b\u016bt apr\u012bkotiem ar t\u0101d\u0101m funkcij\u0101m k\u0101 spiediena samazin\u0101\u0161anas v\u0101rsti un av\u0101rijas aptur\u0113\u0161anas pogas, lai aizsarg\u0101tu operatorus un iek\u0101rtas.<\/li>\n<li><strong>Apkope:<\/strong> Sviru cilindriem j\u0101b\u016bt konstru\u0113tiem t\u0101, lai tos b\u016btu viegli apkopt un remont\u0113t, ar deta\u013c\u0101m, kas ir viegli pieejamas un nomain\u0101mas.<\/li>\n<\/ul>\n<p><img decoding=\"async\" src=\"https:\/\/www.hydraulic-cylinders.net\/wp-content\/uploads\/2025\/01\/songte-cylinder-head-with-all-kinds-excavator-models.webp\"\/><\/p>\n<h2>Bl\u012bv\u0113\u0161ana un e\u013c\u013co\u0161ana<\/h2>\n<p>Sviru cilindros tiek izmantoti da\u017e\u0101di bl\u012bv\u0113\u0161anas komponenti, piem\u0113ram, virzu\u013ca bl\u012bv\u0113jumi un stie\u0146a bl\u012bv\u0113jumi, kas izgatavoti no nodilumiztur\u012bgiem materi\u0101liem, piem\u0113ram, poliuret\u0101na un nitrila gumijas, lai nodro\u0161in\u0101tu to bl\u012bv\u0113\u0161anas veiktsp\u0113ju un ilgm\u016b\u017e\u012bbu. Cilindra korpuss un v\u012btnes gala virsma ir smalki apstr\u0101d\u0101ta, lai uzlabotu nodilumiztur\u012bbu. Tie ar\u012b regul\u0101ri j\u0101iee\u013c\u013co ar atbilsto\u0161u hidraulisk\u0101s e\u013c\u013cas daudzumu, lai nodro\u0161in\u0101tu to vienm\u0113r\u012bgu un efekt\u012bvu darb\u012bbu.<\/p>\n<h2>Apkope un prevent\u012bvie pas\u0101kumi<\/h2>\n<p>Regul\u0101ra p\u0101rbaude un profilaktisk\u0101 apkope ir \u013coti svar\u012bga, lai nodro\u0161in\u0101tu sviru cilindru efekt\u012bvu darb\u012bbu un ilgm\u016b\u017e\u012bbu. Da\u017ei apkopes un prevent\u012bvie pas\u0101kumi ietver:<\/p>\n<ul>\n<li><strong>Regul\u0101ri p\u0101rbaudiet un nomainiet nolietotas vai boj\u0101tas bl\u012bves un deta\u013cas.<\/strong><\/li>\n<li><strong>Regul\u0101ri t\u012briet un iee\u013c\u013cojiet cilindru un t\u0101 sast\u0101vda\u013cas.<\/strong><\/li>\n<li><strong>Regul\u0101ri p\u0101rbaudiet hidraulisk\u0101s e\u013c\u013cas l\u012bmeni un kvalit\u0101ti un nomainiet to p\u0113c nepiecie\u0161am\u012bbas.<\/strong><\/li>\n<li><strong>P\u0101rbaudiet, vai nav nopl\u016b\u017eu, un nekav\u0113joties t\u0101s salabojiet, lai nov\u0113rstu turpm\u0101kus boj\u0101jumus.<\/strong><\/li>\n<li><strong>Nelieto\u0161anas laik\u0101 uzglab\u0101jiet balonu pareizi \u2014 t\u012br\u0101, saus\u0101 un dro\u0161\u0101 vid\u0113.<\/strong><\/li>\n<\/ul>\n<p><img decoding=\"async\" src=\"https:\/\/www.hydraulic-cylinders.net\/wp-content\/uploads\/2025\/01\/songte-chushion-collar.webp\"\/><\/p>\n<h2>Instal\u0101cijas rokasgr\u0101mata<\/h2>\n<p>Sviras cilindru uzst\u0101d\u012b\u0161ana prasa r\u016bp\u012bgu cilindru specifik\u0101ciju un tehnikas pras\u012bbu izv\u0113rt\u0113\u0161anu. Da\u017eas uzst\u0101d\u012b\u0161anas vadl\u012bnijas ietver:<\/p>\n<ul>\n<li><strong>Pirms uzst\u0101d\u012b\u0161anas p\u0101rliecinieties, vai cilindrs un t\u0101 sast\u0101vda\u013cas ir t\u012bras un bez gru\u017eiem.<\/strong><\/li>\n<li><strong>P\u0101rliecinieties, vai cilindrs ir uzst\u0101d\u012bts pareizaj\u0101 poz\u012bcij\u0101 un orient\u0101cij\u0101, pareizi izl\u012bdzinot mont\u0101\u017eas caurumus un tapas.<\/strong><\/li>\n<li><strong>Pievelciet stiprin\u0101juma skr\u016bves un uzgrie\u017e\u0146us l\u012bdz pareizajam griezes momenta iestat\u012bjumam.<\/strong><\/li>\n<li><strong>Pareizi pievienojiet hidraulisk\u0101s \u0161\u013c\u016btenes un savienojumus, p\u0101rliecinoties, ka nav nopl\u016b\u017eu vai samezglojumu.<\/strong><\/li>\n<li><strong>Pirms jebk\u0101du cilindra lieto\u0161anas p\u0101rbaudiet t\u0101 darb\u012bbu un p\u0101rliecinieties, ka tas darbojas pareizi.<\/strong><\/li>\n<\/ul>\n<h2>Dro\u0161\u012bbas apsv\u0113rumi un vides faktori<\/h2>\n<p>Roku cilindriem j\u0101atbilst dro\u0161\u012bbas standartiem un tiem j\u0101b\u016bt apr\u012bkotiem ar t\u0101d\u0101m funkcij\u0101m k\u0101 spiediena samazin\u0101\u0161anas v\u0101rsti un av\u0101rijas aptur\u0113\u0161anas pogas, lai aizsarg\u0101tu operatorus un iek\u0101rtas. Str\u0101d\u0101jot ar iek\u0101rt\u0101m, kur\u0101s tiek izmantoti roku cilindri, ir svar\u012bgi iev\u0113rot dro\u0161\u012bbas vadl\u012bnijas un noteikumus. Vides faktori, piem\u0113ram, temperat\u016bra, mitrums un \u0137\u012bmisko vielu iedarb\u012bba, var ietekm\u0113t ar\u012b roku cilindru veiktsp\u0113ju un ilgm\u016b\u017e\u012bbu. Izv\u0113loties un lietojot roku cilindrus, ir svar\u012bgi \u0146emt v\u0113r\u0101 \u0161os faktorus.<\/p>\n<h2>Probl\u0113mu nov\u0113r\u0161ana un bie\u017ei sastopamas probl\u0113mas<\/h2>\n<p>Da\u017eas bie\u017ei sastopamas probl\u0113mas, kas var rasties, lietojot sviras cilindrus, ir nopl\u016bdes, darb\u012bbas trauc\u0113jumi un nepareiza darb\u012bba. Lai diagnostic\u0113tu un nov\u0113rstu \u0161\u012bs probl\u0113mas, da\u017ei probl\u0113mu nov\u0113r\u0161anas padomi un risin\u0101jumi ir \u0161\u0101di:<\/p>\n<ul>\n<li><strong>P\u0101rbaudiet, vai nav nopl\u016b\u017eu, un salabojiet vai nomainiet boj\u0101t\u0101s bl\u012bves vai deta\u013cas.<\/strong><\/li>\n<li><strong>P\u0101rbaudiet hidraulisk\u0101s e\u013c\u013cas l\u012bmeni un kvalit\u0101ti un nomainiet to, ja nepiecie\u0161ams.<\/strong><\/li>\n<li><strong>P\u0101rbaudiet cilindru, vai nav boj\u0101jumu vai nodiluma, un nomainiet visas nolietot\u0101s vai boj\u0101t\u0101s deta\u013cas.<\/strong><\/li>\n<li><strong>P\u0101rbaudiet, vai nav aizsprostojumu vai \u0161\u0137\u0113r\u0161\u013cu, un nov\u0113rsiet tos.<\/strong><\/li>\n<li><strong>Ja probl\u0113ma joproj\u0101m past\u0101v vai ir nopietna, iepaz\u012bstieties ar ra\u017eot\u0101ja rokasgr\u0101matu vai mekl\u0113jiet eksperta pal\u012bdz\u012bbu.<\/strong><\/li>\n<\/ul>\n<p><img decoding=\"async\" src=\"https:\/\/www.hydraulic-cylinders.net\/wp-content\/uploads\/2025\/01\/songte-bushings-with-all-kinds-of-excavator-models.webp\"\/><\/p>\n<h2>Par mums<\/h2>\n<p>M\u0113s esam profesion\u0101ls rezerves hidraulisko cilindru ra\u017eot\u0101js ar pla\u0161u produktu kl\u0101stu un esam k\u013cuvu\u0161i par vienu no vado\u0161ajiem hidraulisko cilindru ra\u017eot\u0101jiem un vairumtirdzniec\u012bbas izplat\u012bt\u0101jiem viet\u0113j\u0101 un starptautiskaj\u0101 tirg\u016b. M\u0113s vienm\u0113r iev\u0113rojam izcilas kvalit\u0101tes principu, pa\u013caujoties uz sare\u017e\u0123\u012btu ra\u017eo\u0161anas darbn\u012bcu r\u016bpniecisk\u0101s ra\u017eo\u0161anas vad\u012bbas strat\u0113\u0123iju, past\u0101v\u012bgi uzlabojot savu tehnisko l\u012bmeni un ra\u017eo\u0161anas efektivit\u0101ti. Ievie\u0161ot augstas klases digit\u0101l\u0101s ra\u017eo\u0161anas iek\u0101rtas un profesion\u0101las test\u0113\u0161anas sist\u0113mas, m\u0113s nep\u0101rtraukti optimiz\u0113jam savu ra\u017eo\u0161anas platformu, uzlabojam produktu kvalit\u0101tes kontroles procesus un mums ir sp\u0113c\u012bgas inov\u0101ciju iesp\u0113jas. M\u016bsu m\u0113r\u0137is ir apmierin\u0101t klientu daudzveid\u012bg\u0101s vajadz\u012bbas ar augstu efektivit\u0101ti, precizit\u0101ti un augstas kvalit\u0101tes principiem.<\/p>\n<h2>M\u016bsu pakalpojumi<\/h2>\n<p>M\u0113s pied\u0101v\u0101jam saviem klientiem da\u017e\u0101dus pakalpojumus, tostarp:<\/p>\n<ul>\n<li><strong>Profesionalit\u0101te:<\/strong> M\u016bsu komand\u0101 str\u0101d\u0101 pieredz\u0113ju\u0161i in\u017eenieri un tehni\u0137i, kas var sniegt profesion\u0101lus un piel\u0101gotus risin\u0101jumus, lai apmierin\u0101tu klientu unik\u0101l\u0101s vajadz\u012bbas.<\/li>\n<li><strong>Starptautisk\u0101 sertifik\u0101cija:<\/strong> M\u016bsu produkti ir iztur\u0113ju\u0161i da\u017e\u0101das starptautiskas sertifik\u0101cijas, piem\u0113ram, ISO9001, CE un SGS.<\/li>\n<li><strong>Piel\u0101go\u0161ana:<\/strong> M\u0113s varam piel\u0101got produktus atbilsto\u0161i klienta \u012bpa\u0161aj\u0101m pras\u012bb\u0101m, piem\u0113ram, izm\u0113ram, spiedienam un materi\u0101lam.<\/li>\n<li><strong>Ra\u017eo\u0161anas iek\u0101rtas:<\/strong> M\u0113s izmantojam modernas ra\u017eo\u0161anas iek\u0101rtas un procesus, lai nodro\u0161in\u0101tu m\u016bsu produktu augstu kvalit\u0101ti un precizit\u0101ti.<\/li>\n<li><strong>P\u0113cp\u0101rdo\u0161anas serviss:<\/strong> M\u0113s pied\u0101v\u0101jam visaptvero\u0161us p\u0113cp\u0101rdo\u0161anas pakalpojumus, piem\u0113ram, apkopi, remontu un tehnisko atbalstu, lai nodro\u0161in\u0101tu klientu apmierin\u0101t\u012bbu.<\/li>\n<\/ul>\n<p><img decoding=\"async\" src=\"https:\/\/www.hydraulic-cylinders.net\/wp-content\/uploads\/2025\/01\/songte-company-4.webp\"\/><br \/>\n<img decoding=\"async\" src=\"https:\/\/www.hydraulic-cylinders.net\/wp-content\/uploads\/2025\/01\/songte-company-3.webp\"\/><\/p>\n<p>Autors: lil<\/p>","protected":false},"excerpt":{"rendered":"<p>Arm Cylinder For JCM Small Excavator 907D Introduction Definition An arm cylinder is a specially designed hydraulic cylinder that provides linear motion and power to the arms of various types of machinery, such as excavators, cranes, and mechanical arms. The arm cylinder plays a crucial role in hydraulic systems, allowing attachments or accessories to move [&hellip;]<\/p>","protected":false},"featured_media":14783,"comment_status":"open","ping_status":"closed","template":"","meta":{"_et_pb_use_builder":"","_et_pb_old_content":"","_et_gb_content_width":""},"product_brand":[],"product_cat":[1497],"product_tag":[1498,1496],"class_list":{"0":"post-16597","1":"product","2":"type-product","3":"status-publish","4":"has-post-thumbnail","6":"product_cat-arm-cylinders","7":"product_tag-arm-cylinders","8":"product_tag-hydraulic-cylinders","10":"first","11":"instock","12":"shipping-taxable","13":"product-type-simple"},"amp_enabled":true,"_links":{"self":[{"href":"https:\/\/www.hydraulic-cylinders.net\/lv\/wp-json\/wp\/v2\/product\/16597","targetHints":{"allow":["GET"]}}],"collection":[{"href":"https:\/\/www.hydraulic-cylinders.net\/lv\/wp-json\/wp\/v2\/product"}],"about":[{"href":"https:\/\/www.hydraulic-cylinders.net\/lv\/wp-json\/wp\/v2\/types\/product"}],"replies":[{"embeddable":true,"href":"https:\/\/www.hydraulic-cylinders.net\/lv\/wp-json\/wp\/v2\/comments?post=16597"}],"wp:featuredmedia":[{"embeddable":true,"href":"https:\/\/www.hydraulic-cylinders.net\/lv\/wp-json\/wp\/v2\/media\/14783"}],"wp:attachment":[{"href":"https:\/\/www.hydraulic-cylinders.net\/lv\/wp-json\/wp\/v2\/media?parent=16597"}],"wp:term":[{"taxonomy":"product_brand","embeddable":true,"href":"https:\/\/www.hydraulic-cylinders.net\/lv\/wp-json\/wp\/v2\/product_brand?post=16597"},{"taxonomy":"product_cat","embeddable":true,"href":"https:\/\/www.hydraulic-cylinders.net\/lv\/wp-json\/wp\/v2\/product_cat?post=16597"},{"taxonomy":"product_tag","embeddable":true,"href":"https:\/\/www.hydraulic-cylinders.net\/lv\/wp-json\/wp\/v2\/product_tag?post=16597"}],"curies":[{"name":"wp","href":"https:\/\/api.w.org\/{rel}","templated":true}]}}