{"id":16600,"date":"2025-01-21T05:37:00","date_gmt":"2025-01-21T05:37:00","guid":{"rendered":"https:\/\/www.hydraulic-cylinders.net\/product\/arm-cylinder-for-jcm-middle-excavator-921d\/"},"modified":"2025-01-21T05:37:02","modified_gmt":"2025-01-21T05:37:02","slug":"arm-cylinder-for-jcm-middle-excavator-921d","status":"publish","type":"product","link":"https:\/\/www.hydraulic-cylinders.net\/lv\/products\/arm-cylinder-for-jcm-middle-excavator-921d\/","title":{"rendered":"JCM vid\u0113j\u0101 ekskavatora 921D sviras cilindrs"},"content":{"rendered":"<h1>JCM vid\u0113j\u0101 ekskavatora 921D sviras cilindrs<\/h1>\n<h2>Ievads<\/h2>\n<p>Sviras cilindrs ir speci\u0101li izstr\u0101d\u0101ts hidrauliskais cilindrs, ko galvenok\u0101rt izmanto, lai nodro\u0161in\u0101tu line\u0101ru kust\u012bbu un jaudu da\u017e\u0101du veidu ma\u0161\u012bnu, piem\u0113ram, ekskavatoru, celt\u0146u un meh\u0101nisko sviru, svirai. Tam ir galven\u0101 loma hidrauliskaj\u0101 sist\u0113m\u0101, \u013caujot efekt\u012bvi p\u0101rvietot un vad\u012bt papildu instrumentus vai stiprin\u0101jumus. \u0160ie cilindri ne tikai nodro\u0161ina vienm\u0113r\u012bgu kust\u012bbu, bet ar\u012b iztur lielas slodzes, nodro\u0161inot ma\u0161\u012bnas efekt\u012bvu darb\u012bbu un uzticam\u012bbu da\u017e\u0101dos ekspluat\u0101cijas apst\u0101k\u013cos. <\/p>\n<p><img decoding=\"async\" src=\"https:\/\/www.hydraulic-cylinders.net\/wp-content\/uploads\/2025\/01\/songte-company-2.webp\"\/><\/p>\n<h2>Funkcijas<\/h2>\n<ul>\n<li>Efekt\u012bva jaudas p\u0101rvade: Sviras cilindrs var nodro\u0161in\u0101t jaud\u012bgu line\u0101ru kust\u012bbu un sp\u0113ku, garant\u0113jot meh\u0101nisk\u0101s sviras augstu efektivit\u0101ti da\u017e\u0101d\u0101s darb\u012bb\u0101s.<\/li>\n<li>Prec\u012bza vad\u012bba: Izmantojot hidraulisko sist\u0113mu, rokas cilindrs var pan\u0101kt prec\u012bzu kust\u012bbas vad\u012bbu, padarot papildu instrumentu darb\u012bbu elast\u012bg\u0101ku un prec\u012bz\u0101ku.<\/li>\n<li>Sp\u0113c\u012bga iztur\u012bba: Sviras cilindrs parasti ir izgatavots no augstas stipr\u012bbas materi\u0101liem, tam ir laba nodilumiztur\u012bba un iztur\u012bba pret koroziju, padarot to piem\u0113rotu ilgsto\u0161ai lieto\u0161anai skarbos apst\u0101k\u013cos.<\/li>\n<li>Daudzfunkcion\u0101la piel\u0101gojam\u012bba: \u0161os cilindrus var pla\u0161i izmantot da\u017e\u0101d\u0101s ma\u0161\u012bn\u0101s, piem\u0113ram, ekskavatoros, celt\u0146os un meh\u0101niskaj\u0101s svir\u0101s, piel\u0101gojoties da\u017e\u0101d\u0101m darba pras\u012bb\u0101m.<\/li>\n<li>Vienk\u0101r\u0161a apkope: Projekt\u0113jot \u0146emta v\u0113r\u0101 apkopes un nomai\u0146as vienk\u0101r\u0161\u012bba, padarot regul\u0101ras p\u0101rbaudes un apkopi \u0113rt\u0101ku un samazinot iek\u0101rtu d\u012bkst\u0101ves laiku.<\/li>\n<\/ul>\n<p><img decoding=\"async\" src=\"https:\/\/www.hydraulic-cylinders.net\/wp-content\/uploads\/2025\/01\/songte-oil-pipes-and-spare-parts.webp\"\/><\/p>\n<h2>Pieteikumi<\/h2>\n<p>Sviras cilindrs tiek pla\u0161i izmantots da\u017e\u0101d\u0101s nozar\u0113s:<\/p>\n<ul>\n<li>B\u016bvniec\u012bbas in\u017eenierija: Ekskavatoros un celt\u0146os sviras cilindrs tiek izmantots, lai kontrol\u0113tu kausa vai str\u0113les kust\u012bbu zemes p\u0101rvieto\u0161anas, materi\u0101lu apstr\u0101des un konstrukciju uzst\u0101d\u012b\u0161anas laik\u0101.<\/li>\n<li>Ra\u017eo\u0161anas nozare: Automatiz\u0113t\u0101s ra\u017eo\u0161anas l\u012bnij\u0101s sviras cilindrs tiek izmantots meh\u0101nisko sviru kust\u012bbai, piem\u0113ram, mont\u0101\u017eai, metin\u0101\u0161anai un apstr\u0101dei, lai uzlabotu ra\u017eo\u0161anas efektivit\u0101ti un precizit\u0101ti.<\/li>\n<li>Lauksaimniec\u012bbas tehnika: Lauksaimniec\u012bbas tehnik\u0101, piem\u0113ram, kombainos un s\u0113jma\u0161\u012bn\u0101s, sviras cilindrs kontrol\u0113 vad\u012bbas sviras kust\u012bbu t\u0101diem uzdevumiem k\u0101 s\u0113\u0161ana, m\u0113slo\u0161ana un ra\u017eas nov\u0101k\u0161ana.<\/li>\n<li>Kalnr\u016bpniec\u012bba: Kalnr\u016bpniec\u012bbas iek\u0101rt\u0101s rokas cilindru izmanto, lai kontrol\u0113tu kalnr\u016bpniec\u012bbas iek\u0101rtu rokas kust\u012bbu r\u016bdas ieguvei un transport\u0113\u0161anai.<\/li>\n<li>Lo\u0123istika un transport\u0113\u0161ana: Iekr\u0101v\u0113jos un apstr\u0101des robotos rokas cilindrs tiek izmantots, lai kontrol\u0113tu dak\u0161as pacel\u0161anu un kust\u012bbu, realiz\u0113jot materi\u0101lu apstr\u0101di un sakrau\u0161anu.<\/li>\n<\/ul>\n<h2>Dizaina apsv\u0113rumi un atlases krit\u0113riji<\/h2>\n<p>Sviras cilindra konstrukcijai j\u0101\u0146em v\u0113r\u0101 \u0161\u0101di aspekti:<\/p>\n<ul>\n<li>Nestsp\u0113ja: Sviras cilindram j\u0101iztur piestiprin\u0101t\u0101s tehnikas slodze, un attiec\u012bgi j\u0101izv\u0113las cilindra izm\u0113rs un iztur\u012bba.<\/li>\n<li>Bl\u012bv\u0113jums: J\u0101izmanto da\u017e\u0101di bl\u012bv\u0113\u0161anas komponenti, piem\u0113ram, virzu\u013ca bl\u012bvsl\u0113gi \u200b\u200bun stie\u0146a bl\u012bvsl\u0113gi, un j\u0101izv\u0113las nodilumiztur\u012bgi materi\u0101li, piem\u0113ram, poliuret\u0101ns un nitrilgumija.<\/li>\n<li>Iztur\u012bba: Cilindra korpusam un v\u012bt\u0146otajai gala virsmai j\u0101b\u016bt smalki apstr\u0101d\u0101tai, lai uzlabotu nodilumiztur\u012bbu un iztur\u012bbu pret koroziju.<\/li>\n<li>Dro\u0161\u012bba: Projekt\u0113jot j\u0101\u0146em v\u0113r\u0101 dro\u0161\u012bbas apsv\u0113rumi, piem\u0113ram, p\u0113k\u0161\u0146as cilindra atteices nov\u0113r\u0161ana un dro\u0161as darb\u012bbas nodro\u0161in\u0101\u0161ana.<\/li>\n<li>Uzturam\u012bba: Projekt\u0113jot j\u0101\u0146em v\u0113r\u0101 viegla apkope un nomai\u0146a, lai samazin\u0101tu iek\u0101rtu d\u012bkst\u0101ves laiku.<\/li>\n<\/ul>\n<p><img decoding=\"async\" src=\"https:\/\/www.hydraulic-cylinders.net\/wp-content\/uploads\/2025\/01\/songte-cylinder-head-with-all-kinds-excavator-models.webp\"\/><\/p>\n<h2>Bl\u012bv\u0113\u0161ana un e\u013c\u013co\u0161ana<\/h2>\n<p>Sviras cilindram tiek izmantoti da\u017e\u0101di bl\u012bv\u0113\u0161anas komponenti, piem\u0113ram, virzu\u013ca bl\u012bvsl\u0113gi \u200b\u200bun stie\u0146a bl\u012bvsl\u0113gi, un j\u0101izv\u0113las nodilumiztur\u012bgi materi\u0101li, piem\u0113ram, poliuret\u0101ns un nitrilgumija. Cilindra korpuss un v\u012bt\u0146ot\u0101 gala virsma ir smalki apstr\u0101d\u0101ta, lai uzlabotu nodilumiztur\u012bbu un korozijas iztur\u012bbu. Regul\u0101ri j\u0101pievieno atbilsto\u0161s hidraulisk\u0101s e\u013c\u013cas daudzums e\u013c\u013co\u0161anai.<\/p>\n<h2>Apkope un remonts<\/h2>\n<p>Regul\u0101ras p\u0101rbaudes un profilaktisk\u0101s apkopes pas\u0101kumi ir b\u016btiski, lai nodro\u0161in\u0101tu sviras cilindra efekt\u012bvu un dro\u0161u darb\u012bbu. J\u0101veic \u0161\u0101di pas\u0101kumi:<\/p>\n<ul>\n<li>Regul\u0101ra cilindra korpusa un bl\u012bv\u0113juma deta\u013cu p\u0101rbaude, vai nav nodiluma un boj\u0101jumu, nepiecie\u0161am\u012bbas gad\u012bjum\u0101 savlaic\u012bgi nomainot t\u0101s.<\/li>\n<li>Regul\u0101ra hidraulisk\u0101s e\u013c\u013cas mai\u0146a, lai nodro\u0161in\u0101tu pareizu e\u013c\u013co\u0161anu un nov\u0113rstu pies\u0101r\u0146ojumu.<\/li>\n<li>Regul\u0101ra hidraulisk\u0101s sist\u0113mas p\u0101rbaude, vai nav nopl\u016b\u017eu un boj\u0101jumu, savlaic\u012bgi remont\u0113jot vai nomainot boj\u0101t\u0101s deta\u013cas.<\/li>\n<\/ul>\n<p><img decoding=\"async\" src=\"https:\/\/www.hydraulic-cylinders.net\/wp-content\/uploads\/2025\/01\/songte-chushion-collar.webp\"\/><\/p>\n<h2>Instal\u0101cijas rokasgr\u0101mata<\/h2>\n<p>Lai pareizi uzst\u0101d\u012btu cilindra sviru, j\u0101veic \u0161\u0101das darb\u012bbas:<\/p>\n<ol>\n<li>P\u0101rliecinieties, vai cilindrs un t\u0101 stiprin\u0101juma virsmas ir t\u012bras un bez gru\u017eiem vai pies\u0101r\u0146ot\u0101jiem.<\/li>\n<li>Uzst\u0101diet cilindru saska\u0146\u0101 ar ra\u017eot\u0101ja nor\u0101d\u012bjumiem, uzman\u012bgi, lai nesaboj\u0101tu bl\u012bv\u0113juma deta\u013cas vai cilindra korpusu.<\/li>\n<li>Pievienojiet hidraulisk\u0101s \u0161\u013c\u016btenes un savienojumus, p\u0101rliecinoties, ka tie ir cie\u0161i pievilkti un pareizi izl\u012bdzin\u0101ti.<\/li>\n<li>P\u0101rbaudiet hidraulisko sist\u0113mu, vai taj\u0101 nav nopl\u016b\u017eu un vai t\u0101 darbojas pareizi.<\/li>\n<\/ol>\n<h2>Dro\u0161\u012bbas un vides apsv\u0113rumi<\/h2>\n<p>J\u0101veic atbilsto\u0161i dro\u0161\u012bbas pas\u0101kumi, lai nov\u0113rstu traumas vai boj\u0101jumus sviras cilindra uzst\u0101d\u012b\u0161anas, ekspluat\u0101cijas un apkopes laik\u0101. J\u0101iev\u0113ro ar\u012b vides noteikumi un standarti, lai nov\u0113rstu pies\u0101r\u0146ojumu un samazin\u0101tu ietekmi uz vidi.<\/p>\n<h2>Probl\u0113mu nov\u0113r\u0161ana un bie\u017ei sastopamas probl\u0113mas<\/h2>\n<p>T\u0101l\u0101k ir nor\u0101d\u012btas bie\u017ei sastopam\u0101s probl\u0113mas un to iesp\u0113jamie c\u0113lo\u0146i:<\/p>\n<ul>\n<li>Cilindrs neizvirz\u0101s vai neievelkas: Zems hidrauliskais spiediens, boj\u0101ti bl\u012bv\u0113juma komponenti vai boj\u0101ts virzulis vai stienis.<\/li>\n<li>Cilindra nopl\u016bdes: Boj\u0101ti bl\u012bv\u0113juma komponenti vai boj\u0101ts cilindra korpuss.<\/li>\n<li>Cilindrs darbojas l\u0113ni vai nevienm\u0113r\u012bgi: Zems hidrauliskais spiediens, boj\u0101tas vai nolietotas hidraulisk\u0101s \u0161\u013c\u016btenes vai boj\u0101ts vai nolietots vad\u012bbas v\u0101rsts.<\/li>\n<\/ul>\n<p>Lai nov\u0113rstu \u0161\u012bs probl\u0113mas, j\u0101veic \u0161\u0101das darb\u012bbas:<\/p>\n<ul>\n<li>P\u0101rbaudiet hidraulisko spiedienu un, ja nepiecie\u0161ams, noregul\u0113jiet.<\/li>\n<li>P\u0101rbaudiet bl\u012bv\u0113juma komponentus un, ja nepiecie\u0161ams, nomainiet tos.<\/li>\n<li>P\u0101rbaudiet hidraulisk\u0101s \u0161\u013c\u016btenes un vad\u012bbas v\u0101rstu un, ja nepiecie\u0161ams, nomainiet tos.<\/li>\n<\/ul>\n<p>Prevent\u012bvie pas\u0101kumi ietver regul\u0101ras p\u0101rbaudes un apkopi, atbilsto\u0161u e\u013c\u013co\u0161anu un balona p\u0101rslodzes vai nepareizas lieto\u0161anas nov\u0113r\u0161anu.<\/p>\n<p><img decoding=\"async\" src=\"https:\/\/www.hydraulic-cylinders.net\/wp-content\/uploads\/2025\/01\/songte-bushings-with-all-kinds-of-excavator-models.webp\"\/><\/p>\n<h2>Par mums<\/h2>\n<p>M\u0113s esam profesion\u0101ls rezerves hidraulisko cilindru ra\u017eot\u0101js ar pla\u0161u produktu kl\u0101stu un esam k\u013cuvu\u0161i par vienu no vado\u0161ajiem hidraulisko cilindru ra\u017eot\u0101jiem un vairumtirdzniec\u012bbas izplat\u012bt\u0101jiem viet\u0113j\u0101 un starptautiskaj\u0101 tirg\u016b. M\u0113s vienm\u0113r iev\u0113rojam izcilas kvalit\u0101tes principu, pa\u013caujamies uz industrializ\u0113t\u0101m ra\u017eo\u0161anas vad\u012bbas strat\u0113\u0123ij\u0101m smalk\u0101s ra\u017eo\u0161anas darbn\u012bc\u0101s un past\u0101v\u012bgi uzlabojam tehnolo\u0123ijas un ra\u017eo\u0161anas efektivit\u0101ti. Ievie\u0161ot augstas klases digit\u0101l\u0101s ra\u017eo\u0161anas iek\u0101rtas un profesion\u0101las test\u0113\u0161anas sist\u0113mas, m\u0113s optimiz\u0113jam ra\u017eo\u0161anas platformu, uzlabojam produktu kvalit\u0101tes kontroles procesus un mums ir sp\u0113c\u012bgas inovat\u012bvas sp\u0113jas. M\u016bsu m\u0113r\u0137is ir apmierin\u0101t klientu da\u017e\u0101d\u0101s vajadz\u012bbas ar efekt\u012bviem, prec\u012bziem un augstas kvalit\u0101tes produktiem.<\/p>\n<h2>M\u016bsu pakalpojumi<\/h2>\n<ul>\n<li>Profesionalit\u0101te: Mums ir pieredz\u0113ju\u0161u in\u017eenieru un tehni\u0137u komanda, kas var sniegt profesion\u0101las konsult\u0101cijas un piel\u0101gotus risin\u0101jumus.<\/li>\n<li>Starptautisk\u0101 sertifik\u0101cija: M\u016bsu produkti ir ieguvu\u0161i da\u017e\u0101dus starptautiskus sertifik\u0101tus, piem\u0113ram, ISO9001, CE un RoHS.<\/li>\n<li>Piel\u0101go\u0161ana: M\u0113s varam piel\u0101got hidrauliskos cilindrus atbilsto\u0161i klientu pras\u012bb\u0101m un nodro\u0161in\u0101t OEM pakalpojumus.<\/li>\n<li>Ra\u017eo\u0161anas iek\u0101rtas: Mums ir modernas ra\u017eo\u0161anas iek\u0101rtas, piem\u0113ram, CNC iek\u0101rtas un test\u0113\u0161anas sist\u0113mas, lai nodro\u0161in\u0101tu efekt\u012bvu un augstas kvalit\u0101tes ra\u017eo\u0161anu.<\/li>\n<li>P\u0113cp\u0101rdo\u0161anas serviss: M\u0113s pied\u0101v\u0101jam visaptvero\u0161u p\u0113cp\u0101rdo\u0161anas servisu un tehnisko atbalstu, lai nodro\u0161in\u0101tu klientu apmierin\u0101t\u012bbu.<\/li>\n<\/ul>\n<p><img decoding=\"async\" src=\"https:\/\/www.hydraulic-cylinders.net\/wp-content\/uploads\/2025\/01\/songte-company-4.webp\"\/><br \/>\n<img decoding=\"async\" src=\"https:\/\/www.hydraulic-cylinders.net\/wp-content\/uploads\/2025\/01\/songte-company-3.webp\"\/><\/p>\n<p>Autors: lil<\/p>","protected":false},"excerpt":{"rendered":"<p>Arm Cylinder For JCM Middle Excavator 921D Introduction The arm cylinder is a specially designed hydraulic cylinder that is mainly used to provide linear motion and power to the arm of various types of machinery such as excavators, cranes and mechanical arms. It plays a key role in the hydraulic system, enabling additional tools or [&hellip;]<\/p>","protected":false},"featured_media":14774,"comment_status":"open","ping_status":"closed","template":"","meta":{"_et_pb_use_builder":"","_et_pb_old_content":"","_et_gb_content_width":""},"product_brand":[],"product_cat":[1497],"product_tag":[1498,1496],"class_list":{"0":"post-16600","1":"product","2":"type-product","3":"status-publish","4":"has-post-thumbnail","6":"product_cat-arm-cylinders","7":"product_tag-arm-cylinders","8":"product_tag-hydraulic-cylinders","10":"first","11":"instock","12":"shipping-taxable","13":"product-type-simple"},"amp_enabled":true,"_links":{"self":[{"href":"https:\/\/www.hydraulic-cylinders.net\/lv\/wp-json\/wp\/v2\/product\/16600","targetHints":{"allow":["GET"]}}],"collection":[{"href":"https:\/\/www.hydraulic-cylinders.net\/lv\/wp-json\/wp\/v2\/product"}],"about":[{"href":"https:\/\/www.hydraulic-cylinders.net\/lv\/wp-json\/wp\/v2\/types\/product"}],"replies":[{"embeddable":true,"href":"https:\/\/www.hydraulic-cylinders.net\/lv\/wp-json\/wp\/v2\/comments?post=16600"}],"wp:featuredmedia":[{"embeddable":true,"href":"https:\/\/www.hydraulic-cylinders.net\/lv\/wp-json\/wp\/v2\/media\/14774"}],"wp:attachment":[{"href":"https:\/\/www.hydraulic-cylinders.net\/lv\/wp-json\/wp\/v2\/media?parent=16600"}],"wp:term":[{"taxonomy":"product_brand","embeddable":true,"href":"https:\/\/www.hydraulic-cylinders.net\/lv\/wp-json\/wp\/v2\/product_brand?post=16600"},{"taxonomy":"product_cat","embeddable":true,"href":"https:\/\/www.hydraulic-cylinders.net\/lv\/wp-json\/wp\/v2\/product_cat?post=16600"},{"taxonomy":"product_tag","embeddable":true,"href":"https:\/\/www.hydraulic-cylinders.net\/lv\/wp-json\/wp\/v2\/product_tag?post=16600"}],"curies":[{"name":"wp","href":"https:\/\/api.w.org\/{rel}","templated":true}]}}