{"id":16606,"date":"2025-01-21T05:37:24","date_gmt":"2025-01-21T05:37:24","guid":{"rendered":"https:\/\/www.hydraulic-cylinders.net\/product\/arm-cylinder-for-jcm-large-excavator-mc456lc-8\/"},"modified":"2025-01-21T05:37:30","modified_gmt":"2025-01-21T05:37:30","slug":"arm-cylinder-for-jcm-large-excavator-mc456lc-8","status":"publish","type":"product","link":"https:\/\/www.hydraulic-cylinders.net\/lv\/products\/arm-cylinder-for-jcm-large-excavator-mc456lc-8\/","title":{"rendered":"JCM liel\u0101 ekskavatora MC456LC-8 sviras cilindrs"},"content":{"rendered":"<p><!DOCTYPE html><br \/>\n<html><br \/>\n<head><br \/>\n<title>JCM liel\u0101 ekskavatora MC456LC-8 sviras cilindrs<\/title><br \/>\n<\/head><br \/>\n<body><\/p>\n<h1>JCM liel\u0101 ekskavatora MC456LC-8 sviras cilindrs<\/h1>\n<h2>Ievads<\/h2>\n<p>Sviras cilindrs ir speci\u0101li izstr\u0101d\u0101ts hidrauliskais cilindrs, kas nodro\u0161ina line\u0101ru kust\u012bbu un jaudu da\u017e\u0101du ma\u0161\u012bnu, piem\u0113ram, ekskavatoru, celt\u0146u un robotiz\u0113tu roku, svirai. Tam ir iz\u0161\u0137iro\u0161a noz\u012bme hidrauliskaj\u0101s sist\u0113m\u0101s, nodro\u0161inot efekt\u012bvu pielikumu vai piederumu kust\u012bbu un vad\u012bbu. \u0160ie cilindri nodro\u0161ina vienm\u0113r\u012bgu kust\u012bbu un var iztur\u0113t lielas slodzes, nodro\u0161inot ma\u0161\u012bnu augstu efektivit\u0101ti un uzticam\u012bbu da\u017e\u0101dos ekspluat\u0101cijas apst\u0101k\u013cos.<\/p>\n<p><img decoding=\"async\" src=\"https:\/\/www.hydraulic-cylinders.net\/wp-content\/uploads\/2025\/01\/songte-company-2.webp\" alt=\"Sviras cilindra att\u0113ls\"><\/p>\n<h2>Funkcijas<\/h2>\n<ul>\n<li><strong>Augstas efektivit\u0101tes p\u0101rraide:<\/strong> Rokas cilindrs nodro\u0161ina jaud\u012bgu line\u0101ru kust\u012bbu un sp\u0113ku, garant\u0113jot robotiz\u0113t\u0101s rokas augstu veiktsp\u0113ju da\u017e\u0101d\u0101s oper\u0101cij\u0101s.<\/li>\n<li><strong>Prec\u012bza kontrole:<\/strong> Izmantojot hidraulisko sist\u0113mu, rokas cilindrs nodro\u0161ina prec\u012bzu kust\u012bbas kontroli, padarot pievienoto instrumentu darb\u012bbu elast\u012bg\u0101ku un prec\u012bz\u0101ku.<\/li>\n<li><strong>Iztur\u012bba:<\/strong> Sviru cilindri parasti ir izgatavoti no augstas iztur\u012bbas materi\u0101liem, kas nodro\u0161ina izcilu nodilumiztur\u012bbu un iztur\u012bbu pret koroziju, padarot tos piem\u0113rotus ilgsto\u0161ai lieto\u0161anai skarbos apst\u0101k\u013cos.<\/li>\n<li><strong>Daudzpus\u012bga piel\u0101go\u0161an\u0101s sp\u0113ja:<\/strong> \u0160os cilindrus var pla\u0161i izmantot da\u017e\u0101d\u0101s ma\u0161\u012bn\u0101s, tostarp ekskavatoros, celt\u0146os un robotiz\u0113t\u0101s rok\u0101s, piel\u0101gojoties da\u017e\u0101d\u0101m darba pras\u012bb\u0101m.<\/li>\n<li><strong>Vienk\u0101r\u0161a apkope:<\/strong> Sviru cilindru konstrukcija ir veidota, \u0146emot v\u0113r\u0101 apkopes un nomai\u0146as vienk\u0101r\u0161\u012bbu, padarot regul\u0101ras p\u0101rbaudes un apkopi \u0113rt\u0101ku un samazinot iek\u0101rtu d\u012bkst\u0101ves laiku.<\/li>\n<\/ul>\n<p><img decoding=\"async\" src=\"https:\/\/www.hydraulic-cylinders.net\/wp-content\/uploads\/2025\/01\/songte-oil-pipes-and-spare-parts.webp\" alt=\"Sviras cilindra rezerves da\u013cu att\u0113ls\"><\/p>\n<h2>Pieteikumi<\/h2>\n<ul>\n<li><strong>B\u016bvniec\u012bbas in\u017eenierija:<\/strong> Str\u0113les cilindri tiek izmantoti ekskavatoros un celt\u0146os, lai kontrol\u0113tu kausu vai str\u0113les kust\u012bbu zemes p\u0101rvieto\u0161anas, materi\u0101lu apstr\u0101des un konstrukciju uzst\u0101d\u012b\u0161anas darbos.<\/li>\n<li><strong>Ra\u017eo\u0161anas nozare:<\/strong> Automatiz\u0113t\u0101s ra\u017eo\u0161anas l\u012bnij\u0101s roku cilindri tiek izmantoti robotiz\u0113tu roku kust\u012bbai t\u0101dos procesos k\u0101 mont\u0101\u017ea, metin\u0101\u0161ana un materi\u0101lu apstr\u0101de, uzlabojot ra\u017eo\u0161anas efektivit\u0101ti un precizit\u0101ti.<\/li>\n<li><strong>Lauksaimniec\u012bbas tehnika:<\/strong> Sviru cilindri kontrol\u0113 vad\u012bbas sviru kust\u012bbu lauksaimniec\u012bbas ma\u0161\u012bn\u0101s, piem\u0113ram, kombainos un s\u0113jma\u0161\u012bn\u0101s, veicot t\u0101dus uzdevumus k\u0101 s\u0113\u0161ana, m\u0113slo\u0161ana un ra\u017eas nov\u0101k\u0161ana.<\/li>\n<li><strong>Kalnr\u016bpniec\u012bba:<\/strong> Kalnr\u016bpniec\u012bbas iek\u0101rt\u0101s sviru cilindri tiek izmantoti, lai kontrol\u0113tu kalnr\u016bpniec\u012bbas ma\u0161\u012bnu sviru kust\u012bbu r\u016bdas ieguvei un transport\u0113\u0161anai.<\/li>\n<li><strong>Lo\u0123istika un transports:<\/strong> Iekr\u0101v\u0113jos un apstr\u0101des robotos roku cilindri kontrol\u0113 dak\u0161u pacel\u0161anu un kust\u012bbu, nodro\u0161inot materi\u0101lu apstr\u0101di un sakrau\u0161anu.<\/li>\n<\/ul>\n<h2>Dizaina apsv\u0113rumi un atlases krit\u0113riji<\/h2>\n<ul>\n<li><strong>Nestsp\u0113ja:<\/strong> Sviru cilindri ir izstr\u0101d\u0101ti, lai iztur\u0113tu noteiktas slodzes un sp\u0113kus, lai nodro\u0161in\u0101tu dro\u0161u un efekt\u012bvu darb\u012bbu.<\/li>\n<li><strong>Bl\u012bv\u0113jums:<\/strong> Tiek izmantoti da\u017e\u0101di bl\u012bv\u0113jumi, piem\u0113ram, virzu\u013ca bl\u012bvsl\u0113gi \u200b\u200bun stie\u0146u bl\u012bvsl\u0113gi, un nodilumiztur\u012bbas labad tiek izv\u0113l\u0113ti iztur\u012bgi materi\u0101li, piem\u0113ram, poliuret\u0101ns un nitrilgumija.<\/li>\n<li><strong>Iztur\u012bba:<\/strong> Cilindra korpuss un v\u012bt\u0146otie gali tiek pak\u013cauti prec\u012bzai virsmas apstr\u0101dei, lai uzlabotu nodilumiztur\u012bbu, un pareizai darb\u012bbai ir nepiecie\u0161ama regul\u0101ra e\u013c\u013co\u0161ana ar hidraulisko e\u013c\u013cu.<\/li>\n<\/ul>\n<p><img decoding=\"async\" src=\"https:\/\/www.hydraulic-cylinders.net\/wp-content\/uploads\/2025\/01\/songte-cylinder-head-with-all-kinds-excavator-models.webp\" alt=\"Sviras cilindra cilindra galvas att\u0113ls\"><\/p>\n<h2>Regul\u0101ra p\u0101rbaude un profilaktisk\u0101 apkope<\/h2>\n<ul>\n<li>Regul\u0101ri p\u0101rbaudiet sviras cilindru, vai nav nopl\u016b\u017eu, boj\u0101jumu vai anom\u0101la nodiluma paz\u012bmju.<\/li>\n<li>Nodro\u0161iniet pareizu cilindra e\u013c\u013co\u0161anu un nomainiet hidraulisko e\u013c\u013cu saska\u0146\u0101 ar ra\u017eot\u0101ja ieteikumiem.<\/li>\n<li>Pievelciet visus va\u013c\u012bgos savienojumus un stiprin\u0101jumus.<\/li>\n<li>P\u0101rbaudiet un nomainiet nolietot\u0101s bl\u012bves vai boj\u0101t\u0101s deta\u013cas.<\/li>\n<\/ul>\n<h2>Produkta uzst\u0101d\u012b\u0161anas rokasgr\u0101mata<\/h2>\n<p>Lai pareizi uzst\u0101d\u012btu sviras cilindru, veiciet t\u0101l\u0101k nor\u0101d\u012bt\u0101s darb\u012bbas.<\/p>\n<ol>\n<li>Sagatavojiet ekskavatoru vai tehniku, nodro\u0161inot, ka t\u0101 ir novietota uz stabilas virsmas un hidrauliskaj\u0101 sist\u0113m\u0101 nav spiediena.<\/li>\n<li>Novietojiet sviras cilindru paredz\u0113taj\u0101 mont\u0101\u017eas viet\u0101, izl\u012bdzinot stiprin\u0101juma punktus.<\/li>\n<li>Dro\u0161i nostipriniet cilindru, izmantojot atbilsto\u0161as \u200b\u200bskr\u016bves, un nodro\u0161iniet pareizu izl\u012bdzin\u0101\u0161anu.<\/li>\n<li>Connect hydraulic hoses and fittings according to the manufacturer&#8217;s instructions.<\/li>\n<li>Divreiz p\u0101rbaudiet visus savienojumus un, ja nepiecie\u0161ams, pievelciet.<\/li>\n<li>Test the Arm Cylinder&#8217;s functionality by performing a trial operation.<\/li>\n<\/ol>\n<p><img decoding=\"async\" src=\"https:\/\/www.hydraulic-cylinders.net\/wp-content\/uploads\/2025\/01\/songte-bushings-with-all-kinds-of-excavator-models.webp\" alt=\"Sviras cilindra bukses att\u0113ls\"><\/p>\n<h2>Dro\u0161\u012bbas apsv\u0113rumi un vides faktori<\/h2>\n<p>Izmantojot sviras cilindrus, ir \u013coti svar\u012bgi iev\u0113rot dro\u0161\u012bbas pas\u0101kumus, lai nov\u0113rstu negad\u012bjumus un nodro\u0161in\u0101tu vides aizsardz\u012bbu. Priorit\u0101ti pie\u0161\u0137iriet dro\u0161\u012bbai:<\/p>\n<ul>\n<li>Nodro\u0161in\u0101t atbilsto\u0161u operatoru apm\u0101c\u012bbu par iek\u0101rtu lieto\u0161anu un dro\u0161\u012bbas proced\u016br\u0101m.<\/li>\n<li>Regul\u0101ri p\u0101rbaudiet cilindru un ar to saist\u012bt\u0101s sast\u0101vda\u013cas, vai nav nodiluma, boj\u0101jumu vai darb\u012bbas trauc\u0113jumu paz\u012bmju.<\/li>\n<li>Apkopes vai remonta laik\u0101 lietojiet atbilsto\u0161us individu\u0101los aizsardz\u012bbas l\u012bdzek\u013cus, piem\u0113ram, cimdus un aizsargbrilles.<\/li>\n<li>Pareiza izlietot\u0101s hidraulisk\u0101s e\u013c\u013cas un citu potenci\u0101li b\u012bstamu materi\u0101lu utiliz\u0101cija saska\u0146\u0101 ar viet\u0113jiem noteikumiem.<\/li>\n<\/ul>\n<p><img decoding=\"async\" src=\"https:\/\/www.hydraulic-cylinders.net\/wp-content\/uploads\/2025\/01\/songte-chushion-collar.webp\" alt=\"Rokas cilindra spilvena apkakles att\u0113ls\"><\/p>\n<h2>Probl\u0113mu nov\u0113r\u0161ana un bie\u017ei sastopamas probl\u0113mas<\/h2>\n<p>Da\u017eas bie\u017ei sastopamas probl\u0113mas, kas var rasties ar sviras cilindriem, ir \u0161\u0101das:<\/p>\n<ul>\n<li>Hidraulisk\u0101 \u0161\u0137idruma nopl\u016bde<\/li>\n<li>Samazin\u0101ts cel\u0161anas sp\u0113ks vai ierobe\u017eota rokas kust\u012bba<\/li>\n<li>P\u0101rm\u0113r\u012bgs troksnis darb\u012bbas laik\u0101<\/li>\n<\/ul>\n<p>Lai risin\u0101tu \u0161\u012bs probl\u0113mas:<\/p>\n<ul>\n<li>P\u0101rbaudiet, vai nav boj\u0101tu bl\u012bv\u0113jumu vai savienojumu, un nomainiet tos, ja nepiecie\u0161ams.<\/li>\n<li>P\u0101rbaudiet hidraulisko sist\u0113mu, vai taj\u0101 nav aizsprostojumu vai darb\u012bbas trauc\u0113jumu.<\/li>\n<li>Nodro\u0161iniet kust\u012bgo da\u013cu pareizu e\u013c\u013co\u0161anu.<\/li>\n<\/ul>\n<p>Prevent\u012bvie pas\u0101kumi ietver:<\/p>\n<ul>\n<li>Regularly inspecting and maintaining the Arm Cylinder according to the manufacturer&#8217;s guidelines.<\/li>\n<li>Meh\u0101nisma ekspluat\u0101cija noteiktaj\u0101s slodzes robe\u017e\u0101s un ekspluat\u0101cijas parametros.<\/li>\n<li>Regul\u0101ra cilindra t\u012br\u012b\u0161ana un e\u013c\u013co\u0161ana.<\/li>\n<\/ul>\n<p><img decoding=\"async\" src=\"https:\/\/www.hydraulic-cylinders.net\/wp-content\/uploads\/2025\/01\/songte-company-4.webp\" alt=\"Songte uz\u0146\u0113muma att\u0113ls\"><br \/>\n<img decoding=\"async\" src=\"https:\/\/www.hydraulic-cylinders.net\/wp-content\/uploads\/2025\/01\/songte-company-3.webp\" alt=\"Songte uz\u0146\u0113muma att\u0113ls\"><\/p>\n<p>We are a professional manufacturer of replacement hydraulic cylinders, offering a wide range of products. We have become one of the leading manufacturers and wholesale distributors of hydraulic cylinders in domestic and international markets. With a commitment to excellence, we continuously improve our technical expertise and production efficiency through the implementation of advanced manufacturing processes and quality control systems. By introducing high-end digital manufacturing equipment and professional testing systems, we have a strong ability to innovate. Our goal is to meet customers&#8217; diverse needs with efficiency, precision, and high-quality products.<\/p>\n<p>M\u016bsu uz\u0146\u0113mums lepojas ar:<\/p>\n<ul>\n<li>Profesionalit\u0101te<\/li>\n<li>Starptautisk\u0101s sertifik\u0101cijas<\/li>\n<li>Piel\u0101go\u0161anas pakalpojumi<\/li>\n<li>Vismodern\u0101k\u0101s ra\u017eo\u0161anas iek\u0101rtas<\/li>\n<li>P\u0113cp\u0101rdo\u0161anas pakalpojumi<\/li>\n<\/ul>\n<p>Autors: lil<\/p>\n<p><\/body><br \/>\n<\/html><\/p>","protected":false},"excerpt":{"rendered":"<p>Arm Cylinder For JCM Large Excavator MC456LC-8 Arm Cylinder For JCM Large Excavator MC456LC-8 Introduction The Arm Cylinder is a specially designed hydraulic cylinder that provides linear motion and power to the arm of various machinery, such as excavators, cranes, and robotic arms. It plays a crucial role in hydraulic systems, enabling the efficient movement [&hellip;]<\/p>","protected":false},"featured_media":14786,"comment_status":"open","ping_status":"closed","template":"","meta":{"_et_pb_use_builder":"","_et_pb_old_content":"","_et_gb_content_width":""},"product_brand":[],"product_cat":[1497],"product_tag":[1498,1496],"class_list":{"0":"post-16606","1":"product","2":"type-product","3":"status-publish","4":"has-post-thumbnail","6":"product_cat-arm-cylinders","7":"product_tag-arm-cylinders","8":"product_tag-hydraulic-cylinders","10":"first","11":"instock","12":"shipping-taxable","13":"product-type-simple"},"amp_enabled":true,"_links":{"self":[{"href":"https:\/\/www.hydraulic-cylinders.net\/lv\/wp-json\/wp\/v2\/product\/16606","targetHints":{"allow":["GET"]}}],"collection":[{"href":"https:\/\/www.hydraulic-cylinders.net\/lv\/wp-json\/wp\/v2\/product"}],"about":[{"href":"https:\/\/www.hydraulic-cylinders.net\/lv\/wp-json\/wp\/v2\/types\/product"}],"replies":[{"embeddable":true,"href":"https:\/\/www.hydraulic-cylinders.net\/lv\/wp-json\/wp\/v2\/comments?post=16606"}],"wp:featuredmedia":[{"embeddable":true,"href":"https:\/\/www.hydraulic-cylinders.net\/lv\/wp-json\/wp\/v2\/media\/14786"}],"wp:attachment":[{"href":"https:\/\/www.hydraulic-cylinders.net\/lv\/wp-json\/wp\/v2\/media?parent=16606"}],"wp:term":[{"taxonomy":"product_brand","embeddable":true,"href":"https:\/\/www.hydraulic-cylinders.net\/lv\/wp-json\/wp\/v2\/product_brand?post=16606"},{"taxonomy":"product_cat","embeddable":true,"href":"https:\/\/www.hydraulic-cylinders.net\/lv\/wp-json\/wp\/v2\/product_cat?post=16606"},{"taxonomy":"product_tag","embeddable":true,"href":"https:\/\/www.hydraulic-cylinders.net\/lv\/wp-json\/wp\/v2\/product_tag?post=16606"}],"curies":[{"name":"wp","href":"https:\/\/api.w.org\/{rel}","templated":true}]}}