{"id":16611,"date":"2025-01-21T05:37:46","date_gmt":"2025-01-21T05:37:46","guid":{"rendered":"https:\/\/www.hydraulic-cylinders.net\/product\/arm-cylinder-for-ihi-small-excavator-ihi55nsl\/"},"modified":"2025-01-21T05:37:48","modified_gmt":"2025-01-21T05:37:48","slug":"arm-cylinder-for-ihi-small-excavator-ihi55nsl","status":"publish","type":"product","link":"https:\/\/www.hydraulic-cylinders.net\/lv\/products\/arm-cylinder-for-ihi-small-excavator-ihi55nsl\/","title":{"rendered":"IHI maz\u0101 ekskavatora rokas cilindrs IHI55NSL"},"content":{"rendered":"<h1> IHI maz\u0101 ekskavatora rokas cilindrs IHI55NSL <\/h1>\n<h2> Ievads <\/h2>\n<p> Sviras cilindrs ir speci\u0101li izstr\u0101d\u0101ts hidrauliskais cilindrs, kas nodro\u0161ina line\u0101ru kust\u012bbu un jaudu da\u017e\u0101du ma\u0161\u012bnu, piem\u0113ram, ekskavatoru, celt\u0146u un meh\u0101nisko sviru, svir\u0101m. Sviras cilindram ir iz\u0161\u0137iro\u0161a noz\u012bme hidrauliskaj\u0101s sist\u0113m\u0101s, \u013caujot efekt\u012bvi p\u0101rvietot un vad\u012bt papildu instrumentus vai stiprin\u0101jumus. \u0160ie cilindri ne tikai nodro\u0161ina vienm\u0113r\u012bgu kust\u012bbu, bet ar\u012b iztur lielas slodzes, nodro\u0161inot efekt\u012bvu ma\u0161\u012bnas darb\u012bbu un uzticam\u012bbu da\u017e\u0101dos darba apst\u0101k\u013cos. <\/p>\n<p><img decoding=\"async\" src=\"https:\/\/www.hydraulic-cylinders.net\/wp-content\/uploads\/2025\/01\/songte-company-2.webp\" alt=\"Sviras cilindrs\"><\/p>\n<h3> Defin\u012bcija <\/h3>\n<p> Sviras cilindrs ir hidraulisk\u0101 cilindra veids, ko izmanto, lai nodro\u0161in\u0101tu line\u0101ru kust\u012bbu un jaudu ma\u0161\u012bnas svir\u0101m. Tas ir b\u016btiska hidraulisk\u0101s sist\u0113mas sast\u0101vda\u013ca un tam ir iz\u0161\u0137iro\u0161a noz\u012bme da\u017e\u0101du ma\u0161\u012bnu efekt\u012bv\u0101 darb\u012bb\u0101. <\/p>\n<h3> Funkcijas <\/h3>\n<ul>\n<li> Augstas efektivit\u0101tes transmisija: Sviras cilindrs nodro\u0161ina jaud\u012bgu line\u0101ru kust\u012bbu un sp\u0113ku, garant\u0113jot meh\u0101nisk\u0101s sviras augstu veiktsp\u0113jas efektivit\u0101ti da\u017e\u0101d\u0101s darb\u012bb\u0101s. <\/li>\n<li> Prec\u012bza vad\u012bba: Ar hidraulisk\u0101s sist\u0113mas pal\u012bdz\u012bbu rokas cilindrs var pan\u0101kt prec\u012bzu kust\u012bbas vad\u012bbu, padarot papildu instrumentu darb\u012bbu elast\u012bg\u0101ku un prec\u012bz\u0101ku. <\/li>\n<li> Iztur\u012bba: Sviru cilindri parasti ir izgatavoti no augstas stipr\u012bbas materi\u0101liem un tiem ir laba iztur\u012bba pret nodilumu un koroziju, padarot tos piem\u0113rotus ilgsto\u0161ai lieto\u0161anai skarbos apst\u0101k\u013cos. <\/li>\n<li> Daudzfunkcion\u0101la piel\u0101go\u0161an\u0101s sp\u0113ja: \u0161os cilindrus var pla\u0161i izmantot da\u017e\u0101d\u0101s meh\u0101nisk\u0101s iek\u0101rt\u0101s, piem\u0113ram, ekskavatoros, celt\u0146os un meh\u0101niskaj\u0101s svir\u0101s, lai piel\u0101gotos da\u017e\u0101d\u0101m darba pras\u012bb\u0101m. <\/li>\n<li> Vienk\u0101r\u0161a apkope: Projekt\u0113jot \u0146emta v\u0113r\u0101 vienk\u0101r\u0161a apkope un nomai\u0146a, regul\u0101ras p\u0101rbaudes un apkope ir \u0113rt\u0101kas, k\u0101 ar\u012b tiek samazin\u0101ts iek\u0101rtu d\u012bkst\u0101ves laiks. <\/li>\n<\/ul>\n<p> M\u0113s varam ra\u017eot \u0161o produktu un nodro\u0161in\u0101t perfektu \u0161o hidraulisko cilindru nomai\u0146u. <\/p>\n<p><img decoding=\"async\" src=\"https:\/\/www.hydraulic-cylinders.net\/wp-content\/uploads\/2025\/01\/songte-oil-pipes-and-spare-parts.webp\" alt=\"Hidrauliskais cilindrs\"><\/p>\n<h2> Pieteikums <\/h2>\n<p> Sviru cilindri tiek izmantoti da\u017e\u0101d\u0101s nozar\u0113s, tostarp: <\/p>\n<ul>\n<li> B\u016bvniec\u012bbas in\u017eenierija: Ekskavatoros un celt\u0146os rokas cilindri tiek izmantoti, lai kontrol\u0113tu kausa vai celt\u0146a kust\u012bbu zemes darbos, materi\u0101lu apstr\u0101d\u0113 un konstrukciju uzst\u0101d\u012b\u0161an\u0101. <\/li>\n<li> Ra\u017eo\u0161ana: Automatiz\u0113t\u0101s ra\u017eo\u0161anas l\u012bnij\u0101s roku cilindri tiek izmantoti meh\u0101nisko roku p\u0101rvieto\u0161anai mont\u0101\u017eas, metin\u0101\u0161anas un apstr\u0101des procesos, lai uzlabotu ra\u017eo\u0161anas efektivit\u0101ti un precizit\u0101ti. <\/li>\n<li> Lauksaimniec\u012bbas tehnika: Lauksaimniec\u012bbas tehnik\u0101, piem\u0113ram, kombainos un s\u0113jma\u0161\u012bn\u0101s, sviru cilindri kontrol\u0113 vad\u012bbas sviras kust\u012bbu st\u0101d\u012b\u0161anas, m\u0113slo\u0161anas un ra\u017eas nov\u0101k\u0161anas darbu laik\u0101. <\/li>\n<li> Mining: In mining equipment, arm cylinders are used to control the arm&#8217;s movement for ore mining and handling. <\/li>\n<li> Lo\u0123istika un transports: Iekr\u0101v\u0113jos un apstr\u0101des robotos roku cilindri tiek izmantoti, lai kontrol\u0113tu dak\u0161u pacel\u0161anu un kust\u012bbu, realiz\u0113jot materi\u0101lu apstr\u0101di un sakrau\u0161anu. <\/li>\n<\/ul>\n<h3> B\u016bvniec\u012bbas in\u017eenierija <\/h3>\n<p> B\u016bvniec\u012bb\u0101 ekskavatoros un celt\u0146os pla\u0161i izmanto str\u0113les cilindrus. Str\u0113les cilindrs kontrol\u0113 kausa vai celt\u0146a kust\u012bbu, kas ir b\u016btiski zemes darbiem, materi\u0101lu apstr\u0101dei un konstrukciju uzst\u0101d\u012b\u0161anai. <\/p>\n<h3> Ra\u017eo\u0161ana <\/h3>\n<p> Ra\u017eo\u0161an\u0101 sviru cilindrus izmanto automatiz\u0113t\u0101s ra\u017eo\u0161anas l\u012bnij\u0101s. Sviru cilindri kontrol\u0113 meh\u0101nisko sviru kust\u012bbu mont\u0101\u017eas, metin\u0101\u0161anas un apstr\u0101des procesos, uzlabojot ra\u017eo\u0161anas efektivit\u0101ti un precizit\u0101ti. <\/p>\n<h3> Lauksaimniec\u012bbas tehnika <\/h3>\n<p> Lauksaimniec\u012bbas ma\u0161\u012bn\u0101s, piem\u0113ram, kombainos un s\u0113jma\u0161\u012bn\u0101s, sviras cilindri kontrol\u0113 vad\u012bbas sviras kust\u012bbu st\u0101d\u012b\u0161anas, m\u0113slo\u0161anas un ra\u017eas nov\u0101k\u0161anas darbu laik\u0101. <\/p>\n<h3> Kalnr\u016bpniec\u012bba <\/h3>\n<p> In mining equipment, arm cylinders are used to control the arm&#8217;s movement for ore mining and handling. <\/p>\n<h3> Lo\u0123istika un transports <\/h3>\n<p> Iekr\u0101v\u0113jos un apstr\u0101des robotos roku cilindri tiek izmantoti, lai kontrol\u0113tu dak\u0161u pacel\u0161anu un kust\u012bbu, realiz\u0113jot materi\u0101lu apstr\u0101di un sakrau\u0161anu. <\/p>\n<p><img decoding=\"async\" src=\"https:\/\/www.hydraulic-cylinders.net\/wp-content\/uploads\/2025\/01\/songte-chushion-collar.webp\" alt=\"Hidrauliskais cilindrs\"><\/p>\n<h2> Dizaina apsv\u0113rumi un atlases krit\u0113riji <\/h2>\n<h3> Nestsp\u0113ja <\/h3>\n<p> Sviru cilindriem ir j\u0101b\u016bt ar augstu nestsp\u0113ju, lai iztur\u0113tu stiprin\u0101jumu un materi\u0101lu svaru. <\/p>\n<h3> Bl\u012bv\u0113\u0161ana <\/h3>\n<p> Sviras cilindram ir j\u0101b\u016bt labi nosl\u0113gtam, lai nov\u0113rstu hidraulisk\u0101s e\u013c\u013cas nopl\u016bdi un nodro\u0161in\u0101tu cilindra vienm\u0113r\u012bgu darb\u012bbu. <\/p>\n<h3> Iztur\u012bba <\/h3>\n<p> Sviru cilindri ir pak\u013cauti smagiem ekspluat\u0101cijas apst\u0101k\u013ciem, t\u0101p\u0113c tiem j\u0101b\u016bt izgatavotiem no augstas iztur\u012bbas materi\u0101liem un tiem j\u0101b\u016bt iztur\u012bgiem pret nodilumu un koroziju. <\/p>\n<h3> Dro\u0161\u012bba <\/h3>\n<p> Sviru cilindri j\u0101projekt\u0113, \u0146emot v\u0113r\u0101 dro\u0161\u012bbu, un tiem j\u0101atbilst visiem attiec\u012bgajiem dro\u0161\u012bbas standartiem. <\/p>\n<h3> Apkope <\/h3>\n<p> Sviru cilindriem j\u0101b\u016bt konstru\u0113tiem t\u0101, lai tos b\u016btu viegli apkopt un nomain\u012bt, samazinot iek\u0101rtu d\u012bkst\u0101ves laiku un nodro\u0161inot efekt\u012bvu darb\u012bbu. <\/p>\n<p><img decoding=\"async\" src=\"https:\/\/www.hydraulic-cylinders.net\/wp-content\/uploads\/2025\/01\/songte-cylinder-head-with-all-kinds-excavator-models.webp\" alt=\"Hidrauliskais cilindrs\"><\/p>\n<h2> Bl\u012bv\u0113\u0161ana un e\u013c\u013co\u0161ana <\/h2>\n<p> Sviru cilindros tiek izmantoti da\u017e\u0101di bl\u012bv\u0113jumi, piem\u0113ram, virzu\u013ca bl\u012bv\u0113jumi un stie\u0146a bl\u012bv\u0113jumi, kas izgatavoti no nodilumiztur\u012bgiem materi\u0101liem, piem\u0113ram, poliuret\u0101na un nitrila gumijas. Cilindra korpuss un v\u012btnes gala virsma tiek r\u016bp\u012bgi apstr\u0101d\u0101ta, lai uzlabotu nodilumiztur\u012bbu. <\/p>\n<p> Lai nodro\u0161in\u0101tu vienm\u0113r\u012bgu darb\u012bbu un pagarin\u0101tu kalpo\u0161anas laiku, sviru cilindriem ir nepiecie\u0161ama regul\u0101ra e\u013c\u013co\u0161ana ar hidraulisko e\u013c\u013cu. <\/p>\n<h2> Apkope un prevent\u012bvie pas\u0101kumi <\/h2>\n<ul>\n<li> Regul\u0101ra sviras cilindra p\u0101rbaude un apkope, lai nodro\u0161in\u0101tu t\u0101 efekt\u012bvu darb\u012bbu. <\/li>\n<li> Pareiza sviras cilindra uzglab\u0101\u0161ana, kad tas netiek lietots, lai nov\u0113rstu boj\u0101jumus vai pies\u0101r\u0146ojumu. <\/li>\n<li> Pareiza rokas cilindra apstr\u0101de un cel\u0161ana, lai nov\u0113rstu boj\u0101jumus vai traumas. <\/li>\n<li> Pareiza veco vai boj\u0101to sviru cilindru utiliz\u0101cija, lai nov\u0113rstu vides pies\u0101r\u0146ojumu. <\/li>\n<li> R\u012bkojoties ar rokas cilindru, izmantojiet atbilsto\u0161us individu\u0101los aizsardz\u012bbas l\u012bdzek\u013cus. <\/li>\n<\/ul>\n<p><img decoding=\"async\" src=\"https:\/\/www.hydraulic-cylinders.net\/wp-content\/uploads\/2025\/01\/songte-bushings-with-all-kinds-of-excavator-models.webp\" alt=\"Hidrauliskais cilindrs\"><\/p>\n<h2> Instal\u0101cijas rokasgr\u0101mata <\/h2>\n<ol>\n<li> P\u0101rliecinieties, vai sviras cilindrs ir sader\u012bgs ar ma\u0161\u012bnu un stiprin\u0101jumiem. <\/li>\n<li> Follow the manufacturer&#8217;s instructions for installation, ensuring that all necessary components are present and correctly assembled. <\/li>\n<li> Izmantojiet atbilsto\u0161us instrumentus un apr\u012bkojumu, lai pievilktu visas skr\u016bves un stiprin\u0101jumus l\u012bdz nor\u0101d\u012btajam griezes momentam. <\/li>\n<li> Pievienojiet hidraulisk\u0101s l\u012bnijas sviras cilindram un p\u0101rliecinieties, ka t\u0101m nav nopl\u016b\u017eu un t\u0101s ir pareizi nostiprin\u0101tas. <\/li>\n<li> Pirms rokas cilindra lieto\u0161anas lauk\u0101 p\u0101rbaudiet t\u0101 pareizu darb\u012bbu. <\/li>\n<\/ol>\n<h2> Dro\u0161\u012bbas apsv\u0113rumi un vides faktori <\/h2>\n<p> Dro\u0161\u012bba ir \u013coti svar\u012bga, str\u0101d\u0101jot ar sviras cilindriem, un darbiniekiem ir j\u0101iev\u0113ro visi attiec\u012bgie dro\u0161\u012bbas standarti un noteikumi. <\/p>\n<p> Izmantojot rokas cilindrus, j\u0101\u0146em v\u0113r\u0101 ar\u012b vides faktori un j\u0101iev\u0113ro atbilsto\u0161as \u200b\u200butiliz\u0101cijas un p\u0101rstr\u0101des proced\u016bras. <\/p>\n<h2> Probl\u0113mu nov\u0113r\u0161ana un bie\u017ei sastopamas probl\u0113mas <\/h2>\n<p> Bie\u017ei sastopamas probl\u0113mas ar sviras cilindriem ir hidraulisk\u0101s e\u013c\u013cas nopl\u016bde, virzu\u013ca vai stie\u0146a boj\u0101jumi un nesp\u0113ja p\u0101rvietot vai kontrol\u0113t piekabi. <\/p>\n<p> Probl\u0113mu nov\u0113r\u0161anas padomi ietver nopl\u016b\u017eu p\u0101rbaudi, bl\u012bv\u0113juma un virzu\u013ca vai stie\u0146a boj\u0101jumu p\u0101rbaudi un hidraulisko l\u012bniju br\u012bv\u012bbas nosprosto\u0161anu. <\/p>\n<p> Pareiza apkope un p\u0101rbaude var nov\u0113rst daudzas bie\u017ei sastopamas probl\u0113mas ar sviras cilindriem. <\/p>\n<p><img decoding=\"async\" src=\"https:\/\/www.hydraulic-cylinders.net\/wp-content\/uploads\/2025\/01\/songte-company-4.webp\" alt=\"Hidrauliskais cilindrs\"><\/p>\n<h2> Par mums <\/h2>\n<p> M\u0113s esam profesion\u0101ls rezerves hidraulisko cilindru ra\u017eot\u0101js, kas pied\u0101v\u0101 pla\u0161u produktu kl\u0101stu un k\u013c\u016bst par vienu no vado\u0161ajiem hidraulisko cilindru ra\u017eot\u0101jiem un vairumtirdzniec\u012bbas izplat\u012bt\u0101jiem viet\u0113j\u0101 un \u0101rvalstu tirgos. <\/p>\n<p> M\u0113s vienm\u0113r iev\u0113rojam izcilas kvalit\u0101tes principu, pa\u013caujoties uz smalku ra\u017eo\u0161anas darbn\u012bcu r\u016bpniecisk\u0101s ra\u017eo\u0161anas vad\u012bbas strat\u0113\u0123iju, lai nep\u0101rtraukti uzlabotu savu tehnolo\u0123isko l\u012bmeni un ra\u017eo\u0161anas efektivit\u0101ti. Ievie\u0161ot augstas klases digit\u0101l\u0101s ra\u017eo\u0161anas iek\u0101rtas un profesion\u0101las test\u0113\u0161anas sist\u0113mas, m\u0113s optimiz\u0113jam savu ra\u017eo\u0161anas platformu un uzlabojam produktu kvalit\u0101tes kontroles procesu, \u013caujot mums saglab\u0101t sp\u0113c\u012bgas inov\u0101cijas sp\u0113jas. <\/p>\n<p> Our goal is to meet customers&#8217; diversified needs with high efficiency, precision, and high-quality principles. <\/p>\n<h3> Profesionalit\u0101te <\/h3>\n<p> Our company has a professional research and development team, a technical team, and a production team to ensure that our products meet customers&#8217; requirements. <\/p>\n<h3> Starptautisk\u0101 sertifik\u0101cija <\/h3>\n<p> M\u016bsu uz\u0146\u0113mums ir nok\u0101rtojis ISO 9001:2015 kvalit\u0101tes vad\u012bbas sist\u0113mas sertifik\u0101ciju un CE sertifik\u0101ciju, kas nodro\u0161ina, ka m\u016bsu produkti atbilst starptautiskajiem kvalit\u0101tes standartiem. <\/p>\n<h3> Piel\u0101go\u0161anas pakalpojums <\/h3>\n<p> Our company provides customized services according to customers&#8217; requirements, providing tailored solutions and meeting customers&#8217; unique needs. <\/p>\n<h3> Ra\u017eo\u0161anas iek\u0101rtas <\/h3>\n<p> M\u016bsu uz\u0146\u0113mumam ir modernas ra\u017eo\u0161anas iek\u0101rtas, tostarp CNC darbgaldi, apstr\u0101des centri un autom\u0101tisk\u0101s metin\u0101\u0161anas iek\u0101rtas, lai nodro\u0161in\u0101tu m\u016bsu produktu precizit\u0101ti un kvalit\u0101ti. <\/p>\n<h3> P\u0113cp\u0101rdo\u0161anas serviss <\/h3>\n<p> Our company provides after-sales service, including technical support, maintenance, and repair, to ensure customers&#8217; satisfaction with our products. <\/p>\n<p><img decoding=\"async\" src=\"https:\/\/www.hydraulic-cylinders.net\/wp-content\/uploads\/2025\/01\/songte-company-3.webp\" alt=\"Hidrauliskais cilindrs\"><\/p>\n<p> Autors: lil <\/p>","protected":false},"excerpt":{"rendered":"<p>Arm Cylinder For IHI Small Excavator IHI55NSL Introduction Arm cylinder is a specially designed hydraulic cylinder that provides linear motion and power to the arms of various machines, such as excavators, cranes, and mechanical arms. The arm cylinder plays a crucial role in hydraulic systems, enabling additional tools or attachments to move and be controlled [&hellip;]<\/p>","protected":false},"featured_media":14772,"comment_status":"open","ping_status":"closed","template":"","meta":{"_et_pb_use_builder":"","_et_pb_old_content":"","_et_gb_content_width":""},"product_brand":[],"product_cat":[1497],"product_tag":[1498,1496],"class_list":{"0":"post-16611","1":"product","2":"type-product","3":"status-publish","4":"has-post-thumbnail","6":"product_cat-arm-cylinders","7":"product_tag-arm-cylinders","8":"product_tag-hydraulic-cylinders","10":"first","11":"instock","12":"shipping-taxable","13":"product-type-simple"},"amp_enabled":true,"_links":{"self":[{"href":"https:\/\/www.hydraulic-cylinders.net\/lv\/wp-json\/wp\/v2\/product\/16611","targetHints":{"allow":["GET"]}}],"collection":[{"href":"https:\/\/www.hydraulic-cylinders.net\/lv\/wp-json\/wp\/v2\/product"}],"about":[{"href":"https:\/\/www.hydraulic-cylinders.net\/lv\/wp-json\/wp\/v2\/types\/product"}],"replies":[{"embeddable":true,"href":"https:\/\/www.hydraulic-cylinders.net\/lv\/wp-json\/wp\/v2\/comments?post=16611"}],"wp:featuredmedia":[{"embeddable":true,"href":"https:\/\/www.hydraulic-cylinders.net\/lv\/wp-json\/wp\/v2\/media\/14772"}],"wp:attachment":[{"href":"https:\/\/www.hydraulic-cylinders.net\/lv\/wp-json\/wp\/v2\/media?parent=16611"}],"wp:term":[{"taxonomy":"product_brand","embeddable":true,"href":"https:\/\/www.hydraulic-cylinders.net\/lv\/wp-json\/wp\/v2\/product_brand?post=16611"},{"taxonomy":"product_cat","embeddable":true,"href":"https:\/\/www.hydraulic-cylinders.net\/lv\/wp-json\/wp\/v2\/product_cat?post=16611"},{"taxonomy":"product_tag","embeddable":true,"href":"https:\/\/www.hydraulic-cylinders.net\/lv\/wp-json\/wp\/v2\/product_tag?post=16611"}],"curies":[{"name":"wp","href":"https:\/\/api.w.org\/{rel}","templated":true}]}}