{"id":16615,"date":"2025-01-21T05:38:01","date_gmt":"2025-01-21T05:38:01","guid":{"rendered":"https:\/\/www.hydraulic-cylinders.net\/product\/arm-cylinder-for-bobcat-small-excavator-e35\/"},"modified":"2025-01-21T05:38:03","modified_gmt":"2025-01-21T05:38:03","slug":"arm-cylinder-for-bobcat-small-excavator-e35","status":"publish","type":"product","link":"https:\/\/www.hydraulic-cylinders.net\/lv\/products\/arm-cylinder-for-bobcat-small-excavator-e35\/","title":{"rendered":"Bobcat maz\u0101 ekskavatora E35 rokas cilindrs"},"content":{"rendered":"<h1>Bobcat maz\u0101 ekskavatora E35 rokas cilindrs<\/h1>\n<h2>Ievads<\/h2>\n<p>Bobcat maz\u0101 ekskavatora E35 sviras cilindrs ir specializ\u0113ts hidrauliskais cilindrs, kas paredz\u0113ts, lai nodro\u0161in\u0101tu line\u0101ru kust\u012bbu un jaudu da\u017e\u0101du ma\u0161\u012bnu, piem\u0113ram, ekskavatoru, celt\u0146u un robotiz\u0113tu roku, svirai. Sviras cilindram ir iz\u0161\u0137iro\u0161a noz\u012bme hidrauliskaj\u0101s sist\u0113m\u0101s, \u013caujot efekt\u012bvi p\u0101rvietot un kontrol\u0113t papildu instrumentus vai stiprin\u0101jumus. \u0160ie cilindri ne tikai nodro\u0161ina vienm\u0113r\u012bgu darb\u012bbu, bet ar\u012b sp\u0113j iztur\u0113t lielas slodzes, nodro\u0161inot augstu ma\u0161\u012bnas efektivit\u0101ti un uzticam\u012bbu da\u017e\u0101dos darba apst\u0101k\u013cos.<\/p>\n<p><img decoding=\"async\" src=\"https:\/\/www.hydraulic-cylinders.net\/wp-content\/uploads\/2025\/01\/songte-company-2.webp\" alt=\"Sviras cilindra att\u0113ls\"><\/p>\n<h2>Funkcijas<\/h2>\n<ul>\n<li><strong>Augstas efektivit\u0101tes transmisija:<\/strong> Rokas cilindrs nodro\u0161ina jaud\u012bgu line\u0101ru kust\u012bbu un sp\u0113ku, garant\u0113jot robotiz\u0113t\u0101s rokas augstas veiktsp\u0113jas iesp\u0113jas da\u017e\u0101d\u0101s oper\u0101cij\u0101s.<\/li>\n<li><strong>Prec\u012bza kontrole:<\/strong> Izmantojot hidraulisko sist\u0113mu, rokas cilindrs nodro\u0161ina prec\u012bzu kust\u012bbas kontroli, padarot pievienoto instrumentu darb\u012bbu elast\u012bg\u0101ku un prec\u012bz\u0101ku.<\/li>\n<li><strong>Iztur\u012bba:<\/strong> Sviru cilindri parasti ir izgatavoti no augstas iztur\u012bbas materi\u0101liem, kas nodro\u0161ina izcilu iztur\u012bbu pret nodilumu un koroziju, padarot tos piem\u0113rotus ilgsto\u0161ai lieto\u0161anai skarbos apst\u0101k\u013cos.<\/li>\n<li><strong>Daudzfunkcion\u0101la piel\u0101go\u0161an\u0101s sp\u0113ja:<\/strong> \u0160iem cilindriem ir pla\u0161s pielietojumu kl\u0101sts da\u017e\u0101d\u0101s ma\u0161\u012bn\u0101s, piem\u0113ram, ekskavatoros, celt\u0146os un robotiz\u0113t\u0101s rok\u0101s, padarot tos piem\u0113rotus da\u017e\u0101d\u0101m darba pras\u012bb\u0101m.<\/li>\n<li><strong>Vienk\u0101r\u0161a apkope:<\/strong> \u0160o cilindru konstrukcij\u0101 ir \u0146emta v\u0113r\u0101 apkopes un nomai\u0146as vienk\u0101r\u0161\u012bba, padarot regul\u0101ras p\u0101rbaudes un apkopi \u0113rt\u0101ku, k\u0101 ar\u012b samazinot iek\u0101rtu d\u012bkst\u0101ves laiku.<\/li>\n<\/ul>\n<p><img decoding=\"async\" src=\"https:\/\/www.hydraulic-cylinders.net\/wp-content\/uploads\/2025\/01\/songte-oil-pipes-and-spare-parts.webp\" alt=\"Sviras cilindra rezerves da\u013cu att\u0113ls\"><\/p>\n<h2>Pieteikumi<\/h2>\n<p>Sviras cilindrs tiek izmantots da\u017e\u0101d\u0101s nozar\u0113s:<\/p>\n<ul>\n<li><strong>B\u016bvniec\u012bba:<\/strong> Ekskavatoros un celt\u0146os sviras cilindrs kontrol\u0113 kausu vai str\u0113les kust\u012bbu zemes p\u0101rvieto\u0161anas, materi\u0101lu apstr\u0101des un konstrukciju uzst\u0101d\u012b\u0161anas laik\u0101.<\/li>\n<li><strong>Ra\u017eo\u0161ana:<\/strong> Automatiz\u0113t\u0101s ra\u017eo\u0161anas l\u012bnij\u0101s rokas cilindrs nodro\u0161ina robotiz\u0113to roku kust\u012bbu mont\u0101\u017eas, metin\u0101\u0161anas un materi\u0101lu apstr\u0101des procesos, uzlabojot ra\u017eo\u0161anas efektivit\u0101ti un precizit\u0101ti.<\/li>\n<li><strong>Lauksaimniec\u012bbas tehnika:<\/strong> Lauksaimniec\u012bbas tehnik\u0101, piem\u0113ram, kombainos un s\u0113jma\u0161\u012bn\u0101s, sviras cilindrs kontrol\u0113 vad\u012bbas sviru kust\u012bbu t\u0101diem uzdevumiem k\u0101 s\u0113\u0161ana, m\u0113slo\u0161ana un ra\u017eas nov\u0101k\u0161ana.<\/li>\n<li><strong>Kalnr\u016bpniec\u012bba:<\/strong> Kalnr\u016bpniec\u012bbas iek\u0101rt\u0101s rokas cilindrs kontrol\u0113 rokas kust\u012bbu r\u016bdu ieguvei un transport\u0113\u0161anai.<\/li>\n<li><strong>Lo\u0123istika un transports:<\/strong> Iekr\u0101v\u0113jos un apstr\u0101des robotos rokas cilindrs kontrol\u0113 dak\u0161u pacel\u0161anu un kust\u012bbu, atvieglojot materi\u0101lu apstr\u0101di un sakrau\u0161anu.<\/li>\n<\/ul>\n<h2>Dizaina apsv\u0113rumi un atlases krit\u0113riji<\/h2>\n<ul>\n<li><strong>Nestsp\u0113ja:<\/strong> Sviru cilindri ir paredz\u0113ti, lai iztur\u0113tu noteiktas slodzes, un tie j\u0101izv\u0113las, pamatojoties uz tehnikas pras\u012bb\u0101m.<\/li>\n<li><strong>Bl\u012bv\u0113jums:<\/strong> Tiek izmantoti da\u017e\u0101di bl\u012bv\u0113\u0161anas komponenti, piem\u0113ram, virzu\u013ca bl\u012bvsl\u0113gi \u200b\u200bun stie\u0146u bl\u012bvsl\u0113gi, kas izgatavoti no nodilumiztur\u012bgiem materi\u0101liem, piem\u0113ram, poliuret\u0101na un nitrila gumijas. Cilindra korpuss un v\u012bt\u0146otie gali tiek prec\u012bzi apstr\u0101d\u0101ti, lai uzlabotu nodilumiztur\u012bbu.<\/li>\n<li><strong>Iztur\u012bba:<\/strong> Sviras cilindrs ir izgatavots no augstas kvalit\u0101tes materi\u0101liem, lai nodro\u0161in\u0101tu ilgm\u016b\u017e\u012bbu un iztur\u012bbu pret nodilumu un koroziju.<\/li>\n<li><strong>Dro\u0161\u012bba:<\/strong> Projekt\u0113jum\u0101 ir iek\u013cautas dro\u0161\u012bbas funkcijas, lai nov\u0113rstu negad\u012bjumus ekspluat\u0101cijas laik\u0101.<\/li>\n<li><strong>Uzturam\u012bba:<\/strong> \u0160is dizains nodro\u0161ina \u0113rtu apkopi un nomai\u0146u, samazinot d\u012bkst\u0101ves laiku un nodro\u0161inot efekt\u012bvu darb\u012bbu.<\/li>\n<\/ul>\n<p><img decoding=\"async\" src=\"https:\/\/www.hydraulic-cylinders.net\/wp-content\/uploads\/2025\/01\/songte-cylinder-head-with-all-kinds-excavator-models.webp\" alt=\"Cilindra galvas att\u0113ls\"><\/p>\n<h2>Bl\u012bv\u0113\u0161ana un e\u013c\u013co\u0161ana<\/h2>\n<p>Sviras cilindr\u0101 tiek izmantoti da\u017e\u0101di bl\u012bv\u0113\u0161anas komponenti, piem\u0113ram, virzu\u013ca bl\u012bvsl\u0113gi \u200b\u200bun stie\u0146a bl\u012bvsl\u0113gi, kas ir izgatavoti no nodilumiztur\u012bgiem materi\u0101liem, piem\u0113ram, poliuret\u0101na un nitrila gumijas. Cilindra korpuss un v\u012bt\u0146otie gali tiek pak\u013cauti prec\u012bzai apstr\u0101dei, lai uzlabotu nodilumiztur\u012bbu. Lai nodro\u0161in\u0101tu vienm\u0113r\u012bgu darb\u012bbu un ilgm\u016b\u017e\u012bbu, ir nepiecie\u0161ama regul\u0101ra e\u013c\u013co\u0161ana ar atbilsto\u0161u hidraulisk\u0101s e\u013c\u013cas daudzumu.<\/p>\n<h2>Regul\u0101ra p\u0101rbaude un profilaktisk\u0101 apkope<\/h2>\n<p>Lai nodro\u0161in\u0101tu optim\u0101lu veiktsp\u0113ju un ilgm\u016b\u017e\u012bbu, j\u0101veic \u0161\u0101di pas\u0101kumi:<\/p>\n<ul>\n<li>Regul\u0101ri p\u0101rbaudiet sviras cilindru, vai nav nodiluma, nopl\u016b\u017eu vai boj\u0101jumu paz\u012bmju.<\/li>\n<li>Pievelciet visus va\u013c\u012bgos savienojumus vai stiprin\u0101jumus.<\/li>\n<li>Nodro\u0161iniet pareizu e\u013c\u013co\u0161anu, p\u0101rbaudot e\u013c\u013cas l\u012bmeni un nepiecie\u0161am\u012bbas gad\u012bjum\u0101 papildinot hidraulisko e\u013c\u013cu.<\/li>\n<li>Nekav\u0113joties nomainiet visas nolietot\u0101s bl\u012bves vai deta\u013cas.<\/li>\n<li>Iev\u0113rojiet ra\u017eot\u0101ja nor\u0101d\u012bjumus par apkopes interv\u0101liem un proced\u016br\u0101m.<\/li>\n<\/ul>\n<h2>Produkta uzst\u0101d\u012b\u0161anas rokasgr\u0101mata<\/h2>\n<p>Pareiza sviras cilindra uzst\u0101d\u012b\u0161ana ir b\u016btiska optim\u0101lai veiktsp\u0113jai un dro\u0161\u012bbai. Veiciet \u0161\u012bs darb\u012bbas:<\/p>\n<ol>\n<li>Pirms uzst\u0101d\u012b\u0161anas procesa uzs\u0101k\u0161anas p\u0101rliecinieties, vai iek\u0101rta ir pareizi atbalst\u012bta un stabila.<\/li>\n<li>No\u0146emiet visus eso\u0161os cilindrus vai komponentus, kas var\u0113tu trauc\u0113t uzst\u0101d\u012b\u0161anu.<\/li>\n<li>Novietojiet sviras cilindru ar stiprin\u0101juma punktiem uz ma\u0161\u012bnas.<\/li>\n<li>Dro\u0161i nostipriniet cilindru, izmantojot atbilsto\u0161as \u200b\u200bskr\u016bves un uzgrie\u017e\u0146us saska\u0146\u0101 ar ra\u017eot\u0101ja specifik\u0101cij\u0101m.<\/li>\n<li>P\u0101rbaudiet cilindra izl\u012bdzin\u0101jumu un kust\u012bbu, lai nodro\u0161in\u0101tu pareizu uzst\u0101d\u012b\u0161anu.<\/li>\n<\/ol>\n<p><img decoding=\"async\" src=\"https:\/\/www.hydraulic-cylinders.net\/wp-content\/uploads\/2025\/01\/songte-bushings-with-all-kinds-of-excavator-models.webp\" alt=\"Bukses att\u0113ls\"><\/p>\n<h2>Dro\u0161\u012bbas apsv\u0113rumi un vides faktori<\/h2>\n<p>Lietojot sviras cilindru, ir svar\u012bgi iev\u0113rot dro\u0161\u012bbas pas\u0101kumus, lai nov\u0113rstu negad\u012bjumus un nodro\u0161in\u0101tu operatora labsaj\u016btu. Dro\u0161\u012bbas pas\u0101kumi ietver atbilsto\u0161u individu\u0101lo aizsardz\u012bbas l\u012bdzek\u013cu valk\u0101\u0161anu, regul\u0101ru p\u0101rbau\u017eu veik\u0161anu un ra\u017eot\u0101ja sniegto ekspluat\u0101cijas vadl\u012bniju iev\u0113ro\u0161anu. Turkl\u0101t j\u0101\u0146em v\u0113r\u0101 t\u0101di vides faktori k\u0101 temperat\u016bra un mitrums, lai izvair\u012btos no jebk\u0101das negat\u012bvas ietekmes uz cilindra veiktsp\u0113ju un iztur\u012bbu.<\/p>\n<h2>Probl\u0113mu nov\u0113r\u0161ana un bie\u017ei sastopamas probl\u0113mas<\/h2>\n<p>\u0160eit ir da\u017eas bie\u017ei sastopamas probl\u0113mas, kas var rasties ar sviras cilindru:<\/p>\n<ul>\n<li>Hidraulisk\u0101 \u0161\u0137idruma nopl\u016bde<\/li>\n<li>Negaid\u012btas vai saraust\u012btas kust\u012bbas<\/li>\n<li>Jaudas vai sp\u0113ka tr\u016bkums<\/li>\n<li>Neparastas ska\u0146as darb\u012bbas laik\u0101<\/li>\n<\/ul>\n<p>Lai risin\u0101tu \u0161\u012bs probl\u0113mas:<\/p>\n<ul>\n<li>P\u0101rbaudiet cilindru, vai nav boj\u0101jumu vai nodiluma paz\u012bmju.<\/li>\n<li>P\u0101rbaudiet, vai nav va\u013c\u012bgu savienojumu vai stiprin\u0101jumu.<\/li>\n<li>Nodro\u0161iniet atbilsto\u0161u e\u013c\u013co\u0161anu un hidraulisk\u0101 \u0161\u0137idruma l\u012bmeni.<\/li>\n<li>Ja probl\u0113ma joproj\u0101m past\u0101v, skatiet ra\u017eot\u0101ja probl\u0113mu nov\u0113r\u0161anas rokasgr\u0101matu vai mekl\u0113jiet profesion\u0101lu pal\u012bdz\u012bbu.<\/li>\n<\/ul>\n<p><img decoding=\"async\" src=\"https:\/\/www.hydraulic-cylinders.net\/wp-content\/uploads\/2025\/01\/songte-chushion-collar.webp\" alt=\"\u010cusjona apkakles att\u0113ls\"><\/p>\n<p>Atcerieties lo\u0123iski sak\u0101rtot rakstu, izmantot apak\u0161virsrakstus \u0113rtai navig\u0101cijai, iek\u013caut atbilsto\u0161us att\u0113lus vai diagrammas, lai uzlabotu izpratni, un nodro\u0161in\u0101t, lai saturs b\u016btu skaidrs, kodol\u012bgs un piem\u0113rots las\u012bt\u0101jiem ar da\u017e\u0101du tehnisko zin\u0101\u0161anu l\u012bmeni.<\/p>\n<h2>Par mums<\/h2>\n<p>M\u0113s esam profesion\u0101ls rezerves hidraulisko cilindru ra\u017eot\u0101js, kas pied\u0101v\u0101 pla\u0161u produktu kl\u0101stu. Esam k\u013cuvu\u0161i par vienu no vado\u0161ajiem hidraulisko cilindru ra\u017eot\u0101jiem un vairumtirdzniec\u012bbas izplat\u012bt\u0101jiem gan viet\u0113j\u0101, gan starptautiskaj\u0101 tirg\u016b. M\u0113s iev\u0113rojam izcilas kvalit\u0101tes principu un nep\u0101rtraukti uzlabojam savu tehnisko kompetenci un ra\u017eo\u0161anas efektivit\u0101ti, izmantojot sare\u017e\u0123\u012btas ra\u017eo\u0161anas darbn\u012bcas un industrializ\u0113tas ra\u017eo\u0161anas vad\u012bbas strat\u0113\u0123ijas. Ievie\u0161ot modernu digit\u0101lo ra\u017eo\u0161anas apr\u012bkojumu un profesion\u0101las test\u0113\u0161anas sist\u0113mas, m\u0113s optimiz\u0113jam savu ra\u017eo\u0161anas platformu un uzlabojam produktu kvalit\u0101tes kontroles procesus. M\u0113s esam stingri ap\u0146\u0113mu\u0161ies ieviest inov\u0101cijas un cen\u0161amies apmierin\u0101t m\u016bsu klientu da\u017e\u0101d\u0101s vajadz\u012bbas ar augstu efektivit\u0101ti, precizit\u0101ti un kvalit\u0101ti.<\/p>\n<p><img decoding=\"async\" src=\"https:\/\/www.hydraulic-cylinders.net\/wp-content\/uploads\/2025\/01\/songte-company-4.webp\" alt=\"Uz\u0146\u0113muma t\u0113ls\"><br \/>\n<img decoding=\"async\" src=\"https:\/\/www.hydraulic-cylinders.net\/wp-content\/uploads\/2025\/01\/songte-company-3.webp\" alt=\"Uz\u0146\u0113muma t\u0113ls\"><\/p>\n<p>M\u016bsu uz\u0146\u0113mums ir paz\u012bstams ar:<\/p>\n<ul>\n<li>Profesionalit\u0101te un kompetence hidraulisko cilindru ra\u017eo\u0161an\u0101.<\/li>\n<li>Starptautiski sertifik\u0101ti, kas apliecina m\u016bsu produktu kvalit\u0101ti.<\/<br>","protected":false},"excerpt":{"rendered":"<p>Arm Cylinder For Bobcat Small Excavator E35 Introduction The Arm Cylinder for Bobcat Small Excavator E35 is a specialized hydraulic cylinder designed to provide linear motion and power to the arm of various machinery, such as excavators, cranes, and robotic arms. The arm cylinder plays a crucial role in hydraulic systems, allowing for efficient movement [&hellip;]<\/p>","protected":false},"featured_media":14759,"comment_status":"open","ping_status":"closed","template":"","meta":{"_et_pb_use_builder":"","_et_pb_old_content":"","_et_gb_content_width":""},"product_brand":[],"product_cat":[1497],"product_tag":[1498,1496],"class_list":{"0":"post-16615","1":"product","2":"type-product","3":"status-publish","4":"has-post-thumbnail","6":"product_cat-arm-cylinders","7":"product_tag-arm-cylinders","8":"product_tag-hydraulic-cylinders","10":"first","11":"instock","12":"shipping-taxable","13":"product-type-simple"},"amp_enabled":true,"_links":{"self":[{"href":"https:\/\/www.hydraulic-cylinders.net\/lv\/wp-json\/wp\/v2\/product\/16615","targetHints":{"allow":["GET"]}}],"collection":[{"href":"https:\/\/www.hydraulic-cylinders.net\/lv\/wp-json\/wp\/v2\/product"}],"about":[{"href":"https:\/\/www.hydraulic-cylinders.net\/lv\/wp-json\/wp\/v2\/types\/product"}],"replies":[{"embeddable":true,"href":"https:\/\/www.hydraulic-cylinders.net\/lv\/wp-json\/wp\/v2\/comments?post=16615"}],"wp:featuredmedia":[{"embeddable":true,"href":"https:\/\/www.hydraulic-cylinders.net\/lv\/wp-json\/wp\/v2\/media\/14759"}],"wp:attachment":[{"href":"https:\/\/www.hydraulic-cylinders.net\/lv\/wp-json\/wp\/v2\/media?parent=16615"}],"wp:term":[{"taxonomy":"product_brand","embeddable":true,"href":"https:\/\/www.hydraulic-cylinders.net\/lv\/wp-json\/wp\/v2\/product_brand?post=16615"},{"taxonomy":"product_cat","embeddable":true,"href":"https:\/\/www.hydraulic-cylinders.net\/lv\/wp-json\/wp\/v2\/product_cat?post=16615"},{"taxonomy":"product_tag","embeddable":true,"href":"https:\/\/www.hydraulic-cylinders.net\/lv\/wp-json\/wp\/v2\/product_tag?post=16615"}],"curies":[{"name":"wp","href":"https:\/\/api.w.org\/{rel}","templated":true}]}}