{"id":16619,"date":"2025-01-21T05:38:17","date_gmt":"2025-01-21T05:38:17","guid":{"rendered":"https:\/\/www.hydraulic-cylinders.net\/product\/arm-cylinder-for-bobcat-small-excavator-e324\/"},"modified":"2025-01-21T05:38:20","modified_gmt":"2025-01-21T05:38:20","slug":"arm-cylinder-for-bobcat-small-excavator-e324","status":"publish","type":"product","link":"https:\/\/www.hydraulic-cylinders.net\/lv\/products\/arm-cylinder-for-bobcat-small-excavator-e324\/","title":{"rendered":"Bobcat maz\u0101 ekskavatora E324 rokas cilindrs"},"content":{"rendered":"<h2>Bobcat maz\u0101 ekskavatora E324 rokas cilindrs<\/h2>\n<h3>Ievads<\/h3>\n<p>Sviras cilindrs ir speci\u0101li izstr\u0101d\u0101ts hidrauliskais cilindrs, ko galvenok\u0101rt izmanto, lai nodro\u0161in\u0101tu line\u0101ru kust\u012bbu un jaudu da\u017e\u0101da veida iek\u0101rt\u0101m, piem\u0113ram, ekskavatoriem, celt\u0146iem un robotiz\u0113t\u0101m rok\u0101m. Sviras cilindram ir iz\u0161\u0137iro\u0161a noz\u012bme hidrauliskaj\u0101s sist\u0113m\u0101s, \u013caujot pielikumiem vai piederumiem p\u0101rvietoties un tikt efekt\u012bvi vad\u012btiem. \u0160ie cilindri ne tikai nodro\u0161ina vienm\u0113r\u012bgu kust\u012bbu, bet ar\u012b var iztur\u0113t lielas slodzes, nodro\u0161inot iek\u0101rtas efekt\u012bvu darb\u012bbu un uzticam\u012bbu da\u017e\u0101dos ekspluat\u0101cijas apst\u0101k\u013cos.<\/p>\n<p><img decoding=\"async\" src=\"https:\/\/www.hydraulic-cylinders.net\/wp-content\/uploads\/2025\/01\/songte-company-2.webp\" alt=\"Sviras cilindra att\u0113ls\"><\/p>\n<h3>Funkcijas<\/h3>\n<ul>\n<li><strong>Efekt\u012bva jaudas p\u0101rvade:<\/strong> Rokas cilindri nodro\u0161ina jaud\u012bgu line\u0101ru kust\u012bbu un sp\u0113ku, garant\u0113jot iek\u0101rtas augstu veiktsp\u0113ju da\u017e\u0101d\u0101s oper\u0101cij\u0101s.<\/li>\n<li><strong>Prec\u012bza kontrole:<\/strong> Izmantojot hidraulisko sist\u0113mu, sviras cilindri var pan\u0101kt prec\u012bzu kust\u012bbas vad\u012bbu, padarot piederumu darb\u012bbu elast\u012bg\u0101ku un prec\u012bz\u0101ku.<\/li>\n<li><strong>Sp\u0113c\u012bga iztur\u012bba:<\/strong> Roku cilindri parasti ir izgatavoti no augstas iztur\u012bbas materi\u0101liem, kuriem ir laba nodilumiztur\u012bba un iztur\u012bba pret koroziju, kas ir piem\u0113roti ilgsto\u0161ai lieto\u0161anai skarbos apst\u0101k\u013cos.<\/li>\n<li><strong>Daudzfunkcion\u0101la piel\u0101go\u0161an\u0101s sp\u0113ja:<\/strong> \u0160os cilindrus var pla\u0161i izmantot da\u017e\u0101d\u0101s meh\u0101nisk\u0101s iek\u0101rt\u0101s, piem\u0113ram, ekskavatoros, celt\u0146os un robotiz\u0113t\u0101s rok\u0101s, lai piel\u0101gotos da\u017e\u0101d\u0101m darba vajadz\u012bb\u0101m.<\/li>\n<li><strong>Vienk\u0101r\u0161a apkope:<\/strong> Projekt\u0113jot ir \u0146emta v\u0113r\u0101 vienk\u0101r\u0161a apkope un nomai\u0146a, padarot regul\u0101ru p\u0101rbaudi un apkopi \u0113rt\u0101ku un samazinot iek\u0101rtu d\u012bkst\u0101ves laiku.<\/li>\n<\/ul>\n<p>M\u016bsu produkti var lieliski aizst\u0101t \u0161os hidrauliskos cilindrus.<\/p>\n<p><img decoding=\"async\" src=\"https:\/\/www.hydraulic-cylinders.net\/wp-content\/uploads\/2025\/01\/songte-oil-pipes-and-spare-parts.webp\" alt=\"Produkta att\u0113ls\"><\/p>\n<h3>Pieteikumi<\/h3>\n<p>Sviru cilindrus var izmantot da\u017e\u0101d\u0101s nozar\u0113s un pielietojumos:<\/p>\n<ul>\n<li><strong>B\u016bvniec\u012bbas in\u017eenierija:<\/strong> Izmanto ekskavatoros un celt\u0146os, lai kontrol\u0113tu kausu vai str\u0113les kust\u012bbu, veiktu zemes darbus, materi\u0101lu apstr\u0101di un konstrukciju uzst\u0101d\u012b\u0161anu.<\/li>\n<li><strong>Ra\u017eo\u0161ana:<\/strong> Izmanto automatiz\u0113t\u0101s ra\u017eo\u0161anas l\u012bnij\u0101s, lai kontrol\u0113tu robotiz\u0113tu roku kust\u012bbu, veiktu mont\u0101\u017eas, metin\u0101\u0161anas un apstr\u0101des procesus, uzlabotu ra\u017eo\u0161anas efektivit\u0101ti un precizit\u0101ti.<\/li>\n<li><strong>Lauksaimniec\u012bbas tehnika:<\/strong> Izmanto lauksaimniec\u012bbas ma\u0161\u012bn\u0101s, piem\u0113ram, kombainos un s\u0113jma\u0161\u012bn\u0101s, lai kontrol\u0113tu vad\u012bbas sviru kust\u012bbu, veiktu s\u0113\u0161anas, m\u0113slo\u0161anas un ra\u017eas nov\u0101k\u0161anas darbus.<\/li>\n<li><strong>Kalnr\u016bpniec\u012bba:<\/strong> Izmanto kalnr\u016bpniec\u012bbas iek\u0101rt\u0101s, lai kontrol\u0113tu kalnr\u016bpniec\u012bbas iek\u0101rtu iero\u010du kust\u012bbu, veiktu miner\u0101lu ieguves un apstr\u0101des uzdevumus.<\/li>\n<li><strong>Lo\u0123istika un transports:<\/strong> Izmanto iekr\u0101v\u0113jos un robotiz\u0113tos apstr\u0101des darbos, lai kontrol\u0113tu dak\u0161u pacel\u0161anu un kust\u012bbu, realiz\u0113tu materi\u0101lu apstr\u0101di un krau\u0161anu.<\/li>\n<\/ul>\n<h3>Projekt\u0113\u0161anas apsv\u0113rumi un atlases standarti<\/h3>\n<p>Projekt\u0113jot sviras cilindrus, j\u0101\u0146em v\u0113r\u0101 \u0161\u0101di faktori:<\/p>\n<ul>\n<li><strong>Nestsp\u0113ja:<\/strong> Sviru cilindriem j\u0101b\u016bt ar pietiekamu nestsp\u0113ju, lai nodro\u0161in\u0101tu stabilu un dro\u0161u iek\u0101rtas darb\u012bbu da\u017e\u0101dos darba apst\u0101k\u013cos.<\/li>\n<li><strong>Bl\u012bv\u0113jums:<\/strong> Lai nov\u0113rstu hidraulisk\u0101s e\u013c\u013cas nopl\u016bdi un nodro\u0161in\u0101tu cilindra efekt\u012bvu darb\u012bbu, j\u0101izmanto da\u017e\u0101di bl\u012bv\u0113\u0161anas komponenti, piem\u0113ram, virzu\u013ca bl\u012bvsl\u0113gi \u200b\u200bun stie\u0146a bl\u012bvsl\u0113gi.<\/li>\n<li><strong>Iztur\u012bba:<\/strong> Cilindra korpuss un v\u012bt\u0146ot\u0101 gala virsma j\u0101apstr\u0101d\u0101 prec\u012bzi, lai uzlabotu nodilumiztur\u012bbu un iztur\u012bbu pret koroziju, nodro\u0161inot ilgsto\u0161u lieto\u0161anu skarbos apst\u0101k\u013cos.<\/li>\n<li><strong>Dro\u0161\u012bba:<\/strong> Roku cilindriem j\u0101b\u016bt apr\u012bkotiem ar dro\u0161\u012bbas v\u0101rstiem un cit\u0101m aizsargier\u012bc\u0113m, lai nov\u0113rstu iek\u0101rtu p\u0101rslodzi un nodro\u0161in\u0101tu dro\u0161u darb\u012bbu.<\/li>\n<li><strong>Apkope:<\/strong> Sviru cilindriem j\u0101b\u016bt konstru\u0113tiem t\u0101, lai tos b\u016btu viegli apkopt un nomain\u012bt, t\u0101d\u0113j\u0101di samazinot iek\u0101rtu d\u012bkst\u0101ves laiku un apkopes izmaksas.<\/li>\n<\/ul>\n<p><img decoding=\"async\" src=\"https:\/\/www.hydraulic-cylinders.net\/wp-content\/uploads\/2025\/01\/songte-cylinder-head-with-all-kinds-excavator-models.webp\" alt=\"Dizaina apsv\u0113rumu att\u0113ls\"><\/p>\n<h3>Bl\u012bv\u0113\u0161ana un e\u013c\u013co\u0161ana<\/h3>\n<p>Lai nov\u0113rstu hidraulisk\u0101s e\u013c\u013cas nopl\u016bdi, j\u0101izmanto da\u017e\u0101di bl\u012bv\u0113\u0161anas komponenti, piem\u0113ram, virzu\u013ca bl\u012bves, stie\u0146a bl\u012bves un stikla t\u012br\u012bt\u0101ja bl\u012bves, un bl\u012bv\u0113\u0161anas komponentiem j\u0101b\u016bt izgatavotiem no nodilumiztur\u012bgiem materi\u0101liem, piem\u0113ram, poliuret\u0101na un nitrila gumijas. Cilindra korpuss un v\u012bt\u0146ot\u0101 gala virsma ir j\u0101apstr\u0101d\u0101 prec\u012bzi, lai uzlabotu nodilumiztur\u012bbu un korozijas iztur\u012bbu. Lai nodro\u0161in\u0101tu efekt\u012bvu darb\u012bbu, cilindrs regul\u0101ri j\u0101iee\u013c\u013co ar hidraulisko e\u013c\u013cu.<\/p>\n<h3>Apkope un remonts<\/h3>\n<p>Regul\u0101ra p\u0101rbaude un profilaktisk\u0101 apkope var efekt\u012bvi samazin\u0101t iek\u0101rtu d\u012bkst\u0101ves laiku un apkopes izmaksas. J\u0101veic \u0161\u0101di pas\u0101kumi:<\/p>\n<ul>\n<li>Regul\u0101ri p\u0101rbaudiet cilindra bl\u012bves, stie\u0146us un citas sast\u0101vda\u013cas un, ja nepiecie\u0161ams, nomainiet t\u0101s.<\/li>\n<li>P\u0101rbaudiet, vai hidraulisk\u0101s e\u013c\u013cas l\u012bmenis ir pietiekams, un regul\u0101ri nomainiet to.<\/li>\n<li>P\u0101rbaudiet, vai cilindrs darbojas norm\u0101li, un veiciet remontu, ja ir k\u0101di neparasti st\u0101vok\u013ci.<\/li>\n<\/ul>\n<p><img decoding=\"async\" src=\"https:\/\/www.hydraulic-cylinders.net\/wp-content\/uploads\/2025\/01\/songte-chushion-collar.webp\" alt=\"Apkopes un remonta att\u0113ls\"><\/p>\n<h3>Instal\u0101cijas rokasgr\u0101mata<\/h3>\n<p>Lai uzst\u0101d\u012btu sviras cilindru, j\u0101veic \u0161\u0101das darb\u012bbas:<\/p>\n<ol>\n<li>P\u0101rbaudiet un not\u012briet uzst\u0101d\u012b\u0161anas deta\u013cas un p\u0101rliecinieties, ka t\u0101s ir l\u012bdzenas un t\u012bras.<\/li>\n<li>Uzst\u0101diet cilindru un pievelciet skr\u016bves l\u012bdz nor\u0101d\u012btajam griezes momentam.<\/li>\n<li>Pievienojiet hidraulisk\u0101s e\u013c\u013cas caurules un p\u0101rliecinieties, ka t\u0101s ir pareizi un dro\u0161i savienotas.<\/li>\n<li>P\u0101rbaudiet cilindra darb\u012bbu un p\u0101rliecinieties, ka tas darbojas norm\u0101li.<\/li>\n<\/ol>\n<p><img decoding=\"async\" src=\"https:\/\/www.hydraulic-cylinders.net\/wp-content\/uploads\/2025\/01\/songte-bushings-with-all-kinds-of-excavator-models.webp\" alt=\"Instal\u0113\u0161anas rokasgr\u0101matas att\u0113ls\"><\/p>\n<h3>Dro\u0161\u012bbas apsv\u0113rumi un vides faktori<\/h3>\n<p>Izmantojot cilindru sviras, j\u0101iev\u0113ro \u0161\u0101di dro\u0161\u012bbas pas\u0101kumi:<\/p>\n<ul>\n<li>Lai izvair\u012btos no p\u0101rslodzes, izmantojiet cilindru nor\u0101d\u012btaj\u0101 nestsp\u0113jas diapazon\u0101.<\/li>\n<li>Izmantojiet balonu ar piem\u0113rot\u0101m aizsargier\u012bc\u0113m, lai nov\u0113rstu balona boj\u0101jumu izrais\u012btus negad\u012bjumus.<\/li>\n<li>Iev\u0113rojiet lieto\u0161anas instrukcijas un regul\u0101ri veiciet apkopi un remontu, lai nodro\u0161in\u0101tu dro\u0161u darb\u012bbu.<\/li>\n<li>Atbr\u012bvojieties no izlietot\u0101s hidraulisk\u0101s e\u013c\u013cas un citiem saist\u012btiem materi\u0101liem pareizi, lai izvair\u012btos no vides pies\u0101r\u0146o\u0161anas.<\/li>\n<\/ul>\n<h3>Probl\u0113mu nov\u0113r\u0161ana un bie\u017ei sastopamas probl\u0113mas<\/h3>\n<p>Bie\u017ei sastopamas probl\u0113mas ar sviru cilindriem un to risin\u0101jumi ir \u0161\u0101di:<\/p>\n<ul>\n<li><strong>E\u013c\u013cas nopl\u016bde:<\/strong> To var izrais\u012bt boj\u0101ti bl\u012bv\u0113jumi vai skr\u0101p\u0113jumi uz cilindra korpusa vai virzu\u013ca stie\u0146a virsmas. Risin\u0101jums ir nomain\u012bt bl\u012bv\u0113jumus vai salabot boj\u0101to virsmu.<\/li>\n<li><strong>Neparasts troksnis:<\/strong> To var izrais\u012bt nepareiza mont\u0101\u017ea vai deta\u013cu, piem\u0113ram, virzu\u013ca stie\u0146u un bukses, nodilums. Risin\u0101jums ir nolietoto deta\u013cu atk\u0101rtota mont\u0101\u017ea vai nomai\u0146a.<\/li>\n<li><strong>L\u0113na kust\u012bba:<\/strong> To var izrais\u012bt nepietiekams hidraulisk\u0101s e\u013c\u013cas daudzums vai cilindra korpusa vai virzu\u013ca stie\u0146a virsmas boj\u0101jums. Risin\u0101jums ir uzpild\u012bt hidraulisko e\u013c\u013cu vai salabot boj\u0101to virsmu.<\/li>\n<\/ul>\n<p>Prevent\u012bvie pas\u0101kumi ietver regul\u0101ru apkopi un p\u0101rbaudes, boj\u0101tu deta\u013cu nomai\u0146u un pareizu lieto\u0161anu un ekspluat\u0101ciju, lai samazin\u0101tu iesp\u0113jam\u0101s probl\u0113mas.<\/p>\n<p><img decoding=\"async\" src=\"https:\/\/www.hydraulic-cylinders.net\/wp-content\/uploads\/2025\/01\/songte-company-4.webp\" alt=\"Uz\u0146\u0113muma ievada att\u0113ls\"><br \/>\n<img decoding=\"async\" src=\"https:\/\/www.hydraulic-cylinders.net\/wp-content\/uploads\/2025\/01\/songte-company-3.webp\" alt=\"Uz\u0146\u0113muma ievada att\u0113ls\"><\/p>\n<h3>Par mums<\/h3>\n<p>M\u0113s esam profesion\u0101ls rezerves hidraulisko cilindru ra\u017eot\u0101js ar pla\u0161u produktu kl\u0101stu. Esam k\u013cuvu\u0161i par vienu no vado\u0161ajiem hidraulisko cilindru ra\u017eot\u0101jiem un vairumtirdzniec\u012bbas izplat\u012bt\u0101jiem viet\u0113j\u0101 un starptautiskaj\u0101 tirg\u016b. M\u0113s vienm\u0113r iev\u0113rojam izcilas kvalit\u0101tes principu un pa\u013caujamies uz industrializ\u0113t\u0101m ra\u017eo\u0161anas vad\u012bbas strat\u0113\u0123ij\u0101m sare\u017e\u0123\u012bt\u0101s ra\u017eo\u0161anas darbn\u012bc\u0101s, lai nep\u0101rtraukti uzlabotu savu tehnisko l\u012bmeni un ra\u017eo\u0161anas efektivit\u0101ti. Ievie\u0161ot augstas klases digit\u0101l\u0101s ra\u017eo\u0161anas iek\u0101rtas un profesion\u0101las test\u0113\u0161anas sist\u0113mas, m\u0113s nep\u0101rtraukti optimiz\u0113jam ra\u017eo\u0161anas platformu, uzlabojam produktu kvalit\u0101tes kontroles procesu un mums ir sp\u0113c\u012bgas inov\u0101ciju iesp\u0113jas. M\u016bsu m\u0113r\u0137is ir apmierin\u0101t klientu da\u017e\u0101d\u0101s vajadz\u012bbas, iev\u0113rojot efektivit\u0101tes, precizit\u0101tes un augstas kvalit\u0101tes principus.<\/p>\n<p>M\u016bsu uz\u0146\u0113mums pied\u0101v\u0101 piel\u0101gotus pakalpojumus, starptautiskus sertifik\u0101tus, profesion\u0101lu tehnisko atbalstu, modernu ra\u017eo\u0161anas apr\u012bkojumu un augstas kvalit\u0101tes p\u0113cp\u0101rdo\u0161anas servisu, lai nodro\u0161in\u0101tu, ka klienti sa\u0146em lab\u0101kos produktus un pakalpojumus.<\/p>\n<p>Autors: lil<\/p>","protected":false},"excerpt":{"rendered":"<p>Arm Cylinder For Bobcat Small Excavator E324 Introduction An arm cylinder is a specially designed hydraulic cylinder that is primarily used to provide linear motion and power for various types of equipment, such as excavators, cranes, and robotic arms. The arm cylinder plays a crucial role in hydraulic systems, allowing attachments or accessories to move [&hellip;]<\/p>","protected":false},"featured_media":14777,"comment_status":"open","ping_status":"closed","template":"","meta":{"_et_pb_use_builder":"","_et_pb_old_content":"","_et_gb_content_width":""},"product_brand":[],"product_cat":[1497],"product_tag":[1498,1496],"class_list":{"0":"post-16619","1":"product","2":"type-product","3":"status-publish","4":"has-post-thumbnail","6":"product_cat-arm-cylinders","7":"product_tag-arm-cylinders","8":"product_tag-hydraulic-cylinders","10":"first","11":"instock","12":"shipping-taxable","13":"product-type-simple"},"amp_enabled":true,"_links":{"self":[{"href":"https:\/\/www.hydraulic-cylinders.net\/lv\/wp-json\/wp\/v2\/product\/16619","targetHints":{"allow":["GET"]}}],"collection":[{"href":"https:\/\/www.hydraulic-cylinders.net\/lv\/wp-json\/wp\/v2\/product"}],"about":[{"href":"https:\/\/www.hydraulic-cylinders.net\/lv\/wp-json\/wp\/v2\/types\/product"}],"replies":[{"embeddable":true,"href":"https:\/\/www.hydraulic-cylinders.net\/lv\/wp-json\/wp\/v2\/comments?post=16619"}],"wp:featuredmedia":[{"embeddable":true,"href":"https:\/\/www.hydraulic-cylinders.net\/lv\/wp-json\/wp\/v2\/media\/14777"}],"wp:attachment":[{"href":"https:\/\/www.hydraulic-cylinders.net\/lv\/wp-json\/wp\/v2\/media?parent=16619"}],"wp:term":[{"taxonomy":"product_brand","embeddable":true,"href":"https:\/\/www.hydraulic-cylinders.net\/lv\/wp-json\/wp\/v2\/product_brand?post=16619"},{"taxonomy":"product_cat","embeddable":true,"href":"https:\/\/www.hydraulic-cylinders.net\/lv\/wp-json\/wp\/v2\/product_cat?post=16619"},{"taxonomy":"product_tag","embeddable":true,"href":"https:\/\/www.hydraulic-cylinders.net\/lv\/wp-json\/wp\/v2\/product_tag?post=16619"}],"curies":[{"name":"wp","href":"https:\/\/api.w.org\/{rel}","templated":true}]}}