{"id":16621,"date":"2025-01-21T05:38:26","date_gmt":"2025-01-21T05:38:26","guid":{"rendered":"https:\/\/www.hydraulic-cylinders.net\/product\/arm-cylinder-for-bobcat-small-excavator-e35i\/"},"modified":"2025-01-21T05:38:32","modified_gmt":"2025-01-21T05:38:32","slug":"arm-cylinder-for-bobcat-small-excavator-e35i","status":"publish","type":"product","link":"https:\/\/www.hydraulic-cylinders.net\/lv\/products\/arm-cylinder-for-bobcat-small-excavator-e35i\/","title":{"rendered":"Bobcat maz\u0101 ekskavatora E35i sviras cilindrs"},"content":{"rendered":"<h1>Bobcat maz\u0101 ekskavatora E35i sviras cilindrs<\/h1>\n<h2>Ievads<\/h2>\n<h3>Sviras cilindra defin\u0113\u0161ana<\/h3>\n<p>Rokas cilindrs ir specializ\u0113ts hidrauliskais cilindrs, ko galvenok\u0101rt izmanto, lai nodro\u0161in\u0101tu line\u0101ru kust\u012bbu un jaudu da\u017e\u0101du veidu ma\u0161\u012bnu, piem\u0113ram, ekskavatoru, celt\u0146u un robotiz\u0113tu roku, svir\u0101m. Rokas cilindram ir iz\u0161\u0137iro\u0161a noz\u012bme hidrauliskaj\u0101s sist\u0113m\u0101s, \u013caujot efekt\u012bvi p\u0101rvietot un vad\u012bt papildu instrumentus vai stiprin\u0101jumus. \u0160ie cilindri ne tikai nodro\u0161ina vienm\u0113r\u012bgas kust\u012bbas, bet ar\u012b iztur lielas slodzes, nodro\u0161inot ma\u0161\u012bnu efekt\u012bvu darb\u012bbu un uzticam\u012bbu da\u017e\u0101dos ekspluat\u0101cijas apst\u0101k\u013cos.<\/p>\n<p><img decoding=\"async\" src=\"https:\/\/www.hydraulic-cylinders.net\/wp-content\/uploads\/2025\/01\/songte-company-2.webp\" alt=\"Sviras cilindra att\u0113ls\"><\/p>\n<h3>Rokas cilindra \u012bpa\u0161\u012bbas<\/h3>\n<ul>\n<li><strong>Augstas efektivit\u0101tes piedzi\u0146a:<\/strong> Rokas cilindrs nodro\u0161ina jaud\u012bgu line\u0101ru kust\u012bbu un sp\u0113ku, garant\u0113jot robotiz\u0113t\u0101s rokas augstu efektivit\u0101ti da\u017e\u0101du darb\u012bbu laik\u0101.<\/li>\n<li><strong>Prec\u012bzijas kontrole:<\/strong> Hidraulisk\u0101 sist\u0113ma \u013cauj rokas cilindram pan\u0101kt prec\u012bzu kust\u012bbas vad\u012bbu, padarot papildu instrumentu darb\u012bbu elast\u012bg\u0101ku un prec\u012bz\u0101ku.<\/li>\n<li><strong>Sp\u0113c\u012bga iztur\u012bba:<\/strong> Sviru cilindri parasti ir izgatavoti no augstas iztur\u012bbas materi\u0101liem, ar labu nodilumiztur\u012bbu un iztur\u012bbu pret koroziju, padarot tos piem\u0113rotus ilgsto\u0161ai lieto\u0161anai skarbos apst\u0101k\u013cos.<\/li>\n<li><strong>Daudzfunkcion\u0101la piel\u0101go\u0161an\u0101s sp\u0113ja:<\/strong> \u0160os cilindrus var pla\u0161i izmantot da\u017e\u0101d\u0101s meh\u0101nisk\u0101s iek\u0101rt\u0101s, piem\u0113ram, ekskavatoros, celt\u0146os un robotiz\u0113t\u0101s rok\u0101s, piel\u0101gojoties da\u017e\u0101d\u0101m darba pras\u012bb\u0101m.<\/li>\n<li><strong>Vienk\u0101r\u0161a apkope:<\/strong> Sviras cilindra konstrukcija ir veidota, \u0146emot v\u0113r\u0101 vienk\u0101r\u0161u apkopi un nomai\u0146u, padarot regul\u0101ras p\u0101rbaudes un apkopi \u0113rt\u0101ku un samazinot iek\u0101rtu d\u012bkst\u0101ves laiku.<\/li>\n<\/ul>\n<p>M\u016bsu produkti var lieliski aizst\u0101t \u0161os hidrauliskos cilindrus. Apskatiet m\u016bsu pla\u0161o produktu un rezerves da\u013cu kl\u0101stu vietn\u0113 <a href=\"https:\/\/www.hydraulic-cylinders.net\/wp-content\/uploads\/2025\/01\/songte-oil-pipes-and-spare-parts.webp\">https:\/\/www.hydraulic-cylinders.net\/<\/a><\/p>\n<h3>Rokas cilindra pielietojums<\/h3>\n<p>Sviras cilindram ir da\u017e\u0101di pielietojumi da\u017e\u0101d\u0101s nozar\u0113s:<\/p>\n<ul>\n<li><strong>B\u016bvniec\u012bbas in\u017eenierija:<\/strong> Ekskavatoros un celt\u0146os sviras cilindru izmanto, lai kontrol\u0113tu kausu vai str\u0113les kust\u012bbu un veiktu zemes darbus, materi\u0101lu apstr\u0101di un konstrukciju uzst\u0101d\u012b\u0161anu.<\/li>\n<li><strong>Ra\u017eo\u0161ana:<\/strong> Automatiz\u0113t\u0101s ra\u017eo\u0161anas l\u012bnij\u0101s rokas cilindrs tiek izmantots robotiz\u0113tu roku p\u0101rvieto\u0161anai un mont\u0101\u017eas, metin\u0101\u0161anas un apstr\u0101des procesu veik\u0161anai, palielinot ra\u017eo\u0161anas efektivit\u0101ti un precizit\u0101ti.<\/li>\n<li><strong>Lauksaimniec\u012bbas tehnika:<\/strong> Lauksaimniec\u012bbas ma\u0161\u012bn\u0101s, piem\u0113ram, kombainos un s\u0113jma\u0161\u012bn\u0101s, sviras cilindrs kontrol\u0113 vad\u012bbas sviras kust\u012bbu, veicot t\u0101dus uzdevumus k\u0101 s\u0113\u0161ana, m\u0113slo\u0161ana un ra\u017eas nov\u0101k\u0161ana.<\/li>\n<li><strong>Kalnr\u016bpniec\u012bba:<\/strong> Kalnr\u016bpniec\u012bbas iek\u0101rt\u0101s rokas cilindrs tiek izmantots, lai kontrol\u0113tu kalnr\u016bpniec\u012bbas iek\u0101rtas rokas kust\u012bbu, veicot r\u016bdas izrak\u0161anu un apstr\u0101di.<\/li>\n<li><strong>Lo\u0123istika un transports:<\/strong> Iekr\u0101v\u0113jos un apstr\u0101des robotos rokas cilindrs tiek izmantots, lai kontrol\u0113tu kravas dak\u0161u pacel\u0161anu un kust\u012bbu, realiz\u0113jot materi\u0101lu apstr\u0101di un sakrau\u0161anu.<\/li>\n<\/ul>\n<h2>Dizaina apsv\u0113rumi un atlases krit\u0113riji<\/h2>\n<h3>Nestsp\u0113ja<\/h3>\n<p>Sviras cilindram ir j\u0101sp\u0113j efekt\u012bvi atbalst\u012bt papildu instrumentu vai stiprin\u0101jumu slodzi. T\u0101p\u0113c nestsp\u0113ja ir kritisks projekt\u0113\u0161anas apsv\u0113rums sviras cilindru ra\u017eot\u0101jiem.<\/p>\n<h3>Bl\u012bv\u0113\u0161ana<\/h3>\n<p>Hidraulisk\u0101 sist\u0113ma ir atkar\u012bga no pareiza sviras cilindra bl\u012bv\u0113juma, lai nov\u0113rstu hidraulisk\u0101 \u0161\u0137idruma nopl\u016bdi. T\u0101d\u0113\u013c ra\u017eot\u0101ji izmanto augstas kvalit\u0101tes bl\u012bv\u0113\u0161anas komponentus, piem\u0113ram, virzu\u013ca bl\u012bves un stie\u0146a bl\u012bves, kas izgatavotas no nodilumiztur\u012bgiem materi\u0101liem, piem\u0113ram, poliuret\u0101na un nitrila gumijas, lai nodro\u0161in\u0101tu efekt\u012bvu bl\u012bv\u0113\u0161anu.<\/p>\n<h3>Iztur\u012bba<\/h3>\n<p>Sviras cilindram ir j\u0101iztur skarbi ekspluat\u0101cijas apst\u0101k\u013ci, tostarp korozija un nodilums, nemazinot t\u0101 veiktsp\u0113ju. T\u0101p\u0113c ra\u017eot\u0101ji izmanto augstas stipr\u012bbas materi\u0101lus, piem\u0113ram, le\u0123\u0113to t\u0113raudu un r\u016bd\u012bto t\u0113raudu, lai nodro\u0161in\u0101tu augstu iztur\u012bbu.<\/p>\n<h3>Dro\u0161\u012bba<\/h3>\n<p>Sviru cilindriem j\u0101b\u016bt konstru\u0113tiem, dro\u0161\u012bbai pie\u0161\u0137irot galveno priorit\u0101ti. Ra\u017eot\u0101ji nodro\u0161ina, ka sviru cilindri atbilst nozares dro\u0161\u012bbas standartiem un ietver t\u0101das funkcijas k\u0101 spiediena samazin\u0101\u0161anas v\u0101rstus un poz\u012bcijas sensorus, lai nodro\u0161in\u0101tu dro\u0161u darb\u012bbu.<\/p>\n<h3>Apkope<\/h3>\n<p>Ra\u017eot\u0101ji projekt\u0113 sviras cilindrus t\u0101, lai tos b\u016btu viegli apkopt un remont\u0113t. Sviras cilindra sast\u0101vda\u013c\u0101m, piem\u0113ram, stienim, virzulim un bl\u012bv\u0113m, j\u0101b\u016bt viegli nomain\u0101m\u0101m. Ra\u017eot\u0101ji saviem produktiem sniedz ar\u012b detaliz\u0113tas apkopes un remonta instrukcijas.<\/p>\n<p><img decoding=\"async\" src=\"https:\/\/www.hydraulic-cylinders.net\/wp-content\/uploads\/2025\/01\/songte-cylinder-head-with-all-kinds-excavator-models.webp\" alt=\"Sviras cilindra dizaina att\u0113ls\"><\/p>\n<h2>Bl\u012bv\u0113\u0161ana un e\u013c\u013co\u0161ana<\/h2>\n<p>Ra\u017eot\u0101ji izmanto da\u017e\u0101das bl\u012bv\u0113\u0161anas sast\u0101vda\u013cas, lai nodro\u0161in\u0101tu efekt\u012bvu sviru cilindru bl\u012bv\u0113\u0161anu. \u0160\u012bs sast\u0101vda\u013cas ietver virzu\u013ca bl\u012bv\u0113jumus, stie\u0146u bl\u012bv\u0113jumus un t\u012br\u012bt\u0101jus. Cilindra galva, stienis un bl\u012bv\u0113juma virsmas tiek apstr\u0101d\u0101tas ar smalku apdari, lai uzlabotu nodilumiztur\u012bbu. Turkl\u0101t regul\u0101ra e\u013c\u013co\u0161ana ar hidraulisko e\u013c\u013cu ir \u013coti svar\u012bga, lai nodro\u0161in\u0101tu sviru cilindra vienm\u0113r\u012bgu darb\u012bbu.<\/p>\n<h2>Prevent\u012bv\u0101 apkope un probl\u0113mu nov\u0113r\u0161ana<\/h2>\n<p>Lai nodro\u0161in\u0101tu optim\u0101lu veiktsp\u0113ju, ir svar\u012bgi veikt sviru cilindru profilaktisko apkopi un nov\u0113rst probl\u0113mu. Regul\u0101ra apkope ietver cilindra un t\u0101 sast\u0101vda\u013cu nopl\u016b\u017eu, nodiluma un boj\u0101jumu p\u0101rbaudi. Probl\u0113mu nov\u0113r\u0161ana ietver t\u0101du probl\u0113mu k\u0101 nopl\u016bdes, nepietiekama jauda un cilindra boj\u0101jumi identific\u0113\u0161anu un nov\u0113r\u0161anu. Ra\u017eot\u0101ji sniedz probl\u0113mu nov\u0113r\u0161anas padomus un risin\u0101jumus, lai pal\u012bdz\u0113tu klientiem efekt\u012bvi diagnostic\u0113t un risin\u0101t probl\u0113mas.<\/p>\n<p><img decoding=\"async\" src=\"https:\/\/www.hydraulic-cylinders.net\/wp-content\/uploads\/2025\/01\/songte-chushion-collar.webp\" alt=\"Sviras cilindra apkopes att\u0113ls\"><\/p>\n<h2>Instal\u0101cijas rokasgr\u0101mata<\/h2>\n<p>Pareiza sviras cilindru uzst\u0101d\u012b\u0161ana ir \u013coti svar\u012bga, lai nodro\u0161in\u0101tu optim\u0101lu veiktsp\u0113ju. Uzst\u0101d\u012b\u0161ana ietver vec\u0101 cilindra no\u0146em\u0161anu, jaun\u0101 cilindra uzst\u0101d\u012b\u0161anu, hidraulisko \u0161\u013c\u016bte\u0146u pievieno\u0161anu un cilindra darb\u012bbas p\u0101rbaudi. Ra\u017eot\u0101ji sniedz detaliz\u0113tas uzst\u0101d\u012b\u0161anas instrukcijas, lai nodro\u0161in\u0101tu pareizu uzst\u0101d\u012b\u0161anu.<\/p>\n<p><img decoding=\"async\" src=\"https:\/\/www.hydraulic-cylinders.net\/wp-content\/uploads\/2025\/01\/songte-bushings-with-all-kinds-of-excavator-models.webp\" alt=\"Sviras cilindra uzst\u0101d\u012b\u0161anas att\u0113ls\"><\/p>\n<h2>Dro\u0161\u012bbas un vides apsv\u0113rumi<\/h2>\n<p>Dro\u0161\u012bba ir b\u016btisks apsv\u0113rums, projekt\u0113jot un lietojot sviras cilindrus. Lietot\u0101jiem j\u0101nodro\u0161ina, lai cilindrs tiktu izmantots paredz\u0113tajam m\u0113r\u0137im un dro\u0161\u0101 vid\u0113. Ar\u012b vides faktori, piem\u0113ram, temperat\u016bra un mitrums, var ietekm\u0113t sviras cilindru veiktsp\u0113ju. Ra\u017eot\u0101ji savus produktus projekt\u0113 t\u0101, lai tie iztur\u0113tu da\u017e\u0101dus vides faktorus, un sniedz vadl\u012bnijas par dro\u0161u un efekt\u012bvu lieto\u0161anu.<\/p>\n<h2>Par m\u016bsu uz\u0146\u0113mumu<\/h2>\n<p>M\u0113s esam profesion\u0101ls rezerves hidraulisko cilindru ra\u017eot\u0101js, kas pied\u0101v\u0101 pla\u0161u produktu kl\u0101stu, kas ir padar\u012bjis m\u016bs par vienu no vado\u0161ajiem hidraulisko cilindru ra\u017eot\u0101jiem un vairumtirgot\u0101jiem viet\u0113j\u0101 un starptautiskaj\u0101 tirg\u016b. M\u0113s vienm\u0113r iev\u0113rojam izcilas kvalit\u0101tes principu, pa\u013caujoties uz smalk\u0101s ra\u017eo\u0161anas darbn\u012bcas r\u016bpniecisk\u0101s ra\u017eo\u0161anas vad\u012bbas strat\u0113\u0123iju, lai nep\u0101rtraukti uzlabotu m\u016bsu tehnolo\u0123ijas un ra\u017eo\u0161anas efektivit\u0101ti. Mums ir sp\u0113c\u012bgas inov\u0101ciju sp\u0113jas, un m\u0113s esam ieviesu\u0161i augstas klases digit\u0101l\u0101s ra\u017eo\u0161anas iek\u0101rtas un profesion\u0101las test\u0113\u0161anas sist\u0113mas, lai optimiz\u0113tu m\u016bsu ra\u017eo\u0161anas platformu un uzlabotu produktu kvalit\u0101tes kontroles procesus. M\u016bsu m\u0113r\u0137is ir apmierin\u0101t m\u016bsu klientu da\u017e\u0101d\u0101s vajadz\u012bbas, iev\u0113rojot augstas efektivit\u0101tes, precizit\u0101tes un augstas kvalit\u0101tes principus.<\/p>\n<p>M\u0113s pied\u0101v\u0101jam profesion\u0101lus pakalpojumus, starptautiskus sertifik\u0101tus, piel\u0101gotus pakalpojumus, modernu ra\u017eo\u0161anas apr\u012bkojumu un izcilu p\u0113cp\u0101rdo\u0161anas apkalpo\u0161anu. Apskatiet m\u016bsu t\u012bmek\u013ca vietni <a href=\"https:\/\/www.hydraulic-cylinders.net\/lv\/\">https:\/\/www.hydraulic-cylinders.net\/<\/a><\/p>\n<p><img decoding=\"async\" src=\"https:\/\/www.hydraulic-cylinders.net\/wp-content\/uploads\/2025\/01\/songte-company-4.webp\" alt=\"Uz\u0146\u0113muma att\u0113ls 1\"><\/p>\n<p><img decoding=\"async\" src=\"https:\/\/www.hydraulic-cylinders.net\/wp-content\/uploads\/2025\/01\/songte-company-3.webp\" alt=\"Uz\u0146\u0113muma att\u0113ls 2\"><\/p>\n<p>Autors: lil<\/p>","protected":false},"excerpt":{"rendered":"<p>Arm Cylinder For Bobcat Small Excavator E35i Introduction Defining Arm Cylinder The arm cylinder is a specialized hydraulic cylinder used primarily to provide linear motion and power to the arms of various types of machinery such as excavators, cranes, and robotic arms. The arm cylinder plays a crucial role in hydraulic systems, enabling additional tools [&hellip;]<\/p>","protected":false},"featured_media":14772,"comment_status":"open","ping_status":"closed","template":"","meta":{"_et_pb_use_builder":"","_et_pb_old_content":"","_et_gb_content_width":""},"product_brand":[],"product_cat":[1497],"product_tag":[1498,1496],"class_list":{"0":"post-16621","1":"product","2":"type-product","3":"status-publish","4":"has-post-thumbnail","6":"product_cat-arm-cylinders","7":"product_tag-arm-cylinders","8":"product_tag-hydraulic-cylinders","10":"first","11":"instock","12":"shipping-taxable","13":"product-type-simple"},"amp_enabled":true,"_links":{"self":[{"href":"https:\/\/www.hydraulic-cylinders.net\/lv\/wp-json\/wp\/v2\/product\/16621","targetHints":{"allow":["GET"]}}],"collection":[{"href":"https:\/\/www.hydraulic-cylinders.net\/lv\/wp-json\/wp\/v2\/product"}],"about":[{"href":"https:\/\/www.hydraulic-cylinders.net\/lv\/wp-json\/wp\/v2\/types\/product"}],"replies":[{"embeddable":true,"href":"https:\/\/www.hydraulic-cylinders.net\/lv\/wp-json\/wp\/v2\/comments?post=16621"}],"wp:featuredmedia":[{"embeddable":true,"href":"https:\/\/www.hydraulic-cylinders.net\/lv\/wp-json\/wp\/v2\/media\/14772"}],"wp:attachment":[{"href":"https:\/\/www.hydraulic-cylinders.net\/lv\/wp-json\/wp\/v2\/media?parent=16621"}],"wp:term":[{"taxonomy":"product_brand","embeddable":true,"href":"https:\/\/www.hydraulic-cylinders.net\/lv\/wp-json\/wp\/v2\/product_brand?post=16621"},{"taxonomy":"product_cat","embeddable":true,"href":"https:\/\/www.hydraulic-cylinders.net\/lv\/wp-json\/wp\/v2\/product_cat?post=16621"},{"taxonomy":"product_tag","embeddable":true,"href":"https:\/\/www.hydraulic-cylinders.net\/lv\/wp-json\/wp\/v2\/product_tag?post=16621"}],"curies":[{"name":"wp","href":"https:\/\/api.w.org\/{rel}","templated":true}]}}