{"id":16622,"date":"2025-01-21T05:38:33","date_gmt":"2025-01-21T05:38:33","guid":{"rendered":"https:\/\/www.hydraulic-cylinders.net\/product\/arm-cylinder-for-bobcat-small-excavator-e45\/"},"modified":"2025-01-21T05:38:35","modified_gmt":"2025-01-21T05:38:35","slug":"arm-cylinder-for-bobcat-small-excavator-e45","status":"publish","type":"product","link":"https:\/\/www.hydraulic-cylinders.net\/lv\/products\/arm-cylinder-for-bobcat-small-excavator-e45\/","title":{"rendered":"Bobcat maz\u0101 ekskavatora E45 rokas cilindrs"},"content":{"rendered":"<h2>Bobcat maz\u0101 ekskavatora E45 rokas cilindrs<\/h2>\n<h3>Defin\u012bcija un skaidrojums<\/h3>\n<p>Sviras cilindrs ir \u012bpa\u0161i izstr\u0101d\u0101ts hidrauliskais cilindrs, ko galvenok\u0101rt izmanto, lai nodro\u0161in\u0101tu line\u0101ru kust\u012bbu un jaudu da\u017e\u0101du veidu ma\u0161\u012bnu, piem\u0113ram, ekskavatoru, celt\u0146u un robotu roku, svir\u0101m. Sviras cilindriem ir galven\u0101 loma hidrauliskaj\u0101s sist\u0113m\u0101s, nodro\u0161inot efekt\u012bvu stiprin\u0101juma instrumentu vai piederumu kust\u012bbu un vad\u012bbu. \u0160ie cilindri ne tikai nodro\u0161ina vienm\u0113r\u012bgu kust\u012bbu, bet ar\u012b iztur lielas slodzes, nodro\u0161inot ma\u0161\u012bnas efekt\u012bvu darb\u012bbu un uzticam\u012bbu da\u017e\u0101dos ekspluat\u0101cijas apst\u0101k\u013cos.<\/p>\n<p><img decoding=\"async\" src=\"https:\/\/www.hydraulic-cylinders.net\/wp-content\/uploads\/2025\/01\/songte-company-2.webp\"><\/p>\n<h3>Funkcijas<\/h3>\n<ul>\n<li>Augstas efektivit\u0101tes brauk\u0161ana<\/li>\n<li>Prec\u012bzijas kontrole<\/li>\n<li>Iztur\u012bgs<\/li>\n<li>Daudzfunkcion\u0101la piel\u0101go\u0161an\u0101s sp\u0113ja<\/li>\n<li>Vienk\u0101r\u0161a apkope<\/li>\n<\/ul>\n<p>Sviru cilindri nodro\u0161ina jaud\u012bgu line\u0101ru kust\u012bbu un sp\u0113ku, lai garant\u0113tu augstu efektivit\u0101ti da\u017e\u0101d\u0101s darb\u012bb\u0101s. Hidraulisk\u0101s sist\u0113mas \u013cauj prec\u012bzi kontrol\u0113t kust\u012bbu, padarot stiprin\u0101juma instrumentu darb\u012bbu elast\u012bg\u0101ku un prec\u012bz\u0101ku. Sviru cilindri parasti ir izgatavoti no augstas iztur\u012bbas materi\u0101liem, tiem ir laba nodilumiztur\u012bba un iztur\u012bba pret koroziju, un tie ir piem\u0113roti ilgsto\u0161ai lieto\u0161anai skarbos apst\u0101k\u013cos. \u0160iem cilindriem ir pla\u0161s pielietojumu kl\u0101sts, tostarp ekskavatori, celt\u0146i un robotu rokas. To konstrukcija \u013cauj viegli apkopt un nomain\u012bt, samazinot iek\u0101rtu d\u012bkst\u0101ves laiku.<\/p>\n<p><img decoding=\"async\" src=\"https:\/\/www.hydraulic-cylinders.net\/wp-content\/uploads\/2025\/01\/songte-oil-pipes-and-spare-parts.webp\"><\/p>\n<h3>Pieteikumi<\/h3>\n<p>Sviru cilindriem ir pla\u0161s pielietojumu kl\u0101sts da\u017e\u0101d\u0101s nozar\u0113s, tostarp:<\/p>\n<ul>\n<li>B\u016bvniec\u012bbas in\u017eenierija<\/li>\n<li>Ra\u017eo\u0161ana<\/li>\n<li>Lauksaimniec\u012bbas tehnika<\/li>\n<li>Kalnr\u016bpniec\u012bba<\/li>\n<li>Lo\u0123istika un transports<\/li>\n<\/ul>\n<p>B\u016bvniec\u012bbas in\u017eenierij\u0101 sviru cilindrus izmanto, lai kontrol\u0113tu kausu vai str\u0113les kust\u012bbu ekskavatoros un celt\u0146os, veicot zemes darbus, materi\u0101lu apstr\u0101di un konstrukciju uzst\u0101d\u012b\u0161anu. Ra\u017eo\u0161an\u0101 sviru cilindrus izmanto robotiz\u0113tu roku kust\u012bbai mont\u0101\u017eas, metin\u0101\u0161anas un apstr\u0101des procesos, lai uzlabotu ra\u017eo\u0161anas efektivit\u0101ti un precizit\u0101ti. Lauksaimniec\u012bbas ma\u0161\u012bn\u0101s sviru cilindri kontrol\u0113 darb\u012bbas sviru kust\u012bbu t\u0101dos uzdevumos k\u0101 s\u0113\u0161ana, m\u0113slo\u0161ana un ra\u017eas nov\u0101k\u0161ana. Kalnr\u016bpniec\u012bb\u0101 sviru cilindrus izmanto, lai kontrol\u0113tu kalnr\u016bpniec\u012bbas iek\u0101rtu sviru kust\u012bbu r\u016bdas ieguvei un apstr\u0101dei. Lo\u0123istik\u0101 un transport\u0113\u0161an\u0101 sviru cilindrus izmanto, lai kontrol\u0113tu kravas dak\u0161u pacel\u0161anu un kust\u012bbu iekr\u0101v\u0113jos un apstr\u0101des robotos materi\u0101lu apstr\u0101dei un krau\u0161anai.<\/p>\n<h3>Dizaina apsv\u0113rumi un atlases krit\u0113riji<\/h3>\n<p>Run\u0101jot par konstrukcijas apsv\u0113rumiem, sviras cilindriem j\u0101b\u016bt \u0161\u0101d\u0101m \u012bpa\u0161\u012bb\u0101m:<\/p>\n<ul>\n<li>Nestsp\u0113ja<\/li>\n<li>Bl\u012bv\u0113juma veiktsp\u0113ja<\/li>\n<li>Iztur\u012bba<\/li>\n<li>Dro\u0161\u012bba<\/li>\n<li>Uzturam\u012bba<\/li>\n<\/ul>\n<p>Sviras cilindriem j\u0101sp\u0113j iztur\u0113t iek\u0101rtas un stiprin\u0101jumu maksim\u0101lo slodzi. Sviras cilindra bl\u012bv\u0113juma veiktsp\u0113ja tie\u0161i ietekm\u0113 hidraulisk\u0101s sist\u0113mas uzticam\u012bbu un kalpo\u0161anas laiku. Cilindra iztur\u012bba ir b\u016btiska, lai nodro\u0161in\u0101tu cilindra kalpo\u0161anas laiku un iek\u0101rtas dro\u0161u darb\u012bbu. Sviras cilindra dro\u0161ais dizains nodro\u0161ina iek\u0101rtas dro\u0161u darb\u012bbu un aizsarg\u0101 operatoru. Sviras cilindra apkopes vieglums padara apkopi un nomai\u0146u \u0113rt\u0101ku, samazinot iek\u0101rtas d\u012bkst\u0101ves laiku.<\/p>\n<p><img decoding=\"async\" src=\"https:\/\/www.hydraulic-cylinders.net\/wp-content\/uploads\/2025\/01\/songte-cylinder-head-with-all-kinds-excavator-models.webp\"><\/p>\n<h3>Bl\u012bv\u0113\u0161ana un e\u013c\u013co\u0161ana<\/h3>\n<p>Sviru cilindros tiek izmantoti da\u017e\u0101di bl\u012bv\u0113\u0161anas elementi, piem\u0113ram, virzu\u013ca bl\u012bvsl\u0113gi, stie\u0146u bl\u012bvsl\u0113gi \u200b\u200bun t\u012br\u012bt\u0101ji. Bl\u012bv\u0113jumi ir izgatavoti no nodilumiztur\u012bgiem materi\u0101liem, piem\u0113ram, poliuret\u0101na un nitrila gumijas. Cilindra korpuss un v\u012bt\u0146ot\u0101 gala virsma ir smalki apstr\u0101d\u0101ta, lai uzlabotu nodilumiztur\u012bbu. Sviru cilindriem nepiecie\u0161ama regul\u0101ra e\u013c\u013co\u0161ana ar hidraulisko e\u013c\u013cu, lai nodro\u0161in\u0101tu vienm\u0113r\u012bgu darb\u012bbu un pagarin\u0101tu kalpo\u0161anas laiku.<\/p>\n<h3>Prevent\u012bv\u0101 apkope<\/h3>\n<p>Regul\u0101ra p\u0101rbaude un profilaktisk\u0101 apkope ir \u013coti svar\u012bga, lai pagarin\u0101tu sviras cilindra kalpo\u0161anas laiku un nodro\u0161in\u0101tu dro\u0161u un efekt\u012bvu iek\u0101rtas darb\u012bbu. Regul\u0101r\u0101s p\u0101rbaud\u0113s j\u0101iek\u013cauj cilindra korpusa, virzu\u013ca stie\u0146a un bl\u012bv\u0113jumu boj\u0101jumu p\u0101rbaude. J\u0101p\u0101rbauda hidraulisk\u0101 sist\u0113ma, vai nav nopl\u016b\u017eu, un j\u0101p\u0101rbauda e\u013c\u013cas l\u012bmenis un kvalit\u0101te. Regul\u0101ri j\u0101p\u0101rbauda ar\u012b iek\u0101rtas darb\u012bbas apst\u0101k\u013ci, lai identific\u0113tu visas iesp\u0113jam\u0101s probl\u0113mas.<\/p>\n<h3>Instal\u0101cijas rokasgr\u0101mata<\/h3>\n<p>Pareiza sviras cilindra uzst\u0101d\u012b\u0161ana ir b\u016btiska, lai nodro\u0161in\u0101tu dro\u0161u un efekt\u012bvu darb\u012bbu. Uzst\u0101d\u012b\u0161anas process j\u0101veic saska\u0146\u0101 ar iek\u0101rtas ra\u017eot\u0101ja nor\u0101d\u012bjumiem, un visiem savienojumiem j\u0101b\u016bt cie\u0161i nostiprin\u0101tiem. Hidrauliskaj\u0101m l\u012bnij\u0101m un savienojumiem j\u0101b\u016bt pareizi pievienotiem, un hidrauliskajai sist\u0113mai j\u0101b\u016bt izt\u012br\u012btai pirms iedarbin\u0101\u0161anas. Sviras cilindra virzu\u013ca stienim transport\u0113\u0161anas un uzst\u0101d\u012b\u0161anas laik\u0101 j\u0101b\u016bt ievilktam, lai izvair\u012btos no boj\u0101jumiem.<\/p>\n<p><img decoding=\"async\" src=\"https:\/\/www.hydraulic-cylinders.net\/wp-content\/uploads\/2025\/01\/songte-bushings-with-all-kinds-of-excavator-models.webp\"><\/p>\n<h3>Dro\u0161\u012bbas apsv\u0113rumi un vides faktori<\/h3>\n<p>Lietojot sviras cilindru, iek\u0101rta j\u0101darbina saska\u0146\u0101 ar ra\u017eot\u0101ja nor\u0101d\u012bjumiem un dro\u0161\u012bbas vadl\u012bnij\u0101m. Iek\u0101rtas operatoram j\u0101b\u016bt pien\u0101c\u012bgi apm\u0101c\u012btam un j\u0101apzin\u0101s iesp\u0113jamie apdraud\u0113jumi ekspluat\u0101cijas laik\u0101. Ekspluat\u0101cijas laik\u0101 j\u0101valk\u0101 atbilsto\u0161s aizsargapr\u012bkojums, piem\u0113ram, aizsargbrilles un cimdi. Ekspluat\u0101cijas laik\u0101 j\u0101\u0146em v\u0113r\u0101 ar\u012b t\u0101di vides faktori k\u0101 temperat\u016bra, mitrums un putek\u013ci, jo tie var ietekm\u0113t cilindra darb\u012bbu un kalpo\u0161anas laiku.<\/p>\n<h3>Probl\u0113mu nov\u0113r\u0161ana un bie\u017ei sastopamas probl\u0113mas<\/h3>\n<p>Bie\u017ei sastopamas probl\u0113mas ar sviras cilindriem ir nopl\u016bde, nepietiekams sp\u0113ks un neparasts troksnis. Probl\u0113mas c\u0113lonis j\u0101nosaka, r\u016bp\u012bgi p\u0101rbaudot hidraulisko sist\u0113mu vai apr\u012bkojumu. Risin\u0101jumi var ietvert boj\u0101tu bl\u012bv\u0113jumu nomai\u0146u, filtra t\u012br\u012b\u0161anu vai nomai\u0146u vai hidraulisk\u0101s sist\u0113mas spiediena regul\u0113\u0161anu. Regul\u0101ra apkope un p\u0101rbaude var pal\u012bdz\u0113t nov\u0113rst iesp\u0113jam\u0101s probl\u0113mas.<\/p>\n<p><img decoding=\"async\" src=\"https:\/\/www.hydraulic-cylinders.net\/wp-content\/uploads\/2025\/01\/songte-chushion-collar.webp\"><\/p>\n<h3>Par mums<\/h3>\n<p>M\u0113s esam profesion\u0101ls hidraulisko cilindru ra\u017eot\u0101js ar pla\u0161u produktu kl\u0101stu, kas padara m\u016bs par vienu no vado\u0161ajiem hidraulisko cilindru ra\u017eot\u0101jiem un vairumtirdzniec\u012bbas izplat\u012bt\u0101jiem viet\u0113j\u0101 un starptautiskaj\u0101 tirg\u016b. M\u0113s vienm\u0113r iev\u0113rojam izcilas kvalit\u0101tes principu un pa\u013caujamies uz r\u016bpniecisk\u0101s ra\u017eo\u0161anas vad\u012bbas strat\u0113\u0123ij\u0101m prec\u012bzi ra\u017eot\u0101s darbn\u012bc\u0101s, lai nep\u0101rtraukti uzlabotu savu tehnolo\u0123isko l\u012bmeni un ra\u017eo\u0161anas efektivit\u0101ti. Ievie\u0161ot modernu digit\u0101lo ra\u017eo\u0161anas apr\u012bkojumu un profesion\u0101las test\u0113\u0161anas sist\u0113mas, m\u0113s optimiz\u0113jam ra\u017eo\u0161anas platformu, uzlabojam produktu kvalit\u0101tes kontroles procesus un mums ir sp\u0113c\u012bgas inov\u0101ciju iesp\u0113jas. M\u016bsu m\u0113r\u0137is ir apmierin\u0101t klientu da\u017e\u0101d\u0101s vajadz\u012bbas ar augstu efektivit\u0101ti, precizit\u0101ti un augstas kvalit\u0101tes principiem.<\/p>\n<p>M\u016bsu uz\u0146\u0113mums pied\u0101v\u0101 piel\u0101gotus hidraulisko cilindru produktus, starptautisku sertifik\u0101ciju, ra\u017eo\u0161anas iek\u0101rtas un lielisku p\u0113cp\u0101rdo\u0161anas servisu.<\/p>\n<p><img decoding=\"async\" src=\"https:\/\/www.hydraulic-cylinders.net\/wp-content\/uploads\/2025\/01\/songte-company-4.webp\"><br \/>\n<img decoding=\"async\" src=\"https:\/\/www.hydraulic-cylinders.net\/wp-content\/uploads\/2025\/01\/songte-company-3.webp\"><\/p>\n<p>Autors: lil<\/p>","protected":false},"excerpt":{"rendered":"<p>Arm Cylinder for Bobcat Small Excavator E45 Definition and Explanation An arm cylinder is a specifically designed hydraulic cylinder that is primarily used to provide linear motion and power to the arms of various types of machinery such as excavators, cranes, and robotic arms. Arm cylinders play a key role in hydraulic systems, allowing for [&hellip;]<\/p>","protected":false},"featured_media":14770,"comment_status":"open","ping_status":"closed","template":"","meta":{"_et_pb_use_builder":"","_et_pb_old_content":"","_et_gb_content_width":""},"product_brand":[],"product_cat":[1497],"product_tag":[1498,1496],"class_list":{"0":"post-16622","1":"product","2":"type-product","3":"status-publish","4":"has-post-thumbnail","6":"product_cat-arm-cylinders","7":"product_tag-arm-cylinders","8":"product_tag-hydraulic-cylinders","10":"first","11":"instock","12":"shipping-taxable","13":"product-type-simple"},"amp_enabled":true,"_links":{"self":[{"href":"https:\/\/www.hydraulic-cylinders.net\/lv\/wp-json\/wp\/v2\/product\/16622","targetHints":{"allow":["GET"]}}],"collection":[{"href":"https:\/\/www.hydraulic-cylinders.net\/lv\/wp-json\/wp\/v2\/product"}],"about":[{"href":"https:\/\/www.hydraulic-cylinders.net\/lv\/wp-json\/wp\/v2\/types\/product"}],"replies":[{"embeddable":true,"href":"https:\/\/www.hydraulic-cylinders.net\/lv\/wp-json\/wp\/v2\/comments?post=16622"}],"wp:featuredmedia":[{"embeddable":true,"href":"https:\/\/www.hydraulic-cylinders.net\/lv\/wp-json\/wp\/v2\/media\/14770"}],"wp:attachment":[{"href":"https:\/\/www.hydraulic-cylinders.net\/lv\/wp-json\/wp\/v2\/media?parent=16622"}],"wp:term":[{"taxonomy":"product_brand","embeddable":true,"href":"https:\/\/www.hydraulic-cylinders.net\/lv\/wp-json\/wp\/v2\/product_brand?post=16622"},{"taxonomy":"product_cat","embeddable":true,"href":"https:\/\/www.hydraulic-cylinders.net\/lv\/wp-json\/wp\/v2\/product_cat?post=16622"},{"taxonomy":"product_tag","embeddable":true,"href":"https:\/\/www.hydraulic-cylinders.net\/lv\/wp-json\/wp\/v2\/product_tag?post=16622"}],"curies":[{"name":"wp","href":"https:\/\/api.w.org\/{rel}","templated":true}]}}