{"id":16624,"date":"2025-01-21T05:38:41","date_gmt":"2025-01-21T05:38:41","guid":{"rendered":"https:\/\/www.hydraulic-cylinders.net\/product\/arm-cylinder-for-bobcat-small-excavator-e85\/"},"modified":"2025-01-21T05:38:43","modified_gmt":"2025-01-21T05:38:43","slug":"arm-cylinder-for-bobcat-small-excavator-e85","status":"publish","type":"product","link":"https:\/\/www.hydraulic-cylinders.net\/lv\/products\/arm-cylinder-for-bobcat-small-excavator-e85\/","title":{"rendered":"Bobcat maz\u0101 ekskavatora E85 rokas cilindrs"},"content":{"rendered":"<h2>Bobcat maz\u0101 ekskavatora E85 rokas cilindrs<\/h2>\n<h3>Ievads<\/h3>\n<p>Sviras cilindrs, kas paz\u012bstams ar\u012b k\u0101 hidrauliskais cilindrs, ir speci\u0101li izstr\u0101d\u0101ta hidrauliska izpildmeh\u0101nisma, ko izmanto, lai nodro\u0161in\u0101tu line\u0101ru kust\u012bbu un jaudu da\u017e\u0101du ma\u0161\u012bnu, piem\u0113ram, ekskavatoru, celt\u0146u un robotu roku, svir\u0101m. Sviras cilindram ir iz\u0161\u0137iro\u0161a noz\u012bme hidrauliskaj\u0101s sist\u0113m\u0101s, nodro\u0161inot pielikumu vai piederumu kust\u012bbu un vad\u012bbu. \u0160ie cilindri ne tikai nodro\u0161ina vienm\u0113r\u012bgu kust\u012bbu, bet ar\u012b iztur lielas slodzes, nodro\u0161inot ma\u0161\u012bnu efekt\u012bvu darb\u012bbu un uzticam\u012bbu da\u017e\u0101dos ekspluat\u0101cijas apst\u0101k\u013cos.<\/p>\n<p><img decoding=\"async\" src=\"https:\/\/www.hydraulic-cylinders.net\/wp-content\/uploads\/2025\/01\/songte-company-2.webp\" alt=\"Sviras cilindra att\u0113ls\" \/><\/p>\n<h3>Funkcijas<\/h3>\n<ul>\n<li><strong>Augstas efektivit\u0101tes jaudas p\u0101rvade:<\/strong> Rokas cilindrs var nodro\u0161in\u0101t jaud\u012bgu line\u0101ru kust\u012bbu un sp\u0113ku, garant\u0113jot ma\u0161\u012bnas rokas augstu efektivit\u0101ti da\u017e\u0101du darb\u012bbu laik\u0101.<\/li>\n<li><strong>Prec\u012bza kontrole:<\/strong> Izmantojot hidraulisk\u0101s sist\u0113mas, rokas cilindrs var pan\u0101kt prec\u012bzu kust\u012bbas vad\u012bbu, padarot pievienoto instrumentu darb\u012bbu elast\u012bg\u0101ku un prec\u012bz\u0101ku.<\/li>\n<li><strong>Iztur\u012bgs:<\/strong> Sviru cilindri parasti ir izgatavoti no augstas iztur\u012bbas materi\u0101liem, un tiem ir laba nodilumiztur\u012bba un korozijas iztur\u012bba, padarot tos piem\u0113rotus ilgsto\u0161ai lieto\u0161anai skarbos apst\u0101k\u013cos.<\/li>\n<li><strong>Daudzfunkcion\u0101la piel\u0101go\u0161an\u0101s sp\u0113ja:<\/strong> \u0160os cilindrus var pla\u0161i izmantot da\u017e\u0101d\u0101s meh\u0101nisk\u0101s iek\u0101rt\u0101s, piem\u0113ram, ekskavatoros, celt\u0146os un robotiz\u0113t\u0101s rok\u0101s, piel\u0101gojoties da\u017e\u0101d\u0101m darba pras\u012bb\u0101m.<\/li>\n<li><strong>Vienk\u0101r\u0161a apkope:<\/strong> Izstr\u0101d\u0101ts, lai atvieglotu apkopi un nomai\u0146u, regul\u0101ra p\u0101rbaude un apkope k\u013c\u016bst \u0113rt\u0101ka, samazinot iek\u0101rtu d\u012bkst\u0101ves laiku.<\/li>\n<\/ul>\n<p>M\u0113s sp\u0113jam ra\u017eot \u0161o produktu un pied\u0101v\u0101t perfektu aizvietot\u0101ju \u0161iem hidrauliskajiem cilindriem.<\/p>\n<p><img decoding=\"async\" src=\"https:\/\/www.hydraulic-cylinders.net\/wp-content\/uploads\/2025\/01\/songte-oil-pipes-and-spare-parts.webp\" alt=\"Hidraulisk\u0101 cilindra deta\u013cu att\u0113ls\" \/><\/p>\n<h3>Pieteikums<\/h3>\n<p>Sviru cilindriem ir daudzveid\u012bgs pielietojums da\u017e\u0101d\u0101s nozar\u0113s:<\/p>\n<ul>\n<li><strong>B\u016bvniec\u012bbas in\u017eenierija:<\/strong> Str\u0113les cilindri tiek izmantoti ekskavatoros un celt\u0146os, lai kontrol\u0113tu kausu vai str\u0113les kust\u012bbu zemes darbos, materi\u0101lu apstr\u0101d\u0113 un konstrukciju uzst\u0101d\u012b\u0161an\u0101.<\/li>\n<li><strong>Ra\u017eo\u0161ana:<\/strong> Automatiz\u0113t\u0101s ra\u017eo\u0161anas l\u012bnij\u0101s roku cilindri tiek izmantoti robotiz\u0113to roku kust\u012bbai mont\u0101\u017eas, metin\u0101\u0161anas un apstr\u0101des procesos, lai uzlabotu ra\u017eo\u0161anas efektivit\u0101ti un precizit\u0101ti.<\/li>\n<li><strong>Lauksaimniec\u012bbas tehnika:<\/strong> Sviru cilindri kontrol\u0113 vad\u012bbas sviru kust\u012bbu lauksaimniec\u012bbas ma\u0161\u012bn\u0101s, piem\u0113ram, kombainos un s\u0113jma\u0161\u012bn\u0101s, veicot t\u0101dus uzdevumus k\u0101 st\u0101d\u012b\u0161ana, m\u0113slo\u0161ana un ra\u017eas nov\u0101k\u0161ana.<\/li>\n<li><strong>Kalnr\u016bpniec\u012bba:<\/strong> Kalnr\u016bpniec\u012bbas iek\u0101rt\u0101s tiek izmantoti roku cilindri, lai kontrol\u0113tu kalnr\u016bpniec\u012bbas iek\u0101rtu roku kust\u012bbu miner\u0101lu ieguvei un transport\u0113\u0161anai.<\/li>\n<li><strong>Lo\u0123istika un transports:<\/strong> Iekr\u0101v\u0113jos un apstr\u0101des robotos roku cilindri kontrol\u0113 dak\u0161u pacel\u0161anu un kust\u012bbu materi\u0101lu apstr\u0101dei un krau\u0161anai.<\/li>\n<\/ul>\n<h3>Dizaina apsv\u0113rumi un atlases krit\u0113riji<\/h3>\n<p>No dizaina viedok\u013ca j\u0101\u0146em v\u0113r\u0101 \u0161\u0101di krit\u0113riji:<\/p>\n<ul>\n<li><strong>Nestsp\u0113ja:<\/strong> Hidrauliskajiem cilindriem j\u0101b\u016bt konstru\u0113tiem t\u0101, lai tie iztur\u0113tu ma\u0161\u012bnu darba slodzes.<\/li>\n<li><strong>Bl\u012bv\u0113jums:<\/strong> Hidrauliskajiem cilindriem j\u0101b\u016bt pareizi nosl\u0113gtiem, lai nov\u0113rstu nopl\u016bdes un uztur\u0113tu spiedienu.<\/li>\n<li><strong>Iztur\u012bba:<\/strong> Hidrauliskajiem cilindriem j\u0101b\u016bt izgatavotiem no materi\u0101liem, kas ir iztur\u012bgi pret nodilumu un koroziju.<\/li>\n<li><strong>Dro\u0161\u012bba:<\/strong> Hidrauliskajiem cilindriem j\u0101b\u016bt konstru\u0113tiem t\u0101, lai nov\u0113rstu negad\u012bjumus un nodro\u0161in\u0101tu person\u0101la un apr\u012bkojuma dro\u0161\u012bbu.<\/li>\n<li><strong>Uzturam\u012bba:<\/strong> Hidrauliskajiem cilindriem j\u0101b\u016bt konstru\u0113tiem t\u0101, lai atvieglotu apkopi un deta\u013cu nomai\u0146u, t\u0101d\u0113j\u0101di samazinot d\u012bkst\u0101ves laiku.<\/li>\n<\/ul>\n<p><img decoding=\"async\" src=\"https:\/\/www.hydraulic-cylinders.net\/wp-content\/uploads\/2025\/01\/songte-cylinder-head-with-all-kinds-excavator-models.webp\" alt=\"Cilindra galvas att\u0113ls\" \/><\/p>\n<h3>Bl\u012bv\u0113\u0161ana un e\u013c\u013co\u0161ana<\/h3>\n<p>Hidrauliskajos cilindros tiek izmantoti da\u017e\u0101di bl\u012bv\u0113\u0161anas komponenti, piem\u0113ram, virzu\u013ca bl\u012bvsl\u0113gi \u200b\u200bun stie\u0146a bl\u012bvsl\u0113gi. \u0160ie bl\u012bvsl\u0113gi \u200b\u200bir izgatavoti no nodilumiztur\u012bgiem materi\u0101liem, piem\u0113ram, poliuret\u0101na un nitrila gumijas. Cilindra korpuss un v\u012btnes gala virsma ir smalki apstr\u0101d\u0101ta, lai uzlabotu nodilumiztur\u012bbu. Lai uztur\u0113tu pareizu darb\u012bbu, ir nepiecie\u0161ama ar\u012b regul\u0101ra e\u013c\u013co\u0161ana ar atbilsto\u0161u hidraulisk\u0101s e\u013c\u013cas daudzumu.<\/p>\n<h3>P\u0101rbaudes un profilaktisk\u0101s apkopes pas\u0101kumi<\/h3>\n<p>Lai nodro\u0161in\u0101tu hidraulisko cilindru pareizu darb\u012bbu, ir nepiecie\u0161amas regul\u0101ras p\u0101rbaudes un profilaktisk\u0101s apkopes pas\u0101kumi. J\u0101veic \u0161\u0101di pas\u0101kumi:<\/p>\n<ul>\n<li><strong>Regul\u0101ra cilindra korpusa, virzu\u013ca stie\u0146a un bl\u012bv\u0113jumu p\u0101rbaude:<\/strong> Tas nodro\u0161ina, ka hidrauliskais cilindrs ir lab\u0101 st\u0101vokl\u012b un visas probl\u0113mas tiek atkl\u0101tas laikus.<\/li>\n<li><strong>Nodilu\u0161o bl\u012bv\u0113jumu nomai\u0146a:<\/strong> Tas nov\u0113r\u0161 nopl\u016bdi un uztur hidraulisko spiedienu.<\/li>\n<li><strong>Regul\u0101ra e\u013c\u013co\u0161ana:<\/strong> Tas nodro\u0161ina pareizu darb\u012bbu un pagarina hidraulisk\u0101 cilindra kalpo\u0161anas laiku.<\/li>\n<\/ul>\n<p>\u0160ie pas\u0101kumi var pal\u012bdz\u0113t samazin\u0101t probl\u0113mu ra\u0161anos un pagarin\u0101t hidraulisko cilindru kalpo\u0161anas laiku.<\/p>\n<p><img decoding=\"async\" src=\"https:\/\/www.hydraulic-cylinders.net\/wp-content\/uploads\/2025\/01\/songte-chushion-collar.webp\" alt=\"Spilvenu apkakles att\u0113ls\" \/><\/p>\n<h3>Instal\u0101cijas rokasgr\u0101mata<\/h3>\n<p>Pareiza uzst\u0101d\u012b\u0161ana ir \u013coti svar\u012bga hidraulisko cilindru pareizai darb\u012bbai. J\u0101veic \u0161\u0101das darb\u012bbas:<\/p>\n<ul>\n<li><strong>Not\u012briet uzst\u0101d\u012b\u0161anas virsmu:<\/strong> Tas nodro\u0161ina, ka nav net\u012brumu vai gru\u017eu, kas var\u0113tu ietekm\u0113t uzst\u0101d\u012b\u0161anu.<\/li>\n<li><strong>Uzlieciet cilindru:<\/strong> P\u0101rliecinieties, vai cilindrs ir pareizi uzst\u0101d\u012bts uz stiprin\u0101juma un pievienots hidrauliskajai sist\u0113mai.<\/li>\n<li><strong>P\u0101rbaudiet bl\u012bves:<\/strong> P\u0101rliecinieties, vai bl\u012bves ir pareizi uzst\u0101d\u012btas un lab\u0101 st\u0101vokl\u012b.<\/li>\n<li><strong>Iee\u013c\u013cot:<\/strong> Iee\u013c\u013cojiet cilindru saska\u0146\u0101 ar ra\u017eot\u0101ja nor\u0101d\u012bjumiem.<\/li>\n<li><strong>P\u0101rbaudiet darb\u012bbu:<\/strong> P\u0101rbaudiet cilindra darb\u012bbu, lai p\u0101rliecin\u0101tos, ka tas darbojas pareizi.<\/li>\n<\/ul>\n<p><img decoding=\"async\" src=\"https:\/\/www.hydraulic-cylinders.net\/wp-content\/uploads\/2025\/01\/songte-bushings-with-all-kinds-of-excavator-models.webp\" alt=\"Bukses att\u0113ls\" \/><\/p>\n<h3>Dro\u0161\u012bbas apsv\u0113rumi un vides faktori<\/h3>\n<p>Hidraulisko cilindru lieto\u0161anai ir j\u0101iev\u0113ro dro\u0161\u012bbas noteikumi un regul\u0113jumi. Lai samazin\u0101tu negad\u012bjumu risku, j\u0101ievie\u0161 dro\u0161\u012bbas pas\u0101kumi, piem\u0113ram, atbilsto\u0161a apm\u0101c\u012bba, regul\u0101ra p\u0101rbaude un profilaktisk\u0101 apkope. J\u0101\u0146em v\u0113r\u0101 ar\u012b t\u0101di vides faktori k\u0101 temperat\u016bra un mitrums, jo tie var ietekm\u0113t hidraulisko cilindru darb\u012bbu.<\/p>\n<h3>Probl\u0113mu nov\u0113r\u0161ana un bie\u017ei sastopamas probl\u0113mas<\/h3>\n<p>Da\u017eas bie\u017ei sastopamas probl\u0113mas, kas var rasties ar hidrauliskajiem cilindriem, ir nopl\u016bde, nepietiekams spiediens un cilindra nob\u012bde. Lai risin\u0101tu \u0161\u012bs probl\u0113mas, j\u0101\u0146em v\u0113r\u0101 \u0161\u0101di padomi un risin\u0101jumi:<\/p>\n<ul>\n<li><strong>Nopl\u016bde:<\/strong> Nopl\u016bde var rasties boj\u0101tu bl\u012bv\u0113jumu vai nepietiekamas savienojumu pievilk\u0161anas d\u0113\u013c. Nomainiet bl\u012bv\u0113jumus vai pievelciet savienojumus p\u0113c nepiecie\u0161am\u012bbas.<\/li>\n<li><strong>Nepietiekams spiediens:<\/strong> Nepietiekams spiediens var rasties boj\u0101ta s\u016bk\u0146a vai aizs\u0113r\u0113ju\u0161u filtru d\u0113\u013c. P\u0101rbaudiet s\u016bkni un filtrus un, ja nepiecie\u0161ams, not\u012briet vai nomainiet tos.<\/li>\n<li><strong>Cilindra nob\u012bde:<\/strong> Cilindra nob\u012bde var rasties zema hidraulisk\u0101 spiediena vai boj\u0101ta virzu\u013ca bl\u012bv\u0113juma d\u0113\u013c. P\u0101rbaudiet hidraulisko spiedienu un, ja nepiecie\u0161ams, nomainiet virzu\u013ca bl\u012bv\u0113jumu.<\/li>\n<\/ul>\n<p>Prevent\u012bvie pas\u0101kumi, piem\u0113ram, regul\u0101ra p\u0101rbaude un apkope, var ar\u012b pal\u012bdz\u0113t samazin\u0101t \u0161o probl\u0113mu ra\u0161anos.<\/p>\n<p><img decoding=\"async\" src=\"https:\/\/www.hydraulic-cylinders.net\/wp-content\/uploads\/2025\/01\/songte-company-4.webp\" alt=\"Uz\u0146\u0113muma t\u0113ls\" \/><\/p>\n<h3>Par mums<\/h3>\n<p>M\u0113s esam profesion\u0101ls rezerves hidraulisko cilindru ra\u017eot\u0101js ar pla\u0161u produktu kl\u0101stu. Esam k\u013cuvu\u0161i par vienu no vado\u0161ajiem hidraulisko cilindru ra\u017eot\u0101jiem un vairumtirdzniec\u012bbas izplat\u012bt\u0101jiem viet\u0113j\u0101 un starptautiskaj\u0101 tirg\u016b. M\u0113s vienm\u0113r iev\u0113rojam izcilas kvalit\u0101tes principu, pa\u013caujoties uz industrializ\u0113t\u0101m ra\u017eo\u0161anas vad\u012bbas strat\u0113\u0123ij\u0101m smalk\u0101s ra\u017eo\u0161anas darbn\u012bc\u0101s, past\u0101v\u012bgi uzlabojot savu tehnisko l\u012bmeni un ra\u017eo\u0161anas efektivit\u0101ti. Ievie\u0161ot augstas klases digit\u0101l\u0101s ra\u017eo\u0161anas iek\u0101rtas un profesion\u0101las test\u0113\u0161anas sist\u0113mas, m\u0113s nep\u0101rtraukti optimiz\u0113jam savu ra\u017eo\u0161anas platformu, uzlabojam produktu kvalit\u0101tes kontroles procesus un mums ir sp\u0113c\u012bgas inov\u0101ciju iesp\u0113jas. M\u016bsu m\u0113r\u0137is ir apmierin\u0101t klientu da\u017e\u0101d\u0101s vajadz\u012bbas ar augstu efektivit\u0101ti, precizit\u0101ti un augstu kvalit\u0101ti.<\/p>\n<p>M\u0113s pied\u0101v\u0101jam saviem klientiem profesion\u0101lu pieredzi, starptautisku sertifik\u0101ciju, piel\u0101gotus pakalpojumus, ra\u017eo\u0161anas iek\u0101rtas un p\u0113cp\u0101rdo\u0161anas pakalpojumus.<\/p>\n<p><img decoding=\"async\" src=\"https:\/\/www.hydraulic-cylinders.net\/wp-content\/uploads\/2025\/01\/songte-company-3.webp\" alt=\"Uz\u0146\u0113muma t\u0113ls\" \/><\/p>\n<p>Autors: lil<\/p>","protected":false},"excerpt":{"rendered":"<p>Arm Cylinder For Bobcat Small Excavator E85 Introduction The arm cylinder, also known as hydraulic cylinder, is a specially designed hydraulic actuator used to provide linear motion and power to the arms of various machinery such as excavators, cranes and robotic arms. The arm cylinder plays a critical role in hydraulic systems, enabling the movement [&hellip;]<\/p>","protected":false},"featured_media":14763,"comment_status":"open","ping_status":"closed","template":"","meta":{"_et_pb_use_builder":"","_et_pb_old_content":"","_et_gb_content_width":""},"product_brand":[],"product_cat":[1497],"product_tag":[1498,1496],"class_list":{"0":"post-16624","1":"product","2":"type-product","3":"status-publish","4":"has-post-thumbnail","6":"product_cat-arm-cylinders","7":"product_tag-arm-cylinders","8":"product_tag-hydraulic-cylinders","10":"first","11":"instock","12":"shipping-taxable","13":"product-type-simple"},"amp_enabled":true,"_links":{"self":[{"href":"https:\/\/www.hydraulic-cylinders.net\/lv\/wp-json\/wp\/v2\/product\/16624","targetHints":{"allow":["GET"]}}],"collection":[{"href":"https:\/\/www.hydraulic-cylinders.net\/lv\/wp-json\/wp\/v2\/product"}],"about":[{"href":"https:\/\/www.hydraulic-cylinders.net\/lv\/wp-json\/wp\/v2\/types\/product"}],"replies":[{"embeddable":true,"href":"https:\/\/www.hydraulic-cylinders.net\/lv\/wp-json\/wp\/v2\/comments?post=16624"}],"wp:featuredmedia":[{"embeddable":true,"href":"https:\/\/www.hydraulic-cylinders.net\/lv\/wp-json\/wp\/v2\/media\/14763"}],"wp:attachment":[{"href":"https:\/\/www.hydraulic-cylinders.net\/lv\/wp-json\/wp\/v2\/media?parent=16624"}],"wp:term":[{"taxonomy":"product_brand","embeddable":true,"href":"https:\/\/www.hydraulic-cylinders.net\/lv\/wp-json\/wp\/v2\/product_brand?post=16624"},{"taxonomy":"product_cat","embeddable":true,"href":"https:\/\/www.hydraulic-cylinders.net\/lv\/wp-json\/wp\/v2\/product_cat?post=16624"},{"taxonomy":"product_tag","embeddable":true,"href":"https:\/\/www.hydraulic-cylinders.net\/lv\/wp-json\/wp\/v2\/product_tag?post=16624"}],"curies":[{"name":"wp","href":"https:\/\/api.w.org\/{rel}","templated":true}]}}