{"id":16626,"date":"2025-01-21T05:38:48","date_gmt":"2025-01-21T05:38:48","guid":{"rendered":"https:\/\/www.hydraulic-cylinders.net\/product\/arm-cylinder-for-der-der33e\/"},"modified":"2025-01-21T05:38:50","modified_gmt":"2025-01-21T05:38:50","slug":"arm-cylinder-for-der-der33e","status":"publish","type":"product","link":"https:\/\/www.hydraulic-cylinders.net\/lv\/products\/arm-cylinder-for-der-der33e\/","title":{"rendered":"DER DER33E rokas cilindrs"},"content":{"rendered":"<h2>DER DER33E rokas cilindrs<\/h2>\n<h3>Ievads<\/h3>\n<p>DER DER33E sviras cilindrs ir specializ\u0113ts hidrauliskais cilindrs, kas paredz\u0113ts, lai nodro\u0161in\u0101tu line\u0101ru kust\u012bbu un jaudu da\u017e\u0101du ma\u0161\u012bnu, piem\u0113ram, ekskavatoru, celt\u0146u un robotiz\u0113tu roku, svir\u0101m. Sviras cilindriem ir iz\u0161\u0137iro\u0161a noz\u012bme hidrauliskaj\u0101s sist\u0113m\u0101s, nodro\u0161inot efekt\u012bvu papildu instrumentu vai stiprin\u0101jumu p\u0101rvieto\u0161anu un vad\u012bbu. \u0160ie cilindri ne tikai veicina vienm\u0113r\u012bgu kust\u012bbu, bet ar\u012b iztur lielas slodzes, nodro\u0161inot ma\u0161\u012bnas efekt\u012bvu darb\u012bbu un uzticam\u012bbu da\u017e\u0101dos darba apst\u0101k\u013cos.<\/p>\n<p><img decoding=\"async\" src=\"https:\/\/www.hydraulic-cylinders.net\/wp-content\/uploads\/2025\/01\/songte-company-2.webp\" alt=\"Sviras cilindra att\u0113ls\"><\/p>\n<h3>Funkcijas<\/h3>\n<ul>\n<li><strong>Augstas efektivit\u0101tes jaudas p\u0101rvade:<\/strong> Sviras cilindrs nodro\u0161ina jaud\u012bgu line\u0101ru kust\u012bbu un sp\u0113ku, garant\u0113jot tehnikas augstas veiktsp\u0113jas iesp\u0113jas.<\/li>\n<li><strong>Prec\u012bza kontrole:<\/strong> Izmantojot hidraulisko sist\u0113mu, rokas cilindrs nodro\u0161ina prec\u012bzu kust\u012bbas kontroli, uzlabojot instrumentu darb\u012bbu elast\u012bbu un precizit\u0101ti.<\/li>\n<li><strong>Sp\u0113c\u012bga iztur\u012bba:<\/strong> Sviru cilindri parasti tiek ra\u017eoti, izmantojot augstas iztur\u012bbas materi\u0101lus, kas nodro\u0161ina izcilu iztur\u012bbu pret nodilumu un koroziju, padarot tos piem\u0113rotus ilgsto\u0161ai lieto\u0161anai skarbos apst\u0101k\u013cos.<\/li>\n<li><strong>Daudzfunkcion\u0101la piel\u0101go\u0161an\u0101s sp\u0113ja:<\/strong> \u0160ie cilindri tiek pla\u0161i izmantoti da\u017e\u0101d\u0101s ma\u0161\u012bn\u0101s, piem\u0113ram, ekskavatoros, celt\u0146os un robotiz\u0113t\u0101s rok\u0101s, kas atbilst da\u017e\u0101d\u0101m darba pras\u012bb\u0101m.<\/li>\n<li><strong>Vienk\u0101r\u0161a apkope:<\/strong> Ar \u0113rt\u012bbu apkopes un nomai\u0146as nol\u016bkos izstr\u0101d\u0101tie sviras cilindri atvieglo regul\u0101ras p\u0101rbaudes un apkopi, samazinot iek\u0101rtu d\u012bkst\u0101ves laiku.<\/li>\n<\/ul>\n<p><img decoding=\"async\" src=\"https:\/\/www.hydraulic-cylinders.net\/wp-content\/uploads\/2025\/01\/songte-oil-pipes-and-spare-parts.webp\" alt=\"Produkta att\u0113ls\"><\/p>\n<h3>Pieteikumi<\/h3>\n<p>Sviras cilindri tiek pla\u0161i izmantoti \u0161\u0101d\u0101s nozar\u0113s un scen\u0101rijos:<\/p>\n<ul>\n<li><strong>B\u016bvniec\u012bbas in\u017eenierija:<\/strong> Ekskavatoros un celt\u0146os str\u0113les cilindri kontrol\u0113 kausu vai str\u0113les kust\u012bbu zemes darbos, materi\u0101lu apstr\u0101d\u0113 un konstrukciju uzst\u0101d\u012b\u0161an\u0101.<\/li>\n<li><strong>Ra\u017eo\u0161ana:<\/strong> Automatiz\u0113t\u0101s ra\u017eo\u0161anas l\u012bnij\u0101s roku cilindri nodro\u0161ina robotiz\u0113tu roku kust\u012bbu mont\u0101\u017eas, metin\u0101\u0161anas un materi\u0101lu apstr\u0101des procesos, uzlabojot ra\u017eo\u0161anas efektivit\u0101ti un precizit\u0101ti.<\/li>\n<li><strong>Lauksaimniec\u012bbas tehnika:<\/strong> Lauksaimniec\u012bbas ma\u0161\u012bn\u0101s, piem\u0113ram, kombainos un s\u0113jma\u0161\u012bn\u0101s, sviru cilindri kontrol\u0113 vad\u012bbas sviru kust\u012bbu t\u0101diem uzdevumiem k\u0101 s\u0113ja, m\u0113slo\u0161ana un ra\u017eas nov\u0101k\u0161ana.<\/li>\n<li><strong>Kalnr\u016bpniec\u012bba:<\/strong> Kalnr\u016bpniec\u012bbas iek\u0101rt\u0101s r\u016bdas ieguves un transport\u0113\u0161anas laik\u0101 sviras kust\u012bbu kontrol\u0113 sviras cilindri.<\/li>\n<li><strong>Lo\u0123istika un transports:<\/strong> Iekr\u0101v\u0113jos un apstr\u0101des robotos roku cilindri kontrol\u0113 dak\u0161u pacel\u0161anu un kust\u012bbu, nodro\u0161inot materi\u0101lu apstr\u0101di un sakrau\u0161anu.<\/li>\n<\/ul>\n<h3>Dizaina apsv\u0113rumi un atlases krit\u0113riji<\/h3>\n<ul>\n<li><strong>Nestsp\u0113ja:<\/strong> Sviru cilindri ir konstru\u0113ti optim\u0101lai slodzes nestsp\u0113jai, lai nodro\u0161in\u0101tu dro\u0161u un efekt\u012bvu darb\u012bbu.<\/li>\n<li><strong>Bl\u012bv\u0113jums:<\/strong> Lai nodro\u0161in\u0101tu efekt\u012bvu bl\u012bv\u0113\u0161anu, tiek izmantoti da\u017e\u0101di bl\u012bv\u0113\u0161anas elementi, piem\u0113ram, virzu\u013ca bl\u012bvsl\u0113gi \u200b\u200bun stie\u0146a bl\u012bvsl\u0113gi. \u0160ie bl\u012bvsl\u0113gi \u200b\u200bir izgatavoti no nodilumiztur\u012bgiem materi\u0101liem, piem\u0113ram, poliuret\u0101na un nitrila gumijas.<\/li>\n<li><strong>Iztur\u012bba:<\/strong> Cilindra korpuss un v\u012bt\u0146otie gali tiek r\u016bp\u012bgi apstr\u0101d\u0101ti, lai uzlabotu nodilumiztur\u012bbu. Lai nodro\u0161in\u0101tu pareizu darb\u012bbu, ir nepiecie\u0161ama regul\u0101ra e\u013c\u013co\u0161ana ar hidraulisko e\u013c\u013cu.<\/li>\n<li><strong>Dro\u0161\u012bba:<\/strong> Dro\u0161\u012bbas pas\u0101kumi ir integr\u0113ti projekt\u0113\u0161an\u0101, \u0146emot v\u0113r\u0101 t\u0101dus faktorus k\u0101 spiediena ierobe\u017eojumi, p\u0101rslodzes aizsardz\u012bba un av\u0101rijas aptur\u0113\u0161anas meh\u0101nismi.<\/li>\n<li><strong>Apkope:<\/strong> Lai nodro\u0161in\u0101tu optim\u0101lu sviru cilindru darb\u012bbu un ilgm\u016b\u017e\u012bbu, ieteicams veikt regul\u0101ras p\u0101rbaudes un profilaktisko apkopi.<\/li>\n<\/ul>\n<p><img decoding=\"async\" src=\"https:\/\/www.hydraulic-cylinders.net\/wp-content\/uploads\/2025\/01\/songte-cylinder-head-with-all-kinds-excavator-models.webp\" alt=\"Cilindra att\u0113ls\"><\/p>\n<h3>Bl\u012bv\u0113\u0161ana un e\u013c\u013co\u0161ana<\/h3>\n<p>Sviru cilindros tiek izmantoti da\u017e\u0101di bl\u012bv\u0113\u0161anas komponenti, piem\u0113ram, virzu\u013ca bl\u012bvsl\u0113gi \u200b\u200bun stie\u0146a bl\u012bvsl\u0113gi, kas izgatavoti no nodilumiztur\u012bgiem materi\u0101liem, piem\u0113ram, poliuret\u0101na un nitrila gumijas. Cilindra korpuss un v\u012bt\u0146otie gali tiek pak\u013cauti prec\u012bzai virsmas apstr\u0101dei, lai uzlabotu nodilumiztur\u012bbu. Lai nodro\u0161in\u0101tu vienm\u0113r\u012bgu darb\u012bbu un ilgm\u016b\u017e\u012bbu, ir nepiecie\u0161ama regul\u0101ra e\u013c\u013co\u0161ana ar piem\u0113rotu hidraulisko e\u013c\u013cu.<\/p>\n<h3>P\u0101rbaude un profilaktisk\u0101 apkope<\/h3>\n<ul>\n<li>Regul\u0101ri p\u0101rbaudiet sviru cilindrus, vai nav nodiluma, nopl\u016b\u017eu vai boj\u0101jumu paz\u012bmju.<\/li>\n<li>Nodro\u0161iniet pareizu e\u013c\u013co\u0161anu, uzpildot hidraulisko e\u013c\u013cu ieteicamajos interv\u0101los.<\/li>\n<li>P\u0101rbaudiet bl\u012bves un, ja nepiecie\u0161ams, nomainiet t\u0101s.<\/li>\n<li>P\u0101rbaudiet stiprin\u0101juma un savienojuma punktus, vai tie nav va\u013c\u012bgi vai nepareizi izl\u012bdzin\u0101ti.<\/li>\n<li>Uzturiet sviras cilindrus t\u012brus un bez gru\u017eiem vai pies\u0101r\u0146ot\u0101jiem.<\/li>\n<\/ul>\n<h3>Instal\u0101cijas rokasgr\u0101mata<\/h3>\n<p>Lai pareizi uzst\u0101d\u012btu sviras cilindru, veiciet t\u0101l\u0101k nor\u0101d\u012bt\u0101s darb\u012bbas.<\/p>\n<ol>\n<li>Sagatavojiet mont\u0101\u017eas vietu un p\u0101rliecinieties, ka t\u0101 ir t\u012bra un l\u012bdzena.<\/li>\n<li>Dro\u0161i piestipriniet cilindru pie iek\u0101rtas, iev\u0113rojot ra\u017eot\u0101ja nor\u0101d\u012bjumus.<\/li>\n<li>Pievienojiet hidraulisk\u0101s l\u012bnijas, nodro\u0161inot pareizu bl\u012bv\u0113jumu un izl\u012bdzin\u0101\u0161anu.<\/li>\n<li>Pirms ma\u0161\u012bnas darbin\u0101\u0161anas p\u0101rbaudiet cilindra darb\u012bbu un kust\u012bbu.<\/li>\n<li>Veiciet visus nepiecie\u0161amos piel\u0101gojumus un p\u0101rliecinieties, vai visi savienojumi ir cie\u0161i.<\/li>\n<\/ol>\n<p><img decoding=\"async\" src=\"https:\/\/www.hydraulic-cylinders.net\/wp-content\/uploads\/2025\/01\/songte-bushings-with-all-kinds-of-excavator-models.webp\" alt=\"Instal\u0101cijas att\u0113ls\"><\/p>\n<h3>Dro\u0161\u012bbas apsv\u0113rumi un vides faktori<\/h3>\n<p>Izmantojot sviras cilindrus, ir svar\u012bgi iev\u0113rot dro\u0161\u012bbas pas\u0101kumus, lai nov\u0113rstu negad\u012bjumus un nodro\u0161in\u0101tu operatora labsaj\u016btu. Dro\u0161\u012bbas pas\u0101kumi ietver atbilsto\u0161u apm\u0101c\u012bbu, ekspluat\u0101cijas vadl\u012bniju iev\u0113ro\u0161anu un aizsargl\u012bdzek\u013cu lieto\u0161anu. Turkl\u0101t, lai saglab\u0101tu sviras cilindru optim\u0101lu veiktsp\u0113ju un ilgm\u016b\u017e\u012bbu, ir svar\u012bgi \u0146emt v\u0113r\u0101 t\u0101dus vides faktorus k\u0101 temperat\u016bra, mitrums un putek\u013cu l\u012bmenis.<\/p>\n<h3>Probl\u0113mu nov\u0113r\u0161ana un bie\u017ei sastopamas probl\u0113mas<\/h3>\n<p>Bie\u017ei sastopamas probl\u0113mas, kas var rasties ar sviras cilindriem, ir nopl\u016bde, samazin\u0101ta veiktsp\u0113ja un neparasti trok\u0161\u0146i. Lai efekt\u012bvi diagnostic\u0113tu un nov\u0113rstu \u0161\u012bs probl\u0113mas, \u0146emiet v\u0113r\u0101 \u0161\u0101dus padomus:<\/p>\n<ul>\n<li>P\u0101rbaudiet, vai nav hidraulisk\u0101 \u0161\u0137idruma nopl\u016bdes, un salabojiet visus boj\u0101tos bl\u012bv\u0113jumus vai savienojumus.<\/li>\n<li>P\u0101rbaudiet hidraulisk\u0101s l\u012bnijas un savienojumus, vai tajos nav aizsprostojumu vai aizsprostojumu.<\/li>\n<li>Nodro\u0161iniet atbilsto\u0161u hidraulisko spiedienu un nepiecie\u0161am\u012bbas gad\u012bjum\u0101 noregul\u0113jiet to.<\/li>\n<li>P\u0101rbaudiet sviras cilindru, vai nav boj\u0101jumu vai nodiluma paz\u012bmju, un, ja nepiecie\u0161ams, nomainiet deta\u013cas.<\/li>\n<li>Konkr\u0113tas probl\u0113mas un risin\u0101jumus skatiet ra\u017eot\u0101ja probl\u0113mu nov\u0113r\u0161anas rokasgr\u0101mat\u0101.<\/li>\n<\/ul>\n<p><img decoding=\"async\" src=\"https:\/\/www.hydraulic-cylinders.net\/wp-content\/uploads\/2025\/01\/songte-chushion-collar.webp\" alt=\"Att\u0113la probl\u0113mu nov\u0113r\u0161ana\"><\/p>\n<p>Atcerieties lo\u0123iski sak\u0101rtot saturu, izmantot apak\u0161virsrakstus \u0113rtai navig\u0101cijai, iek\u013caut atbilsto\u0161us att\u0113lus vai diagrammas, lai uzlabotu izpratni, un nodro\u0161in\u0101t skaidr\u012bbu un kodol\u012bgumu, kas piem\u0113rots las\u012bt\u0101jiem ar da\u017e\u0101diem tehnisko zin\u0101\u0161anu l\u012bme\u0146iem.<\/p>\n<h3>Par m\u016bsu uz\u0146\u0113mumu<\/h3>\n<p>M\u0113s esam profesion\u0101ls rezerves hidraulisko cilindru ra\u017eot\u0101js, kas pied\u0101v\u0101 pla\u0161u produktu kl\u0101stu. Esam k\u013cuvu\u0161i par vienu no vado\u0161ajiem hidraulisko cilindru ra\u017eot\u0101jiem un vairumtirgot\u0101jiem gan viet\u0113j\u0101, gan starptautisk\u0101 m\u0113rog\u0101. Iev\u0113rojot izcilas kvalit\u0101tes principu, m\u0113s past\u0101v\u012bgi cen\u0161amies uzlabot savu tehnolo\u0123isko kompetenci un ra\u017eo\u0161anas efektivit\u0101ti. Ievie\u0161ot modernu digit\u0101lo ra\u017eo\u0161anas apr\u012bkojumu un profesion\u0101las test\u0113\u0161anas sist\u0113mas, m\u0113s optimiz\u0113jam savu ra\u017eo\u0161anas platformu un pilnveidojam produktu kvalit\u0101tes kontroles procesus, demonstr\u0113jot sp\u0113c\u012bgas inov\u0101ciju sp\u0113jas. M\u016bsu m\u0113r\u0137is ir apmierin\u0101t da\u017e\u0101das klientu vajadz\u012bbas, iev\u0113rojot efektivit\u0101tes, precizit\u0101tes un augstas kvalit\u0101tes principus.<\/p>\n<p><img decoding=\"async\" src=\"https:\/\/www.hydraulic-cylinders.net\/wp-content\/uploads\/2025\/01\/songte-company-4.webp\" alt=\"Uz\u0146\u0113muma t\u0113ls\"><br \/>\n<img decoding=\"async\" src=\"https:\/\/www.hydraulic-cylinders.net\/wp-content\/uploads\/2025\/01\/songte-company-3.webp\" alt=\"Uz\u0146\u0113muma t\u0113ls\"><\/p>\n<p>Autors: lil<\/p>","protected":false},"excerpt":{"rendered":"<p>Arm Cylinder For DER DER33E Introduction The Arm Cylinder for DER DER33E is a specialized hydraulic cylinder designed to provide linear motion and power to the arms of various machinery, such as excavators, cranes, and robotic arms. The arm cylinders play a crucial role in hydraulic systems, enabling the effective movement and control of additional [&hellip;]<\/p>","protected":false},"featured_media":14786,"comment_status":"open","ping_status":"closed","template":"","meta":{"_et_pb_use_builder":"","_et_pb_old_content":"","_et_gb_content_width":""},"product_brand":[],"product_cat":[1497],"product_tag":[1498,1496],"class_list":{"0":"post-16626","1":"product","2":"type-product","3":"status-publish","4":"has-post-thumbnail","6":"product_cat-arm-cylinders","7":"product_tag-arm-cylinders","8":"product_tag-hydraulic-cylinders","10":"first","11":"instock","12":"shipping-taxable","13":"product-type-simple"},"amp_enabled":true,"_links":{"self":[{"href":"https:\/\/www.hydraulic-cylinders.net\/lv\/wp-json\/wp\/v2\/product\/16626","targetHints":{"allow":["GET"]}}],"collection":[{"href":"https:\/\/www.hydraulic-cylinders.net\/lv\/wp-json\/wp\/v2\/product"}],"about":[{"href":"https:\/\/www.hydraulic-cylinders.net\/lv\/wp-json\/wp\/v2\/types\/product"}],"replies":[{"embeddable":true,"href":"https:\/\/www.hydraulic-cylinders.net\/lv\/wp-json\/wp\/v2\/comments?post=16626"}],"wp:featuredmedia":[{"embeddable":true,"href":"https:\/\/www.hydraulic-cylinders.net\/lv\/wp-json\/wp\/v2\/media\/14786"}],"wp:attachment":[{"href":"https:\/\/www.hydraulic-cylinders.net\/lv\/wp-json\/wp\/v2\/media?parent=16626"}],"wp:term":[{"taxonomy":"product_brand","embeddable":true,"href":"https:\/\/www.hydraulic-cylinders.net\/lv\/wp-json\/wp\/v2\/product_brand?post=16626"},{"taxonomy":"product_cat","embeddable":true,"href":"https:\/\/www.hydraulic-cylinders.net\/lv\/wp-json\/wp\/v2\/product_cat?post=16626"},{"taxonomy":"product_tag","embeddable":true,"href":"https:\/\/www.hydraulic-cylinders.net\/lv\/wp-json\/wp\/v2\/product_tag?post=16626"}],"curies":[{"name":"wp","href":"https:\/\/api.w.org\/{rel}","templated":true}]}}