{"id":16632,"date":"2025-01-21T05:39:12","date_gmt":"2025-01-21T05:39:12","guid":{"rendered":"https:\/\/www.hydraulic-cylinders.net\/product\/arm-cylinder-for-kubota-small-excavator-u-161-3s\/"},"modified":"2025-01-21T05:39:14","modified_gmt":"2025-01-21T05:39:14","slug":"arm-cylinder-for-kubota-small-excavator-u-161-3s","status":"publish","type":"product","link":"https:\/\/www.hydraulic-cylinders.net\/lv\/products\/arm-cylinder-for-kubota-small-excavator-u-161-3s\/","title":{"rendered":"Sviras cilindrs Kubota mazajam ekskavatoram U-161-3S"},"content":{"rendered":"<h2>Sviras cilindrs Kubota mazajam ekskavatoram U-161-3S<\/h2>\n<p>Kubota maz\u0101 ekskavatora U-161-3S sviras cilindrs ir hidrauliskais cilindrs, kas \u012bpa\u0161i paredz\u0113ts, lai nodro\u0161in\u0101tu line\u0101ru kust\u012bbu un jaudu da\u017e\u0101du veidu ma\u0161\u012bnu, piem\u0113ram, ekskavatoru, celt\u0146u un robotiz\u0113tu roku, svirai. Sviras cilindram ir iz\u0161\u0137iro\u0161a noz\u012bme hidrauliskaj\u0101s sist\u0113m\u0101s, \u013caujot efekt\u012bvi p\u0101rvietot un kontrol\u0113t papildu instrumentus vai stiprin\u0101jumus. \u0160ie cilindri ne tikai nodro\u0161ina vienm\u0113r\u012bgu kust\u012bbu, bet ar\u012b iztur lielas slodzes, nodro\u0161inot ma\u0161\u012bnas efekt\u012bvu darb\u012bbu un uzticam\u012bbu da\u017e\u0101dos darba apst\u0101k\u013cos.<\/p>\n<p><img decoding=\"async\" src=\"https:\/\/www.hydraulic-cylinders.net\/wp-content\/uploads\/2025\/01\/songte-company-2.webp\" alt=\"Sviras cilindrs\"><\/p>\n<h2>Sviras cilindra \u012bpa\u0161\u012bbas<\/h2>\n<ul>\n<li>Augstas efektivit\u0101tes transmisija: Sviras cilindrs nodro\u0161ina jaud\u012bgu line\u0101ru kust\u012bbu un sp\u0113ku, garant\u0113jot ma\u0161\u012bnas sviras augstu veiktsp\u0113ju da\u017e\u0101d\u0101s darb\u012bb\u0101s.<\/li>\n<li>Prec\u012bza vad\u012bba: Izmantojot hidraulisko sist\u0113mu, rokas cilindrs nodro\u0161ina prec\u012bzu kust\u012bbas vad\u012bbu, padarot papildu instrumentu darb\u012bbu elast\u012bg\u0101ku un prec\u012bz\u0101ku.<\/li>\n<li>Iztur\u012bba: Sviru cilindri parasti ir izgatavoti no augstas iztur\u012bbas materi\u0101liem, kas nodro\u0161ina izcilu iztur\u012bbu pret nodilumu un koroziju, padarot tos piem\u0113rotus ilgsto\u0161ai lieto\u0161anai skarbos apst\u0101k\u013cos.<\/li>\n<li>Daudzfunkcion\u0101la piel\u0101go\u0161an\u0101s sp\u0113ja: \u0161os cilindrus var pla\u0161i pielietot da\u017e\u0101da veida ma\u0161\u012bn\u0101s, piem\u0113ram, ekskavatoros, celt\u0146os un robotiz\u0113t\u0101s rok\u0101s, piel\u0101gojoties da\u017e\u0101d\u0101m darba pras\u012bb\u0101m.<\/li>\n<li>Vienk\u0101r\u0161a apkope: Izstr\u0101d\u0101ts, \u0146emot v\u0113r\u0101 apkopi un nomai\u0146u, sviras cilindrs nodro\u0161ina \u0113rtas regul\u0101ras p\u0101rbaudes un apkopi, samazinot iek\u0101rtu d\u012bkst\u0101ves laiku.<\/li>\n<\/ul>\n<p><img decoding=\"async\" src=\"https:\/\/www.hydraulic-cylinders.net\/wp-content\/uploads\/2025\/01\/songte-oil-pipes-and-spare-parts.webp\" alt=\"E\u013c\u013cas caurules un rezerves da\u013cas\"><\/p>\n<h2>Rokas cilindra pielietojums<\/h2>\n<p>Kubota maz\u0101 ekskavatora U-161-3S sviras cilindrs tiek izmantots da\u017e\u0101d\u0101s nozar\u0113s:<\/p>\n<ol>\n<li>B\u016bvniec\u012bbas in\u017eenierija: Ekskavatoros un celt\u0146os sviras cilindrs kontrol\u0113 kausa vai str\u0113les kust\u012bbu, atvieglojot zemes darbus, materi\u0101lu apstr\u0101di un konstrukciju uzst\u0101d\u012b\u0161anu.<\/li>\n<li>Ra\u017eo\u0161anas nozare: Automatiz\u0113t\u0101s ra\u017eo\u0161anas l\u012bnij\u0101s rokas cilindrs tiek izmantots robotiz\u0113tu roku kust\u012bbai, nodro\u0161inot t\u0101dus procesus k\u0101 mont\u0101\u017ea, metin\u0101\u0161ana un materi\u0101lu apstr\u0101de, uzlabojot ra\u017eo\u0161anas efektivit\u0101ti un precizit\u0101ti.<\/li>\n<li>Lauksaimniec\u012bbas tehnika: Lauksaimniec\u012bbas tehnik\u0101, piem\u0113ram, kombainos un s\u0113jma\u0161\u012bn\u0101s, sviras cilindrs kontrol\u0113 vad\u012bbas sviras kust\u012bbu t\u0101diem uzdevumiem k\u0101 s\u0113\u0161ana, m\u0113slo\u0161ana un ra\u017eas nov\u0101k\u0161ana.<\/li>\n<li>Kalnr\u016bpniec\u012bba: Kalnr\u016bpniec\u012bbas iek\u0101rt\u0101s rokas cilindrs kontrol\u0113 kalnr\u016bpniec\u012bbas ma\u0161\u012bnu rokas kust\u012bbu, nodro\u0161inot r\u016bdas ieguvi un transport\u0113\u0161anu.<\/li>\n<li>Lo\u0123istika un transport\u0113\u0161ana: Iekr\u0101v\u0113jos un apstr\u0101des robotos rokas cilindrs kontrol\u0113 dak\u0161u pacel\u0161anu un kust\u012bbu, atvieglojot materi\u0101lu transport\u0113\u0161anu un sakrau\u0161anu.<\/li>\n<\/ol>\n<h2>Dizaina apsv\u0113rumi un atlases krit\u0113riji<\/h2>\n<p>Run\u0101jot par Kubota maz\u0101 ekskavatora U-161-3S sviras cilindra konstrukciju, j\u0101\u0146em v\u0113r\u0101 vair\u0101ki galvenie faktori:<\/p>\n<ul>\n<li>Nestsp\u0113ja: Cilindram j\u0101b\u016bt konstru\u0113tam t\u0101, lai tas iztur\u0113tu paredz\u0113to slodzi un ekspluat\u0101cijas pras\u012bbas.<\/li>\n<li>Bl\u012bv\u0113jums: Lai saglab\u0101tu hidraulisk\u0101 \u0161\u0137idruma integrit\u0101ti un nov\u0113rstu nopl\u016bdi, tiek izmantoti da\u017e\u0101di bl\u012bv\u0113\u0161anas komponenti, piem\u0113ram, virzu\u013ca bl\u012bv\u0113jumi un stie\u0146a bl\u012bv\u0113jumi.<\/li>\n<li>Iztur\u012bba: Cilindra korpuss un v\u012bt\u0146otie gali tiek r\u016bp\u012bgi apstr\u0101d\u0101ti, lai uzlabotu nodilumiztur\u012bbu un kop\u0113jo iztur\u012bbu.<\/li>\n<li>Dro\u0161\u012bba: Lai nodro\u0161in\u0101tu dro\u0161u darb\u012bbu un nov\u0113rstu negad\u012bjumus, j\u0101iek\u013cauj dro\u0161\u012bbas funkcijas, piem\u0113ram, spiediena samazin\u0101\u0161anas v\u0101rsti.<\/li>\n<li>Uzturam\u012bba: Projekt\u0113\u0161anai j\u0101nodro\u0161ina vienk\u0101r\u0161a deta\u013cu apkope un nomai\u0146a, samazinot d\u012bkst\u0101ves laiku.<\/li>\n<\/ul>\n<p><img decoding=\"async\" src=\"https:\/\/www.hydraulic-cylinders.net\/wp-content\/uploads\/2025\/01\/songte-cylinder-head-with-all-kinds-excavator-models.webp\" alt=\"Cilindra galva\"><\/p>\n<h2>Bl\u012bv\u0113\u0161ana un e\u013c\u013co\u0161ana<\/h2>\n<p>Kubota maz\u0101 ekskavatora U-161-3S sviras cilindr\u0101 ir izmantoti da\u017e\u0101di bl\u012bv\u0113\u0161anas elementi, piem\u0113ram, virzu\u013ca bl\u012bvsl\u0113gi \u200b\u200bun stie\u0146a bl\u012bvsl\u0113gi, kas izgatavoti no nodilumiztur\u012bgiem materi\u0101liem, piem\u0113ram, poliuret\u0101na un nitrila gumijas. Cilindra korpuss un v\u012bt\u0146otie gali tiek r\u016bp\u012bgi apstr\u0101d\u0101ti, lai uzlabotu nodilumiztur\u012bbu. Lai nodro\u0161in\u0101tu optim\u0101lu veiktsp\u0113ju, ir nepiecie\u0161ama regul\u0101ra e\u013c\u013co\u0161ana ar atbilsto\u0161u hidraulisk\u0101s e\u013c\u013cas daudzumu.<\/p>\n<h2>Regul\u0101ra p\u0101rbaude un profilaktisk\u0101 apkope<\/h2>\n<p>Lai uztur\u0113tu sviras cilindra veiktsp\u0113ju un ilgm\u016b\u017e\u012bbu, ir \u013coti svar\u012bgi veikt regul\u0101ras p\u0101rbaudes un profilaktisko apkopi. J\u0101veic \u0161\u0101di pas\u0101kumi:<\/p>\n<ul>\n<li>P\u0101rbaudiet cilindru, vai nav nodiluma, boj\u0101jumu vai nopl\u016bdes paz\u012bmju.<\/li>\n<li>Regul\u0101ri t\u012briet un iee\u013c\u013cojiet cilindru saska\u0146\u0101 ar ra\u017eot\u0101ja ieteikumiem.<\/li>\n<li>Pievelciet visus va\u013c\u012bgos savienojumus vai stiprin\u0101jumus.<\/li>\n<li>Nekav\u0113joties nomainiet nolietot\u0101s bl\u012bves vai deta\u013cas.<\/li>\n<li>Uzturiet hidraulisko sist\u0113mu t\u012bru un bez piemais\u012bjumiem.<\/li>\n<\/ul>\n<h2>Produkta uzst\u0101d\u012b\u0161anas rokasgr\u0101mata<\/h2>\n<p>Pareiza sviras cilindra uzst\u0101d\u012b\u0161ana ir b\u016btiska optim\u0101lai veiktsp\u0113jai un dro\u0161\u012bbai. Veiciet \u0161\u012bs darb\u012bbas:<\/p>\n<ol>\n<li>P\u0101rliecinieties, ka ekskavators ir izsl\u0113gts un hidraulisk\u0101 sist\u0113ma ir bez spiediena.<\/li>\n<li>Dro\u0161i piestipriniet cilindru pie paredz\u0113taj\u0101m mont\u0101\u017eas viet\u0101m uz ekskavatora str\u0113les un sviras.<\/li>\n<li>Pievienojiet hidraulisk\u0101s l\u012bnijas cilindram, nodro\u0161inot pareizu bl\u012bv\u0113jumu un herm\u0113tiskumu.<\/li>\n<li>Divreiz p\u0101rbaudiet visus savienojumus un veidgabalus, vai nav nopl\u016b\u017eu.<\/li>\n<li>Pirms ekskavatora norm\u0101las lieto\u0161anas ats\u0101k\u0161anas p\u0101rbaudiet cilindra darb\u012bbu.<\/li>\n<\/ol>\n<p><img decoding=\"async\" src=\"https:\/\/www.hydraulic-cylinders.net\/wp-content\/uploads\/2025\/01\/songte-bushings-with-all-kinds-of-excavator-models.webp\" alt=\"Bukses\"><\/p>\n<h2>Dro\u0161\u012bbas apsv\u0113rumi un vides faktori<\/h2>\n<p>Str\u0101d\u0101jot ar Kubota maz\u0101 ekskavatora U-161-3S sviras cilindru, dro\u0161\u012bbas pas\u0101kumu iev\u0113ro\u0161ana ir \u013coti svar\u012bga, lai nov\u0113rstu negad\u012bjumus un nodro\u0161in\u0101tu darbinieku labsaj\u016btu. Izv\u0113loties un apkopjot cilindru, j\u0101\u0146em v\u0113r\u0101 ar\u012b t\u0101di vides faktori k\u0101 temperat\u016bras sv\u0101rst\u012bbas un pak\u013cau\u0161ana skarbajiem elementiem.<\/p>\n<h2>K\u013c\u016bmju diagnostika un bie\u017e\u0101k sastopam\u0101s probl\u0113mas<\/h2>\n<p>Neskatoties uz iztur\u012bbu, sviras cilindriem var rasties k\u013c\u016bmes vai bie\u017ei sastopamas probl\u0113mas. \u0160eit ir da\u017ei iesp\u0113jamie scen\u0101riji:<\/p>\n<ul>\n<li>Jaudas zudums vai nepietiekams sp\u0113ks rokas kust\u012bbas laik\u0101<\/li>\n<li>P\u0101rm\u0113r\u012bga hidraulisk\u0101 \u0161\u0137idruma nopl\u016bde<\/li>\n<li>Saraust\u012btas vai nevienm\u0113r\u012bgas rokas kust\u012bbas<\/li>\n<li>Neparasts troksnis darb\u012bbas laik\u0101<\/li>\n<li>Nekonsekventa roku pozicion\u0113\u0161ana<\/li>\n<\/ul>\n<p>Lai risin\u0101tu \u0161\u012bs probl\u0113mas, apsveriet t\u0101l\u0101k nor\u0101d\u012bt\u0101s probl\u0113mu nov\u0113r\u0161anas un risin\u0101jumu iesp\u0113jas.<\/p>\n<ul>\n<li>P\u0101rbaudiet, vai nav zems hidraulisk\u0101 \u0161\u0137idruma l\u012bmenis, un, ja nepiecie\u0161ams, uzpildiet.<\/li>\n<li>P\u0101rbaudiet un nomainiet nolietot\u0101s bl\u012bves vai boj\u0101t\u0101s deta\u013cas.<\/li>\n<li>P\u0101rbaudiet, vai hidrauliskaj\u0101s l\u012bnij\u0101s nav aizsprostojumu vai ierobe\u017eojumu.<\/li>\n<li>Nodro\u0161iniet pareizu cilindra izl\u012bdzin\u0101\u0161anu un regul\u0113\u0161anu.<\/li>\n<li>Ja probl\u0113ma joproj\u0101m past\u0101v, konsult\u0113jieties ar speci\u0101listu, lai sa\u0146emtu papildu pal\u012bdz\u012bbu.<\/li>\n<\/ul>\n<p><img decoding=\"async\" src=\"https:\/\/www.hydraulic-cylinders.net\/wp-content\/uploads\/2025\/01\/songte-chushion-collar.webp\" alt=\"\u010cemod\u0101na apkakle\"><\/p>\n<p>Atcerieties lo\u0123iski sak\u0101rtot rakstu, izmantojot apak\u0161virsrakstus, lai atvieglotu navig\u0101ciju. Iek\u013caujiet atbilsto\u0161us att\u0113lus vai diagrammas, lai uzlabotu izpratni, un p\u0101rliecinieties, ka saturs ir skaidrs, kodol\u012bgs un piem\u0113rots las\u012bt\u0101jiem ar da\u017e\u0101du tehnisko zin\u0101\u0161anu l\u012bmeni.<\/p>\n<p>Autors: lil<\/p>\n<h2>Par m\u016bsu uz\u0146\u0113mumu<\/h2>\n<p>K\u0101 profesion\u0101ls ra\u017eot\u0101js, kas specializ\u0113jas rezerves hidraulisko cilindru ra\u017eo\u0161an\u0101, m\u0113s pied\u0101v\u0101jam pla\u0161u produktu kl\u0101stu un esam k\u013cuvu\u0161i par vienu no vado\u0161ajiem ra\u017eot\u0101jiem un vairumtirgot\u0101jiem viet\u0113j\u0101 un starptautiskaj\u0101 tirg\u016b. M\u0113s iev\u0113rojam izcil\u012bbas principu, pa\u013caujoties uz industrializ\u0113t\u0101m ra\u017eo\u0161anas vad\u012bbas strat\u0113\u0123ij\u0101m m\u016bsu smalk\u0101s ra\u017eo\u0161anas darbn\u012bc\u0101s, lai nep\u0101rtraukti uzlabotu m\u016bsu tehnisko l\u012bmeni un ra\u017eo\u0161anas efektivit\u0101ti.<\/p>\n<p>Ievie\u0161ot augst\u0101k\u0101s klases digit\u0101l\u0101s ra\u017eo\u0161anas iek\u0101rtas un profesion\u0101las test\u0113\u0161anas sist\u0113mas, m\u0113s optimiz\u0113jam savu ra\u017eo\u0161anas platformu, pilnveidojam produktu kvalit\u0101tes kontroles procesu un mums ir sp\u0113c\u012bgas inov\u0101ciju sp\u0113jas. M\u016bsu m\u0113r\u0137is ir apmierin\u0101t klientu da\u017e\u0101d\u0101s vajadz\u012bbas ar efektivit\u0101ti, precizit\u0101ti un augstas kvalit\u0101tes produktiem.<\/p>\n<p><img decoding=\"async\" src=\"https:\/\/www.hydraulic-cylinders.net\/wp-content\/uploads\/2025\/01\/songte-company-4.webp\" alt=\"Uz\u0146\u0113muma t\u0113ls\"><\/p>\n<h2>K\u0101p\u0113c izv\u0113l\u0113ties m\u016bsu uz\u0146\u0113mumu?<\/h2>\n<p>\u0160eit ir da\u017ei galvenie iemesli, k\u0101p\u0113c izv\u0113l\u0113ties m\u016bsu<\/p>","protected":false},"excerpt":{"rendered":"<p>Arm Cylinder For Kubota Small Excavator U-161-3S The Arm Cylinder for Kubota Small Excavator U-161-3S is a hydraulic cylinder specifically designed to provide linear motion and power to the arm of various types of machinery, such as excavators, cranes, and robotic arms. The arm cylinder plays a critical role in hydraulic systems, allowing for efficient [&hellip;]<\/p>","protected":false},"featured_media":14770,"comment_status":"open","ping_status":"closed","template":"","meta":{"_et_pb_use_builder":"","_et_pb_old_content":"","_et_gb_content_width":""},"product_brand":[],"product_cat":[1497],"product_tag":[1498,1496],"class_list":{"0":"post-16632","1":"product","2":"type-product","3":"status-publish","4":"has-post-thumbnail","6":"product_cat-arm-cylinders","7":"product_tag-arm-cylinders","8":"product_tag-hydraulic-cylinders","10":"first","11":"instock","12":"shipping-taxable","13":"product-type-simple"},"amp_enabled":true,"_links":{"self":[{"href":"https:\/\/www.hydraulic-cylinders.net\/lv\/wp-json\/wp\/v2\/product\/16632","targetHints":{"allow":["GET"]}}],"collection":[{"href":"https:\/\/www.hydraulic-cylinders.net\/lv\/wp-json\/wp\/v2\/product"}],"about":[{"href":"https:\/\/www.hydraulic-cylinders.net\/lv\/wp-json\/wp\/v2\/types\/product"}],"replies":[{"embeddable":true,"href":"https:\/\/www.hydraulic-cylinders.net\/lv\/wp-json\/wp\/v2\/comments?post=16632"}],"wp:featuredmedia":[{"embeddable":true,"href":"https:\/\/www.hydraulic-cylinders.net\/lv\/wp-json\/wp\/v2\/media\/14770"}],"wp:attachment":[{"href":"https:\/\/www.hydraulic-cylinders.net\/lv\/wp-json\/wp\/v2\/media?parent=16632"}],"wp:term":[{"taxonomy":"product_brand","embeddable":true,"href":"https:\/\/www.hydraulic-cylinders.net\/lv\/wp-json\/wp\/v2\/product_brand?post=16632"},{"taxonomy":"product_cat","embeddable":true,"href":"https:\/\/www.hydraulic-cylinders.net\/lv\/wp-json\/wp\/v2\/product_cat?post=16632"},{"taxonomy":"product_tag","embeddable":true,"href":"https:\/\/www.hydraulic-cylinders.net\/lv\/wp-json\/wp\/v2\/product_tag?post=16632"}],"curies":[{"name":"wp","href":"https:\/\/api.w.org\/{rel}","templated":true}]}}