{"id":16636,"date":"2025-01-21T05:39:28","date_gmt":"2025-01-21T05:39:28","guid":{"rendered":"https:\/\/www.hydraulic-cylinders.net\/product\/arm-cylinder-for-kubota-small-excavator-u-185-3\/"},"modified":"2025-01-21T05:39:33","modified_gmt":"2025-01-21T05:39:33","slug":"arm-cylinder-for-kubota-small-excavator-u-185-3","status":"publish","type":"product","link":"https:\/\/www.hydraulic-cylinders.net\/lv\/products\/arm-cylinder-for-kubota-small-excavator-u-185-3\/","title":{"rendered":"Sviras cilindrs Kubota mazajam ekskavatoram U-185-3"},"content":{"rendered":"<h2>Sviras cilindrs Kubota mazajam ekskavatoram U-185-3<\/h2>\n<h3>Produkta defin\u012bcija<\/h3>\n<p>Sviras cilindrs ir speci\u0101li izstr\u0101d\u0101ts hidrauliskais cilindrs, ko izmanto, lai nodro\u0161in\u0101tu line\u0101ru kust\u012bbu un jaudu da\u017e\u0101du veidu ma\u0161\u012bnu svir\u0101m, piem\u0113ram, ekskavatoriem, celt\u0146iem un robotiz\u0113t\u0101m svir\u0101m. Sviras cilindram ir iz\u0161\u0137iro\u0161a noz\u012bme hidrauliskaj\u0101 sist\u0113m\u0101, nodro\u0161inot efekt\u012bvu papildu instrumentu vai stiprin\u0101jumu kust\u012bbu un vad\u012bbu. \u0160ie cilindri ne tikai nodro\u0161ina vienm\u0113r\u012bgu kust\u012bbu, bet ar\u012b iztur lielas slodzes, nodro\u0161inot ma\u0161\u012bnu efekt\u012bvu darb\u012bbu un uzticam\u012bbu da\u017e\u0101dos darba apst\u0101k\u013cos.<\/p>\n<p><img decoding=\"async\" src=\"https:\/\/www.hydraulic-cylinders.net\/wp-content\/uploads\/2025\/01\/songte-company-2.webp\"\/><\/p>\n<h3>Produkta funkcijas<\/h3>\n<ul>\n<li><strong>Efekt\u012bva jaudas p\u0101rvade:<\/strong> Sviras cilindrs nodro\u0161ina jaud\u012bgu line\u0101ru kust\u012bbu un sp\u0113ku, garant\u0113jot ma\u0161\u012bnas sviras augstu veiktsp\u0113jas efektivit\u0101ti da\u017e\u0101d\u0101s darb\u012bb\u0101s.<\/li>\n<li><strong>Prec\u012bza kontrole:<\/strong> Izmantojot hidraulisko sist\u0113mu, rokas cilindrs var pan\u0101kt prec\u012bzu kust\u012bbas kontroli, padarot papildu instrumentu darb\u012bbu elast\u012bg\u0101ku un prec\u012bz\u0101ku.<\/li>\n<li><strong>Augsta iztur\u012bba:<\/strong> Roku cilindri parasti ir izgatavoti no augstas iztur\u012bbas materi\u0101liem un tiem ir lieliska nodilumiztur\u012bba un korozijas iztur\u012bba, kas ir piem\u0113rota ilgsto\u0161ai lieto\u0161anai skarbos apst\u0101k\u013cos.<\/li>\n<li><strong>Daudzfunkcion\u0101la piel\u0101go\u0161an\u0101s sp\u0113ja:<\/strong> \u0160os cilindrus var pla\u0161i izmantot da\u017e\u0101d\u0101s meh\u0101nisk\u0101s iek\u0101rt\u0101s, piem\u0113ram, ekskavatoros, celt\u0146os un robotiz\u0113t\u0101s rok\u0101s, piel\u0101gojoties da\u017e\u0101d\u0101m darba vajadz\u012bb\u0101m.<\/li>\n<li><strong>Vienk\u0101r\u0161a apkope:<\/strong> Projekt\u0113jot \u0146emta v\u0113r\u0101 apkopes un nomai\u0146as vienk\u0101r\u0161\u012bba, padarot regul\u0101ru p\u0101rbaudi un apkopi \u0113rt\u0101ku, samazinot iek\u0101rtu d\u012bkst\u0101ves laiku.<\/li>\n<\/ul>\n<p>M\u0113s varam ra\u017eot \u0161o produktu, un m\u016bsu produkts var lieliski aizst\u0101t \u0161os hidrauliskos cilindrus.<\/p>\n<p><img decoding=\"async\" src=\"https:\/\/www.hydraulic-cylinders.net\/wp-content\/uploads\/2025\/01\/songte-oil-pipes-and-spare-parts.webp\"\/><\/p>\n<h3>Produkta pielietojums<\/h3>\n<ul>\n<li><strong>B\u016bvniec\u012bbas in\u017eenierija:<\/strong> Ekskavatoros un celt\u0146os str\u0113les cilindrus izmanto, lai kontrol\u0113tu kausu vai str\u0113les kust\u012bbu, veicot zemes p\u0101rvieto\u0161anas, materi\u0101lu apstr\u0101des un konstrukciju uzst\u0101d\u012b\u0161anas darbus.<\/li>\n<li><strong>Ra\u017eo\u0161ana:<\/strong> Automatiz\u0113t\u0101s ra\u017eo\u0161anas l\u012bnij\u0101s roku cilindri tiek izmantoti robotiz\u0113tu roku p\u0101rvieto\u0161anai, mont\u0101\u017eas, metin\u0101\u0161anas un apstr\u0101des procesu veik\u0161anai, uzlabojot ra\u017eo\u0161anas efektivit\u0101ti un precizit\u0101ti.<\/li>\n<li><strong>Lauksaimniec\u012bbas tehnika:<\/strong> Lauksaimniec\u012bbas ma\u0161\u012bn\u0101s, piem\u0113ram, kombainos un s\u0113jma\u0161\u012bn\u0101s, sviru cilindri kontrol\u0113 darbin\u0101\u0161anas sviru kust\u012bbu, veicot t\u0101dus uzdevumus k\u0101 s\u0113\u0161ana, m\u0113slo\u0161ana un ra\u017eas nov\u0101k\u0161ana.<\/li>\n<li><strong>Kalnr\u016bpniec\u012bba:<\/strong> Kalnr\u016bpniec\u012bbas iek\u0101rt\u0101s sviru cilindrus izmanto, lai kontrol\u0113tu kalnr\u016bpniec\u012bbas iek\u0101rtu sviru kust\u012bbu, veicot r\u016bdas ieguvi un transport\u0113\u0161anu.<\/li>\n<li><strong>Lo\u0123istika un transports:<\/strong> Iekr\u0101v\u0113jos un apstr\u0101des robotos roku cilindri tiek izmantoti, lai kontrol\u0113tu dak\u0161u pacel\u0161anu un kust\u012bbu, t\u0101d\u0113j\u0101di nodro\u0161inot materi\u0101lu apstr\u0101di un sakrau\u0161anu.<\/li>\n<\/ul>\n<h3>Projekt\u0113\u0161anas apsv\u0113rumi un atlases standarti<\/h3>\n<ol>\n<li><strong>Nestsp\u0113ja:<\/strong> Sviras cilindram ir j\u0101b\u016bt pietiekamai nestsp\u0113jai, lai iztur\u0113tu ma\u0161\u012bnas sviras svaru un slodzi.<\/li>\n<li><strong>Bl\u012bv\u0113jums:<\/strong> Sviras cilindr\u0101 tiek izmantotas da\u017e\u0101das bl\u012bv\u0113\u0161anas deta\u013cas, piem\u0113ram, virzu\u013ca bl\u012bves un stie\u0146a bl\u012bves, kas ir izgatavotas no nodilumiztur\u012bgiem materi\u0101liem, piem\u0113ram, poliuret\u0101na un nitrila gumijas. Cilindra korpuss un v\u012bt\u0146otais gals tiek r\u016bp\u012bgi apstr\u0101d\u0101ti, lai uzlabotu nodilumiztur\u012bbu. Nepiecie\u0161ams regul\u0101ri pievienot atbilsto\u0161u hidraulisk\u0101s e\u013c\u013cas daudzumu e\u013c\u013co\u0161anai.<\/li>\n<li><strong>Iztur\u012bba:<\/strong> Sviru cilindri parasti ir izgatavoti no augstas iztur\u012bbas materi\u0101liem, kas nodro\u0161ina izcilu nodilumiztur\u012bbu un korozijas iztur\u012bbu, lai iztur\u0113tu skarbus darba apst\u0101k\u013cus.<\/li>\n<li><strong>Dro\u0161\u012bba:<\/strong> Sviras cilindram j\u0101b\u016bt konstru\u0113tam t\u0101, lai nodro\u0161in\u0101tu dro\u0161u darb\u012bbu un nov\u0113rstu negad\u012bjumus.<\/li>\n<li><strong>Uzturam\u012bba:<\/strong> Sviras cilindra konstrukcija ir veidota, \u0146emot v\u0113r\u0101 apkopes un nomai\u0146as vienk\u0101r\u0161\u012bbu, padarot regul\u0101ru p\u0101rbaudi un apkopi \u0113rt\u0101ku, samazinot iek\u0101rtu d\u012bkst\u0101ves laiku.<\/li>\n<\/ol>\n<p><img decoding=\"async\" src=\"https:\/\/www.hydraulic-cylinders.net\/wp-content\/uploads\/2025\/01\/songte-cylinder-head-with-all-kinds-excavator-models.webp\"\/><\/p>\n<h3>Bl\u012bv\u0113\u0161ana un e\u013c\u013co\u0161ana<\/h3>\n<p>Sviras cilindr\u0101 tiek izmantotas da\u017e\u0101das bl\u012bv\u0113\u0161anas deta\u013cas, piem\u0113ram, virzu\u013ca bl\u012bves un stie\u0146a bl\u012bves, kas ir izgatavotas no nodilumiztur\u012bgiem materi\u0101liem, piem\u0113ram, poliuret\u0101na un nitrila gumijas. Cilindra korpuss un v\u012bt\u0146otais gals tiek r\u016bp\u012bgi apstr\u0101d\u0101ti, lai uzlabotu nodilumiztur\u012bbu. Nepiecie\u0161ams regul\u0101ri pievienot atbilsto\u0161u hidraulisk\u0101s e\u013c\u013cas daudzumu e\u013c\u013co\u0161anai.<\/p>\n<h3>Regul\u0101ras p\u0101rbaudes un profilaktisk\u0101s apkopes pas\u0101kumi<\/h3>\n<ol>\n<li>Regul\u0101ri p\u0101rbaudiet sviras cilindru, vai taj\u0101 nav boj\u0101jumu vai nodiluma.<\/li>\n<li>Regul\u0101ri p\u0101rbaudiet hidraulisk\u0101s e\u013c\u013cas l\u012bmeni un kvalit\u0101ti un, ja nepiecie\u0161ams, nomainiet vai papildiniet e\u013c\u013cu.<\/li>\n<li>P\u0101rbaudiet bl\u012bves un nomainiet t\u0101s p\u0113c nepiecie\u0161am\u012bbas.<\/li>\n<li>Regul\u0101ri p\u0101rbaudiet cilindra korpusu un v\u012bt\u0146oto galu, vai tie nav nodilu\u0161i.<\/li>\n<li>P\u0101rliecinieties, vai sviras cilindrs ir pareizi un dro\u0161i uzst\u0101d\u012bts.<\/li>\n<\/ol>\n<h3>Produkta uzst\u0101d\u012b\u0161anas rokasgr\u0101mata<\/h3>\n<ol>\n<li>P\u0101rliecinieties, vai sviras cilindrs ir pareizais ma\u0161\u012bnas sviras modelis.<\/li>\n<li>Uzst\u0101d\u012b\u0161anas laik\u0101 iev\u0113rojiet ra\u017eot\u0101ja nor\u0101d\u012bjumus.<\/li>\n<li>P\u0101rliecinieties, vai sviras cilindrs ir dro\u0161i un pareizi uzst\u0101d\u012bts.<\/li>\n<li>P\u0113c uzst\u0101d\u012b\u0161anas p\u0101rbaudiet hidraulisk\u0101s e\u013c\u013cas l\u012bmeni un kvalit\u0101ti un, ja nepiecie\u0161ams, pievienojiet vai nomainiet e\u013c\u013cu.<\/li>\n<\/ol>\n<p><img decoding=\"async\" src=\"https:\/\/www.hydraulic-cylinders.net\/wp-content\/uploads\/2025\/01\/songte-bushings-with-all-kinds-of-excavator-models.webp\"\/><\/p>\n<h3>Dro\u0161\u012bbas apsv\u0113rumi un vides faktori<\/h3>\n<p>Lietojot rokas cilindru, ir svar\u012bgi iev\u0113rot ra\u017eot\u0101ja nor\u0101d\u012bjumus un dro\u0161\u012bbas vadl\u012bnijas, lai nodro\u0161in\u0101tu dro\u0161u darb\u012bbu un nov\u0113rstu negad\u012bjumus. J\u0101\u0146em v\u0113r\u0101 ar\u012b t\u0101di vides faktori k\u0101 temperat\u016bra un mitrums, un j\u0101veic atbilsto\u0161i pas\u0101kumi, lai nodro\u0161in\u0101tu rokas cilindra pareizu darb\u012bbu.<\/p>\n<h3>Probl\u0113mu nov\u0113r\u0161ana un bie\u017ei sastopamas probl\u0113mas<\/h3>\n<ol>\n<li><strong>Nopl\u016bde:<\/strong> P\u0101rbaudiet bl\u012bves un nomainiet t\u0101s, ja t\u0101s ir boj\u0101tas.<\/li>\n<li><strong>Samazin\u0101ta jauda:<\/strong> P\u0101rbaudiet hidraulisk\u0101s e\u013c\u013cas l\u012bmeni un kvalit\u0101ti un, ja nepiecie\u0161ams, nomainiet vai pievienojiet e\u013c\u013cu.<\/li>\n<li><strong>P\u0101rm\u0113r\u012bga vibr\u0101cija:<\/strong> P\u0101rbaudiet sviras cilindru, vai taj\u0101 nav boj\u0101jumu vai nodiluma.<\/li>\n<li><strong>Troksnis:<\/strong> P\u0101rbaudiet sviras cilindru, vai taj\u0101 nav boj\u0101jumu vai nodiluma.<\/li>\n<\/ol>\n<h3>Padomi probl\u0113mu nov\u0113r\u0161anai un risin\u0101\u0161anai<\/h3>\n<p>Nov\u0113r\u0161ot probl\u0113mas ar sviras cilindru, ir svar\u012bgi iev\u0113rot ra\u017eot\u0101ja nor\u0101d\u012bjumus un dro\u0161\u012bbas vadl\u012bnijas. Regul\u0101ri p\u0101rbaudiet sviras cilindru, vai tas nav boj\u0101ts vai nolietots, un nepiecie\u0161am\u012bbas gad\u012bjum\u0101 nomainiet vai remont\u0113jiet deta\u013cas. Regul\u0101ra p\u0101rbaude un apkope var nov\u0113rst potenci\u0101las probl\u0113mas un nodro\u0161in\u0101t efekt\u012bvu ma\u0161\u012bnas sviras darb\u012bbu.<\/p>\n<p><img decoding=\"async\" src=\"https:\/\/www.hydraulic-cylinders.net\/wp-content\/uploads\/2025\/01\/songte-chushion-collar.webp\"\/><\/p>\n<h2>Par mums<\/h2>\n<p>M\u0113s esam profesion\u0101ls hidraulisko cilindru ra\u017eot\u0101js un esam k\u013cuvu\u0161i par vienu no vado\u0161ajiem hidraulisko cilindru ra\u017eot\u0101jiem un vairumtirgot\u0101jiem viet\u0113j\u0101 un starptautiskaj\u0101 tirg\u016b ar pla\u0161u produktu kl\u0101stu. M\u0113s vienm\u0113r iev\u0113rojam izcilas kvalit\u0101tes principu, pa\u013caujoties uz smalkas ra\u017eo\u0161anas darbn\u012bcas industrializ\u0113tu ra\u017eo\u0161anas vad\u012bbas strat\u0113\u0123iju, past\u0101v\u012bgi uzlabojot savu tehnisko l\u012bmeni un ra\u017eo\u0161anas efektivit\u0101ti. Ievie\u0161ot augstas klases digit\u0101l\u0101s ra\u017eo\u0161anas iek\u0101rtas un profesion\u0101las test\u0113\u0161anas sist\u0113mas, m\u0113s nep\u0101rtraukti optimiz\u0113jam savu ra\u017eo\u0161anas platformu, uzlabojam produktu kvalit\u0101tes kontroles procesu un mums ir sp\u0113c\u012bgas inov\u0101ciju iesp\u0113jas. M\u016bsu m\u0113r\u0137is ir apmierin\u0101t klientu da\u017e\u0101d\u0101s vajadz\u012bbas, iev\u0113rojot efektivit\u0101tes, precizit\u0101tes un augstas kvalit\u0101tes principus.<\/p>\n<h3>M\u016bsu stipr\u0101s puses<\/h3>\n<ul>\n<li><strong>Profesionalit\u0101te:<\/strong> Mums ir pieredz\u0113ju\u0161u profesion\u0101\u013cu komanda, kas ir ap\u0146\u0113musies nodro\u0161in\u0101t m\u016bsu klientiem augstas kvalit\u0101tes produktus un pakalpojumus.<\/li>\n<li><strong>Starptautisk\u0101 sertifik\u0101cija:<\/strong> M\u016bsu produkti ir iztur\u0113ju\u0161i da\u017e\u0101dus starptautiskus sertifik\u0101tus, piem\u0113ram, ISO9001, CE un RoHS, kas nodro\u0161ina m\u016bsu produktu kvalit\u0101ti un dro\u0161\u012bbu.<\/li>\n<li><strong>Piel\u0101gots pakalpojums:<\/strong> M\u0113s pied\u0101v\u0101jam piel\u0101gotus hidrauliskos cilindrus atbilsto\u0161i m\u016bsu klientu \u012bpa\u0161aj\u0101m vajadz\u012bb\u0101m.<\/li>\n<li><strong>Ra\u017eo\u0161anas iek\u0101rtas:<\/strong> Mums ir modernas digit\u0101l\u0101s ra\u017eo\u0161anas iek\u0101rtas, piem\u0113ram, CNC virpas un fr\u0113zma\u0161\u012bnas, kas nodro\u0161ina m\u016bsu produktu precizit\u0101ti un kvalit\u0101ti.<\/li>\n<li><strong>P\u0113cp\u0101rdo\u0161anas serviss:<\/strong> M\u0113s pied\u0101v\u0101jam profesion\u0101lu p\u0113cp\u0101rdo\u0161anas servisu un tehnisko atbalstu m\u016bsu klientiem.<\/li>\n<\/ul>\n<p><img decoding=\"async\" src=\"https:\/\/www.hydraulic-cylinders.net\/wp-content\/uploads\/2025\/01\/songte-company-4.webp\"\/><\/p>\n<h3>Uzziniet vair\u0101k par mums<\/h3>\n<p>Ja v\u0113laties uzzin\u0101t vair\u0101k par m\u016bsu uz\u0146\u0113mumu un m\u016bsu produktiem, l\u016bdzu, apmekl\u0113jiet m\u016bsu t\u012bmek\u013ca vietni https:\/\/www.hydraulic-cylinders.net. M\u0113s esam ap\u0146\u0113mu\u0161ies nodro\u0161in\u0101t saviem klientiem augstas kvalit\u0101tes produktus un pakalpojumus un ceram uz sadarb\u012bbu ar jums.<\/p>\n<p><img decoding=\"async\" src=\"https:\/\/www.hydraulic-cylinders.net\/wp-content\/uploads\/2025\/01\/songte-company-3.webp\"\/><\/p>\n<p>Autors: Lails.<\/p>","protected":false},"excerpt":{"rendered":"<p>Arm Cylinder For Kubota Small Excavator U-185-3 Product Definition An arm cylinder is a specially designed hydraulic cylinder used to provide linear motion and power to various types of machinery arms, such as excavators, cranes, and robotic arms. The arm cylinder plays a crucial role in the hydraulic system, enabling the effective movement and control [&hellip;]<\/p>","protected":false},"featured_media":14786,"comment_status":"open","ping_status":"closed","template":"","meta":{"_et_pb_use_builder":"","_et_pb_old_content":"","_et_gb_content_width":""},"product_brand":[],"product_cat":[1497],"product_tag":[1498,1496],"class_list":{"0":"post-16636","1":"product","2":"type-product","3":"status-publish","4":"has-post-thumbnail","6":"product_cat-arm-cylinders","7":"product_tag-arm-cylinders","8":"product_tag-hydraulic-cylinders","10":"first","11":"instock","12":"shipping-taxable","13":"product-type-simple"},"amp_enabled":true,"_links":{"self":[{"href":"https:\/\/www.hydraulic-cylinders.net\/lv\/wp-json\/wp\/v2\/product\/16636","targetHints":{"allow":["GET"]}}],"collection":[{"href":"https:\/\/www.hydraulic-cylinders.net\/lv\/wp-json\/wp\/v2\/product"}],"about":[{"href":"https:\/\/www.hydraulic-cylinders.net\/lv\/wp-json\/wp\/v2\/types\/product"}],"replies":[{"embeddable":true,"href":"https:\/\/www.hydraulic-cylinders.net\/lv\/wp-json\/wp\/v2\/comments?post=16636"}],"wp:featuredmedia":[{"embeddable":true,"href":"https:\/\/www.hydraulic-cylinders.net\/lv\/wp-json\/wp\/v2\/media\/14786"}],"wp:attachment":[{"href":"https:\/\/www.hydraulic-cylinders.net\/lv\/wp-json\/wp\/v2\/media?parent=16636"}],"wp:term":[{"taxonomy":"product_brand","embeddable":true,"href":"https:\/\/www.hydraulic-cylinders.net\/lv\/wp-json\/wp\/v2\/product_brand?post=16636"},{"taxonomy":"product_cat","embeddable":true,"href":"https:\/\/www.hydraulic-cylinders.net\/lv\/wp-json\/wp\/v2\/product_cat?post=16636"},{"taxonomy":"product_tag","embeddable":true,"href":"https:\/\/www.hydraulic-cylinders.net\/lv\/wp-json\/wp\/v2\/product_tag?post=16636"}],"curies":[{"name":"wp","href":"https:\/\/api.w.org\/{rel}","templated":true}]}}