{"id":16643,"date":"2025-01-21T05:39:57","date_gmt":"2025-01-21T05:39:57","guid":{"rendered":"https:\/\/www.hydraulic-cylinders.net\/product\/arm-cylinder-for-takeuchi-small-excavator-tb150c\/"},"modified":"2025-01-21T05:39:59","modified_gmt":"2025-01-21T05:39:59","slug":"arm-cylinder-for-takeuchi-small-excavator-tb150c","status":"publish","type":"product","link":"https:\/\/www.hydraulic-cylinders.net\/lv\/products\/arm-cylinder-for-takeuchi-small-excavator-tb150c\/","title":{"rendered":"Takeuchi maz\u0101 ekskavatora TB150C rokas cilindrs"},"content":{"rendered":"<h2>Takeuchi maz\u0101 ekskavatora TB150C rokas cilindrs<\/h2>\n<p>Sviras cilindrs ir speci\u0101li izstr\u0101d\u0101ts hidrauliskais cilindrs, kas nodro\u0161ina line\u0101ru kust\u012bbu un jaudu da\u017e\u0101du ma\u0161\u012bnu, piem\u0113ram, ekskavatoru, celt\u0146u un robotu roku, svir\u0101m. Tam ir iz\u0161\u0137iro\u0161a noz\u012bme hidrauliskaj\u0101s sist\u0113m\u0101s, \u013caujot efekt\u012bvi p\u0101rvietot un kontrol\u0113t stiprin\u0101jumus un piederumus. \u0160ie cilindri ne tikai nodro\u0161ina vienm\u0113r\u012bgu kust\u012bbu, bet ar\u012b iztur lielas slodzes, nodro\u0161inot efekt\u012bvu darb\u012bbu un uzticam\u012bbu da\u017e\u0101dos darba apst\u0101k\u013cos.<\/p>\n<p><img decoding=\"async\" src=\"https:\/\/www.hydraulic-cylinders.net\/wp-content\/uploads\/2025\/01\/songte-company-2.webp\"><\/p>\n<h2>Funkcijas<\/h2>\n<ul>\n<li>Augstas efektivit\u0101tes transmisija: Sviras cilindrs nodro\u0161ina jaud\u012bgu line\u0101ru kust\u012bbu un sp\u0113ku, garant\u0113jot augstas veiktsp\u0113jas iesp\u0113jas da\u017e\u0101d\u0101s darb\u012bb\u0101s.<\/li>\n<li>Prec\u012bza vad\u012bba: Izmantojot hidraulisko sist\u0113mu, sviras cilindrs nodro\u0161ina prec\u012bzu kust\u012bbas vad\u012bbu, padarot agreg\u0101tu darb\u012bbu elast\u012bg\u0101ku un prec\u012bz\u0101ku.<\/li>\n<li>Iztur\u012bba: Sviru cilindri ir izgatavoti, izmantojot augstas iztur\u012bbas materi\u0101lus, kas nodro\u0161ina izcilu iztur\u012bbu pret nodilumu un koroziju, un ir piem\u0113roti ilgsto\u0161ai lieto\u0161anai skarbos apst\u0101k\u013cos.<\/li>\n<li>Daudzfunkcionalit\u0101te un piel\u0101gojam\u012bba: \u0160iem cilindriem ir pla\u0161s pielietojums da\u017e\u0101d\u0101s ma\u0161\u012bn\u0101s, piem\u0113ram, ekskavatoros, celt\u0146os un robotiz\u0113t\u0101s rok\u0101s, kas apmierina da\u017e\u0101das darba vajadz\u012bbas.<\/li>\n<li>Vienk\u0101r\u0161a apkope: Sviru cilindri ir izstr\u0101d\u0101ti vienk\u0101r\u0161ai apkopei un nomai\u0146ai, un tie atvieglo regul\u0101ras p\u0101rbaudes un apkopi, samazinot iek\u0101rtu d\u012bkst\u0101ves laiku.<\/li>\n<\/ul>\n<p><img decoding=\"async\" src=\"https:\/\/www.hydraulic-cylinders.net\/wp-content\/uploads\/2025\/01\/songte-oil-pipes-and-spare-parts.webp\"><\/p>\n<h2>Pieteikumi<\/h2>\n<p>Sviru cilindri tiek izmantoti da\u017e\u0101d\u0101s nozar\u0113s:<\/p>\n<ul>\n<li>B\u016bvniec\u012bba: Izmanto ekskavatoros un celt\u0146os, str\u0113les cilindri kontrol\u0113 kausu vai str\u0113les kust\u012bbu zemes darbos, materi\u0101lu apstr\u0101d\u0113 un konstrukciju uzst\u0101d\u012b\u0161an\u0101.<\/li>\n<li>Ra\u017eo\u0161ana: Automatiz\u0113t\u0101s ra\u017eo\u0161anas l\u012bnij\u0101s roku cilindri nodro\u0161ina robotiz\u0113tu roku kust\u012bbu mont\u0101\u017eas, metin\u0101\u0161anas un apstr\u0101des procesos, uzlabojot ra\u017eo\u0161anas efektivit\u0101ti un precizit\u0101ti.<\/li>\n<li>Lauksaimniec\u012bbas tehnika: Lauksaimniec\u012bbas tehnik\u0101, piem\u0113ram, kombainos un s\u0113jma\u0161\u012bn\u0101s, sviru cilindri kontrol\u0113 vad\u012bbas sviru kust\u012bbu t\u0101diem uzdevumiem k\u0101 s\u0113\u0161ana, m\u0113slo\u0161ana un ra\u017eas nov\u0101k\u0161ana.<\/li>\n<li>Kalnr\u016bpniec\u012bba: Kalnr\u016bpniec\u012bbas iek\u0101rt\u0101s rokas cilindri kontrol\u0113 rokas kust\u012bbu r\u016bdu ieguvei un transport\u0113\u0161anai.<\/li>\n<li>Lo\u0123istika un transports: Iekr\u0101v\u0113jos un apstr\u0101des robotos roku cilindri kontrol\u0113 dak\u0161u pacel\u0161anu un kust\u012bbu materi\u0101lu apstr\u0101dei un krau\u0161anai.<\/li>\n<\/ul>\n<h2>Dizaina apsv\u0113rumi un atlases krit\u0113riji<\/h2>\n<p>Run\u0101jot par sviras cilindru projekt\u0113\u0161anu, j\u0101\u0146em v\u0113r\u0101 vair\u0101ki faktori un atlases krit\u0113riji:<\/p>\n<ul>\n<li>Nestsp\u0113ja: Sviru cilindriem j\u0101b\u016bt konstru\u0113tiem t\u0101, lai tie iztur\u0113tu nepiecie\u0161amo slodzi.<\/li>\n<li>Bl\u012bv\u0113jums: Lai nodro\u0161in\u0101tu efekt\u012bvu bl\u012bv\u0113jumu, j\u0101izmanto da\u017e\u0101di bl\u012bv\u0113\u0161anas komponenti, piem\u0113ram, virzu\u013ca bl\u012bv\u0113jumi un stie\u0146u bl\u012bv\u0113jumi, kas izgatavoti no nodilumiztur\u012bgiem materi\u0101liem, piem\u0113ram, poliuret\u0101na vai nitrila gumijas.<\/li>\n<li>Iztur\u012bba: Cilindra korpusam un v\u012bt\u0146otaj\u0101m gala virsm\u0101m j\u0101veic prec\u012bza apstr\u0101de, lai uzlabotu nodilumiztur\u012bbu.<\/li>\n<li>Dro\u0161\u012bba: Sviru cilindriem j\u0101atbilst dro\u0161\u012bbas standartiem, lai nov\u0113rstu negad\u012bjumus darb\u012bbas laik\u0101.<\/li>\n<li>Uzturam\u012bba: Lai nodro\u0161in\u0101tu optim\u0101lu veiktsp\u0113ju un ilgm\u016b\u017e\u012bbu, nepiecie\u0161ama regul\u0101ra e\u013c\u013co\u0161ana ar piem\u0113rotu hidraulisko e\u013c\u013cu un periodiska apkope.<\/li>\n<\/ul>\n<p><img decoding=\"async\" src=\"https:\/\/www.hydraulic-cylinders.net\/wp-content\/uploads\/2025\/01\/songte-cylinder-head-with-all-kinds-excavator-models.webp\"><\/p>\n<h2>Bl\u012bv\u0113\u0161ana un e\u013c\u013co\u0161ana<\/h2>\n<p>Sviru cilindros tiek izmantoti da\u017e\u0101di bl\u012bv\u0113jumi, piem\u0113ram, virzu\u013ca bl\u012bv\u0113jumi un stie\u0146a bl\u012bv\u0113jumi, kas izgatavoti no nodilumiztur\u012bgiem materi\u0101liem, piem\u0113ram, poliuret\u0101na vai nitrila gumijas. Cilindra korpuss un v\u012bt\u0146ot\u0101s gala virsmas tiek r\u016bp\u012bgi apstr\u0101d\u0101tas, lai uzlabotu nodilumiztur\u012bbu. Lai nodro\u0161in\u0101tu vienm\u0113r\u012bgu darb\u012bbu un ilgm\u016b\u017e\u012bbu, ir nepiecie\u0161ama regul\u0101ra e\u013c\u013co\u0161ana ar atbilsto\u0161u hidraulisko e\u013c\u013cu.<\/p>\n<h2>Regul\u0101ras p\u0101rbaudes un profilaktisk\u0101s apkopes pas\u0101kumi<\/h2>\n<p>Lai nodro\u0161in\u0101tu sviru cilindru pareizu darb\u012bbu un ilgm\u016b\u017e\u012bbu, j\u0101veic \u0161\u0101di pas\u0101kumi:<\/p>\n<ul>\n<li>Regul\u0101ri p\u0101rbaudiet cilindru, vai nav nodiluma, nopl\u016bdes vai boj\u0101jumu paz\u012bmju.<\/li>\n<li>P\u0101rbaudiet bl\u012bves un, ja nepiecie\u0161ams, nomainiet t\u0101s.<\/li>\n<li>Uzraugiet hidraulisk\u0101s e\u013c\u013cas l\u012bmeni un kvalit\u0101ti, nepiecie\u0161am\u012bbas gad\u012bjum\u0101 papildiniet vai nomainiet to.<\/li>\n<li>Pievelciet va\u013c\u012bgos savienojumus un stiprin\u0101jumus.<\/li>\n<li>Iev\u0113rojiet ra\u017eot\u0101ja nor\u0101d\u012bjumus par apkopi un regul\u0101ri veiciet profesion\u0101las p\u0101rbaudes.<\/li>\n<\/ul>\n<h2>Produkta uzst\u0101d\u012b\u0161anas rokasgr\u0101mata<\/h2>\n<p>Pareiza sviru cilindru uzst\u0101d\u012b\u0161ana ir \u013coti svar\u012bga to optim\u0101lai darb\u012bbai. Veiciet \u0161\u012bs darb\u012bbas:<\/p>\n<ol>\n<li>P\u0101rliecinieties, ka iek\u0101rta ir izsl\u0113gta un novietota dro\u0161\u0101, stabil\u0101 st\u0101vokl\u012b.<\/li>\n<li>Ja nepiecie\u0161ams, no\u0146emiet veco cilindru, uzman\u012bgi atvienojot savienojumus.<\/li>\n<li>Pirms uzst\u0101d\u012b\u0161anas p\u0101rbaudiet jauno sviras cilindru, vai tam nav boj\u0101jumu vai defektu.<\/li>\n<li>Pievienojiet jauno cilindru, izl\u012bdzinot stiprin\u0101juma punktus un dro\u0161i savienojot hidraulisk\u0101s l\u012bnijas.<\/li>\n<li>P\u0113c uzst\u0101d\u012b\u0161anas p\u0101rbaudiet, vai nav nopl\u016b\u017eu vai citu neparastu kust\u012bbu.<\/li>\n<\/ol>\n<p><img decoding=\"async\" src=\"https:\/\/www.hydraulic-cylinders.net\/wp-content\/uploads\/2025\/01\/songte-bushings-with-all-kinds-of-excavator-models.webp\"><\/p>\n<h2>Dro\u0161\u012bbas apsv\u0113rumi un vides faktori<\/h2>\n<p>Str\u0101d\u0101jot ar sviras cilindriem, dro\u0161\u012bbas pas\u0101kumu iev\u0113ro\u0161ana ir \u013coti svar\u012bga, lai nov\u0113rstu negad\u012bjumus un nodro\u0161in\u0101tu operatora labsaj\u016btu. Ir svar\u012bgi iev\u0113rot dro\u0161\u012bbas protokolus, piem\u0113ram, valk\u0101t atbilsto\u0161us individu\u0101los aizsardz\u012bbas l\u012bdzek\u013cus un iev\u0113rot pareizas ekspluat\u0101cijas proced\u016bras. Turkl\u0101t j\u0101\u0146em v\u0113r\u0101 vides faktori, piem\u0113ram, temperat\u016bra un mitrums, lai nodro\u0161in\u0101tu sviras cilindru optim\u0101lu veiktsp\u0113ju un ilgm\u016b\u017e\u012bbu.<\/p>\n<h2>Probl\u0113mu nov\u0113r\u0161ana un bie\u017ei sastopamas probl\u0113mas<\/h2>\n<p>\u0160eit ir da\u017eas bie\u017ei sastopamas probl\u0113mas, kas var rasties ar sviru cilindriem:<\/p>\n<ul>\n<li>Nopl\u016bde: P\u0101rbaudiet bl\u012bves un savienojumus, vai nav nopl\u016b\u017eu. Nomainiet boj\u0101t\u0101s bl\u012bves vai pievelciet va\u013c\u012bgos savienojumus.<\/li>\n<li>Nevienm\u0113r\u012bga kust\u012bba: P\u0101rbaudiet hidraulisko sist\u0113mu un p\u0101rliecinieties par pareizu hidraulisk\u0101s e\u013c\u013cas l\u012bmeni un spiedienu. P\u0101rbaudiet, vai sist\u0113m\u0101 nav aizsprostojumu vai darb\u012bbas trauc\u0113jumu.<\/li>\n<li>Neparasts troksnis: Izp\u0113tiet trok\u0161\u0146a avotu, piem\u0113ram, va\u013c\u012bgas deta\u013cas vai boj\u0101tas deta\u013cas. Pievelciet vai nomainiet t\u0101s p\u0113c nepiecie\u0161am\u012bbas.<\/li>\n<li>Slikta veiktsp\u0113ja: p\u0101rbaudiet, vai cilindr\u0101 nav nodiluma vai boj\u0101jumu paz\u012bmju. P\u0101rbaudiet citas hidraulisk\u0101s sist\u0113mas sast\u0101vda\u013cas, vai nav potenci\u0101lu probl\u0113mu.<\/li>\n<\/ul>\n<p>Lai nov\u0113rstu \u0161\u012bs probl\u0113mas un nov\u0113rstu t\u0101s, skatiet ra\u017eot\u0101ja nor\u0101d\u012bjumus vai mekl\u0113jiet profesion\u0101lu pal\u012bdz\u012bbu. Regul\u0101ri prevent\u012bvie pas\u0101kumi var pal\u012bdz\u0113t samazin\u0101t iesp\u0113jam\u0101s probl\u0113mas.<\/p>\n<p><img decoding=\"async\" src=\"https:\/\/www.hydraulic-cylinders.net\/wp-content\/uploads\/2025\/01\/songte-chushion-collar.webp\"><\/p>\n<p>Atcerieties lo\u0123iski sak\u0101rtot rakstu, izmantot apak\u0161virsrakstus \u0113rtai navig\u0101cijai, iek\u013caut atbilsto\u0161us att\u0113lus vai diagrammas, lai uzlabotu izpratni, un nodro\u0161in\u0101t, lai saturs b\u016btu skaidrs, kodol\u012bgs un piem\u0113rots las\u012bt\u0101jiem ar da\u017e\u0101diem tehnisko zin\u0101\u0161anu l\u012bme\u0146iem.<\/p>\n<h2>Par mums<\/h2>\n<p>M\u0113s esam profesion\u0101ls rezerves hidraulisko cilindru ra\u017eot\u0101js, kas pied\u0101v\u0101 pla\u0161u produktu kl\u0101stu. Esam k\u013cuvu\u0161i par vienu no vado\u0161ajiem hidraulisko cilindru ra\u017eot\u0101jiem un vairumtirdzniec\u012bbas izplat\u012bt\u0101jiem gan viet\u0113j\u0101, gan starptautiskaj\u0101 tirg\u016b. Ap\u0146\u0113mu\u0161ies nodro\u0161in\u0101t izcilu kvalit\u0101ti, m\u0113s sav\u0101s sare\u017e\u0123\u012btaj\u0101s ra\u017eo\u0161anas darbn\u012bc\u0101s pa\u013caujamies uz industrializ\u0113t\u0101m ra\u017eo\u0161anas vad\u012bbas strat\u0113\u0123ij\u0101m, lai nep\u0101rtraukti uzlabotu savu tehnisko kompetenci un ra\u017eo\u0161anas efektivit\u0101ti. Ievie\u0161ot modernu digit\u0101lo ra\u017eo\u0161anas apr\u012bkojumu un profesion\u0101las test\u0113\u0161anas sist\u0113mas, m\u0113s optimiz\u0113jam savu ra\u017eo\u0161anas platformu un uzlabojam produktu kvalit\u0101tes kontroles procesus, kas \u013cauj mums ieg\u016bt sp\u0113c\u012bgas inov\u0101ciju iesp\u0113jas. M\u016bsu m\u0113r\u0137is ir apmierin\u0101t da\u017e\u0101das klientu vajadz\u012bbas, iev\u0113rojot efektivit\u0101tes, precizit\u0101tes un augstas kvalit\u0101tes principus.<\/p>\n<p><img decoding=\"async\" src=\"https:\/\/www.hydraulic-cylinders.net\/wp-content\/uploads\/2025\/01\/songte-company-4.webp\"><br \/>\n<img decoding=\"async\" src=\"https:\/\/www.hydraulic-cylinders.net\/wp-content\/uploads\/2025\/01\/songte-company-3.webp\"><\/p>\n<p>Autors: lil<\/p>","protected":false},"excerpt":{"rendered":"<p>Arm Cylinder For Takeuchi Small Excavator TB150C Arm Cylinder is a specially designed hydraulic cylinder that provides linear motion and power to the arms of various machinery, such as excavators, cranes, and robotic arms. It plays a crucial role in hydraulic systems, allowing for effective movement and control of attachments and accessories. These cylinders not [&hellip;]<\/p>","protected":false},"featured_media":14766,"comment_status":"open","ping_status":"closed","template":"","meta":{"_et_pb_use_builder":"","_et_pb_old_content":"","_et_gb_content_width":""},"product_brand":[],"product_cat":[1497],"product_tag":[1498,1496],"class_list":{"0":"post-16643","1":"product","2":"type-product","3":"status-publish","4":"has-post-thumbnail","6":"product_cat-arm-cylinders","7":"product_tag-arm-cylinders","8":"product_tag-hydraulic-cylinders","10":"first","11":"instock","12":"shipping-taxable","13":"product-type-simple"},"amp_enabled":true,"_links":{"self":[{"href":"https:\/\/www.hydraulic-cylinders.net\/lv\/wp-json\/wp\/v2\/product\/16643","targetHints":{"allow":["GET"]}}],"collection":[{"href":"https:\/\/www.hydraulic-cylinders.net\/lv\/wp-json\/wp\/v2\/product"}],"about":[{"href":"https:\/\/www.hydraulic-cylinders.net\/lv\/wp-json\/wp\/v2\/types\/product"}],"replies":[{"embeddable":true,"href":"https:\/\/www.hydraulic-cylinders.net\/lv\/wp-json\/wp\/v2\/comments?post=16643"}],"wp:featuredmedia":[{"embeddable":true,"href":"https:\/\/www.hydraulic-cylinders.net\/lv\/wp-json\/wp\/v2\/media\/14766"}],"wp:attachment":[{"href":"https:\/\/www.hydraulic-cylinders.net\/lv\/wp-json\/wp\/v2\/media?parent=16643"}],"wp:term":[{"taxonomy":"product_brand","embeddable":true,"href":"https:\/\/www.hydraulic-cylinders.net\/lv\/wp-json\/wp\/v2\/product_brand?post=16643"},{"taxonomy":"product_cat","embeddable":true,"href":"https:\/\/www.hydraulic-cylinders.net\/lv\/wp-json\/wp\/v2\/product_cat?post=16643"},{"taxonomy":"product_tag","embeddable":true,"href":"https:\/\/www.hydraulic-cylinders.net\/lv\/wp-json\/wp\/v2\/product_tag?post=16643"}],"curies":[{"name":"wp","href":"https:\/\/api.w.org\/{rel}","templated":true}]}}