{"id":16648,"date":"2025-01-21T05:44:06","date_gmt":"2025-01-21T05:44:06","guid":{"rendered":"https:\/\/www.hydraulic-cylinders.net\/product\/arm-cylinder-for-case-small-excavator-cx58c\/"},"modified":"2025-01-21T05:44:08","modified_gmt":"2025-01-21T05:44:08","slug":"arm-cylinder-for-case-small-excavator-cx58c","status":"publish","type":"product","link":"https:\/\/www.hydraulic-cylinders.net\/lv\/products\/arm-cylinder-for-case-small-excavator-cx58c\/","title":{"rendered":"Sviras cilindrs Case mazajam ekskavatoram CX58C"},"content":{"rendered":"<p>Sviras cilindrs Case mazajam ekskavatoram CX58C<\/p>\n<p>Ievads:<br \/>\nSviras cilindrs ir speci\u0101li izstr\u0101d\u0101ts hidrauliskais cilindrs, ko izmanto da\u017e\u0101du veidu ma\u0161\u012bn\u0101s, lai nodro\u0161in\u0101tu line\u0101ru kust\u012bbu un jaudu svirai, piem\u0113ram, ekskavatoros, celt\u0146os un meh\u0101niskaj\u0101s svir\u0101s. Sviras cilindriem ir iz\u0161\u0137iro\u0161a noz\u012bme hidrauliskaj\u0101 sist\u0113m\u0101, nodro\u0161inot pievienoto instrumentu vai piederumu efekt\u012bvu kust\u012bbu un vad\u012bbu. \u0160ie cilindri ne tikai nodro\u0161ina vienm\u0113r\u012bgu kust\u012bbu, bet ar\u012b iztur lielas slodzes, nodro\u0161inot ma\u0161\u012bnas efekt\u012bvu darb\u012bbu un uzticam\u012bbu da\u017e\u0101dos darba apst\u0101k\u013cos.<\/p>\n<p>Defin\u012bcija un skaidrojums:<br \/>\nSviras cilindri ir hidrauliskie cilindri, ko galvenok\u0101rt izmanto da\u017e\u0101da veida ma\u0161\u012bn\u0101s, lai nodro\u0161in\u0101tu line\u0101ru kust\u012bbu un jaudu svirai. \u0160ie cilindri ir \u013coti svar\u012bgi pievienoto instrumentu vai piederumu efekt\u012bvai kust\u012bbai un vad\u012bbai hidrauliskaj\u0101 sist\u0113m\u0101. Sviras cilindri nodro\u0161ina vienm\u0113r\u012bgu kust\u012bbu un iztur lielas slodzes, nodro\u0161inot ma\u0161\u012bnas efekt\u012bvu darb\u012bbu un uzticam\u012bbu da\u017e\u0101dos darba apst\u0101k\u013cos.<\/p>\n<p><img decoding=\"async\" src=\"https:\/\/www.hydraulic-cylinders.net\/wp-content\/uploads\/2025\/01\/songte-company-2.webp\"><\/p>\n<p>Funkcijas:<br \/>\n1. Augstas efektivit\u0101tes transmisija: Sviras cilindri nodro\u0161ina jaud\u012bgu line\u0101ru kust\u012bbu un sp\u0113ku, garant\u0113jot meh\u0101nisk\u0101s sviras augstu efektivit\u0101ti da\u017e\u0101d\u0101s darb\u012bb\u0101s.<br \/>\n2. Prec\u012bza vad\u012bba: Izmantojot hidraulisko sist\u0113mu, rokas cilindrs var pan\u0101kt prec\u012bzu kust\u012bbas vad\u012bbu, padarot pievienoto instrumentu darb\u012bbu elast\u012bg\u0101ku un prec\u012bz\u0101ku.<br \/>\n3. Sp\u0113c\u012bga iztur\u012bba: Roku cilindri parasti ir izgatavoti no augstas iztur\u012bbas materi\u0101liem ar labu nodilumiztur\u012bbu un iztur\u012bbu pret koroziju, kas ir piem\u0113roti ilgsto\u0161ai lieto\u0161anai skarbos apst\u0101k\u013cos.<br \/>\n4. Daudzfunkcion\u0101la piel\u0101go\u0161an\u0101s sp\u0113ja: \u0160ie cilindri tiek pla\u0161i izmantoti da\u017e\u0101da veida ma\u0161\u012bn\u0101s, piem\u0113ram, ekskavatoros, celt\u0146os un meh\u0101niskaj\u0101s svir\u0101s, piel\u0101gojoties da\u017e\u0101d\u0101m darba vajadz\u012bb\u0101m.<br \/>\n5. Vienk\u0101r\u0161a apkope: Projekt\u0113\u0161an\u0101 \u0146emta v\u0113r\u0101 apkopes un nomai\u0146as vienk\u0101r\u0161\u012bba, padarot regul\u0101ru p\u0101rbaudi un apkopi \u0113rt\u0101ku, k\u0101 ar\u012b samazinot iek\u0101rtu d\u012bkst\u0101ves laiku.<\/p>\n<p>M\u016bsu produkts var lieliski aizst\u0101t \u0161os hidrauliskos cilindrus.<\/p>\n<p><img decoding=\"async\" src=\"https:\/\/www.hydraulic-cylinders.net\/wp-content\/uploads\/2025\/01\/songte-oil-pipes-and-spare-parts.webp\"><\/p>\n<p>Lietojumi:<br \/>\n1. B\u016bvniec\u012bbas in\u017eenierija: Ekskavatoros un celt\u0146os str\u0113les cilindri tiek izmantoti, lai kontrol\u0113tu kausa vai str\u0113les kust\u012bbu, veicot zemes p\u0101rvieto\u0161anas oper\u0101cijas, materi\u0101lu apstr\u0101di un konstrukciju uzst\u0101d\u012b\u0161anu.<br \/>\n2. Ra\u017eo\u0161ana: Automatiz\u0113t\u0101s ra\u017eo\u0161anas l\u012bnij\u0101s roku cilindri tiek izmantoti meh\u0101nisko roku kust\u012bbai, mont\u0101\u017eas, metin\u0101\u0161anas un materi\u0101lu apstr\u0101des procesiem, uzlabojot ra\u017eo\u0161anas efektivit\u0101ti un precizit\u0101ti.<br \/>\n3. Lauksaimniec\u012bbas tehnika: Lauksaimniec\u012bbas tehnik\u0101, piem\u0113ram, kombainos un s\u0113jma\u0161\u012bn\u0101s, sviras cilindri kontrol\u0113 vad\u012bbas sviras kust\u012bbu, veicot st\u0101d\u012b\u0161anas, m\u0113slo\u0161anas un ra\u017eas nov\u0101k\u0161anas uzdevumus.<br \/>\n4. Kalnr\u016bpniec\u012bba: Kalnr\u016bpniec\u012bbas iek\u0101rt\u0101s sviru cilindrus izmanto, lai kontrol\u0113tu kalnr\u016bpniec\u012bbas iek\u0101rtu sviru kust\u012bbu, veicot kalnr\u016bpniec\u012bbas un materi\u0101lu apstr\u0101des darb\u012bbas.<br \/>\n5. Lo\u0123istika un transport\u0113\u0161ana: Iekr\u0101v\u0113jos un apstr\u0101des robotos roku cilindri tiek izmantoti, lai kontrol\u0113tu dak\u0161as pacel\u0161anu un kust\u012bbu, realiz\u0113jot materi\u0101lu apstr\u0101di un sakrau\u0161anu.<\/p>\n<p>Dizaina apsv\u0113rumi un atlases standarti:<br \/>\n1. Nestsp\u0113ja: Sviru cilindriem j\u0101b\u016bt projekt\u0113tiem un ra\u017eotiem t\u0101, lai tie iztur\u0113tu paredz\u0113to to iek\u0101rtu nestsp\u0113ju, kur\u0101s tie tiek izmantoti.<br \/>\n2. Bl\u012bv\u0113juma veiktsp\u0113ja: Sviru cilindros tiek izmantoti da\u017e\u0101di bl\u012bv\u0113juma komponenti, piem\u0113ram, virzu\u013ca bl\u012bv\u0113jumi un stie\u0146a bl\u012bv\u0113jumi, kas izgatavoti no nodilumiztur\u012bgiem materi\u0101liem, piem\u0113ram, poliuret\u0101na un nitrila gumijas, lai nodro\u0161in\u0101tu labu bl\u012bv\u0113juma veiktsp\u0113ju.<br \/>\n3. Iztur\u012bba: Sviru cilindri parasti ir izgatavoti no augstas iztur\u012bbas materi\u0101liem ar labu nodilumiztur\u012bbu un iztur\u012bbu pret koroziju, kas ir piem\u0113roti ilgsto\u0161ai lieto\u0161anai skarbos apst\u0101k\u013cos.<br \/>\n4. Dro\u0161\u012bba: Sviru cilindriem j\u0101b\u016bt projekt\u0113tiem un ra\u017eotiem saska\u0146\u0101 ar attiec\u012bgajiem dro\u0161\u012bbas standartiem, lai nodro\u0161in\u0101tu darbinieku un apr\u012bkojuma dro\u0161\u012bbu.<br \/>\n5. Apkopes \u0113rtums: Sviru cilindri ir konstru\u0113ti t\u0101, lai tos b\u016btu viegli apkopt un nomain\u012bt, t\u0101d\u0113j\u0101di samazinot d\u012bkst\u0101ves laiku.<\/p>\n<p><img decoding=\"async\" src=\"https:\/\/www.hydraulic-cylinders.net\/wp-content\/uploads\/2025\/01\/songte-cylinder-head-with-all-kinds-excavator-models.webp\"><\/p>\n<p>Bl\u012bv\u0113\u0161ana un e\u013c\u013co\u0161ana:<br \/>\nSviru cilindros tiek izmantoti da\u017e\u0101di bl\u012bv\u0113\u0161anas komponenti, piem\u0113ram, virzu\u013ca bl\u012bv\u0113jumi un stie\u0146a bl\u012bv\u0113jumi, kas izgatavoti no nodilumiztur\u012bgiem materi\u0101liem, piem\u0113ram, poliuret\u0101na un nitrila gumijas, lai nodro\u0161in\u0101tu labu bl\u012bv\u0113\u0161anas veiktsp\u0113ju. Cilindra korpuss un v\u012bt\u0146ot\u0101 gala virsma ir smalki apstr\u0101d\u0101ta, lai uzlabotu nodilumiztur\u012bbu. Lai nodro\u0161in\u0101tu e\u013c\u013co\u0161anu, ir nepiecie\u0161ams regul\u0101ri pievienot atbilsto\u0161u hidraulisko e\u013c\u013cu.<\/p>\n<p>Regul\u0101ra p\u0101rbaude un profilaktisk\u0101 apkope:<br \/>\n1. P\u0101rbaudiet, vai virzulim, stienim un cit\u0101m deta\u013c\u0101m nav boj\u0101jumu vai nodiluma paz\u012bmju.<br \/>\n2. P\u0101rbaudiet virzu\u013ca bl\u012bv\u0113juma un stie\u0146a bl\u012bv\u0113juma herm\u0113tiskumu.<br \/>\n3. P\u0101rbaudiet, vai nav hidraulisk\u0101s e\u013c\u013cas nopl\u016bdes.<br \/>\n4. P\u0101rbaudiet cilindra stiprin\u0101jumu pie iek\u0101rtas.<br \/>\n5. Regul\u0101ri pievienojiet atbilsto\u0161u hidraulisko e\u013c\u013cu e\u013c\u013co\u0161anai.<\/p>\n<p>Instal\u0113\u0161anas rokasgr\u0101mata:<br \/>\n1. P\u0101rliecinieties, vai cilindrs ir t\u012brs un bez piemais\u012bjumiem.<br \/>\n2. P\u0101rbaudiet mont\u0101\u017eas poz\u012bciju un orient\u0101ciju, p\u0101rliecinieties, ka t\u0101 ir pareizi izl\u012bdzin\u0101ta ar iek\u0101rtu.<br \/>\n3. Iev\u0113rojiet ra\u017eot\u0101ja nor\u0101d\u012bjumus par stiprin\u0101\u0161anu, griezes momenta iestat\u012bjumiem un jebkuru mont\u0101\u017eas kron\u0161teinu vai adapteru lieto\u0161anu.<br \/>\n4. Pievienojiet hidraulisk\u0101s \u0161\u013c\u016btenes un savienojumus atbilsto\u0161i specifik\u0101cij\u0101m.<br \/>\n5. Pirms lieto\u0161anas p\u0101rbaudiet cilindra pareizu darb\u012bbu.<\/p>\n<p><img decoding=\"async\" src=\"https:\/\/www.hydraulic-cylinders.net\/wp-content\/uploads\/2025\/01\/songte-bushings-with-all-kinds-of-excavator-models.webp\"><\/p>\n<p>Dro\u0161\u012bbas apsv\u0113rumi un vides faktori:<br \/>\n1. Lietojot iek\u0101rtu un rokas cilindru, vienm\u0113r iev\u0113rojiet ra\u017eot\u0101ja sniegtos dro\u0161\u012bbas nor\u0101d\u012bjumus.<br \/>\n2. Lai nodro\u0161in\u0101tu dro\u0161u un uzticamu darb\u012bbu, ir nepiecie\u0161ama regul\u0101ra meh\u0101nismu un rokas cilindra p\u0101rbaude un apkope.<br \/>\n3. Pareiza izlietot\u0101s hidraulisk\u0101s e\u013c\u013cas un citu b\u012bstamu materi\u0101lu utiliz\u0101cija ir \u013coti svar\u012bga vides aizsardz\u012bbai.<\/p>\n<p>K\u013c\u016bmju diagnostika un probl\u0113mu nov\u0113r\u0161ana:<br \/>\n1. Nepietiekams sviras cilindra sp\u0113ks vai \u0101trums: p\u0101rbaudiet, vai nav hidraulisk\u0101s e\u013c\u013cas nopl\u016bdes, p\u0101rbaudiet bl\u012bv\u0113jumu st\u0101vokli un p\u0101rbaudiet, vai hidrauliskaj\u0101 sist\u0113m\u0101 nav boj\u0101jumu vai aizsprostojumu.<br \/>\n2. Hidraulisk\u0101s e\u013c\u013cas nopl\u016bde: p\u0101rbaudiet bl\u012bv\u0113jumu st\u0101vokli un hidraulisko \u0161\u013c\u016bte\u0146u un savienojumu savienojumus.<br \/>\n3. Neparasts troksnis vai vibr\u0101cija: p\u0101rbaudiet, vai cilindrs ir pareizi izl\u012bdzin\u0101ts ar meh\u0101nismu, p\u0101rbaudiet, vai nav boj\u0101ts vai nodilis virzulis, stienis un citas deta\u013cas.<\/p>\n<p>K\u013c\u016bmju apstr\u0101de un nov\u0113r\u0161ana:<br \/>\n1. Nekav\u0113joties nomainiet visas boj\u0101t\u0101s vai nolietot\u0101s deta\u013cas.<br \/>\n2. Regul\u0101ra tehnikas un rokas cilindra p\u0101rbaude un apkope var pal\u012bdz\u0113t identific\u0113t iesp\u0113jam\u0101s probl\u0113mas, pirms t\u0101s rodas.<br \/>\n3. Izmantojiet tikai augstas kvalit\u0101tes hidraulisko e\u013c\u013cu un uzturiet pareizu e\u013c\u013cas l\u012bmeni, lai samazin\u0101tu cilindra un citu sast\u0101vda\u013cu boj\u0101jumu risku.<\/p>\n<p><img decoding=\"async\" src=\"https:\/\/www.hydraulic-cylinders.net\/wp-content\/uploads\/2025\/01\/songte-chushion-collar.webp\"><\/p>\n<p>Nosl\u0113gum\u0101 j\u0101saka, ka m\u0113s esam profesion\u0101ls rezerves hidraulisko cilindru ra\u017eot\u0101js ar pla\u0161u produktu kl\u0101stu un esam k\u013cuvu\u0161i par vienu no vado\u0161ajiem hidraulisko cilindru ra\u017eot\u0101jiem un vairumtirgot\u0101jiem viet\u0113j\u0101 un starptautiskaj\u0101 tirg\u016b. M\u0113s vienm\u0113r iev\u0113rojam izcilas kvalit\u0101tes principu, pa\u013caujoties uz industrializ\u0113tas ra\u017eo\u0161anas vad\u012bbas strat\u0113\u0123iju izsmalcin\u0101t\u0101 ra\u017eo\u0161anas darbn\u012bc\u0101, nep\u0101rtraukti uzlabojot savu tehnisko l\u012bmeni un ra\u017eo\u0161anas efektivit\u0101ti. Ievie\u0161ot augstas klases digit\u0101l\u0101s ra\u017eo\u0161anas iek\u0101rtas un profesion\u0101las test\u0113\u0161anas sist\u0113mas, m\u0113s nep\u0101rtraukti optimiz\u0113jam savu ra\u017eo\u0161anas platformu, uzlabojam produktu kvalit\u0101tes kontroles procesus un mums ir sp\u0113c\u012bgas inov\u0101ciju iesp\u0113jas. M\u016bsu m\u0113r\u0137is ir apmierin\u0101t klientu da\u017e\u0101d\u0101s vajadz\u012bbas ar augstu efektivit\u0101ti, precizit\u0101ti un augstas kvalit\u0101tes principiem.<\/p>\n<p>M\u0113s pied\u0101v\u0101jam profesion\u0101lus, starptautiski sertific\u0113tus, piel\u0101gotus pakalpojumus, modernu ra\u017eo\u0161anas apr\u012bkojumu un izcilu p\u0113cp\u0101rdo\u0161anas apkalpo\u0161anu.<\/p>\n<p><img decoding=\"async\" src=\"https:\/\/www.hydraulic-cylinders.net\/wp-content\/uploads\/2025\/01\/songte-company-4.webp\"><br \/>\n<img decoding=\"async\" src=\"https:\/\/www.hydraulic-cylinders.net\/wp-content\/uploads\/2025\/01\/songte-company-3.webp\"><\/p>\n<p>Autors: Lails.<\/p>","protected":false},"excerpt":{"rendered":"<p>Arm Cylinder For Case Small Excavator CX58C Introduction: Arm Cylinder is a specially designed hydraulic cylinder used in various types of machinery for providing linear motion and power to the arm, such as excavators, cranes, and mechanical arms. Arm cylinders play a crucial role in the hydraulic system, enabling the effective movement and control of [&hellip;]<\/p>","protected":false},"featured_media":14783,"comment_status":"open","ping_status":"closed","template":"","meta":{"_et_pb_use_builder":"","_et_pb_old_content":"","_et_gb_content_width":""},"product_brand":[],"product_cat":[1497],"product_tag":[1498,1496],"class_list":{"0":"post-16648","1":"product","2":"type-product","3":"status-publish","4":"has-post-thumbnail","6":"product_cat-arm-cylinders","7":"product_tag-arm-cylinders","8":"product_tag-hydraulic-cylinders","10":"first","11":"instock","12":"shipping-taxable","13":"product-type-simple"},"amp_enabled":true,"_links":{"self":[{"href":"https:\/\/www.hydraulic-cylinders.net\/lv\/wp-json\/wp\/v2\/product\/16648","targetHints":{"allow":["GET"]}}],"collection":[{"href":"https:\/\/www.hydraulic-cylinders.net\/lv\/wp-json\/wp\/v2\/product"}],"about":[{"href":"https:\/\/www.hydraulic-cylinders.net\/lv\/wp-json\/wp\/v2\/types\/product"}],"replies":[{"embeddable":true,"href":"https:\/\/www.hydraulic-cylinders.net\/lv\/wp-json\/wp\/v2\/comments?post=16648"}],"wp:featuredmedia":[{"embeddable":true,"href":"https:\/\/www.hydraulic-cylinders.net\/lv\/wp-json\/wp\/v2\/media\/14783"}],"wp:attachment":[{"href":"https:\/\/www.hydraulic-cylinders.net\/lv\/wp-json\/wp\/v2\/media?parent=16648"}],"wp:term":[{"taxonomy":"product_brand","embeddable":true,"href":"https:\/\/www.hydraulic-cylinders.net\/lv\/wp-json\/wp\/v2\/product_brand?post=16648"},{"taxonomy":"product_cat","embeddable":true,"href":"https:\/\/www.hydraulic-cylinders.net\/lv\/wp-json\/wp\/v2\/product_cat?post=16648"},{"taxonomy":"product_tag","embeddable":true,"href":"https:\/\/www.hydraulic-cylinders.net\/lv\/wp-json\/wp\/v2\/product_tag?post=16648"}],"curies":[{"name":"wp","href":"https:\/\/api.w.org\/{rel}","templated":true}]}}