{"id":16652,"date":"2025-01-21T05:44:22","date_gmt":"2025-01-21T05:44:22","guid":{"rendered":"https:\/\/www.hydraulic-cylinders.net\/product\/arm-cylinder-for-case-middle-excavator-cx21b-em\/"},"modified":"2025-01-21T05:44:24","modified_gmt":"2025-01-21T05:44:24","slug":"arm-cylinder-for-case-middle-excavator-cx21b-em","status":"publish","type":"product","link":"https:\/\/www.hydraulic-cylinders.net\/lv\/products\/arm-cylinder-for-case-middle-excavator-cx21b-em\/","title":{"rendered":"Sviras cilindrs Case Middle ekskavatoram CX21B-EM"},"content":{"rendered":"<h1>Sviras cilindrs Case Middle ekskavatoram CX21B-EM<\/h1>\n<h2>Ievads<\/h2>\n<p>Sviras cilindrs ir speci\u0101li izstr\u0101d\u0101ts hidrauliskais cilindrs, ko galvenok\u0101rt izmanto, lai nodro\u0161in\u0101tu line\u0101ru kust\u012bbu un jaudu da\u017e\u0101du ma\u0161\u012bnu, piem\u0113ram, ekskavatoru, celt\u0146u un robotiz\u0113tu roku, svirai. Sviras cilindram ir iz\u0161\u0137iro\u0161a noz\u012bme hidrauliskaj\u0101s sist\u0113m\u0101s, nodro\u0161inot efekt\u012bvu pielikumu vai piederumu kust\u012bbu un vad\u012bbu. \u0160ie cilindri ne tikai nodro\u0161ina vienm\u0113r\u012bgu kust\u012bbu, bet ar\u012b iztur lielas slodzes, nodro\u0161inot augstu ma\u0161\u012bnas efektivit\u0101ti un uzticam\u012bbu da\u017e\u0101dos ekspluat\u0101cijas apst\u0101k\u013cos.<\/p>\n<p><img decoding=\"async\" src=\"https:\/\/www.hydraulic-cylinders.net\/wp-content\/uploads\/2025\/01\/songte-company-2.webp\" alt=\"Sviras cilindra att\u0113ls\"><\/p>\n<h2>Funkcijas<\/h2>\n<ul>\n<li>\n<h3>Augstas efektivit\u0101tes jaudas p\u0101rvade<\/h3>\n<p>Sviras cilindrs nodro\u0161ina jaud\u012bgu line\u0101ru kust\u012bbu un sp\u0113ku, garant\u0113jot meh\u0101nisk\u0101s sviras augstu veiktsp\u0113ju da\u017e\u0101d\u0101s darb\u012bb\u0101s.<\/p>\n<\/li>\n<li>\n<h3>Prec\u012bza kontrole<\/h3>\n<p>Izmantojot hidraulisko sist\u0113mu, rokas cilindrs nodro\u0161ina prec\u012bzu kust\u012bbas vad\u012bbu, padarot agreg\u0101tu darb\u012bbu elast\u012bg\u0101ku un prec\u012bz\u0101ku.<\/p>\n<\/li>\n<li>\n<h3>Iztur\u012bba<\/h3>\n<p>Sviras cilindrs parasti ir izgatavots no augstas iztur\u012bbas materi\u0101liem, kas nodro\u0161ina izcilu nodilumiztur\u012bbu un iztur\u012bbu pret koroziju, padarot to piem\u0113rotu ilgsto\u0161ai lieto\u0161anai skarbos apst\u0101k\u013cos.<\/p>\n<\/li>\n<li>\n<h3>Piel\u0101go\u0161an\u0101s sp\u0113ja<\/h3>\n<p>\u0160os cilindrus var pla\u0161i pielietot da\u017e\u0101d\u0101m ma\u0161\u012bn\u0101m, piem\u0113ram, ekskavatoriem, celt\u0146iem un robotiz\u0113t\u0101m rok\u0101m, piel\u0101gojoties da\u017e\u0101d\u0101m darba pras\u012bb\u0101m.<\/p>\n<\/li>\n<li>\n<h3>Vienk\u0101r\u0161a apkope<\/h3>\n<p>Projekt\u0113jot \u0146emta v\u0113r\u0101 apkopes un nomai\u0146as vienk\u0101r\u0161\u012bba, padarot regul\u0101ras p\u0101rbaudes un apkopi \u0113rt\u0101ku, k\u0101 ar\u012b samazinot iek\u0101rtu d\u012bkst\u0101ves laiku.<\/p>\n<\/li>\n<\/ul>\n<p><img decoding=\"async\" src=\"https:\/\/www.hydraulic-cylinders.net\/wp-content\/uploads\/2025\/01\/songte-oil-pipes-and-spare-parts.webp\" alt=\"Sviras cilindra rezerves da\u013cas\"><\/p>\n<h2>Pieteikumi<\/h2>\n<p>Sviras cilindrs tiek izmantots da\u017e\u0101d\u0101s nozar\u0113s:<\/p>\n<ul>\n<li>\n<h3>B\u016bvniec\u012bbas in\u017eenierija<\/h3>\n<p>Ekskavatoros un celt\u0146os sviras cilindrs tiek izmantots, lai kontrol\u0113tu kausu vai str\u0113les kust\u012bbu zemes darbos, materi\u0101lu apstr\u0101d\u0113 un konstrukciju uzst\u0101d\u012b\u0161an\u0101.<\/p>\n<\/li>\n<li>\n<h3>Ra\u017eo\u0161anas nozare<\/h3>\n<p>Automatiz\u0113t\u0101s ra\u017eo\u0161anas l\u012bnij\u0101s rokas cilindrs tiek izmantots robotiz\u0113tu roku kust\u012bbai, nodro\u0161inot t\u0101dus procesus k\u0101 mont\u0101\u017ea, metin\u0101\u0161ana un materi\u0101lu apstr\u0101de, t\u0101d\u0113j\u0101di uzlabojot ra\u017eo\u0161anas efektivit\u0101ti un precizit\u0101ti.<\/p>\n<\/li>\n<li>\n<h3>Lauksaimniec\u012bbas tehnika<\/h3>\n<p>Lauksaimniec\u012bbas ma\u0161\u012bn\u0101s, piem\u0113ram, kombainos un s\u0113jma\u0161\u012bn\u0101s, sviras cilindrs kontrol\u0113 darb\u012bbas sviru kust\u012bbu t\u0101diem uzdevumiem k\u0101 s\u0113ja, m\u0113slo\u0161ana un ra\u017eas nov\u0101k\u0161ana.<\/p>\n<\/li>\n<li>\n<h3>Kalnr\u016bpniec\u012bba<\/h3>\n<p>Kalnr\u016bpniec\u012bbas iek\u0101rt\u0101s rokas cilindrs tiek izmantots, lai kontrol\u0113tu kalnr\u016bpniec\u012bbas ma\u0161\u012bnu rokas kust\u012bbu, atvieglojot r\u016bdas ieguvi un transport\u0113\u0161anu.<\/p>\n<\/li>\n<li>\n<h3>Lo\u0123istika un transports<\/h3>\n<p>Iekr\u0101v\u0113jos un apstr\u0101des robotos rokas cilindrs tiek izmantots, lai kontrol\u0113tu dak\u0161u pacel\u0161anu un kust\u012bbu, nodro\u0161inot materi\u0101lu apstr\u0101di un sakrau\u0161anu.<\/p>\n<\/li>\n<\/ul>\n<h2>Dizaina apsv\u0113rumi un atlases krit\u0113riji<\/h2>\n<p>Run\u0101jot par sviras cilindra konstrukciju, j\u0101\u0146em v\u0113r\u0101 vair\u0101ki galvenie apsv\u0113rumi un izv\u0113les krit\u0113riji:<\/p>\n<ul>\n<li>\n<h3>Nestsp\u0113ja<\/h3>\n<p>Sviras cilindram j\u0101sp\u0113j iztur\u0113t maksim\u0101lo slodzi, kurai tas tiks pak\u013cauts paredz\u0113tajos lieto\u0161anas apst\u0101k\u013cos.<\/p>\n<\/li>\n<li>\n<h3>Bl\u012bv\u0113\u0161ana<\/h3>\n<p>J\u0101izmanto da\u017e\u0101di bl\u012bv\u0113\u0161anas elementi, piem\u0113ram, virzu\u013ca bl\u012bvsl\u0113gi \u200b\u200bun stie\u0146a bl\u012bvsl\u0113gi, v\u0113lams, izgatavoti no nodilumiztur\u012bgiem materi\u0101liem, piem\u0113ram, poliuret\u0101na vai nitrila gumijas. Cilindra korpuss un v\u012bt\u0146ot\u0101s gala virsmas ir r\u016bp\u012bgi j\u0101apstr\u0101d\u0101, lai uzlabotu nodilumiztur\u012bbu. Lai nodro\u0161in\u0101tu pareizu darb\u012bbu, ir nepiecie\u0161ama regul\u0101ra e\u013c\u013co\u0161ana ar hidraulisko e\u013c\u013cu.<\/p>\n<\/li>\n<li>\n<h3>Iztur\u012bba<\/h3>\n<p>Sviras cilindram j\u0101b\u016bt izgatavotam no augstas kvalit\u0101tes materi\u0101liem un tam j\u0101veic atbilsto\u0161a termisk\u0101 apstr\u0101de vai p\u0101rkl\u0101\u0161ana, lai nodro\u0161in\u0101tu iztur\u012bbu un nodilumiztur\u012bbu.<\/p>\n<\/li>\n<li>\n<h3>Dro\u0161\u012bba<\/h3>\n<p>J\u0101\u0146em v\u0113r\u0101 dro\u0161\u012bbas elementi, piem\u0113ram, spiediena samazin\u0101\u0161anas v\u0101rsti un pretkavit\u0101cijas v\u0101rsti, lai nov\u0113rstu boj\u0101jumus vai negad\u012bjumus, ko izraisa p\u0101rm\u0113r\u012bgs spiediens vai kavit\u0101cija.<\/p>\n<\/li>\n<li>\n<h3>Uzturam\u012bba<\/h3>\n<p>Projektam j\u0101nodro\u0161ina \u0113rta deta\u013cu p\u0101rbaude, apkope un nomai\u0146a, samazinot d\u012bkst\u0101ves laiku un nodro\u0161inot vienm\u0113r\u012bgu darb\u012bbu.<\/p>\n<\/li>\n<\/ul>\n<p><img decoding=\"async\" src=\"https:\/\/www.hydraulic-cylinders.net\/wp-content\/uploads\/2025\/01\/songte-cylinder-head-with-all-kinds-excavator-models.webp\" alt=\"Cilindra galva\"><\/p>\n<h2>Periodiska p\u0101rbaude un profilaktisk\u0101 apkope<\/h2>\n<ul>\n<li>Regul\u0101ri p\u0101rbaudiet sviras cilindru, vai nav nodiluma, nopl\u016b\u017eu vai boj\u0101jumu paz\u012bmju.<\/li>\n<li>Not\u012briet un iee\u013c\u013cojiet cilindra deta\u013cas saska\u0146\u0101 ar ra\u017eot\u0101ja ieteikumiem.<\/li>\n<li>P\u0101rbaudiet hidraulisk\u0101s e\u013c\u013cas l\u012bmeni un kvalit\u0101ti un, ja nepiecie\u0161ams, nomainiet vai papildiniet.<\/li>\n<li>P\u0101rbaudiet un nomainiet nolietotas vai boj\u0101tas bl\u012bves un citas sast\u0101vda\u013cas.<\/li>\n<li>Nodro\u0161iniet pareizu sviras cilindra izl\u012bdzin\u0101\u0161anu un regul\u0113\u0161anu.<\/li>\n<\/ul>\n<h2>Instal\u0101cijas rokasgr\u0101mata<\/h2>\n<p>Pareiza sviras cilindra uzst\u0101d\u012b\u0161ana ir \u013coti svar\u012bga t\u0101 efekt\u012bvai un dro\u0161ai darb\u012bbai. Veiciet \u0161\u012bs darb\u012bbas:<\/p>\n<ol>\n<li>Sagatavojiet mont\u0101\u017eas vietu un p\u0101rliecinieties, ka t\u0101 ir t\u012bra un bez gru\u017eiem.<\/li>\n<li>Novietojiet sviras cilindru ar stiprin\u0101juma punktiem un nostipriniet to, izmantojot atbilsto\u0161as \u200b\u200bskr\u016bves vai stiprin\u0101jumus.<\/li>\n<li>Pak\u0101peniski un vienm\u0113r\u012bgi pievelciet skr\u016bves vai stiprin\u0101jumus, lai izvair\u012btos no p\u0101rm\u0113r\u012bga spiediena uz cilindru.<\/li>\n<li>Pievienojiet hidraulisk\u0101s \u0161\u013c\u016btenes vai caurules un nodro\u0161iniet pareizu bl\u012bv\u0113jumu.<\/li>\n<li>Veiciet r\u016bp\u012bgu p\u0101rbaudi un funkcion\u0101lo testu, lai p\u0101rliecin\u0101tos, ka viss darbojas pareizi.<\/li>\n<\/ol>\n<p><img decoding=\"async\" src=\"https:\/\/www.hydraulic-cylinders.net\/wp-content\/uploads\/2025\/01\/songte-bushings-with-all-kinds-of-excavator-models.webp\" alt=\"Bukses\"><\/p>\n<h2>Dro\u0161\u012bbas apsv\u0113rumi un vides faktori<\/h2>\n<p>Izmantojot sviras cilindru, ir svar\u012bgi noteikt dro\u0161\u012bbas pas\u0101kumu priorit\u0101ti. Smago ma\u0161\u012bnu vad\u012b\u0161ana ir saist\u012bta ar riskiem, un j\u0101veic atbilsto\u0161i dro\u0161\u012bbas pas\u0101kumi, tostarp:<\/p>\n<ul>\n<li>Nodro\u0161in\u0101t operatoriem atbilsto\u0161u apm\u0101c\u012bbu par iek\u0101rtu dro\u0161u lieto\u0161anu un apkopi.<\/li>\n<li>Izmantojiet atbilsto\u0161us dro\u0161\u012bbas l\u012bdzek\u013cus un br\u012bdin\u0101juma z\u012bmes, lai nov\u0113rstu negad\u012bjumus.<\/li>\n<li>Regul\u0101ri p\u0101rbaudiet un apkopiet sviras cilindru, lai nodro\u0161in\u0101tu t\u0101 dro\u0161u darb\u012bbu.<\/li>\n<li>Iev\u0113rojot attiec\u012bgos dro\u0161\u012bbas noteikumus un vadl\u012bnijas.<\/li>\n<\/ul>\n<h2>Probl\u0113mu nov\u0113r\u0161ana un bie\u017ei sastopamas probl\u0113mas<\/h2>\n<p>\u0160eit ir da\u017eas bie\u017ei sastopamas probl\u0113mas, kas var rasties ar sviras cilindru:<\/p>\n<ul>\n<li>Sviras cilindrs neizvirz\u0101s vai neievelkas pareizi.<\/li>\n<li>Ir p\u0101rm\u0113r\u012bga hidraulisk\u0101 \u0161\u0137idruma nopl\u016bde.<\/li>\n<li>Rokas kust\u012bbas ir saraust\u012btas vai nevienm\u0113r\u012bgas.<\/li>\n<li>Darb\u012bbas laik\u0101 ir nov\u0113rojamas neparastas ska\u0146as vai vibr\u0101cijas.<\/li>\n<\/ul>\n<p><img decoding=\"async\" src=\"https:\/\/www.hydraulic-cylinders.net\/wp-content\/uploads\/2025\/01\/songte-chushion-collar.webp\" alt=\"\u010cemod\u0101na apkakle\"><\/p>\n<p>Saskaroties ar \u0161\u012bm probl\u0113m\u0101m, apsveriet \u0161\u0101dus probl\u0113mu nov\u0113r\u0161anas padomus un risin\u0101jumus:<\/p>\n<ul>\n<li>P\u0101rbaudiet, vai nav aizs\u0113r\u0113ju\u0161as vai boj\u0101tas hidraulisk\u0101s \u0161\u013c\u016btenes vai savienojumi, un nomainiet tos, ja nepiecie\u0161ams.<\/li>\n<li>P\u0101rbaudiet bl\u012bves un nomainiet t\u0101s, ja t\u0101s ir nolietotas vai boj\u0101tas.<\/li>\n<li>Nodro\u0161iniet pareizu sviras cilindra izl\u012bdzin\u0101\u0161anu un regul\u0113\u0161anu.<\/li>\n<li>P\u0101rbaudiet hidraulisk\u0101 \u0161\u0137idruma l\u012bmeni un kvalit\u0101ti un, ja nepiecie\u0161ams, papildiniet vai nomainiet to.<\/li>\n<li>Ja probl\u0113mas joproj\u0101m past\u0101v, konsult\u0113jieties ar kvalific\u0113tu tehni\u0137i vai sazinieties ar m\u016bsu klientu atbalsta dienestu, lai sa\u0146emtu pal\u012bdz\u012bbu.<\/li>\n<\/ul>\n<h2>Par mums<\/h2>\n<p>M\u0113s esam profesion\u0101ls rezerves hidraulisko cilindru ra\u017eot\u0101js, kas pied\u0101v\u0101 pla\u0161u produktu kl\u0101stu. Esam k\u013cuvu\u0161i par vienu no vado\u0161ajiem hidraulisko cilindru ra\u017eot\u0101jiem un vairumtirdzniec\u012bbas izplat\u012bt\u0101jiem gan viet\u0113j\u0101, gan starptautiskaj\u0101 tirg\u016b. Ar ap\u0146em\u0161anos sasniegt izcil\u012bbu m\u0113s nep\u0101rtraukti uzlabojam savas tehnolo\u0123isk\u0101s iesp\u0113jas un ra\u017eo\u0161anas efektivit\u0101ti, veicot \u0161\u0101das darb\u012bbas:<\/p>","protected":false},"excerpt":{"rendered":"<p>Arm Cylinder For Case Middle Excavator CX21B-EM Introduction The arm cylinder is a specially designed hydraulic cylinder that is primarily used to provide linear motion and power to the arm of various machinery, such as excavators, cranes, and robotic arms. The arm cylinder plays a crucial role in hydraulic systems, enabling efficient movement and control [&hellip;]<\/p>","protected":false},"featured_media":14772,"comment_status":"open","ping_status":"closed","template":"","meta":{"_et_pb_use_builder":"","_et_pb_old_content":"","_et_gb_content_width":""},"product_brand":[],"product_cat":[1497],"product_tag":[1498,1496],"class_list":{"0":"post-16652","1":"product","2":"type-product","3":"status-publish","4":"has-post-thumbnail","6":"product_cat-arm-cylinders","7":"product_tag-arm-cylinders","8":"product_tag-hydraulic-cylinders","10":"first","11":"instock","12":"shipping-taxable","13":"product-type-simple"},"amp_enabled":true,"_links":{"self":[{"href":"https:\/\/www.hydraulic-cylinders.net\/lv\/wp-json\/wp\/v2\/product\/16652","targetHints":{"allow":["GET"]}}],"collection":[{"href":"https:\/\/www.hydraulic-cylinders.net\/lv\/wp-json\/wp\/v2\/product"}],"about":[{"href":"https:\/\/www.hydraulic-cylinders.net\/lv\/wp-json\/wp\/v2\/types\/product"}],"replies":[{"embeddable":true,"href":"https:\/\/www.hydraulic-cylinders.net\/lv\/wp-json\/wp\/v2\/comments?post=16652"}],"wp:featuredmedia":[{"embeddable":true,"href":"https:\/\/www.hydraulic-cylinders.net\/lv\/wp-json\/wp\/v2\/media\/14772"}],"wp:attachment":[{"href":"https:\/\/www.hydraulic-cylinders.net\/lv\/wp-json\/wp\/v2\/media?parent=16652"}],"wp:term":[{"taxonomy":"product_brand","embeddable":true,"href":"https:\/\/www.hydraulic-cylinders.net\/lv\/wp-json\/wp\/v2\/product_brand?post=16652"},{"taxonomy":"product_cat","embeddable":true,"href":"https:\/\/www.hydraulic-cylinders.net\/lv\/wp-json\/wp\/v2\/product_cat?post=16652"},{"taxonomy":"product_tag","embeddable":true,"href":"https:\/\/www.hydraulic-cylinders.net\/lv\/wp-json\/wp\/v2\/product_tag?post=16652"}],"curies":[{"name":"wp","href":"https:\/\/api.w.org\/{rel}","templated":true}]}}