{"id":16654,"date":"2025-01-21T05:44:30","date_gmt":"2025-01-21T05:44:30","guid":{"rendered":"https:\/\/www.hydraulic-cylinders.net\/product\/arm-cylinder-for-case-middle-excavator-cx240b\/"},"modified":"2025-01-21T05:44:32","modified_gmt":"2025-01-21T05:44:32","slug":"arm-cylinder-for-case-middle-excavator-cx240b","status":"publish","type":"product","link":"https:\/\/www.hydraulic-cylinders.net\/lv\/products\/arm-cylinder-for-case-middle-excavator-cx240b\/","title":{"rendered":"Sviras cilindrs Case Middle ekskavatoram CX240B"},"content":{"rendered":"<h1>Sviras cilindrs Case Middle ekskavatoram CX240B<\/h1>\n<h2>Ievads<\/h2>\n<p>Sviras cilindrs ir speci\u0101li izstr\u0101d\u0101ts hidrauliskais cilindrs, kas nodro\u0161ina line\u0101ru kust\u012bbu un jaudu da\u017e\u0101du veidu ma\u0161\u012bnu, piem\u0113ram, ekskavatoru, celt\u0146u un meh\u0101nisko sviru, svirai. Sviras cilindram ir iz\u0161\u0137iro\u0161a noz\u012bme hidrauliskaj\u0101s sist\u0113m\u0101s, nodro\u0161inot efekt\u012bvu agreg\u0101tu vai piederumu kust\u012bbu un vad\u012bbu. \u0160ie cilindri ne tikai nodro\u0161ina vienm\u0113r\u012bgu kust\u012bbu, bet ar\u012b iztur lielas slodzes, nodro\u0161inot augstu darb\u012bbas efektivit\u0101ti un ma\u0161\u012bnu uzticam\u012bbu da\u017e\u0101dos darba apst\u0101k\u013cos.<\/p>\n<p><img decoding=\"async\" src=\"https:\/\/www.hydraulic-cylinders.net\/wp-content\/uploads\/2025\/01\/songte-company-2.webp\" alt=\"Sviras cilindra att\u0113ls\"><\/p>\n<h2>Funkcijas<\/h2>\n<ul>\n<li><strong>Augstas efektivit\u0101tes transmisija:<\/strong> Sviras cilindrs nodro\u0161ina jaud\u012bgu line\u0101ru kust\u012bbu un sp\u0113ku, garant\u0113jot meh\u0101nisk\u0101s sviras augstas veiktsp\u0113jas iesp\u0113jas da\u017e\u0101d\u0101s darb\u012bb\u0101s.<\/li>\n<li><strong>Prec\u012bza kontrole:<\/strong> Izmantojot hidraulisko sist\u0113mu, rokas cilindrs nodro\u0161ina prec\u012bzu kust\u012bbas kontroli, padarot pievienoto instrumentu darb\u012bbu elast\u012bg\u0101ku un prec\u012bz\u0101ku.<\/li>\n<li><strong>Iztur\u012bba:<\/strong> Sviru cilindri parasti tiek ra\u017eoti, izmantojot augstas iztur\u012bbas materi\u0101lus, kas nodro\u0161ina izcilu iztur\u012bbu pret nodilumu un koroziju, padarot tos piem\u0113rotus ilgsto\u0161ai lieto\u0161anai skarbos apst\u0101k\u013cos.<\/li>\n<li><strong>Daudzfunkcion\u0101la piel\u0101go\u0161an\u0101s sp\u0113ja:<\/strong> \u0160os cilindrus var pla\u0161i izmantot da\u017e\u0101d\u0101s meh\u0101nisk\u0101s iek\u0101rt\u0101s, piem\u0113ram, ekskavatoros, celt\u0146os un meh\u0101niskaj\u0101s svir\u0101s, piel\u0101gojoties da\u017e\u0101d\u0101m darba pras\u012bb\u0101m.<\/li>\n<li><strong>Vienk\u0101r\u0161a apkope:<\/strong> \u0160ie cilindri, kas paredz\u0113ti vienk\u0101r\u0161ai apkopei un nomai\u0146ai, padara regul\u0101ru p\u0101rbaudi un apkopi \u0113rt\u0101ku, samazinot iek\u0101rtu d\u012bkst\u0101ves laiku.<\/li>\n<\/ul>\n<p><img decoding=\"async\" src=\"https:\/\/www.hydraulic-cylinders.net\/wp-content\/uploads\/2025\/01\/songte-oil-pipes-and-spare-parts.webp\" alt=\"Cilindru rezerves da\u013cu att\u0113ls\"><\/p>\n<h2>Pieteikumi<\/h2>\n<p>Sviras cilindrs tiek izmantots da\u017e\u0101d\u0101s nozar\u0113s:<\/p>\n<ul>\n<li><strong>B\u016bvniec\u012bbas in\u017eenierija:<\/strong> Ekskavatoros un celt\u0146os sviras cilindrs kontrol\u0113 kausa vai str\u0113les kust\u012bbu zemes darbu, materi\u0101lu apstr\u0101des un konstrukciju uzst\u0101d\u012b\u0161anas laik\u0101.<\/li>\n<li><strong>Ra\u017eo\u0161anas nozare:<\/strong> Automatiz\u0113t\u0101s ra\u017eo\u0161anas l\u012bnij\u0101s sviras cilindrs atvieglo meh\u0101nisko sviru kust\u012bbu mont\u0101\u017eai, metin\u0101\u0161anai un materi\u0101lu apstr\u0101dei, uzlabojot ra\u017eo\u0161anas efektivit\u0101ti un precizit\u0101ti.<\/li>\n<li><strong>Lauksaimniec\u012bbas tehnika:<\/strong> Lauksaimniec\u012bbas tehnik\u0101, piem\u0113ram, kombainos un s\u0113jma\u0161\u012bn\u0101s, sviras cilindrs kontrol\u0113 vad\u012bbas sviras kust\u012bbu, veicot t\u0101dus uzdevumus k\u0101 s\u0113\u0161ana, m\u0113slo\u0161ana un ra\u017eas nov\u0101k\u0161ana.<\/li>\n<li><strong>Kalnr\u016bpniec\u012bba:<\/strong> Kalnr\u016bpniec\u012bbas iek\u0101rt\u0101s rokas cilindrs kontrol\u0113 rokas kust\u012bbu r\u016bdas ieguves un transport\u0113\u0161anas laik\u0101.<\/li>\n<li><strong>Lo\u0123istika un transports:<\/strong> Iekr\u0101v\u0113jos un apstr\u0101des robotos rokas cilindrs kontrol\u0113 dak\u0161u pacel\u0161anu un kust\u012bbu, nodro\u0161inot materi\u0101lu apstr\u0101di un sakrau\u0161anu.<\/li>\n<\/ul>\n<h2>Dizaina apsv\u0113rumi un atlases krit\u0113riji<\/h2>\n<p>Run\u0101jot par sviras cilindru projekt\u0113\u0161anas apsv\u0113rumiem un izv\u0113les krit\u0113rijiem, j\u0101\u0146em v\u0113r\u0101 vair\u0101ki galvenie faktori:<\/p>\n<ul>\n<li><strong>Nestsp\u0113ja:<\/strong> Lai nodro\u0161in\u0101tu dro\u0161u un efekt\u012bvu darb\u012bbu, sviru cilindriem j\u0101sp\u0113j iztur\u0113t nepiecie\u0161amo slodzi darb\u012bbas laik\u0101.<\/li>\n<li><strong>Bl\u012bv\u0113jums:<\/strong> Lai nodro\u0161in\u0101tu efekt\u012bvu bl\u012bv\u0113\u0161anu, tiek izmantoti da\u017e\u0101di bl\u012bv\u0113jumi, piem\u0113ram, virzu\u013ca bl\u012bvsl\u0113gi \u200b\u200bun stie\u0146a bl\u012bvsl\u0113gi, kas izgatavoti no nodilumiztur\u012bgiem materi\u0101liem, piem\u0113ram, poliuret\u0101na un nitrila gumijas. Cilindra korpuss un v\u012bt\u0146ot\u0101 gala virsma ir smalki apstr\u0101d\u0101ta, lai uzlabotu nodilumiztur\u012bbu.<\/li>\n<li><strong>Iztur\u012bba:<\/strong> Sviru cilindriem j\u0101b\u016bt konstru\u0113tiem t\u0101, lai tie b\u016btu iztur\u012bgi un sp\u0113tu iztur\u0113t skarbos darba apst\u0101k\u013cus, ar kuriem tie var saskarties.<\/li>\n<li><strong>Dro\u0161\u012bba:<\/strong> Dro\u0161\u012bbas apsv\u0113rumi ir b\u016btiski, lai nov\u0113rstu negad\u012bjumus un nodro\u0161in\u0101tu person\u0101la un iek\u0101rtu aizsardz\u012bbu ekspluat\u0101cijas laik\u0101.<\/li>\n<li><strong>Uzturam\u012bba:<\/strong> Sviru cilindriem j\u0101b\u016bt konstru\u0113tiem t\u0101, lai tos b\u016btu viegli apkopt un remont\u0113t, samazinot d\u012bkst\u0101ves laiku un nodro\u0161inot nep\u0101rtrauktu darb\u012bbu.<\/li>\n<\/ul>\n<p><img decoding=\"async\" src=\"https:\/\/www.hydraulic-cylinders.net\/wp-content\/uploads\/2025\/01\/songte-cylinder-head-with-all-kinds-excavator-models.webp\" alt=\"Cilindra galvas att\u0113ls\"><\/p>\n<h2>Bl\u012bv\u0113\u0161ana un e\u013c\u013co\u0161ana<\/h2>\n<p>Sviru cilindros tiek izmantoti da\u017e\u0101di bl\u012bv\u0113jumi, piem\u0113ram, virzu\u013ca bl\u012bv\u0113jumi un stie\u0146a bl\u012bv\u0113jumi, kas izgatavoti no nodilumiztur\u012bgiem materi\u0101liem, piem\u0113ram, poliuret\u0101na un nitrila gumijas. Cilindra korpuss un v\u012bt\u0146ot\u0101 gala virsma ir smalki apstr\u0101d\u0101ta, lai uzlabotu nodilumiztur\u012bbu. Lai nodro\u0161in\u0101tu vienm\u0113r\u012bgu darb\u012bbu un samazin\u0101tu berzi, ir nepiecie\u0161ama regul\u0101ra e\u013c\u013co\u0161ana ar atbilsto\u0161u hidraulisko e\u013c\u013cu.<\/p>\n<h2>Regul\u0101ra p\u0101rbaude un profilaktisk\u0101 apkope<\/h2>\n<p>Regul\u0101ra p\u0101rbaude un profilaktisk\u0101 apkope ir \u013coti svar\u012bga, lai nodro\u0161in\u0101tu sviras cilindru optim\u0101lu veiktsp\u0113ju un ilgm\u016b\u017e\u012bbu. Da\u017ei galvenie pas\u0101kumi ir \u0161\u0101di:<\/p>\n<ul>\n<li>Bl\u012bvju p\u0101rbaude, vai nav nodiluma un boj\u0101jumu.<\/li>\n<li>Nopl\u016b\u017eu p\u0101rbaude un savlaic\u012bga nov\u0113r\u0161ana.<\/li>\n<li>P\u0101rbaudiet pareizu e\u013c\u013co\u0161anu un nepiecie\u0161am\u012bbas gad\u012bjum\u0101 pievienojiet hidraulisko e\u013c\u013cu.<\/li>\n<li>Cilindra korpusa un v\u012bt\u0146ot\u0101 gala virsmas p\u0101rbaude, vai nav nodiluma vai korozijas paz\u012bmju.<\/li>\n<li>Periodiski p\u0101rbaudiet cilindra darb\u012bbu.<\/li>\n<\/ul>\n<h2>Produkta uzst\u0101d\u012b\u0161anas rokasgr\u0101mata<\/h2>\n<p>Pareiza sviru cilindru uzst\u0101d\u012b\u0161ana ir b\u016btiska, lai nodro\u0161in\u0101tu to efekt\u012bvu un dro\u0161u darb\u012bbu. Iev\u0113rojiet \u0161\u012bs vadl\u012bnijas:<\/p>\n<ul>\n<li>P\u0101rliecinieties, ka mont\u0101\u017eas virsmas ir t\u012bras un bez gru\u017eiem.<\/li>\n<li>Uzst\u0101d\u012b\u0161anai izmantojiet atbilsto\u0161us instrumentus un apr\u012bkojumu.<\/li>\n<li>Dro\u0161i pievelciet cilindru, izmantojot ieteicamos griezes momenta parametrus.<\/li>\n<li>Pareizi pievienojiet hidraulisk\u0101s \u0161\u013c\u016btenes vai caurules, piev\u0113r\u0161ot uzman\u012bbu pareizam bl\u012bv\u0113jumam.<\/li>\n<li>P\u0113c uzst\u0101d\u012b\u0161anas veiciet r\u016bp\u012bgu p\u0101rbaudi, lai p\u0101rliecin\u0101tos par pareizu darb\u012bbu.<\/li>\n<\/ul>\n<p><img decoding=\"async\" src=\"https:\/\/www.hydraulic-cylinders.net\/wp-content\/uploads\/2025\/01\/songte-bushings-with-all-kinds-of-excavator-models.webp\" alt=\"Cilindra bukses att\u0113ls\"><\/p>\n<h2>Dro\u0161\u012bbas apsv\u0113rumi un vides faktori<\/h2>\n<p>Izmantojot sviras cilindrus, dro\u0161\u012bbas pas\u0101kumi ir \u0101rk\u0101rt\u012bgi svar\u012bgi, lai nov\u0113rstu negad\u012bjumus un nodro\u0161in\u0101tu person\u0101la labsaj\u016btu. Pareiza apm\u0101c\u012bba, dro\u0161\u012bbas protokolu iev\u0113ro\u0161ana un regul\u0101ras iek\u0101rtu p\u0101rbaudes veicina dro\u0161u darba vidi. Turkl\u0101t, \u0146emot v\u0113r\u0101 t\u0101dus vides faktorus k\u0101 trok\u0161\u0146a samazin\u0101\u0161ana un nopl\u016b\u017eu nov\u0113r\u0161ana, tiek samazin\u0101ta ietekme uz apk\u0101rt\u0113jo vidi.<\/p>\n<h2>Probl\u0113mu nov\u0113r\u0161ana un bie\u017ei sastopamas probl\u0113mas<\/h2>\n<p>\u0160eit ir da\u017ei bie\u017ei sastopami probl\u0113mu nov\u0113r\u0161anas padomi un risin\u0101jumi sviru cilindriem:<\/p>\n<ul>\n<li><strong>Probl\u0113ma:<\/strong> Cilindrs nepareizi izb\u012bd\u0101s vai ievelkas.<\/li>\n<li><strong>Risin\u0101jums:<\/strong> P\u0101rbaudiet, vai nav zems hidraulisk\u0101 \u0161\u0137idruma l\u012bmenis, boj\u0101ti bl\u012bv\u0113jumi vai vad\u012bbas v\u0101rsti. Ja nepiecie\u0161ams, uzpildiet hidraulisko \u0161\u0137idrumu vai nomainiet boj\u0101t\u0101s deta\u013cas.<\/li>\n<li><strong>Probl\u0113ma:<\/strong> P\u0101rm\u0113r\u012bgs troksnis darb\u012bbas laik\u0101.<\/li>\n<li><strong>Risin\u0101jums:<\/strong> P\u0101rbaudiet, vai nav va\u013c\u012bgas stiprin\u0101juma skr\u016bves, nodilu\u0161i gult\u0146i vai boj\u0101tas deta\u013cas. Pievelciet skr\u016bves, nomainiet nodilu\u0161\u0101s deta\u013cas un iee\u013c\u013cojiet p\u0113c nepiecie\u0161am\u012bbas.<\/li>\n<li><strong>Probl\u0113ma:<\/strong> Nopl\u016bde ap cilindru.<\/li>\n<li><strong>Risin\u0101jums:<\/strong> P\u0101rbaudiet bl\u012bves un savienojumus, vai tie nav boj\u0101ti vai nepareizi uzst\u0101d\u012bti. Nomainiet bl\u012bves vai salieciet savienojumus, lai nov\u0113rstu nopl\u016bdes.<\/li>\n<\/ul>\n<p>Iev\u0113rojot \u0161os probl\u0113mu nov\u0113r\u0161anas padomus un risin\u0101jumus, las\u012bt\u0101ji var efekt\u012bvi diagnostic\u0113t un nov\u0113rst probl\u0113mas, k\u0101 ar\u012b ieviest prevent\u012bvus pas\u0101kumus, lai samazin\u0101tu potenci\u0101lo probl\u0113mu risku.<\/p>\n<p><img decoding=\"async\" src=\"https:\/\/www.hydraulic-cylinders.net\/wp-content\/uploads\/2025\/01\/songte-chushion-collar.webp\" alt=\"Spilvenu apkakles att\u0113ls\"><\/p>\n<p>Atcerieties lo\u0123iski sak\u0101rtot rakstu, izmantot apak\u0161virsrakstus \u0113rtai navig\u0101cijai, iek\u013caut atbilsto\u0161us att\u0113lus vai diagrammas lab\u0101kai izpratnei un nodro\u0161in\u0101t, lai saturs b\u016btu skaidrs, kodol\u012bgs un piem\u0113rots las\u012bt\u0101jiem ar da\u017e\u0101diem tehnisko zin\u0101\u0161anu l\u012bme\u0146iem.<\/p>\n<h2>Par mums<\/h2>\n<p>M\u0113s esam profesion\u0101ls rezerves hidraulisko cilindru ra\u017eot\u0101js, kas pied\u0101v\u0101 pla\u0161u produktu kl\u0101stu. K\u0101 viens no vado\u0161ajiem ra\u017eot\u0101jiem un vairumtirgot\u0101jiem viet\u0113j\u0101 un starptautiskaj\u0101 tirg\u016b, m\u0113s iev\u0113rojam izcil\u012bbas principu kvalit\u0101t\u0113. Ar m\u016bsu industrializ\u0113to ra\u017eo\u0161anas vad\u012bbas strat\u0113\u0123iju prec\u012bzi noregul\u0113t\u0101s ra\u017eo\u0161anas darbn\u012bc\u0101s m\u0113s nep\u0101rtraukti uzlabojam savas tehnolo\u0123isk\u0101s iesp\u0113jas un ra\u017eo\u0161anas efektivit\u0101ti. Ievie\u0161ot augstas klases digit\u0101l\u0101s ra\u017eo\u0161anas iek\u0101rtas un profesion\u0101las test\u0113\u0161anas sist\u0113mas, m\u0113s optimiz\u0113jam savu ra\u017eo\u0161anas platformu un pilnveidojam m\u016bsu produktu kvalit\u0101tes kontroles procesus, demonstr\u0113jot sp\u0113c\u012bgas inov\u0101ciju sp\u0113jas. M\u016bsu m\u0113r\u0137is ir apmierin\u0101t klientu da\u017e\u0101d\u0101s vajadz\u012bbas ar efektivit\u0101ti, precizit\u0101ti un augstas kvalit\u0101tes produktiem.<\/p>\n<p><img decoding=\"async\" src=\"https:\/\/www.hydraulic-cylinders.net\/wp-content\/uploads\/2025\/01\/songte-company-4.webp\" alt\n<\/p>","protected":false},"excerpt":{"rendered":"<p>Arm Cylinder For Case Middle Excavator CX240B Introduction An arm cylinder is a specially designed hydraulic cylinder that provides linear motion and power to the arm of various types of machinery, such as excavators, cranes, and mechanical arms. The arm cylinder plays a crucial role in hydraulic systems, enabling the efficient movement and control of [&hellip;]<\/p>","protected":false},"featured_media":14766,"comment_status":"open","ping_status":"closed","template":"","meta":{"_et_pb_use_builder":"","_et_pb_old_content":"","_et_gb_content_width":""},"product_brand":[],"product_cat":[1497],"product_tag":[1498,1496],"class_list":{"0":"post-16654","1":"product","2":"type-product","3":"status-publish","4":"has-post-thumbnail","6":"product_cat-arm-cylinders","7":"product_tag-arm-cylinders","8":"product_tag-hydraulic-cylinders","10":"first","11":"instock","12":"shipping-taxable","13":"product-type-simple"},"amp_enabled":true,"_links":{"self":[{"href":"https:\/\/www.hydraulic-cylinders.net\/lv\/wp-json\/wp\/v2\/product\/16654","targetHints":{"allow":["GET"]}}],"collection":[{"href":"https:\/\/www.hydraulic-cylinders.net\/lv\/wp-json\/wp\/v2\/product"}],"about":[{"href":"https:\/\/www.hydraulic-cylinders.net\/lv\/wp-json\/wp\/v2\/types\/product"}],"replies":[{"embeddable":true,"href":"https:\/\/www.hydraulic-cylinders.net\/lv\/wp-json\/wp\/v2\/comments?post=16654"}],"wp:featuredmedia":[{"embeddable":true,"href":"https:\/\/www.hydraulic-cylinders.net\/lv\/wp-json\/wp\/v2\/media\/14766"}],"wp:attachment":[{"href":"https:\/\/www.hydraulic-cylinders.net\/lv\/wp-json\/wp\/v2\/media?parent=16654"}],"wp:term":[{"taxonomy":"product_brand","embeddable":true,"href":"https:\/\/www.hydraulic-cylinders.net\/lv\/wp-json\/wp\/v2\/product_brand?post=16654"},{"taxonomy":"product_cat","embeddable":true,"href":"https:\/\/www.hydraulic-cylinders.net\/lv\/wp-json\/wp\/v2\/product_cat?post=16654"},{"taxonomy":"product_tag","embeddable":true,"href":"https:\/\/www.hydraulic-cylinders.net\/lv\/wp-json\/wp\/v2\/product_tag?post=16654"}],"curies":[{"name":"wp","href":"https:\/\/api.w.org\/{rel}","templated":true}]}}