{"id":16659,"date":"2025-01-21T05:44:51","date_gmt":"2025-01-21T05:44:51","guid":{"rendered":"https:\/\/www.hydraulic-cylinders.net\/product\/arm-cylinder-for-case-large-excavator-cx360bhr\/"},"modified":"2025-01-21T05:44:53","modified_gmt":"2025-01-21T05:44:53","slug":"arm-cylinder-for-case-large-excavator-cx360bhr","status":"publish","type":"product","link":"https:\/\/www.hydraulic-cylinders.net\/lv\/products\/arm-cylinder-for-case-large-excavator-cx360bhr\/","title":{"rendered":"Sviras cilindrs Case lielajam ekskavatoram CX360BHR"},"content":{"rendered":"<p>Sviras cilindrs Case lielajam ekskavatoram CX360BHR<\/p>\n<p>Ievads<\/p>\n<p>Sviras cilindrs ir specializ\u0113ts hidrauliskais cilindrs, ko galvenok\u0101rt izmanto, lai nodro\u0161in\u0101tu line\u0101ru kust\u012bbu un jaudu da\u017e\u0101du ma\u0161\u012bnu, piem\u0113ram, ekskavatoru, celt\u0146u un meh\u0101nisko sviru, svir\u0101m. Sviras cilindram ir galven\u0101 loma hidrauliskaj\u0101 sist\u0113m\u0101, \u013caujot efekt\u012bvi p\u0101rvietot un kontrol\u0113t papildu instrumentus vai stiprin\u0101jumus. \u0160ie cilindri ne tikai nodro\u0161ina vienm\u0113r\u012bgu kust\u012bbu, bet ar\u012b iztur lielas slodzes, nodro\u0161inot ma\u0161\u012bnu efekt\u012bvu darb\u012bbu un uzticam\u012bbu da\u017e\u0101dos ekspluat\u0101cijas apst\u0101k\u013cos.<\/p>\n<p>Defin\u012bcija un skaidrojums<\/p>\n<p>Sviras cilindrs ir hidrauliskais cilindrs, kas ir \u012bpa\u0161i izstr\u0101d\u0101ts, lai nodro\u0161in\u0101tu line\u0101ru kust\u012bbu un jaudu da\u017e\u0101d\u0101m ma\u0161\u012bnu svir\u0101m. \u0160ie cilindri ir svar\u012bgas hidraulisk\u0101s sist\u0113mas sast\u0101vda\u013cas un ir atbild\u012bgi par stiprin\u0101jumu un instrumentu kust\u012bbas kontroli. Sviras cilindri ir izgatavoti no augstas stipr\u012bbas materi\u0101liem un ir neticami iztur\u012bgi, padarot tos ide\u0101li piem\u0113rotus lieto\u0161anai skarbos darba apst\u0101k\u013cos.<\/p>\n<p>Funkcijas<\/p>\n<p>1. Augstas efektivit\u0101tes jaudas p\u0101rvade \u2013 sviras cilindrs nodro\u0161ina jaud\u012bgu line\u0101ru kust\u012bbu un sp\u0113ku, garant\u0113jot meh\u0101nisk\u0101s sviras augstu veiktsp\u0113jas efektivit\u0101ti da\u017e\u0101d\u0101s darb\u012bb\u0101s.<\/p>\n<p>2. Prec\u012bza vad\u012bba \u2014 sviras cilindrs nodro\u0161ina prec\u012bzu papildu instrumentu kust\u012bbas vad\u012bbu, izmantojot hidraulisko sist\u0113mu, padarot instrumentu darb\u012bbu elast\u012bg\u0101ku un prec\u012bz\u0101ku.<\/p>\n<p>3. Augsta iztur\u012bba \u2014 sviru cilindri parasti ir izgatavoti no augstas stipr\u012bbas materi\u0101liem, kuriem ir laba nodilumiztur\u012bba un iztur\u012bba pret koroziju, padarot tos piem\u0113rotus ilgsto\u0161ai lieto\u0161anai skarbos apst\u0101k\u013cos.<\/p>\n<p>4. Daudzfunkcion\u0101la piel\u0101go\u0161an\u0101s sp\u0113ja \u2014 \u0161os cilindrus var pla\u0161i izmantot da\u017e\u0101d\u0101s ma\u0161\u012bn\u0101s, piem\u0113ram, ekskavatoros, celt\u0146os un meh\u0101niskaj\u0101s svir\u0101s, lai apmierin\u0101tu da\u017e\u0101das darba vajadz\u012bbas.<\/p>\n<p>5. Vienk\u0101r\u0161a apkope \u2014 sviras cilindra konstrukcija ir veidota t\u0101, lai to b\u016btu viegli apkopt un nomain\u012bt, padarot regul\u0101ru p\u0101rbaudi un apkopi \u0113rt\u0101ku un samazinot iek\u0101rtu d\u012bkst\u0101ves laiku.<\/p>\n<p>Ra\u017eo\u0161ana<\/p>\n<p>M\u0113s ra\u017eojam sviras cilindrus, kas var lieliski aizst\u0101t \u0161os hidrauliskos cilindrus. M\u016bsu produkti ir izgatavoti ar izcilu kvalit\u0101ti un precizit\u0101ti, nodro\u0161inot tehnikas uzticamu un efekt\u012bvu darb\u012bbu.<\/p>\n<p>Pieteikumi<\/p>\n<p>1. \u0112ku b\u016bvniec\u012bba \u2014 ekskavatoros un celt\u0146os sviras cilindrs tiek izmantots, lai kontrol\u0113tu kausa vai pac\u0113l\u0101ja kust\u012bbu zemes darbos, materi\u0101lu apstr\u0101d\u0113 un konstrukciju uzst\u0101d\u012b\u0161an\u0101.<\/p>\n<p>2. Ra\u017eo\u0161ana \u2014 automatiz\u0113t\u0101s ra\u017eo\u0161anas l\u012bnij\u0101s sviras cilindrs tiek izmantots meh\u0101nisko sviru p\u0101rvieto\u0161anai mont\u0101\u017eas, metin\u0101\u0161anas un apstr\u0101des procesos, palielinot ra\u017eo\u0161anas efektivit\u0101ti un precizit\u0101ti.<\/p>\n<p>3. Lauksaimniec\u012bbas tehnika \u2014 lauksaimniec\u012bbas tehnik\u0101, piem\u0113ram, kombainos un s\u0113jma\u0161\u012bn\u0101s, sviras cilindrs kontrol\u0113 vad\u012bbas sviras kust\u012bbu, veicot t\u0101dus uzdevumus k\u0101 st\u0101d\u012b\u0161ana, m\u0113slo\u0161ana un ra\u017eas nov\u0101k\u0161ana.<\/p>\n<p>4. Kalnr\u016bpniec\u012bba \u2014 Kalnr\u016bpniec\u012bbas iek\u0101rt\u0101s rokas cilindrs tiek izmantots, lai kontrol\u0113tu kalnr\u016bpniec\u012bbas iek\u0101rtu rokas kust\u012bbu r\u016bdas ieguvei un transport\u0113\u0161anai.<\/p>\n<p>5. Lo\u0123istika un transport\u0113\u0161ana \u2014 Iekr\u0101v\u0113jos un apstr\u0101des robotos rokas cilindrs tiek izmantots, lai kontrol\u0113tu kravas cel\u0161anu un p\u0101rvieto\u0161anu, realiz\u0113jot materi\u0101lu apstr\u0101di un sakrau\u0161anu.<\/p>\n<p>Dizaina apsv\u0113rumi un atlases krit\u0113riji<\/p>\n<p>1. Nestsp\u0113ja \u2014 sviras cilindra nestsp\u0113jai ir j\u0101sp\u0113j iztur\u0113t apr\u012bkojuma un papildu instrumentu vai stiprin\u0101jumu svaru.<\/p>\n<p>2. Bl\u012bv\u0113jums \u2014 sviras cilindram ir nepiecie\u0161ami da\u017e\u0101di bl\u012bv\u0113jumi, piem\u0113ram, virzu\u013ca bl\u012bv\u0113jumi un stie\u0146a bl\u012bv\u0113jumi, lai nov\u0113rstu hidraulisk\u0101 \u0161\u0137idruma nopl\u016bdes un nodro\u0161in\u0101tu pareizu darb\u012bbu.<\/p>\n<p>3. Iztur\u012bba \u2014 sviras cilindram j\u0101b\u016bt izgatavotam no augstas kvalit\u0101tes materi\u0101liem, kas sp\u0113j iztur\u0113t skarbos ekspluat\u0101cijas apst\u0101k\u013cus un bie\u017eu lieto\u0161anu.<\/p>\n<p>4. Dro\u0161\u012bba \u2014 sviras cilindram j\u0101b\u016bt konstru\u0113tam, \u0146emot v\u0113r\u0101 dro\u0161\u012bbu, nodro\u0161inot, ka darb\u012bbas laik\u0101 nerodas k\u013c\u016bmes vai darb\u012bbas trauc\u0113jumi.<\/p>\n<p>5. Apkope \u2014 sviras cilindram j\u0101b\u016bt viegli kopjamam un remont\u0113jamam, un t\u0101 deta\u013c\u0101m j\u0101b\u016bt viegli pieejam\u0101m nomai\u0146ai vai remontam.<\/p>\n<p>Bl\u012bv\u0113\u0161ana un e\u013c\u013co\u0161ana<\/p>\n<p>Sviras cilindr\u0101 tiek izmantoti da\u017e\u0101di bl\u012bv\u0113juma komponenti, piem\u0113ram, virzu\u013ca bl\u012bv\u0113jumi un stie\u0146a bl\u012bv\u0113jumi, kas ir izgatavoti no nodilumiztur\u012bgiem materi\u0101liem, piem\u0113ram, poliuret\u0101na un nitrila gumijas. Cilindra korpuss un v\u012bt\u0146ot\u0101s gala virsmas ir smalki apstr\u0101d\u0101tas, lai uzlabotu nodilumiztur\u012bbu. Regul\u0101ri pievienojot atbilsto\u0161u hidraulisk\u0101s e\u013c\u013cas daudzumu, var nodro\u0161in\u0101t cilindra vienm\u0113r\u012bgu darb\u012bbu.<\/p>\n<p>Apkope un prevent\u012bvie pas\u0101kumi<\/p>\n<p>Regul\u0101ra p\u0101rbaude, apkope un prevent\u012bvie pas\u0101kumi ir b\u016btiski, lai pagarin\u0101tu sviras cilindra kalpo\u0161anas laiku un nov\u0113rstu boj\u0101jumus. Iz\u0161\u0137iro\u0161a noz\u012bme ir atbilsto\u0161a e\u013c\u013co\u0161anas l\u012bme\u0146a uztur\u0113\u0161anai, nolietotu bl\u012bv\u0113jumu nomai\u0146ai un hidraulisk\u0101s sist\u0113mas t\u012br\u012b\u0161anai.<\/p>\n<p>Instal\u0101cijas rokasgr\u0101mata<\/p>\n<p>1. Novietojiet cilindru atbilsto\u0161i iek\u0101rtas specifik\u0101cij\u0101m.<\/p>\n<p>2. Pievienojiet hidraulisk\u0101s \u0161\u013c\u016btenes cilindram un hidrauliskajai sist\u0113mai.<\/p>\n<p>3. P\u0101rbaudiet hidraulisko sist\u0113mu, vai nav nopl\u016b\u017eu.<\/p>\n<p>4. P\u0101rbaudiet apr\u012bkojumu, lai nodro\u0161in\u0101tu pareizu darb\u012bbu.<\/p>\n<p>Dro\u0161\u012bbas apsv\u0113rumi un vides faktori<\/p>\n<p>Uzst\u0101dot un darbinot sviras cilindru, j\u0101iev\u0113ro dro\u0161\u012bbas pas\u0101kumi. Lai nodro\u0161in\u0101tu pareizu darb\u012bbu un izvair\u012btos no boj\u0101jumiem, j\u0101\u0146em v\u0113r\u0101 ar\u012b vides faktori, piem\u0113ram, temperat\u016bra un mitrums.<\/p>\n<p>Probl\u0113mu nov\u0113r\u0161ana un bie\u017ei sastopamas probl\u0113mas<\/p>\n<p>Bie\u017ei sastopamas probl\u0113mas ar sviras cilindriem var b\u016bt nopl\u016bdes, nepietiekama jauda un l\u0113na kust\u012bba. \u0160\u012bs probl\u0113mas var atrisin\u0101t, p\u0101rbaudot un nomainot nolietot\u0101s bl\u012bves, regul\u0113jot hidraulisk\u0101s sist\u0113mas spiedienu vai izt\u012brot hidraulisko sist\u0113mu.<\/p>\n<p>Secin\u0101jums<\/p>\n<p>M\u0113s esam profesion\u0101ls hidraulisko cilindru ra\u017eot\u0101js ar pla\u0161u produktu kl\u0101stu. Esam k\u013cuvu\u0161i par vienu no vado\u0161ajiem hidraulisko cilindru ra\u017eot\u0101jiem un vairumtirdzniec\u012bbas izplat\u012bt\u0101jiem viet\u0113j\u0101 un starptautiskaj\u0101 tirg\u016b. M\u0113s vienm\u0113r iev\u0113rojam izcilas kvalit\u0101tes principu, nep\u0101rtraukti uzlabojam ra\u017eo\u0161anas efektivit\u0101ti un tehnolo\u0123iju l\u012bmeni, k\u0101 ar\u012b nodro\u0161in\u0101m piel\u0101gotus pakalpojumus m\u016bsu klientiem.<\/p>\n<p>M\u016bsu produkti ir starptautiski sertific\u0113ti, un mums ir profesion\u0101la un efekt\u012bva p\u0113cp\u0101rdo\u0161anas apkalpo\u0161anas komanda, kas var sniegt savlaic\u012bgus un visaptvero\u0161us pakalpojumus m\u016bsu klientiem. M\u0113s izmantojam modernu ra\u017eo\u0161anas apr\u012bkojumu un test\u0113\u0161anas sist\u0113mas, lai past\u0101v\u012bgi nodro\u0161in\u0101tu m\u016bsu produktu kvalit\u0101ti.<\/p>\n<p>Autors: lil<\/p>","protected":false},"excerpt":{"rendered":"<p>Arm Cylinder For Case Large Excavator CX360BHR Introduction The arm cylinder is a specialized hydraulic cylinder that is primarily used to provide linear motion and power for the arms of various machinery, such as excavators, cranes, and mechanical arms. The arm cylinder plays a key role in the hydraulic system, allowing for effective movement and [&hellip;]<\/p>","protected":false},"featured_media":14779,"comment_status":"open","ping_status":"closed","template":"","meta":{"_et_pb_use_builder":"","_et_pb_old_content":"","_et_gb_content_width":""},"product_brand":[],"product_cat":[1497],"product_tag":[1498,1496],"class_list":{"0":"post-16659","1":"product","2":"type-product","3":"status-publish","4":"has-post-thumbnail","6":"product_cat-arm-cylinders","7":"product_tag-arm-cylinders","8":"product_tag-hydraulic-cylinders","10":"first","11":"instock","12":"shipping-taxable","13":"product-type-simple"},"amp_enabled":true,"_links":{"self":[{"href":"https:\/\/www.hydraulic-cylinders.net\/lv\/wp-json\/wp\/v2\/product\/16659","targetHints":{"allow":["GET"]}}],"collection":[{"href":"https:\/\/www.hydraulic-cylinders.net\/lv\/wp-json\/wp\/v2\/product"}],"about":[{"href":"https:\/\/www.hydraulic-cylinders.net\/lv\/wp-json\/wp\/v2\/types\/product"}],"replies":[{"embeddable":true,"href":"https:\/\/www.hydraulic-cylinders.net\/lv\/wp-json\/wp\/v2\/comments?post=16659"}],"wp:featuredmedia":[{"embeddable":true,"href":"https:\/\/www.hydraulic-cylinders.net\/lv\/wp-json\/wp\/v2\/media\/14779"}],"wp:attachment":[{"href":"https:\/\/www.hydraulic-cylinders.net\/lv\/wp-json\/wp\/v2\/media?parent=16659"}],"wp:term":[{"taxonomy":"product_brand","embeddable":true,"href":"https:\/\/www.hydraulic-cylinders.net\/lv\/wp-json\/wp\/v2\/product_brand?post=16659"},{"taxonomy":"product_cat","embeddable":true,"href":"https:\/\/www.hydraulic-cylinders.net\/lv\/wp-json\/wp\/v2\/product_cat?post=16659"},{"taxonomy":"product_tag","embeddable":true,"href":"https:\/\/www.hydraulic-cylinders.net\/lv\/wp-json\/wp\/v2\/product_tag?post=16659"}],"curies":[{"name":"wp","href":"https:\/\/api.w.org\/{rel}","templated":true}]}}