{"id":16673,"date":"2025-01-21T05:45:58","date_gmt":"2025-01-21T05:45:58","guid":{"rendered":"https:\/\/www.hydraulic-cylinders.net\/product\/arm-cylinder-for-world-middle-excavator-w2225lc-8\/"},"modified":"2025-01-21T05:46:00","modified_gmt":"2025-01-21T05:46:00","slug":"arm-cylinder-for-world-middle-excavator-w2225lc-8","status":"publish","type":"product","link":"https:\/\/www.hydraulic-cylinders.net\/lv\/products\/arm-cylinder-for-world-middle-excavator-w2225lc-8\/","title":{"rendered":"Sviras cilindrs pasaules vid\u0113j\u0101 ekskavatora W2225LC-8"},"content":{"rendered":"<h1>Sviras cilindrs pasaules vid\u0113j\u0101 ekskavatora W2225LC-8<\/h1>\n<h2>Ievads<\/h2>\n<p>Sviras cilindrs ir speci\u0101li izstr\u0101d\u0101ts hidrauliskais cilindrs, ko izmanto, lai nodro\u0161in\u0101tu line\u0101ru kust\u012bbu un jaudu da\u017e\u0101du ma\u0161\u012bnu, piem\u0113ram, ekskavatoru, celt\u0146u un robotiz\u0113tu roku, svirai. Tam ir iz\u0161\u0137iro\u0161a noz\u012bme hidrauliskaj\u0101s sist\u0113m\u0101s, \u013caujot efekt\u012bvi p\u0101rvietot un kontrol\u0113t papildu instrumentus vai stiprin\u0101jumus. \u0160ie cilindri ne tikai nodro\u0161ina vienm\u0113r\u012bgu kust\u012bbu, bet ar\u012b iztur lielas slodzes, nodro\u0161inot ma\u0161\u012bnu efekt\u012bvu darb\u012bbu un uzticam\u012bbu da\u017e\u0101dos ekspluat\u0101cijas apst\u0101k\u013cos.<\/p>\n<p><img decoding=\"async\" src=\"https:\/\/www.hydraulic-cylinders.net\/wp-content\/uploads\/2025\/01\/songte-company-2.webp\"><\/p>\n<h2>Funkcijas<\/h2>\n<ul>\n<li>\n<h3>Efekt\u012bva jaudas p\u0101rvade<\/h3>\n<p>Sviras cilindrs nodro\u0161ina jaud\u012bgu line\u0101ru kust\u012bbu un sp\u0113ku, garant\u0113jot meh\u0101nisko sviru efekt\u012bvu darb\u012bbu da\u017e\u0101d\u0101s oper\u0101cij\u0101s.<\/p>\n<\/li>\n<li>\n<h3>Prec\u012bzijas kontrole<\/h3>\n<p>Izmantojot hidraulisk\u0101s sist\u0113mas, rokas cilindrs var pan\u0101kt prec\u012bzu kust\u012bbas vad\u012bbu, padarot pievienoto instrumentu darb\u012bbu elast\u012bg\u0101ku un prec\u012bz\u0101ku.<\/p>\n<\/li>\n<li>\n<h3>Sp\u0113c\u012bga iztur\u012bba<\/h3>\n<p>Sviras cilindrs parasti ir izgatavots no augstas iztur\u012bbas materi\u0101liem, kuriem ir laba nodilumiztur\u012bba un iztur\u012bba pret koroziju, padarot tos piem\u0113rotus ilgsto\u0161ai lieto\u0161anai skarbos apst\u0101k\u013cos.<\/p>\n<\/li>\n<li>\n<h3>Daudzfunkcion\u0101la piel\u0101go\u0161an\u0101s sp\u0113ja<\/h3>\n<p>\u0160os cilindrus var pla\u0161i izmantot da\u017e\u0101d\u0101s meh\u0101nisk\u0101s iek\u0101rt\u0101s, piem\u0113ram, ekskavatoros, celt\u0146os un robotiz\u0113t\u0101s rok\u0101s, lai piel\u0101gotos da\u017e\u0101d\u0101m darba vajadz\u012bb\u0101m.<\/p>\n<\/li>\n<li>\n<h3>Vienk\u0101r\u0161a apkope<\/h3>\n<p>Projekt\u0113jot ir \u0146emta v\u0113r\u0101 vienk\u0101r\u0161a apkope un nomai\u0146a, padarot regul\u0101ru p\u0101rbaudi un apkopi \u0113rt\u0101ku un samazinot iek\u0101rtu d\u012bkst\u0101ves laiku.<\/p>\n<\/li>\n<\/ul>\n<p><img decoding=\"async\" src=\"https:\/\/www.hydraulic-cylinders.net\/wp-content\/uploads\/2025\/01\/songte-oil-pipes-and-spare-parts.webp\"><\/p>\n<h2>Pieteikumi<\/h2>\n<p>Sviras cilindrs tiek pla\u0161i izmantots da\u017e\u0101d\u0101s nozar\u0113s:<\/p>\n<ul>\n<li>\n<h3>B\u016bvniec\u012bba<\/h3>\n<p>Izmanto ekskavatoros un celt\u0146os, lai kontrol\u0113tu kausu vai str\u0113les kust\u012bbu zemes p\u0101rvieto\u0161anas, materi\u0101lu apstr\u0101des un konstrukciju uzst\u0101d\u012b\u0161anas laik\u0101.<\/p>\n<\/li>\n<li>\n<h3>Ra\u017eo\u0161ana<\/h3>\n<p>Izmanto automatiz\u0113t\u0101s ra\u017eo\u0161anas l\u012bnij\u0101s, lai kontrol\u0113tu meh\u0101nisko roku kust\u012bbu mont\u0101\u017eas, metin\u0101\u0161anas un apstr\u0101des procesos, uzlabojot ra\u017eo\u0161anas efektivit\u0101ti un precizit\u0101ti.<\/p>\n<\/li>\n<li>\n<h3>Lauksaimniec\u012bbas tehnika<\/h3>\n<p>Izmanto lauksaimniec\u012bbas ma\u0161\u012bn\u0101s, piem\u0113ram, kombainos un s\u0113jma\u0161\u012bn\u0101s, lai kontrol\u0113tu vad\u012bbas sviru kust\u012bbu st\u0101d\u012b\u0161anas, m\u0113slo\u0161anas un ra\u017eas nov\u0101k\u0161anas darbos.<\/p>\n<\/li>\n<li>\n<h3>Kalnr\u016bpniec\u012bba<\/h3>\n<p>Izmanto kalnr\u016bpniec\u012bbas iek\u0101rt\u0101s, lai kontrol\u0113tu kalnr\u016bpniec\u012bbas iek\u0101rtu str\u0113les kust\u012bbu miner\u0101lu ieguvei un transport\u0113\u0161anai.<\/p>\n<\/li>\n<li>\n<h3>Lo\u0123istika un transports<\/h3>\n<p>Izmanto iekr\u0101v\u0113jos un apstr\u0101des robotos, lai kontrol\u0113tu dak\u0161u pacel\u0161anu un kust\u012bbu, nodro\u0161inot materi\u0101lu apstr\u0101di un sakrau\u0161anu.<\/p>\n<\/li>\n<\/ul>\n<h2>Dizaina apsv\u0113rumi un atlases krit\u0113riji<\/h2>\n<ul>\n<li>\n<h3>Nestsp\u0113ja<\/h3>\n<p>Sviras cilindram j\u0101sp\u0113j iztur\u0113t ma\u0161\u012bnas maksim\u0101lo slodzi un nodro\u0161in\u0101t vienm\u0113r\u012bgu un stabilu darb\u012bbu da\u017e\u0101dos apst\u0101k\u013cos.<\/p>\n<\/li>\n<li>\n<h3>Bl\u012bv\u0113juma veiktsp\u0113ja<\/h3>\n<p>Sviras cilindram j\u0101izmanto da\u017e\u0101di bl\u012bv\u0113\u0161anas komponenti, piem\u0113ram, virzu\u013ca bl\u012bv\u0113jumi un stie\u0146a bl\u012bv\u0113jumi, kas izgatavoti no nodilumiztur\u012bgiem materi\u0101liem, piem\u0113ram, poliuret\u0101na un nitrila gumijas, lai nov\u0113rstu hidraulisk\u0101s e\u013c\u013cas nopl\u016bdi un nodro\u0161in\u0101tu norm\u0101lu cilindra darb\u012bbu.<\/p>\n<\/li>\n<li>\n<h3>Iztur\u012bba<\/h3>\n<p>Sviras cilindram j\u0101b\u016bt izgatavotam no augstas stipr\u012bbas materi\u0101liem, ar apstr\u0101d\u0101tu cilindra korpusu un v\u012bt\u0146otu gala virsmu, lai uzlabotu nodilumiztur\u012bbu, iztur\u012bbu pret koroziju un pagarin\u0101tu kalpo\u0161anas laiku.<\/p>\n<\/li>\n<li>\n<h3>Dro\u0161\u012bba<\/h3>\n<p>Sviras cilindram j\u0101b\u016bt konstru\u0113tam ar da\u017e\u0101d\u0101m dro\u0161\u012bbas funkcij\u0101m, piem\u0113ram, spiediena samazin\u0101\u0161anas v\u0101rstiem, p\u0101rslodzes aizsardz\u012bbu un amortiz\u0101cijas ier\u012bc\u0113m, lai nodro\u0161in\u0101tu ma\u0161\u012bnas dro\u0161u darb\u012bbu.<\/p>\n<\/li>\n<li>\n<h3>Uzturam\u012bba<\/h3>\n<p>Projekt\u0113jot j\u0101\u0146em v\u0113r\u0101 apkopes un nomai\u0146as vienk\u0101r\u0161\u012bba, j\u0101veicina regul\u0101ra p\u0101rbaude un apkope, k\u0101 ar\u012b j\u0101samazina iek\u0101rtu d\u012bkst\u0101ves laiks.<\/p>\n<\/li>\n<\/ul>\n<p><img decoding=\"async\" src=\"https:\/\/www.hydraulic-cylinders.net\/wp-content\/uploads\/2025\/01\/songte-cylinder-head-with-all-kinds-excavator-models.webp\"><\/p>\n<h2>Bl\u012bv\u0113\u0161ana un e\u013c\u013co\u0161ana<\/h2>\n<p>Sviras cilindram j\u0101izmanto da\u017e\u0101di bl\u012bv\u0113\u0161anas komponenti, piem\u0113ram, virzu\u013ca bl\u012bves un stie\u0146a bl\u012bves, kas izgatavotas no nodilumiztur\u012bgiem materi\u0101liem, piem\u0113ram, poliuret\u0101na un nitrila gumijas, lai nov\u0113rstu hidraulisk\u0101s e\u013c\u013cas nopl\u016bdi un nodro\u0161in\u0101tu norm\u0101lu cilindra darb\u012bbu. Cilindrs regul\u0101ri j\u0101iee\u013c\u013co ar atbilsto\u0161u hidraulisk\u0101s e\u013c\u013cas daudzumu, lai samazin\u0101tu berzi un nodilumu starp virzuli un cilindra sienu, k\u0101 ar\u012b nodro\u0161in\u0101tu norm\u0101lu cilindra darb\u012bbu.<\/p>\n<h2>Apkope un prevent\u012bvie pas\u0101kumi<\/h2>\n<ul>\n<li>\n<p>Regul\u0101ri p\u0101rbaudiet cilindra korpusu, virzu\u013ca stieni un citas sast\u0101vda\u013cas, vai t\u0101m nav nodiluma, deform\u0101cijas un boj\u0101jumu, un, ja nepiecie\u0161ams, savlaic\u012bgi nomainiet t\u0101s.<\/p>\n<\/li>\n<li>\n<p>Regul\u0101ri p\u0101rbaudiet cilindra bl\u012bv\u0113juma komponentus un nomainiet tos, ja ir k\u0101das nodiluma vai nopl\u016bdes paz\u012bmes.<\/p>\n<\/li>\n<li>\n<p>Regul\u0101ri t\u012briet cilindra, virzu\u013ca stie\u0146a un citu deta\u013cu virsmu, lai nov\u0113rstu putek\u013cu un citu pies\u0101r\u0146ot\u0101ju pielip\u0161anu virsmai, kas var saboj\u0101t bl\u012bv\u0113juma deta\u013cas.<\/p>\n<\/li>\n<li>\n<p>Izmantojiet atbilsto\u0161u hidraulisko e\u013c\u013cu un regul\u0101ri nomainiet to, lai nodro\u0161in\u0101tu e\u013c\u013cas t\u012br\u012bbu un viskozit\u0101ti, k\u0101 ar\u012b lai izvair\u012btos no e\u013c\u013cas pies\u0101r\u0146ojuma rad\u012btiem boj\u0101jumiem.<\/p>\n<\/li>\n<\/ul>\n<p><img decoding=\"async\" src=\"https:\/\/www.hydraulic-cylinders.net\/wp-content\/uploads\/2025\/01\/songte-chushion-collar.webp\"><\/p>\n<h2>Instal\u0101cijas rokasgr\u0101mata<\/h2>\n<p>Pirms uzst\u0101d\u012b\u0161anas p\u0101rbaudiet cilindra korpusu, virzu\u013ca stieni, bl\u012bv\u0113juma deta\u013cas un citas deta\u013cas, lai p\u0101rliecin\u0101tos, ka t\u0101s nav boj\u0101tas un atrodas pareizaj\u0101 uzst\u0101d\u012b\u0161anas poz\u012bcij\u0101. Izmantojiet atbilsto\u0161us instrumentus un apr\u012bkojumu, lai uzst\u0101d\u012btu cilindru, un p\u0101rliecinieties, ka hidrauliskaj\u0101 sist\u0113m\u0101 nav gaisa. P\u0113c uzst\u0101d\u012b\u0161anas p\u0101rbaudiet cilindra kust\u012bbu un p\u0101rliecinieties, ka tas darbojas vienm\u0113r\u012bgi un bez neparastiem trok\u0161\u0146iem.<\/p>\n<h2>Dro\u0161\u012bbas apsv\u0113rumi un vides faktori<\/h2>\n<p>Darb\u012bbas laik\u0101 rokas cilindrs j\u0101izmanto saska\u0146\u0101 ar ra\u017eot\u0101ja nor\u0101d\u012bjumiem un dro\u0161\u012bbas pas\u0101kumiem, lai izvair\u012btos no negad\u012bjumiem un nodro\u0161in\u0101tu dro\u0161u darb\u012bbu. Nomainot cilindru, iev\u0113rojiet atbilsto\u0161us vides aizsardz\u012bbas pas\u0101kumus, lai izvair\u012btos no hidraulisk\u0101s e\u013c\u013cas rad\u012bt\u0101 pies\u0101r\u0146ojuma.<\/p>\n<h2>Diagnoze un probl\u0113mu nov\u0113r\u0161ana<\/h2>\n<p>Bie\u017ei sastopamas probl\u0113mas ar sviras cilindru ir e\u013c\u013cas nopl\u016bde, neparasts troksnis, l\u0113na reakcija un nepietiekama jauda. \u0160\u012bs probl\u0113mas var izrais\u012bt da\u017e\u0101di faktori, piem\u0113ram, boj\u0101ti bl\u012bv\u0113jumi, nodilu\u0161as vai deform\u0113tas deta\u013cas un nepietiekams hidraulisk\u0101s e\u013c\u013cas daudzums. Lai diagnostic\u0113tu un nov\u0113rstu \u0161\u012bs probl\u0113mas, izjauciet un p\u0101rbaudiet cilindru, savlaic\u012bgi nomainiet boj\u0101t\u0101s deta\u013cas un uzpildiet atbilsto\u0161u hidraulisk\u0101s e\u013c\u013cas daudzumu. <\/p>\n<h2>Par mums<\/h2>\n<p>M\u0113s esam profesion\u0101ls rezerves hidraulisko cilindru ra\u017eot\u0101js ar pla\u0161u produktu kl\u0101stu, kas ir k\u013cuvis par vienu no vado\u0161ajiem hidraulisko cilindru ra\u017eot\u0101jiem un vairumtirdzniec\u012bbas izplat\u012bt\u0101jiem viet\u0113j\u0101 un starptautiskaj\u0101 tirg\u016b. M\u0113s vienm\u0113r iev\u0113rojam izcilas kvalit\u0101tes principu, pa\u013caujoties uz sare\u017e\u0123\u012btas ra\u017eo\u0161anas darbn\u012bcas industrializ\u0113to ra\u017eo\u0161anas vad\u012bbas strat\u0113\u0123iju, lai nep\u0101rtraukti uzlabotu savu tehnisko l\u012bmeni un ra\u017eo\u0161anas efektivit\u0101ti. Ievie\u0161ot augstas klases digit\u0101l\u0101s ra\u017eo\u0161anas iek\u0101rtas un profesion\u0101las test\u0113\u0161anas sist\u0113mas, m\u0113s nep\u0101rtraukti optimiz\u0113jam savu ra\u017eo\u0161anas platformu, uzlabojam produktu kvalit\u0101tes kontroles procesu un mums ir sp\u0113c\u012bgas inov\u0101ciju iesp\u0113jas. M\u016bsu m\u0113r\u0137is ir apmierin\u0101t m\u016bsu klientu da\u017e\u0101d\u0101s vajadz\u012bbas ar efekt\u012bviem, prec\u012bziem un augstas kvalit\u0101tes produktiem.<\/p>\n<p><img decoding=\"async\" src=\"https:\/\/www.hydraulic-cylinders.net\/wp-content\/uploads\/2025\/01\/songte-company-4.webp\"><br \/>\n<img decoding=\"async\" src=\"https:\/\/www.hydraulic-cylinders.net\/wp-content\/uploads\/2025\/01\/songte-company-3.webp\"><\/p>\n<p>M\u016bsu uz\u0146\u0113mums sniedz profesion\u0101lus pakalpojumus starptautisk\u0101s sertifik\u0101cijas, piel\u0101gojamu pakalpojumu, ra\u017eo\u0161anas iek\u0101rtu un p\u0113cp\u0101rdo\u0161anas pakalpojumu jom\u0101. <\/p>\n<p>Autors Lails.<\/p>","protected":false},"excerpt":{"rendered":"<p>Arm Cylinder For World Middle Excavator W2225LC-8 Introduction The arm cylinder is a specially designed hydraulic cylinder used for providing linear motion and power to the arm of various machinery, such as excavators, cranes, and robotic arms. It plays a critical role in hydraulic systems, allowing for the efficient movement and control of additional tools [&hellip;]<\/p>","protected":false},"featured_media":14770,"comment_status":"open","ping_status":"closed","template":"","meta":{"_et_pb_use_builder":"","_et_pb_old_content":"","_et_gb_content_width":""},"product_brand":[],"product_cat":[1497],"product_tag":[1498,1496],"class_list":{"0":"post-16673","1":"product","2":"type-product","3":"status-publish","4":"has-post-thumbnail","6":"product_cat-arm-cylinders","7":"product_tag-arm-cylinders","8":"product_tag-hydraulic-cylinders","10":"first","11":"instock","12":"shipping-taxable","13":"product-type-simple"},"amp_enabled":true,"_links":{"self":[{"href":"https:\/\/www.hydraulic-cylinders.net\/lv\/wp-json\/wp\/v2\/product\/16673","targetHints":{"allow":["GET"]}}],"collection":[{"href":"https:\/\/www.hydraulic-cylinders.net\/lv\/wp-json\/wp\/v2\/product"}],"about":[{"href":"https:\/\/www.hydraulic-cylinders.net\/lv\/wp-json\/wp\/v2\/types\/product"}],"replies":[{"embeddable":true,"href":"https:\/\/www.hydraulic-cylinders.net\/lv\/wp-json\/wp\/v2\/comments?post=16673"}],"wp:featuredmedia":[{"embeddable":true,"href":"https:\/\/www.hydraulic-cylinders.net\/lv\/wp-json\/wp\/v2\/media\/14770"}],"wp:attachment":[{"href":"https:\/\/www.hydraulic-cylinders.net\/lv\/wp-json\/wp\/v2\/media?parent=16673"}],"wp:term":[{"taxonomy":"product_brand","embeddable":true,"href":"https:\/\/www.hydraulic-cylinders.net\/lv\/wp-json\/wp\/v2\/product_brand?post=16673"},{"taxonomy":"product_cat","embeddable":true,"href":"https:\/\/www.hydraulic-cylinders.net\/lv\/wp-json\/wp\/v2\/product_cat?post=16673"},{"taxonomy":"product_tag","embeddable":true,"href":"https:\/\/www.hydraulic-cylinders.net\/lv\/wp-json\/wp\/v2\/product_tag?post=16673"}],"curies":[{"name":"wp","href":"https:\/\/api.w.org\/{rel}","templated":true}]}}