{"id":16688,"date":"2025-01-21T05:47:02","date_gmt":"2025-01-21T05:47:02","guid":{"rendered":"https:\/\/www.hydraulic-cylinders.net\/product\/arm-cylinder-for-jingong-wheel-type-jcm909l\/"},"modified":"2025-01-21T05:47:08","modified_gmt":"2025-01-21T05:47:08","slug":"arm-cylinder-for-jingong-wheel-type-jcm909l","status":"publish","type":"product","link":"https:\/\/www.hydraulic-cylinders.net\/lv\/products\/arm-cylinder-for-jingong-wheel-type-jcm909l\/","title":{"rendered":"Jingong rite\u0146u sviras cilindrs JCM909L tipam"},"content":{"rendered":"<h1>Jingong rite\u0146u sviras cilindrs JCM909L tipam<\/h1>\n<h2>Ievads<\/h2>\n<p>Sviras cilindrs ir speci\u0101li izstr\u0101d\u0101ts hidrauliskais cilindrs, ko galvenok\u0101rt izmanto, lai nodro\u0161in\u0101tu line\u0101ru kust\u012bbu un jaudu da\u017e\u0101du veidu ma\u0161\u012bnu, piem\u0113ram, ekskavatoru, celt\u0146u un meh\u0101nisko sviru, svir\u0101m. Sviras cilindriem ir galven\u0101 loma hidrauliskaj\u0101s sist\u0113m\u0101s, \u013caujot pielikumiem vai piederumiem p\u0101rvietoties un tos efekt\u012bvi vad\u012bt. \u0160ie cilindri ne tikai nodro\u0161ina vienm\u0113r\u012bgu kust\u012bbu, bet ar\u012b iztur lielas slodzes, nodro\u0161inot ma\u0161\u012bnu efekt\u012bvu darb\u012bbu un uzticam\u012bbu da\u017e\u0101dos darba apst\u0101k\u013cos.<\/p>\n<p><img decoding=\"async\" src=\"https:\/\/www.hydraulic-cylinders.net\/wp-content\/uploads\/2025\/01\/songte-company-2.webp\"><\/p>\n<h2>Funkcijas<\/h2>\n<ul>\n<li>\n<h3>Augstas efektivit\u0101tes p\u0101rraide<\/h3>\n<p>Sviras cilindrs var nodro\u0161in\u0101t jaud\u012bgu line\u0101ru kust\u012bbu un sp\u0113ku, garant\u0113jot meh\u0101nisk\u0101s sviras augstu efektivit\u0101ti da\u017e\u0101d\u0101s darb\u012bb\u0101s.<\/p>\n<\/li>\n<li>\n<h3>Prec\u012bza kontrole<\/h3>\n<p>Izmantojot hidraulisko sist\u0113mu, rokas cilindrs var pan\u0101kt prec\u012bzu kust\u012bbas vad\u012bbu, padarot pielikumu darb\u012bbu elast\u012bg\u0101ku un prec\u012bz\u0101ku.<\/p>\n<\/li>\n<li>\n<h3>Sp\u0113c\u012bga iztur\u012bba<\/h3>\n<p>Roku cilindri parasti ir izgatavoti no augstas iztur\u012bbas materi\u0101liem, kuriem ir laba nodilumiztur\u012bba un iztur\u012bba pret koroziju, un tie ir piem\u0113roti ilgsto\u0161ai lieto\u0161anai skarbos apst\u0101k\u013cos.<\/p>\n<\/li>\n<li>\n<h3>Daudzfunkcion\u0101la piel\u0101go\u0161an\u0101s sp\u0113ja<\/h3>\n<p>\u0160os cilindrus var pla\u0161i izmantot da\u017e\u0101d\u0101s meh\u0101nisk\u0101s iek\u0101rt\u0101s, piem\u0113ram, ekskavatoros, celt\u0146os un meh\u0101niskaj\u0101s svir\u0101s, piel\u0101gojoties da\u017e\u0101d\u0101m darba pras\u012bb\u0101m.<\/p>\n<\/li>\n<li>\n<h3>Vienk\u0101r\u0161a apkope<\/h3>\n<p>Izstr\u0101d\u0101ts, \u0146emot v\u0113r\u0101 vienk\u0101r\u0161u apkopi un nomai\u0146u, regul\u0101ras p\u0101rbaudes un apkope k\u013c\u016bst \u0113rt\u0101kas, samazinot iek\u0101rtu d\u012bkst\u0101ves laiku.<\/p>\n<\/li>\n<\/ul>\n<p>M\u0113s varam ra\u017eot \u0161o produktu k\u0101 perfektu \u0161o hidraulisko cilindru aizst\u0101j\u0113ju.<\/p>\n<p><img decoding=\"async\" src=\"https:\/\/www.hydraulic-cylinders.net\/wp-content\/uploads\/2025\/01\/songte-oil-pipes-and-spare-parts.webp\"><\/p>\n<h2>Pieteikumi<\/h2>\n<p>Sviru cilindri tiek izmantoti da\u017e\u0101d\u0101s nozar\u0113s, tostarp:<\/p>\n<ul>\n<li>\n<h3>B\u016bvniec\u012bbas in\u017eenierija<\/h3>\n<p>Ekskavatoros un celt\u0146os str\u0113les cilindri tiek izmantoti, lai kontrol\u0113tu kausu vai str\u0113les kust\u012bbu zemes darbos, materi\u0101lu apstr\u0101d\u0113 un konstrukciju uzst\u0101d\u012b\u0161an\u0101.<\/p>\n<\/li>\n<li>\n<h3>Ra\u017eo\u0161anas nozare<\/h3>\n<p>Automatiz\u0113t\u0101s ra\u017eo\u0161anas l\u012bnij\u0101s roku cilindri tiek izmantoti meh\u0101nisko roku kust\u012bbai, lai veiktu mont\u0101\u017eas, metin\u0101\u0161anas un apstr\u0101des procesus, uzlabojot ra\u017eo\u0161anas efektivit\u0101ti un precizit\u0101ti.<\/p>\n<\/li>\n<li>\n<h3>Lauksaimniec\u012bbas tehnika<\/h3>\n<p>Lauksaimniec\u012bbas ma\u0161\u012bn\u0101s, piem\u0113ram, kombainos un s\u0113jma\u0161\u012bn\u0101s, sviras cilindri kontrol\u0113 vad\u012bbas sviras kust\u012bbu, veicot t\u0101dus uzdevumus k\u0101 st\u0101d\u012b\u0161ana, m\u0113slo\u0161ana un ra\u017eas nov\u0101k\u0161ana.<\/p>\n<\/li>\n<li>\n<h3>Kalnr\u016bpniec\u012bba<\/h3>\n<p>Kalnr\u016bpniec\u012bbas iek\u0101rt\u0101s sviru cilindrus izmanto, lai kontrol\u0113tu kalnr\u016bpniec\u012bbas iek\u0101rtu sviru kust\u012bbu r\u016bdas ieguvei un transport\u0113\u0161anai.<\/p>\n<\/li>\n<li>\n<h3>Lo\u0123istika un transports<\/h3>\n<p>Iekr\u0101v\u0113jos un apstr\u0101des robotos roku cilindri tiek izmantoti, lai kontrol\u0113tu dak\u0161as pacel\u0161anu un kust\u012bbu, realiz\u0113jot materi\u0101lu apstr\u0101di un sakrau\u0161anu.<\/p>\n<\/li>\n<\/ul>\n<h2>Dizaina apsv\u0113rumi un atlases krit\u0113riji<\/h2>\n<ul>\n<li>\n<h3>Nestsp\u0113ja<\/h3>\n<p>Sviru cilindriem j\u0101b\u016bt konstru\u0113tiem t\u0101, lai tie iztur\u0113tu paredzam\u0101s slodzes to darb\u012bbas laik\u0101, lai nodro\u0161in\u0101tu dro\u0161u un uzticamu lieto\u0161anu.<\/p>\n<\/li>\n<li>\n<h3>Bl\u012bv\u0113juma veiktsp\u0113ja<\/h3>\n<p>Lai nov\u0113rstu \u0161\u0137idruma nopl\u016bdi un uztur\u0113tu cilindra darb\u012bbu, j\u0101izmanto da\u017e\u0101di bl\u012bv\u0113jumi, piem\u0113ram, virzu\u013ca bl\u012bv\u0113jumi un stie\u0146a bl\u012bv\u0113jumi.<\/p>\n<\/li>\n<li>\n<h3>Iztur\u012bba<\/h3>\n<p>Sviru cilindriem j\u0101b\u016bt izgatavotiem no augstas stipr\u012bbas materi\u0101liem un tiem j\u0101veic smalka virsmas apstr\u0101de, lai uzlabotu to nodilumiztur\u012bbu un iztur\u012bbu pret koroziju.<\/p>\n<\/li>\n<li>\n<h3>Dro\u0161\u012bba<\/h3>\n<p>Sviru cilindri j\u0101projekt\u0113, \u0146emot v\u0113r\u0101 dro\u0161\u012bbu, un j\u0101veic pas\u0101kumi, lai nov\u0113rstu negad\u012bjumus to darb\u012bbas laik\u0101.<\/p>\n<\/li>\n<li>\n<h3>Apkope<\/h3>\n<p>Sviru cilindriem j\u0101b\u016bt konstru\u0113tiem t\u0101, lai tos b\u016btu viegli apkopt un remont\u0113t, lai samazin\u0101tu iek\u0101rtu d\u012bkst\u0101ves laiku un izmaksas.<\/p>\n<\/li>\n<\/ul>\n<p><img decoding=\"async\" src=\"https:\/\/www.hydraulic-cylinders.net\/wp-content\/uploads\/2025\/01\/songte-cylinder-head-with-all-kinds-excavator-models.webp\"><\/p>\n<h2>Bl\u012bv\u0113\u0161ana un e\u013c\u013co\u0161ana<\/h2>\n<p>Lai nov\u0113rstu \u0161\u0137idruma nopl\u016bdi un uztur\u0113tu cilindra darb\u012bbu, sviru cilindros j\u0101izmanto da\u017e\u0101di bl\u012bv\u0113jumi, piem\u0113ram, virzu\u013ca bl\u012bv\u0113jumi un stie\u0146a bl\u012bv\u0113jumi. Bl\u012bv\u0113jumiem j\u0101b\u016bt izgatavotiem no nodilumiztur\u012bgiem materi\u0101liem, piem\u0113ram, poliuret\u0101na un nitrila gumijas. Turkl\u0101t cilindra korpuss un v\u012bt\u0146ot\u0101 gala virsma ir r\u016bp\u012bgi j\u0101apstr\u0101d\u0101, lai uzlabotu to nodilumiztur\u012bbu. Lai nodro\u0161in\u0101tu cilindra vienm\u0113r\u012bgu un efekt\u012bvu darb\u012bbu, ir nepiecie\u0161ama ar\u012b regul\u0101ra e\u013c\u013co\u0161ana ar atbilsto\u0161u hidraulisko e\u013c\u013cu.<\/p>\n<h2>Profilaktisk\u0101 apkope un probl\u0113mu nov\u0113r\u0161ana<\/h2>\n<p>Lai nov\u0113rstu iesp\u0113jam\u0101s probl\u0113mas un nodro\u0161in\u0101tu sviru cilindru uzticam\u012bbu un veiktsp\u0113ju, j\u0101veic regul\u0101ras p\u0101rbaudes un apkope. Probl\u0113mu nov\u0113r\u0161ana var ietvert:<\/p>\n<ul>\n<li>\n<h3>Nopl\u016bde<\/h3>\n<p>P\u0101rbaudiet, vai bl\u012bves nav boj\u0101tas vai nodilu\u0161as, un, ja nepiecie\u0161ams, nomainiet t\u0101s.<\/p>\n<\/li>\n<li>\n<h3>Zema efektivit\u0101te<\/h3>\n<p>P\u0101rbaudiet, vai cilindrs darbojas nevainojami, un p\u0101rbaudiet hidraulisko sist\u0113mu, vai nav darb\u012bbas trauc\u0113jumu, kas var\u0113tu ietekm\u0113t efektivit\u0101ti.<\/p>\n<\/li>\n<li>\n<h3>Troksnis<\/h3>\n<p>P\u0101rbaudiet, vai cilindrs ir pareizi iee\u013c\u013cots un vai virzulim vai stienim nav aizsprostojumu vai boj\u0101jumu.<\/p>\n<\/li>\n<\/ul>\n<p>Prevent\u012bvie pas\u0101kumi var ietvert:<\/p>\n<ul>\n<li>\n<h3>Regul\u0101ras p\u0101rbaudes<\/h3>\n<p>Regul\u0101ri p\u0101rbaudiet cilindru, vai nav nodiluma vai boj\u0101jumu paz\u012bmju, un nepiecie\u0161am\u012bbas gad\u012bjum\u0101 nomainiet deta\u013cas.<\/p>\n<\/li>\n<li>\n<h3>Pareiza e\u013c\u013co\u0161ana<\/h3>\n<p>P\u0101rliecinieties, ka cilindrs ir pien\u0101c\u012bgi iee\u013c\u013cots ar atbilsto\u0161u hidraulisko e\u013c\u013cu.<\/p>\n<\/li>\n<li>\n<h3>Dro\u0161\u012bbas pas\u0101kumi<\/h3>\n<p>Lai nov\u0113rstu negad\u012bjumus, p\u0101rliecinieties, vai cilindrs ir pareizi uzst\u0101d\u012bts un darbin\u0101ts saska\u0146\u0101 ar dro\u0161\u012bbas vadl\u012bnij\u0101m.<\/p>\n<\/li>\n<\/ul>\n<p><img decoding=\"async\" src=\"https:\/\/www.hydraulic-cylinders.net\/wp-content\/uploads\/2025\/01\/songte-chushion-collar.webp\"><\/p>\n<h2>Instal\u0101cijas rokasgr\u0101mata<\/h2>\n<p>Uzst\u0101dot sviras cilindru, r\u012bkojieties \u0161\u0101di:<\/p>\n<ol>\n<li>P\u0101rliecinieties, ka apr\u012bkojums ir pareizi nostiprin\u0101ts un atbalst\u012bts, lai nov\u0113rstu negad\u012bjumus.<\/li>\n<li>No\u0146emiet visas vec\u0101s vai boj\u0101t\u0101s cilindra deta\u013cas un sagatavojiet jauno cilindru uzst\u0101d\u012b\u0161anai.<\/li>\n<li>Ievietojiet virzu\u013ca stieni cilindra korpus\u0101 un nostipriniet to ar fiks\u0101cijas uzgriezni.<\/li>\n<li>Uzst\u0101diet cilindru uz iek\u0101rtas un nostipriniet to viet\u0101 ar skr\u016bv\u0113m vai tap\u0101m.<\/li>\n<li>Pievienojiet hidraulisk\u0101s l\u012bnijas cilindram un piepildiet to ar atbilsto\u0161u hidraulisko e\u013c\u013cu.<\/li>\n<li>P\u0101rbaudiet cilindra pareizu darb\u012bbu un vai nav nopl\u016b\u017eu vai boj\u0101jumu paz\u012bmju.<\/li>\n<\/ol>\n<p><img decoding=\"async\" src=\"https:\/\/www.hydraulic-cylinders.net\/wp-content\/uploads\/2025\/01\/songte-bushings-with-all-kinds-of-excavator-models.webp\"><\/p>\n<h2>Dro\u0161\u012bbas un vides apsv\u0113rumi<\/h2>\n<p>Dro\u0161\u012bba ir galven\u0101 priorit\u0101te, r\u012bkojoties ar hidraulisko apr\u012bkojumu. Lai nov\u0113rstu negad\u012bjumus un traumas, nodro\u0161iniet, lai uzst\u0101d\u012b\u0161anas, ekspluat\u0101cijas un apkopes laik\u0101 tiktu iev\u0113rotas visas dro\u0161\u012bbas vadl\u012bnijas. Turkl\u0101t sviru cilindri ir pareizi j\u0101izn\u012bcina, lai nov\u0113rstu vides pies\u0101r\u0146o\u0161anu.<\/p>\n<h2>Uz\u0146\u0113muma ievads<\/h2>\n<p>M\u0113s esam profesion\u0101ls rezerves hidraulisko cilindru ra\u017eot\u0101js ar pla\u0161u produktu kl\u0101stu un esam k\u013cuvu\u0161i par vienu no vado\u0161ajiem hidraulisko cilindru ra\u017eot\u0101jiem un vairumtirdzniec\u012bbas izplat\u012bt\u0101jiem viet\u0113j\u0101 un starptautiskaj\u0101 tirg\u016b. M\u0113s vienm\u0113r iev\u0113rojam izcil\u012bbas kvalit\u0101tes principu un pa\u013caujamies uz smalkas ra\u017eo\u0161anas darbn\u012bcas industrializ\u0113tas ra\u017eo\u0161anas vad\u012bbas strat\u0113\u0123iju, lai nep\u0101rtraukti uzlabotu m\u016bsu tehnolo\u0123ijas un ra\u017eo\u0161anas efektivit\u0101ti. Ievie\u0161ot augstas klases digit\u0101l\u0101s ra\u017eo\u0161anas iek\u0101rtas un profesion\u0101las test\u0113\u0161anas sist\u0113mas, m\u0113s nep\u0101rtraukti optimiz\u0113jam savu ra\u017eo\u0161anas platformu un uzlabojam produktu kvalit\u0101tes kontroles procesu, izmantojot sp\u0113c\u012bgas inov\u0101ciju iesp\u0113jas. M\u016bsu m\u0113r\u0137is ir apmierin\u0101t klientu da\u017e\u0101d\u0101s vajadz\u012bbas, izmantojot augstu efektivit\u0101ti, precizit\u0101ti un augstas kvalit\u0101tes principus.<\/p>\n<p>M\u016bsu uz\u0146\u0113mums nodro\u0161ina profesion\u0101lus pakalpojumus, starptautisku sertifik\u0101ciju, piel\u0101gotus pakalpojumus, ra\u017eo\u0161anas iek\u0101rtas un p\u0113cp\u0101rdo\u0161anas apkalpo\u0161anu, lai apmierin\u0101tu klientu vajadz\u012bbas. Mums ir \u012bpa\u0161a profesion\u0101\u013cu komanda, kas ir ap\u0146\u0113musies nodro\u0161in\u0101t m\u016bsu klientiem augstas kvalit\u0101tes produktus un pakalpojumus.<\/p>\n<p><img decoding=\"async\" src=\"https:\/\/www.hydraulic-cylinders.net\/wp-content\/uploads\/2025\/01\/songte-company-4.webp\"><br \/>\n<img decoding=\"async\" src=\"https:\/\/www.hydraulic-cylinders.net\/wp-content\/uploads\/2025\/01\/songte-company-3.webp\"><\/p>\n<p>Autors: lil<\/p>","protected":false},"excerpt":{"rendered":"<p>Arm Cylinder For Jingong Wheel Type JCM909L Introduction An arm cylinder is a specially designed hydraulic cylinder that is mainly used to provide linear motion and power to the arms of various types of machinery, such as excavators, cranes, and mechanical arms. Arm cylinders play a key role in hydraulic systems, allowing attachments or accessories [&hellip;]<\/p>","protected":false},"featured_media":14783,"comment_status":"open","ping_status":"closed","template":"","meta":{"_et_pb_use_builder":"","_et_pb_old_content":"","_et_gb_content_width":""},"product_brand":[],"product_cat":[1497],"product_tag":[1498,1496],"class_list":{"0":"post-16688","1":"product","2":"type-product","3":"status-publish","4":"has-post-thumbnail","6":"product_cat-arm-cylinders","7":"product_tag-arm-cylinders","8":"product_tag-hydraulic-cylinders","10":"first","11":"instock","12":"shipping-taxable","13":"product-type-simple"},"amp_enabled":true,"_links":{"self":[{"href":"https:\/\/www.hydraulic-cylinders.net\/lv\/wp-json\/wp\/v2\/product\/16688","targetHints":{"allow":["GET"]}}],"collection":[{"href":"https:\/\/www.hydraulic-cylinders.net\/lv\/wp-json\/wp\/v2\/product"}],"about":[{"href":"https:\/\/www.hydraulic-cylinders.net\/lv\/wp-json\/wp\/v2\/types\/product"}],"replies":[{"embeddable":true,"href":"https:\/\/www.hydraulic-cylinders.net\/lv\/wp-json\/wp\/v2\/comments?post=16688"}],"wp:featuredmedia":[{"embeddable":true,"href":"https:\/\/www.hydraulic-cylinders.net\/lv\/wp-json\/wp\/v2\/media\/14783"}],"wp:attachment":[{"href":"https:\/\/www.hydraulic-cylinders.net\/lv\/wp-json\/wp\/v2\/media?parent=16688"}],"wp:term":[{"taxonomy":"product_brand","embeddable":true,"href":"https:\/\/www.hydraulic-cylinders.net\/lv\/wp-json\/wp\/v2\/product_brand?post=16688"},{"taxonomy":"product_cat","embeddable":true,"href":"https:\/\/www.hydraulic-cylinders.net\/lv\/wp-json\/wp\/v2\/product_cat?post=16688"},{"taxonomy":"product_tag","embeddable":true,"href":"https:\/\/www.hydraulic-cylinders.net\/lv\/wp-json\/wp\/v2\/product_tag?post=16688"}],"curies":[{"name":"wp","href":"https:\/\/api.w.org\/{rel}","templated":true}]}}