{"id":16690,"date":"2025-01-21T05:47:14","date_gmt":"2025-01-21T05:47:14","guid":{"rendered":"https:\/\/www.hydraulic-cylinders.net\/product\/arm-cylinder-for-jchi-ns09-7\/"},"modified":"2025-01-21T05:47:17","modified_gmt":"2025-01-21T05:47:17","slug":"arm-cylinder-for-jchi-ns09-7","status":"publish","type":"product","link":"https:\/\/www.hydraulic-cylinders.net\/lv\/products\/arm-cylinder-for-jchi-ns09-7\/","title":{"rendered":"Sviras cilindrs JCHI NS09-7"},"content":{"rendered":"<h1>Sviras cilindrs JCHI NS09-7<\/h1>\n<h2>Ievads<\/h2>\n<p>JCHI NS09-7 sviras cilindrs ir specializ\u0113ts hidrauliskais cilindrs, kas paredz\u0113ts, lai nodro\u0161in\u0101tu line\u0101ru kust\u012bbu un jaudu da\u017e\u0101du veidu ma\u0161\u012bnu, piem\u0113ram, ekskavatoru, celt\u0146u un robotiz\u0113tu roku, svirai. Sviras cilindram ir iz\u0161\u0137iro\u0161a noz\u012bme hidrauliskaj\u0101s sist\u0113m\u0101s, \u013caujot efekt\u012bvi p\u0101rvietot un kontrol\u0113t papildu instrumentus vai stiprin\u0101jumus. \u0160ie cilindri ne tikai nodro\u0161ina vienm\u0113r\u012bgu kust\u012bbu, bet ar\u012b sp\u0113j iztur\u0113t lielas slodzes, nodro\u0161inot efekt\u012bvu darb\u012bbu un uzticam\u012bbu da\u017e\u0101dos darba apst\u0101k\u013cos.<\/p>\n<h2><img decoding=\"async\" src=\"https:\/\/www.hydraulic-cylinders.net\/wp-content\/uploads\/2025\/01\/songte-company-2.webp\" alt=\"Sviras cilindra att\u0113ls\"><\/h2>\n<h2>Funkcijas<\/h2>\n<ul>\n<li><strong>Augstas efektivit\u0101tes p\u0101rraide:<\/strong> Sviras cilindrs nodro\u0161ina jaud\u012bgu line\u0101ru kust\u012bbu un sp\u0113ku, garant\u0113jot augstu veiktsp\u0113ju da\u017e\u0101du darb\u012bbu laik\u0101.<\/li>\n<li><strong>Prec\u012bza kontrole:<\/strong> Izmantojot hidraulisko sist\u0113mu, rokas cilindrs nodro\u0161ina prec\u012bzu kust\u012bbas vad\u012bbu, padarot darb\u012bbas ar pievienotajiem instrumentiem elast\u012bg\u0101kas un prec\u012bz\u0101kas.<\/li>\n<li><strong>Iztur\u012bba:<\/strong> Sviru cilindri parasti ir izgatavoti no augstas iztur\u012bbas materi\u0101liem, kas nodro\u0161ina izcilu iztur\u012bbu pret nodilumu un koroziju, un ir piem\u0113roti ilgsto\u0161ai lieto\u0161anai skarbos apst\u0101k\u013cos.<\/li>\n<li><strong>Daudzpus\u012bba:<\/strong> \u0160iem cilindriem ir pla\u0161s pielietojums da\u017e\u0101d\u0101s ma\u0161\u012bn\u0101s, piem\u0113ram, ekskavatoros, celt\u0146os un robotiz\u0113t\u0101s rok\u0101s, piel\u0101gojoties da\u017e\u0101d\u0101m darba pras\u012bb\u0101m.<\/li>\n<li><strong>Vienk\u0101r\u0161a apkope:<\/strong> Sviras cilindrs ir izstr\u0101d\u0101ts, \u0146emot v\u0113r\u0101 vienk\u0101r\u0161u apkopi un nomai\u0146u, un tas nodro\u0161ina \u0113rtas periodiskas p\u0101rbaudes un apkopi, samazinot iek\u0101rtu d\u012bkst\u0101ves laiku.<\/li>\n<\/ul>\n<h2><img decoding=\"async\" src=\"https:\/\/www.hydraulic-cylinders.net\/wp-content\/uploads\/2025\/01\/songte-oil-pipes-and-spare-parts.webp\" alt=\"Sviras cilindra rezerves da\u013cu att\u0113ls\"><\/h2>\n<h2>Pieteikumi<\/h2>\n<p>JCHI NS09-7 sviras cilindrs tiek izmantots da\u017e\u0101d\u0101s nozar\u0113s:<\/p>\n<h3>1. B\u016bvniec\u012bbas in\u017eenierija<\/h3>\n<p>Ekskavatoros un celt\u0146os sviras cilindrs kontrol\u0113 kausu vai str\u0113les kust\u012bbu zemes darbos, materi\u0101lu apstr\u0101d\u0113 un konstrukciju uzst\u0101d\u012b\u0161an\u0101.<\/p>\n<h3>2. Ra\u017eo\u0161ana<\/h3>\n<p>Automatiz\u0113t\u0101s ra\u017eo\u0161anas l\u012bnij\u0101s rokas cilindrs atvieglo robotiz\u0113to roku kust\u012bbu mont\u0101\u017eas, metin\u0101\u0161anas un materi\u0101lu apstr\u0101des procesos, uzlabojot ra\u017eo\u0161anas efektivit\u0101ti un precizit\u0101ti.<\/p>\n<h3>3. Lauksaimniec\u012bbas tehnika<\/h3>\n<p>Lauksaimniec\u012bbas tehnik\u0101, piem\u0113ram, kombainos un s\u0113jma\u0161\u012bn\u0101s, sviras cilindrs kontrol\u0113 vad\u012bbas sviru kust\u012bbu t\u0101diem uzdevumiem k\u0101 s\u0113\u0161ana, m\u0113slo\u0161ana un ra\u017eas nov\u0101k\u0161ana.<\/p>\n<h3>4. Kalnr\u016bpniec\u012bba<\/h3>\n<p>Kalnr\u016bpniec\u012bbas iek\u0101rt\u0101s rokas cilindrs kontrol\u0113 rokas kust\u012bbu ieguves un materi\u0101lu apstr\u0101des oper\u0101cij\u0101s.<\/p>\n<h3>5. Lo\u0123istika un transports<\/h3>\n<p>Iekr\u0101v\u0113jos un apstr\u0101des robotos rokas cilindrs kontrol\u0113 dak\u0161u pacel\u0161anu un kust\u012bbu, atvieglojot materi\u0101lu apstr\u0101di un sakrau\u0161anu.<\/p>\n<h2><img decoding=\"async\" src=\"https:\/\/www.hydraulic-cylinders.net\/wp-content\/uploads\/2025\/01\/songte-cylinder-head-with-all-kinds-excavator-models.webp\" alt=\"Sviras cilindra konstrukcijas apsv\u0113rumi\"><\/h2>\n<h2>Dizaina apsv\u0113rumi un atlases krit\u0113riji<\/h2>\n<p>Projekt\u0113jot cilindra sviru, tiek \u0146emti v\u0113r\u0101 vair\u0101ki galvenie faktori:<\/p>\n<h3>1. Nestsp\u0113ja<\/h3>\n<p>Sviras cilindrs ir konstru\u0113ts t\u0101, lai iztur\u0113tu nepiecie\u0161amo slodzi un sp\u0113kus, kas tiek pielikti darb\u012bbas laik\u0101, nodro\u0161inot dro\u0161u un uzticamu darb\u012bbu.<\/p>\n<h3>2. Bl\u012bv\u0113\u0161ana<\/h3>\n<p>Da\u017e\u0101du bl\u012bv\u0113\u0161anas komponentu, piem\u0113ram, virzu\u013ca bl\u012bv\u0113jumu un stie\u0146u bl\u012bv\u0113jumu, kas izgatavoti no nodilumiztur\u012bgiem materi\u0101liem, piem\u0113ram, poliuret\u0101na un nitrila gumijas, izmanto\u0161ana nodro\u0161ina efekt\u012bvu bl\u012bv\u0113\u0161anu, lai nov\u0113rstu nopl\u016bdes un nodro\u0161in\u0101tu hidraulisko efektivit\u0101ti.<\/p>\n<h3>3. Iztur\u012bba<\/h3>\n<p>Sviras cilindrs ir izgatavots, izmantojot augstas kvalit\u0101tes materi\u0101lus, un tam ir veikta virsmas apstr\u0101de, lai uzlabotu nodilumiztur\u012bbu, nodro\u0161inot iztur\u012bbu sare\u017e\u0123\u012btos apst\u0101k\u013cos.<\/p>\n<h3>4. Dro\u0161\u012bba<\/h3>\n<p>Dro\u0161\u012bbas apsv\u0113rumi ietver atbilsto\u0161u dro\u0161\u012bbas elementu projekt\u0113\u0161anu, lai nov\u0113rstu negad\u012bjumus un nodro\u0161in\u0101tu operatoru un iek\u0101rtu aizsardz\u012bbu.<\/p>\n<h3>5. Uzturam\u012bba<\/h3>\n<p>Vienk\u0101r\u0161a apkope un remont\u0113jam\u012bba ir svar\u012bgi projekt\u0113\u0161anas apsv\u0113rumi, kas \u013cauj veikt regul\u0101ras p\u0101rbaudes, apkopi un minim\u0101lu d\u012bkst\u0101ves laiku.<\/p>\n<h2><img decoding=\"async\" src=\"https:\/\/www.hydraulic-cylinders.net\/wp-content\/uploads\/2025\/01\/songte-chushion-collar.webp\" alt=\"Sviras cilindra apkope\"><\/h2>\n<h2>Bl\u012bv\u0113\u0161ana un e\u013c\u013co\u0161ana<\/h2>\n<p>Sviras cilindr\u0101 tiek izmantoti da\u017e\u0101di bl\u012bv\u0113\u0161anas komponenti, piem\u0113ram, virzu\u013ca bl\u012bvsl\u0113gi \u200b\u200bun stie\u0146a bl\u012bvsl\u0113gi, kas ir izgatavoti no nodilumiztur\u012bgiem materi\u0101liem, piem\u0113ram, poliuret\u0101na un nitrila gumijas. Cilindra korpuss un v\u012bt\u0146ot\u0101s gala virsmas tiek r\u016bp\u012bgi apstr\u0101d\u0101tas, lai uzlabotu nodilumiztur\u012bbu. Lai nodro\u0161in\u0101tu vienm\u0113r\u012bgu darb\u012bbu un samazin\u0101tu berzi, ir nepiecie\u0161ama regul\u0101ra e\u013c\u013co\u0161ana ar atbilsto\u0161u hidraulisk\u0101s e\u013c\u013cas daudzumu.<\/p>\n<h2>Apkopes un prevent\u012bvie pas\u0101kumi<\/h2>\n<ul>\n<li>Regul\u0101ri p\u0101rbaudiet sviras cilindru, vai nav nodiluma, nopl\u016b\u017eu vai boj\u0101jumu paz\u012bmju.<\/li>\n<li>Nodro\u0161iniet pareizu cilindra e\u013c\u013co\u0161anu un nepiecie\u0161am\u012bbas gad\u012bjum\u0101 nomainiet bl\u012bves.<\/li>\n<li>Iev\u0113rojiet ra\u017eot\u0101ja ieteiktos apkopes grafikus un vadl\u012bnijas.<\/li>\n<li>Apm\u0101ciet operatorus par pareizu rokas cilindra lieto\u0161anu un apie\u0161anos ar to.<\/li>\n<li>\u012astenojiet prevent\u012bvus apkopes pas\u0101kumus, lai identific\u0113tu un risin\u0101tu potenci\u0101l\u0101s probl\u0113mas, pirms t\u0101s rada nopietnas probl\u0113mas.<\/li>\n<\/ul>\n<h2><img decoding=\"async\" src=\"https:\/\/www.hydraulic-cylinders.net\/wp-content\/uploads\/2025\/01\/songte-bushings-with-all-kinds-of-excavator-models.webp\" alt=\"Sviras cilindra uzst\u0101d\u012b\u0161ana\"><\/h2>\n<h2>Produkta uzst\u0101d\u012b\u0161anas rokasgr\u0101mata<\/h2>\n<p>Pareiza JCHI NS09-7 sviras cilindra uzst\u0101d\u012b\u0161ana ir \u013coti svar\u012bga t\u0101 optim\u0101lai veiktsp\u0113jai un ilgm\u016b\u017e\u012bbai. \u0160eit ir ieteicam\u0101s uzst\u0101d\u012b\u0161anas darb\u012bbas:<\/p>\n<ol>\n<li>P\u0101rliecinieties, vai iek\u0101rta ir izsl\u0113gta un hidrauliskaj\u0101 sist\u0113m\u0101 nav spiediena.<\/li>\n<li>Novietojiet sviras cilindru v\u0113lamaj\u0101 viet\u0101, izl\u012bdzinot to ar stiprin\u0101juma punktiem.<\/li>\n<li>Dro\u0161i piestipriniet cilindru, izmantojot atbilsto\u0161as \u200b\u200bskr\u016bves un stiprin\u0101jumus, iev\u0113rojot ra\u017eot\u0101ja specifik\u0101cijas.<\/li>\n<li>Pievienojiet hidraulisk\u0101s \u0161\u013c\u016btenes vai caurules cilindram, nodro\u0161inot pareizu bl\u012bv\u0113jumu un cie\u0161us savienojumus.<\/li>\n<li>Veiciet r\u016bp\u012bgu instal\u0101cijas p\u0101rbaudi, lai p\u0101rliecin\u0101tos, ka viss ir pareizi izl\u012bdzin\u0101ts un nostiprin\u0101ts.<\/li>\n<li>P\u0101rbaudiet sviras cilindra pareizu darb\u012bbu, p\u0101rbaudot, vai nav dzirdamas neparastas ska\u0146as vai nopl\u016bdes.<\/li>\n<\/ol>\n<h2><img decoding=\"async\" src=\"https:\/\/www.hydraulic-cylinders.net\/wp-content\/uploads\/2025\/01\/songte-company-4.webp\" alt=\"Uz\u0146\u0113muma p\u0101rskats\"><\/h2>\n<h2>Uz\u0146\u0113muma p\u0101rskats<\/h2>\n<p>M\u0113s esam profesion\u0101ls rezerves hidraulisko cilindru ra\u017eot\u0101js, kas pied\u0101v\u0101 pla\u0161u produktu kl\u0101stu. Esam k\u013cuvu\u0161i par vienu no vado\u0161ajiem ra\u017eot\u0101jiem un vairumtirgot\u0101jiem viet\u0113j\u0101 un starptautiskaj\u0101 tirg\u016b. M\u016bsu ap\u0146em\u0161an\u0101s sasniegt izcil\u012bbu un industrializ\u0113tas ra\u017eo\u0161anas vad\u012bbas strat\u0113\u0123ijas m\u016bsu sare\u017e\u0123\u012btaj\u0101 ra\u017eo\u0161anas darbn\u012bc\u0101 ir \u013c\u0101vu\u0161as mums nep\u0101rtraukti uzlabot m\u016bsu tehnisk\u0101s iesp\u0113jas un ra\u017eo\u0161anas efektivit\u0101ti.<\/p>\n<p>Ievie\u0161ot augst\u0101k\u0101s klases digit\u0101l\u0101s ra\u017eo\u0161anas iek\u0101rtas un profesion\u0101las test\u0113\u0161anas sist\u0113mas, m\u0113s optimiz\u0113jam savu ra\u017eo\u0161anas platformu un uzlabojam produktu kvalit\u0101tes kontroles procesus. Mums ir sp\u0113c\u012bgas inov\u0101ciju sp\u0113jas. M\u016bsu m\u0113r\u0137is ir apmierin\u0101t da\u017e\u0101das klientu vajadz\u012bbas, iev\u0113rojot efektivit\u0101tes, precizit\u0101tes un augstas kvalit\u0101tes principus.<\/p>\n<h2><img decoding=\"async\" src=\"https:\/\/www.hydraulic-cylinders.net\/wp-content\/uploads\/2025\/01\/songte-company-3.webp\" alt=\"Uz\u0146\u0113muma zin\u0101\u0161anas\"><\/h2>\n<h2>K\u0101p\u0113c izv\u0113l\u0113ties m\u016bs?<\/h2>\n<ul>\n<li><strong>Profesionalit\u0101te:<\/strong> M\u0113s esam eksperti hidraulisko cilindru ra\u017eo\u0161anas jom\u0101 ar pla\u0161\u0101m zin\u0101\u0161an\u0101m un pieredzi.<\/li>\n<li><strong>Starptautisk\u0101s sertifik\u0101cijas:<\/strong> M\u016bsu produkti atbilst starptautiskajiem kvalit\u0101tes un dro\u0161\u012bbas standartiem, nodro\u0161inot uzticam\u012bbu un veiktsp\u0113ju.<\/li>\n<li><strong>Piel\u0101go\u0161anas pakalpojumi:<\/strong> M\u0113s pied\u0101v\u0101jam piel\u0101gotus risin\u0101jumus, lai apmierin\u0101tu \u012bpa\u0161as klientu pras\u012bbas.<\/li>\n<li><strong>Uzlabots ra\u017eo\u0161anas apr\u012bkojums:<\/strong> M\u0113s izmantojam modern\u0101k\u0101s ra\u017eo\u0161anas iek\u0101rtas, lai nodro\u0161in\u0101tu precizit\u0101ti un efektivit\u0101ti.<\/li>\n<li><strong>P\u0113cp\u0101rdo\u0161anas serviss:<\/strong> M\u016bsu \u012bpa\u0161i izveidot\u0101 komanda nodro\u0161ina lielisku p\u0113cp\u0101rdo\u0161anas atbalstu, risinot visas probl\u0113mas vai jaut\u0101jumus.<\/li>\n<\/ul>\n<p>Atcerieties, ka raksta lo\u0123isk\u0101 organiz\u0101cija, apak\u0161virsrakstu izmanto\u0161ana navig\u0101cijai un atbilsto\u0161u att\u0113lu vai diagrammu iek\u013cau\u0161ana veicina izpratni. Saturam j\u0101b\u016bt skaidram, kodol\u012bgam un piem\u0113rotam las\u012bt\u0101jiem ar da\u017e\u0101diem tehnisko zin\u0101\u0161anu l\u012bme\u0146iem.<\/p>\n<p><em>Autors: Lails.<\/em><\/p>","protected":false},"excerpt":{"rendered":"<p>Arm Cylinder For JCHI NS09-7 Introduction The Arm Cylinder For JCHI NS09-7 is a specialized hydraulic cylinder designed to provide linear motion and power to the arm of various types of machinery such as excavators, cranes, and robotic arms. The arm cylinder plays a crucial role in hydraulic systems, allowing for efficient movement and control [&hellip;]<\/p>","protected":false},"featured_media":14777,"comment_status":"open","ping_status":"closed","template":"","meta":{"_et_pb_use_builder":"","_et_pb_old_content":"","_et_gb_content_width":""},"product_brand":[],"product_cat":[1497],"product_tag":[1498,1496],"class_list":{"0":"post-16690","1":"product","2":"type-product","3":"status-publish","4":"has-post-thumbnail","6":"product_cat-arm-cylinders","7":"product_tag-arm-cylinders","8":"product_tag-hydraulic-cylinders","10":"first","11":"instock","12":"shipping-taxable","13":"product-type-simple"},"amp_enabled":true,"_links":{"self":[{"href":"https:\/\/www.hydraulic-cylinders.net\/lv\/wp-json\/wp\/v2\/product\/16690","targetHints":{"allow":["GET"]}}],"collection":[{"href":"https:\/\/www.hydraulic-cylinders.net\/lv\/wp-json\/wp\/v2\/product"}],"about":[{"href":"https:\/\/www.hydraulic-cylinders.net\/lv\/wp-json\/wp\/v2\/types\/product"}],"replies":[{"embeddable":true,"href":"https:\/\/www.hydraulic-cylinders.net\/lv\/wp-json\/wp\/v2\/comments?post=16690"}],"wp:featuredmedia":[{"embeddable":true,"href":"https:\/\/www.hydraulic-cylinders.net\/lv\/wp-json\/wp\/v2\/media\/14777"}],"wp:attachment":[{"href":"https:\/\/www.hydraulic-cylinders.net\/lv\/wp-json\/wp\/v2\/media?parent=16690"}],"wp:term":[{"taxonomy":"product_brand","embeddable":true,"href":"https:\/\/www.hydraulic-cylinders.net\/lv\/wp-json\/wp\/v2\/product_brand?post=16690"},{"taxonomy":"product_cat","embeddable":true,"href":"https:\/\/www.hydraulic-cylinders.net\/lv\/wp-json\/wp\/v2\/product_cat?post=16690"},{"taxonomy":"product_tag","embeddable":true,"href":"https:\/\/www.hydraulic-cylinders.net\/lv\/wp-json\/wp\/v2\/product_tag?post=16690"}],"curies":[{"name":"wp","href":"https:\/\/api.w.org\/{rel}","templated":true}]}}