{"id":16695,"date":"2025-01-21T05:47:37","date_gmt":"2025-01-21T05:47:37","guid":{"rendered":"https:\/\/www.hydraulic-cylinders.net\/product\/arm-cylinder-for-jchi-ns75-7\/"},"modified":"2025-01-21T05:47:39","modified_gmt":"2025-01-21T05:47:39","slug":"arm-cylinder-for-jchi-ns75-7","status":"publish","type":"product","link":"https:\/\/www.hydraulic-cylinders.net\/lv\/products\/arm-cylinder-for-jchi-ns75-7\/","title":{"rendered":"Sviras cilindrs JCHI NS75-7"},"content":{"rendered":"<h2>Sviras cilindrs JCHI NS75-7<\/h2>\n<h3>Ievads<\/h3>\n<p>Sviras cilindrs ir speci\u0101li izstr\u0101d\u0101ts hidrauliskais cilindrs, ko galvenok\u0101rt izmanto, lai nodro\u0161in\u0101tu line\u0101ru kust\u012bbu un jaudu da\u017e\u0101du ma\u0161\u012bnu, piem\u0113ram, ekskavatoru, celt\u0146u un robotu roku, svirai. Sviras cilindram ir iz\u0161\u0137iro\u0161a noz\u012bme hidrauliskaj\u0101s sist\u0113m\u0101s, \u013caujot pievienotajiem instrumentiem vai stiprin\u0101jumiem p\u0101rvietoties un tos efekt\u012bvi vad\u012bt. \u0160ie cilindri ne tikai nodro\u0161ina vienm\u0113r\u012bgu kust\u012bbu, bet ar\u012b iztur lielas slodzes, nodro\u0161inot ma\u0161\u012bnu efekt\u012bvu darb\u012bbu un uzticam\u012bbu da\u017e\u0101dos darba apst\u0101k\u013cos.<\/p>\n<p><img decoding=\"async\" src=\"https:\/\/www.hydraulic-cylinders.net\/wp-content\/uploads\/2025\/01\/songte-company-2.webp\"><\/p>\n<h3>Funkcijas<\/h3>\n<ul>\n<li>Augstas efektivit\u0101tes jaudas p\u0101rvade: Rokas cilindrs var nodro\u0161in\u0101t jaud\u012bgu line\u0101ru kust\u012bbu un sp\u0113ku, garant\u0113jot robotiz\u0113t\u0101s rokas augstu efektivit\u0101ti da\u017e\u0101d\u0101s darb\u012bb\u0101s.<\/li>\n<li>Prec\u012bza vad\u012bba: Izmantojot hidraulisko sist\u0113mu, rokas cilindrs var pan\u0101kt prec\u012bzu kust\u012bbas vad\u012bbu, padarot pievienoto instrumentu darb\u012bbu elast\u012bg\u0101ku un prec\u012bz\u0101ku.<\/li>\n<li>Sp\u0113c\u012bga iztur\u012bba: Sviras cilindrs parasti ir izgatavots no augstas stipr\u012bbas materi\u0101liem, ar labu nodilumiztur\u012bbu un iztur\u012bbu pret koroziju, piem\u0113rots ilgsto\u0161ai lieto\u0161anai skarbos apst\u0101k\u013cos.<\/li>\n<li>Daudzfunkcion\u0101la piel\u0101go\u0161an\u0101s sp\u0113ja: \u0161os cilindrus var pla\u0161i izmantot da\u017e\u0101da veida ma\u0161\u012bn\u0101s, piem\u0113ram, ekskavatoros, celt\u0146os un robotiz\u0113t\u0101s rok\u0101s, piel\u0101gojoties da\u017e\u0101d\u0101m darba pras\u012bb\u0101m.<\/li>\n<li>Vienk\u0101r\u0161a apkope: Sviras cilindrs ir izstr\u0101d\u0101ts t\u0101, lai to b\u016btu viegli uztur\u0113t un nomain\u012bt, un tas padara regul\u0101ras p\u0101rbaudes un apkopi \u0113rt\u0101ku, samazinot iek\u0101rtu d\u012bkst\u0101ves laiku.<\/li>\n<\/ul>\n<p>M\u0113s varam ra\u017eot \u0161o produktu, un m\u016bsu produkts var lieliski aizst\u0101t \u0161os hidrauliskos cilindrus.<\/p>\n<p><img decoding=\"async\" src=\"https:\/\/www.hydraulic-cylinders.net\/wp-content\/uploads\/2025\/01\/songte-oil-pipes-and-spare-parts.webp\"><\/p>\n<h3>Pieteikumi<\/h3>\n<ul>\n<li>B\u016bvniec\u012bbas in\u017eenierija: Ekskavatoros un celt\u0146os sviras cilindrs tiek izmantots, lai kontrol\u0113tu kausa vai str\u0113les kust\u012bbu zemes p\u0101rvieto\u0161anas, materi\u0101lu apstr\u0101des un konstrukciju uzst\u0101d\u012b\u0161anas laik\u0101.<\/li>\n<li>Ra\u017eo\u0161anas nozare: Automatiz\u0113t\u0101s ra\u017eo\u0161anas l\u012bnij\u0101s rokas cilindrs tiek izmantots robotiz\u0113tu roku kust\u012bbai mont\u0101\u017eas, metin\u0101\u0161anas un materi\u0101lu apstr\u0101des procesos, uzlabojot ra\u017eo\u0161anas efektivit\u0101ti un precizit\u0101ti.<\/li>\n<li>Lauksaimniec\u012bbas tehnika: Lauksaimniec\u012bbas tehnik\u0101, piem\u0113ram, kombainos un s\u0113jma\u0161\u012bn\u0101s, sviras cilindrs kontrol\u0113 vad\u012bbas sviras kust\u012bbu t\u0101diem uzdevumiem k\u0101 st\u0101d\u012b\u0161ana, m\u0113slo\u0161ana un ra\u017eas nov\u0101k\u0161ana.<\/li>\n<li>Kalnr\u016bpniec\u012bba: Kalnr\u016bpniec\u012bbas iek\u0101rt\u0101s rokas cilindrs tiek izmantots, lai kontrol\u0113tu kalnr\u016bpniec\u012bbas iek\u0101rtu rokas kust\u012bbu miner\u0101lu ieguvei un transport\u0113\u0161anai.<\/li>\n<li>Lo\u0123istika un transports: Iekr\u0101v\u0113jos un apstr\u0101des robotos rokas cilindrs tiek izmantots, lai kontrol\u0113tu kravas cel\u0161anu un p\u0101rvieto\u0161anu, nodro\u0161inot materi\u0101lu apstr\u0101di un sakrau\u0161anu.<\/li>\n<\/ul>\n<h3>Projekt\u0113\u0161anas apsv\u0113rumi un atlases standarti<\/h3>\n<ul>\n<li>Nestsp\u0113ja: Sviras cilindram j\u0101b\u016bt konstru\u0113tam t\u0101, lai tas iztur\u0113tu maksim\u0101lo slodzi, ko tas paredz\u0113ts nest, nodro\u0161inot dro\u0161u un efekt\u012bvu darb\u012bbu.<\/li>\n<li>Bl\u012bv\u0113jums: Sviras cilindr\u0101 tiek izmantoti da\u017e\u0101di bl\u012bv\u0113\u0161anas komponenti, piem\u0113ram, virzu\u013ca bl\u012bv\u0113jumi un stie\u0146a bl\u012bv\u0113jumi, kas izgatavoti no nodilumiztur\u012bgiem materi\u0101liem, piem\u0113ram, poliuret\u0101na un nitrila gumijas, lai nodro\u0161in\u0101tu labu bl\u012bv\u0113juma veiktsp\u0113ju un nov\u0113rstu hidraulisk\u0101s nopl\u016bdes.<\/li>\n<li>Iztur\u012bba: Cilindra korpuss un v\u012btnes gala virsma ir smalki apstr\u0101d\u0101ta, lai uzlabotu nodilumiztur\u012bbu, nodro\u0161inot sviras cilindra iztur\u012bbu pat skarbos apst\u0101k\u013cos.<\/li>\n<li>Dro\u0161\u012bba: Sviru cilindriem j\u0101b\u016bt konstru\u0113tiem ar dro\u0161\u012bbas funkcij\u0101m, piem\u0113ram, ierobe\u017eojo\u0161ajiem sl\u0113d\u017eiem un spiediena samazin\u0101\u0161anas v\u0101rstiem, lai nov\u0113rstu negad\u012bjumus un nodro\u0161in\u0101tu dro\u0161u darb\u012bbu.<\/li>\n<li>Apkope: Sviras cilindram j\u0101b\u016bt konstru\u0113tam t\u0101, lai to b\u016btu viegli apkopt un nomain\u012bt, nodro\u0161inot savlaic\u012bgu apkopi un samazinot d\u012bkst\u0101ves laiku iek\u0101rtu boj\u0101jumu d\u0113\u013c.<\/li>\n<\/ul>\n<p><img decoding=\"async\" src=\"https:\/\/www.hydraulic-cylinders.net\/wp-content\/uploads\/2025\/01\/songte-cylinder-head-with-all-kinds-excavator-models.webp\"><\/p>\n<h3>Bl\u012bv\u0113\u0161ana un e\u013c\u013co\u0161ana<\/h3>\n<p>Sviras cilindr\u0101 tiek izmantoti da\u017e\u0101di bl\u012bv\u0113\u0161anas komponenti, piem\u0113ram, virzu\u013ca bl\u012bv\u0113jumi un stie\u0146a bl\u012bv\u0113jumi, kas izgatavoti no nodilumiztur\u012bgiem materi\u0101liem, piem\u0113ram, poliuret\u0101na un nitrila gumijas, lai nodro\u0161in\u0101tu labu bl\u012bv\u0113\u0161anas veiktsp\u0113ju un nov\u0113rstu hidraulisk\u0101s nopl\u016bdes. Cilindra korpuss un v\u012btnes gala virsma ir smalki apstr\u0101d\u0101ta, lai uzlabotu nodilumiztur\u012bbu, nodro\u0161inot sviras cilindra iztur\u012bbu pat skarbos apst\u0101k\u013cos. Sviras cilindram nepiecie\u0161ama regul\u0101ra e\u013c\u013co\u0161ana ar hidraulisko e\u013c\u013cu, lai nodro\u0161in\u0101tu t\u0101 vienm\u0113r\u012bgu darb\u012bbu, un pievienot\u0101s e\u013c\u013cas daudzumam j\u0101b\u016bt atbilsto\u0161am, lai nov\u0113rstu e\u013c\u013cas nopl\u016bdi.<\/p>\n<h3>Apkope un prevent\u012bvie pas\u0101kumi<\/h3>\n<ul>\n<li>Regul\u0101ra p\u0101rbaude: Regul\u0101ri j\u0101veic p\u0101rbaudes, lai p\u0101rbaud\u012btu, vai sviras cilindram nav boj\u0101jumu, nodiluma vai nopl\u016bdes, un, ja nepiecie\u0161ams, j\u0101veic savlaic\u012bga nomai\u0146a vai remonts.<\/li>\n<li>Regul\u0101ra e\u013c\u013co\u0161ana: Sviras cilindrs regul\u0101ri j\u0101iee\u013c\u013co ar hidraulisko e\u013c\u013cu, lai nodro\u0161in\u0101tu t\u0101 vienm\u0113r\u012bgu darb\u012bbu.<\/li>\n<li>Pareiza uzst\u0101d\u012b\u0161ana: Sviras cilindra pareiza uzst\u0101d\u012b\u0161ana ir b\u016btiska t\u0101 dro\u0161ai un efekt\u012bvai darb\u012bbai, un uzst\u0101d\u012b\u0161ana j\u0101veic saska\u0146\u0101 ar ra\u017eot\u0101ja nor\u0101d\u012bjumiem.<\/li>\n<li>Prevent\u012bvie pas\u0101kumi: Lai samazin\u0101tu iesp\u0113jam\u0101s probl\u0113mas, lietojot rokas cilindru, j\u0101veic prevent\u012bvie pas\u0101kumi, piem\u0113ram, slodzes ierobe\u017eo\u0161ana, darba \u0101truma kontrole un p\u0101rspiediena nov\u0113r\u0161ana.<\/li>\n<\/ul>\n<p><img decoding=\"async\" src=\"https:\/\/www.hydraulic-cylinders.net\/wp-content\/uploads\/2025\/01\/songte-chushion-collar.webp\"><\/p>\n<h3>Produkta uzst\u0101d\u012b\u0161anas rokasgr\u0101mata<\/h3>\n<p>Pareiza sviras cilindra uzst\u0101d\u012b\u0161ana ir b\u016btiska t\u0101 dro\u0161ai un efekt\u012bvai darb\u012bbai. Lai uzst\u0101d\u012btu sviras cilindru, veiciet t\u0101l\u0101k nor\u0101d\u012bt\u0101s darb\u012bbas.<\/p>\n<ol>\n<li>P\u0101rliecinieties, ka uzst\u0101d\u012b\u0161anas vieta ir t\u012bra un bez gru\u017eiem.<\/li>\n<li>P\u0101rbaudiet cilindru un t\u0101 uzst\u0101d\u012b\u0161anas deta\u013cas, vai nav boj\u0101jumu vai nodiluma.<\/li>\n<li>Pievienojiet hidraulisk\u0101s \u0161\u013c\u016btenes un savienojumus saska\u0146\u0101 ar ra\u017eot\u0101ja nor\u0101d\u012bjumiem.<\/li>\n<li>Uzst\u0101diet sviras cilindru atbilsto\u0161aj\u0101 viet\u0101 un pievelciet skr\u016bves.<\/li>\n<li>P\u0101rbaudiet sviras cilindra pareizu darb\u012bbu.<\/li>\n<\/ol>\n<h3>Dro\u0161\u012bbas apsv\u0113rumi un vides faktori<\/h3>\n<p>Lietojot rokas cilindru, j\u0101veic dro\u0161\u012bbas pas\u0101kumi, lai nov\u0113rstu negad\u012bjumus, kas var izrais\u012bt miesas boj\u0101jumus vai apr\u012bkojuma boj\u0101jumus. \u0160ie pas\u0101kumi var ietvert aizsargl\u012bdzek\u013cu valk\u0101\u0161anu, dro\u0161\u012bbas ier\u012b\u010du uzst\u0101d\u012b\u0161anu un ra\u017eot\u0101ja nor\u0101d\u012bjumu iev\u0113ro\u0161anu. Lietojot rokas cilindru, j\u0101\u0146em v\u0113r\u0101 ar\u012b t\u0101di vides faktori k\u0101 temperat\u016bra, mitrums un putek\u013ci, un j\u0101veic atbilsto\u0161i pas\u0101kumi, lai nov\u0113rstu kait\u0113jumu videi.<\/p>\n<h3>Probl\u0113mu nov\u0113r\u0161ana un bie\u017ei sastopamas probl\u0113mas<\/h3>\n<p>Bie\u017ei sastopamas probl\u0113mas ar sviras cilindru var b\u016bt nopl\u016bdes, nodilums un slikta darb\u012bba. Lai diagnostic\u0113tu un nov\u0113rstu \u0161\u012bs probl\u0113mas, iev\u0113rojiet \u0161os padomus:<\/p>\n<ul>\n<li>P\u0101rbaudiet, vai nav hidraulisko nopl\u016b\u017eu, un nepiecie\u0161am\u012bbas gad\u012bjum\u0101 salabojiet vai nomainiet bl\u012bves vai citas sast\u0101vda\u013cas.<\/li>\n<li>P\u0101rbaudiet, vai nav nodiluma vai boj\u0101jumu, un nomainiet boj\u0101t\u0101s deta\u013cas.<\/li>\n<li>P\u0101rbaudiet sviras cilindra pareizu uzst\u0101d\u012b\u0161anu un darb\u012bbu un veiciet nepiecie\u0161am\u0101s korekcijas.<\/li>\n<\/ul>\n<p>Lai nov\u0113rstu iesp\u0113jam\u0101s probl\u0113mas, veiciet prevent\u012bvus pas\u0101kumus, piem\u0113ram, ierobe\u017eojiet slodzi, kontrol\u0113jiet darba \u0101trumu un izvairieties no p\u0101rspiediena, lietojot rokas cilindru.<\/p>\n<p><img decoding=\"async\" src=\"https:\/\/www.hydraulic-cylinders.net\/wp-content\/uploads\/2025\/01\/songte-bushings-with-all-kinds-of-excavator-models.webp\"><\/p>\n<h3>Par mums<\/h3>\n<p>M\u0113s esam profesion\u0101ls rezerves hidraulisko cilindru ra\u017eot\u0101js ar pla\u0161u produktu kl\u0101stu un esam k\u013cuvu\u0161i par vienu no vado\u0161ajiem hidraulisko cilindru ra\u017eot\u0101jiem un vairumtirgot\u0101jiem gan viet\u0113j\u0101, gan starptautiskaj\u0101 tirg\u016b. M\u0113s vienm\u0113r iev\u0113rojam izcil\u012bbas kvalit\u0101tes principu, pa\u013caujoties uz smalk\u0101s ra\u017eo\u0161anas darbn\u012bcas industrializ\u0113to ra\u017eo\u0161anas vad\u012bbas strat\u0113\u0123iju, nep\u0101rtraukti uzlabojot savu tehnolo\u0123iju l\u012bmeni un ra\u017eo\u0161anas efektivit\u0101ti. Mums ir sp\u0113c\u012bgas inovat\u012bvas sp\u0113jas, ievie\u0161ot modernas digit\u0101l\u0101s ra\u017eo\u0161anas iek\u0101rtas un profesion\u0101las noteik\u0161anas sist\u0113mas, k\u0101 ar\u012b past\u0101v\u012bgi optimiz\u0113jot ra\u017eo\u0161anas platformu un uzlabojot produktu kvalit\u0101tes kontroles procesu. M\u016bsu m\u0113r\u0137is ir apmierin\u0101t klientu daudzveid\u012bg\u0101s vajadz\u012bbas ar augstu efektivit\u0101ti, precizit\u0101ti un augstas kvalit\u0101tes principiem.<\/p>\n<h3>M\u016bsu uz\u0146\u0113mums<\/h3>\n<ul>\n<li>Profesionalit\u0101te: Mums ir pieredz\u0113ju\u0161u in\u017eenieru un tehni\u0137u komanda, kas klientiem sniedz profesion\u0101lus risin\u0101jumus un pakalpojumus.<\/li>\n<li>Starptautisk\u0101 sertifik\u0101cija: M\u016bsu produkti ir ieguvu\u0161i starptautiskus sertifik\u0101tus, piem\u0113ram, ISO9001 un CE, lai nodro\u0161in\u0101tu to kvalit\u0101ti un uzticam\u012bbu.<\/li>\n<li>Piel\u0101go\u0161ana: M\u0113s pied\u0101v\u0101jam piel\u0101gotus pakalpojumus, lai apmierin\u0101tu klientu \u012bpa\u0161\u0101s vajadz\u012bbas.<\/li>\n<li>Ra\u017eo\u0161anas iek\u0101rtas: Mums ir modernas digit\u0101l\u0101s ra\u017eo\u0161anas iek\u0101rtas, lai nodro\u0161in\u0101tu augstas kvalit\u0101tes produkciju un efektivit\u0101ti.<\/li>\n<li>P\u0113cp\u0101rdo\u0161anas serviss: M\u0113s pied\u0101v\u0101jam visaptvero\u0161us p\u0113cp\u0101rdo\u0161anas pakalpojumus, lai nodro\u0161in\u0101tu klientu apmierin\u0101t\u012bbu un uztic\u012bbu.<\/li>\n<\/ul>\n<p><img decoding=\"async\" src=\"https:\/\/www.hydraulic-cylinders.net\/wp-content\/uploads\/2025\/01\/songte-company-4.webp\"><br \/>\n<img decoding=\"async\" src=\"https:\/\/www.hydraulic-cylinders.net\/wp-content\/uploads\/2025\/01\/songte-company-3.webp\"><\/p>\n<p>Autors: lil<\/p>","protected":false},"excerpt":{"rendered":"<p>Arm Cylinder For JCHI NS75-7 Introduction An arm cylinder is a specially designed hydraulic cylinder primarily used to provide linear motion and power to the arm of various machinery, such as excavators, cranes, and robotic arms. The arm cylinder plays a crucial role in hydraulic systems, allowing attached tools or attachments to move and be [&hellip;]<\/p>","protected":false},"featured_media":14763,"comment_status":"open","ping_status":"closed","template":"","meta":{"_et_pb_use_builder":"","_et_pb_old_content":"","_et_gb_content_width":""},"product_brand":[],"product_cat":[1497],"product_tag":[1498,1496],"class_list":{"0":"post-16695","1":"product","2":"type-product","3":"status-publish","4":"has-post-thumbnail","6":"product_cat-arm-cylinders","7":"product_tag-arm-cylinders","8":"product_tag-hydraulic-cylinders","10":"first","11":"instock","12":"shipping-taxable","13":"product-type-simple"},"amp_enabled":true,"_links":{"self":[{"href":"https:\/\/www.hydraulic-cylinders.net\/lv\/wp-json\/wp\/v2\/product\/16695","targetHints":{"allow":["GET"]}}],"collection":[{"href":"https:\/\/www.hydraulic-cylinders.net\/lv\/wp-json\/wp\/v2\/product"}],"about":[{"href":"https:\/\/www.hydraulic-cylinders.net\/lv\/wp-json\/wp\/v2\/types\/product"}],"replies":[{"embeddable":true,"href":"https:\/\/www.hydraulic-cylinders.net\/lv\/wp-json\/wp\/v2\/comments?post=16695"}],"wp:featuredmedia":[{"embeddable":true,"href":"https:\/\/www.hydraulic-cylinders.net\/lv\/wp-json\/wp\/v2\/media\/14763"}],"wp:attachment":[{"href":"https:\/\/www.hydraulic-cylinders.net\/lv\/wp-json\/wp\/v2\/media?parent=16695"}],"wp:term":[{"taxonomy":"product_brand","embeddable":true,"href":"https:\/\/www.hydraulic-cylinders.net\/lv\/wp-json\/wp\/v2\/product_brand?post=16695"},{"taxonomy":"product_cat","embeddable":true,"href":"https:\/\/www.hydraulic-cylinders.net\/lv\/wp-json\/wp\/v2\/product_cat?post=16695"},{"taxonomy":"product_tag","embeddable":true,"href":"https:\/\/www.hydraulic-cylinders.net\/lv\/wp-json\/wp\/v2\/product_tag?post=16695"}],"curies":[{"name":"wp","href":"https:\/\/api.w.org\/{rel}","templated":true}]}}