{"id":16705,"date":"2025-01-21T05:48:23","date_gmt":"2025-01-21T05:48:23","guid":{"rendered":"https:\/\/www.hydraulic-cylinders.net\/product\/arm-cylinder-for-jove-jv235lc\/"},"modified":"2025-01-21T05:48:24","modified_gmt":"2025-01-21T05:48:24","slug":"arm-cylinder-for-jove-jv235lc","status":"publish","type":"product","link":"https:\/\/www.hydraulic-cylinders.net\/lv\/products\/arm-cylinder-for-jove-jv235lc\/","title":{"rendered":"Sviras cilindrs Jove JV235LC"},"content":{"rendered":"<h1>Jove JV235LC sviras cilindrs<\/h1>\n<h2>Ievads<\/h2>\n<p>Sviras cilindrs ir speci\u0101li izstr\u0101d\u0101ts hidrauliskais cilindrs, ko izmanto, lai nodro\u0161in\u0101tu line\u0101ru kust\u012bbu un jaudu da\u017e\u0101du veidu ma\u0161\u012bnu svir\u0101m, piem\u0113ram, ekskavatoriem, celt\u0146iem un robotiz\u0113t\u0101m svir\u0101m. Tam ir iz\u0161\u0137iro\u0161a noz\u012bme hidrauliskaj\u0101s sist\u0113m\u0101s, \u013caujot efekt\u012bvi p\u0101rvietot un vad\u012bt papildu instrumentus vai stiprin\u0101jumus. \u0160ie cilindri ne tikai nodro\u0161ina vienm\u0113r\u012bgu kust\u012bbu, bet ar\u012b iztur lielas slodzes, nodro\u0161inot efekt\u012bvu darb\u012bbu un uzticam\u012bbu da\u017e\u0101dos ekspluat\u0101cijas apst\u0101k\u013cos.<\/p>\n<h3>Defin\u012bcija un skaidrojums<\/h3>\n<p>Sviras cilindrs, kas paz\u012bstams ar\u012b k\u0101 str\u0113les cilindrs, ir hidraulisk\u0101 cilindra veids, kas nodro\u0161ina jaudu ma\u0161\u012bnas svirai. Tas parasti ir izgatavots no augstas stipr\u012bbas materi\u0101liem, piem\u0113ram, t\u0113rauda, \u200b\u200bun ir paredz\u0113ts, lai iztur\u0113tu hidrauliskaj\u0101s sist\u0113m\u0101s iesaist\u012bto augsto spiedienu un sp\u0113kus.<\/p>\n<p>Hidrauliskie cilindri darbojas, p\u0101rveidojot hidraulisk\u0101 \u0161\u0137idruma ener\u0123iju line\u0101r\u0101 sp\u0113k\u0101 un kust\u012bb\u0101. Sviras cilindrs ir savienots ar ma\u0161\u012bnas hidraulisko sist\u0113mu un sa\u0146em spiedienu no \u0161\u0137idruma, kad operators kustina vad\u012bbas ier\u012bces. \u0160is spiediens liek cilindra virzulim kust\u0113ties, kas savuk\u0101rt kustina ma\u0161\u012bnas sviru.<\/p>\n<p>Sviras cilindrs ir b\u016btiska daudzu veidu ma\u0161\u012bnu sast\u0101vda\u013ca, \u012bpa\u0161i t\u0101m, ko izmanto b\u016bvniec\u012bb\u0101, ra\u017eo\u0161an\u0101, lauksaimniec\u012bb\u0101, ieguves r\u016bpniec\u012bb\u0101 un lo\u0123istik\u0101.<\/p>\n<p><img decoding=\"async\" src=\"https:\/\/www.hydraulic-cylinders.net\/wp-content\/uploads\/2025\/01\/songte-company-2.webp\"><\/p>\n<h2>Funkcijas<\/h2>\n<p>Jove JV235LC rokas cilindram ir \u0161\u0101das \u012bpa\u0161\u012bbas:<\/p>\n<ul>\n<li>\n<h3>Augstas efektivit\u0101tes transmisija<\/h3>\n<p>Sviras cilindrs nodro\u0161ina jaud\u012bgu line\u0101ru kust\u012bbu un sp\u0113ku, garant\u0113jot augstu efektivit\u0101ti ma\u0161\u012bnas darb\u012bb\u0101.<\/p>\n<\/li>\n<li>\n<h3>Prec\u012bza kontrole<\/h3>\n<p>Sviras cilindrs var pan\u0101kt prec\u012bzu kust\u012bbas vad\u012bbu, izmantojot hidraulisko sist\u0113mu, padarot pievienoto instrumentu darb\u012bbu elast\u012bg\u0101ku un prec\u012bz\u0101ku.<\/p>\n<\/li>\n<li>\n<h3>Iztur\u012bba<\/h3>\n<p>Sviras cilindrs parasti ir izgatavots no augstas iztur\u012bbas materi\u0101liem un tam ir lieliska nodilumiztur\u012bba un iztur\u012bba pret koroziju, padarot to piem\u0113rotu ilgsto\u0161ai lieto\u0161anai skarbos apst\u0101k\u013cos.<\/p>\n<\/li>\n<li>\n<h3>Daudzfunkcion\u0101la piel\u0101go\u0161an\u0101s sp\u0113ja<\/h3>\n<p>Sviras cilindru var pla\u0161i izmantot da\u017e\u0101da veida ma\u0161\u012bn\u0101s, piem\u0113ram, ekskavatoros, celt\u0146os un robotiz\u0113t\u0101s svir\u0101s, lai tas atbilstu da\u017e\u0101d\u0101m darba pras\u012bb\u0101m.<\/p>\n<\/li>\n<li>\n<h3>Vienk\u0101r\u0161a apkope<\/h3>\n<p>Sviras cilindrs ir paredz\u0113ts vienk\u0101r\u0161ai apkopei un nomai\u0146ai, padarot regul\u0101ru p\u0101rbaudi un apkopi \u0113rt\u0101ku un samazinot iek\u0101rtu d\u012bkst\u0101ves laiku.<\/p>\n<\/li>\n<\/ul>\n<p>M\u0113s varam ra\u017eot \u0161o produktu un pied\u0101v\u0101t lielisku hidraulisko cilindru aizvietot\u0101ju. <\/p>\n<p><img decoding=\"async\" src=\"https:\/\/www.hydraulic-cylinders.net\/wp-content\/uploads\/2025\/01\/songte-oil-pipes-and-spare-parts.webp\"><\/p>\n<h2>Pieteikumi<\/h2>\n<p>Jove JV235LC sviras cilindrs tiek pla\u0161i izmantots da\u017e\u0101d\u0101s nozar\u0113s un pielietojumos, piem\u0113ram:<\/p>\n<ul>\n<li>\n<h3>B\u016bvniec\u012bbas in\u017eenierija<\/h3>\n<p>Sviras cilindrs tiek izmantots ekskavatoros un celt\u0146os, lai kontrol\u0113tu kausu vai str\u0113les kust\u012bbu zemes darbos, materi\u0101lu apstr\u0101d\u0113 un konstrukciju uzst\u0101d\u012b\u0161an\u0101.<\/p>\n<\/li>\n<li>\n<h3>Ra\u017eo\u0161ana<\/h3>\n<p>Rokas cilindrs tiek izmantots automatiz\u0113t\u0101s ra\u017eo\u0161anas l\u012bnij\u0101s, lai kontrol\u0113tu robotiz\u0113to roku kust\u012bbu mont\u0101\u017eas, metin\u0101\u0161anas un materi\u0101lu apstr\u0101des oper\u0101cij\u0101s, uzlabojot ra\u017eo\u0161anas efektivit\u0101ti un precizit\u0101ti.<\/p>\n<\/li>\n<li>\n<h3>Lauksaimniec\u012bbas tehnika<\/h3>\n<p>Sviras cilindru izmanto lauksaimniec\u012bbas ma\u0161\u012bn\u0101s, piem\u0113ram, kombainos un s\u0113jma\u0161\u012bn\u0101s, lai kontrol\u0113tu darb\u012bbas sviru kust\u012bbu s\u0113\u0161anas, m\u0113slo\u0161anas un ra\u017eas nov\u0101k\u0161anas darbos.<\/p>\n<\/li>\n<li>\n<h3>Kalnr\u016bpniec\u012bba<\/h3>\n<p>Sviras cilindrs tiek izmantots kalnr\u016bpniec\u012bbas iek\u0101rt\u0101s, lai kontrol\u0113tu kalnr\u016bpniec\u012bbas sviru kust\u012bbu r\u016bdas ieguvei un materi\u0101lu apstr\u0101dei.<\/p>\n<\/li>\n<li>\n<h3>Lo\u0123istika un transports<\/h3>\n<p>Rokas cilindrs tiek izmantots iekr\u0101v\u0113jos un apstr\u0101des robotos, lai kontrol\u0113tu dak\u0161u kust\u012bbu materi\u0101lu apstr\u0101dei un krau\u0161anai.<\/p>\n<\/li>\n<\/ul>\n<h2>Dizaina apsv\u0113rumi un atlases krit\u0113riji<\/h2>\n<p>Sviru cilindru konstrukcija un izv\u0113le ir \u013coti svar\u012bga, lai nodro\u0161in\u0101tu to veiktsp\u0113ju un uzticam\u012bbu. J\u0101\u0146em v\u0113r\u0101 \u0161\u0101di konstrukcijas apsv\u0113rumi un izv\u0113les krit\u0113riji:<\/p>\n<ul>\n<li>\n<h3>Kravnes\u012bba<\/h3>\n<p>Sviras cilindram j\u0101sp\u0113j iztur\u0113t ma\u0161\u012bnas un t\u0101s piederumu maksim\u0101lo slodzi. Cilindra kravnes\u012bba j\u0101apr\u0113\u0137ina, pamatojoties uz ma\u0161\u012bnas svaru, piederuma svaru un kravas novietojumu.<\/p>\n<\/li>\n<li>\n<h3>Bl\u012bv\u0113\u0161ana<\/h3>\n<p>Sviras cilindram j\u0101b\u016bt labi nosl\u0113gtam, lai nov\u0113rstu hidraulisk\u0101 \u0161\u0137idruma nopl\u016bdi, kas var izrais\u012bt veiktsp\u0113jas samazin\u0101\u0161anos un citu komponentu boj\u0101jumus. Cilindram j\u0101izmanto da\u017e\u0101di bl\u012bv\u0113\u0161anas elementi, piem\u0113ram, virzu\u013ca bl\u012bvsl\u0113gi \u200b\u200bun stie\u0146a bl\u012bvsl\u0113gi, kas izgatavoti no iztur\u012bgiem materi\u0101liem, piem\u0113ram, poliuret\u0101na un nitrila gumijas, lai nodro\u0161in\u0101tu ilgsto\u0161u bl\u012bv\u0113juma veiktsp\u0113ju.<\/p>\n<\/li>\n<li>\n<h3>Iztur\u012bba<\/h3>\n<p>Sviras cilindram ir j\u0101iztur augsts spiediens, sp\u0113ki un skarba vide, t\u0101p\u0113c cilindra materi\u0101li ir r\u016bp\u012bgi j\u0101izv\u0113las. Lai nodro\u0161in\u0101tu iztur\u012bbu un iztur\u012bbu pret nodilumu un koroziju, parasti tiek izmantots t\u0113rauds un citi augstas stipr\u012bbas materi\u0101li.<\/p>\n<\/li>\n<li>\n<h3>Dro\u0161\u012bba<\/h3>\n<p>Sviras cilindram j\u0101b\u016bt konstru\u0113tam, \u0146emot v\u0113r\u0101 dro\u0161\u012bbu, lai nov\u0113rstu negad\u012bjumus un boj\u0101jumus ma\u0161\u012bnai un person\u0101lam. Cilindra konstrukcij\u0101 j\u0101iek\u013cauj t\u0101das dro\u0161\u012bbas funkcijas k\u0101 spiediena samazin\u0101\u0161anas v\u0101rsti, dro\u0161\u012bbas meh\u0101nismi un av\u0101rijas aptur\u0113\u0161anas pogas.<\/p>\n<\/li>\n<li>\n<h3>Apkope<\/h3>\n<p>Sviras cilindra konstrukcijai j\u0101\u0146em v\u0113r\u0101 apkopes un nomai\u0146as vienk\u0101r\u0161\u012bba. Cilindra sast\u0101vda\u013c\u0101m j\u0101b\u016bt viegli pieejam\u0101m, un cilindram j\u0101b\u016bt projekt\u0113tam t\u0101, lai to b\u016btu viegli demont\u0113t un salikt atpaka\u013c, lai samazin\u0101tu d\u012bkst\u0101ves laiku un apkopes izmaksas.<\/p>\n<\/li>\n<\/ul>\n<p><img decoding=\"async\" src=\"https:\/\/www.hydraulic-cylinders.net\/wp-content\/uploads\/2025\/01\/songte-cylinder-head-with-all-kinds-excavator-models.webp\"><\/p>\n<h2>Bl\u012bv\u0113\u0161ana un e\u013c\u013co\u0161ana<\/h2>\n<p>Lai nodro\u0161in\u0101tu sviras cilindra veiktsp\u0113ju un ilgm\u016b\u017e\u012bbu, tam ir nepiecie\u0161ams atbilsto\u0161s bl\u012bv\u0113jums un e\u013c\u013co\u0161ana. J\u0101veic \u0161\u0101di pas\u0101kumi:<\/p>\n<ul>\n<li>\n<h3>Bl\u012bv\u0113\u0161ana<\/h3>\n<p>Sviras cilindr\u0101 tiek izmantoti da\u017e\u0101di bl\u012bv\u0113\u0161anas elementi, lai nov\u0113rstu hidraulisk\u0101 \u0161\u0137idruma nopl\u016bdi, piem\u0113ram, virzu\u013ca bl\u012bves un stie\u0146a bl\u012bves. \u0160iem bl\u012bv\u0113m j\u0101b\u016bt izgatavot\u0101m no iztur\u012bgiem materi\u0101liem, piem\u0113ram, poliuret\u0101na un nitrila gumijas, lai iztur\u0113tu augstu spiedienu un nodilumu.<\/p>\n<\/li>\n<li>\n<h3>E\u013c\u013co\u0161ana<\/h3>\n<p>Cilindra iek\u0161\u0113j\u0101m sast\u0101vda\u013c\u0101m j\u0101b\u016bt labi iee\u013c\u013cot\u0101m, lai samazin\u0101tu berzi un nodilumu. Hidraulisk\u0101 e\u013c\u013ca j\u0101izmanto, lai nodro\u0161in\u0101tu cilindra virzu\u013ca un citu kust\u012bgo da\u013cu e\u013c\u013co\u0161anu. Cilindrs regul\u0101ri j\u0101iee\u013c\u013co ar ieteicamo e\u013c\u013cu, un periodiski j\u0101p\u0101rbauda e\u013c\u013cas l\u012bmenis.<\/p>\n<\/li>\n<\/ul>\n<h2>Apkope un prevent\u012bvie pas\u0101kumi<\/h2>\n<p>Regul\u0101ra apkope un prevent\u012bvie pas\u0101kumi var pal\u012bdz\u0113t pagarin\u0101t sviras cilindra kalpo\u0161anas laiku un nov\u0113rst d\u0101rgas d\u012bkst\u0101ves. J\u0101veic \u0161\u0101di pas\u0101kumi:<\/p>\n<ul>\n<li>\n<h3>P\u0101rbaude<\/h3>\n<p>Sviras cilindrs regul\u0101ri j\u0101p\u0101rbauda, \u200b\u200bvai nav nodiluma, boj\u0101jumu vai nopl\u016b\u017eu paz\u012bmju. Visas boj\u0101t\u0101s vai nolietot\u0101s deta\u013cas nekav\u0113joties j\u0101nomaina.<\/p>\n<\/li>\n<li>\n<h3>T\u012br\u012b\u0161ana<\/h3>\n<p>Sviras cilindrs j\u0101uztur t\u012brs un bez net\u012brumiem un gru\u017eiem, kas var saboj\u0101t cilindra bl\u012bves un citas sast\u0101vda\u013cas.<\/p>\n<\/li>\n<li>\n<h3>E\u013c\u013co\u0161ana<\/h3>\n<p>Vienm\u0113r j\u0101uztur ieteicamais cilindra hidraulisk\u0101s e\u013c\u013cas l\u012bmenis. Regul\u0101ri j\u0101veic cilindra iek\u0161\u0113jo komponentu e\u013c\u013co\u0161ana.<\/p>\n<\/li>\n<li>\n<h3>Prevent\u012bv\u0101 nomai\u0146a<\/h3>\n<p>Pl\u0101nota cilindra bl\u012bv\u0113jumu, virzu\u013ca un citu komponentu profilaktiska nomai\u0146a var pal\u012bdz\u0113t nov\u0113rst negaid\u012btas d\u012bkst\u0101ves un samazin\u0101t apkopes izmaksas.<\/p>\n<\/li>\n<\/ul>\n<p><img decoding=\"async\" src=\"https:\/\/www.hydraulic-cylinders.net\/wp-content\/uploads\/2025\/01\/songte-chushion-collar.webp\"><\/p>\n<h2>Instal\u0101cijas rokasgr\u0101mata<\/h2>\n<p>Uzst\u0101dot cilindra rokturi, j\u0101veic \u0161\u0101das darb\u012bbas:<\/p>\n<ol>\n<li>Pirms cilindra uzst\u0101d\u012b\u0161anas p\u0101rliecinieties, vai ma\u0161\u012bnas hidraulisk\u0101 sist\u0113ma ir izsl\u0113gta un taj\u0101 nav spiediena.<\/li>\n<li>Piestipriniet cilindru pie ma\u0161\u012bnas rokas vai str\u0113les, izmantojot atbilsto\u0161us stiprin\u0101juma elementus.<\/li>\n<li>Pievienojiet cilindra hidraulisk\u0101s \u0161\u013c\u016btenes ma\u0161\u012bnas hidrauliskajai sist\u0113mai, p\u0101rliecinoties, ka \u0161\u013c\u016btenes ir pareizi nostiprin\u0101tas un pievilktas.<\/li>\n<li>Piepildiet cilindru ar ieteicamo hidraulisko e\u013c\u013cu, nodro\u0161inot, ka e\u013c\u013cas l\u012bmenis tiek uztur\u0113ts ieteicamaj\u0101 l\u012bmen\u012b.<\/li>\n<li>Veiciet cilindra darb\u012bbas p\u0101rbaudi, lai p\u0101rliecin\u0101tos, ka tas darbojas pareizi un nevainojami.<\/li>\n<\/ol>\n<p><img decoding=\"async\" src=\"https:\/\/www.hydraulic-cylinders.net\/wp-content\/uploads\/2025\/01\/songte-bushings-with-all-kinds-of-excavator-models.webp\"><\/p>\n<h2>Dro\u0161\u012bbas apsv\u0113rumi un vides faktori<\/h2>\n<p>Izmantojot rokas cilindru, j\u0101\u0146em v\u0113r\u0101 \u0161\u0101di dro\u0161\u012bbas apsv\u0113rumi un vides faktori:<\/p>\n<ul>\n<li>\n<h3>Dro\u0161\u012bba<\/h3>\n<p>Sviras cilindrs var b\u016bt b\u012bstams, ja ar to netiek pareizi apieties. Operatoriem j\u0101sa\u0146em atbilsto\u0161a apm\u0101c\u012bba par ma\u0161\u012bnas vad\u012bbas ier\u012bc\u0113m un dro\u0161\u012bbas proced\u016br\u0101m. Dro\u0161\u012bbas funkcijas, piem\u0113ram, spiediena samazin\u0101\u0161anas v\u0101rsti un av\u0101rijas aptur\u0113\u0161anas pogas, ir j\u0101uzst\u0101da un regul\u0101ri j\u0101p\u0101rbauda.<\/p>\n<\/li>\n<li>\n<h3>Vide<\/h3>\n<p>Sviras cilindra darb\u012bba var ietekm\u0113t vidi, piem\u0113ram, izrais\u012bt \u0161\u0137idruma nopl\u016bdes vai trok\u0161\u0146a pies\u0101r\u0146ojumu. Operatoriem j\u0101veic pas\u0101kumi, lai nov\u0113rstu un mazin\u0101tu \u0161o ietekmi, piem\u0113ram, j\u0101izmanto biolo\u0123iski no\u0101rd\u0101ms hidrauliskais \u0161\u0137idrums un j\u0101uzst\u0101da trok\u0161\u0146a samazin\u0101\u0161anas ier\u012bces.<\/p>\n<\/li>\n<\/ul>\n<h2>Probl\u0113mu nov\u0113r\u0161ana un bie\u017ei sastopamas probl\u0113mas<\/h2>\n<p>T\u0101l\u0101k ir nor\u0101d\u012btas da\u017eas bie\u017ei sastopamas probl\u0113mas, kas var rasties ar sviras cilindru:<\/p>\n<ul>\n<li>\n<h3>\u0160\u0137idruma nopl\u016bdes<\/h3>\n<p>\u0160\u0137idruma nopl\u016bdes ir bie\u017ei sastopama probl\u0113ma ar hidrauliskajiem cilindriem. T\u0101s var izrais\u012bt nodilu\u0161as vai boj\u0101tas bl\u012bves, va\u013c\u012bgi savienojumi vai boj\u0101ts cilindrs.<\/p>\n<\/li>\n<li>\n<h3>Slikta veiktsp\u0113ja<\/h3>\n<p>Sliktu veiktsp\u0113ju var izrais\u012bt zems hidraulisk\u0101 \u0161\u0137idruma l\u012bmenis, nolietotas vai boj\u0101tas deta\u013cas vai boj\u0101ts cilindrs.<\/p>\n<\/li>\n<li>\n<h3>Troksnis<\/h3>\n<p>Troksni var izrais\u012bt va\u013c\u012bgi savienojumi, nodilu\u0161as deta\u013cas vai boj\u0101ts cilindrs.<\/p>\n<\/li>\n<li>\n<h3>P\u0101rkar\u0161ana<\/h3>\n<p>P\u0101rkar\u0161anu var izrais\u012bt zems hidraulisk\u0101 \u0161\u0137idruma l\u012bmenis, boj\u0101ts cilindrs vai nepareizi funkcion\u0113jo\u0161s hidrauliskais s\u016bknis.<\/p>\n<\/li>\n<\/ul>\n<p>Lai diagnostic\u0113tu un nov\u0113rstu \u0161\u012bs probl\u0113mas, var veikt \u0161\u0101dus pas\u0101kumus:<\/p>\n<ul>\n<li>\n<h3>P\u0101rbaude<\/h3>\n<p>Balons j\u0101p\u0101rbauda, \u200b\u200bvai nav nodiluma, boj\u0101jumu vai nopl\u016b\u017eu paz\u012bmju. Visas boj\u0101t\u0101s vai nolietot\u0101s deta\u013cas nekav\u0113joties j\u0101nomaina.<\/p>\n<\/li>\n<li>\n<h3>T\u012br\u012b\u0161ana<\/h3>\n<p>Balons j\u0101uztur t\u012brs un bez net\u012brumiem un gru\u017eiem, kas var saboj\u0101t balona bl\u012bves un citas sast\u0101vda\u013cas.<\/p>\n<\/li>\n<li>\n<h3>E\u013c\u013co\u0161ana<\/h3>\n<p>Vienm\u0113r j\u0101uztur ieteicamais cilindra hidraulisk\u0101s e\u013c\u013cas l\u012bmenis. Regul\u0101ri j\u0101veic cilindra iek\u0161\u0113jo komponentu e\u013c\u013co\u0161ana.<\/p>\n<\/li>\n<li>\n<h3>Aizvieto\u0161ana<\/h3>\n<p>Nolietotas vai boj\u0101tas deta\u013cas nekav\u0113joties j\u0101nomaina, lai nov\u0113rstu turpm\u0101kus boj\u0101jumus un d\u012bkst\u0101vi.<\/p>\n<\/li>\n<\/ul>\n<p><img decoding=\"async\" src=\"https:\/\/www.hydraulic-cylinders.net\/wp-content\/uploads\/2025\/01\/songte-company-4.webp\"><br \/>\n<img decoding=\"async\" src=\"https:\/\/www.hydraulic-cylinders.net\/wp-content\/uploads\/2025\/01\/songte-company-3.webp\"><\/p>\n<h2>Par mums<\/h2>\n<p>M\u0113s esam profesion\u0101ls rezerves hidraulisko cilindru ra\u017eot\u0101js ar pla\u0161u produktu kl\u0101stu, kas m\u016bs ir padar\u012bjis par vienu no vado\u0161ajiem hidraulisko cilindru ra\u017eot\u0101jiem un vairumtirdzniec\u012bbas izplat\u012bt\u0101jiem viet\u0113j\u0101 un starptautiskaj\u0101 tirg\u016b. M\u0113s iev\u0113rojam izcil\u012bbas kvalit\u0101tes principu un pa\u013caujamies uz industrializ\u0113t\u0101m ra\u017eo\u0161anas vad\u012bbas strat\u0113\u0123ij\u0101m r\u016bp\u012bgi izstr\u0101d\u0101t\u0101s ra\u017eo\u0161anas darbn\u012bc\u0101s, lai nep\u0101rtraukti uzlabotu m\u016bsu tehnolo\u0123ijas un ra\u017eo\u0161anas efektivit\u0101ti.<\/p>\n<p>Esam ieviesu\u0161i augst\u0101k\u0101s klases digit\u0101l\u0101s ra\u017eo\u0161anas iek\u0101rtas un profesion\u0101las test\u0113\u0161anas sist\u0113mas, nep\u0101rtraukti optimiz\u0113ju\u0161i savu ra\u017eo\u0161anas platformu un uzlaboju\u0161i produktu kvalit\u0101tes kontroles procesu, kas nodro\u0161ina mums sp\u0113c\u012bgas inov\u0101ciju sp\u0113jas. M\u016bsu m\u0113r\u0137is ir apmierin\u0101t klientu da\u017e\u0101d\u0101s vajadz\u012bbas ar augstu efektivit\u0101ti, precizit\u0101ti un augstas kvalit\u0101tes principiem.<\/p>\n<p>Mums ir profesion\u0101la komanda, kas sniedz piel\u0101gotus pakalpojumus, un m\u0113s esam ieguvu\u0161i da\u017e\u0101dus starptautiskus sertifik\u0101tus, piem\u0113ram, ISO9001:2015, CE un SGS. M\u016bsu ra\u017eo\u0161anas iek\u0101rtas un test\u0113\u0161anas iek\u0101rtas ir modernas, tostarp CNC apstr\u0101des centri, autom\u0101tisk\u0101s metin\u0101\u0161anas iek\u0101rtas un dinamisk\u0101s balans\u0113\u0161anas iek\u0101rtas. M\u0113s esam ap\u0146\u0113mu\u0161ies nodro\u0161in\u0101t augstas kvalit\u0101tes produktus un pakalpojumus klientiem vis\u0101 pasaul\u0113, un m\u0113s pied\u0101v\u0101jam izcilu p\u0113cp\u0101rdo\u0161anas apkalpo\u0161anu, lai nodro\u0161in\u0101tu klientu apmierin\u0101t\u012bbu.<\/p>\n<h3>M\u016bsu pakalpojumi ietver:<\/h3>\n<ul>\n<li>\n<h4>Profesionalit\u0101te<\/h4>\n<p>Mums ir profesion\u0101la komanda, kas sniedz piel\u0101gotus pakalpojumus, un m\u0113s varam projekt\u0113t, ra\u017eot un p\u0101rbaud\u012bt hidrauliskos cilindrus atbilsto\u0161i klientu \u012bpa\u0161aj\u0101m pras\u012bb\u0101m.<\/p>\n<\/li>\n<li>\n<h4>Starptautisk\u0101 sertifik\u0101cija<\/h4>\n<p>Esam ieguvu\u0161i da\u017e\u0101dus starptautiskus sertifik\u0101tus, piem\u0113ram, ISO9001:2015, CE un SGS, lai nodro\u0161in\u0101tu produktu kvalit\u0101ti un atbilst\u012bbu starptautiskajiem standartiem.<\/p>\n<\/li>\n<li>\n<h4>Piel\u0101go\u0161ana<\/h4>\n<p>M\u0113s varam nodro\u0161in\u0101t piel\u0101gotus pakalpojumus da\u017e\u0101du veidu hidrauliskajiem cilindriem, tostarp urbuma izm\u0113ru, g\u0101jiena garumu, mont\u0101\u017eas stilus un citas specifik\u0101cijas.<\/p>\n<\/li>\n<li>\n<h4>Ra\u017eo\u0161anas iek\u0101rtas<\/h4>\n<p>M\u016bsu ra\u017eo\u0161anas iek\u0101rtas un test\u0113\u0161anas iek\u0101rtas ir modernas, tostarp CNC apstr\u0101des centri, autom\u0101tisk\u0101s metin\u0101\u0161anas iek\u0101rtas un dinamisk\u0101s balans\u0113\u0161anas iek\u0101rtas, lai nodro\u0161in\u0101tu ra\u017eo\u0161anas precizit\u0101ti un efektivit\u0101ti.<\/p>\n<\/li>\n<li>\n<h4>P\u0113cp\u0101rdo\u0161anas serviss<\/h4>\n<p>M\u0113s pied\u0101v\u0101jam izcilu p\u0113cp\u0101rdo\u0161anas apkalpo\u0161anu, lai nodro\u0161in\u0101tu klientu apmierin\u0101t\u012bbu, tostarp tehnisko atbalstu, uzst\u0101d\u012b\u0161anas nor\u0101d\u012bjumus, k\u0101 ar\u012b apkopes un remonta pakalpojumus.<\/p>\n<\/li>\n<\/ul>\n<p>Autors: lil<\/p>","protected":false},"excerpt":{"rendered":"<p>Arm Cylinder for Jove JV235LC Introduction The arm cylinder is a specially designed hydraulic cylinder used to provide linear motion and power to various types of machinery arms, such as excavators, cranes, and robotic arms. It plays a crucial role in hydraulic systems, making it possible for additional tools or attachments to move and be [&hellip;]<\/p>","protected":false},"featured_media":14763,"comment_status":"open","ping_status":"closed","template":"","meta":{"_et_pb_use_builder":"","_et_pb_old_content":"","_et_gb_content_width":""},"product_brand":[],"product_cat":[1497],"product_tag":[1498,1496],"class_list":{"0":"post-16705","1":"product","2":"type-product","3":"status-publish","4":"has-post-thumbnail","6":"product_cat-arm-cylinders","7":"product_tag-arm-cylinders","8":"product_tag-hydraulic-cylinders","10":"first","11":"instock","12":"shipping-taxable","13":"product-type-simple"},"amp_enabled":true,"_links":{"self":[{"href":"https:\/\/www.hydraulic-cylinders.net\/lv\/wp-json\/wp\/v2\/product\/16705","targetHints":{"allow":["GET"]}}],"collection":[{"href":"https:\/\/www.hydraulic-cylinders.net\/lv\/wp-json\/wp\/v2\/product"}],"about":[{"href":"https:\/\/www.hydraulic-cylinders.net\/lv\/wp-json\/wp\/v2\/types\/product"}],"replies":[{"embeddable":true,"href":"https:\/\/www.hydraulic-cylinders.net\/lv\/wp-json\/wp\/v2\/comments?post=16705"}],"wp:featuredmedia":[{"embeddable":true,"href":"https:\/\/www.hydraulic-cylinders.net\/lv\/wp-json\/wp\/v2\/media\/14763"}],"wp:attachment":[{"href":"https:\/\/www.hydraulic-cylinders.net\/lv\/wp-json\/wp\/v2\/media?parent=16705"}],"wp:term":[{"taxonomy":"product_brand","embeddable":true,"href":"https:\/\/www.hydraulic-cylinders.net\/lv\/wp-json\/wp\/v2\/product_brand?post=16705"},{"taxonomy":"product_cat","embeddable":true,"href":"https:\/\/www.hydraulic-cylinders.net\/lv\/wp-json\/wp\/v2\/product_cat?post=16705"},{"taxonomy":"product_tag","embeddable":true,"href":"https:\/\/www.hydraulic-cylinders.net\/lv\/wp-json\/wp\/v2\/product_tag?post=16705"}],"curies":[{"name":"wp","href":"https:\/\/api.w.org\/{rel}","templated":true}]}}