{"id":16726,"date":"2025-01-21T05:49:51","date_gmt":"2025-01-21T05:49:51","guid":{"rendered":"https:\/\/www.hydraulic-cylinders.net\/product\/arm-cylinder-for-carter-ct260-8c\/"},"modified":"2025-01-21T05:49:52","modified_gmt":"2025-01-21T05:49:52","slug":"arm-cylinder-for-carter-ct260-8c","status":"publish","type":"product","link":"https:\/\/www.hydraulic-cylinders.net\/lv\/products\/arm-cylinder-for-carter-ct260-8c\/","title":{"rendered":"Sviras cilindrs Carter CT260-8C"},"content":{"rendered":"<h1>Sviras cilindrs Caterpillar CT260-8C<\/h1>\n<h2>Ievads<\/h2>\n<p>Caterpillar CT260-8C sviras cilindrs ir specializ\u0113ts hidrauliskais cilindrs, kas paredz\u0113ts, lai nodro\u0161in\u0101tu line\u0101ru kust\u012bbu un jaudu da\u017e\u0101du veidu ma\u0161\u012bnu, piem\u0113ram, ekskavatoru, celt\u0146u un robotiz\u0113tu roku, svirai. Sviras cilindram ir iz\u0161\u0137iro\u0161a noz\u012bme hidrauliskaj\u0101s sist\u0113m\u0101s, \u013caujot efekt\u012bvi p\u0101rvietot un kontrol\u0113t papildu instrumentus vai stiprin\u0101jumus. \u0160ie cilindri ne tikai nodro\u0161ina vienm\u0113r\u012bgu kust\u012bbu, bet ar\u012b sp\u0113j iztur\u0113t lielas slodzes, nodro\u0161inot augstu ma\u0161\u012bnas efektivit\u0101ti un uzticam\u012bbu da\u017e\u0101dos ekspluat\u0101cijas apst\u0101k\u013cos.<\/p>\n<p><img decoding=\"async\" src=\"https:\/\/www.hydraulic-cylinders.net\/wp-content\/uploads\/2025\/01\/songte-company-2.webp\" alt=\"Sviras cilindra att\u0113ls\"><\/p>\n<h2>Funkcijas<\/h2>\n<ul>\n<li><strong>Augstas efektivit\u0101tes transmisija:<\/strong> Sviras cilindrs nodro\u0161ina jaud\u012bgu line\u0101ru kust\u012bbu un sp\u0113ku, garant\u0113jot meh\u0101nisk\u0101s sviras augstas veiktsp\u0113jas iesp\u0113jas da\u017e\u0101d\u0101s darb\u012bb\u0101s.<\/li>\n<li><strong>Prec\u012bza kontrole:<\/strong> Izmantojot hidraulisko sist\u0113mu, rokas cilindrs nodro\u0161ina prec\u012bzu kust\u012bbas kontroli, padarot pievienoto instrumentu darb\u012bbu elast\u012bg\u0101ku un prec\u012bz\u0101ku.<\/li>\n<li><strong>Iztur\u012bba:<\/strong> Sviru cilindri parasti tiek ra\u017eoti, izmantojot augstas iztur\u012bbas materi\u0101lus, kas nodro\u0161ina izcilu iztur\u012bbu pret nodilumu un koroziju, padarot tos piem\u0113rotus ilgsto\u0161ai lieto\u0161anai skarbos apst\u0101k\u013cos.<\/li>\n<li><strong>Daudzfunkcion\u0101la piel\u0101go\u0161an\u0101s sp\u0113ja:<\/strong> \u0160os cilindrus var pla\u0161i pielietot da\u017e\u0101da veida ma\u0161\u012bn\u0101m, tostarp ekskavatoriem, celt\u0146iem un meh\u0101niskaj\u0101m svir\u0101m, kas atbilst da\u017e\u0101d\u0101m darba pras\u012bb\u0101m.<\/li>\n<li><strong>Vienk\u0101r\u0161a apkope:<\/strong> Ar vienk\u0101r\u0161u apkopi un nomai\u0146u, sviras cilindri ir izstr\u0101d\u0101ti, lai atvieglotu apkopi un nomai\u0146u, un tie atvieglo regul\u0101ras p\u0101rbaudes un apkopi, samazinot iek\u0101rtu d\u012bkst\u0101ves laiku.<\/li>\n<\/ul>\n<p><img decoding=\"async\" src=\"https:\/\/www.hydraulic-cylinders.net\/wp-content\/uploads\/2025\/01\/songte-oil-pipes-and-spare-parts.webp\" alt=\"Sviras cilindra rezerves da\u013cas\"><\/p>\n<h2>Pieteikumi<\/h2>\n<ul>\n<li><strong>B\u016bvniec\u012bbas in\u017eenierija:<\/strong> Ekskavatoros un celt\u0146os str\u0113les cilindri tiek izmantoti, lai kontrol\u0113tu kausu vai str\u0113les kust\u012bbu zemes darbos, materi\u0101lu apstr\u0101d\u0113 un konstrukciju uzst\u0101d\u012b\u0161an\u0101.<\/li>\n<li><strong>Ra\u017eo\u0161anas nozare:<\/strong> Automatiz\u0113t\u0101s ra\u017eo\u0161anas l\u012bnij\u0101s roku cilindri nodro\u0161ina robotiz\u0113tu roku kust\u012bbu t\u0101dos procesos k\u0101 mont\u0101\u017ea, metin\u0101\u0161ana un materi\u0101lu apstr\u0101de, uzlabojot ra\u017eo\u0161anas efektivit\u0101ti un precizit\u0101ti.<\/li>\n<li><strong>Lauksaimniec\u012bbas tehnika:<\/strong> Lauksaimniec\u012bbas tehnik\u0101, piem\u0113ram, kombainos un s\u0113jma\u0161\u012bn\u0101s, sviru cilindri kontrol\u0113 vad\u012bbas sviru kust\u012bbu t\u0101diem uzdevumiem k\u0101 st\u0101d\u012b\u0161ana, m\u0113slo\u0161ana un ra\u017eas nov\u0101k\u0161ana.<\/li>\n<li><strong>Kalnr\u016bpniec\u012bba:<\/strong> Kalnr\u016bpniec\u012bbas iek\u0101rt\u0101s sviru cilindrus izmanto, lai kontrol\u0113tu kalnr\u016bpniec\u012bbas ma\u0161\u012bnu sviru kust\u012bbu r\u016bdas ieguvei un transport\u0113\u0161anai.<\/li>\n<li><strong>Lo\u0123istika un transports:<\/strong> Iekr\u0101v\u0113jos un apstr\u0101des robotos roku cilindri kontrol\u0113 dak\u0161u pacel\u0161anu un kust\u012bbu, nodro\u0161inot materi\u0101lu apstr\u0101di un sakrau\u0161anu.<\/li>\n<\/ul>\n<h2>Dizaina apsv\u0113rumi un atlases krit\u0113riji<\/h2>\n<ul>\n<li><strong>Nestsp\u0113ja:<\/strong> Sviras cilindra sp\u0113ja iztur\u0113t slodzes ir iz\u0161\u0137iro\u0161s konstrukcijas apsv\u0113rums, kas nodro\u0161ina dro\u0161u un efekt\u012bvu darb\u012bbu.<\/li>\n<li><strong>Bl\u012bv\u0113jums:<\/strong> Lai nodro\u0161in\u0101tu efekt\u012bvu bl\u012bv\u0113\u0161anu un nov\u0113rstu nopl\u016bdes, tiek izmantoti da\u017e\u0101di bl\u012bv\u0113\u0161anas komponenti, piem\u0113ram, virzu\u013ca bl\u012bvsl\u0113gi \u200b\u200bun stie\u0146u bl\u012bvsl\u0113gi, kas izgatavoti no nodilumiztur\u012bgiem materi\u0101liem, piem\u0113ram, poliuret\u0101na un nitrila gumijas.<\/li>\n<li><strong>Iztur\u012bba:<\/strong> Cilindra korpuss un v\u012bt\u0146ot\u0101 gala virsma ir smalki apstr\u0101d\u0101ta, lai uzlabotu nodilumiztur\u012bbu, nodro\u0161inot sviras cilindra ilgm\u016b\u017e\u012bbu.<\/li>\n<li><strong>Dro\u0161\u012bba:<\/strong> Dro\u0161\u012bbas funkcijas un meh\u0101nismi ir integr\u0113ti konstrukcij\u0101, lai nov\u0113rstu negad\u012bjumus un nodro\u0161in\u0101tu operatora aizsardz\u012bbu darb\u012bbas laik\u0101.<\/li>\n<li><strong>Uzturam\u012bba:<\/strong> Lai nodro\u0161in\u0101tu vienm\u0113r\u012bgu darb\u012bbu un samazin\u0101tu nodilumu, nepiecie\u0161ama regul\u0101ra e\u013c\u013co\u0161ana ar atbilsto\u0161u hidraulisko e\u013c\u013cu. Konstrukcija ar\u012b nodro\u0161ina \u0113rtu piek\u013cuvi cilindram un t\u0101 apkopi.<\/li>\n<\/ul>\n<p><img decoding=\"async\" src=\"https:\/\/www.hydraulic-cylinders.net\/wp-content\/uploads\/2025\/01\/songte-cylinder-head-with-all-kinds-excavator-models.webp\" alt=\"Sviras cilindra dizains\"><\/p>\n<h2>Bl\u012bv\u0113\u0161ana un e\u013c\u013co\u0161ana<\/h2>\n<p>Sviras cilindr\u0101 tiek izmantoti da\u017e\u0101di bl\u012bv\u0113\u0161anas komponenti, piem\u0113ram, virzu\u013ca bl\u012bvsl\u0113gi \u200b\u200bun stie\u0146a bl\u012bvsl\u0113gi, kas izgatavoti no nodilumiztur\u012bgiem materi\u0101liem, piem\u0113ram, poliuret\u0101na un nitrila gumijas. Cilindra korpuss un v\u012bt\u0146ot\u0101 gala virsma tiek prec\u012bzi apstr\u0101d\u0101ta, lai uzlabotu nodilumiztur\u012bbu. Lai nodro\u0161in\u0101tu vienm\u0113r\u012bgu darb\u012bbu un samazin\u0101tu berzi starp kust\u012bgaj\u0101m da\u013c\u0101m, ir nepiecie\u0161ama regul\u0101ra e\u013c\u013co\u0161ana ar atbilsto\u0161u hidraulisko e\u013c\u013cu.<\/p>\n<h2>Regul\u0101ra p\u0101rbaude un profilaktisk\u0101 apkope<\/h2>\n<ul>\n<li>Lai nodro\u0161in\u0101tu optim\u0101lu veiktsp\u0113ju, regul\u0101ri p\u0101rbaudiet sviras cilindru, vai nav nodiluma, nopl\u016bdes vai boj\u0101jumu paz\u012bmju.<\/li>\n<li>P\u0101rbaudiet visus hidrauliskos savienojumus, vai nav va\u013c\u012bgu savienojumu vai potenci\u0101lu nopl\u016b\u017eu, un nepiecie\u0161am\u012bbas gad\u012bjum\u0101 pievelciet vai salabojiet tos.<\/li>\n<li>Uzraugiet hidraulisk\u0101s e\u013c\u013cas l\u012bmeni un kvalit\u0101ti un nomainiet vai uzpildiet to saska\u0146\u0101 ar ra\u017eot\u0101ja ieteikumiem.<\/li>\n<li>P\u0101rbaudiet un not\u012briet cilindra \u0101r\u0113j\u0101s virsmas, no\u0146emot visus net\u012brumus vai gru\u017eus, kas var ietekm\u0113t veiktsp\u0113ju.<\/li>\n<li>Iev\u0113rojiet ra\u017eot\u0101ja nor\u0101d\u012bjumus par profilaktisko apkopi, tostarp par bl\u012bvju un citu sast\u0101vda\u013cu pl\u0101noto nomai\u0146u.<\/li>\n<\/ul>\n<h2>Produkta uzst\u0101d\u012b\u0161anas rokasgr\u0101mata<\/h2>\n<p>Pareiza sviras cilindra uzst\u0101d\u012b\u0161ana ir \u013coti svar\u012bga optim\u0101lai veiktsp\u0113jai un ilgm\u016b\u017e\u012bbai. Veiciet \u0161\u012bs darb\u012bbas:<\/p>\n<ol>\n<li>P\u0101rliecinieties, vai iek\u0101rta ir izsl\u0113gta un hidrauliskaj\u0101 sist\u0113m\u0101 nav spiediena.<\/li>\n<li>Novietojiet sviras cilindru v\u0113lamaj\u0101 viet\u0101, nol\u012bdzinot stiprin\u0101juma caurumus ar atbilsto\u0161ajiem punktiem uz iek\u0101rtas.<\/li>\n<li>Dro\u0161i nostipriniet sviras cilindru, izmantojot atbilsto\u0161as \u200b\u200bskr\u016bves vai stiprin\u0101jumus, nodro\u0161inot cie\u0161u un stabilu savienojumu.<\/li>\n<li>P\u0101rbaudiet, vai visas hidraulisk\u0101s l\u012bnijas ir pareizi pievienotas cilindram, un, ja nepiecie\u0161ams, pievelciet visus savienojumus.<\/li>\n<li>Kad uzst\u0101d\u012b\u0161ana ir pabeigta, p\u0101rbaudiet sviras cilindra darb\u012bbu, nodro\u0161inot vienm\u0113r\u012bgu un prec\u012bzu kust\u012bbu bez jebk\u0101da neparasta trok\u0161\u0146a vai nopl\u016bdes.<\/li>\n<\/ol>\n<p><img decoding=\"async\" src=\"https:\/\/www.hydraulic-cylinders.net\/wp-content\/uploads\/2025\/01\/songte-bushings-with-all-kinds-of-excavator-models.webp\" alt=\"Sviras cilindra uzst\u0101d\u012b\u0161ana\"><\/p>\n<h2>Dro\u0161\u012bbas apsv\u0113rumi un vides faktori<\/h2>\n<p>Str\u0101d\u0101jot ar sviras cilindru, ir svar\u012bgi noteikt dro\u0161\u012bbas pas\u0101kumu priorit\u0101ti. Atbilsto\u0161u dro\u0161\u012bbas protokolu ievie\u0161ana un operatoru apm\u0101c\u012bbas nodro\u0161in\u0101\u0161ana iev\u0113rojami samazina negad\u012bjumu un traumu risku. J\u0101\u0146em v\u0113r\u0101 ar\u012b vides faktori, piem\u0113ram, temperat\u016bra un mitrums, lai l\u012bdz minimumam samazin\u0101tu jebk\u0101du iesp\u0113jamo negat\u012bvo ietekmi uz sviras cilindra veiktsp\u0113ju un ilgm\u016b\u017e\u012bbu.<\/p>\n<h2>Probl\u0113mu nov\u0113r\u0161ana un bie\u017ei sastopamas probl\u0113mas<\/h2>\n<p>Ir svar\u012bgi apzin\u0101ties iesp\u0113jam\u0101s probl\u0113mas, kas var rasties ar sviras cilindru, un to diagnostiku un nov\u0113r\u0161anu:<\/p>\n<ul>\n<li><strong>Probl\u0113ma: <\/strong>Nopl\u016bde no cilindra.<\/li>\n<ul>\n<li><strong>Iesp\u0113jamais iemesls: <\/strong>Nolietotas bl\u012bves vai boj\u0101tas deta\u013cas.<\/li>\n<li><strong>Risin\u0101jums: <\/strong>P\u0101rbaudiet un nomainiet nolietot\u0101s bl\u012bves vai boj\u0101t\u0101s deta\u013cas, lai nodro\u0161in\u0101tu pareizu bl\u012bv\u0113jumu.<\/li>\n<\/ul>\n<li><strong>Probl\u0113ma: <\/strong>Neparasts troksnis darb\u012bbas laik\u0101.<\/li>\n<ul>\n<li><strong>Iesp\u0113jamais iemesls: <\/strong>Nesaska\u0146o\u0161ana vai va\u013c\u012bgi savienojumi.<\/li>\n<li><strong>Risin\u0101jums: <\/strong>P\u0101rbaudiet un noregul\u0113jiet sviras cilindra izl\u012bdzin\u0101jumu un pievelciet visus va\u013c\u012bgos savienojumus.<\/li>\n<\/ul>\n<li><strong>Probl\u0113ma: <\/strong>Nepietiekama vai saraust\u012bta rokas kust\u012bba.<\/li>\n<ul>\n<li><strong>Iesp\u0113jamais iemesls: <\/strong>Hidraulisk\u0101s e\u013c\u013cas tr\u016bkums vai aizs\u0113r\u0113ju\u0161as hidraulisk\u0101s l\u012bnijas.<\/li>\n<li><strong>Risin\u0101jums: <\/strong>P\u0101rbaudiet un uzpildiet hidraulisko e\u013c\u013cu l\u012bdz ieteicamajam l\u012bmenim. Not\u012briet vai nomainiet visas aizs\u0113r\u0113ju\u0161\u0101s hidraulisk\u0101s l\u012bnijas.<\/li>\n<\/ul>\n<\/ul>\n<p><img decoding=\"async\" src=\"https:\/\/www.hydraulic-cylinders.net\/wp-content\/uploads\/2025\/01\/songte-chushion-collar.webp\" alt=\"Sviras cilindra probl\u0113mu nov\u0113r\u0161ana\"><\/p>\n<h2>Par m\u016bsu uz\u0146\u0113mumu<\/h2>\n<p>M\u0113s esam profesion\u0101ls rezerves hidraulisko cilindru ra\u017eot\u0101js, kas pied\u0101v\u0101 pla\u0161u produktu kl\u0101stu. Esam k\u013cuvu\u0161i par vienu no vado\u0161ajiem ra\u017eot\u0101jiem un vairumtirgot\u0101jiem viet\u0113j\u0101 un starptautiskaj\u0101 tirg\u016b. M\u0113s esam ap\u0146\u0113mu\u0161ies nodro\u0161in\u0101t izcil\u012bbu kvalit\u0101t\u0113 un efektivit\u0101t\u0113. Ar m\u016bsu nozares standartiem atbilsto\u0161aj\u0101m ra\u017eo\u0161anas darbn\u012bc\u0101m un ra\u017eo\u0161anas vad\u012bbas strat\u0113\u0123ij\u0101m m\u0113s nep\u0101rtraukti uzlabojam savu tehnisko kompetenci un ra\u017eo\u0161anas efektivit\u0101ti. Ievie\u0161ot modernu digit\u0101lo ra\u017eo\u0161anas apr\u012bkojumu un profesion\u0101las p\u0101rbaudes sist\u0113mas, m\u0113s optimiz\u0113jam savu ra\u017eo\u0161anas platformu un uzlabojam produktu kvalit\u0101tes kontroles procesus. M\u016bsu m\u0113r\u0137is ir efekt\u012bvi apmierin\u0101t m\u016bsu klientu da\u017e\u0101d\u0101s vajadz\u012bbas.<\/p>","protected":false},"excerpt":{"rendered":"<p>Arm Cylinder For Cater CT260-8C Introduction The Arm Cylinder for Cater CT260-8C is a specialized hydraulic cylinder designed to provide linear motion and power to the arm of various types of machinery, such as excavators, cranes, and robotic arms. The arm cylinder plays a crucial role in hydraulic systems, allowing for efficient movement and control [&hellip;]<\/p>","protected":false},"featured_media":14759,"comment_status":"open","ping_status":"closed","template":"","meta":{"_et_pb_use_builder":"","_et_pb_old_content":"","_et_gb_content_width":""},"product_brand":[],"product_cat":[1497],"product_tag":[1498,1496],"class_list":{"0":"post-16726","1":"product","2":"type-product","3":"status-publish","4":"has-post-thumbnail","6":"product_cat-arm-cylinders","7":"product_tag-arm-cylinders","8":"product_tag-hydraulic-cylinders","10":"first","11":"instock","12":"shipping-taxable","13":"product-type-simple"},"amp_enabled":true,"_links":{"self":[{"href":"https:\/\/www.hydraulic-cylinders.net\/lv\/wp-json\/wp\/v2\/product\/16726","targetHints":{"allow":["GET"]}}],"collection":[{"href":"https:\/\/www.hydraulic-cylinders.net\/lv\/wp-json\/wp\/v2\/product"}],"about":[{"href":"https:\/\/www.hydraulic-cylinders.net\/lv\/wp-json\/wp\/v2\/types\/product"}],"replies":[{"embeddable":true,"href":"https:\/\/www.hydraulic-cylinders.net\/lv\/wp-json\/wp\/v2\/comments?post=16726"}],"wp:featuredmedia":[{"embeddable":true,"href":"https:\/\/www.hydraulic-cylinders.net\/lv\/wp-json\/wp\/v2\/media\/14759"}],"wp:attachment":[{"href":"https:\/\/www.hydraulic-cylinders.net\/lv\/wp-json\/wp\/v2\/media?parent=16726"}],"wp:term":[{"taxonomy":"product_brand","embeddable":true,"href":"https:\/\/www.hydraulic-cylinders.net\/lv\/wp-json\/wp\/v2\/product_brand?post=16726"},{"taxonomy":"product_cat","embeddable":true,"href":"https:\/\/www.hydraulic-cylinders.net\/lv\/wp-json\/wp\/v2\/product_cat?post=16726"},{"taxonomy":"product_tag","embeddable":true,"href":"https:\/\/www.hydraulic-cylinders.net\/lv\/wp-json\/wp\/v2\/product_tag?post=16726"}],"curies":[{"name":"wp","href":"https:\/\/api.w.org\/{rel}","templated":true}]}}