{"id":16727,"date":"2025-01-21T05:49:54","date_gmt":"2025-01-21T05:49:54","guid":{"rendered":"https:\/\/www.hydraulic-cylinders.net\/product\/arm-cylinder-for-carter-ct45-7b\/"},"modified":"2025-01-21T05:49:56","modified_gmt":"2025-01-21T05:49:56","slug":"arm-cylinder-for-carter-ct45-7b","status":"publish","type":"product","link":"https:\/\/www.hydraulic-cylinders.net\/lv\/products\/arm-cylinder-for-carter-ct45-7b\/","title":{"rendered":"Carter CT45-7B rokas cilindrs"},"content":{"rendered":"<h1>Carter CT45-7B rokas cilindrs<\/h1>\n<h2>Ievads<\/h2>\n<p>Sviras cilindrs ir speci\u0101li izstr\u0101d\u0101ts hidrauliskais cilindrs, kas nodro\u0161ina line\u0101ru kust\u012bbu un jaudu da\u017e\u0101du veidu ma\u0161\u012bnu, piem\u0113ram, ekskavatoru, celt\u0146u un robotiz\u0113tu roku, svirai. Tam ir iz\u0161\u0137iro\u0161a noz\u012bme hidrauliskaj\u0101s sist\u0113m\u0101s, nodro\u0161inot efekt\u012bvu papildu instrumentu vai stiprin\u0101jumu p\u0101rvieto\u0161anu un vad\u012bbu. \u0160ie cilindri ne tikai nodro\u0161ina vienm\u0113r\u012bgu kust\u012bbu, bet ar\u012b iztur lielas slodzes, nodro\u0161inot ma\u0161\u012bnu efekt\u012bvu darb\u012bbu un uzticam\u012bbu da\u017e\u0101dos darba apst\u0101k\u013cos.<\/p>\n<p><img decoding=\"async\" src=\"https:\/\/www.hydraulic-cylinders.net\/wp-content\/uploads\/2025\/01\/songte-company-2.webp\" alt=\"Sviras cilindra att\u0113ls\"><\/p>\n<h2>Funkcijas<\/h2>\n<ol>\n<li><strong>Augsta efektivit\u0101te un jauda:<\/strong> Sviras cilindrs nodro\u0161ina jaud\u012bgu line\u0101ru kust\u012bbu un sp\u0113ku, garant\u0113jot meh\u0101nisk\u0101s sviras augstas veiktsp\u0113jas iesp\u0113jas da\u017e\u0101d\u0101s darb\u012bb\u0101s.<\/li>\n<li><strong>Prec\u012bza kontrole:<\/strong> Izmantojot hidraulisko sist\u0113mu, rokas cilindrs nodro\u0161ina prec\u012bzu kust\u012bbas kontroli, padarot darb\u012bbas ar papildu instrumentiem elast\u012bg\u0101kas un prec\u012bz\u0101kas.<\/li>\n<li><strong>Iztur\u012bba:<\/strong> Sviru cilindri parasti tiek ra\u017eoti, izmantojot augstas iztur\u012bbas materi\u0101lus, kas nodro\u0161ina izcilu nodilumiztur\u012bbu un iztur\u012bbu pret koroziju, padarot tos piem\u0113rotus ilgsto\u0161ai lieto\u0161anai skarbos apst\u0101k\u013cos.<\/li>\n<li><strong>Daudzfunkcion\u0101la piel\u0101go\u0161an\u0101s sp\u0113ja:<\/strong> \u0160os cilindrus var pla\u0161i pielietot da\u017e\u0101da veida ma\u0161\u012bn\u0101m, piem\u0113ram, ekskavatoriem, celt\u0146iem un robotiz\u0113t\u0101m rok\u0101m, piel\u0101gojoties da\u017e\u0101d\u0101m darba pras\u012bb\u0101m.<\/li>\n<li><strong>Vienk\u0101r\u0161a apkope:<\/strong> Izstr\u0101d\u0101ts, \u0146emot v\u0113r\u0101 apkopes un nomai\u0146as vienk\u0101r\u0161\u012bbu, regul\u0101ras p\u0101rbaudes un apkope k\u013c\u016bst \u0113rtas, samazinot iek\u0101rtu d\u012bkst\u0101ves laiku.<\/li>\n<\/ol>\n<p><img decoding=\"async\" src=\"https:\/\/www.hydraulic-cylinders.net\/wp-content\/uploads\/2025\/01\/songte-oil-pipes-and-spare-parts.webp\" alt=\"Produkta att\u0113ls\"><\/p>\n<h2>Pieteikumi<\/h2>\n<p>Sviras cilindrs tiek izmantots da\u017e\u0101d\u0101s nozar\u0113s:<\/p>\n<ul>\n<li><strong>B\u016bvniec\u012bbas in\u017eenierija:<\/strong> Ekskavatoros un celt\u0146os sviras cilindrs kontrol\u0113 kausa vai str\u0113les kust\u012bbu zemes p\u0101rvieto\u0161anas, materi\u0101lu apstr\u0101des un konstrukciju uzst\u0101d\u012b\u0161anas laik\u0101.<\/li>\n<li><strong>Ra\u017eo\u0161ana:<\/strong> Automatiz\u0113t\u0101s ra\u017eo\u0161anas l\u012bnij\u0101s rokas cilindrs nodro\u0161ina robotiz\u0113tu roku kust\u012bbu mont\u0101\u017eas, metin\u0101\u0161anas un materi\u0101lu apstr\u0101des procesos, uzlabojot ra\u017eo\u0161anas efektivit\u0101ti un precizit\u0101ti.<\/li>\n<li><strong>Lauksaimniec\u012bbas tehnika:<\/strong> Lauksaimniec\u012bbas tehnik\u0101, piem\u0113ram, kombainos un s\u0113jma\u0161\u012bn\u0101s, sviras cilindrs kontrol\u0113 vad\u012bbas sviru kust\u012bbu t\u0101diem uzdevumiem k\u0101 s\u0113\u0161ana, m\u0113slo\u0161ana un ra\u017eas nov\u0101k\u0161ana.<\/li>\n<li><strong>Kalnr\u016bpniec\u012bba:<\/strong> Kalnr\u016bpniec\u012bbas iek\u0101rt\u0101s sviras cilindrs kontrol\u0113 kalnr\u016bpniec\u012bbas iek\u0101rtu sviru kust\u012bbu r\u016bdas ieguvei un transport\u0113\u0161anai.<\/li>\n<li><strong>Lo\u0123istika un transports:<\/strong> Iekr\u0101v\u0113jos un apstr\u0101des robotos rokas cilindrs kontrol\u0113 dak\u0161u pacel\u0161anu un kust\u012bbu, nodro\u0161inot materi\u0101lu apstr\u0101di un sakrau\u0161anu.<\/li>\n<\/ul>\n<h2>Dizaina apsv\u0113rumi un atlases krit\u0113riji<\/h2>\n<p>Projekt\u0113jot cilindra sviru, j\u0101\u0146em v\u0113r\u0101 vair\u0101ki galvenie faktori:<\/p>\n<ol>\n<li><strong>Nestsp\u0113ja:<\/strong> Sviras cilindram j\u0101sp\u0113j iztur\u0113t paredz\u0113to slodzi un ekspluat\u0101cijas apst\u0101k\u013cus.<\/li>\n<li><strong>Bl\u012bv\u0113jums:<\/strong> Lai nodro\u0161in\u0101tu efekt\u012bvu bl\u012bv\u0113\u0161anu, tiek izmantoti da\u017e\u0101di bl\u012bv\u0113\u0161anas komponenti, piem\u0113ram, virzu\u013ca bl\u012bvsl\u0113gi \u200b\u200bun stie\u0146u bl\u012bvsl\u0113gi, kas izgatavoti no nodilumiztur\u012bgiem materi\u0101liem, piem\u0113ram, poliuret\u0101na un nitrila gumijas.<\/li>\n<li><strong>Iztur\u012bba:<\/strong> Cilindra korpuss un v\u012bt\u0146ot\u0101s gala virsmas ir smalki apstr\u0101d\u0101tas, lai uzlabotu nodilumiztur\u012bbu.<\/li>\n<li><strong>Dro\u0161\u012bba:<\/strong> Lai nov\u0113rstu negad\u012bjumus ekspluat\u0101cijas laik\u0101, tiek ieviesti dro\u0161\u012bbas pas\u0101kumi.<\/li>\n<li><strong>Uzturam\u012bba:<\/strong> Regul\u0101ra e\u013c\u013co\u0161ana ar atbilsto\u0161u hidraulisko e\u013c\u013cu un \u0113rta piek\u013cuve apkopei ir svar\u012bgi apsv\u0113rumi.<\/li>\n<\/ol>\n<p><img decoding=\"async\" src=\"https:\/\/www.hydraulic-cylinders.net\/wp-content\/uploads\/2025\/01\/songte-cylinder-head-with-all-kinds-excavator-models.webp\" alt=\"Produkta att\u0113ls\"><\/p>\n<h2>Bl\u012bv\u0113\u0161ana un e\u013c\u013co\u0161ana<\/h2>\n<p>Sviras cilindr\u0101 tiek izmantoti da\u017e\u0101di bl\u012bv\u0113\u0161anas komponenti, piem\u0113ram, virzu\u013ca bl\u012bvsl\u0113gi \u200b\u200bun stie\u0146a bl\u012bvsl\u0113gi, kas izgatavoti no nodilumiztur\u012bgiem materi\u0101liem, piem\u0113ram, poliuret\u0101na un nitrila gumijas. Cilindra korpuss un v\u012bt\u0146ot\u0101s gala virsmas tiek r\u016bp\u012bgi apstr\u0101d\u0101tas, lai uzlabotu nodilumiztur\u012bbu. Lai nodro\u0161in\u0101tu vienm\u0113r\u012bgu darb\u012bbu, ir nepiecie\u0161ama regul\u0101ra e\u013c\u013co\u0161ana ar atbilsto\u0161u hidraulisko e\u013c\u013cu.<\/p>\n<h2>Regul\u0101ra p\u0101rbaude un profilaktisk\u0101 apkope<\/h2>\n<p>Lai nodro\u0161in\u0101tu optim\u0101lu veiktsp\u0113ju un ilgm\u016b\u017e\u012bbu, ieteicams veikt regul\u0101ras p\u0101rbaudes un profilaktisko apkopi:<\/p>\n<ul>\n<li>P\u0101rbaudiet un nomainiet nolietot\u0101s bl\u012bves un deta\u013cas.<\/li>\n<li>Regul\u0101ri t\u012briet un iee\u013c\u013cojiet cilindru.<\/li>\n<li>P\u0101rbaudiet, vai nav nopl\u016b\u017eu vai boj\u0101jumu.<\/li>\n<li>Pievelciet va\u013c\u012bgos savienojumus.<\/li>\n<li>Uzraugiet \u0161\u0137idruma l\u012bmeni un kvalit\u0101ti.<\/li>\n<\/ul>\n<h2>Instal\u0101cijas rokasgr\u0101mata<\/h2>\n<p>Lai pareizi uzst\u0101d\u012btu sviras cilindru, veiciet t\u0101l\u0101k nor\u0101d\u012bt\u0101s darb\u012bbas.<\/p>\n<ol>\n<li>Izv\u0113lieties atbilsto\u0161o mont\u0101\u017eas poz\u012bciju.<\/li>\n<li>Dro\u0161i piestipriniet cilindru pie iek\u0101rtas, izmantojot piem\u0113rotus stiprin\u0101jumus.<\/li>\n<li>Pievienojiet hidraulisk\u0101s l\u012bnijas saska\u0146\u0101 ar ra\u017eot\u0101ja nor\u0101d\u012bjumiem.<\/li>\n<li>P\u0101rliecinieties, ka visi savienojumi ir cie\u0161i un bez nopl\u016bd\u0113m.<\/li>\n<li>Pirms cilindra piln\u012bgas lieto\u0161anas p\u0101rbaudiet t\u0101 darb\u012bbu.<\/li>\n<\/ol>\n<p><img decoding=\"async\" src=\"https:\/\/www.hydraulic-cylinders.net\/wp-content\/uploads\/2025\/01\/songte-bushings-with-all-kinds-of-excavator-models.webp\" alt=\"Produkta att\u0113ls\"><\/p>\n<h2>Dro\u0161\u012bbas apsv\u0113rumi un vides faktori<\/h2>\n<p>Izmantojot rokas cilindru, ir svar\u012bgi priorit\u0101ri piev\u0113rsties dro\u0161\u012bbas pas\u0101kumiem, lai nov\u0113rstu negad\u012bjumus. B\u016btiska ir atbilsto\u0161a apm\u0101c\u012bba, dro\u0161\u012bbas vadl\u012bniju iev\u0113ro\u0161ana un atbilsto\u0161u individu\u0101lo aizsardz\u012bbas l\u012bdzek\u013cu lieto\u0161ana. Turkl\u0101t vides faktoru \u0146em\u0161ana v\u0113r\u0101 un videi draudz\u012bgas prakses ievie\u0161ana veicina ilgtsp\u0113j\u012bgu darb\u012bbu.<\/p>\n<h2>Probl\u0113mu nov\u0113r\u0161ana un bie\u017ei sastopamas probl\u0113mas<\/h2>\n<p>Da\u017eas bie\u017ei sastopamas probl\u0113mas, kas var rasties ar sviras cilindru, ir \u0161\u0101das:<\/p>\n<ul>\n<li>Hidraulisk\u0101 \u0161\u0137idruma nopl\u016bde.<\/li>\n<li>L\u0113na vai nevienm\u0113r\u012bga kust\u012bba.<\/li>\n<li>P\u0101rm\u0113r\u012bgs troksnis vai vibr\u0101cijas.<\/li>\n<li>Nekonsekvents spiediens vai sp\u0113ks.<\/li>\n<li>Bl\u012bv\u0113juma atteice.<\/li>\n<\/ul>\n<p>Lai risin\u0101tu \u0161\u012bs probl\u0113mas, apsveriet \u0161\u0101dus probl\u0113mu nov\u0113r\u0161anas padomus:<\/p>\n<ul>\n<li>P\u0101rbaudiet, vai nav va\u013c\u012bgu savienojumu, un, ja nepiecie\u0161ams, pievelciet.<\/li>\n<li>P\u0101rbaudiet bl\u012bves un nomainiet t\u0101s, ja t\u0101s ir boj\u0101tas.<\/li>\n<li>Nodro\u0161iniet atbilsto\u0161u e\u013c\u013co\u0161anu un \u0161\u0137idruma l\u012bmeni.<\/li>\n<li>P\u0101rbaudiet, vai cilindr\u0101 nav aizsprostojumu vai gru\u017eu.<\/li>\n<li>Ja probl\u0113ma joproj\u0101m past\u0101v, sazinieties ar speci\u0101listu, lai sa\u0146emtu papildu pal\u012bdz\u012bbu.<\/li>\n<\/ul>\n<p><img decoding=\"async\" src=\"https:\/\/www.hydraulic-cylinders.net\/wp-content\/uploads\/2025\/01\/songte-chushion-collar.webp\" alt=\"Produkta att\u0113ls\"><\/p>\n<p>Atcerieties lo\u0123iski sak\u0101rtot rakstu, izmantot apak\u0161virsrakstus \u0113rtai navig\u0101cijai, iek\u013caut atbilsto\u0161us att\u0113lus vai diagrammas lab\u0101kai izpratnei un nodro\u0161in\u0101t, lai saturs b\u016btu skaidrs, kodol\u012bgs un piem\u0113rots las\u012bt\u0101jiem ar da\u017e\u0101diem tehnisko zin\u0101\u0161anu l\u012bme\u0146iem.<\/p>\n<h2>Par m\u016bsu uz\u0146\u0113mumu<\/h2>\n<p>M\u0113s esam profesion\u0101ls rezerves hidraulisko cilindru ra\u017eot\u0101js, kas pied\u0101v\u0101 pla\u0161u produktu kl\u0101stu. Esam k\u013cuvu\u0161i par vienu no vado\u0161ajiem ra\u017eot\u0101jiem un vairumtirgot\u0101jiem viet\u0113j\u0101 un starptautiskaj\u0101 tirg\u016b. Iev\u0113rojot izcilas kvalit\u0101tes principu, m\u0113s nep\u0101rtraukti uzlabojam savas tehnolo\u0123isk\u0101s iesp\u0113jas un ra\u017eo\u0161anas efektivit\u0101ti, izmantojot industrializ\u0113tas ra\u017eo\u0161anas vad\u012bbas strat\u0113\u0123ijas m\u016bsu modernaj\u0101 ra\u017eo\u0161anas ceh\u0101.<\/p>\n<p>Ievie\u0161ot augst\u0101k\u0101s klases digit\u0101l\u0101s ra\u017eo\u0161anas iek\u0101rtas un profesion\u0101las test\u0113\u0161anas sist\u0113mas, m\u0113s optimiz\u0113jam savu ra\u017eo\u0161anas platformu un uzlabojam produktu kvalit\u0101tes kontroles procesus. Mums ir sp\u0113c\u012bgas inov\u0101ciju sp\u0113jas, un m\u016bsu m\u0113r\u0137is ir apmierin\u0101t da\u017e\u0101das klientu vajadz\u012bbas, iev\u0113rojot efektivit\u0101tes, precizit\u0101tes un augstas kvalit\u0101tes principus.<\/p>\n<p><img decoding=\"async\" src=\"https:\/\/www.hydraulic-cylinders.net\/wp-content\/uploads\/2025\/01\/songte-company-4.webp\" alt=\"Uz\u0146\u0113muma t\u0113ls\"><br \/>\n<img decoding=\"async\" src=\"https:\/\/www.hydraulic-cylinders.net\/wp-content\/uploads\/2025\/01\/songte-company-3.webp\" alt=\"Uz\u0146\u0113muma t\u0113ls\"><\/p>\n<p>M\u016bsu uz\u0146\u0113mums ir paz\u012bstams ar:<\/p>\n<ul>\n<li>Profesionalit\u0101te un kompetence hidraulisko cilindru ra\u017eo\u0161an\u0101.<\/li>\n<li>Starptautiski sertifik\u0101ti, kas nodro\u0161ina kvalit\u0101tes standartus.<\/li>\n<li>Piel\u0101go\u0161anas pakalpojumi, lai apmierin\u0101tu \u012bpa\u0161as pras\u012bbas.<\/li>\n<li>Vismodern\u0101k\u0101s ra\u017eo\u0161anas iek\u0101rtas.<\/li>\n<li>Visaptvero\u0161s p\u0113cp\u0101rdo\u0161anas serviss.<\/li>\n<\/ul>\n<p>\u0160o rakstu ir sarakst\u012bjis Lails.<\/p>","protected":false},"excerpt":{"rendered":"<p>Arm Cylinder For Carter CT45-7B Introduction The arm cylinder is a specially designed hydraulic cylinder that provides linear motion and power to the arm of various types of machinery, such as excavators, cranes, and robotic arms. It plays a crucial role in hydraulic systems, enabling the efficient movement and control of additional tools or attachments. [&hellip;]<\/p>","protected":false},"featured_media":14786,"comment_status":"open","ping_status":"closed","template":"","meta":{"_et_pb_use_builder":"","_et_pb_old_content":"","_et_gb_content_width":""},"product_brand":[],"product_cat":[1497],"product_tag":[1498,1496],"class_list":{"0":"post-16727","1":"product","2":"type-product","3":"status-publish","4":"has-post-thumbnail","6":"product_cat-arm-cylinders","7":"product_tag-arm-cylinders","8":"product_tag-hydraulic-cylinders","10":"first","11":"instock","12":"shipping-taxable","13":"product-type-simple"},"amp_enabled":true,"_links":{"self":[{"href":"https:\/\/www.hydraulic-cylinders.net\/lv\/wp-json\/wp\/v2\/product\/16727","targetHints":{"allow":["GET"]}}],"collection":[{"href":"https:\/\/www.hydraulic-cylinders.net\/lv\/wp-json\/wp\/v2\/product"}],"about":[{"href":"https:\/\/www.hydraulic-cylinders.net\/lv\/wp-json\/wp\/v2\/types\/product"}],"replies":[{"embeddable":true,"href":"https:\/\/www.hydraulic-cylinders.net\/lv\/wp-json\/wp\/v2\/comments?post=16727"}],"wp:featuredmedia":[{"embeddable":true,"href":"https:\/\/www.hydraulic-cylinders.net\/lv\/wp-json\/wp\/v2\/media\/14786"}],"wp:attachment":[{"href":"https:\/\/www.hydraulic-cylinders.net\/lv\/wp-json\/wp\/v2\/media?parent=16727"}],"wp:term":[{"taxonomy":"product_brand","embeddable":true,"href":"https:\/\/www.hydraulic-cylinders.net\/lv\/wp-json\/wp\/v2\/product_brand?post=16727"},{"taxonomy":"product_cat","embeddable":true,"href":"https:\/\/www.hydraulic-cylinders.net\/lv\/wp-json\/wp\/v2\/product_cat?post=16727"},{"taxonomy":"product_tag","embeddable":true,"href":"https:\/\/www.hydraulic-cylinders.net\/lv\/wp-json\/wp\/v2\/product_tag?post=16727"}],"curies":[{"name":"wp","href":"https:\/\/api.w.org\/{rel}","templated":true}]}}