{"id":16738,"date":"2025-01-21T05:50:48","date_gmt":"2025-01-21T05:50:48","guid":{"rendered":"https:\/\/www.hydraulic-cylinders.net\/product\/arm-cylinder-for-kym-ky60a\/"},"modified":"2025-01-21T05:50:49","modified_gmt":"2025-01-21T05:50:49","slug":"arm-cylinder-for-kym-ky60a","status":"publish","type":"product","link":"https:\/\/www.hydraulic-cylinders.net\/lv\/products\/arm-cylinder-for-kym-ky60a\/","title":{"rendered":"KYM KY60A sviras cilindrs"},"content":{"rendered":"<h2>KYM KY60A sviras cilindrs<\/h2>\n<h3>Ievads<\/h3>\n<p>Sviras cilindrs ir speci\u0101li izstr\u0101d\u0101ts hidrauliskais cilindrs, ko izmanto, lai nodro\u0161in\u0101tu line\u0101ru kust\u012bbu un jaudu da\u017e\u0101du ma\u0161\u012bnu, tostarp ekskavatoru, celt\u0146u un meh\u0101nisko sviru, svir\u0101m. Tam ir iz\u0161\u0137iro\u0161a noz\u012bme hidrauliskaj\u0101s sist\u0113m\u0101s, nodro\u0161inot papildu instrumentu vai stiprin\u0101jumu efekt\u012bvu kust\u012bbu un vad\u012bbu. \u0160ie cilindri ne tikai nodro\u0161ina vienm\u0113r\u012bgu kust\u012bbu, bet ar\u012b iztur lielas slodzes, nodro\u0161inot ma\u0161\u012bnu efekt\u012bvu darb\u012bbu un uzticam\u012bbu da\u017e\u0101dos ekspluat\u0101cijas apst\u0101k\u013cos.<\/p>\n<p><img decoding=\"async\" src=\"https:\/\/www.hydraulic-cylinders.net\/wp-content\/uploads\/2025\/01\/songte-company-2.webp\" alt=\"KYM KY60A sviras cilindrs\" \/><\/p>\n<h3>Funkcijas<\/h3>\n<ul>\n<li>Augstas efektivit\u0101tes transmisija: Roku cilindri nodro\u0161ina jaud\u012bgu line\u0101ru kust\u012bbu un sp\u0113ku, garant\u0113jot meh\u0101nisko roku augstu efektivit\u0101ti da\u017e\u0101d\u0101s darb\u012bb\u0101s.<\/li>\n<li>Prec\u012bza vad\u012bba: Izmantojot hidraulisko sist\u0113mu, roku cilindri var pan\u0101kt prec\u012bzu kust\u012bbas vad\u012bbu, padarot papildu instrumentu darb\u012bbu elast\u012bg\u0101ku un prec\u012bz\u0101ku.<\/li>\n<li>Augsta iztur\u012bba: Sviru cilindri parasti ir izgatavoti no augstas iztur\u012bbas materi\u0101liem un tiem ir laba iztur\u012bba pret nodilumu un koroziju, padarot tos piem\u0113rotus ilgsto\u0161ai lieto\u0161anai skarbos apst\u0101k\u013cos.<\/li>\n<li>Daudzfunkcion\u0101la piel\u0101go\u0161an\u0101s sp\u0113ja: \u0161os cilindrus var pla\u0161i izmantot da\u017e\u0101da veida ma\u0161\u012bn\u0101s, piem\u0113ram, ekskavatoros, celt\u0146os un meh\u0101niskaj\u0101s svir\u0101s, lai apmierin\u0101tu da\u017e\u0101das ekspluat\u0101cijas vajadz\u012bbas.<\/li>\n<li>Vienk\u0101r\u0161a apkope: Projekt\u0113jot \u0146emta v\u0113r\u0101 apkopes un nomai\u0146as vienk\u0101r\u0161\u012bba, padarot regul\u0101ru p\u0101rbaudi un apkopi \u0113rt\u0101ku un samazinot iek\u0101rtu d\u012bkst\u0101ves laiku.<\/li>\n<\/ul>\n<p>M\u0113s varam ra\u017eot \u0161o produktu, un tas var lieliski aizst\u0101t \u0161os hidrauliskos cilindrus.<\/p>\n<p><img decoding=\"async\" src=\"https:\/\/www.hydraulic-cylinders.net\/wp-content\/uploads\/2025\/01\/songte-oil-pipes-and-spare-parts.webp\" alt=\"KYM KY60A sviras cilindrs\" \/><\/p>\n<h3>Pieteikumi<\/h3>\n<p>Sviru cilindriem ir pla\u0161s pielietojums da\u017e\u0101d\u0101s nozar\u0113s, tostarp:<\/p>\n<ul>\n<li>B\u016bvniec\u012bba: Ekskavatoros un celt\u0146os str\u0113les cilindrus izmanto, lai kontrol\u0113tu kausu vai str\u0113les kust\u012bbu zemes p\u0101rvieto\u0161anas, materi\u0101lu apstr\u0101des un konstrukciju uzst\u0101d\u012b\u0161anas darbiem.<\/li>\n<li>Ra\u017eo\u0161ana: Automatiz\u0113t\u0101s ra\u017eo\u0161anas l\u012bnij\u0101s meh\u0101nisko sviru p\u0101rvieto\u0161anai mont\u0101\u017eas, metin\u0101\u0161anas un materi\u0101lu apstr\u0101des laik\u0101 tiek izmantoti sviru cilindri, t\u0101d\u0113j\u0101di uzlabojot ra\u017eo\u0161anas efektivit\u0101ti un precizit\u0101ti.<\/li>\n<li>Lauksaimniec\u012bbas tehnika: Lauksaimniec\u012bbas tehnik\u0101, piem\u0113ram, kombainos un s\u0113jma\u0161\u012bn\u0101s, sviru cilindri kontrol\u0113 vad\u012bbas sviru kust\u012bbu t\u0101diem uzdevumiem k\u0101 st\u0101d\u012b\u0161ana, m\u0113slo\u0161ana un ra\u017eas nov\u0101k\u0161ana.<\/li>\n<li>Kalnr\u016bpniec\u012bba: Kalnr\u016bpniec\u012bbas iek\u0101rt\u0101s sviru cilindrus izmanto, lai kontrol\u0113tu kalnr\u016bpniec\u012bbas iek\u0101rtu sviru kust\u012bbu r\u016bdas ieguvei un transport\u0113\u0161anai.<\/li>\n<li>Lo\u0123istika un transport\u0113\u0161ana: Iekr\u0101v\u0113jos un apstr\u0101des robotos roku cilindri tiek izmantoti, lai kontrol\u0113tu dak\u0161u pacel\u0161anu un kust\u012bbu, atvieglojot materi\u0101lu apstr\u0101di un sakrau\u0161anu.<\/li>\n<\/ul>\n<h3>Dizaina apsv\u0113rumi un atlases krit\u0113riji<\/h3>\n<p>No konstrukcijas viedok\u013ca, sviras cilindriem j\u0101\u0146em v\u0113r\u0101 to nestsp\u0113ja, bl\u012bv\u0113jums, iztur\u012bba, dro\u0161\u012bba un apkopes iesp\u0113jas. Galvenie punkti ir \u0161\u0101di:<\/p>\n<ul>\n<li>Nestsp\u0113ja: Sviru cilindriem j\u0101sp\u0113j iztur\u0113t maksim\u0101lo ma\u0161\u012bnas slodzi, vienlaikus saglab\u0101jot to uzticam\u012bbu un precizit\u0101ti.<\/li>\n<li>Bl\u012bv\u0113jums: Sviru cilindriem ir nepiecie\u0161ami da\u017e\u0101di bl\u012bv\u0113jumi, piem\u0113ram, virzu\u013ca bl\u012bv\u0113jumi, stie\u0146a bl\u012bv\u0113jumi utt., kuriem j\u0101b\u016bt izgatavotiem no nodilumiztur\u012bgiem materi\u0101liem, piem\u0113ram, poliuret\u0101na un nitrila gumijas, lai nodro\u0161in\u0101tu bl\u012bv\u0113jumu ilgm\u016b\u017e\u012bbu.<\/li>\n<li>Iztur\u012bba: Sviru cilindri bie\u017ei tiek pak\u013cauti skarbiem apst\u0101k\u013ciem, un tiem j\u0101b\u016bt izgatavotiem no augstas stipr\u012bbas materi\u0101liem, piem\u0113ram, le\u0123\u0113t\u0101 t\u0113rauda, \u200b\u200blai nodro\u0161in\u0101tu to iztur\u012bbu un ilgm\u016b\u017e\u012bbu.<\/li>\n<li>Dro\u0161\u012bba: Sviru cilindriem j\u0101b\u016bt konstru\u0113tiem t\u0101, lai nov\u0113rstu negad\u012bjumus un nodro\u0161in\u0101tu person\u0101la un iek\u0101rtu dro\u0161\u012bbu. Tiem j\u0101atbilst attiec\u012bgajiem dro\u0161\u012bbas standartiem un noteikumiem.<\/li>\n<li>Uzturam\u012bba: Sviru cilindriem j\u0101b\u016bt konstru\u0113tiem t\u0101, lai atvieglotu apkopi un remontu, piem\u0113ram, nodro\u0161inot \u0113rtu piek\u013cuvi bl\u012bv\u0113m un cit\u0101m sast\u0101vda\u013c\u0101m.<\/li>\n<\/ul>\n<p><img decoding=\"async\" src=\"https:\/\/www.hydraulic-cylinders.net\/wp-content\/uploads\/2025\/01\/songte-cylinder-head-with-all-kinds-excavator-models.webp\" alt=\"KYM KY60A sviras cilindrs\" \/><\/p>\n<h3>Bl\u012bv\u0113\u0161ana un e\u013c\u013co\u0161ana<\/h3>\n<p>Sviru cilindros j\u0101izmanto da\u017e\u0101di bl\u012bv\u0113jumi, piem\u0113ram, virzu\u013ca bl\u012bv\u0113jumi un stie\u0146a bl\u012bv\u0113jumi. \u0160iem bl\u012bv\u0113jumiem j\u0101b\u016bt izgatavotiem no nodilumiztur\u012bgiem materi\u0101liem, piem\u0113ram, poliuret\u0101na un nitrila gumijas. Cilindra galva un cilindra korpusa v\u012btnes gala virsma ir r\u016bp\u012bgi j\u0101apstr\u0101d\u0101, lai uzlabotu nodilumiztur\u012bbu. Ir nepiecie\u0161ams ar\u012b regul\u0101ri pievienot atbilsto\u0161u hidraulisko e\u013c\u013cu e\u013c\u013co\u0161anai.<\/p>\n<h3>Regul\u0101ras p\u0101rbaudes un profilaktisk\u0101s apkopes pas\u0101kumi<\/h3>\n<p>Regul\u0101ra p\u0101rbaude un profilaktisk\u0101 apkope ir b\u016btiska, lai nodro\u0161in\u0101tu pareizu sviru cilindru darb\u012bbu. J\u0101veic \u0161\u0101di pas\u0101kumi:<\/p>\n<ul>\n<li>Regul\u0101ri p\u0101rbaudiet bl\u012bves, vai t\u0101s nav nodilu\u0161as, un, ja nepiecie\u0161ams, nomainiet t\u0101s.<\/li>\n<li>P\u0101rbaudiet cilindra korpusu un virzuli, vai nav boj\u0101jumu vai nodiluma, un, ja nepiecie\u0161ams, nomainiet tos.<\/li>\n<li>P\u0101rbaudiet v\u012btnes gala virsmu, vai taj\u0101 nav nodiluma vai skr\u0101p\u0113jumu, un, ja nepiecie\u0161ams, salabojiet vai nomainiet tos.<\/li>\n<li>Regul\u0101ri pievienojiet atbilsto\u0161u hidraulisko e\u013c\u013cu e\u013c\u013co\u0161anai.<\/li>\n<li>Hidraulisk\u0101s sist\u0113mas periodiska p\u0101rbaude un apkope.<\/li>\n<\/ul>\n<p><img decoding=\"async\" src=\"https:\/\/www.hydraulic-cylinders.net\/wp-content\/uploads\/2025\/01\/songte-chushion-collar.webp\" alt=\"KYM KY60A sviras cilindrs\" \/><\/p>\n<h3>Produkta uzst\u0101d\u012b\u0161anas rokasgr\u0101mata<\/h3>\n<p>Lai pareizi uzst\u0101d\u012btu sviru cilindrus, iev\u0113rojiet \u0161\u012bs vadl\u012bnijas:<\/p>\n<ul>\n<li>P\u0101rliecinieties, ka mont\u0101\u017eas virsma ir t\u012bra un bez gru\u017eiem un pies\u0101r\u0146ojuma.<\/li>\n<li>Novietojiet cilindru pret mont\u0101\u017eas virsmu un uzst\u0101diet mont\u0101\u017eas skr\u016bves vai skr\u016bves.<\/li>\n<li>Pievienojiet hidraulisk\u0101s \u0161\u013c\u016btenes cilindram saska\u0146\u0101 ar hidraulisk\u0101s sh\u0113mas sh\u0113mu.<\/li>\n<li>Piepildiet hidraulisko sist\u0113mu ar atbilsto\u0161u hidraulisko e\u013c\u013cu.<\/li>\n<li>P\u0101rbaudiet cilindra pareizu darb\u012bbu.<\/li>\n<\/ul>\n<h3>Dro\u0161\u012bbas apsv\u0113rumi un vides faktori<\/h3>\n<p>Dro\u0161\u012bbas pas\u0101kumi ir \u013coti svar\u012bgi, str\u0101d\u0101jot ar iek\u0101rt\u0101m, kur\u0101m ir sviru cilindri. Lai nodro\u0161in\u0101tu person\u0101la un iek\u0101rtu dro\u0161\u012bbu, ir nepiecie\u0161ama atbilsto\u0161a apm\u0101c\u012bba un izgl\u012bt\u012bba par iek\u0101rtu ekspluat\u0101ciju un apkopi. J\u0101\u0146em v\u0113r\u0101 ar\u012b t\u0101di vides faktori k\u0101 temperat\u016bra, mitrums, putek\u013ci un gru\u017ei, un j\u0101veic atbilsto\u0161i pas\u0101kumi, lai nodro\u0161in\u0101tu sviru cilindru pareizu darb\u012bbu.<\/p>\n<h3>Probl\u0113mu nov\u0113r\u0161ana un bie\u017ei sastopamas probl\u0113mas<\/h3>\n<p>Bie\u017ei sastopamas probl\u0113mas ar sviras cilindriem ir nopl\u016bdes, samazin\u0101ta veiktsp\u0113ja un bl\u012bv\u0113jumu boj\u0101jumi. Probl\u0113mu nov\u0113r\u0161anu var veikt, p\u0101rbaudot bl\u012bves, hidraulisk\u0101 \u0161\u0137idruma l\u012bmeni un hidraulisk\u0101s sist\u0113mas pl\u016bsmu. Vairum\u0101 gad\u012bjumu probl\u0113mu var atrisin\u0101t, nomainot bl\u012bves vai salabojot hidraulisko sist\u0113mu. Prevent\u012bvie pas\u0101kumi, piem\u0113ram, regul\u0101ra apkope, var samazin\u0101t probl\u0113mu iesp\u0113jam\u012bbu un palielin\u0101t sviras cilindru kalpo\u0161anas laiku.<\/p>\n<p><img decoding=\"async\" src=\"https:\/\/www.hydraulic-cylinders.net\/wp-content\/uploads\/2025\/01\/songte-bushings-with-all-kinds-of-excavator-models.webp\" alt=\"KYM KY60A sviras cilindrs\" \/><\/p>\n<h3>Par mums<\/h3>\n<p>M\u0113s esam profesion\u0101ls rezerves hidraulisko cilindru ra\u017eot\u0101js ar pla\u0161u produktu kl\u0101stu un esam k\u013cuvu\u0161i par vienu no vado\u0161ajiem hidraulisko cilindru ra\u017eot\u0101jiem un vairumtirdzniec\u012bbas izplat\u012bt\u0101jiem viet\u0113j\u0101 un \u0101rvalstu tirgos. M\u0113s vienm\u0113r iev\u0113rojam izcilas kvalit\u0101tes principu un sav\u0101s prec\u012bzi ra\u017eotaj\u0101s darbn\u012bc\u0101s pa\u013caujamies uz r\u016bpniecisk\u0101s ra\u017eo\u0161anas vad\u012bbas strat\u0113\u0123ij\u0101m, lai nep\u0101rtraukti uzlabotu savu tehnolo\u0123isko l\u012bmeni un ra\u017eo\u0161anas efektivit\u0101ti. Ievie\u0161ot augstas klases digit\u0101l\u0101s ra\u017eo\u0161anas iek\u0101rtas un profesion\u0101las test\u0113\u0161anas sist\u0113mas, m\u0113s optimiz\u0113jam savu ra\u017eo\u0161anas platformu, uzlabojam produktu kvalit\u0101tes kontroles procesus un mums ir sp\u0113c\u012bgas inov\u0101ciju iesp\u0113jas. M\u016bsu m\u0113r\u0137is ir apmierin\u0101t klientu da\u017e\u0101d\u0101s vajadz\u012bbas ar augstu efektivit\u0101ti, precizit\u0101ti un augstas kvalit\u0101tes principiem.<\/p>\n<p>M\u0113s lepojamies ar savu profesionalit\u0101ti, starptautisko sertifik\u0101ciju, piel\u0101gotajiem pakalpojumiem, ra\u017eo\u0161anas iek\u0101rt\u0101m un p\u0113cp\u0101rdo\u0161anas pakalpojumiem.<\/p>\n<p><img decoding=\"async\" src=\"https:\/\/www.hydraulic-cylinders.net\/wp-content\/uploads\/2025\/01\/songte-company-4.webp\" alt=\"KYM KY60A sviras cilindrs\" \/><br \/>\n<img decoding=\"async\" src=\"https:\/\/www.hydraulic-cylinders.net\/wp-content\/uploads\/2025\/01\/songte-company-3.webp\" alt=\"KYM KY60A sviras cilindrs\" \/><\/p>\n<p>Autors: Lails.<\/p>","protected":false},"excerpt":{"rendered":"<p>Arm Cylinder For KYM KY60A Introduction An arm cylinder is a specially designed hydraulic cylinder used to provide linear motion and power to the arms of various machinery including excavators, cranes, and mechanical arms. It plays a crucial role in hydraulic systems, enabling the effective movement and control of additional tools or attachments. These cylinders [&hellip;]<\/p>","protected":false},"featured_media":14783,"comment_status":"open","ping_status":"closed","template":"","meta":{"_et_pb_use_builder":"","_et_pb_old_content":"","_et_gb_content_width":""},"product_brand":[],"product_cat":[1497],"product_tag":[1498,1496],"class_list":{"0":"post-16738","1":"product","2":"type-product","3":"status-publish","4":"has-post-thumbnail","6":"product_cat-arm-cylinders","7":"product_tag-arm-cylinders","8":"product_tag-hydraulic-cylinders","10":"first","11":"instock","12":"shipping-taxable","13":"product-type-simple"},"amp_enabled":true,"_links":{"self":[{"href":"https:\/\/www.hydraulic-cylinders.net\/lv\/wp-json\/wp\/v2\/product\/16738","targetHints":{"allow":["GET"]}}],"collection":[{"href":"https:\/\/www.hydraulic-cylinders.net\/lv\/wp-json\/wp\/v2\/product"}],"about":[{"href":"https:\/\/www.hydraulic-cylinders.net\/lv\/wp-json\/wp\/v2\/types\/product"}],"replies":[{"embeddable":true,"href":"https:\/\/www.hydraulic-cylinders.net\/lv\/wp-json\/wp\/v2\/comments?post=16738"}],"wp:featuredmedia":[{"embeddable":true,"href":"https:\/\/www.hydraulic-cylinders.net\/lv\/wp-json\/wp\/v2\/media\/14783"}],"wp:attachment":[{"href":"https:\/\/www.hydraulic-cylinders.net\/lv\/wp-json\/wp\/v2\/media?parent=16738"}],"wp:term":[{"taxonomy":"product_brand","embeddable":true,"href":"https:\/\/www.hydraulic-cylinders.net\/lv\/wp-json\/wp\/v2\/product_brand?post=16738"},{"taxonomy":"product_cat","embeddable":true,"href":"https:\/\/www.hydraulic-cylinders.net\/lv\/wp-json\/wp\/v2\/product_cat?post=16738"},{"taxonomy":"product_tag","embeddable":true,"href":"https:\/\/www.hydraulic-cylinders.net\/lv\/wp-json\/wp\/v2\/product_tag?post=16738"}],"curies":[{"name":"wp","href":"https:\/\/api.w.org\/{rel}","templated":true}]}}