{"id":16740,"date":"2025-01-21T05:50:55","date_gmt":"2025-01-21T05:50:55","guid":{"rendered":"https:\/\/www.hydraulic-cylinders.net\/product\/arm-cylinder-for-kym-ky85b\/"},"modified":"2025-01-21T05:50:57","modified_gmt":"2025-01-21T05:50:57","slug":"arm-cylinder-for-kym-ky85b","status":"publish","type":"product","link":"https:\/\/www.hydraulic-cylinders.net\/lv\/products\/arm-cylinder-for-kym-ky85b\/","title":{"rendered":"KYM KY85B sviras cilindrs"},"content":{"rendered":"<h1>KYM KY85B sviras cilindrs<\/h1>\n<h2>Produkta defin\u012bcija<\/h2>\n<p>Sviras cilindrs ir speci\u0101li izstr\u0101d\u0101ts hidrauliskais cilindrs, kas nodro\u0161ina line\u0101ru kust\u012bbu un jaudu da\u017e\u0101du ma\u0161\u012bnu, piem\u0113ram, ekskavatoru, celt\u0146u un robotiz\u0113tu roku, svir\u0101m. Tam ir iz\u0161\u0137iro\u0161a noz\u012bme hidrauliskaj\u0101s sist\u0113m\u0101s, nodro\u0161inot efekt\u012bvu papildu instrumentu vai stiprin\u0101jumu p\u0101rvieto\u0161anu un vad\u012bbu. \u0160ie cilindri ne tikai nodro\u0161ina vienm\u0113r\u012bgu kust\u012bbu, bet ar\u012b iztur lielas slodzes, garant\u0113jot augstu darb\u012bbas efektivit\u0101ti un uzticam\u012bbu da\u017e\u0101dos darba apst\u0101k\u013cos.<\/p>\n<h2>Produkta att\u0113ls<\/h2>\n<p><img decoding=\"async\" src=\"https:\/\/www.hydraulic-cylinders.net\/wp-content\/uploads\/2025\/01\/songte-company-2.webp\" alt=\"Sviras cilindra att\u0113ls\"><\/p>\n<h2>Produkta funkcijas<\/h2>\n<ul>\n<li>\n<h3>Augstas efektivit\u0101tes transmisija<\/h3>\n<p>Sviras cilindrs nodro\u0161ina jaud\u012bgu line\u0101ru kust\u012bbu un sp\u0113ku, garant\u0113jot meh\u0101nisk\u0101s sviras augstas veiktsp\u0113jas darb\u012bbu da\u017e\u0101dos uzdevumos.<\/p>\n<\/li>\n<li>\n<h3>Prec\u012bza kontrole<\/h3>\n<p>Izmantojot hidraulisko sist\u0113mu, rokas cilindrs nodro\u0161ina prec\u012bzu kust\u012bbas kontroli, padarot pievienoto instrumentu darb\u012bbu elast\u012bg\u0101ku un prec\u012bz\u0101ku.<\/p>\n<\/li>\n<li>\n<h3>Iztur\u012bba<\/h3>\n<p>Sviru cilindri parasti tiek ra\u017eoti, izmantojot augstas iztur\u012bbas materi\u0101lus, kuriem ir lieliska nodilumiztur\u012bba un iztur\u012bba pret koroziju, padarot tos piem\u0113rotus ilgsto\u0161ai lieto\u0161anai skarbos apst\u0101k\u013cos.<\/p>\n<\/li>\n<li>\n<h3>Daudzfunkcion\u0101la piel\u0101go\u0161an\u0101s sp\u0113ja<\/h3>\n<p>\u0160os cilindrus var pla\u0161i pielietot da\u017e\u0101d\u0101m meh\u0101nisk\u0101m iek\u0101rt\u0101m, piem\u0113ram, ekskavatoriem, celt\u0146iem un robotiz\u0113t\u0101m rok\u0101m, piel\u0101gojoties da\u017e\u0101d\u0101m darba pras\u012bb\u0101m.<\/p>\n<\/li>\n<li>\n<h3>Vienk\u0101r\u0161a apkope<\/h3>\n<p>Ar m\u0113r\u0137i atvieglot apkopi un nomai\u0146u, sviras cilindri atvieglo \u0113rtas periodiskas p\u0101rbaudes un apkopi, samazinot iek\u0101rtu d\u012bkst\u0101ves laiku.<\/p>\n<\/li>\n<\/ul>\n<h2>Produkta aizst\u0101\u0161anas att\u0113ls<\/h2>\n<p><img decoding=\"async\" src=\"https:\/\/www.hydraulic-cylinders.net\/wp-content\/uploads\/2025\/01\/songte-oil-pipes-and-spare-parts.webp\" alt=\"Produkta aizst\u0101\u0161anas att\u0113ls\"><\/p>\n<h2>Pieteikumi<\/h2>\n<ul>\n<li>\n<h3>B\u016bvniec\u012bbas in\u017eenierija<\/h3>\n<p>Ekskavatoros un celt\u0146os str\u0113les cilindri kontrol\u0113 kausu vai str\u0113les kust\u012bbu zemes darbos, materi\u0101lu apstr\u0101d\u0113 un konstrukciju uzst\u0101d\u012b\u0161an\u0101.<\/p>\n<\/li>\n<li>\n<h3>Ra\u017eo\u0161anas nozare<\/h3>\n<p>Automatiz\u0113t\u0101s ra\u017eo\u0161anas l\u012bnij\u0101s roku cilindri nodro\u0161ina robotiz\u0113tu roku kust\u012bbu, veicot mont\u0101\u017eas, metin\u0101\u0161anas un apstr\u0101des procesus, lai uzlabotu ra\u017eo\u0161anas efektivit\u0101ti un precizit\u0101ti.<\/p>\n<\/li>\n<li>\n<h3>Lauksaimniec\u012bbas tehnika<\/h3>\n<p>Lauksaimniec\u012bbas ma\u0161\u012bn\u0101s, piem\u0113ram, kombainos un s\u0113jma\u0161\u012bn\u0101s, sviru cilindri kontrol\u0113 vad\u012bbas sviru kust\u012bbu t\u0101diem uzdevumiem k\u0101 s\u0113\u0161ana, m\u0113slo\u0161ana un ra\u017eas nov\u0101k\u0161ana.<\/p>\n<\/li>\n<li>\n<h3>Kalnr\u016bpniec\u012bba<\/h3>\n<p>Kalnr\u016bpniec\u012bbas iek\u0101rt\u0101s rokas cilindri kontrol\u0113 rokas kust\u012bbu r\u016bdu ieguvei un transport\u0113\u0161anai.<\/p>\n<\/li>\n<li>\n<h3>Lo\u0123istika un transports<\/h3>\n<p>Iekr\u0101v\u0113jos un apstr\u0101des robotos roku cilindri kontrol\u0113 dak\u0161u pacel\u0161anu un kust\u012bbu, nodro\u0161inot materi\u0101lu apstr\u0101di un sakrau\u0161anu.<\/p>\n<\/li>\n<\/ul>\n<h2>Dizaina apsv\u0113rumi un atlases krit\u0113riji<\/h2>\n<ul>\n<li>\n<h3>Nestsp\u0113ja<\/h3>\n<p>Sviras cilindrs j\u0101izv\u0113las, pamatojoties uz t\u0101 sp\u0113ju iztur\u0113t paredzam\u0101s slodzes, neapdraudot veiktsp\u0113ju un dro\u0161\u012bbu.<\/p>\n<\/li>\n<li>\n<h3>Bl\u012bv\u0113\u0161ana<\/h3>\n<p>J\u0101izmanto da\u017e\u0101di bl\u012bv\u0113\u0161anas elementi, piem\u0113ram, virzu\u013ca bl\u012bvsl\u0113gi \u200b\u200bun stie\u0146u bl\u012bvsl\u0113gi, kas izgatavoti no nodilumiztur\u012bgiem materi\u0101liem, piem\u0113ram, poliuret\u0101na un nitrila gumijas. Cilindra korpuss un v\u012bt\u0146ot\u0101s gala virsmas ir r\u016bp\u012bgi j\u0101apstr\u0101d\u0101, lai uzlabotu nodilumiztur\u012bbu. Lai nodro\u0161in\u0101tu pareizu darb\u012bbu, ir nepiecie\u0161ama regul\u0101ra e\u013c\u013co\u0161ana ar hidraulisko e\u013c\u013cu.<\/p>\n<\/li>\n<li>\n<h3>Iztur\u012bba<\/h3>\n<p>Sviras cilindram j\u0101b\u016bt projekt\u0113tam un ra\u017eotam no iztur\u012bgiem materi\u0101liem un deta\u013c\u0101m, lai tas iztur\u0113tu sare\u017e\u0123\u012btus ekspluat\u0101cijas apst\u0101k\u013cus.<\/p>\n<\/li>\n<li>\n<h3>Dro\u0161\u012bba<\/h3>\n<p>Ir svar\u012bgi nodro\u0161in\u0101t rokas cilindra dro\u0161\u012bbu darb\u012bbas laik\u0101, un j\u0101\u0146em v\u0113r\u0101 t\u0101das dro\u0161\u012bbas funkcijas k\u0101 spiediena samazin\u0101\u0161anas v\u0101rsti un av\u0101rijas aptur\u0113\u0161anas sist\u0113mas.<\/p>\n<\/li>\n<li>\n<h3>Apkope<\/h3>\n<p>Projekt\u0113\u0161anai j\u0101nodro\u0161ina vienk\u0101r\u0161a apkope un remonts, lai samazin\u0101tu d\u012bkst\u0101ves laiku. Regul\u0101ras p\u0101rbaudes un profilaktisk\u0101 apkope ir \u013coti svar\u012bgas optim\u0101lai veiktsp\u0113jai un ilgm\u016b\u017e\u012bbai.<\/p>\n<\/li>\n<\/ul>\n<h2>Produkta bl\u012bv\u0113\u0161anas un e\u013c\u013co\u0161anas att\u0113ls<\/h2>\n<p><img decoding=\"async\" src=\"https:\/\/www.hydraulic-cylinders.net\/wp-content\/uploads\/2025\/01\/songte-cylinder-head-with-all-kinds-excavator-models.webp\" alt=\"Bl\u012bv\u0113\u0161anas un e\u013c\u013co\u0161anas att\u0113ls\"><\/p>\n<h2>Regul\u0101ras p\u0101rbaudes un profilaktisk\u0101s apkopes pas\u0101kumi<\/h2>\n<ul>\n<li>\n<h3>Regul\u0101ra p\u0101rbaude<\/h3>\n<p>Lai noteiktu jebk\u0101das nodiluma, nopl\u016bdes vai boj\u0101jumu paz\u012bmes, periodiski j\u0101p\u0101rbauda sviras cilindrs. P\u0101rbaud\u0113m j\u0101ietver bl\u012bves, virzu\u013ci, stie\u0146i un citas svar\u012bgas sast\u0101vda\u013cas.<\/p>\n<\/li>\n<li>\n<h3>Prevent\u012bv\u0101 apkope<\/h3>\n<p>Prevent\u012bvu apkopes pas\u0101kumu, piem\u0113ram, attiec\u012bgo deta\u013cu t\u012br\u012b\u0161anas, e\u013c\u013co\u0161anas un pievilk\u0161anas, ievie\u0161ana var pal\u012bdz\u0113t nov\u0113rst iesp\u0113jam\u0101s probl\u0113mas un nodro\u0161in\u0101t optim\u0101lu veiktsp\u0113ju.<\/p>\n<\/li>\n<\/ul>\n<h2>Produkta uzst\u0101d\u012b\u0161anas rokasgr\u0101mata<\/h2>\n<p>Lai pareizi uzst\u0101d\u012btu sviras cilindru, veiciet t\u0101l\u0101k nor\u0101d\u012bt\u0101s darb\u012bbas.<\/p>\n<ol>\n<li>P\u0101rliecinieties, ka iek\u0101rta ir izsl\u0113gta un viss hidrauliskais spiediens ir atbr\u012bvots.<\/li>\n<li>Novietojiet sviras cilindru paredz\u0113taj\u0101 mont\u0101\u017eas viet\u0101, izl\u012bdzinot to ar stiprin\u0101juma punktiem.<\/li>\n<li>Dro\u0161i nostipriniet sviras cilindru, izmantojot atbilsto\u0161as \u200b\u200bskr\u016bves, un nodro\u0161iniet pareizu izl\u012bdzin\u0101\u0161anu.<\/li>\n<li>P\u0101rbaudiet visus savienojumus un veidgabalus, vai nav nopl\u016b\u017eu vai va\u013c\u012bgu savienojumu.<\/li>\n<li>Uzpildiet hidraulisko sist\u0113mu ar ieteicamo hidraulisko e\u013c\u013cu.<\/li>\n<li>P\u0101rbaudiet sviras cilindra pareizu darb\u012bbu un noregul\u0113jiet to p\u0113c nepiecie\u0161am\u012bbas.<\/li>\n<\/ol>\n<h2>Produkta dro\u0161\u012bbas apsv\u0113rumi un vides faktori<\/h2>\n<p>Izmantojot rokas cilindru, ir svar\u012bgi iev\u0113rot dro\u0161\u012bbas pas\u0101kumus, lai nov\u0113rstu negad\u012bjumus un nodro\u0161in\u0101tu person\u0101la un apr\u012bkojuma aizsardz\u012bbu. J\u0101iev\u0113ro dro\u0161\u012bbas pas\u0101kumi, lai izvair\u012btos no p\u0101rslodzes, darb\u012bbas \u0101rpus ieteicamajiem darba parametriem vai regul\u0101ras apkopes neiev\u0113ro\u0161anas.<\/p>\n<h2>Produkta defektu diagnostika un bie\u017ei sastopam\u0101s probl\u0113mas<\/h2>\n<p>Bie\u017ei sastopamas k\u013c\u016bmes un probl\u0113mas, kas var rasties ar sviras cilindru, ir nopl\u016bde, nepietiekama jauda, \u200b\u200bnevienm\u0113r\u012bga kust\u012bba un neparasts troksnis. \u0160\u012bs probl\u0113mas var izrais\u012bt nodilu\u0161as bl\u012bves, boj\u0101ti virzu\u013ci vai nepietiekama e\u013c\u013co\u0161ana.<\/p>\n<h2>Probl\u0113mu nov\u0113r\u0161anas padomi un risin\u0101jumi<\/h2>\n<p>Ja rodas probl\u0113mas ar sviras cilindru, \u0146emiet v\u0113r\u0101 \u0161\u0101dus padomus:<\/p>\n<ul>\n<li>P\u0101rbaudiet un nomainiet nolietot\u0101s bl\u012bves vai boj\u0101t\u0101s deta\u013cas.<\/li>\n<li>Nodro\u0161iniet pareizu e\u013c\u013co\u0161anu, regul\u0101ri p\u0101rbaudot un papildinot ieteicamo hidraulisko e\u013c\u013cu.<\/li>\n<li>P\u0101rbaudiet, vai nav \u0161\u0137\u0113r\u0161\u013cu vai neatbilst\u012bbu, kas var\u0113tu trauc\u0113t vienm\u0113r\u012bgu darb\u012bbu.<\/li>\n<li>Consult the manufacturer&#8217;s guidelines and seek professional assistance if necessary.<\/li>\n<\/ul>\n<h2>Produkta k\u013c\u016bmju diagnostikas un bie\u017ei sastopamo probl\u0113mu att\u0113ls<\/h2>\n<p><img decoding=\"async\" src=\"https:\/\/www.hydraulic-cylinders.net\/wp-content\/uploads\/2025\/01\/songte-chushion-collar.webp\" alt=\"K\u013c\u016bmju diagnostikas un bie\u017e\u0101k sastopamo probl\u0113mu att\u0113ls\"><\/p>\n<p>Atcerieties lo\u0123iski sak\u0101rtot rakstu, izmantot apak\u0161virsrakstus \u0113rtai navig\u0101cijai, iek\u013caut atbilsto\u0161us att\u0113lus vai diagrammas, lai uzlabotu izpratni, un nodro\u0161in\u0101t skaidr\u012bbu, kodol\u012bgumu un piem\u0113rot\u012bbu las\u012bt\u0101jiem ar da\u017e\u0101diem tehnisko zin\u0101\u0161anu l\u012bme\u0146iem.<\/p>\n<h2>Par m\u016bsu uz\u0146\u0113mumu<\/h2>\n<p>Autors: lil<\/p>\n<p>We are a professional manufacturer specializing in the production of replacement hydraulic cylinders. With a wide range of products, we have become one of the leading hydraulic cylinder manufacturers and wholesale distributors in both domestic and international markets. We uphold the principle of excellence in quality and continuously improve our technological capabilities and production efficiency through industrialized production management strategies in our advanced manufacturing workshops. By introducing high-end digital manufacturing equipment and professional testing systems, we optimize our manufacturing platform and refine our product quality control processes, demonstrating strong innovation capabilities. Our goal is to meet customer&#8217;s diverse needs with efficiency, precision, and high-quality products.<\/p>\n<h2>Uz\u0146\u0113muma ievada att\u0113li<\/h2>\n<p><img decoding=\"async\" src=\"https:\/\/www.hydraulic-cylinders.net\/wp-content\/uploads\/2025\/01\/songte-company-4.webp\" alt=\"Uz\u0146\u0113muma ievada att\u0113ls\"><br \/>\n<img","protected":false},"excerpt":{"rendered":"<p>Arm Cylinder For KYM KY85B Product Definition The arm cylinder is a specially designed hydraulic cylinder that provides linear motion and power to the arms of various machinery such as excavators, cranes, and robotic arms. It plays a critical role in hydraulic systems, enabling the efficient movement and control of additional tools or attachments. These [&hellip;]<\/p>","protected":false},"featured_media":14777,"comment_status":"open","ping_status":"closed","template":"","meta":{"_et_pb_use_builder":"","_et_pb_old_content":"","_et_gb_content_width":""},"product_brand":[],"product_cat":[1497],"product_tag":[1498,1496],"class_list":{"0":"post-16740","1":"product","2":"type-product","3":"status-publish","4":"has-post-thumbnail","6":"product_cat-arm-cylinders","7":"product_tag-arm-cylinders","8":"product_tag-hydraulic-cylinders","10":"first","11":"instock","12":"shipping-taxable","13":"product-type-simple"},"amp_enabled":true,"_links":{"self":[{"href":"https:\/\/www.hydraulic-cylinders.net\/lv\/wp-json\/wp\/v2\/product\/16740","targetHints":{"allow":["GET"]}}],"collection":[{"href":"https:\/\/www.hydraulic-cylinders.net\/lv\/wp-json\/wp\/v2\/product"}],"about":[{"href":"https:\/\/www.hydraulic-cylinders.net\/lv\/wp-json\/wp\/v2\/types\/product"}],"replies":[{"embeddable":true,"href":"https:\/\/www.hydraulic-cylinders.net\/lv\/wp-json\/wp\/v2\/comments?post=16740"}],"wp:featuredmedia":[{"embeddable":true,"href":"https:\/\/www.hydraulic-cylinders.net\/lv\/wp-json\/wp\/v2\/media\/14777"}],"wp:attachment":[{"href":"https:\/\/www.hydraulic-cylinders.net\/lv\/wp-json\/wp\/v2\/media?parent=16740"}],"wp:term":[{"taxonomy":"product_brand","embeddable":true,"href":"https:\/\/www.hydraulic-cylinders.net\/lv\/wp-json\/wp\/v2\/product_brand?post=16740"},{"taxonomy":"product_cat","embeddable":true,"href":"https:\/\/www.hydraulic-cylinders.net\/lv\/wp-json\/wp\/v2\/product_cat?post=16740"},{"taxonomy":"product_tag","embeddable":true,"href":"https:\/\/www.hydraulic-cylinders.net\/lv\/wp-json\/wp\/v2\/product_tag?post=16740"}],"curies":[{"name":"wp","href":"https:\/\/api.w.org\/{rel}","templated":true}]}}