{"id":16741,"date":"2025-01-21T05:50:59","date_gmt":"2025-01-21T05:50:59","guid":{"rendered":"https:\/\/www.hydraulic-cylinders.net\/product\/arm-cylinder-for-kym-ky105a\/"},"modified":"2025-01-21T05:51:01","modified_gmt":"2025-01-21T05:51:01","slug":"arm-cylinder-for-kym-ky105a","status":"publish","type":"product","link":"https:\/\/www.hydraulic-cylinders.net\/lv\/products\/arm-cylinder-for-kym-ky105a\/","title":{"rendered":"KYM KY105A sviras cilindrs"},"content":{"rendered":"<h1>KYM KY105A sviras cilindrs<\/h1>\n<h2>Ievads<\/h2>\n<p>Sviras cilindrs ir speci\u0101li izstr\u0101d\u0101ts hidrauliskais cilindrs, kas nodro\u0161ina line\u0101ru kust\u012bbu un jaudu da\u017e\u0101du veidu ma\u0161\u012bnu, piem\u0113ram, ekskavatoru, celt\u0146u un robotiz\u0113tu roku, svirai. Tam ir iz\u0161\u0137iro\u0161a noz\u012bme hidrauliskaj\u0101s sist\u0113m\u0101s, nodro\u0161inot papildu instrumentu vai stiprin\u0101jumu efekt\u012bvu kust\u012bbu un vad\u012bbu. \u0160ie cilindri ne tikai nodro\u0161ina vienm\u0113r\u012bgu kust\u012bbu, bet ar\u012b iztur lielas slodzes, nodro\u0161inot ma\u0161\u012bnu efekt\u012bvu darb\u012bbu un uzticam\u012bbu da\u017e\u0101dos darba apst\u0101k\u013cos.<\/p>\n<p><img decoding=\"async\" src=\"https:\/\/www.hydraulic-cylinders.net\/wp-content\/uploads\/2025\/01\/songte-company-2.webp\"><\/p>\n<h2>Funkcijas<\/h2>\n<ul>\n<li>Augstas efektivit\u0101tes transmisija: Sviras cilindrs pied\u0101v\u0101 jaud\u012bgu line\u0101ru kust\u012bbu un sp\u0113ku, nodro\u0161inot augstas veiktsp\u0113jas iesp\u0113jas da\u017e\u0101d\u0101s darb\u012bb\u0101s.<\/li>\n<li>Prec\u012bza vad\u012bba: Izmantojot hidraulisko sist\u0113mu, rokas cilindrs nodro\u0161ina prec\u012bzu kust\u012bbas vad\u012bbu, padarot pievienoto instrumentu darb\u012bbu elast\u012bg\u0101ku un prec\u012bz\u0101ku.<\/li>\n<li>Iztur\u012bba: Sviru cilindri parasti tiek ra\u017eoti, izmantojot augstas iztur\u012bbas materi\u0101lus, kas nodro\u0161ina izcilu iztur\u012bbu pret nodilumu un koroziju, padarot tos piem\u0113rotus ilgsto\u0161ai lieto\u0161anai skarbos apst\u0101k\u013cos.<\/li>\n<li>Daudzfunkcion\u0101la piel\u0101go\u0161an\u0101s sp\u0113ja: \u0161os cilindrus var pla\u0161i pielietot da\u017e\u0101da veida ma\u0161\u012bn\u0101m, piem\u0113ram, ekskavatoriem, celt\u0146iem un robotiz\u0113t\u0101m rok\u0101m, piel\u0101gojoties da\u017e\u0101d\u0101m darba pras\u012bb\u0101m.<\/li>\n<li>Vienk\u0101r\u0161a apkope: Projekt\u0113jot ir \u0146emta v\u0113r\u0101 vienk\u0101r\u0161a apkope un nomai\u0146a, padarot regul\u0101ru p\u0101rbaudi un apkopi \u0113rt\u0101ku, t\u0101d\u0113j\u0101di samazinot iek\u0101rtu d\u012bkst\u0101ves laiku.<\/li>\n<\/ul>\n<p><img decoding=\"async\" src=\"https:\/\/www.hydraulic-cylinders.net\/wp-content\/uploads\/2025\/01\/songte-oil-pipes-and-spare-parts.webp\"><\/p>\n<h2>Pieteikumi<\/h2>\n<p>Sviru cilindri tiek izmantoti da\u017e\u0101d\u0101s nozar\u0113s:<\/p>\n<h3>1. B\u016bvniec\u012bbas in\u017eenierija<\/h3>\n<p>Ekskavatoros un celt\u0146os str\u0113les cilindri kontrol\u0113 kausa vai str\u0113les kust\u012bbu, atvieglojot zemes p\u0101rvieto\u0161anu, materi\u0101lu apstr\u0101di un konstrukciju uzst\u0101d\u012b\u0161anu.<\/p>\n<h3>2. Ra\u017eo\u0161anas nozare<\/h3>\n<p>Automatiz\u0113t\u0101s ra\u017eo\u0161anas l\u012bnij\u0101s robotiz\u0113to roku kust\u012bbai tiek izmantoti roku cilindri, kas nodro\u0161ina t\u0101dus procesus k\u0101 mont\u0101\u017ea, metin\u0101\u0161ana un materi\u0101lu apstr\u0101de, t\u0101d\u0113j\u0101di uzlabojot ra\u017eo\u0161anas efektivit\u0101ti un precizit\u0101ti.<\/p>\n<h3>3. Lauksaimniec\u012bbas tehnika<\/h3>\n<p>Lauksaimniec\u012bbas ma\u0161\u012bn\u0101s, piem\u0113ram, kombainos un s\u0113jma\u0161\u012bn\u0101s, sviru cilindri kontrol\u0113 darbin\u0101\u0161anas sviru kust\u012bbu, veicot t\u0101dus uzdevumus k\u0101 s\u0113\u0161ana, m\u0113slo\u0161ana un ra\u017eas nov\u0101k\u0161ana.<\/p>\n<h3>4. Kalnr\u016bpniec\u012bba<\/h3>\n<p>Kalnr\u016bpniec\u012bbas iek\u0101rt\u0101s sviru cilindrus izmanto, lai kontrol\u0113tu kalnr\u016bpniec\u012bbas ma\u0161\u012bnu sviru kust\u012bbu, atvieglojot r\u016bdas ieguvi un transport\u0113\u0161anu.<\/p>\n<h3>5. Lo\u0123istika un transports<\/h3>\n<p>Iekr\u0101v\u0113jos un apstr\u0101des robotos roku cilindri kontrol\u0113 dak\u0161u pacel\u0161anu un kust\u012bbu, nodro\u0161inot materi\u0101lu transport\u0113\u0161anu un sakrau\u0161anu.<\/p>\n<p><img decoding=\"async\" src=\"https:\/\/www.hydraulic-cylinders.net\/wp-content\/uploads\/2025\/01\/songte-chushion-collar.webp\"><\/p>\n<h2>Dizaina apsv\u0113rumi un atlases krit\u0113riji<\/h2>\n<p>Projekt\u0113jot cilindru sviras, tiek \u0146emti v\u0113r\u0101 vair\u0101ki faktori:<\/p>\n<h3>1. Nestsp\u0113ja<\/h3>\n<p>Balonam j\u0101b\u016bt konstru\u0113tam t\u0101, lai tas iztur\u0113tu maksim\u0101lo slodzi, ar ko tas saskarsies ekspluat\u0101cijas laik\u0101, nodro\u0161inot t\u0101 konstrukcijas integrit\u0101ti un veiktsp\u0113ju.<\/p>\n<h3>2. Bl\u012bv\u0113\u0161ana<\/h3>\n<p>Lai nov\u0113rstu hidraulisk\u0101 \u0161\u0137idruma nopl\u016bdi, tiek izmantoti da\u017e\u0101di bl\u012bv\u0113\u0161anas elementi, piem\u0113ram, virzu\u013ca bl\u012bvsl\u0113gi \u200b\u200bun stie\u0146a bl\u012bvsl\u0113gi. \u0160ie bl\u012bvsl\u0113gi \u200b\u200bparasti ir izgatavoti no nodilumiztur\u012bgiem materi\u0101liem, piem\u0113ram, poliuret\u0101na un nitrila gumijas. Turkl\u0101t cilindra korpuss un v\u012bt\u0146otie gali ir smalki apstr\u0101d\u0101ti, lai uzlabotu nodilumiztur\u012bbu. Lai nodro\u0161in\u0101tu pareizu bl\u012bv\u0113jumu un e\u013c\u013co\u0161anu, ir nepiecie\u0161ama regul\u0101ra e\u013c\u013co\u0161ana ar hidraulisko e\u013c\u013cu.<\/p>\n<p><img decoding=\"async\" src=\"https:\/\/www.hydraulic-cylinders.net\/wp-content\/uploads\/2025\/01\/songte-cylinder-head-with-all-kinds-excavator-models.webp\"><\/p>\n<h2>Regul\u0101ra p\u0101rbaude un profilaktisk\u0101 apkope<\/h2>\n<p>Lai uztur\u0113tu optim\u0101lu veiktsp\u0113ju un pagarin\u0101tu sviras cilindra kalpo\u0161anas laiku, ir svar\u012bgi veikt regul\u0101ru p\u0101rbaudi un profilaktisko apkopi:<\/p>\n<h3>1. P\u0101rbaude<\/h3>\n<p>Regul\u0101ri p\u0101rbaudiet cilindru, vai nav nodiluma, nopl\u016bdes vai boj\u0101jumu paz\u012bmju. P\u0101rbaudiet bl\u012bves, virzu\u013ca stieni un cilindra korpusu, vai nav k\u0101das novirzes no normas.<\/p>\n<h3>2. T\u012br\u012b\u0161ana un e\u013c\u013co\u0161ana<\/h3>\n<p>Not\u012briet cilindru un e\u013c\u013co\u0161anai uzkl\u0101jiet atbilsto\u0161u hidraulisk\u0101s e\u013c\u013cas daudzumu. P\u0101rliecinieties, ka e\u013c\u013co\u0161ana tiek veikta saska\u0146\u0101 ar ra\u017eot\u0101ja nor\u0101d\u012bjumiem.<\/p>\n<h3>3. Prevent\u012bv\u0101 apkope<\/h3>\n<p>Veiciet prevent\u012bvus apkopes pas\u0101kumus, piem\u0113ram, nomainiet nolietotas bl\u012bves un deta\u013cas, pievelciet va\u013c\u012bgus savienojumus un nekav\u0113joties risiniet visas konstat\u0113t\u0101s probl\u0113mas.<\/p>\n<h2>Produkta uzst\u0101d\u012b\u0161anas rokasgr\u0101mata<\/h2>\n<p>Lai pareizi uzst\u0101d\u012btu sviras cilindru, veiciet t\u0101l\u0101k nor\u0101d\u012bt\u0101s darb\u012bbas.<\/p>\n<ol>\n<li>P\u0101rliecinieties, vai iek\u0101rta ir izsl\u0113gta un dro\u0161\u0101 st\u0101vokl\u012b uzst\u0101d\u012b\u0161anai.<\/li>\n<li>Nosakiet atbilsto\u0161o sviras cilindra mont\u0101\u017eas poz\u012bciju.<\/li>\n<li>Dro\u0161i piestipriniet cilindru, izmantojot komplekt\u0101 iek\u013cautos mont\u0101\u017eas kron\u0161teinus un skr\u016bves, nodro\u0161inot pareizu izl\u012bdzin\u0101\u0161anu.<\/li>\n<li>Pievienojiet hidraulisk\u0101s \u0161\u013c\u016btenes saska\u0146\u0101 ar ra\u017eot\u0101ja nor\u0101d\u012bjumiem, nodro\u0161inot pareizu izvietojumu un cie\u0161us savienojumus.<\/li>\n<li>P\u0101rbaudiet, vai nav nopl\u016b\u017eu, un veiciet funkcion\u0101lo p\u0101rbaudi, lai nodro\u0161in\u0101tu pareizu darb\u012bbu.<\/li>\n<\/ol>\n<p><img decoding=\"async\" src=\"https:\/\/www.hydraulic-cylinders.net\/wp-content\/uploads\/2025\/01\/songte-bushings-with-all-kinds-of-excavator-models.webp\"><\/p>\n<h2>Produkta dro\u0161\u012bbas apsv\u0113rumi un vides faktori<\/h2>\n<p>Str\u0101d\u0101jot ar sviras cilindriem, dro\u0161\u012bbas pas\u0101kumi ir \u0101rk\u0101rt\u012bgi svar\u012bgi. \u0145emiet v\u0113r\u0101 sekojo\u0161o:<\/p>\n<p>1. Iev\u0113rojiet visus tehnikas ra\u017eot\u0101ja sniegtos dro\u0161\u012bbas nor\u0101d\u012bjumus un piesardz\u012bbas pas\u0101kumus.<\/p>\n<p>2. Nodro\u0161in\u0101t atbilsto\u0161u apm\u0101c\u012bbu un sertifik\u0101ciju person\u0101lam, kas r\u012bkojas ar apr\u012bkojumu.<\/p>\n<p>3. Regul\u0101ri p\u0101rbaudiet balonu, vai nav nodiluma, boj\u0101jumu vai nopl\u016b\u017eu paz\u012bmju, kas var\u0113tu apdraud\u0113t dro\u0161\u012bbu.<\/p>\n<p>4. Izlietotos hidrauliskos \u0161\u0137idrumus un citus materi\u0101lus utiliz\u0113jiet videi draudz\u012bg\u0101 veid\u0101.<\/p>\n<p>5. Iev\u0113rojiet viet\u0113jos noteikumus un vides standartus attiec\u012bb\u0101 uz hidraulisko \u0161\u0137idrumu un saist\u012btu materi\u0101lu lieto\u0161anu un utiliz\u0101ciju.<\/p>\n<h2>Probl\u0113mu nov\u0113r\u0161ana un bie\u017ei sastopamas probl\u0113mas<\/h2>\n<p>\u0160eit ir da\u017eas bie\u017ei sastopamas probl\u0113mas, kas var rasties ar sviru cilindriem:<\/p>\n<h3>1. Nopl\u016bde<\/h3>\n<p>Ja no cilindra ir hidraulisk\u0101 \u0161\u0137idruma nopl\u016bde, p\u0101rbaudiet, vai bl\u012bves un savienojumi nav boj\u0101ti vai nodilu\u0161i. Nomainiet visas boj\u0101t\u0101s bl\u012bves vai deta\u013cas.<\/p>\n<h3>2. Nepietiekama jauda<\/h3>\n<p>Ja cilindrs nenodro\u0161ina pietiekamu jaudu, p\u0101rbaudiet, vai hidrauliskaj\u0101s l\u012bnij\u0101s nav ierobe\u017eojumu vai zema hidraulisk\u0101 spiediena. Nov\u0113rsiet probl\u0113mu, nov\u0113r\u0161ot visus aizsprostojumus vai piel\u0101gojot sist\u0113mas spiedienu.<\/p>\n<h3>3. Neparasts troksnis vai vibr\u0101cija<\/h3>\n<p>Ja cilindrs darb\u012bbas laik\u0101 rada neparastu troksni vai p\u0101rm\u0113r\u012bgu vibr\u0101ciju, p\u0101rbaudiet cilindru un hidraulisko sist\u0113mu, vai taj\u0101 nav va\u013c\u012bgu vai boj\u0101tu deta\u013cu. Ja nepiecie\u0161ams, pievelciet savienojumus vai nomainiet boj\u0101t\u0101s deta\u013cas.<\/p>\n<p><img decoding=\"async\" src=\"https:\/\/www.hydraulic-cylinders.net\/wp-content\/uploads\/2025\/01\/songte-chushion-collar.webp\"><\/p>\n<p>Pareiza apkope un dro\u0161\u012bbas vadl\u012bniju iev\u0113ro\u0161ana var pal\u012bdz\u0113t samazin\u0101t iesp\u0113jam\u0101s probl\u0113mas un nodro\u0161in\u0101t optim\u0101lu rokas cilindra darb\u012bbu.<\/p>\n<h2>Par mums<\/h2>\n<p>M\u0113s esam profesion\u0101ls rezerves hidraulisko cilindru ra\u017eot\u0101js, kas pied\u0101v\u0101 pla\u0161u produktu kl\u0101stu. Esam k\u013cuvu\u0161i par vienu no vado\u0161ajiem hidraulisko cilindru ra\u017eot\u0101jiem un vairumtirgot\u0101jiem viet\u0113j\u0101 un starptautiskaj\u0101 tirg\u016b. M\u016bsu ap\u0146em\u0161anos sasniegt izcil\u012bbu apliecina m\u016bsu prec\u012bzi noregul\u0113t\u0101 ra\u017eo\u0161anas darbn\u012bca, r\u016bpniecisk\u0101s ra\u017eo\u0161anas vad\u012bbas strat\u0113\u0123ijas un nep\u0101rtraukta tehnolo\u0123isko zin\u0101\u0161anu un ra\u017eo\u0161anas efektivit\u0101tes uzlabo\u0161ana.<\/p>\n<p>Ievie\u0161ot augst\u0101k\u0101s klases digit\u0101l\u0101s ra\u017eo\u0161anas iek\u0101rtas un profesion\u0101las test\u0113\u0161anas sist\u0113mas, m\u0113s optimiz\u0113jam savu ra\u017eo\u0161anas platformu un uzlabojam produktu kvalit\u0101tes kontroles procesus, demonstr\u0113jot m\u016bsu sp\u0113c\u012bg\u0101s inov\u0101ciju sp\u0113jas. M\u016bsu m\u0113r\u0137is ir apmierin\u0101t da\u017e\u0101das klientu vajadz\u012bbas, iev\u0113rojot efektivit\u0101tes, precizit\u0101tes un augstas kvalit\u0101tes principus.<\/p>\n<p><img decoding=\"async\" src=\"https:\/\/www.hydraulic-cylinders.net\/wp-content\/uploads\/2025\/01\/songte-company-4.webp\"><br \/>\n<img decoding=\"async\" src=\"https:\/\/www.hydraulic-cylinders.net\/wp-content\/uploads\/2025\/01\/songte-company-3.webp\"><\/p>\n<p>K\u0101 uz\u0146\u0113mums m\u0113s lepojamies ar:<\/p>\n<ul>\n<li>Profesionalit\u0101te un kompetence<\/li>\n<li>Starptautisk\u0101s sertifik\u0101cijas<\/li>\n<li>Piel\u0101go\u0161anas pakalpojumi<\/li>\n<li>M\u016bsdien\u012bg\u0101k\u0101s ra\u017eo\u0161anas iek\u0101rtas<\/li>\n<li>Visaptvero\u0161s p\u0113cp\u0101rdo\u0161anas serviss<\/li>\n<\/ul>\n<p>Iev\u0113rojot \u0161os principus, m\u0113s cen\u0161amies b\u016bt j\u016bsu uzticams partneris hidraulisko cilindru nozar\u0113.<\/p>\n<p><em>Autors: lil<\/em><\/p>","protected":false},"excerpt":{"rendered":"<p>Arm Cylinder For KYM KY105A Introduction An arm cylinder is a specially designed hydraulic cylinder that provides linear motion and power to the arm of various types of machinery, such as excavators, cranes, and robotic arms. It plays a critical role in hydraulic systems, enabling the effective movement and control of additional tools or attachments. [&hellip;]<\/p>","protected":false},"featured_media":14774,"comment_status":"open","ping_status":"closed","template":"","meta":{"_et_pb_use_builder":"","_et_pb_old_content":"","_et_gb_content_width":""},"product_brand":[],"product_cat":[1497],"product_tag":[1498,1496],"class_list":{"0":"post-16741","1":"product","2":"type-product","3":"status-publish","4":"has-post-thumbnail","6":"product_cat-arm-cylinders","7":"product_tag-arm-cylinders","8":"product_tag-hydraulic-cylinders","10":"first","11":"instock","12":"shipping-taxable","13":"product-type-simple"},"amp_enabled":true,"_links":{"self":[{"href":"https:\/\/www.hydraulic-cylinders.net\/lv\/wp-json\/wp\/v2\/product\/16741","targetHints":{"allow":["GET"]}}],"collection":[{"href":"https:\/\/www.hydraulic-cylinders.net\/lv\/wp-json\/wp\/v2\/product"}],"about":[{"href":"https:\/\/www.hydraulic-cylinders.net\/lv\/wp-json\/wp\/v2\/types\/product"}],"replies":[{"embeddable":true,"href":"https:\/\/www.hydraulic-cylinders.net\/lv\/wp-json\/wp\/v2\/comments?post=16741"}],"wp:featuredmedia":[{"embeddable":true,"href":"https:\/\/www.hydraulic-cylinders.net\/lv\/wp-json\/wp\/v2\/media\/14774"}],"wp:attachment":[{"href":"https:\/\/www.hydraulic-cylinders.net\/lv\/wp-json\/wp\/v2\/media?parent=16741"}],"wp:term":[{"taxonomy":"product_brand","embeddable":true,"href":"https:\/\/www.hydraulic-cylinders.net\/lv\/wp-json\/wp\/v2\/product_brand?post=16741"},{"taxonomy":"product_cat","embeddable":true,"href":"https:\/\/www.hydraulic-cylinders.net\/lv\/wp-json\/wp\/v2\/product_cat?post=16741"},{"taxonomy":"product_tag","embeddable":true,"href":"https:\/\/www.hydraulic-cylinders.net\/lv\/wp-json\/wp\/v2\/product_tag?post=16741"}],"curies":[{"name":"wp","href":"https:\/\/api.w.org\/{rel}","templated":true}]}}