{"id":16744,"date":"2025-01-21T05:51:10","date_gmt":"2025-01-21T05:51:10","guid":{"rendered":"https:\/\/www.hydraulic-cylinders.net\/product\/arm-cylinder-for-pengpu-sw240e\/"},"modified":"2025-01-21T05:51:16","modified_gmt":"2025-01-21T05:51:16","slug":"arm-cylinder-for-pengpu-sw240e","status":"publish","type":"product","link":"https:\/\/www.hydraulic-cylinders.net\/lv\/products\/arm-cylinder-for-pengpu-sw240e\/","title":{"rendered":"Pengpu SW240E rokas cilindrs"},"content":{"rendered":"<p><!DOCTYPE html><br \/>\n<html><br \/>\n<head><br \/>\n<title>Pengpu SW240E rokas cilindrs<\/title><br \/>\n<\/head><br \/>\n<body><\/p>\n<h1>Pengpu SW240E rokas cilindrs<\/h1>\n<h2>Ievads<\/h2>\n<p>Pengpu SW240E sviras cilindrs ir specializ\u0113ts hidrauliskais cilindrs, kas paredz\u0113ts, lai nodro\u0161in\u0101tu line\u0101ru kust\u012bbu un jaudu da\u017e\u0101du ma\u0161\u012bnu, piem\u0113ram, ekskavatoru, celt\u0146u un robotiz\u0113tu roku, svirai. Sviras cilindram ir iz\u0161\u0137iro\u0161a noz\u012bme hidrauliskaj\u0101s sist\u0113m\u0101s, \u013caujot efekt\u012bvi p\u0101rvietot un kontrol\u0113t papildu instrumentus vai stiprin\u0101jumus. \u0160ie cilindri ne tikai nodro\u0161ina vienm\u0113r\u012bgu kust\u012bbu, bet ar\u012b iztur lielas slodzes, nodro\u0161inot ma\u0161\u012bnas efekt\u012bvu darb\u012bbu un uzticam\u012bbu da\u017e\u0101dos darba apst\u0101k\u013cos.<\/p>\n<h2><img decoding=\"async\" src=\"https:\/\/www.hydraulic-cylinders.net\/wp-content\/uploads\/2025\/01\/songte-company-2.webp\" alt=\"Sviras cilindra att\u0113ls\"><\/h2>\n<h2>Funkcijas<\/h2>\n<ul>\n<li>\n<h3>Augstas efektivit\u0101tes transmisija<\/h3>\n<p>Rokas cilindrs nodro\u0161ina jaud\u012bgu line\u0101ru kust\u012bbu un sp\u0113ku, garant\u0113jot robotiz\u0113t\u0101s rokas augstas veiktsp\u0113jas iesp\u0113jas da\u017e\u0101d\u0101s oper\u0101cij\u0101s.<\/p>\n<\/li>\n<li>\n<h3>Prec\u012bza kontrole<\/h3>\n<p>Izmantojot hidraulisko sist\u0113mu, rokas cilindrs pan\u0101k prec\u012bzu kust\u012bbas kontroli, padarot papildu instrumentu darb\u012bbu elast\u012bg\u0101ku un prec\u012bz\u0101ku.<\/p>\n<\/li>\n<li>\n<h3>Iztur\u012bba<\/h3>\n<p>Sviru cilindri parasti ir izgatavoti no augstas iztur\u012bbas materi\u0101liem, kas nodro\u0161ina izcilu nodilumiztur\u012bbu un iztur\u012bbu pret koroziju, padarot tos piem\u0113rotus ilgsto\u0161ai lieto\u0161anai skarbos apst\u0101k\u013cos.<\/p>\n<\/li>\n<li>\n<h3>Daudzfunkcion\u0101la piel\u0101go\u0161an\u0101s sp\u0113ja<\/h3>\n<p>\u0160os cilindrus var pla\u0161i izmantot da\u017e\u0101d\u0101s ma\u0161\u012bn\u0101s, piem\u0113ram, ekskavatoros, celt\u0146os un robotiz\u0113t\u0101s rok\u0101s, lai piel\u0101gotos da\u017e\u0101d\u0101m darba pras\u012bb\u0101m.<\/p>\n<\/li>\n<li>\n<h3>Vienk\u0101r\u0161a apkope<\/h3>\n<p>Projekt\u0113jot \u0146emta v\u0113r\u0101 vienk\u0101r\u0161a apkope un nomai\u0146a, padarot regul\u0101ras p\u0101rbaudes un apkopi \u0113rt\u0101ku, k\u0101 ar\u012b samazinot iek\u0101rtu d\u012bkst\u0101ves laiku.<\/p>\n<\/li>\n<\/ul>\n<h2><img decoding=\"async\" src=\"https:\/\/www.hydraulic-cylinders.net\/wp-content\/uploads\/2025\/01\/songte-oil-pipes-and-spare-parts.webp\" alt=\"Sviras cilindra att\u0113ls\"><\/h2>\n<h2>Pieteikumi<\/h2>\n<ul>\n<li>\n<h3>B\u016bvniec\u012bbas in\u017eenierija<\/h3>\n<p>Ekskavatoros un celt\u0146os sviras cilindrs tiek izmantots, lai kontrol\u0113tu kausa vai str\u0113les kust\u012bbu zemes darbos, materi\u0101lu apstr\u0101d\u0113 un konstrukciju uzst\u0101d\u012b\u0161an\u0101.<\/p>\n<\/li>\n<li>\n<h3>Ra\u017eo\u0161anas nozare<\/h3>\n<p>Automatiz\u0113t\u0101s ra\u017eo\u0161anas l\u012bnij\u0101s rokas cilindrs tiek izmantots robotiz\u0113tu roku kust\u012bbai t\u0101dos procesos k\u0101 mont\u0101\u017ea, metin\u0101\u0161ana un materi\u0101lu apstr\u0101de, uzlabojot ra\u017eo\u0161anas efektivit\u0101ti un precizit\u0101ti.<\/p>\n<\/li>\n<li>\n<h3>Lauksaimniec\u012bbas tehnika<\/h3>\n<p>Lauksaimniec\u012bbas ma\u0161\u012bn\u0101s, piem\u0113ram, kombainos un s\u0113jma\u0161\u012bn\u0101s, sviras cilindrs kontrol\u0113 vad\u012bbas sviras kust\u012bbu, veicot t\u0101dus uzdevumus k\u0101 s\u0113\u0161ana, m\u0113slo\u0161ana un ra\u017eas nov\u0101k\u0161ana.<\/p>\n<\/li>\n<li>\n<h3>Kalnr\u016bpniec\u012bba<\/h3>\n<p>Kalnr\u016bpniec\u012bbas iek\u0101rt\u0101s rokas cilindrs tiek izmantots, lai kontrol\u0113tu kalnr\u016bpniec\u012bbas ma\u0161\u012bnu rokas kust\u012bbu r\u016bdas ieguvei un transport\u0113\u0161anai.<\/p>\n<\/li>\n<li>\n<h3>Lo\u0123istika un transports<\/h3>\n<p>Iekr\u0101v\u0113jos un apstr\u0101des robotos rokas cilindrs tiek izmantots, lai kontrol\u0113tu dak\u0161u pacel\u0161anu un kust\u012bbu, \u013caujot veikt materi\u0101lu apstr\u0101di un sakrau\u0161anu.<\/p>\n<\/li>\n<\/ul>\n<h2>Dizaina apsv\u0113rumi un atlases krit\u0113riji<\/h2>\n<ul>\n<li>\n<h3>Kravnes\u012bba<\/h3>\n<p>Sviras cilindram j\u0101b\u016bt konstru\u0113tam t\u0101, lai tas iztur\u0113tu konkr\u0113t\u0101s slodzes pras\u012bbas ma\u0161\u012bn\u0101m, kur\u0101s tas tiks izmantots.<\/p>\n<\/li>\n<li>\n<h3>Bl\u012bv\u0113\u0161ana<\/h3>\n<p>Lai nodro\u0161in\u0101tu efekt\u012bvu bl\u012bv\u0113\u0161anu, j\u0101izmanto da\u017e\u0101di bl\u012bv\u0113jumi, piem\u0113ram, virzu\u013ca bl\u012bv\u0113jumi un stie\u0146a bl\u012bv\u0113jumi. \u0160iem bl\u012bv\u0113jumiem j\u0101b\u016bt izgatavotiem no nodilumiztur\u012bgiem materi\u0101liem, piem\u0113ram, poliuret\u0101na un nitrila gumijas.<\/p>\n<\/li>\n<li>\n<h3>Iztur\u012bba<\/h3>\n<p>Cilindra korpuss un v\u012bt\u0146otie gali ir r\u016bp\u012bgi j\u0101apstr\u0101d\u0101, lai uzlabotu nodilumiztur\u012bbu. Lai nodro\u0161in\u0101tu vienm\u0113r\u012bgu darb\u012bbu, tie regul\u0101ri j\u0101iee\u013c\u013co ar hidraulisko e\u013c\u013cu.<\/p>\n<\/li>\n<\/ul>\n<h2><img decoding=\"async\" src=\"https:\/\/www.hydraulic-cylinders.net\/wp-content\/uploads\/2025\/01\/songte-cylinder-head-with-all-kinds-excavator-models.webp\" alt=\"Sviras cilindra att\u0113ls\"><\/h2>\n<h2>Regul\u0101ra p\u0101rbaude un profilaktisk\u0101 apkope<\/h2>\n<ul>\n<li>\n<p>Regul\u0101ri p\u0101rbaudiet sviras cilindru, vai nav nodiluma, nopl\u016b\u017eu vai boj\u0101jumu paz\u012bmju.<\/p>\n<\/li>\n<li>\n<p>Nodro\u0161iniet visu kust\u012bgo da\u013cu un bl\u012bv\u0113jumu pien\u0101c\u012bgu e\u013c\u013co\u0161anu.<\/p>\n<\/li>\n<li>\n<p>Nekav\u0113joties nomainiet nolietotas vai boj\u0101tas bl\u012bves un deta\u013cas.<\/p>\n<\/li>\n<li>\n<p>Iev\u0113rojiet ra\u017eot\u0101ja ieteiktos apkopes grafikus.<\/p>\n<\/li>\n<li>\n<p>Turiet sviras cilindru t\u012bru un bez gru\u017eiem.<\/p>\n<\/li>\n<\/ul>\n<h2>Instal\u0101cijas rokasgr\u0101mata<\/h2>\n<p>1. Uzman\u012bgi novietojiet sviras cilindru paredz\u0113taj\u0101 mont\u0101\u017eas viet\u0101.<\/p>\n<p>2. Dro\u0161i nostipriniet cilindru, izmantojot atbilsto\u0161as \u200b\u200bskr\u016bves un stiprin\u0101jumus.<\/p>\n<p>3. Pievienojiet hidraulisk\u0101s \u0161\u013c\u016btenes saska\u0146\u0101 ar sniegtaj\u0101m instrukcij\u0101m.<\/p>\n<p>4. P\u0101rliecinieties, vai visi savienojumi ir cie\u0161i un bez nopl\u016bd\u0113m.<\/p>\n<p>5. Pirms piln\u012bgas rokas cilindra lieto\u0161anas p\u0101rbaudiet t\u0101 pareizu darb\u012bbu.<\/p>\n<h2><img decoding=\"async\" src=\"https:\/\/www.hydraulic-cylinders.net\/wp-content\/uploads\/2025\/01\/songte-bushings-with-all-kinds-of-excavator-models.webp\" alt=\"Sviras cilindra att\u0113ls\"><\/h2>\n<h2>Dro\u0161\u012bbas apsv\u0113rumi un vides faktori<\/h2>\n<p>Str\u0101d\u0101jot ar sviras cilindru, ir svar\u012bgi priorit\u0101ri piev\u0113rsties dro\u0161\u012bbas pas\u0101kumiem, lai nov\u0113rstu negad\u012bjumus vai traumas. Operatoriem j\u0101nodro\u0161ina atbilsto\u0161a apm\u0101c\u012bba, un vienm\u0113r j\u0101iev\u0113ro dro\u0161\u012bbas vadl\u012bnijas. Turkl\u0101t ir svar\u012bgi \u0146emt v\u0113r\u0101 vides faktorus un iev\u0113rot noteikumus par hidraulisko \u0161\u0137idrumu un citu ar sviras cilindru saist\u012btu b\u012bstamu materi\u0101lu utiliz\u0101ciju un apie\u0161anos.<\/p>\n<h2>Probl\u0113mu nov\u0113r\u0161ana un bie\u017ei sastopamas probl\u0113mas<\/h2>\n<p>1. Probl\u0113ma: Nopl\u016bde no cilindra.<br \/>\nIesp\u0113jamais risin\u0101jums: p\u0101rbaudiet un nomainiet boj\u0101t\u0101s bl\u012bves vai pievelciet savienojumus.<\/p>\n<p>2. Probl\u0113ma: Nepietiekama jauda vai sp\u0113ks.<br \/>\nIesp\u0113jamais risin\u0101jums: P\u0101rbaudiet, vai hidrauliskaj\u0101 sist\u0113m\u0101 nav aizsprostojumu vai ierobe\u017eojumu. Nodro\u0161iniet atbilsto\u0161u hidraulisk\u0101 \u0161\u0137idruma l\u012bmeni un spiedienu.<\/p>\n<p>3. Probl\u0113ma: Neparasts troksnis darb\u012bbas laik\u0101.<br \/>\nIesp\u0113jamais risin\u0101jums: p\u0101rbaudiet, vai nav va\u013c\u012bgu vai nolietotu deta\u013cu, un nomainiet t\u0101s, ja nepiecie\u0161ams.<\/p>\n<p>4. Probl\u0113ma: neregul\u0101ras vai saraust\u012btas kust\u012bbas.<br \/>\nIesp\u0113jamais risin\u0101jums: P\u0101rbaudiet, vai sviras cilindra ce\u013c\u0101 nav \u0161\u0137\u0113r\u0161\u013cu vai nepareizas izl\u012bdzin\u0101\u0161anas. Iee\u013c\u013cojiet kust\u012bg\u0101s da\u013cas un bl\u012bves.<\/p>\n<p>5. Probl\u0113ma: l\u0113na vai nerea\u0123\u0113jo\u0161a kust\u012bba.<br \/>\nIesp\u0113jamais risin\u0101jums: P\u0101rbaudiet, vai ir pareizs hidraulisk\u0101 \u0161\u0137idruma l\u012bmenis un spiediens. P\u0101rbaudiet un not\u012briet hidraulisk\u0101s sist\u0113mas filtrus.<\/p>\n<h2><img decoding=\"async\" src=\"https:\/\/www.hydraulic-cylinders.net\/wp-content\/uploads\/2025\/01\/songte-chushion-collar.webp\" alt=\"Sviras cilindra att\u0113ls\"><\/h2>\n<h2>Par mums<\/h2>\n<p>M\u016bsu uz\u0146\u0113mums ir profesion\u0101ls rezerves hidraulisko cilindru ra\u017eot\u0101js. Ar pla\u0161u produktu kl\u0101stu esam k\u013cuvu\u0161i par vado\u0161o ra\u017eot\u0101ju un vairumtirgot\u0101ju viet\u0113j\u0101 un starptautiskaj\u0101 tirg\u016b. M\u0113s past\u0101v\u012bgi iev\u0113rojam izcilas kvalit\u0101tes principu un nep\u0101rtraukti uzlabojam savu tehnisko kompetenci un ra\u017eo\u0161anas efektivit\u0101ti. Iek\u013caujot augst\u0101k\u0101s klases digit\u0101l\u0101s ra\u017eo\u0161anas iek\u0101rtas un profesion\u0101las test\u0113\u0161anas sist\u0113mas, m\u0113s optimiz\u0113jam savu ra\u017eo\u0161anas platformu un uzlabojam produktu kvalit\u0101tes kontroles procesus, nodro\u0161inot sp\u0113c\u012bgas inov\u0101ciju iesp\u0113jas. M\u016bsu m\u0113r\u0137is ir apmierin\u0101t klientu da\u017e\u0101d\u0101s vajadz\u012bbas, iev\u0113rojot efektivit\u0101tes, precizit\u0101tes un augstas kvalit\u0101tes principus.<\/p>\n<h2><img decoding=\"async\" src=\"https:\/\/www.hydraulic-cylinders.net\/wp-content\/uploads\/2025\/01\/songte-company-4.webp\" alt=\"Uz\u0146\u0113muma t\u0113ls\"><\/h2>\n<h2><img decoding=\"async\" src=\"https:\/\/www.hydraulic-cylinders.net\/wp-content\/uploads\/2025\/01\/songte-company-3.webp\" alt=\"Uz\u0146\u0113muma t\u0113ls\"><\/h2>\n<h3>M\u016bsu uz\u0146\u0113muma svar\u012bg\u0101kie elementi:<\/h3>\n<ul>\n<li>Profesionalit\u0101te un kompetence<\/li>\n<li>Starptautisk\u0101s sertifik\u0101cijas<\/li>\n<li>Piel\u0101go\u0161anas pakalpojumi<\/li>\n<li>Uzlabots ra\u017eo\u0161anas apr\u012bkojums<\/li>\n<li>Uzticams p\u0113cp\u0101rdo\u0161anas serviss<\/li>\n<\/ul>\n<p>Autors: lil<\/p>\n<p><\/body><br \/>\n<\/html><\/p>","protected":false},"excerpt":{"rendered":"<p>Arm Cylinder For Pengpu SW240E Arm Cylinder For Pengpu SW240E Introduction The Arm Cylinder For Pengpu SW240E is a specialized hydraulic cylinder designed to provide linear motion and power to the arm of various machinery, such as excavators, cranes, and robotic arms. The arm cylinder plays a crucial role in hydraulic systems, allowing for effective [&hellip;]<\/p>","protected":false},"featured_media":14766,"comment_status":"open","ping_status":"closed","template":"","meta":{"_et_pb_use_builder":"","_et_pb_old_content":"","_et_gb_content_width":""},"product_brand":[],"product_cat":[1497],"product_tag":[1498,1496],"class_list":{"0":"post-16744","1":"product","2":"type-product","3":"status-publish","4":"has-post-thumbnail","6":"product_cat-arm-cylinders","7":"product_tag-arm-cylinders","8":"product_tag-hydraulic-cylinders","10":"first","11":"instock","12":"shipping-taxable","13":"product-type-simple"},"amp_enabled":true,"_links":{"self":[{"href":"https:\/\/www.hydraulic-cylinders.net\/lv\/wp-json\/wp\/v2\/product\/16744","targetHints":{"allow":["GET"]}}],"collection":[{"href":"https:\/\/www.hydraulic-cylinders.net\/lv\/wp-json\/wp\/v2\/product"}],"about":[{"href":"https:\/\/www.hydraulic-cylinders.net\/lv\/wp-json\/wp\/v2\/types\/product"}],"replies":[{"embeddable":true,"href":"https:\/\/www.hydraulic-cylinders.net\/lv\/wp-json\/wp\/v2\/comments?post=16744"}],"wp:featuredmedia":[{"embeddable":true,"href":"https:\/\/www.hydraulic-cylinders.net\/lv\/wp-json\/wp\/v2\/media\/14766"}],"wp:attachment":[{"href":"https:\/\/www.hydraulic-cylinders.net\/lv\/wp-json\/wp\/v2\/media?parent=16744"}],"wp:term":[{"taxonomy":"product_brand","embeddable":true,"href":"https:\/\/www.hydraulic-cylinders.net\/lv\/wp-json\/wp\/v2\/product_brand?post=16744"},{"taxonomy":"product_cat","embeddable":true,"href":"https:\/\/www.hydraulic-cylinders.net\/lv\/wp-json\/wp\/v2\/product_cat?post=16744"},{"taxonomy":"product_tag","embeddable":true,"href":"https:\/\/www.hydraulic-cylinders.net\/lv\/wp-json\/wp\/v2\/product_tag?post=16744"}],"curies":[{"name":"wp","href":"https:\/\/api.w.org\/{rel}","templated":true}]}}