{"id":16746,"date":"2025-01-21T05:51:23","date_gmt":"2025-01-21T05:51:23","guid":{"rendered":"https:\/\/www.hydraulic-cylinders.net\/product\/arm-cylinder-for-pengpu-sw330es\/"},"modified":"2025-01-21T05:51:25","modified_gmt":"2025-01-21T05:51:25","slug":"arm-cylinder-for-pengpu-sw330es","status":"publish","type":"product","link":"https:\/\/www.hydraulic-cylinders.net\/lv\/products\/arm-cylinder-for-pengpu-sw330es\/","title":{"rendered":"Pengpu SW330ES rokas cilindrs"},"content":{"rendered":"<h2>Pengpu SW330ES rokas cilindrs<\/h2>\n<h3>Ievads<\/h3>\n<p>Sviras cilindrs ir speci\u0101li izstr\u0101d\u0101ts hidrauliskais cilindrs, ko galvenok\u0101rt izmanto, lai nodro\u0161in\u0101tu line\u0101ru kust\u012bbu un jaudu da\u017e\u0101du veidu ma\u0161\u012bnu svir\u0101m, piem\u0113ram, ekskavatoriem, celt\u0146iem un meh\u0101niskaj\u0101m svir\u0101m. Sviras cilindriem ir iz\u0161\u0137iro\u0161a noz\u012bme hidrauliskaj\u0101s sist\u0113m\u0101s, \u013caujot pielikumiem vai piederumiem efekt\u012bvi p\u0101rvietoties un vad\u012bties. \u0160ie cilindri ne tikai nodro\u0161ina vienm\u0113r\u012bgu kust\u012bbu, bet ar\u012b iztur lielas slodzes, lai nodro\u0161in\u0101tu ma\u0161\u012bnu efekt\u012bvu darb\u012bbu un uzticam\u012bbu da\u017e\u0101dos darba apst\u0101k\u013cos.<\/p>\n<p><img decoding=\"async\" src=\"https:\/\/www.hydraulic-cylinders.net\/wp-content\/uploads\/2025\/01\/songte-company-2.webp\" alt=\"Pengpu SW330ES rokas cilindrs\"><\/p>\n<h3>Funkcijas<\/h3>\n<ul>\n<li><strong>Efekt\u012bva jaudas p\u0101rvade:<\/strong> Roku cilindri nodro\u0161ina jaud\u012bgu line\u0101ru kust\u012bbu un sp\u0113ku, garant\u0113jot meh\u0101nisko roku augstu veiktsp\u0113ju da\u017e\u0101d\u0101s oper\u0101cij\u0101s.<\/li>\n<li><strong>Prec\u012bza kontrole:<\/strong> Izmantojot hidraulisk\u0101s sist\u0113mas, sviru cilindri var pan\u0101kt prec\u012bzu kust\u012bbas vad\u012bbu, padarot pielikumu darb\u012bbu elast\u012bg\u0101ku un prec\u012bz\u0101ku.<\/li>\n<li><strong>Iztur\u012bba:<\/strong> Roku cilindri parasti ir izgatavoti no augstas iztur\u012bbas materi\u0101liem ar labu nodilumiztur\u012bbu un iztur\u012bbu pret koroziju, kas ir piem\u0113roti ilgsto\u0161ai lieto\u0161anai skarbos apst\u0101k\u013cos.<\/li>\n<li><strong>Daudzfunkcion\u0101la piel\u0101go\u0161an\u0101s sp\u0113ja:<\/strong> \u0160os cilindrus var pla\u0161i izmantot da\u017e\u0101d\u0101s meh\u0101nisk\u0101s iek\u0101rt\u0101s, piem\u0113ram, ekskavatoros, celt\u0146os un meh\u0101niskaj\u0101s svir\u0101s, lai piel\u0101gotos da\u017e\u0101d\u0101m darba pras\u012bb\u0101m.<\/li>\n<li><strong>Vienk\u0101r\u0161a apkope:<\/strong> Projekt\u0113jot \u0146emta v\u0113r\u0101 vienk\u0101r\u0161a apkope un nomai\u0146a, padarot regul\u0101ru p\u0101rbaudi un apkopi \u0113rt\u0101ku un samazinot iek\u0101rtu d\u012bkst\u0101ves laiku.<\/li>\n<\/ul>\n<p>M\u016bsu produkts var lieliski aizst\u0101t \u0161os hidrauliskos cilindrus.<\/p>\n<p><img decoding=\"async\" src=\"https:\/\/www.hydraulic-cylinders.net\/wp-content\/uploads\/2025\/01\/songte-oil-pipes-and-spare-parts.webp\" alt=\"Pengpu SW330ES rokas cilindrs\"><\/p>\n<h3>Pieteikumi<\/h3>\n<p>Sviras cilindrs tiek pla\u0161i izmantots da\u017e\u0101d\u0101s nozar\u0113s:<\/p>\n<ul>\n<li><strong>B\u016bvniec\u012bbas in\u017eenierija:<\/strong> Ekskavatoros un celt\u0146os sviras cilindrs tiek izmantots, lai kontrol\u0113tu kausa vai str\u0113les kust\u012bbu, veicot zemes darbus, materi\u0101lu apstr\u0101di un konstrukciju uzst\u0101d\u012b\u0161anu.<\/li>\n<li><strong>Ra\u017eo\u0161anas nozare:<\/strong> Automatiz\u0113t\u0101s ra\u017eo\u0161anas l\u012bnij\u0101s sviras cilindrs tiek izmantots meh\u0101nisko sviru p\u0101rvieto\u0161anai, mont\u0101\u017eas, metin\u0101\u0161anas un apstr\u0101des procesu veik\u0161anai, uzlabojot ra\u017eo\u0161anas efektivit\u0101ti un precizit\u0101ti.<\/li>\n<li><strong>Lauksaimniec\u012bbas tehnika:<\/strong> Lauksaimniec\u012bbas ma\u0161\u012bn\u0101s, piem\u0113ram, kombainos un s\u0113jma\u0161\u012bn\u0101s, sviras cilindrs kontrol\u0113 vad\u012bbas sviras kust\u012bbu, veicot t\u0101dus uzdevumus k\u0101 s\u0113\u0161ana, m\u0113slo\u0161ana un ra\u017eas nov\u0101k\u0161ana.<\/li>\n<li><strong>Kalnr\u016bpniec\u012bba:<\/strong> Kalnr\u016bpniec\u012bbas iek\u0101rt\u0101s rokas cilindrs tiek izmantots, lai kontrol\u0113tu kalnr\u016bpniec\u012bbas iek\u0101rtu rokas kust\u012bbu, veicot r\u016bdas ieguvi un transport\u0113\u0161anu.<\/li>\n<li><strong>Lo\u0123istika un transports:<\/strong> Iekr\u0101v\u0113jos un apstr\u0101des robotos rokas cilindrs tiek izmantots, lai kontrol\u0113tu dak\u0161as pacel\u0161anu un kust\u012bbu, realiz\u0113jot materi\u0101lu apstr\u0101di un sakrau\u0161anu.<\/li>\n<\/ul>\n<h3>Dizaina apsv\u0113rumi un atlases krit\u0113riji<\/h3>\n<p>No dizaina viedok\u013ca tiek \u0146emti v\u0113r\u0101 \u0161\u0101di faktori:<\/p>\n<ul>\n<li><strong>Kravnes\u012bba:<\/strong> Sviru cilindri j\u0101izv\u0113las atbilsto\u0161i iek\u0101rtas kravnes\u012bbai.<\/li>\n<li><strong>Bl\u012bv\u0113jums:<\/strong> J\u0101izmanto da\u017e\u0101di bl\u012bv\u0113\u0161anas komponenti, piem\u0113ram, virzu\u013ca bl\u012bvsl\u0113gi \u200b\u200bun stie\u0146u bl\u012bvsl\u0113gi, un bl\u012bv\u0113\u0161anas komponentiem j\u0101b\u016bt izgatavotiem no nodilumiztur\u012bgiem materi\u0101liem, piem\u0113ram, poliuret\u0101na un nitrila gumijas.<\/li>\n<li><strong>Iztur\u012bba:<\/strong> Sviru cilindri parasti ir izgatavoti no augstas stipr\u012bbas materi\u0101liem, un cilindra korpusa un v\u012btnes gala virsma ir j\u0101apstr\u0101d\u0101 smalki, lai uzlabotu nodilumiztur\u012bbu.<\/li>\n<li><strong>Dro\u0161\u012bba:<\/strong> Izv\u0113loties un uzst\u0101dot sviras cilindrus, j\u0101\u0146em v\u0113r\u0101 dro\u0161\u012bbas apsv\u0113rumi, lai izvair\u012btos no apr\u012bkojuma boj\u0101jumiem un miesas boj\u0101jumiem.<\/li>\n<li><strong>Apkope:<\/strong> Regul\u0101ri j\u0101veic apkope un p\u0101rbaudes, un regul\u0101ri j\u0101pievieno hidraulisk\u0101 e\u013c\u013ca, lai e\u013c\u013cotu cilindru.<\/li>\n<\/ul>\n<p><img decoding=\"async\" src=\"https:\/\/www.hydraulic-cylinders.net\/wp-content\/uploads\/2025\/01\/songte-cylinder-head-with-all-kinds-excavator-models.webp\" alt=\"Pengpu SW330ES rokas cilindrs\"><\/p>\n<h3>Bl\u012bv\u0113\u0161ana un e\u013c\u013co\u0161ana<\/h3>\n<p>J\u0101izmanto da\u017e\u0101di bl\u012bv\u0113\u0161anas komponenti, piem\u0113ram, virzu\u013ca bl\u012bvsl\u0113gi \u200b\u200bun stie\u0146a bl\u012bvsl\u0113gi, un bl\u012bv\u0113\u0161anas komponentiem j\u0101b\u016bt izgatavotiem no nodilumiztur\u012bgiem materi\u0101liem, piem\u0113ram, poliuret\u0101na un nitrila gumijas. Cilindra korpuss un v\u012btnes gala virsma ir r\u016bp\u012bgi j\u0101apstr\u0101d\u0101, lai uzlabotu nodilumiztur\u012bbu. Cilindrs ir regul\u0101ri j\u0101iee\u013c\u013co ar atbilsto\u0161u hidraulisk\u0101s e\u013c\u013cas daudzumu, lai nodro\u0161in\u0101tu vienm\u0113r\u012bgu darb\u012bbu un nov\u0113rstu nodilumu.<\/p>\n<h3>Regul\u0101ra p\u0101rbaude un profilaktisk\u0101 apkope<\/h3>\n<ul>\n<li>Regul\u0101ri p\u0101rbaudiet cilindru un p\u0101rbaudiet, vai nav nodiluma vai boj\u0101jumu deta\u013c\u0101s.<\/li>\n<li>Regularly check the hydraulic oil level and replace the oil in accordance with the manufacturer&#8217;s recommendations.<\/li>\n<li>Regul\u0101ri p\u0101rbaudiet stiprin\u0101jumus un, ja nepiecie\u0161ams, pievelciet tos.<\/li>\n<li>Lai nov\u0113rstu apr\u012bkojuma boj\u0101jumus, izvairieties no cilindra p\u0101rslodzes.<\/li>\n<\/ul>\n<p><img decoding=\"async\" src=\"https:\/\/www.hydraulic-cylinders.net\/wp-content\/uploads\/2025\/01\/songte-chushion-collar.webp\" alt=\"Pengpu SW330ES rokas cilindrs\"><\/p>\n<h3>Instal\u0101cijas rokasgr\u0101mata<\/h3>\n<ul>\n<li>Uzst\u0101diet sviras cilindru saska\u0146\u0101 ar ra\u017eot\u0101ja nor\u0101d\u012bjumiem.<\/li>\n<li>P\u0101rliecinieties, ka cilindrs ir cie\u0161i nostiprin\u0101ts un bez \u0101r\u0113jiem boj\u0101jumiem.<\/li>\n<li>Connect the hydraulic pipeline in accordance with the manufacturer&#8217;s recommendations.<\/li>\n<li>Pirms ekspluat\u0101cijas p\u0101rbaudiet uzst\u0101d\u012b\u0161anu, lai nodro\u0161in\u0101tu t\u0101s stabilit\u0101ti un dro\u0161\u012bbu.<\/li>\n<\/ul>\n<h3>Dro\u0161\u012bbas apsv\u0113rumi un vides faktori<\/h3>\n<p>Dro\u0161\u012bbas pas\u0101kumi ir \u013coti svar\u012bgi sviras cilindra uzst\u0101d\u012b\u0161anas un ekspluat\u0101cijas laik\u0101, lai nov\u0113rstu apr\u012bkojuma boj\u0101jumus un miesas boj\u0101jumus. Lai nodro\u0161in\u0101tu cilindra stabilu darb\u012bbu, j\u0101\u0146em v\u0113r\u0101 ar\u012b t\u0101di vides faktori k\u0101 temperat\u016bra un mitrums.<\/p>\n<h3>K\u013c\u016bmju diagnostika un bie\u017ei sastopam\u0101s probl\u0113mas<\/h3>\n<p>Da\u017eas bie\u017ei sastopamas probl\u0113mas, kas var rasties ar sviras cilindru, ir \u0161\u0101das:<\/p>\n<ul>\n<li>E\u013c\u013cas nopl\u016bde<\/li>\n<li>Cilindra boj\u0101jums<\/li>\n<li>Virzu\u013ca stie\u0146a loc\u012b\u0161ana<\/li>\n<li>L\u0113na kust\u012bba vai nesp\u0113ja kust\u0113ties<\/li>\n<li>Neparasts troksnis vai vibr\u0101cija<\/li>\n<\/ul>\n<p>Lai diagnostic\u0113tu un nov\u0113rstu probl\u0113mas, var izmantot \u0161\u0101dus padomus:<\/p>\n<ul>\n<li>P\u0101rbaudiet, vai nav e\u013c\u013cas nopl\u016bdes, un salabojiet boj\u0101to bl\u012bvi vai bl\u012bvi.<\/li>\n<li>P\u0101rbaudiet, vai cilindr\u0101 nav boj\u0101jumu, un nomainiet to, ja nepiecie\u0161ams.<\/li>\n<li>P\u0101rbaudiet, vai virzu\u013ca stienis nav saliekts, un, ja nepiecie\u0161ams, nomainiet to.<\/li>\n<li>P\u0101rbaudiet, vai nav probl\u0113mu ar hidraulisko spiedienu, un salabojiet vai nomainiet attiec\u012bg\u0101s sast\u0101vda\u013cas.<\/li>\n<li>P\u0101rbaudiet, vai nav neparasta trok\u0161\u0146a vai vibr\u0101cijas, un p\u0101rbaudiet, vai cilindram nav darb\u012bbas trauc\u0113jumu.<\/li>\n<\/ul>\n<p>Prevent\u012bvie pas\u0101kumi, piem\u0113ram, regul\u0101ra apkope un p\u0101rbaudes, var pal\u012bdz\u0113t samazin\u0101t iesp\u0113jam\u0101s probl\u0113mas.<\/p>\n<p><img decoding=\"async\" src=\"https:\/\/www.hydraulic-cylinders.net\/wp-content\/uploads\/2025\/01\/songte-bushings-with-all-kinds-of-excavator-models.webp\" alt=\"Pengpu SW330ES rokas cilindrs\"><\/p>\n<h3>Par mums<\/h3>\n<p>M\u0113s esam profesion\u0101ls alternat\u012bvo hidraulisko cilindru ra\u017eot\u0101js ar pla\u0161u produktu kl\u0101stu un esam k\u013cuvu\u0161i par vienu no vado\u0161ajiem hidraulisko cilindru ra\u017eot\u0101jiem un vairumtirdzniec\u012bbas izplat\u012bt\u0101jiem viet\u0113j\u0101 un starptautiskaj\u0101 tirg\u016b. M\u0113s vienm\u0113r iev\u0113rojam izcilas kvalit\u0101tes principu un nep\u0101rtraukti uzlabojam savu tehnolo\u0123isko l\u012bmeni un ra\u017eo\u0161anas efektivit\u0101ti, pa\u013caujoties uz sare\u017e\u0123\u012btu ra\u017eo\u0161anas darbn\u012bcu r\u016bpniecisk\u0101s ra\u017eo\u0161anas vad\u012bbas strat\u0113\u0123iju. Ievie\u0161ot augstas klases digit\u0101l\u0101s ra\u017eo\u0161anas iek\u0101rtas un profesion\u0101las test\u0113\u0161anas sist\u0113mas, m\u0113s optimiz\u0113jam ra\u017eo\u0161anas platformu, uzlabojam produktu kvalit\u0101tes kontroles procesu un mums ir sp\u0113c\u012bgas inov\u0101ciju sp\u0113jas. M\u016bsu m\u0113r\u0137is ir apmierin\u0101t m\u016bsu klientu da\u017e\u0101d\u0101s vajadz\u012bbas, iev\u0113rojot augstas efektivit\u0101tes, precizit\u0101tes un augstas kvalit\u0101tes principus.<\/p>\n<p>M\u016bsu uz\u0146\u0113mumam ir pieredze starptautisk\u0101 sertifik\u0101cij\u0101, piel\u0101gotos pakalpojumos, ra\u017eo\u0161anas iek\u0101rt\u0101s un p\u0113cp\u0101rdo\u0161anas pakalpojumos.<\/p>\n<p><img decoding=\"async\" src=\"https:\/\/www.hydraulic-cylinders.net\/wp-content\/uploads\/2025\/01\/songte-company-4.webp\" alt=\"Pengpu SW330ES rokas cilindrs\"><br \/>\n<img decoding=\"async\" src=\"https:\/\/www.hydraulic-cylinders.net\/wp-content\/uploads\/2025\/01\/songte-company-3.webp\" alt=\"Pengpu SW330ES rokas cilindrs\"><\/p>\n<p>Autors: lil<\/p>","protected":false},"excerpt":{"rendered":"<p>Arm Cylinder For Pengpu SW330ES Introduction The arm cylinder is a specially designed hydraulic cylinder primarily used to provide linear motion and power for various types of machinery arms, such as excavators, cranes, and mechanical arms. Arm cylinders play a critical role in hydraulic systems, allowing attachments or accessories to move and control effectively. These [&hellip;]<\/p>","protected":false},"featured_media":14759,"comment_status":"open","ping_status":"closed","template":"","meta":{"_et_pb_use_builder":"","_et_pb_old_content":"","_et_gb_content_width":""},"product_brand":[],"product_cat":[1497],"product_tag":[1498,1496],"class_list":{"0":"post-16746","1":"product","2":"type-product","3":"status-publish","4":"has-post-thumbnail","6":"product_cat-arm-cylinders","7":"product_tag-arm-cylinders","8":"product_tag-hydraulic-cylinders","10":"first","11":"instock","12":"shipping-taxable","13":"product-type-simple"},"amp_enabled":true,"_links":{"self":[{"href":"https:\/\/www.hydraulic-cylinders.net\/lv\/wp-json\/wp\/v2\/product\/16746","targetHints":{"allow":["GET"]}}],"collection":[{"href":"https:\/\/www.hydraulic-cylinders.net\/lv\/wp-json\/wp\/v2\/product"}],"about":[{"href":"https:\/\/www.hydraulic-cylinders.net\/lv\/wp-json\/wp\/v2\/types\/product"}],"replies":[{"embeddable":true,"href":"https:\/\/www.hydraulic-cylinders.net\/lv\/wp-json\/wp\/v2\/comments?post=16746"}],"wp:featuredmedia":[{"embeddable":true,"href":"https:\/\/www.hydraulic-cylinders.net\/lv\/wp-json\/wp\/v2\/media\/14759"}],"wp:attachment":[{"href":"https:\/\/www.hydraulic-cylinders.net\/lv\/wp-json\/wp\/v2\/media?parent=16746"}],"wp:term":[{"taxonomy":"product_brand","embeddable":true,"href":"https:\/\/www.hydraulic-cylinders.net\/lv\/wp-json\/wp\/v2\/product_brand?post=16746"},{"taxonomy":"product_cat","embeddable":true,"href":"https:\/\/www.hydraulic-cylinders.net\/lv\/wp-json\/wp\/v2\/product_cat?post=16746"},{"taxonomy":"product_tag","embeddable":true,"href":"https:\/\/www.hydraulic-cylinders.net\/lv\/wp-json\/wp\/v2\/product_tag?post=16746"}],"curies":[{"name":"wp","href":"https:\/\/api.w.org\/{rel}","templated":true}]}}